{"id":3169,"date":"2019-02-28T17:59:51","date_gmt":"2019-02-28T16:59:51","guid":{"rendered":"https:\/\/www.exploring-umbria.com\/perugia-fra-storia-e-tradizione\/"},"modified":"2020-01-30T20:16:07","modified_gmt":"2020-01-30T19:16:07","slug":"entdecke-perugia","status":"publish","type":"page","link":"https:\/\/www.exploring-umbria.com\/de\/entdecke-perugia\/","title":{"rendered":"Entdecke Perugia"},"content":{"rendered":"<p>Perugia ist der Hauptort der Region Umbrien und z\u00e4hlt heute 165.000 Einwohner. Im Vergleich zur Region selbst hat die Stadt eine besonders vorteilharte Lage, denn sie befindet sich in der Mitte Umbriens, unmittelbar unterhalb dem Apennin und vor dem Tibertal, an einer Art Kreuzungspunkt f\u00fcr Menschen und Waren im Zentrum Italiens.<\/p>\n<p><strong>Perugia<\/strong> ist in Italien und in aller Welt als Stadt der Schokolade sowie f\u00fcr das ber\u00fchmte Festival <a href=\"https:\/\/www.umbriajazz.it\/en\/\" target=\"_blank\" rel=\"noopener noreferrer\"><strong>Umbria Jazz<\/strong><\/a> bekannt. Au\u00dferdem befindet sich hier eine sehr bekannte und gesch\u00e4tzte Universit\u00e4t, die j\u00e4hrlich \u00fcber 25.000 Studenten anzieht.<\/p>\n<p>Die Stadt erstreckt sich \u00fcber einen H\u00fcgel auf einer Seeh\u00f6he von 493 m zwischen dem Tibertal und dem Tal Valle Umbra und scheint \u00fcber die beiden T\u00e4ler zu herrschen.<\/p>\n<p>Egal, von welcher Himmelsrichtung aus Sie Perugia erreichen, Sie werden sofort erkennen, dass es sich sch\u00f6n \u00fcber den H\u00fcgel erstreckt ohne die Umgebung zu stark zu beeinflussen, aber mit dem Bewusstsein und dem Stolz, der seit jeher hier zu finden sind.<\/p>\n<p>\u201eSeit jeher\u201c wird h\u00e4ufig falsch verwendet und in Zusammenhang mit einer Stadt ist die eigentliche Bedeutung \u201eschon seit immer\u201c. Mit Sicherheit ist die \u00dcberheblichkeit nicht gro\u00df, aber die Urspr\u00fcgne der Stadt reichen bis in sehr weit entfernte Epochen, eigentlich bis zu einigen der ersten V\u00f6lker, die die italienische Halbinsel bewohnt haben, zur\u00fcck.<\/p>\n<p><strong>Etrusker und Umbrier<\/strong> haben die Urspr\u00fcnge der Stadt gleicherma\u00dfen gekennzeichnet und das urbane Erscheinungsbild wie auch die damalige wirtschaftliche Lage gepr\u00e4gt und erm\u00f6glichten, dass die Stadt in den Beziehungen zwischen den beiden V\u00f6lkern eine deutliche Rolle gespielt hat.<\/p>\n<p>Im <strong>R\u00f6mischen Zeitalter<\/strong> hat Perugia gl\u00e4nzende Zeiten abwechselnd mit Zeitabschnitten voller Elend erlebt, die insbesondere auf die Rolle, die die Stadt in verschiedenen regionalen Streitigkeiten selbst innerhalb des R\u00f6mischen Reichs gespielt hat, zur\u00fcckzuf\u00fchren waren. W\u00e4hrend der Schlacht zwischen <em>Marc Anton<\/em> und <em>Augustus<\/em> wurde Perugia beispielsweise zerst\u00f6rt, aber gleich danach wieder vollst\u00e4ndig aufgebaut und von <em>Augustus<\/em> selbst saniert.<\/p>\n<p>Ein Wechsel aus unterschiedlichen Herrschaften und Reichen hinterlie\u00df verschiedene Zeichen in der Stadt, bis letztere endg\u00fcltig dem Kirchenstaat zufiel. Doch auch diese Herrschaft zeichnete sich durch wenig Stabilit\u00e4t aus, vor allem aufgrund der P\u00e4pste, die ihre Anwesenheit und ihre Macht nur teilweise nutzten, wie auch aufgrund der verschiedenen Familien, die miteinander verfeinet waren, oder auch aufgrund der Bedrohung durch Gutsherren und Eroberer aus angrenzenden Reichen, die kontinuierlich in die Stadt einfielen, um sie in ihre L\u00e4ndereien zu integrieren. Eine st\u00fcrmische Geschichte, bei der Peruga der Hauptort von Zerst\u00f6rungen, aber auch von meisterhaftem Wiederaufbau war. All das hat bis heute sichtbare Zeichen hinterlassen und machte die Stadt zu einer der sch\u00f6nsten St\u00e4dte Italiens. <a href=\"https:\/\/www.exploring-umbria.com\/de\/aktivitaten\/guided-tour-of-perugia\/\" target=\"_blank\" rel=\"noopener noreferrer\">Mit ihren <strong>Palazzi aus der Renaissance<\/strong><\/a> und den zahlreichen Zeugnissen der Etrusker und R\u00f6mer bleibt Ihnen Perugia mit Sicherheit in Erinnerung.<\/p>\n","protected":false},"excerpt":{"rendered":"<p>Perugia ist der Hauptort der Region Umbrien und z\u00e4hlt heute 165.000 Einwohner. Im Vergleich zur Region selbst hat die Stadt eine besonders vorteilharte Lage, denn sie befindet sich in der Mitte Umbriens, unmittelbar unterhalb dem Apennin und vor dem Tibertal, an einer Art Kreuzungspunkt f\u00fcr Menschen und Waren im Zentrum Italiens. Perugia ist in Italien [&hellip;]<\/p>\n","protected":false},"author":3,"featured_media":13744,"parent":0,"menu_order":0,"comment_status":"closed","ping_status":"closed","template":"","meta":{"om_disable_all_campaigns":false,"_monsterinsights_skip_tracking":false,"_monsterinsights_sitenote_active":false,"_monsterinsights_sitenote_note":"","_monsterinsights_sitenote_category":0},"acf":[],"yoast_head":"<!-- This site is optimized with the Yoast SEO plugin v18.4.1 - https:\/\/yoast.com\/wordpress\/plugins\/seo\/ -->\n<title>Entdecke Perugia - Exploring Umbria<\/title>\n<meta name=\"description\" content=\"Perugia ist der Hauptort der Region Umbrien und z\u00e4hlt heute 165.000 Einwohner. Im Vergleich zur Region selbst hat die Stadt eine besonders vorteilharte\" \/>\n<meta name=\"robots\" content=\"index, follow, max-snippet:-1, max-image-preview:large, max-video-preview:-1\" \/>\n<link rel=\"canonical\" href=\"https:\/\/www.exploring-umbria.com\/de\/entdecke-perugia\/\" \/>\n<meta property=\"og:locale\" content=\"de_DE\" \/>\n<meta property=\"og:type\" content=\"article\" \/>\n<meta property=\"og:title\" content=\"Entdecke Perugia - Exploring Umbria\" \/>\n<meta property=\"og:description\" content=\"Perugia ist der Hauptort der Region Umbrien und z\u00e4hlt heute 165.000 Einwohner. Im Vergleich zur Region selbst hat die Stadt eine besonders vorteilharte\" \/>\n<meta property=\"og:url\" content=\"https:\/\/www.exploring-umbria.com\/de\/entdecke-perugia\/\" \/>\n<meta property=\"og:site_name\" content=\"Exploring Umbria\" \/>\n<meta property=\"article:publisher\" content=\"https:\/\/www.facebook.com\/exploringumbria\/\" \/>\n<meta property=\"article:modified_time\" content=\"2020-01-30T19:16:07+00:00\" \/>\n<meta property=\"og:image\" content=\"https:\/\/www.exploring-umbria.com\/wp-content\/uploads\/2019\/06\/arco-etrusco-234.jpg\" \/>\n\t<meta property=\"og:image:width\" content=\"640\" \/>\n\t<meta property=\"og:image:height\" content=\"960\" \/>\n\t<meta property=\"og:image:type\" content=\"image\/jpeg\" \/>\n<meta name=\"twitter:card\" content=\"summary_large_image\" \/>\n<meta name=\"twitter:label1\" content=\"Gesch\u00e4tzte Lesezeit\" \/>\n\t<meta name=\"twitter:data1\" content=\"2\u00a0Minuten\" \/>\n<script type=\"application\/ld+json\" class=\"yoast-schema-graph\">{\"@context\":\"https:\/\/schema.org\",\"@graph\":[{\"@type\":\"Organization\",\"@id\":\"https:\/\/www.exploring-umbria.com\/de\/#organization\",\"name\":\"Exploring Umbria\",\"url\":\"https:\/\/www.exploring-umbria.com\/de\/\",\"sameAs\":[\"https:\/\/www.facebook.com\/exploringumbria\/\",\"https:\/\/www.instagram.com\/exploringumbria\/\"],\"logo\":{\"@type\":\"ImageObject\",\"@id\":\"https:\/\/www.exploring-umbria.com\/de\/#logo\",\"inLanguage\":\"de\",\"url\":\"https:\/\/www.exploring-umbria.com\/wp-content\/uploads\/2019\/08\/solo-logo-verde.jpg\",\"contentUrl\":\"https:\/\/www.exploring-umbria.com\/wp-content\/uploads\/2019\/08\/solo-logo-verde.jpg\",\"width\":952,\"height\":532,\"caption\":\"Exploring Umbria\"},\"image\":{\"@id\":\"https:\/\/www.exploring-umbria.com\/de\/#logo\"}},{\"@type\":\"WebSite\",\"@id\":\"https:\/\/www.exploring-umbria.com\/de\/#website\",\"url\":\"https:\/\/www.exploring-umbria.com\/de\/\",\"name\":\"Exploring Umbria\",\"description\":\"your dates, your mood, your trip\",\"publisher\":{\"@id\":\"https:\/\/www.exploring-umbria.com\/de\/#organization\"},\"potentialAction\":[{\"@type\":\"SearchAction\",\"target\":{\"@type\":\"EntryPoint\",\"urlTemplate\":\"https:\/\/www.exploring-umbria.com\/de\/?s={search_term_string}\"},\"query-input\":\"required name=search_term_string\"}],\"inLanguage\":\"de\"},{\"@type\":\"ImageObject\",\"@id\":\"https:\/\/www.exploring-umbria.com\/de\/entdecke-perugia\/#primaryimage\",\"inLanguage\":\"de\",\"url\":\"https:\/\/www.exploring-umbria.com\/wp-content\/uploads\/2019\/06\/arco-etrusco-234.jpg\",\"contentUrl\":\"https:\/\/www.exploring-umbria.com\/wp-content\/uploads\/2019\/06\/arco-etrusco-234.jpg\",\"width\":640,\"height\":960,\"caption\":\"scopri perugia\"},{\"@type\":\"WebPage\",\"@id\":\"https:\/\/www.exploring-umbria.com\/de\/entdecke-perugia\/#webpage\",\"url\":\"https:\/\/www.exploring-umbria.com\/de\/entdecke-perugia\/\",\"name\":\"Entdecke Perugia - Exploring Umbria\",\"isPartOf\":{\"@id\":\"https:\/\/www.exploring-umbria.com\/de\/#website\"},\"primaryImageOfPage\":{\"@id\":\"https:\/\/www.exploring-umbria.com\/de\/entdecke-perugia\/#primaryimage\"},\"datePublished\":\"2019-02-28T16:59:51+00:00\",\"dateModified\":\"2020-01-30T19:16:07+00:00\",\"description\":\"Perugia ist der Hauptort der Region Umbrien und z\u00e4hlt heute 165.000 Einwohner. Im Vergleich zur Region selbst hat die Stadt eine besonders vorteilharte\",\"breadcrumb\":{\"@id\":\"https:\/\/www.exploring-umbria.com\/de\/entdecke-perugia\/#breadcrumb\"},\"inLanguage\":\"de\",\"potentialAction\":[{\"@type\":\"ReadAction\",\"target\":[\"https:\/\/www.exploring-umbria.com\/de\/entdecke-perugia\/\"]}]},{\"@type\":\"BreadcrumbList\",\"@id\":\"https:\/\/www.exploring-umbria.com\/de\/entdecke-perugia\/#breadcrumb\",\"itemListElement\":[{\"@type\":\"ListItem\",\"position\":1,\"name\":\"Home\",\"item\":\"https:\/\/www.exploring-umbria.com\/de\/\"},{\"@type\":\"ListItem\",\"position\":2,\"name\":\"Entdecke Perugia\"}]}]}<\/script>\n<!-- \/ Yoast SEO plugin. -->","yoast_head_json":{"title":"Entdecke Perugia - Exploring Umbria","description":"Perugia ist der Hauptort der Region Umbrien und z\u00e4hlt heute 165.000 Einwohner. Im Vergleich zur Region selbst hat die Stadt eine besonders vorteilharte","robots":{"index":"index","follow":"follow","max-snippet":"max-snippet:-1","max-image-preview":"max-image-preview:large","max-video-preview":"max-video-preview:-1"},"canonical":"https:\/\/www.exploring-umbria.com\/de\/entdecke-perugia\/","og_locale":"de_DE","og_type":"article","og_title":"Entdecke Perugia - Exploring Umbria","og_description":"Perugia ist der Hauptort der Region Umbrien und z\u00e4hlt heute 165.000 Einwohner. Im Vergleich zur Region selbst hat die Stadt eine besonders vorteilharte","og_url":"https:\/\/www.exploring-umbria.com\/de\/entdecke-perugia\/","og_site_name":"Exploring Umbria","article_publisher":"https:\/\/www.facebook.com\/exploringumbria\/","article_modified_time":"2020-01-30T19:16:07+00:00","og_image":[{"width":640,"height":960,"url":"https:\/\/www.exploring-umbria.com\/wp-content\/uploads\/2019\/06\/arco-etrusco-234.jpg","type":"image\/jpeg"}],"twitter_card":"summary_large_image","twitter_misc":{"Gesch\u00e4tzte Lesezeit":"2\u00a0Minuten"},"schema":{"@context":"https:\/\/schema.org","@graph":[{"@type":"Organization","@id":"https:\/\/www.exploring-umbria.com\/de\/#organization","name":"Exploring Umbria","url":"https:\/\/www.exploring-umbria.com\/de\/","sameAs":["https:\/\/www.facebook.com\/exploringumbria\/","https:\/\/www.instagram.com\/exploringumbria\/"],"logo":{"@type":"ImageObject","@id":"https:\/\/www.exploring-umbria.com\/de\/#logo","inLanguage":"de","url":"https:\/\/www.exploring-umbria.com\/wp-content\/uploads\/2019\/08\/solo-logo-verde.jpg","contentUrl":"https:\/\/www.exploring-umbria.com\/wp-content\/uploads\/2019\/08\/solo-logo-verde.jpg","width":952,"height":532,"caption":"Exploring Umbria"},"image":{"@id":"https:\/\/www.exploring-umbria.com\/de\/#logo"}},{"@type":"WebSite","@id":"https:\/\/www.exploring-umbria.com\/de\/#website","url":"https:\/\/www.exploring-umbria.com\/de\/","name":"Exploring Umbria","description":"your dates, your mood, your trip","publisher":{"@id":"https:\/\/www.exploring-umbria.com\/de\/#organization"},"potentialAction":[{"@type":"SearchAction","target":{"@type":"EntryPoint","urlTemplate":"https:\/\/www.exploring-umbria.com\/de\/?s={search_term_string}"},"query-input":"required name=search_term_string"}],"inLanguage":"de"},{"@type":"ImageObject","@id":"https:\/\/www.exploring-umbria.com\/de\/entdecke-perugia\/#primaryimage","inLanguage":"de","url":"https:\/\/www.exploring-umbria.com\/wp-content\/uploads\/2019\/06\/arco-etrusco-234.jpg","contentUrl":"https:\/\/www.exploring-umbria.com\/wp-content\/uploads\/2019\/06\/arco-etrusco-234.jpg","width":640,"height":960,"caption":"scopri perugia"},{"@type":"WebPage","@id":"https:\/\/www.exploring-umbria.com\/de\/entdecke-perugia\/#webpage","url":"https:\/\/www.exploring-umbria.com\/de\/entdecke-perugia\/","name":"Entdecke Perugia - Exploring Umbria","isPartOf":{"@id":"https:\/\/www.exploring-umbria.com\/de\/#website"},"primaryImageOfPage":{"@id":"https:\/\/www.exploring-umbria.com\/de\/entdecke-perugia\/#primaryimage"},"datePublished":"2019-02-28T16:59:51+00:00","dateModified":"2020-01-30T19:16:07+00:00","description":"Perugia ist der Hauptort der Region Umbrien und z\u00e4hlt heute 165.000 Einwohner. Im Vergleich zur Region selbst hat die Stadt eine besonders vorteilharte","breadcrumb":{"@id":"https:\/\/www.exploring-umbria.com\/de\/entdecke-perugia\/#breadcrumb"},"inLanguage":"de","potentialAction":[{"@type":"ReadAction","target":["https:\/\/www.exploring-umbria.com\/de\/entdecke-perugia\/"]}]},{"@type":"BreadcrumbList","@id":"https:\/\/www.exploring-umbria.com\/de\/entdecke-perugia\/#breadcrumb","itemListElement":[{"@type":"ListItem","position":1,"name":"Home","item":"https:\/\/www.exploring-umbria.com\/de\/"},{"@type":"ListItem","position":2,"name":"Entdecke Perugia"}]}]}},"_links":{"self":[{"href":"https:\/\/www.exploring-umbria.com\/de\/wp-json\/wp\/v2\/pages\/3169"}],"collection":[{"href":"https:\/\/www.exploring-umbria.com\/de\/wp-json\/wp\/v2\/pages"}],"about":[{"href":"https:\/\/www.exploring-umbria.com\/de\/wp-json\/wp\/v2\/types\/page"}],"author":[{"embeddable":true,"href":"https:\/\/www.exploring-umbria.com\/de\/wp-json\/wp\/v2\/users\/3"}],"replies":[{"embeddable":true,"href":"https:\/\/www.exploring-umbria.com\/de\/wp-json\/wp\/v2\/comments?post=3169"}],"version-history":[{"count":16,"href":"https:\/\/www.exploring-umbria.com\/de\/wp-json\/wp\/v2\/pages\/3169\/revisions"}],"predecessor-version":[{"id":30358,"href":"https:\/\/www.exploring-umbria.com\/de\/wp-json\/wp\/v2\/pages\/3169\/revisions\/30358"}],"wp:featuredmedia":[{"embeddable":true,"href":"https:\/\/www.exploring-umbria.com\/de\/wp-json\/wp\/v2\/media\/13744"}],"wp:attachment":[{"href":"https:\/\/www.exploring-umbria.com\/de\/wp-json\/wp\/v2\/media?parent=3169"}],"curies":[{"name":"wp","href":"https:\/\/api.w.org\/{rel}","templated":true}]}}