{"id":3164,"date":"2019-02-28T18:01:14","date_gmt":"2019-02-28T17:01:14","guid":{"rendered":"https:\/\/www.exploring-umbria.com\/cosa-vedere-a-perugia\/"},"modified":"2020-01-30T19:56:37","modified_gmt":"2020-01-30T18:56:37","slug":"sehenswuerdigkeiten-in-perugia","status":"publish","type":"page","link":"https:\/\/www.exploring-umbria.com\/de\/entdecke-perugia\/sehenswuerdigkeiten-in-perugia\/","title":{"rendered":"Sehensw\u00fcrdigkeiten in Perugia"},"content":{"rendered":"<p>Sie k\u00f6nnen einfach nur durch das Stadtzentrum von Perugia spazieren, sich in den engen und unregelm\u00e4\u00dfigen Gassen, die das Gewebe des Stra\u00dfennetzes der Stadt darstellen, verirren, und Sie werden sich sofort wohlf\u00fchlen. Gehen Sie zum Beispiel einfach den <strong>Corso Vannucci<\/strong> ausgehend vom Brunnen <strong>Fontana Maggiore<\/strong> auf der Piazza IV Novembre entlang \u00fcber die <strong>Piazza della Repubblica<\/strong>, um die <strong>Piazza Italia<\/strong> zu erreichen und das Panorama \u00fcber das Tal Vallata Umbra aus den G\u00e4rten <strong>Giardini Carducci<\/strong> zu genie\u00dfen.<\/p>\n<p>Das Labyrinth aus verschiedenen Wegen, die vom Corso Vannucci ausgehen, erinnert an das originale Stra\u00dfennetz der Etrusker und entwickelt sich zu einer wunderbaren Kombination aus kleinen Str\u00e4\u00dfchen, Engstellen zwischen alten Palazzi, atemberaubenden B\u00f6gen und lebendigen Pastellfarben, die so erscheinen, als w\u00fcrde sie die Sonne st\u00e4ndig ver\u00e4ndern. Das Ende des <a href=\"https:\/\/www.exploring-umbria.com\/de\/subcategories\/cosa-fare-e-cosa-vedere-a-perugia\/#heading3160\" target=\"_blank\" rel=\"noopener noreferrer\"><strong>mittelalterlichen Aqu\u00e4dukts<\/strong><\/a> mit der breiten Treppe ist ein atemberaubender Anblick, der den zahlreichen Dekorationen der umliegenden bunten H\u00e4user zu verdanken ist.<\/p>\n<p>W\u00e4hrend <a href=\"https:\/\/www.exploring-umbria.com\/de\/aktivitaten\/guided-tour-of-perugia\/\" target=\"_blank\" rel=\"noopener noreferrer\">der Besichtigung der Stadt<\/a> atmen Sie sofort Kunst und Kultur ein \u2013 egal ob Sie sich dazu entscheiden einfach nur der Nase nachzugehen oder einen vertieften Rundgang zwischen den verschiedenen Sehensw\u00fcrdigkeiten zu machen. Sie werden zum Beispiel zahlreiche Reste etruskischen Ursprungs entdecken: vom Brunnen <a href=\"https:\/\/www.exploring-umbria.com\/de\/subcategories\/cosa-fare-e-cosa-vedere-a-perugia\/#heading3100\" target=\"_blank\" rel=\"noopener noreferrer\"><strong>Pozzo Etrusco<\/strong><\/a> bis hin zum Bogen <a href=\"https:\/\/www.exploring-umbria.com\/de\/subcategories\/cosa-fare-e-cosa-vedere-a-perugia\/#heading3159\" target=\"_blank\" rel=\"noopener noreferrer\"><strong>Arco Etrusco<\/strong><\/a>, der sich in der originalen Stadtmauer befindet und im R\u00f6mischen Zeitalter restauriert wurde (von <em>Kaiser <a href=\"https:\/\/de.wikipedia.org\/wiki\/Augustus\" target=\"_blank\" rel=\"noopener noreferrer\">Augustus<\/a><\/em>, daher wurde er sp\u00e4ter auch <em>Arco Augusto<\/em> genannt).<\/p>\n<p>Auf <strong>der Piazza IV. Novembre<\/strong> k\u00f6nnen Sie neben dem ber\u00fchmten Brunnen <a href=\"https:\/\/www.exploring-umbria.com\/de\/subcategories\/cosa-fare-e-cosa-vedere-a-perugia\/#heading3148\" target=\"_blank\" rel=\"noopener noreferrer\"><strong>Fontana Maggiore<\/strong><\/a> auch die <a href=\"https:\/\/www.exploring-umbria.com\/de\/subcategories\/cosa-fare-e-cosa-vedere-a-perugia\/#heading3133\" target=\"_blank\" rel=\"noopener noreferrer\"><strong>Cattedrale di San Lorenzo<\/strong><\/a> und gleich daneben, an der gegen\u00fcberligenden Seite der Piazza, den <a href=\"https:\/\/www.exploring-umbria.com\/de\/subcategories\/cosa-fare-e-cosa-vedere-a-perugia\/#heading3112\" target=\"_blank\" rel=\"noopener noreferrer\"><strong>Palazzo dei Priori<\/strong><\/a> sehen, der beim Betreten des Saales <strong>Sala dei Notari<\/strong> besichtigt werden kann. Im Palazzo befindet sich die <strong>Galleria Nazionale dell\u2019Umbria<\/strong> (Umbrische Nationalgalerie), in der zahlreiche Meisterwerke aus Mittelalter und Renaissance bestaunt werden k\u00f6nnen.<\/p>\n<p>Gleich au\u00dferhalb der Hauptstra\u00dfe, in Richtung Corso Cavour, finden Sie die fantastische <a href=\"https:\/\/www.exploring-umbria.com\/de\/subcategories\/cosa-fare-e-cosa-vedere-a-perugia\/#heading3152\" target=\"_blank\" rel=\"noopener noreferrer\"><strong>Basilica di San Pietro<\/strong><\/a>, die genau vor den G\u00e4rten <strong>Giardini del Frontone<\/strong> liegt. Ein Rundgang durch dieses wunderbare Geb\u00e4ude ist ein Muss f\u00fcr jeden Touristen. Beim Hinuntergehen vom oberen Teil der Stadt kann vor der <strong>Piazza Italia<\/strong> in Richtung Piazza Partigiani im wahrsten Sinne des Wortes die <a href=\"https:\/\/www.exploring-umbria.com\/de\/subcategories\/cosa-fare-e-cosa-vedere-a-perugia\/#heading3099\" target=\"_blank\" rel=\"noopener noreferrer\"><strong>Rocca Paolina<\/strong><\/a> \u00fcberquert werden, die im Inneren zu besichtigen ist und sich samt vieler der original erhaltenen R\u00e4umen in einem optimalen zustand zeigt.<\/p>\n<p>Im gesamten Stadtzentrum sowie au\u00dferhalb der Stadtmauern befinden sich die zahlreichen Adelspal\u00e4ste, die zwischen dem 15. und dem 19. Jahrhundert entstanden und teilweise besichtigt werden k\u00f6nnten. Dabei ist insbesondere zu erw\u00e4hnen der <a href=\"https:\/\/www.exploring-umbria.com\/de\/subcategories\/cosa-fare-e-cosa-vedere-a-perugia\/#heading3116\" target=\"_blank\" rel=\"noopener noreferrer\"><strong>Palazzo Antinori-Gallenga Stuart<\/strong><\/a>, heute Sitz der Universit\u00e0 degli Stranieri, der auf der Piazza Fortebraccio unmittelbar au\u00dferhalb der alten Mauern zu finden ist und in einem wunderbaren Barockstil errichtet wurde, oder der <strong>Palazzo della Penna<\/strong> oder der <strong>Palazzo Sorbello<\/strong>, die jeweils das <strong>Museo Civico<\/strong> (Stadtmuseum) und das Museum <strong>Museo Sorbello<\/strong> beherbergen.<\/p>\n","protected":false},"excerpt":{"rendered":"<p>Sie k\u00f6nnen einfach nur durch das Stadtzentrum von Perugia spazieren, sich in den engen und unregelm\u00e4\u00dfigen Gassen, die das Gewebe des Stra\u00dfennetzes der Stadt darstellen, verirren, und Sie werden sich sofort wohlf\u00fchlen. Gehen Sie zum Beispiel einfach den Corso Vannucci ausgehend vom Brunnen Fontana Maggiore auf der Piazza IV Novembre entlang \u00fcber die Piazza della [&hellip;]<\/p>\n","protected":false},"author":3,"featured_media":6565,"parent":3169,"menu_order":0,"comment_status":"closed","ping_status":"closed","template":"","meta":{"om_disable_all_campaigns":false,"_monsterinsights_skip_tracking":false,"_monsterinsights_sitenote_active":false,"_monsterinsights_sitenote_note":"","_monsterinsights_sitenote_category":0},"acf":[],"yoast_head":"<!-- This site is optimized with the Yoast SEO plugin v18.4.1 - https:\/\/yoast.com\/wordpress\/plugins\/seo\/ -->\n<title>Sehensw\u00fcrdigkeiten in Perugia - Exploring Umbria<\/title>\n<meta name=\"description\" content=\"Sie k\u00f6nnen einfach nur durch das Stadtzentrum von Perugia spazieren, sich in den engen und unregelm\u00e4\u00dfigen Gassen, die das Gewebe des Stra\u00dfennetzes der\" \/>\n<meta name=\"robots\" content=\"index, follow, max-snippet:-1, max-image-preview:large, max-video-preview:-1\" \/>\n<link rel=\"canonical\" href=\"https:\/\/www.exploring-umbria.com\/de\/entdecke-perugia\/sehenswuerdigkeiten-in-perugia\/\" \/>\n<meta property=\"og:locale\" content=\"de_DE\" \/>\n<meta property=\"og:type\" content=\"article\" \/>\n<meta property=\"og:title\" content=\"Sehensw\u00fcrdigkeiten in Perugia - Exploring Umbria\" \/>\n<meta property=\"og:description\" content=\"Sie k\u00f6nnen einfach nur durch das Stadtzentrum von Perugia spazieren, sich in den engen und unregelm\u00e4\u00dfigen Gassen, die das Gewebe des Stra\u00dfennetzes der\" \/>\n<meta property=\"og:url\" content=\"https:\/\/www.exploring-umbria.com\/de\/entdecke-perugia\/sehenswuerdigkeiten-in-perugia\/\" \/>\n<meta property=\"og:site_name\" content=\"Exploring Umbria\" \/>\n<meta property=\"article:publisher\" content=\"https:\/\/www.facebook.com\/exploringumbria\/\" \/>\n<meta property=\"article:modified_time\" content=\"2020-01-30T18:56:37+00:00\" \/>\n<meta property=\"og:image\" content=\"https:\/\/www.exploring-umbria.com\/wp-content\/uploads\/2019\/05\/perugia-fontana-dettaglio.jpg\" \/>\n\t<meta property=\"og:image:width\" content=\"1800\" \/>\n\t<meta property=\"og:image:height\" content=\"2400\" \/>\n\t<meta property=\"og:image:type\" content=\"image\/jpeg\" \/>\n<meta name=\"twitter:card\" content=\"summary_large_image\" \/>\n<meta name=\"twitter:label1\" content=\"Gesch\u00e4tzte Lesezeit\" \/>\n\t<meta name=\"twitter:data1\" content=\"2\u00a0Minuten\" \/>\n<script type=\"application\/ld+json\" class=\"yoast-schema-graph\">{\"@context\":\"https:\/\/schema.org\",\"@graph\":[{\"@type\":\"Organization\",\"@id\":\"https:\/\/www.exploring-umbria.com\/de\/#organization\",\"name\":\"Exploring Umbria\",\"url\":\"https:\/\/www.exploring-umbria.com\/de\/\",\"sameAs\":[\"https:\/\/www.facebook.com\/exploringumbria\/\",\"https:\/\/www.instagram.com\/exploringumbria\/\"],\"logo\":{\"@type\":\"ImageObject\",\"@id\":\"https:\/\/www.exploring-umbria.com\/de\/#logo\",\"inLanguage\":\"de\",\"url\":\"https:\/\/www.exploring-umbria.com\/wp-content\/uploads\/2019\/08\/solo-logo-verde.jpg\",\"contentUrl\":\"https:\/\/www.exploring-umbria.com\/wp-content\/uploads\/2019\/08\/solo-logo-verde.jpg\",\"width\":952,\"height\":532,\"caption\":\"Exploring Umbria\"},\"image\":{\"@id\":\"https:\/\/www.exploring-umbria.com\/de\/#logo\"}},{\"@type\":\"WebSite\",\"@id\":\"https:\/\/www.exploring-umbria.com\/de\/#website\",\"url\":\"https:\/\/www.exploring-umbria.com\/de\/\",\"name\":\"Exploring Umbria\",\"description\":\"your dates, your mood, your trip\",\"publisher\":{\"@id\":\"https:\/\/www.exploring-umbria.com\/de\/#organization\"},\"potentialAction\":[{\"@type\":\"SearchAction\",\"target\":{\"@type\":\"EntryPoint\",\"urlTemplate\":\"https:\/\/www.exploring-umbria.com\/de\/?s={search_term_string}\"},\"query-input\":\"required name=search_term_string\"}],\"inLanguage\":\"de\"},{\"@type\":\"ImageObject\",\"@id\":\"https:\/\/www.exploring-umbria.com\/de\/entdecke-perugia\/sehenswuerdigkeiten-in-perugia\/#primaryimage\",\"inLanguage\":\"de\",\"url\":\"https:\/\/www.exploring-umbria.com\/wp-content\/uploads\/2019\/05\/perugia-fontana-dettaglio.jpg\",\"contentUrl\":\"https:\/\/www.exploring-umbria.com\/wp-content\/uploads\/2019\/05\/perugia-fontana-dettaglio.jpg\",\"width\":1800,\"height\":2400,\"caption\":\"cosa vedere a perugia un dettaglio della fontana maggiore\"},{\"@type\":\"WebPage\",\"@id\":\"https:\/\/www.exploring-umbria.com\/de\/entdecke-perugia\/sehenswuerdigkeiten-in-perugia\/#webpage\",\"url\":\"https:\/\/www.exploring-umbria.com\/de\/entdecke-perugia\/sehenswuerdigkeiten-in-perugia\/\",\"name\":\"Sehensw\u00fcrdigkeiten in Perugia - Exploring Umbria\",\"isPartOf\":{\"@id\":\"https:\/\/www.exploring-umbria.com\/de\/#website\"},\"primaryImageOfPage\":{\"@id\":\"https:\/\/www.exploring-umbria.com\/de\/entdecke-perugia\/sehenswuerdigkeiten-in-perugia\/#primaryimage\"},\"datePublished\":\"2019-02-28T17:01:14+00:00\",\"dateModified\":\"2020-01-30T18:56:37+00:00\",\"description\":\"Sie k\u00f6nnen einfach nur durch das Stadtzentrum von Perugia spazieren, sich in den engen und unregelm\u00e4\u00dfigen Gassen, die das Gewebe des Stra\u00dfennetzes der\",\"breadcrumb\":{\"@id\":\"https:\/\/www.exploring-umbria.com\/de\/entdecke-perugia\/sehenswuerdigkeiten-in-perugia\/#breadcrumb\"},\"inLanguage\":\"de\",\"potentialAction\":[{\"@type\":\"ReadAction\",\"target\":[\"https:\/\/www.exploring-umbria.com\/de\/entdecke-perugia\/sehenswuerdigkeiten-in-perugia\/\"]}]},{\"@type\":\"BreadcrumbList\",\"@id\":\"https:\/\/www.exploring-umbria.com\/de\/entdecke-perugia\/sehenswuerdigkeiten-in-perugia\/#breadcrumb\",\"itemListElement\":[{\"@type\":\"ListItem\",\"position\":1,\"name\":\"Home\",\"item\":\"https:\/\/www.exploring-umbria.com\/de\/\"},{\"@type\":\"ListItem\",\"position\":2,\"name\":\"Entdecke Perugia\",\"item\":\"https:\/\/www.exploring-umbria.com\/de\/entdecke-perugia\/\"},{\"@type\":\"ListItem\",\"position\":3,\"name\":\"Sehensw\u00fcrdigkeiten in Perugia\"}]}]}<\/script>\n<!-- \/ Yoast SEO plugin. -->","yoast_head_json":{"title":"Sehensw\u00fcrdigkeiten in Perugia - Exploring Umbria","description":"Sie k\u00f6nnen einfach nur durch das Stadtzentrum von Perugia spazieren, sich in den engen und unregelm\u00e4\u00dfigen Gassen, die das Gewebe des Stra\u00dfennetzes der","robots":{"index":"index","follow":"follow","max-snippet":"max-snippet:-1","max-image-preview":"max-image-preview:large","max-video-preview":"max-video-preview:-1"},"canonical":"https:\/\/www.exploring-umbria.com\/de\/entdecke-perugia\/sehenswuerdigkeiten-in-perugia\/","og_locale":"de_DE","og_type":"article","og_title":"Sehensw\u00fcrdigkeiten in Perugia - Exploring Umbria","og_description":"Sie k\u00f6nnen einfach nur durch das Stadtzentrum von Perugia spazieren, sich in den engen und unregelm\u00e4\u00dfigen Gassen, die das Gewebe des Stra\u00dfennetzes der","og_url":"https:\/\/www.exploring-umbria.com\/de\/entdecke-perugia\/sehenswuerdigkeiten-in-perugia\/","og_site_name":"Exploring Umbria","article_publisher":"https:\/\/www.facebook.com\/exploringumbria\/","article_modified_time":"2020-01-30T18:56:37+00:00","og_image":[{"width":1800,"height":2400,"url":"https:\/\/www.exploring-umbria.com\/wp-content\/uploads\/2019\/05\/perugia-fontana-dettaglio.jpg","type":"image\/jpeg"}],"twitter_card":"summary_large_image","twitter_misc":{"Gesch\u00e4tzte Lesezeit":"2\u00a0Minuten"},"schema":{"@context":"https:\/\/schema.org","@graph":[{"@type":"Organization","@id":"https:\/\/www.exploring-umbria.com\/de\/#organization","name":"Exploring Umbria","url":"https:\/\/www.exploring-umbria.com\/de\/","sameAs":["https:\/\/www.facebook.com\/exploringumbria\/","https:\/\/www.instagram.com\/exploringumbria\/"],"logo":{"@type":"ImageObject","@id":"https:\/\/www.exploring-umbria.com\/de\/#logo","inLanguage":"de","url":"https:\/\/www.exploring-umbria.com\/wp-content\/uploads\/2019\/08\/solo-logo-verde.jpg","contentUrl":"https:\/\/www.exploring-umbria.com\/wp-content\/uploads\/2019\/08\/solo-logo-verde.jpg","width":952,"height":532,"caption":"Exploring Umbria"},"image":{"@id":"https:\/\/www.exploring-umbria.com\/de\/#logo"}},{"@type":"WebSite","@id":"https:\/\/www.exploring-umbria.com\/de\/#website","url":"https:\/\/www.exploring-umbria.com\/de\/","name":"Exploring Umbria","description":"your dates, your mood, your trip","publisher":{"@id":"https:\/\/www.exploring-umbria.com\/de\/#organization"},"potentialAction":[{"@type":"SearchAction","target":{"@type":"EntryPoint","urlTemplate":"https:\/\/www.exploring-umbria.com\/de\/?s={search_term_string}"},"query-input":"required name=search_term_string"}],"inLanguage":"de"},{"@type":"ImageObject","@id":"https:\/\/www.exploring-umbria.com\/de\/entdecke-perugia\/sehenswuerdigkeiten-in-perugia\/#primaryimage","inLanguage":"de","url":"https:\/\/www.exploring-umbria.com\/wp-content\/uploads\/2019\/05\/perugia-fontana-dettaglio.jpg","contentUrl":"https:\/\/www.exploring-umbria.com\/wp-content\/uploads\/2019\/05\/perugia-fontana-dettaglio.jpg","width":1800,"height":2400,"caption":"cosa vedere a perugia un dettaglio della fontana maggiore"},{"@type":"WebPage","@id":"https:\/\/www.exploring-umbria.com\/de\/entdecke-perugia\/sehenswuerdigkeiten-in-perugia\/#webpage","url":"https:\/\/www.exploring-umbria.com\/de\/entdecke-perugia\/sehenswuerdigkeiten-in-perugia\/","name":"Sehensw\u00fcrdigkeiten in Perugia - Exploring Umbria","isPartOf":{"@id":"https:\/\/www.exploring-umbria.com\/de\/#website"},"primaryImageOfPage":{"@id":"https:\/\/www.exploring-umbria.com\/de\/entdecke-perugia\/sehenswuerdigkeiten-in-perugia\/#primaryimage"},"datePublished":"2019-02-28T17:01:14+00:00","dateModified":"2020-01-30T18:56:37+00:00","description":"Sie k\u00f6nnen einfach nur durch das Stadtzentrum von Perugia spazieren, sich in den engen und unregelm\u00e4\u00dfigen Gassen, die das Gewebe des Stra\u00dfennetzes der","breadcrumb":{"@id":"https:\/\/www.exploring-umbria.com\/de\/entdecke-perugia\/sehenswuerdigkeiten-in-perugia\/#breadcrumb"},"inLanguage":"de","potentialAction":[{"@type":"ReadAction","target":["https:\/\/www.exploring-umbria.com\/de\/entdecke-perugia\/sehenswuerdigkeiten-in-perugia\/"]}]},{"@type":"BreadcrumbList","@id":"https:\/\/www.exploring-umbria.com\/de\/entdecke-perugia\/sehenswuerdigkeiten-in-perugia\/#breadcrumb","itemListElement":[{"@type":"ListItem","position":1,"name":"Home","item":"https:\/\/www.exploring-umbria.com\/de\/"},{"@type":"ListItem","position":2,"name":"Entdecke Perugia","item":"https:\/\/www.exploring-umbria.com\/de\/entdecke-perugia\/"},{"@type":"ListItem","position":3,"name":"Sehensw\u00fcrdigkeiten in Perugia"}]}]}},"_links":{"self":[{"href":"https:\/\/www.exploring-umbria.com\/de\/wp-json\/wp\/v2\/pages\/3164"}],"collection":[{"href":"https:\/\/www.exploring-umbria.com\/de\/wp-json\/wp\/v2\/pages"}],"about":[{"href":"https:\/\/www.exploring-umbria.com\/de\/wp-json\/wp\/v2\/types\/page"}],"author":[{"embeddable":true,"href":"https:\/\/www.exploring-umbria.com\/de\/wp-json\/wp\/v2\/users\/3"}],"replies":[{"embeddable":true,"href":"https:\/\/www.exploring-umbria.com\/de\/wp-json\/wp\/v2\/comments?post=3164"}],"version-history":[{"count":12,"href":"https:\/\/www.exploring-umbria.com\/de\/wp-json\/wp\/v2\/pages\/3164\/revisions"}],"predecessor-version":[{"id":30351,"href":"https:\/\/www.exploring-umbria.com\/de\/wp-json\/wp\/v2\/pages\/3164\/revisions\/30351"}],"up":[{"embeddable":true,"href":"https:\/\/www.exploring-umbria.com\/de\/wp-json\/wp\/v2\/pages\/3169"}],"wp:featuredmedia":[{"embeddable":true,"href":"https:\/\/www.exploring-umbria.com\/de\/wp-json\/wp\/v2\/media\/6565"}],"wp:attachment":[{"href":"https:\/\/www.exploring-umbria.com\/de\/wp-json\/wp\/v2\/media?parent=3164"}],"curies":[{"name":"wp","href":"https:\/\/api.w.org\/{rel}","templated":true}]}}