{"id":3150,"date":"2019-02-28T19:17:31","date_gmt":"2019-02-28T18:17:31","guid":{"rendered":"https:\/\/www.exploring-umbria.com\/fontana-di-via-maesta-delle-volte\/"},"modified":"2020-02-21T18:43:29","modified_gmt":"2020-02-21T17:43:29","slug":"via-maesta-delle-volte","status":"publish","type":"page","link":"https:\/\/www.exploring-umbria.com\/de\/entdecke-perugia\/sehenswuerdigkeiten-in-perugia\/via-maesta-delle-volte\/","title":{"rendered":"Via Maest\u00e0 delle Volte"},"content":{"rendered":"<p>Wenn Sie sich dazu entschlie\u00dfen auf der linken Seite \u00fcber die <strong>Piazza IV Novembre<\/strong> zu spazieren, um anschlie\u00dfend zur <strong>Piazza Morlacchi<\/strong> oder <strong>Piazza Cavallotti<\/strong> weiterzugehen, m\u00fcssen Sie an der wunderbaren <strong>Via Maest\u00e0 delle Volte<\/strong> vorbei.<\/p>\n<p>Sie werden sich durch die Zeit zur\u00fcckversetzt f\u00fchlen, w\u00e4hrend Sie die wenigen Schritte machen, um sie zu \u00fcberqueren, w\u00e4hrend Sie zu Ihrer Linken den <strong>Brunnen in der<\/strong> <strong>Via Maest\u00e0 delle Volte<\/strong> erblicken.<\/p>\n<p>Im Jahr 1928 errichtet und damit relativ neu, scheint er sich jedoch gut in diesen historischen Kontext einzuf\u00fcgen, durch den Sie spazieren, wenn er nicht die Inschrift \u201c<strong>XX Sec.<\/strong>\u201d (\u201c20. Jahrhundert\u201d) tragen w\u00fcrde.<\/p>\n<p>Entworfen vom Architekten <a href=\"https:\/\/www.quotidianodellumbria.it\/quotidiano\/architettura\/pietro-angelini-1892-1985-%E2%80%93-professore-e-architetto\" target=\"_blank\" rel=\"noopener noreferrer\"><em>Pietro Angelini<\/em><\/a> wurde der Brunnen ausgerechnet unter einem Bogen der alten Geb\u00e4ude dieser Gasse errichtet. Der Name \u2013 sowohl des Brunnens wie auch der Stra\u00dfe \u2013 ist auf ein Gem\u00e4lde aus dem Jahr 1330 zur\u00fcckzuf\u00fchren, das unter einem Bogen des <a href=\"https:\/\/www.exploring-umbria.com\/de\/subcategories\/cosa-fare-e-cosa-vedere-a-perugia\/#heading3112\" target=\"_blank\" rel=\"noopener noreferrer\"><strong>Palazzo del Podest\u00e0<\/strong><\/a> entstand und dazu gedient zu haben scheint, in einer dunklen und angstvollen Zeit das Schlechte aus dieser Stra\u00dfe zu treiben. Anschlie\u00dfend, im Jahr 1335, wurde zum Schutz des Gem\u00e4ldes das <strong>Oratorium della Maest\u00e0 delle Volt<\/strong>e errichtet, das anschlie\u00dfend jedoch durch einen Brand zerst\u00f6rt und im Jahr 1567 wieder aufgebaut wurde. Bis heute ist das originale Gem\u00e4lde in seinem Inneren erhalten.<\/p>\n","protected":false},"excerpt":{"rendered":"<p>Wenn Sie sich dazu entschlie\u00dfen auf der linken Seite \u00fcber die Piazza IV Novembre zu spazieren, um anschlie\u00dfend zur Piazza Morlacchi oder Piazza Cavallotti weiterzugehen, m\u00fcssen Sie an der wunderbaren Via Maest\u00e0 delle Volte vorbei. Sie werden sich durch die Zeit zur\u00fcckversetzt f\u00fchlen, w\u00e4hrend Sie die wenigen Schritte machen, um sie zu \u00fcberqueren, w\u00e4hrend Sie [&hellip;]<\/p>\n","protected":false},"author":3,"featured_media":13597,"parent":3164,"menu_order":19,"comment_status":"closed","ping_status":"closed","template":"","meta":{"om_disable_all_campaigns":false,"_monsterinsights_skip_tracking":false,"_monsterinsights_sitenote_active":false,"_monsterinsights_sitenote_note":"","_monsterinsights_sitenote_category":0},"acf":[],"yoast_head":"<!-- This site is optimized with the Yoast SEO plugin v18.4.1 - https:\/\/yoast.com\/wordpress\/plugins\/seo\/ -->\n<title>Via Maest\u00e0 delle Volte - Exploring Umbria<\/title>\n<meta name=\"description\" content=\"Wenn Sie sich dazu entschlie\u00dfen auf der linken Seite \u00fcber die Piazza IV Novembre zu spazieren, um anschlie\u00dfend zur Piazza Morlacchi oder Piazza Cavallotti\" \/>\n<meta name=\"robots\" content=\"index, follow, max-snippet:-1, max-image-preview:large, max-video-preview:-1\" \/>\n<link rel=\"canonical\" href=\"https:\/\/www.exploring-umbria.com\/de\/entdecke-perugia\/sehenswuerdigkeiten-in-perugia\/via-maesta-delle-volte\/\" \/>\n<meta property=\"og:locale\" content=\"de_DE\" \/>\n<meta property=\"og:type\" content=\"article\" \/>\n<meta property=\"og:title\" content=\"Via Maest\u00e0 delle Volte - Exploring Umbria\" \/>\n<meta property=\"og:description\" content=\"Wenn Sie sich dazu entschlie\u00dfen auf der linken Seite \u00fcber die Piazza IV Novembre zu spazieren, um anschlie\u00dfend zur Piazza Morlacchi oder Piazza Cavallotti\" \/>\n<meta property=\"og:url\" content=\"https:\/\/www.exploring-umbria.com\/de\/entdecke-perugia\/sehenswuerdigkeiten-in-perugia\/via-maesta-delle-volte\/\" \/>\n<meta property=\"og:site_name\" content=\"Exploring Umbria\" \/>\n<meta property=\"article:publisher\" content=\"https:\/\/www.facebook.com\/exploringumbria\/\" \/>\n<meta property=\"article:modified_time\" content=\"2020-02-21T17:43:29+00:00\" \/>\n<meta property=\"og:image\" content=\"https:\/\/www.exploring-umbria.com\/wp-content\/uploads\/2019\/06\/PERUGIA-MAEST\u00e0-DELLE-VOLTE.jpg\" \/>\n\t<meta property=\"og:image:width\" content=\"1350\" \/>\n\t<meta property=\"og:image:height\" content=\"1800\" \/>\n\t<meta property=\"og:image:type\" content=\"image\/jpeg\" \/>\n<meta name=\"twitter:card\" content=\"summary_large_image\" \/>\n<meta name=\"twitter:label1\" content=\"Gesch\u00e4tzte Lesezeit\" \/>\n\t<meta name=\"twitter:data1\" content=\"1\u00a0Minute\" \/>\n<script type=\"application\/ld+json\" class=\"yoast-schema-graph\">{\"@context\":\"https:\/\/schema.org\",\"@graph\":[{\"@type\":\"Organization\",\"@id\":\"https:\/\/www.exploring-umbria.com\/de\/#organization\",\"name\":\"Exploring Umbria\",\"url\":\"https:\/\/www.exploring-umbria.com\/de\/\",\"sameAs\":[\"https:\/\/www.facebook.com\/exploringumbria\/\",\"https:\/\/www.instagram.com\/exploringumbria\/\"],\"logo\":{\"@type\":\"ImageObject\",\"@id\":\"https:\/\/www.exploring-umbria.com\/de\/#logo\",\"inLanguage\":\"de\",\"url\":\"https:\/\/www.exploring-umbria.com\/wp-content\/uploads\/2019\/08\/solo-logo-verde.jpg\",\"contentUrl\":\"https:\/\/www.exploring-umbria.com\/wp-content\/uploads\/2019\/08\/solo-logo-verde.jpg\",\"width\":952,\"height\":532,\"caption\":\"Exploring Umbria\"},\"image\":{\"@id\":\"https:\/\/www.exploring-umbria.com\/de\/#logo\"}},{\"@type\":\"WebSite\",\"@id\":\"https:\/\/www.exploring-umbria.com\/de\/#website\",\"url\":\"https:\/\/www.exploring-umbria.com\/de\/\",\"name\":\"Exploring Umbria\",\"description\":\"your dates, your mood, your trip\",\"publisher\":{\"@id\":\"https:\/\/www.exploring-umbria.com\/de\/#organization\"},\"potentialAction\":[{\"@type\":\"SearchAction\",\"target\":{\"@type\":\"EntryPoint\",\"urlTemplate\":\"https:\/\/www.exploring-umbria.com\/de\/?s={search_term_string}\"},\"query-input\":\"required name=search_term_string\"}],\"inLanguage\":\"de\"},{\"@type\":\"ImageObject\",\"@id\":\"https:\/\/www.exploring-umbria.com\/de\/entdecke-perugia\/sehenswuerdigkeiten-in-perugia\/via-maesta-delle-volte\/#primaryimage\",\"inLanguage\":\"de\",\"url\":\"https:\/\/www.exploring-umbria.com\/wp-content\/uploads\/2019\/06\/PERUGIA-MAEST\u00e0-DELLE-VOLTE.jpg\",\"contentUrl\":\"https:\/\/www.exploring-umbria.com\/wp-content\/uploads\/2019\/06\/PERUGIA-MAEST\u00e0-DELLE-VOLTE.jpg\",\"width\":1350,\"height\":1800,\"caption\":\"Via maest\u00e0 delle volte\"},{\"@type\":\"WebPage\",\"@id\":\"https:\/\/www.exploring-umbria.com\/de\/entdecke-perugia\/sehenswuerdigkeiten-in-perugia\/via-maesta-delle-volte\/#webpage\",\"url\":\"https:\/\/www.exploring-umbria.com\/de\/entdecke-perugia\/sehenswuerdigkeiten-in-perugia\/via-maesta-delle-volte\/\",\"name\":\"Via Maest\u00e0 delle Volte - Exploring Umbria\",\"isPartOf\":{\"@id\":\"https:\/\/www.exploring-umbria.com\/de\/#website\"},\"primaryImageOfPage\":{\"@id\":\"https:\/\/www.exploring-umbria.com\/de\/entdecke-perugia\/sehenswuerdigkeiten-in-perugia\/via-maesta-delle-volte\/#primaryimage\"},\"datePublished\":\"2019-02-28T18:17:31+00:00\",\"dateModified\":\"2020-02-21T17:43:29+00:00\",\"description\":\"Wenn Sie sich dazu entschlie\u00dfen auf der linken Seite \u00fcber die Piazza IV Novembre zu spazieren, um anschlie\u00dfend zur Piazza Morlacchi oder Piazza Cavallotti\",\"breadcrumb\":{\"@id\":\"https:\/\/www.exploring-umbria.com\/de\/entdecke-perugia\/sehenswuerdigkeiten-in-perugia\/via-maesta-delle-volte\/#breadcrumb\"},\"inLanguage\":\"de\",\"potentialAction\":[{\"@type\":\"ReadAction\",\"target\":[\"https:\/\/www.exploring-umbria.com\/de\/entdecke-perugia\/sehenswuerdigkeiten-in-perugia\/via-maesta-delle-volte\/\"]}]},{\"@type\":\"BreadcrumbList\",\"@id\":\"https:\/\/www.exploring-umbria.com\/de\/entdecke-perugia\/sehenswuerdigkeiten-in-perugia\/via-maesta-delle-volte\/#breadcrumb\",\"itemListElement\":[{\"@type\":\"ListItem\",\"position\":1,\"name\":\"Home\",\"item\":\"https:\/\/www.exploring-umbria.com\/de\/\"},{\"@type\":\"ListItem\",\"position\":2,\"name\":\"Entdecke Perugia\",\"item\":\"https:\/\/www.exploring-umbria.com\/de\/entdecke-perugia\/\"},{\"@type\":\"ListItem\",\"position\":3,\"name\":\"Sehensw\u00fcrdigkeiten in Perugia\",\"item\":\"https:\/\/www.exploring-umbria.com\/de\/entdecke-perugia\/sehenswuerdigkeiten-in-perugia\/\"},{\"@type\":\"ListItem\",\"position\":4,\"name\":\"Via Maest\u00e0 delle Volte\"}]}]}<\/script>\n<!-- \/ Yoast SEO plugin. -->","yoast_head_json":{"title":"Via Maest\u00e0 delle Volte - Exploring Umbria","description":"Wenn Sie sich dazu entschlie\u00dfen auf der linken Seite \u00fcber die Piazza IV Novembre zu spazieren, um anschlie\u00dfend zur Piazza Morlacchi oder Piazza Cavallotti","robots":{"index":"index","follow":"follow","max-snippet":"max-snippet:-1","max-image-preview":"max-image-preview:large","max-video-preview":"max-video-preview:-1"},"canonical":"https:\/\/www.exploring-umbria.com\/de\/entdecke-perugia\/sehenswuerdigkeiten-in-perugia\/via-maesta-delle-volte\/","og_locale":"de_DE","og_type":"article","og_title":"Via Maest\u00e0 delle Volte - Exploring Umbria","og_description":"Wenn Sie sich dazu entschlie\u00dfen auf der linken Seite \u00fcber die Piazza IV Novembre zu spazieren, um anschlie\u00dfend zur Piazza Morlacchi oder Piazza Cavallotti","og_url":"https:\/\/www.exploring-umbria.com\/de\/entdecke-perugia\/sehenswuerdigkeiten-in-perugia\/via-maesta-delle-volte\/","og_site_name":"Exploring Umbria","article_publisher":"https:\/\/www.facebook.com\/exploringumbria\/","article_modified_time":"2020-02-21T17:43:29+00:00","og_image":[{"width":1350,"height":1800,"url":"https:\/\/www.exploring-umbria.com\/wp-content\/uploads\/2019\/06\/PERUGIA-MAEST\u00e0-DELLE-VOLTE.jpg","type":"image\/jpeg"}],"twitter_card":"summary_large_image","twitter_misc":{"Gesch\u00e4tzte Lesezeit":"1\u00a0Minute"},"schema":{"@context":"https:\/\/schema.org","@graph":[{"@type":"Organization","@id":"https:\/\/www.exploring-umbria.com\/de\/#organization","name":"Exploring Umbria","url":"https:\/\/www.exploring-umbria.com\/de\/","sameAs":["https:\/\/www.facebook.com\/exploringumbria\/","https:\/\/www.instagram.com\/exploringumbria\/"],"logo":{"@type":"ImageObject","@id":"https:\/\/www.exploring-umbria.com\/de\/#logo","inLanguage":"de","url":"https:\/\/www.exploring-umbria.com\/wp-content\/uploads\/2019\/08\/solo-logo-verde.jpg","contentUrl":"https:\/\/www.exploring-umbria.com\/wp-content\/uploads\/2019\/08\/solo-logo-verde.jpg","width":952,"height":532,"caption":"Exploring Umbria"},"image":{"@id":"https:\/\/www.exploring-umbria.com\/de\/#logo"}},{"@type":"WebSite","@id":"https:\/\/www.exploring-umbria.com\/de\/#website","url":"https:\/\/www.exploring-umbria.com\/de\/","name":"Exploring Umbria","description":"your dates, your mood, your trip","publisher":{"@id":"https:\/\/www.exploring-umbria.com\/de\/#organization"},"potentialAction":[{"@type":"SearchAction","target":{"@type":"EntryPoint","urlTemplate":"https:\/\/www.exploring-umbria.com\/de\/?s={search_term_string}"},"query-input":"required name=search_term_string"}],"inLanguage":"de"},{"@type":"ImageObject","@id":"https:\/\/www.exploring-umbria.com\/de\/entdecke-perugia\/sehenswuerdigkeiten-in-perugia\/via-maesta-delle-volte\/#primaryimage","inLanguage":"de","url":"https:\/\/www.exploring-umbria.com\/wp-content\/uploads\/2019\/06\/PERUGIA-MAEST\u00e0-DELLE-VOLTE.jpg","contentUrl":"https:\/\/www.exploring-umbria.com\/wp-content\/uploads\/2019\/06\/PERUGIA-MAEST\u00e0-DELLE-VOLTE.jpg","width":1350,"height":1800,"caption":"Via maest\u00e0 delle volte"},{"@type":"WebPage","@id":"https:\/\/www.exploring-umbria.com\/de\/entdecke-perugia\/sehenswuerdigkeiten-in-perugia\/via-maesta-delle-volte\/#webpage","url":"https:\/\/www.exploring-umbria.com\/de\/entdecke-perugia\/sehenswuerdigkeiten-in-perugia\/via-maesta-delle-volte\/","name":"Via Maest\u00e0 delle Volte - Exploring Umbria","isPartOf":{"@id":"https:\/\/www.exploring-umbria.com\/de\/#website"},"primaryImageOfPage":{"@id":"https:\/\/www.exploring-umbria.com\/de\/entdecke-perugia\/sehenswuerdigkeiten-in-perugia\/via-maesta-delle-volte\/#primaryimage"},"datePublished":"2019-02-28T18:17:31+00:00","dateModified":"2020-02-21T17:43:29+00:00","description":"Wenn Sie sich dazu entschlie\u00dfen auf der linken Seite \u00fcber die Piazza IV Novembre zu spazieren, um anschlie\u00dfend zur Piazza Morlacchi oder Piazza Cavallotti","breadcrumb":{"@id":"https:\/\/www.exploring-umbria.com\/de\/entdecke-perugia\/sehenswuerdigkeiten-in-perugia\/via-maesta-delle-volte\/#breadcrumb"},"inLanguage":"de","potentialAction":[{"@type":"ReadAction","target":["https:\/\/www.exploring-umbria.com\/de\/entdecke-perugia\/sehenswuerdigkeiten-in-perugia\/via-maesta-delle-volte\/"]}]},{"@type":"BreadcrumbList","@id":"https:\/\/www.exploring-umbria.com\/de\/entdecke-perugia\/sehenswuerdigkeiten-in-perugia\/via-maesta-delle-volte\/#breadcrumb","itemListElement":[{"@type":"ListItem","position":1,"name":"Home","item":"https:\/\/www.exploring-umbria.com\/de\/"},{"@type":"ListItem","position":2,"name":"Entdecke Perugia","item":"https:\/\/www.exploring-umbria.com\/de\/entdecke-perugia\/"},{"@type":"ListItem","position":3,"name":"Sehensw\u00fcrdigkeiten in Perugia","item":"https:\/\/www.exploring-umbria.com\/de\/entdecke-perugia\/sehenswuerdigkeiten-in-perugia\/"},{"@type":"ListItem","position":4,"name":"Via Maest\u00e0 delle Volte"}]}]}},"_links":{"self":[{"href":"https:\/\/www.exploring-umbria.com\/de\/wp-json\/wp\/v2\/pages\/3150"}],"collection":[{"href":"https:\/\/www.exploring-umbria.com\/de\/wp-json\/wp\/v2\/pages"}],"about":[{"href":"https:\/\/www.exploring-umbria.com\/de\/wp-json\/wp\/v2\/types\/page"}],"author":[{"embeddable":true,"href":"https:\/\/www.exploring-umbria.com\/de\/wp-json\/wp\/v2\/users\/3"}],"replies":[{"embeddable":true,"href":"https:\/\/www.exploring-umbria.com\/de\/wp-json\/wp\/v2\/comments?post=3150"}],"version-history":[{"count":4,"href":"https:\/\/www.exploring-umbria.com\/de\/wp-json\/wp\/v2\/pages\/3150\/revisions"}],"predecessor-version":[{"id":31215,"href":"https:\/\/www.exploring-umbria.com\/de\/wp-json\/wp\/v2\/pages\/3150\/revisions\/31215"}],"up":[{"embeddable":true,"href":"https:\/\/www.exploring-umbria.com\/de\/wp-json\/wp\/v2\/pages\/3164"}],"wp:featuredmedia":[{"embeddable":true,"href":"https:\/\/www.exploring-umbria.com\/de\/wp-json\/wp\/v2\/media\/13597"}],"wp:attachment":[{"href":"https:\/\/www.exploring-umbria.com\/de\/wp-json\/wp\/v2\/media?parent=3150"}],"curies":[{"name":"wp","href":"https:\/\/api.w.org\/{rel}","templated":true}]}}