{"id":3148,"date":"2019-02-28T19:18:35","date_gmt":"2019-02-28T18:18:35","guid":{"rendered":"https:\/\/www.exploring-umbria.com\/fontana-maggiore\/"},"modified":"2020-01-31T19:22:06","modified_gmt":"2020-01-31T18:22:06","slug":"fontana-maggiore","status":"publish","type":"page","link":"https:\/\/www.exploring-umbria.com\/de\/entdecke-perugia\/sehenswuerdigkeiten-in-perugia\/fontana-maggiore\/","title":{"rendered":"Brunnen Fontana Maggiore"},"content":{"rendered":"<p>PIAZZA IV NOVEMBRE<\/p>\n<p>Der Brunnen Fontana Maggiore befindet sich mitten auf dem Platz Piazza IV Novembre, der wiederum im <strong>Zentrum Perugias<\/strong> liegt. Die Piazza hat das \u00f6ffentliche Leben der Stadt durch jeden Zeitabschnitt begleitet und war das Zentrum vieler institutioneller Funktionen. Sie befindet sich n\u00e4mlich genau zwischen dem Dom Duomo di S. Lorenzo, in den der Bischofssitz im 10.Jahrhundert \u00fcbersiedelt wurde, und dem Palazzo dei Priori mit Zugang zum Saal Sala dei Notari, institutionelles Zentrum sowie Zentrum der Stadtverwaltung seit der Entstehung der Gemeinde.<\/p>\n<p>Heute verf\u00fcgt die Piazza \u00fcber die nach der zwischen dem 13. und dem 15. Jahrhundert erfolgten Restaurierung geschaffene Struktur, durch die die Piazza immer mehr zum Zentrum des Lebens in Perugia wurde \u2013 sowohl aufgrund ihrer administrativen Funktion als auch betreffend die Aspekte des allt\u00e4glichen Lebens.<\/p>\n<p>&nbsp;<\/p>\n<p>FONTANA MAGGIORE<\/p>\n<p><strong>In der Mitte der Piazza IV Novembre<\/strong> befindet sich eines der repr\u00e4sentativsten Denkm\u00e4ler von <a href=\"https:\/\/www.exploring-umbria.com\/de\/aktivitaten\/guided-tour-of-perugia\/\" target=\"_blank\" rel=\"noopener noreferrer\">Perugia<\/a>: die Fontana Maggiore.<\/p>\n<p>Zwischen 1254 und 1278 errichtet, ist die Fontana Maggiore eines der kostbarsten Werke der <strong>Architektur aus dem Zeitalter der Kommunen<\/strong>. Von <a href=\"https:\/\/de.wikipedia.org\/wiki\/Niccol%C3%B2_Pisano\" target=\"_blank\" rel=\"noopener noreferrer\"><em>Nicola<\/em> <\/a><em>und <a href=\"https:\/\/de.wikipedia.org\/wiki\/Giovanni_Pisano\" target=\"_blank\" rel=\"noopener noreferrer\">Giovanni Pisano<\/a><\/em>, Vater und Sohn, mit der Hilfe von <em>Fr\u00e0 Bevignate<\/em> gemei\u00dfelt und mit dem von <em>Boninsegna Veneziano<\/em> eingerichteten hydraulischen Teil, besteht der Brunnen aus zwei polygonalen, konzentrischen Becken aus Marmor und einer Tasse aus Bronze. Die au\u00dfen an den Becken angebrachten Dekorationen erinnern an die politische und kulturelle Struktur in Perugia und feiern die Gr\u00fcndung der Stadt sowie die Rolle, die die Stadt in der gesamten Region einnahm.<\/p>\n<p>Das untere Becken verf\u00fcgt \u00fcber insgesamt 24 verschiedene Seiten, die mit Streifen aus drei kleinen S\u00e4ulen unterteilt sind. Jede Seite enth\u00e4lt ein Paar aus Flachreliefs, auf denen verschiedene Situationen und Zusammenh\u00e4nge dargestellt sind \u2013 begonnen bei den Monaten des Jahres, dargestellt anhand eines besonderen Ereignisses im entsprechenden Monat, das im Allgemeinen ein landwirtschaftliches Handwerk oder ein Kontext aus einem speziellen Zeitabschnitt ist. Der Januar wird beispielsweise mit zwei Figuren, einem Mann und einer Frau, dargestellt, die sich am Feuer w\u00e4rmen. Der Februar wird durch die Fischerei, der Mai durch die Falkenjagd dargestellt usw., bis hin zum Dezember, der durch die T\u00f6tung des Schweins und die Verarbeitung seines Fleisches dargestellt wird. Mit den Monaten wechseln die Tierkreiszeichen und weitere Symbole wie der L\u00f6we, der Greif aus Perugia, die sieben freien K\u00fcnste (<em>Grammatik, Rhetorik, Dialektik, Arrithmetik, Geometrie, Musik <\/em>und<em> Astronomie<\/em>) sowie der Philosophie ab.<\/p>\n<p>Au\u00dferdem sind noch folgende Abbildungen zu sehen: zwei Adler, <em>Adam und Eva<\/em>, Geschichten von <em>David und Goliath<\/em>, <em>Romulus und Remus<\/em> und zwei Fabeln von \u00c4sop (Der Wolf und das Lamm, <em>Der Kranich und der Wolf<\/em>).<\/p>\n<p>Das obere Becken verf\u00fcgt hingegen nicht \u00fcber Flachreliefs an den Seiten, die vielmehr aus glatten Mustertafeln bestehen. Doch es gibt eine einzige Ausnahme in Form einer Schrift, die erst infolge von Restaurierungsarbeiten im Jahr 1322 zum Vorschein gekommen ist. An den Ecken jeder Mustertafel wurden Statuen eingearbeitet, insgesamt 24. Sie sind <em>Giovanni Pisano<\/em> zuzuordnen. Diese Statuen erinnern an einflussreiche Pers\u00f6nlichkeiten der Geschichte und des Alltags der fr\u00fcheren Stadt Perugia. Die dargestellten Personen sind: <em>San Pietro (Hl. Petrus)<\/em>, die Kirche <em>Chiesa Romana<\/em>, <em>Rom<\/em>, die <em>Theologie<\/em>, <em>Chierico di S. Lorenzo<\/em>, <em>San Lorenzo<\/em>, <em>Ninfa del territorio Chiusino<\/em>, <em>Perugia<\/em>, <em>Ninfa del Trasimeno<\/em>, <em>Sant\u2019Ercolano<\/em>, <em>Il Chierico Traditore<\/em>, <em>San Benedetto (Hl. Benedikt)<\/em>, <em>San Mauro<\/em>, <em>Il Battista<\/em>, <em>Salomone<\/em>, <em>David<\/em>, <em>Salom\u00e8<\/em>, <em>Moses<\/em>, <em>Matteo da Correggio<\/em>, der Erzengel <em>Michael<\/em>, <em>Euliste<\/em> (Gr\u00fcnder Perugias), <em>Melchisedec<\/em>, <em>Ermanno da Sassoferrato<\/em>, der <em>Sieg<\/em>.<\/p>\n","protected":false},"excerpt":{"rendered":"<p>PIAZZA IV NOVEMBRE Der Brunnen Fontana Maggiore befindet sich mitten auf dem Platz Piazza IV Novembre, der wiederum im Zentrum Perugias liegt. Die Piazza hat das \u00f6ffentliche Leben der Stadt durch jeden Zeitabschnitt begleitet und war das Zentrum vieler institutioneller Funktionen. Sie befindet sich n\u00e4mlich genau zwischen dem Dom Duomo di S. Lorenzo, in den [&hellip;]<\/p>\n","protected":false},"author":3,"featured_media":33558,"parent":3164,"menu_order":2,"comment_status":"closed","ping_status":"closed","template":"","meta":{"om_disable_all_campaigns":false,"_monsterinsights_skip_tracking":false,"_monsterinsights_sitenote_active":false,"_monsterinsights_sitenote_note":"","_monsterinsights_sitenote_category":0},"acf":[],"yoast_head":"<!-- This site is optimized with the Yoast SEO plugin v18.4.1 - https:\/\/yoast.com\/wordpress\/plugins\/seo\/ -->\n<title>Brunnen Fontana Maggiore - Exploring Umbria<\/title>\n<meta name=\"description\" content=\"PIAZZA IV NOVEMBRE Der Brunnen Fontana Maggiore befindet sich mitten auf dem Platz Piazza IV Novembre, der wiederum im Zentrum Perugias liegt. Die Piazza\" \/>\n<meta name=\"robots\" content=\"index, follow, max-snippet:-1, max-image-preview:large, max-video-preview:-1\" \/>\n<link rel=\"canonical\" href=\"https:\/\/www.exploring-umbria.com\/de\/entdecke-perugia\/sehenswuerdigkeiten-in-perugia\/fontana-maggiore\/\" \/>\n<meta property=\"og:locale\" content=\"de_DE\" \/>\n<meta property=\"og:type\" content=\"article\" \/>\n<meta property=\"og:title\" content=\"Brunnen Fontana Maggiore - Exploring Umbria\" \/>\n<meta property=\"og:description\" content=\"PIAZZA IV NOVEMBRE Der Brunnen Fontana Maggiore befindet sich mitten auf dem Platz Piazza IV Novembre, der wiederum im Zentrum Perugias liegt. Die Piazza\" \/>\n<meta property=\"og:url\" content=\"https:\/\/www.exploring-umbria.com\/de\/entdecke-perugia\/sehenswuerdigkeiten-in-perugia\/fontana-maggiore\/\" \/>\n<meta property=\"og:site_name\" content=\"Exploring Umbria\" \/>\n<meta property=\"article:publisher\" content=\"https:\/\/www.facebook.com\/exploringumbria\/\" \/>\n<meta property=\"article:modified_time\" content=\"2020-01-31T18:22:06+00:00\" \/>\n<meta property=\"og:image\" content=\"https:\/\/www.exploring-umbria.com\/wp-content\/uploads\/2020\/04\/perugia-fontana.jpeg\" \/>\n\t<meta property=\"og:image:width\" content=\"1600\" \/>\n\t<meta property=\"og:image:height\" content=\"1200\" \/>\n\t<meta property=\"og:image:type\" content=\"image\/jpeg\" \/>\n<meta name=\"twitter:card\" content=\"summary_large_image\" \/>\n<meta name=\"twitter:label1\" content=\"Gesch\u00e4tzte Lesezeit\" \/>\n\t<meta name=\"twitter:data1\" content=\"3\u00a0Minuten\" \/>\n<script type=\"application\/ld+json\" class=\"yoast-schema-graph\">{\"@context\":\"https:\/\/schema.org\",\"@graph\":[{\"@type\":\"Organization\",\"@id\":\"https:\/\/www.exploring-umbria.com\/de\/#organization\",\"name\":\"Exploring Umbria\",\"url\":\"https:\/\/www.exploring-umbria.com\/de\/\",\"sameAs\":[\"https:\/\/www.facebook.com\/exploringumbria\/\",\"https:\/\/www.instagram.com\/exploringumbria\/\"],\"logo\":{\"@type\":\"ImageObject\",\"@id\":\"https:\/\/www.exploring-umbria.com\/de\/#logo\",\"inLanguage\":\"de\",\"url\":\"https:\/\/www.exploring-umbria.com\/wp-content\/uploads\/2019\/08\/solo-logo-verde.jpg\",\"contentUrl\":\"https:\/\/www.exploring-umbria.com\/wp-content\/uploads\/2019\/08\/solo-logo-verde.jpg\",\"width\":952,\"height\":532,\"caption\":\"Exploring Umbria\"},\"image\":{\"@id\":\"https:\/\/www.exploring-umbria.com\/de\/#logo\"}},{\"@type\":\"WebSite\",\"@id\":\"https:\/\/www.exploring-umbria.com\/de\/#website\",\"url\":\"https:\/\/www.exploring-umbria.com\/de\/\",\"name\":\"Exploring Umbria\",\"description\":\"your dates, your mood, your trip\",\"publisher\":{\"@id\":\"https:\/\/www.exploring-umbria.com\/de\/#organization\"},\"potentialAction\":[{\"@type\":\"SearchAction\",\"target\":{\"@type\":\"EntryPoint\",\"urlTemplate\":\"https:\/\/www.exploring-umbria.com\/de\/?s={search_term_string}\"},\"query-input\":\"required name=search_term_string\"}],\"inLanguage\":\"de\"},{\"@type\":\"ImageObject\",\"@id\":\"https:\/\/www.exploring-umbria.com\/de\/entdecke-perugia\/sehenswuerdigkeiten-in-perugia\/fontana-maggiore\/#primaryimage\",\"inLanguage\":\"de\",\"url\":\"https:\/\/www.exploring-umbria.com\/wp-content\/uploads\/2020\/04\/perugia-fontana.jpeg\",\"contentUrl\":\"https:\/\/www.exploring-umbria.com\/wp-content\/uploads\/2020\/04\/perugia-fontana.jpeg\",\"width\":1600,\"height\":1200,\"caption\":\"Fontana Maggiore\"},{\"@type\":\"WebPage\",\"@id\":\"https:\/\/www.exploring-umbria.com\/de\/entdecke-perugia\/sehenswuerdigkeiten-in-perugia\/fontana-maggiore\/#webpage\",\"url\":\"https:\/\/www.exploring-umbria.com\/de\/entdecke-perugia\/sehenswuerdigkeiten-in-perugia\/fontana-maggiore\/\",\"name\":\"Brunnen Fontana Maggiore - Exploring Umbria\",\"isPartOf\":{\"@id\":\"https:\/\/www.exploring-umbria.com\/de\/#website\"},\"primaryImageOfPage\":{\"@id\":\"https:\/\/www.exploring-umbria.com\/de\/entdecke-perugia\/sehenswuerdigkeiten-in-perugia\/fontana-maggiore\/#primaryimage\"},\"datePublished\":\"2019-02-28T18:18:35+00:00\",\"dateModified\":\"2020-01-31T18:22:06+00:00\",\"description\":\"PIAZZA IV NOVEMBRE Der Brunnen Fontana Maggiore befindet sich mitten auf dem Platz Piazza IV Novembre, der wiederum im Zentrum Perugias liegt. Die Piazza\",\"breadcrumb\":{\"@id\":\"https:\/\/www.exploring-umbria.com\/de\/entdecke-perugia\/sehenswuerdigkeiten-in-perugia\/fontana-maggiore\/#breadcrumb\"},\"inLanguage\":\"de\",\"potentialAction\":[{\"@type\":\"ReadAction\",\"target\":[\"https:\/\/www.exploring-umbria.com\/de\/entdecke-perugia\/sehenswuerdigkeiten-in-perugia\/fontana-maggiore\/\"]}]},{\"@type\":\"BreadcrumbList\",\"@id\":\"https:\/\/www.exploring-umbria.com\/de\/entdecke-perugia\/sehenswuerdigkeiten-in-perugia\/fontana-maggiore\/#breadcrumb\",\"itemListElement\":[{\"@type\":\"ListItem\",\"position\":1,\"name\":\"Home\",\"item\":\"https:\/\/www.exploring-umbria.com\/de\/\"},{\"@type\":\"ListItem\",\"position\":2,\"name\":\"Entdecke Perugia\",\"item\":\"https:\/\/www.exploring-umbria.com\/de\/entdecke-perugia\/\"},{\"@type\":\"ListItem\",\"position\":3,\"name\":\"Sehensw\u00fcrdigkeiten in Perugia\",\"item\":\"https:\/\/www.exploring-umbria.com\/de\/entdecke-perugia\/sehenswuerdigkeiten-in-perugia\/\"},{\"@type\":\"ListItem\",\"position\":4,\"name\":\"Brunnen Fontana Maggiore\"}]}]}<\/script>\n<!-- \/ Yoast SEO plugin. -->","yoast_head_json":{"title":"Brunnen Fontana Maggiore - Exploring Umbria","description":"PIAZZA IV NOVEMBRE Der Brunnen Fontana Maggiore befindet sich mitten auf dem Platz Piazza IV Novembre, der wiederum im Zentrum Perugias liegt. Die Piazza","robots":{"index":"index","follow":"follow","max-snippet":"max-snippet:-1","max-image-preview":"max-image-preview:large","max-video-preview":"max-video-preview:-1"},"canonical":"https:\/\/www.exploring-umbria.com\/de\/entdecke-perugia\/sehenswuerdigkeiten-in-perugia\/fontana-maggiore\/","og_locale":"de_DE","og_type":"article","og_title":"Brunnen Fontana Maggiore - Exploring Umbria","og_description":"PIAZZA IV NOVEMBRE Der Brunnen Fontana Maggiore befindet sich mitten auf dem Platz Piazza IV Novembre, der wiederum im Zentrum Perugias liegt. Die Piazza","og_url":"https:\/\/www.exploring-umbria.com\/de\/entdecke-perugia\/sehenswuerdigkeiten-in-perugia\/fontana-maggiore\/","og_site_name":"Exploring Umbria","article_publisher":"https:\/\/www.facebook.com\/exploringumbria\/","article_modified_time":"2020-01-31T18:22:06+00:00","og_image":[{"width":1600,"height":1200,"url":"https:\/\/www.exploring-umbria.com\/wp-content\/uploads\/2020\/04\/perugia-fontana.jpeg","type":"image\/jpeg"}],"twitter_card":"summary_large_image","twitter_misc":{"Gesch\u00e4tzte Lesezeit":"3\u00a0Minuten"},"schema":{"@context":"https:\/\/schema.org","@graph":[{"@type":"Organization","@id":"https:\/\/www.exploring-umbria.com\/de\/#organization","name":"Exploring Umbria","url":"https:\/\/www.exploring-umbria.com\/de\/","sameAs":["https:\/\/www.facebook.com\/exploringumbria\/","https:\/\/www.instagram.com\/exploringumbria\/"],"logo":{"@type":"ImageObject","@id":"https:\/\/www.exploring-umbria.com\/de\/#logo","inLanguage":"de","url":"https:\/\/www.exploring-umbria.com\/wp-content\/uploads\/2019\/08\/solo-logo-verde.jpg","contentUrl":"https:\/\/www.exploring-umbria.com\/wp-content\/uploads\/2019\/08\/solo-logo-verde.jpg","width":952,"height":532,"caption":"Exploring Umbria"},"image":{"@id":"https:\/\/www.exploring-umbria.com\/de\/#logo"}},{"@type":"WebSite","@id":"https:\/\/www.exploring-umbria.com\/de\/#website","url":"https:\/\/www.exploring-umbria.com\/de\/","name":"Exploring Umbria","description":"your dates, your mood, your trip","publisher":{"@id":"https:\/\/www.exploring-umbria.com\/de\/#organization"},"potentialAction":[{"@type":"SearchAction","target":{"@type":"EntryPoint","urlTemplate":"https:\/\/www.exploring-umbria.com\/de\/?s={search_term_string}"},"query-input":"required name=search_term_string"}],"inLanguage":"de"},{"@type":"ImageObject","@id":"https:\/\/www.exploring-umbria.com\/de\/entdecke-perugia\/sehenswuerdigkeiten-in-perugia\/fontana-maggiore\/#primaryimage","inLanguage":"de","url":"https:\/\/www.exploring-umbria.com\/wp-content\/uploads\/2020\/04\/perugia-fontana.jpeg","contentUrl":"https:\/\/www.exploring-umbria.com\/wp-content\/uploads\/2020\/04\/perugia-fontana.jpeg","width":1600,"height":1200,"caption":"Fontana Maggiore"},{"@type":"WebPage","@id":"https:\/\/www.exploring-umbria.com\/de\/entdecke-perugia\/sehenswuerdigkeiten-in-perugia\/fontana-maggiore\/#webpage","url":"https:\/\/www.exploring-umbria.com\/de\/entdecke-perugia\/sehenswuerdigkeiten-in-perugia\/fontana-maggiore\/","name":"Brunnen Fontana Maggiore - Exploring Umbria","isPartOf":{"@id":"https:\/\/www.exploring-umbria.com\/de\/#website"},"primaryImageOfPage":{"@id":"https:\/\/www.exploring-umbria.com\/de\/entdecke-perugia\/sehenswuerdigkeiten-in-perugia\/fontana-maggiore\/#primaryimage"},"datePublished":"2019-02-28T18:18:35+00:00","dateModified":"2020-01-31T18:22:06+00:00","description":"PIAZZA IV NOVEMBRE Der Brunnen Fontana Maggiore befindet sich mitten auf dem Platz Piazza IV Novembre, der wiederum im Zentrum Perugias liegt. Die Piazza","breadcrumb":{"@id":"https:\/\/www.exploring-umbria.com\/de\/entdecke-perugia\/sehenswuerdigkeiten-in-perugia\/fontana-maggiore\/#breadcrumb"},"inLanguage":"de","potentialAction":[{"@type":"ReadAction","target":["https:\/\/www.exploring-umbria.com\/de\/entdecke-perugia\/sehenswuerdigkeiten-in-perugia\/fontana-maggiore\/"]}]},{"@type":"BreadcrumbList","@id":"https:\/\/www.exploring-umbria.com\/de\/entdecke-perugia\/sehenswuerdigkeiten-in-perugia\/fontana-maggiore\/#breadcrumb","itemListElement":[{"@type":"ListItem","position":1,"name":"Home","item":"https:\/\/www.exploring-umbria.com\/de\/"},{"@type":"ListItem","position":2,"name":"Entdecke Perugia","item":"https:\/\/www.exploring-umbria.com\/de\/entdecke-perugia\/"},{"@type":"ListItem","position":3,"name":"Sehensw\u00fcrdigkeiten in Perugia","item":"https:\/\/www.exploring-umbria.com\/de\/entdecke-perugia\/sehenswuerdigkeiten-in-perugia\/"},{"@type":"ListItem","position":4,"name":"Brunnen Fontana Maggiore"}]}]}},"_links":{"self":[{"href":"https:\/\/www.exploring-umbria.com\/de\/wp-json\/wp\/v2\/pages\/3148"}],"collection":[{"href":"https:\/\/www.exploring-umbria.com\/de\/wp-json\/wp\/v2\/pages"}],"about":[{"href":"https:\/\/www.exploring-umbria.com\/de\/wp-json\/wp\/v2\/types\/page"}],"author":[{"embeddable":true,"href":"https:\/\/www.exploring-umbria.com\/de\/wp-json\/wp\/v2\/users\/3"}],"replies":[{"embeddable":true,"href":"https:\/\/www.exploring-umbria.com\/de\/wp-json\/wp\/v2\/comments?post=3148"}],"version-history":[{"count":5,"href":"https:\/\/www.exploring-umbria.com\/de\/wp-json\/wp\/v2\/pages\/3148\/revisions"}],"predecessor-version":[{"id":30469,"href":"https:\/\/www.exploring-umbria.com\/de\/wp-json\/wp\/v2\/pages\/3148\/revisions\/30469"}],"up":[{"embeddable":true,"href":"https:\/\/www.exploring-umbria.com\/de\/wp-json\/wp\/v2\/pages\/3164"}],"wp:featuredmedia":[{"embeddable":true,"href":"https:\/\/www.exploring-umbria.com\/de\/wp-json\/wp\/v2\/media\/33558"}],"wp:attachment":[{"href":"https:\/\/www.exploring-umbria.com\/de\/wp-json\/wp\/v2\/media?parent=3148"}],"curies":[{"name":"wp","href":"https:\/\/api.w.org\/{rel}","templated":true}]}}