{"id":3133,"date":"2019-02-28T19:27:07","date_gmt":"2019-02-28T18:27:07","guid":{"rendered":"https:\/\/www.exploring-umbria.com\/1445-2\/"},"modified":"2020-02-03T18:15:20","modified_gmt":"2020-02-03T17:15:20","slug":"cattedrale-di-san-lorenzo-e-museo-capitolare","status":"publish","type":"page","link":"https:\/\/www.exploring-umbria.com\/de\/entdecke-perugia\/sehenswuerdigkeiten-in-perugia\/cattedrale-di-san-lorenzo-e-museo-capitolare\/","title":{"rendered":"Cattedrale di San Lorenzo e Museo Capitolare"},"content":{"rendered":"<p>Gleich am Ende der Piazza IV Novembre, nur wenige Meter vom <a href=\"https:\/\/www.exploring-umbria.com\/de\/subcategories\/cosa-fare-e-cosa-vedere-a-perugia\/#heading3148\" target=\"_blank\" rel=\"noopener noreferrer\">Brunnen<\/a> und vor der Fassade des <a href=\"https:\/\/www.exploring-umbria.com\/de\/subcategories\/cosa-fare-e-cosa-vedere-a-perugia\/#heading3112\" target=\"_blank\" rel=\"noopener noreferrer\">Palazzo dei Priori<\/a> entfernt, steht die majest\u00e4tische <strong>Kathedrale von Perugia, die dem Heiligen Lorenz<\/strong> gewidmet ist. Vom Corso Vannucci kommend, etwa in der H\u00e4lfte der Stra\u00dfe, erblickt man die imposante Seite des Doms, direkt \u00fcber der sogenannten &#8222;<em>Scalinata del Centro<\/em>&#8222;.<\/p>\n<p>Das heutige Geb\u00e4ude ist das Ergebnis einer tiefgreifenden Renovierung eines ersten Geb\u00e4udes, das sich an gleicher Stelle befand und fast vollst\u00e4ndig umgeworfen wurde. Die alte Kirche stammt aus dem Jahr 930 n. Chr., aber das Projekt, mit dem sie vollst\u00e4ndig wieder aufgebaut wurde, geht auf das 14. Jahrhundert zur\u00fcck, unter der Aufsicht von <em>Fra Bevignate<\/em>, dank dem 1345 mit der Arbeit begonnen wurde, bis zur Fertigstellung im Jahr 1490.<\/p>\n<p>Der Dom liegt nicht gegen\u00fcber dem Haupteingang auf der Piazza IV Novembre, sondern auf der Piazza Danti. Vom ersten Platz aus kann man die Seite der Kirche sehen, die von gro\u00dfer Bedeutung ist, aber deren Dekoration nie fertig gestellt wurde. Mit den Schultern in Richtung Corso Vannucci gerichtet, f\u00e4llt unten links die sch\u00f6ne &#8222;<strong>Loggia di Braccio<\/strong>&#8222;, 1423 von <a href=\"https:\/\/de.wikipedia.org\/wiki\/Braccio_da_Montone\" target=\"_blank\" rel=\"noopener noreferrer\"><strong>Braccio da Montone<\/strong><\/a> selbst erbaut und zun\u00e4chst im Palazzo del Podest\u00e0 untergebracht sowie 1534 in Brand gesetzt, in die Augen. Wenn man den Blick nach rechts richtet, kann man in der Reihenfolge eine <strong>Bronzestatue von Papst Julius III.<\/strong> sehen, die 1555 von <em>Vincenzo Danti<\/em> gemei\u00dfelt wurde. Diesem Papst war das Volk von Perugia dankbar, dass es die von Paulus III. urspr\u00fcnglich unterdr\u00fcckte Justiz zur\u00fcckgebracht hatte. Weiter geht es mit der <strong>sch\u00f6nen Seitent\u00fcr<\/strong>, die von <em>Ippolito Scalza<\/em> aus Travertin gebaut und 1568 von <em>Galeazzo Alessi<\/em> entworfen wurde. Noch weiter rechts befindet sich die sogenannte &#8222;<strong>Kanzel von San Bernardino<\/strong>&#8222;, von der aus der Heilige 1425 predigte.<\/p>\n<p><strong>Die<\/strong> <strong>Hauptfassade<\/strong> an der Piazza Danti, die ebenfalls unvollendet ist, erscheint ziemlich kahl, das einzige Dekorationselement ist die von <em>Pietro Carattoli<\/em> 1729 geschnitzte T\u00fcr.<\/p>\n<p>Das Innere der Kirche vermittelt sofort den Eindruck von Breite und Helligkeit. Die architektonische Wahl ist von der nordeurop\u00e4ischen &#8222;HallenKirchen&#8220; inspiriert, d.h. mit dem Bau von drei gleich hohen Schiffen. Die Fresken auf den Gew\u00f6lben stammen aus der zweiten H\u00e4lfte des 18. Jahrhunderts und gehen auf <em>Pietro Carattoli<\/em>, <em>Francesco<\/em> <em>Appiani<\/em>, <em>Vincenzo<\/em> <em>Monotti<\/em>, <em>Marcello<\/em> <em>Leopardi<\/em>, <em>Domenico<\/em> <em>Sergardi<\/em> und <em>Carlo<\/em> <em>Spiridione<\/em> <em>Mariotti<\/em> zur\u00fcck.<\/p>\n<p><strong>In der Kirche<\/strong>, in jedem der Kirchenschiffe einschlie\u00dflich der Kapellen, deren Zug\u00e4nge an den Seiten liegen, gibt es <strong>viele Kunstwerke<\/strong>, Gem\u00e4lde, Fresken, Holztheken und Marmorfassaden, die alle aus der Zeit nach 1500 bis Ende des 19. Jahrhunderts stammen.<\/p>\n<p>Bemerkenswert sind sicherlich im Mittelschiff ein Gem\u00e4lde auf Leinwand mit der <strong>Madonna in Herrlichkeit mit Kind<\/strong> und <em>den Heiligen Dominikus, Herkulaneum, Costano, Lorenzo, Augustinus und Franziskus<\/em> sowie ein Fenster mit dem <em>M\u00e4rtyrertod des Heiligen Lorenz<\/em> von <em>Ludovico Caselli<\/em>. Unmittelbar neben dem Haupteingang befindet sich das von <em>Urbano<\/em> <em>da<\/em> <em>Cortona<\/em> geschaffene Grab des Bischofs <em>Giovanni<\/em> <em>Antonio<\/em> <em>Baglioni<\/em> mit der Figur des liegenden Bischofs.<\/p>\n<p>Im rechten Seitenschiff sehen Sie die Kapelle von <em>S. Bernardino<\/em> und die <em>Kreuzablage<\/em>, die von <em>Federico<\/em> <em>Barocci<\/em> 1567-69 gemalt wurde. Es gibt auch eine Holztheke von <em>Jacopo<\/em> <em>di<\/em> <em>Antonio<\/em> <em>Fiorentino<\/em> und <em>Ercole<\/em> <em>di<\/em> <em>Tommaso<\/em> <em>del<\/em> <em>Riccio<\/em>, von 1565-67. Weiter geht es mit dem Eingang zur <em>Cappella del Battistero<\/em> (Baptisteriumskapelle), die eine bedeutende Marmorterhebung von <em>Pietro<\/em> <em>Paolo<\/em> <em>di<\/em> <em>Andrea<\/em> <em>da<\/em> <em>Como<\/em> (1479) beherbergt, dessen H\u00f6hlung mit der <em>Taufe<\/em> <em>Jesu<\/em> bemalt ist, von <em>Domenico<\/em> <em>Bruschi<\/em> (1876).<\/p>\n<p>Im linken Seitenschiff, in der f\u00fcnften Bucht, das Altarbild der Fr\u00f6mmigkeit: <em>der Christus<\/em>, <em>die<\/em> <em>Madonna<\/em>, <em>der<\/em> <em>Heilige<\/em> <em>Johannes<\/em> sowie <em>der<\/em> <em>Ewige<\/em> <em>und<\/em> <em>die<\/em> <em>Engel<\/em> von <em>Agostino<\/em> <em>di<\/em> <em>Duccio<\/em> (1474). Zur\u00fcck in Richtung Eingang befindet sich ein Altar mit einem Banner von <em>Berto<\/em> <em>di<\/em> <em>Giovanni<\/em> (1526), das Maria darstellt, die Jesus anfleht, die Pest zu beenden.<\/p>\n<p>Im Presbyterium sieht man an den Seiten zwei Statuen des Heiligen Lorenz und des Heiligen Herculanus, die von zwei Ambos getragen werden. In der Mitte steht hingegen der Hochaltar von <em>Francesco Caselli<\/em>, in dem sich der Sarkophag mit den Reliquien des Heiligen Herculanus befindet.<\/p>\n<p>Wenn man durch die Sakristei geht, von der Kapelle rechts vom Presbyterium, gelangt man zu den anderen R\u00e4umen des Pfarrhauses, die um zwei Kreuzg\u00e4nge angeordnet sind. Von der S\u00fcdseite des ersten gelangt man zum <strong>Museo<\/strong> <strong>Capitolare<\/strong>.<\/p>\n<p>&nbsp;<\/p>\n<p>MUSEO CAPITOLARE (HAUPTMUSEUM)<\/p>\n<p>Eingerichtet 1923 mit Hilfe von <em>Umberto Gnoli<\/em>, einem Kunsthistoriker, der die Funde aus der Kathedrale oder anderen nahe gelegenen Di\u00f6zesen katalogisierte und ordnete.<\/p>\n<p>Das Layout wurde \u00fcberarbeitet und die Ausstellung erst k\u00fcrzlich wiede \u00fcberarbeitet. Im Jahr 2000, anl\u00e4sslich des Jubil\u00e4ums, wurde die Sammlung um neue Materialien erweitert und der Ausstellung wurden neue R\u00e4ume hinzugef\u00fcgt, darunter ein <strong>arch\u00e4ologischer<\/strong> <strong>Pfad<\/strong>, der etruskische und r\u00f6mische \u00dcberreste der Akropolis der Stadt enth\u00e4lt.<\/p>\n<p>Die <strong>Kunstsammlung<\/strong> umfasst eine Reihe wichtiger Gem\u00e4lde, darunter die <em>Piet\u00e0<\/em> von <em>Bartolomeo<\/em> <em>Caporali<\/em> und die <em>Madonna mit den Heiligen Johannes der T\u00e4ufer und Evangelist<\/em> von <em>Meo da Siena<\/em>, aber insbesondere die <em>Pala di S. Onofrio<\/em> von <em>Luca<\/em> <em>Signorelli<\/em>. Unter den Skulpturen ragen hingegen die <em>Testa di Diacono<\/em> (Kopf des Diakons) von <em>Arnolfo<\/em> <em>di<\/em> <em>Cambio<\/em> und der Altar von <em>Agostino<\/em> <em>di<\/em> <em>Duccio<\/em> hervor.<\/p>\n","protected":false},"excerpt":{"rendered":"<p>Gleich am Ende der Piazza IV Novembre, nur wenige Meter vom Brunnen und vor der Fassade des Palazzo dei Priori entfernt, steht die majest\u00e4tische Kathedrale von Perugia, die dem Heiligen Lorenz gewidmet ist. Vom Corso Vannucci kommend, etwa in der H\u00e4lfte der Stra\u00dfe, erblickt man die imposante Seite des Doms, direkt \u00fcber der sogenannten &#8222;Scalinata [&hellip;]<\/p>\n","protected":false},"author":3,"featured_media":6577,"parent":3164,"menu_order":9,"comment_status":"closed","ping_status":"closed","template":"","meta":{"om_disable_all_campaigns":false,"_monsterinsights_skip_tracking":false,"_monsterinsights_sitenote_active":false,"_monsterinsights_sitenote_note":"","_monsterinsights_sitenote_category":0},"acf":[],"yoast_head":"<!-- This site is optimized with the Yoast SEO plugin v18.4.1 - https:\/\/yoast.com\/wordpress\/plugins\/seo\/ -->\n<title>Cattedrale di San Lorenzo e Museo Capitolare - Exploring Umbria<\/title>\n<meta name=\"description\" content=\"Gleich am Ende der Piazza IV Novembre, nur wenige Meter vom Brunnen und vor der Fassade des Palazzo dei Priori entfernt, steht die majest\u00e4tische\" \/>\n<meta name=\"robots\" content=\"index, follow, max-snippet:-1, max-image-preview:large, max-video-preview:-1\" \/>\n<link rel=\"canonical\" href=\"https:\/\/www.exploring-umbria.com\/de\/entdecke-perugia\/sehenswuerdigkeiten-in-perugia\/cattedrale-di-san-lorenzo-e-museo-capitolare\/\" \/>\n<meta property=\"og:locale\" content=\"de_DE\" \/>\n<meta property=\"og:type\" content=\"article\" \/>\n<meta property=\"og:title\" content=\"Cattedrale di San Lorenzo e Museo Capitolare - Exploring Umbria\" \/>\n<meta property=\"og:description\" content=\"Gleich am Ende der Piazza IV Novembre, nur wenige Meter vom Brunnen und vor der Fassade des Palazzo dei Priori entfernt, steht die majest\u00e4tische\" \/>\n<meta property=\"og:url\" content=\"https:\/\/www.exploring-umbria.com\/de\/entdecke-perugia\/sehenswuerdigkeiten-in-perugia\/cattedrale-di-san-lorenzo-e-museo-capitolare\/\" \/>\n<meta property=\"og:site_name\" content=\"Exploring Umbria\" \/>\n<meta property=\"article:publisher\" content=\"https:\/\/www.facebook.com\/exploringumbria\/\" \/>\n<meta property=\"article:modified_time\" content=\"2020-02-03T17:15:20+00:00\" \/>\n<meta property=\"og:image\" content=\"https:\/\/www.exploring-umbria.com\/wp-content\/uploads\/2019\/05\/perugia-fontana.jpg\" \/>\n\t<meta property=\"og:image:width\" content=\"1800\" \/>\n\t<meta property=\"og:image:height\" content=\"1350\" \/>\n\t<meta property=\"og:image:type\" content=\"image\/jpeg\" \/>\n<meta name=\"twitter:card\" content=\"summary_large_image\" \/>\n<meta name=\"twitter:label1\" content=\"Gesch\u00e4tzte Lesezeit\" \/>\n\t<meta name=\"twitter:data1\" content=\"4\u00a0Minuten\" \/>\n<script type=\"application\/ld+json\" class=\"yoast-schema-graph\">{\"@context\":\"https:\/\/schema.org\",\"@graph\":[{\"@type\":\"Organization\",\"@id\":\"https:\/\/www.exploring-umbria.com\/de\/#organization\",\"name\":\"Exploring Umbria\",\"url\":\"https:\/\/www.exploring-umbria.com\/de\/\",\"sameAs\":[\"https:\/\/www.facebook.com\/exploringumbria\/\",\"https:\/\/www.instagram.com\/exploringumbria\/\"],\"logo\":{\"@type\":\"ImageObject\",\"@id\":\"https:\/\/www.exploring-umbria.com\/de\/#logo\",\"inLanguage\":\"de\",\"url\":\"https:\/\/www.exploring-umbria.com\/wp-content\/uploads\/2019\/08\/solo-logo-verde.jpg\",\"contentUrl\":\"https:\/\/www.exploring-umbria.com\/wp-content\/uploads\/2019\/08\/solo-logo-verde.jpg\",\"width\":952,\"height\":532,\"caption\":\"Exploring Umbria\"},\"image\":{\"@id\":\"https:\/\/www.exploring-umbria.com\/de\/#logo\"}},{\"@type\":\"WebSite\",\"@id\":\"https:\/\/www.exploring-umbria.com\/de\/#website\",\"url\":\"https:\/\/www.exploring-umbria.com\/de\/\",\"name\":\"Exploring Umbria\",\"description\":\"your dates, your mood, your trip\",\"publisher\":{\"@id\":\"https:\/\/www.exploring-umbria.com\/de\/#organization\"},\"potentialAction\":[{\"@type\":\"SearchAction\",\"target\":{\"@type\":\"EntryPoint\",\"urlTemplate\":\"https:\/\/www.exploring-umbria.com\/de\/?s={search_term_string}\"},\"query-input\":\"required name=search_term_string\"}],\"inLanguage\":\"de\"},{\"@type\":\"ImageObject\",\"@id\":\"https:\/\/www.exploring-umbria.com\/de\/entdecke-perugia\/sehenswuerdigkeiten-in-perugia\/cattedrale-di-san-lorenzo-e-museo-capitolare\/#primaryimage\",\"inLanguage\":\"de\",\"url\":\"https:\/\/www.exploring-umbria.com\/wp-content\/uploads\/2019\/05\/perugia-fontana.jpg\",\"contentUrl\":\"https:\/\/www.exploring-umbria.com\/wp-content\/uploads\/2019\/05\/perugia-fontana.jpg\",\"width\":1800,\"height\":1350,\"caption\":\"la fontana maggiore con la basilica di san lorenzo\"},{\"@type\":\"WebPage\",\"@id\":\"https:\/\/www.exploring-umbria.com\/de\/entdecke-perugia\/sehenswuerdigkeiten-in-perugia\/cattedrale-di-san-lorenzo-e-museo-capitolare\/#webpage\",\"url\":\"https:\/\/www.exploring-umbria.com\/de\/entdecke-perugia\/sehenswuerdigkeiten-in-perugia\/cattedrale-di-san-lorenzo-e-museo-capitolare\/\",\"name\":\"Cattedrale di San Lorenzo e Museo Capitolare - Exploring Umbria\",\"isPartOf\":{\"@id\":\"https:\/\/www.exploring-umbria.com\/de\/#website\"},\"primaryImageOfPage\":{\"@id\":\"https:\/\/www.exploring-umbria.com\/de\/entdecke-perugia\/sehenswuerdigkeiten-in-perugia\/cattedrale-di-san-lorenzo-e-museo-capitolare\/#primaryimage\"},\"datePublished\":\"2019-02-28T18:27:07+00:00\",\"dateModified\":\"2020-02-03T17:15:20+00:00\",\"description\":\"Gleich am Ende der Piazza IV Novembre, nur wenige Meter vom Brunnen und vor der Fassade des Palazzo dei Priori entfernt, steht die majest\u00e4tische\",\"breadcrumb\":{\"@id\":\"https:\/\/www.exploring-umbria.com\/de\/entdecke-perugia\/sehenswuerdigkeiten-in-perugia\/cattedrale-di-san-lorenzo-e-museo-capitolare\/#breadcrumb\"},\"inLanguage\":\"de\",\"potentialAction\":[{\"@type\":\"ReadAction\",\"target\":[\"https:\/\/www.exploring-umbria.com\/de\/entdecke-perugia\/sehenswuerdigkeiten-in-perugia\/cattedrale-di-san-lorenzo-e-museo-capitolare\/\"]}]},{\"@type\":\"BreadcrumbList\",\"@id\":\"https:\/\/www.exploring-umbria.com\/de\/entdecke-perugia\/sehenswuerdigkeiten-in-perugia\/cattedrale-di-san-lorenzo-e-museo-capitolare\/#breadcrumb\",\"itemListElement\":[{\"@type\":\"ListItem\",\"position\":1,\"name\":\"Home\",\"item\":\"https:\/\/www.exploring-umbria.com\/de\/\"},{\"@type\":\"ListItem\",\"position\":2,\"name\":\"Entdecke Perugia\",\"item\":\"https:\/\/www.exploring-umbria.com\/de\/entdecke-perugia\/\"},{\"@type\":\"ListItem\",\"position\":3,\"name\":\"Sehensw\u00fcrdigkeiten in Perugia\",\"item\":\"https:\/\/www.exploring-umbria.com\/de\/entdecke-perugia\/sehenswuerdigkeiten-in-perugia\/\"},{\"@type\":\"ListItem\",\"position\":4,\"name\":\"Cattedrale di San Lorenzo e Museo Capitolare\"}]}]}<\/script>\n<!-- \/ Yoast SEO plugin. -->","yoast_head_json":{"title":"Cattedrale di San Lorenzo e Museo Capitolare - Exploring Umbria","description":"Gleich am Ende der Piazza IV Novembre, nur wenige Meter vom Brunnen und vor der Fassade des Palazzo dei Priori entfernt, steht die majest\u00e4tische","robots":{"index":"index","follow":"follow","max-snippet":"max-snippet:-1","max-image-preview":"max-image-preview:large","max-video-preview":"max-video-preview:-1"},"canonical":"https:\/\/www.exploring-umbria.com\/de\/entdecke-perugia\/sehenswuerdigkeiten-in-perugia\/cattedrale-di-san-lorenzo-e-museo-capitolare\/","og_locale":"de_DE","og_type":"article","og_title":"Cattedrale di San Lorenzo e Museo Capitolare - Exploring Umbria","og_description":"Gleich am Ende der Piazza IV Novembre, nur wenige Meter vom Brunnen und vor der Fassade des Palazzo dei Priori entfernt, steht die majest\u00e4tische","og_url":"https:\/\/www.exploring-umbria.com\/de\/entdecke-perugia\/sehenswuerdigkeiten-in-perugia\/cattedrale-di-san-lorenzo-e-museo-capitolare\/","og_site_name":"Exploring Umbria","article_publisher":"https:\/\/www.facebook.com\/exploringumbria\/","article_modified_time":"2020-02-03T17:15:20+00:00","og_image":[{"width":1800,"height":1350,"url":"https:\/\/www.exploring-umbria.com\/wp-content\/uploads\/2019\/05\/perugia-fontana.jpg","type":"image\/jpeg"}],"twitter_card":"summary_large_image","twitter_misc":{"Gesch\u00e4tzte Lesezeit":"4\u00a0Minuten"},"schema":{"@context":"https:\/\/schema.org","@graph":[{"@type":"Organization","@id":"https:\/\/www.exploring-umbria.com\/de\/#organization","name":"Exploring Umbria","url":"https:\/\/www.exploring-umbria.com\/de\/","sameAs":["https:\/\/www.facebook.com\/exploringumbria\/","https:\/\/www.instagram.com\/exploringumbria\/"],"logo":{"@type":"ImageObject","@id":"https:\/\/www.exploring-umbria.com\/de\/#logo","inLanguage":"de","url":"https:\/\/www.exploring-umbria.com\/wp-content\/uploads\/2019\/08\/solo-logo-verde.jpg","contentUrl":"https:\/\/www.exploring-umbria.com\/wp-content\/uploads\/2019\/08\/solo-logo-verde.jpg","width":952,"height":532,"caption":"Exploring Umbria"},"image":{"@id":"https:\/\/www.exploring-umbria.com\/de\/#logo"}},{"@type":"WebSite","@id":"https:\/\/www.exploring-umbria.com\/de\/#website","url":"https:\/\/www.exploring-umbria.com\/de\/","name":"Exploring Umbria","description":"your dates, your mood, your trip","publisher":{"@id":"https:\/\/www.exploring-umbria.com\/de\/#organization"},"potentialAction":[{"@type":"SearchAction","target":{"@type":"EntryPoint","urlTemplate":"https:\/\/www.exploring-umbria.com\/de\/?s={search_term_string}"},"query-input":"required name=search_term_string"}],"inLanguage":"de"},{"@type":"ImageObject","@id":"https:\/\/www.exploring-umbria.com\/de\/entdecke-perugia\/sehenswuerdigkeiten-in-perugia\/cattedrale-di-san-lorenzo-e-museo-capitolare\/#primaryimage","inLanguage":"de","url":"https:\/\/www.exploring-umbria.com\/wp-content\/uploads\/2019\/05\/perugia-fontana.jpg","contentUrl":"https:\/\/www.exploring-umbria.com\/wp-content\/uploads\/2019\/05\/perugia-fontana.jpg","width":1800,"height":1350,"caption":"la fontana maggiore con la basilica di san lorenzo"},{"@type":"WebPage","@id":"https:\/\/www.exploring-umbria.com\/de\/entdecke-perugia\/sehenswuerdigkeiten-in-perugia\/cattedrale-di-san-lorenzo-e-museo-capitolare\/#webpage","url":"https:\/\/www.exploring-umbria.com\/de\/entdecke-perugia\/sehenswuerdigkeiten-in-perugia\/cattedrale-di-san-lorenzo-e-museo-capitolare\/","name":"Cattedrale di San Lorenzo e Museo Capitolare - Exploring Umbria","isPartOf":{"@id":"https:\/\/www.exploring-umbria.com\/de\/#website"},"primaryImageOfPage":{"@id":"https:\/\/www.exploring-umbria.com\/de\/entdecke-perugia\/sehenswuerdigkeiten-in-perugia\/cattedrale-di-san-lorenzo-e-museo-capitolare\/#primaryimage"},"datePublished":"2019-02-28T18:27:07+00:00","dateModified":"2020-02-03T17:15:20+00:00","description":"Gleich am Ende der Piazza IV Novembre, nur wenige Meter vom Brunnen und vor der Fassade des Palazzo dei Priori entfernt, steht die majest\u00e4tische","breadcrumb":{"@id":"https:\/\/www.exploring-umbria.com\/de\/entdecke-perugia\/sehenswuerdigkeiten-in-perugia\/cattedrale-di-san-lorenzo-e-museo-capitolare\/#breadcrumb"},"inLanguage":"de","potentialAction":[{"@type":"ReadAction","target":["https:\/\/www.exploring-umbria.com\/de\/entdecke-perugia\/sehenswuerdigkeiten-in-perugia\/cattedrale-di-san-lorenzo-e-museo-capitolare\/"]}]},{"@type":"BreadcrumbList","@id":"https:\/\/www.exploring-umbria.com\/de\/entdecke-perugia\/sehenswuerdigkeiten-in-perugia\/cattedrale-di-san-lorenzo-e-museo-capitolare\/#breadcrumb","itemListElement":[{"@type":"ListItem","position":1,"name":"Home","item":"https:\/\/www.exploring-umbria.com\/de\/"},{"@type":"ListItem","position":2,"name":"Entdecke Perugia","item":"https:\/\/www.exploring-umbria.com\/de\/entdecke-perugia\/"},{"@type":"ListItem","position":3,"name":"Sehensw\u00fcrdigkeiten in Perugia","item":"https:\/\/www.exploring-umbria.com\/de\/entdecke-perugia\/sehenswuerdigkeiten-in-perugia\/"},{"@type":"ListItem","position":4,"name":"Cattedrale di San Lorenzo e Museo Capitolare"}]}]}},"_links":{"self":[{"href":"https:\/\/www.exploring-umbria.com\/de\/wp-json\/wp\/v2\/pages\/3133"}],"collection":[{"href":"https:\/\/www.exploring-umbria.com\/de\/wp-json\/wp\/v2\/pages"}],"about":[{"href":"https:\/\/www.exploring-umbria.com\/de\/wp-json\/wp\/v2\/types\/page"}],"author":[{"embeddable":true,"href":"https:\/\/www.exploring-umbria.com\/de\/wp-json\/wp\/v2\/users\/3"}],"replies":[{"embeddable":true,"href":"https:\/\/www.exploring-umbria.com\/de\/wp-json\/wp\/v2\/comments?post=3133"}],"version-history":[{"count":8,"href":"https:\/\/www.exploring-umbria.com\/de\/wp-json\/wp\/v2\/pages\/3133\/revisions"}],"predecessor-version":[{"id":30595,"href":"https:\/\/www.exploring-umbria.com\/de\/wp-json\/wp\/v2\/pages\/3133\/revisions\/30595"}],"up":[{"embeddable":true,"href":"https:\/\/www.exploring-umbria.com\/de\/wp-json\/wp\/v2\/pages\/3164"}],"wp:featuredmedia":[{"embeddable":true,"href":"https:\/\/www.exploring-umbria.com\/de\/wp-json\/wp\/v2\/media\/6577"}],"wp:attachment":[{"href":"https:\/\/www.exploring-umbria.com\/de\/wp-json\/wp\/v2\/media?parent=3133"}],"curies":[{"name":"wp","href":"https:\/\/api.w.org\/{rel}","templated":true}]}}