{"id":3126,"date":"2019-02-28T19:31:36","date_gmt":"2019-02-28T18:31:36","guid":{"rendered":"https:\/\/www.exploring-umbria.com\/museo-di-palazzo-degli-oddi\/"},"modified":"2020-02-22T16:43:39","modified_gmt":"2020-02-22T15:43:39","slug":"museum-im-palazzo-degli-oddi","status":"publish","type":"page","link":"https:\/\/www.exploring-umbria.com\/de\/entdecke-perugia\/sehenswuerdigkeiten-in-perugia\/museum-im-palazzo-degli-oddi\/","title":{"rendered":"Museum im Palazzo Degli Oddi"},"content":{"rendered":"<p>Am Ende der <strong>Via Dei Priori<\/strong>, dort wo sich fr\u00fcher die <strong>Piazza degli Oddi<\/strong>, erhebt sich heute der <strong>Palazzo degli Oddi<\/strong>, Sitz des gleichnamigen Museums, das von der <strong>Stiftung Marini Clarelli Santi<\/strong> verwaltet wird.<\/p>\n<p>Ein wundersch\u00f6nes, am Beginn des 16. Jahrhunderts auf Wunsch von <em>Guido degli Oddi<\/em>, Vertreter einer der m\u00e4chtigsten Adelsfamilie von <a href=\"https:\/\/www.exploring-umbria.com\/de\/aktivitaten\/guided-tour-of-perugia\/\" target=\"_blank\" rel=\"noopener noreferrer\">Perugia<\/a> und einer der bekanntesten Adelsfamilien der Halbinsel, errichtetes Bauwerk. Angeblich stammten die <em>degli Oddi<\/em> urspr\u00fcnglich aus Ungarn und kamen mit <a href=\"https:\/\/de.wikipedia.org\/wiki\/Friedrich_I._(Schwaben)\" target=\"_blank\" rel=\"noopener noreferrer\">Friedrich I<\/a>. nach Italien. Im Zeitalter der Kommunen erfreuten sie sich in der Stadt gro\u00dfer Beliebtheit, nicht zuletzt auch weil sie viele Feudalherren im Gebiet um Perugia anf\u00fchrten. Sie waren auch als die Hauptrivalen der Familie <em>Baglioni<\/em> bekannt, die hingegen die volksnahen Familien repr\u00e4sentierte. Die Rivalit\u00e4t endete mit dem \u00fcberw\u00e4ltigenden Sieg an allen Fronten der <em>degli<\/em> <em>Oddi<\/em> und deren damit einhergehenden Exilverweisung sowie Beschlagnahmung ihres Stadtbesitzes, den sie jedoch dank einer Intervention des Papstes, der betreffend die Herrschaft in der Stadt stets in Konflikt mit der Familie Baglioni stand, wieder erhielten.<\/p>\n<p>Leider sind nur noch die Reste des urspr\u00fcnglichen Palastes im Erdgeschoss erhalten, genauer gesagt der mit Fresken aus dem siebzehnten Jahrhundert verzierte Saal, in dem sich heute eine bedeutende Kunstsammlung befindet, die aus Gem\u00e4lden, Zeichnungen, Druckgrafiken, Postkarten, Briefmarken und antiken M\u00f6beln besteht.<\/p>\n<p>Der erste, der sein Interesse an der Sammlung bekundete, war <em>Angelo degli Oddi<\/em>, der etwa 69 Gem\u00e4lde und 35 Zeichnungen sammelte. Sein Sohn <em>Francesco<\/em> wollte diese T\u00e4tigkeit, der er sich mit der wichtigen Katalogisierung und Erweiterung der Sammlung durch den Kauf anderer Werke widmete, fortsetzen, um ein Erbe aus 210 Gem\u00e4lden und 1268 Zeichnungen entstehen zu lassen.<\/p>\n<p>Der Palast ist seit jeher Eigentum der Erben der <em>degli Oddi<\/em> geblieben, bis zur letzten Vertreterin der gleichnamigen nachkommen, <em>Maria Vittoria degli Oddi<\/em> (gestorben 1942), verheiratet mit <em>Luigi Marini Clarelli<\/em>.<\/p>\n","protected":false},"excerpt":{"rendered":"<p>Am Ende der Via Dei Priori, dort wo sich fr\u00fcher die Piazza degli Oddi, erhebt sich heute der Palazzo degli Oddi, Sitz des gleichnamigen Museums, das von der Stiftung Marini Clarelli Santi verwaltet wird. Ein wundersch\u00f6nes, am Beginn des 16. Jahrhunderts auf Wunsch von Guido degli Oddi, Vertreter einer der m\u00e4chtigsten Adelsfamilie von Perugia und [&hellip;]<\/p>\n","protected":false},"author":3,"featured_media":0,"parent":3164,"menu_order":23,"comment_status":"closed","ping_status":"closed","template":"","meta":{"om_disable_all_campaigns":false,"_monsterinsights_skip_tracking":false,"_monsterinsights_sitenote_active":false,"_monsterinsights_sitenote_note":"","_monsterinsights_sitenote_category":0},"acf":[],"yoast_head":"<!-- This site is optimized with the Yoast SEO plugin v18.4.1 - https:\/\/yoast.com\/wordpress\/plugins\/seo\/ -->\n<title>Museum im Palazzo Degli Oddi - Exploring Umbria<\/title>\n<meta name=\"description\" content=\"Am Ende der Via Dei Priori, dort wo sich fr\u00fcher die Piazza degli Oddi, erhebt sich heute der Palazzo degli Oddi, Sitz des gleichnamigen Museums, das von\" \/>\n<meta name=\"robots\" content=\"index, follow, max-snippet:-1, max-image-preview:large, max-video-preview:-1\" \/>\n<link rel=\"canonical\" href=\"https:\/\/www.exploring-umbria.com\/de\/entdecke-perugia\/sehenswuerdigkeiten-in-perugia\/museum-im-palazzo-degli-oddi\/\" \/>\n<meta property=\"og:locale\" content=\"de_DE\" \/>\n<meta property=\"og:type\" content=\"article\" \/>\n<meta property=\"og:title\" content=\"Museum im Palazzo Degli Oddi - Exploring Umbria\" \/>\n<meta property=\"og:description\" content=\"Am Ende der Via Dei Priori, dort wo sich fr\u00fcher die Piazza degli Oddi, erhebt sich heute der Palazzo degli Oddi, Sitz des gleichnamigen Museums, das von\" \/>\n<meta property=\"og:url\" content=\"https:\/\/www.exploring-umbria.com\/de\/entdecke-perugia\/sehenswuerdigkeiten-in-perugia\/museum-im-palazzo-degli-oddi\/\" \/>\n<meta property=\"og:site_name\" content=\"Exploring Umbria\" \/>\n<meta property=\"article:publisher\" content=\"https:\/\/www.facebook.com\/exploringumbria\/\" \/>\n<meta property=\"article:modified_time\" content=\"2020-02-22T15:43:39+00:00\" \/>\n<meta name=\"twitter:card\" content=\"summary_large_image\" \/>\n<meta name=\"twitter:label1\" content=\"Gesch\u00e4tzte Lesezeit\" \/>\n\t<meta name=\"twitter:data1\" content=\"2\u00a0Minuten\" \/>\n<script type=\"application\/ld+json\" class=\"yoast-schema-graph\">{\"@context\":\"https:\/\/schema.org\",\"@graph\":[{\"@type\":\"Organization\",\"@id\":\"https:\/\/www.exploring-umbria.com\/de\/#organization\",\"name\":\"Exploring Umbria\",\"url\":\"https:\/\/www.exploring-umbria.com\/de\/\",\"sameAs\":[\"https:\/\/www.facebook.com\/exploringumbria\/\",\"https:\/\/www.instagram.com\/exploringumbria\/\"],\"logo\":{\"@type\":\"ImageObject\",\"@id\":\"https:\/\/www.exploring-umbria.com\/de\/#logo\",\"inLanguage\":\"de\",\"url\":\"https:\/\/www.exploring-umbria.com\/wp-content\/uploads\/2019\/08\/solo-logo-verde.jpg\",\"contentUrl\":\"https:\/\/www.exploring-umbria.com\/wp-content\/uploads\/2019\/08\/solo-logo-verde.jpg\",\"width\":952,\"height\":532,\"caption\":\"Exploring Umbria\"},\"image\":{\"@id\":\"https:\/\/www.exploring-umbria.com\/de\/#logo\"}},{\"@type\":\"WebSite\",\"@id\":\"https:\/\/www.exploring-umbria.com\/de\/#website\",\"url\":\"https:\/\/www.exploring-umbria.com\/de\/\",\"name\":\"Exploring Umbria\",\"description\":\"your dates, your mood, your trip\",\"publisher\":{\"@id\":\"https:\/\/www.exploring-umbria.com\/de\/#organization\"},\"potentialAction\":[{\"@type\":\"SearchAction\",\"target\":{\"@type\":\"EntryPoint\",\"urlTemplate\":\"https:\/\/www.exploring-umbria.com\/de\/?s={search_term_string}\"},\"query-input\":\"required name=search_term_string\"}],\"inLanguage\":\"de\"},{\"@type\":\"WebPage\",\"@id\":\"https:\/\/www.exploring-umbria.com\/de\/entdecke-perugia\/sehenswuerdigkeiten-in-perugia\/museum-im-palazzo-degli-oddi\/#webpage\",\"url\":\"https:\/\/www.exploring-umbria.com\/de\/entdecke-perugia\/sehenswuerdigkeiten-in-perugia\/museum-im-palazzo-degli-oddi\/\",\"name\":\"Museum im Palazzo Degli Oddi - Exploring Umbria\",\"isPartOf\":{\"@id\":\"https:\/\/www.exploring-umbria.com\/de\/#website\"},\"datePublished\":\"2019-02-28T18:31:36+00:00\",\"dateModified\":\"2020-02-22T15:43:39+00:00\",\"description\":\"Am Ende der Via Dei Priori, dort wo sich fr\u00fcher die Piazza degli Oddi, erhebt sich heute der Palazzo degli Oddi, Sitz des gleichnamigen Museums, das von\",\"breadcrumb\":{\"@id\":\"https:\/\/www.exploring-umbria.com\/de\/entdecke-perugia\/sehenswuerdigkeiten-in-perugia\/museum-im-palazzo-degli-oddi\/#breadcrumb\"},\"inLanguage\":\"de\",\"potentialAction\":[{\"@type\":\"ReadAction\",\"target\":[\"https:\/\/www.exploring-umbria.com\/de\/entdecke-perugia\/sehenswuerdigkeiten-in-perugia\/museum-im-palazzo-degli-oddi\/\"]}]},{\"@type\":\"BreadcrumbList\",\"@id\":\"https:\/\/www.exploring-umbria.com\/de\/entdecke-perugia\/sehenswuerdigkeiten-in-perugia\/museum-im-palazzo-degli-oddi\/#breadcrumb\",\"itemListElement\":[{\"@type\":\"ListItem\",\"position\":1,\"name\":\"Home\",\"item\":\"https:\/\/www.exploring-umbria.com\/de\/\"},{\"@type\":\"ListItem\",\"position\":2,\"name\":\"Entdecke Perugia\",\"item\":\"https:\/\/www.exploring-umbria.com\/de\/entdecke-perugia\/\"},{\"@type\":\"ListItem\",\"position\":3,\"name\":\"Sehensw\u00fcrdigkeiten in Perugia\",\"item\":\"https:\/\/www.exploring-umbria.com\/de\/entdecke-perugia\/sehenswuerdigkeiten-in-perugia\/\"},{\"@type\":\"ListItem\",\"position\":4,\"name\":\"Museum im Palazzo Degli Oddi\"}]}]}<\/script>\n<!-- \/ Yoast SEO plugin. -->","yoast_head_json":{"title":"Museum im Palazzo Degli Oddi - Exploring Umbria","description":"Am Ende der Via Dei Priori, dort wo sich fr\u00fcher die Piazza degli Oddi, erhebt sich heute der Palazzo degli Oddi, Sitz des gleichnamigen Museums, das von","robots":{"index":"index","follow":"follow","max-snippet":"max-snippet:-1","max-image-preview":"max-image-preview:large","max-video-preview":"max-video-preview:-1"},"canonical":"https:\/\/www.exploring-umbria.com\/de\/entdecke-perugia\/sehenswuerdigkeiten-in-perugia\/museum-im-palazzo-degli-oddi\/","og_locale":"de_DE","og_type":"article","og_title":"Museum im Palazzo Degli Oddi - Exploring Umbria","og_description":"Am Ende der Via Dei Priori, dort wo sich fr\u00fcher die Piazza degli Oddi, erhebt sich heute der Palazzo degli Oddi, Sitz des gleichnamigen Museums, das von","og_url":"https:\/\/www.exploring-umbria.com\/de\/entdecke-perugia\/sehenswuerdigkeiten-in-perugia\/museum-im-palazzo-degli-oddi\/","og_site_name":"Exploring Umbria","article_publisher":"https:\/\/www.facebook.com\/exploringumbria\/","article_modified_time":"2020-02-22T15:43:39+00:00","twitter_card":"summary_large_image","twitter_misc":{"Gesch\u00e4tzte Lesezeit":"2\u00a0Minuten"},"schema":{"@context":"https:\/\/schema.org","@graph":[{"@type":"Organization","@id":"https:\/\/www.exploring-umbria.com\/de\/#organization","name":"Exploring Umbria","url":"https:\/\/www.exploring-umbria.com\/de\/","sameAs":["https:\/\/www.facebook.com\/exploringumbria\/","https:\/\/www.instagram.com\/exploringumbria\/"],"logo":{"@type":"ImageObject","@id":"https:\/\/www.exploring-umbria.com\/de\/#logo","inLanguage":"de","url":"https:\/\/www.exploring-umbria.com\/wp-content\/uploads\/2019\/08\/solo-logo-verde.jpg","contentUrl":"https:\/\/www.exploring-umbria.com\/wp-content\/uploads\/2019\/08\/solo-logo-verde.jpg","width":952,"height":532,"caption":"Exploring Umbria"},"image":{"@id":"https:\/\/www.exploring-umbria.com\/de\/#logo"}},{"@type":"WebSite","@id":"https:\/\/www.exploring-umbria.com\/de\/#website","url":"https:\/\/www.exploring-umbria.com\/de\/","name":"Exploring Umbria","description":"your dates, your mood, your trip","publisher":{"@id":"https:\/\/www.exploring-umbria.com\/de\/#organization"},"potentialAction":[{"@type":"SearchAction","target":{"@type":"EntryPoint","urlTemplate":"https:\/\/www.exploring-umbria.com\/de\/?s={search_term_string}"},"query-input":"required name=search_term_string"}],"inLanguage":"de"},{"@type":"WebPage","@id":"https:\/\/www.exploring-umbria.com\/de\/entdecke-perugia\/sehenswuerdigkeiten-in-perugia\/museum-im-palazzo-degli-oddi\/#webpage","url":"https:\/\/www.exploring-umbria.com\/de\/entdecke-perugia\/sehenswuerdigkeiten-in-perugia\/museum-im-palazzo-degli-oddi\/","name":"Museum im Palazzo Degli Oddi - Exploring Umbria","isPartOf":{"@id":"https:\/\/www.exploring-umbria.com\/de\/#website"},"datePublished":"2019-02-28T18:31:36+00:00","dateModified":"2020-02-22T15:43:39+00:00","description":"Am Ende der Via Dei Priori, dort wo sich fr\u00fcher die Piazza degli Oddi, erhebt sich heute der Palazzo degli Oddi, Sitz des gleichnamigen Museums, das von","breadcrumb":{"@id":"https:\/\/www.exploring-umbria.com\/de\/entdecke-perugia\/sehenswuerdigkeiten-in-perugia\/museum-im-palazzo-degli-oddi\/#breadcrumb"},"inLanguage":"de","potentialAction":[{"@type":"ReadAction","target":["https:\/\/www.exploring-umbria.com\/de\/entdecke-perugia\/sehenswuerdigkeiten-in-perugia\/museum-im-palazzo-degli-oddi\/"]}]},{"@type":"BreadcrumbList","@id":"https:\/\/www.exploring-umbria.com\/de\/entdecke-perugia\/sehenswuerdigkeiten-in-perugia\/museum-im-palazzo-degli-oddi\/#breadcrumb","itemListElement":[{"@type":"ListItem","position":1,"name":"Home","item":"https:\/\/www.exploring-umbria.com\/de\/"},{"@type":"ListItem","position":2,"name":"Entdecke Perugia","item":"https:\/\/www.exploring-umbria.com\/de\/entdecke-perugia\/"},{"@type":"ListItem","position":3,"name":"Sehensw\u00fcrdigkeiten in Perugia","item":"https:\/\/www.exploring-umbria.com\/de\/entdecke-perugia\/sehenswuerdigkeiten-in-perugia\/"},{"@type":"ListItem","position":4,"name":"Museum im Palazzo Degli Oddi"}]}]}},"_links":{"self":[{"href":"https:\/\/www.exploring-umbria.com\/de\/wp-json\/wp\/v2\/pages\/3126"}],"collection":[{"href":"https:\/\/www.exploring-umbria.com\/de\/wp-json\/wp\/v2\/pages"}],"about":[{"href":"https:\/\/www.exploring-umbria.com\/de\/wp-json\/wp\/v2\/types\/page"}],"author":[{"embeddable":true,"href":"https:\/\/www.exploring-umbria.com\/de\/wp-json\/wp\/v2\/users\/3"}],"replies":[{"embeddable":true,"href":"https:\/\/www.exploring-umbria.com\/de\/wp-json\/wp\/v2\/comments?post=3126"}],"version-history":[{"count":4,"href":"https:\/\/www.exploring-umbria.com\/de\/wp-json\/wp\/v2\/pages\/3126\/revisions"}],"predecessor-version":[{"id":31227,"href":"https:\/\/www.exploring-umbria.com\/de\/wp-json\/wp\/v2\/pages\/3126\/revisions\/31227"}],"up":[{"embeddable":true,"href":"https:\/\/www.exploring-umbria.com\/de\/wp-json\/wp\/v2\/pages\/3164"}],"wp:attachment":[{"href":"https:\/\/www.exploring-umbria.com\/de\/wp-json\/wp\/v2\/media?parent=3126"}],"curies":[{"name":"wp","href":"https:\/\/api.w.org\/{rel}","templated":true}]}}