{"id":3124,"date":"2019-02-28T19:33:47","date_gmt":"2019-02-28T18:33:47","guid":{"rendered":"https:\/\/www.exploring-umbria.com\/nobile-collegio-del-cambio\/"},"modified":"2020-02-03T20:09:26","modified_gmt":"2020-02-03T19:09:26","slug":"nobile-collegio-del-cambio-edles-kollegium-der-wechsler","status":"publish","type":"page","link":"https:\/\/www.exploring-umbria.com\/de\/entdecke-perugia\/sehenswuerdigkeiten-in-perugia\/nobile-collegio-del-cambio-edles-kollegium-der-wechsler\/","title":{"rendered":"Edles Kollegium der Wechsler"},"content":{"rendered":"<p>Unter den bestehenden Gesch\u00e4ftszweigen in Perugia freuten sich einige \u00fcber gro\u00dfes Ansehen und erlangten im Laufe der Jahre eine enorme Macht. Dazu geh\u00f6rte mit Sicherheit auch das Gesch\u00e4ft der <strong>Wechsler und Bankiers<\/strong>.<\/p>\n<p>Dieses Gesch\u00e4ft war so einflussreich, dass es den prestigetr\u00e4chtigen Sitz im <a href=\"https:\/\/www.exploring-umbria.com\/de\/subcategories\/cosa-fare-e-cosa-vedere-a-perugia\/#heading3112\" target=\"_blank\" rel=\"noopener noreferrer\"><strong>Palazzo dei Priori<\/strong><\/a> einnahm, der zwischen 1452 und 1457 erbaut wurde. Die offizielle Besetzung war die der Geldwechsler, aber in Wirklichkeit wurde hier die Funktion der \u00dcberwachung der verschiedenen Geldwechsel ausge\u00fcbt, und wenn Meinungsverschiedenheiten auftraten, konnte das Kollegium seine Meinung \u00e4u\u00dfern und beurteilen, was in seine Zust\u00e4ndigkeit fallen k\u00f6nnte, und so in jeder Hinsicht als Gericht handeln.<\/p>\n<p>Der Zugang zu den Zimmern erfolgt \u00fcber die <em>Sala dei Legisti<\/em>, deren Bezeichnung darauf zur\u00fcckzuf\u00fchren ist, dass das edle Collegio del Cambio beschlossen hat, das Zimmer an die Legislatoren zu vermieten. Im Inneren k\u00f6nnen Sie <strong>die pr\u00e4chtigen Holzdekorationen<\/strong> bewundern, die <em>Giampiero<\/em> <em>Zuccari<\/em> anvertraut und 1621 fertiggestellt wurden.<\/p>\n<p>Danach gelangt man sofort in den Referendarsaal, den eigentlichen Sitz des Collegio del Cambio, der seinen Namen aufgrund der Tatsache erhalten hat, dass seine Mitglieder, die Meinungen zu Fragen im Zusammenhang mit dem Geldwechsel abgaben, als &#8222;Referendare&#8220; bezeichnet wurden und ihre Aufgabe in diesem Saal wahrnahmen.<\/p>\n<p>Mit der Verzierung im Inneren wurden verschiedene K\u00fcnstler beauftragt, von denen der wichtigste sicherlich <strong>Perugino<\/strong> ist, der sich um den malerischen Teil k\u00fcmmerte, der eines der sch\u00f6nsten Zeugnisse der italienischen Renaissance darstellt. Die Einrichtung und Dekoration der R\u00e4ume wurde <em>Domenico del Tasso<\/em> anvertraut, der unter anderem die Holztheke und die Postergale schuf, w\u00e4hrend eine goldene Terrakotta-Statue bei <a href=\"https:\/\/de.wikipedia.org\/wiki\/Benedetto_da_Maiano\" target=\"_blank\" rel=\"noopener noreferrer\"><em>Benedetto da Maiano<\/em><\/a> in Auftrag gegeben wurde.<\/p>\n<p>Der Eingang zu den oben beschriebenen R\u00e4umen erfolgt vom Palazzo di Priori, am Corso Vannucci, vor Beginn der Via Boncambi.<\/p>\n","protected":false},"excerpt":{"rendered":"<p>Unter den bestehenden Gesch\u00e4ftszweigen in Perugia freuten sich einige \u00fcber gro\u00dfes Ansehen und erlangten im Laufe der Jahre eine enorme Macht. Dazu geh\u00f6rte mit Sicherheit auch das Gesch\u00e4ft der Wechsler und Bankiers. Dieses Gesch\u00e4ft war so einflussreich, dass es den prestigetr\u00e4chtigen Sitz im Palazzo dei Priori einnahm, der zwischen 1452 und 1457 erbaut wurde. Die [&hellip;]<\/p>\n","protected":false},"author":3,"featured_media":0,"parent":3164,"menu_order":13,"comment_status":"closed","ping_status":"closed","template":"","meta":{"om_disable_all_campaigns":false,"_monsterinsights_skip_tracking":false,"_monsterinsights_sitenote_active":false,"_monsterinsights_sitenote_note":"","_monsterinsights_sitenote_category":0},"acf":[],"yoast_head":"<!-- This site is optimized with the Yoast SEO plugin v18.4.1 - https:\/\/yoast.com\/wordpress\/plugins\/seo\/ -->\n<title>Edles Kollegium der Wechsler - Exploring Umbria<\/title>\n<meta name=\"description\" content=\"Unter den bestehenden Gesch\u00e4ftszweigen in Perugia freuten sich einige \u00fcber gro\u00dfes Ansehen und erlangten im Laufe der Jahre eine enorme Macht. Dazu geh\u00f6rte\" \/>\n<meta name=\"robots\" content=\"index, follow, max-snippet:-1, max-image-preview:large, max-video-preview:-1\" \/>\n<link rel=\"canonical\" href=\"https:\/\/www.exploring-umbria.com\/de\/entdecke-perugia\/sehenswuerdigkeiten-in-perugia\/nobile-collegio-del-cambio-edles-kollegium-der-wechsler\/\" \/>\n<meta property=\"og:locale\" content=\"de_DE\" \/>\n<meta property=\"og:type\" content=\"article\" \/>\n<meta property=\"og:title\" content=\"Edles Kollegium der Wechsler - Exploring Umbria\" \/>\n<meta property=\"og:description\" content=\"Unter den bestehenden Gesch\u00e4ftszweigen in Perugia freuten sich einige \u00fcber gro\u00dfes Ansehen und erlangten im Laufe der Jahre eine enorme Macht. Dazu geh\u00f6rte\" \/>\n<meta property=\"og:url\" content=\"https:\/\/www.exploring-umbria.com\/de\/entdecke-perugia\/sehenswuerdigkeiten-in-perugia\/nobile-collegio-del-cambio-edles-kollegium-der-wechsler\/\" \/>\n<meta property=\"og:site_name\" content=\"Exploring Umbria\" \/>\n<meta property=\"article:publisher\" content=\"https:\/\/www.facebook.com\/exploringumbria\/\" \/>\n<meta property=\"article:modified_time\" content=\"2020-02-03T19:09:26+00:00\" \/>\n<meta name=\"twitter:card\" content=\"summary_large_image\" \/>\n<meta name=\"twitter:label1\" content=\"Gesch\u00e4tzte Lesezeit\" \/>\n\t<meta name=\"twitter:data1\" content=\"1\u00a0Minute\" \/>\n<script type=\"application\/ld+json\" class=\"yoast-schema-graph\">{\"@context\":\"https:\/\/schema.org\",\"@graph\":[{\"@type\":\"Organization\",\"@id\":\"https:\/\/www.exploring-umbria.com\/de\/#organization\",\"name\":\"Exploring Umbria\",\"url\":\"https:\/\/www.exploring-umbria.com\/de\/\",\"sameAs\":[\"https:\/\/www.facebook.com\/exploringumbria\/\",\"https:\/\/www.instagram.com\/exploringumbria\/\"],\"logo\":{\"@type\":\"ImageObject\",\"@id\":\"https:\/\/www.exploring-umbria.com\/de\/#logo\",\"inLanguage\":\"de\",\"url\":\"https:\/\/www.exploring-umbria.com\/wp-content\/uploads\/2019\/08\/solo-logo-verde.jpg\",\"contentUrl\":\"https:\/\/www.exploring-umbria.com\/wp-content\/uploads\/2019\/08\/solo-logo-verde.jpg\",\"width\":952,\"height\":532,\"caption\":\"Exploring Umbria\"},\"image\":{\"@id\":\"https:\/\/www.exploring-umbria.com\/de\/#logo\"}},{\"@type\":\"WebSite\",\"@id\":\"https:\/\/www.exploring-umbria.com\/de\/#website\",\"url\":\"https:\/\/www.exploring-umbria.com\/de\/\",\"name\":\"Exploring Umbria\",\"description\":\"your dates, your mood, your trip\",\"publisher\":{\"@id\":\"https:\/\/www.exploring-umbria.com\/de\/#organization\"},\"potentialAction\":[{\"@type\":\"SearchAction\",\"target\":{\"@type\":\"EntryPoint\",\"urlTemplate\":\"https:\/\/www.exploring-umbria.com\/de\/?s={search_term_string}\"},\"query-input\":\"required name=search_term_string\"}],\"inLanguage\":\"de\"},{\"@type\":\"WebPage\",\"@id\":\"https:\/\/www.exploring-umbria.com\/de\/entdecke-perugia\/sehenswuerdigkeiten-in-perugia\/nobile-collegio-del-cambio-edles-kollegium-der-wechsler\/#webpage\",\"url\":\"https:\/\/www.exploring-umbria.com\/de\/entdecke-perugia\/sehenswuerdigkeiten-in-perugia\/nobile-collegio-del-cambio-edles-kollegium-der-wechsler\/\",\"name\":\"Edles Kollegium der Wechsler - Exploring Umbria\",\"isPartOf\":{\"@id\":\"https:\/\/www.exploring-umbria.com\/de\/#website\"},\"datePublished\":\"2019-02-28T18:33:47+00:00\",\"dateModified\":\"2020-02-03T19:09:26+00:00\",\"description\":\"Unter den bestehenden Gesch\u00e4ftszweigen in Perugia freuten sich einige \u00fcber gro\u00dfes Ansehen und erlangten im Laufe der Jahre eine enorme Macht. Dazu geh\u00f6rte\",\"breadcrumb\":{\"@id\":\"https:\/\/www.exploring-umbria.com\/de\/entdecke-perugia\/sehenswuerdigkeiten-in-perugia\/nobile-collegio-del-cambio-edles-kollegium-der-wechsler\/#breadcrumb\"},\"inLanguage\":\"de\",\"potentialAction\":[{\"@type\":\"ReadAction\",\"target\":[\"https:\/\/www.exploring-umbria.com\/de\/entdecke-perugia\/sehenswuerdigkeiten-in-perugia\/nobile-collegio-del-cambio-edles-kollegium-der-wechsler\/\"]}]},{\"@type\":\"BreadcrumbList\",\"@id\":\"https:\/\/www.exploring-umbria.com\/de\/entdecke-perugia\/sehenswuerdigkeiten-in-perugia\/nobile-collegio-del-cambio-edles-kollegium-der-wechsler\/#breadcrumb\",\"itemListElement\":[{\"@type\":\"ListItem\",\"position\":1,\"name\":\"Home\",\"item\":\"https:\/\/www.exploring-umbria.com\/de\/\"},{\"@type\":\"ListItem\",\"position\":2,\"name\":\"Entdecke Perugia\",\"item\":\"https:\/\/www.exploring-umbria.com\/de\/entdecke-perugia\/\"},{\"@type\":\"ListItem\",\"position\":3,\"name\":\"Sehensw\u00fcrdigkeiten in Perugia\",\"item\":\"https:\/\/www.exploring-umbria.com\/de\/entdecke-perugia\/sehenswuerdigkeiten-in-perugia\/\"},{\"@type\":\"ListItem\",\"position\":4,\"name\":\"Edles Kollegium der Wechsler\"}]}]}<\/script>\n<!-- \/ Yoast SEO plugin. -->","yoast_head_json":{"title":"Edles Kollegium der Wechsler - Exploring Umbria","description":"Unter den bestehenden Gesch\u00e4ftszweigen in Perugia freuten sich einige \u00fcber gro\u00dfes Ansehen und erlangten im Laufe der Jahre eine enorme Macht. Dazu geh\u00f6rte","robots":{"index":"index","follow":"follow","max-snippet":"max-snippet:-1","max-image-preview":"max-image-preview:large","max-video-preview":"max-video-preview:-1"},"canonical":"https:\/\/www.exploring-umbria.com\/de\/entdecke-perugia\/sehenswuerdigkeiten-in-perugia\/nobile-collegio-del-cambio-edles-kollegium-der-wechsler\/","og_locale":"de_DE","og_type":"article","og_title":"Edles Kollegium der Wechsler - Exploring Umbria","og_description":"Unter den bestehenden Gesch\u00e4ftszweigen in Perugia freuten sich einige \u00fcber gro\u00dfes Ansehen und erlangten im Laufe der Jahre eine enorme Macht. Dazu geh\u00f6rte","og_url":"https:\/\/www.exploring-umbria.com\/de\/entdecke-perugia\/sehenswuerdigkeiten-in-perugia\/nobile-collegio-del-cambio-edles-kollegium-der-wechsler\/","og_site_name":"Exploring Umbria","article_publisher":"https:\/\/www.facebook.com\/exploringumbria\/","article_modified_time":"2020-02-03T19:09:26+00:00","twitter_card":"summary_large_image","twitter_misc":{"Gesch\u00e4tzte Lesezeit":"1\u00a0Minute"},"schema":{"@context":"https:\/\/schema.org","@graph":[{"@type":"Organization","@id":"https:\/\/www.exploring-umbria.com\/de\/#organization","name":"Exploring Umbria","url":"https:\/\/www.exploring-umbria.com\/de\/","sameAs":["https:\/\/www.facebook.com\/exploringumbria\/","https:\/\/www.instagram.com\/exploringumbria\/"],"logo":{"@type":"ImageObject","@id":"https:\/\/www.exploring-umbria.com\/de\/#logo","inLanguage":"de","url":"https:\/\/www.exploring-umbria.com\/wp-content\/uploads\/2019\/08\/solo-logo-verde.jpg","contentUrl":"https:\/\/www.exploring-umbria.com\/wp-content\/uploads\/2019\/08\/solo-logo-verde.jpg","width":952,"height":532,"caption":"Exploring Umbria"},"image":{"@id":"https:\/\/www.exploring-umbria.com\/de\/#logo"}},{"@type":"WebSite","@id":"https:\/\/www.exploring-umbria.com\/de\/#website","url":"https:\/\/www.exploring-umbria.com\/de\/","name":"Exploring Umbria","description":"your dates, your mood, your trip","publisher":{"@id":"https:\/\/www.exploring-umbria.com\/de\/#organization"},"potentialAction":[{"@type":"SearchAction","target":{"@type":"EntryPoint","urlTemplate":"https:\/\/www.exploring-umbria.com\/de\/?s={search_term_string}"},"query-input":"required name=search_term_string"}],"inLanguage":"de"},{"@type":"WebPage","@id":"https:\/\/www.exploring-umbria.com\/de\/entdecke-perugia\/sehenswuerdigkeiten-in-perugia\/nobile-collegio-del-cambio-edles-kollegium-der-wechsler\/#webpage","url":"https:\/\/www.exploring-umbria.com\/de\/entdecke-perugia\/sehenswuerdigkeiten-in-perugia\/nobile-collegio-del-cambio-edles-kollegium-der-wechsler\/","name":"Edles Kollegium der Wechsler - Exploring Umbria","isPartOf":{"@id":"https:\/\/www.exploring-umbria.com\/de\/#website"},"datePublished":"2019-02-28T18:33:47+00:00","dateModified":"2020-02-03T19:09:26+00:00","description":"Unter den bestehenden Gesch\u00e4ftszweigen in Perugia freuten sich einige \u00fcber gro\u00dfes Ansehen und erlangten im Laufe der Jahre eine enorme Macht. Dazu geh\u00f6rte","breadcrumb":{"@id":"https:\/\/www.exploring-umbria.com\/de\/entdecke-perugia\/sehenswuerdigkeiten-in-perugia\/nobile-collegio-del-cambio-edles-kollegium-der-wechsler\/#breadcrumb"},"inLanguage":"de","potentialAction":[{"@type":"ReadAction","target":["https:\/\/www.exploring-umbria.com\/de\/entdecke-perugia\/sehenswuerdigkeiten-in-perugia\/nobile-collegio-del-cambio-edles-kollegium-der-wechsler\/"]}]},{"@type":"BreadcrumbList","@id":"https:\/\/www.exploring-umbria.com\/de\/entdecke-perugia\/sehenswuerdigkeiten-in-perugia\/nobile-collegio-del-cambio-edles-kollegium-der-wechsler\/#breadcrumb","itemListElement":[{"@type":"ListItem","position":1,"name":"Home","item":"https:\/\/www.exploring-umbria.com\/de\/"},{"@type":"ListItem","position":2,"name":"Entdecke Perugia","item":"https:\/\/www.exploring-umbria.com\/de\/entdecke-perugia\/"},{"@type":"ListItem","position":3,"name":"Sehensw\u00fcrdigkeiten in Perugia","item":"https:\/\/www.exploring-umbria.com\/de\/entdecke-perugia\/sehenswuerdigkeiten-in-perugia\/"},{"@type":"ListItem","position":4,"name":"Edles Kollegium der Wechsler"}]}]}},"_links":{"self":[{"href":"https:\/\/www.exploring-umbria.com\/de\/wp-json\/wp\/v2\/pages\/3124"}],"collection":[{"href":"https:\/\/www.exploring-umbria.com\/de\/wp-json\/wp\/v2\/pages"}],"about":[{"href":"https:\/\/www.exploring-umbria.com\/de\/wp-json\/wp\/v2\/types\/page"}],"author":[{"embeddable":true,"href":"https:\/\/www.exploring-umbria.com\/de\/wp-json\/wp\/v2\/users\/3"}],"replies":[{"embeddable":true,"href":"https:\/\/www.exploring-umbria.com\/de\/wp-json\/wp\/v2\/comments?post=3124"}],"version-history":[{"count":4,"href":"https:\/\/www.exploring-umbria.com\/de\/wp-json\/wp\/v2\/pages\/3124\/revisions"}],"predecessor-version":[{"id":30619,"href":"https:\/\/www.exploring-umbria.com\/de\/wp-json\/wp\/v2\/pages\/3124\/revisions\/30619"}],"up":[{"embeddable":true,"href":"https:\/\/www.exploring-umbria.com\/de\/wp-json\/wp\/v2\/pages\/3164"}],"wp:attachment":[{"href":"https:\/\/www.exploring-umbria.com\/de\/wp-json\/wp\/v2\/media?parent=3124"}],"curies":[{"name":"wp","href":"https:\/\/api.w.org\/{rel}","templated":true}]}}