{"id":3099,"date":"2019-02-28T19:43:42","date_gmt":"2019-02-28T18:43:42","guid":{"rendered":"https:\/\/www.exploring-umbria.com\/rocca-paolina\/"},"modified":"2020-02-22T18:56:57","modified_gmt":"2020-02-22T17:56:57","slug":"rocca-paolina","status":"publish","type":"page","link":"https:\/\/www.exploring-umbria.com\/de\/entdecke-perugia\/sehenswuerdigkeiten-in-perugia\/rocca-paolina\/","title":{"rendered":"Rocca Paolina"},"content":{"rendered":"<p>Ein Besuch in der <strong>Rocca Paolina<\/strong>, oder besser gesagt, in dem, was davon noch \u00fcbrig geblieben ist, vermittelt sofort einen Eindruck von der Gr\u00f6\u00dfe des Geb\u00e4udes und der Bedeutung, die es zum Zeitpunkt seiner eigentlichen Nutzung hatte.<\/p>\n<p>Tats\u00e4chlich kann man auch heute noch die <strong>Majest\u00e4t des Geb\u00e4udes<\/strong> sehen, indem man es einfach von innen durchquert, was dank eines teilweise automatischen Treppensystems, das in den 80er Jahren gebaut wurde, m\u00f6glich ist.<\/p>\n<p>&nbsp;<\/p>\n<p>Die Rocca Paolina wurde unter gro\u00dfem Zeitdruck zwischen 1540 und 1543 erbaut. Der Grund, warum <strong>Papst Paulus III<\/strong>. beschloss, sie errichten zu lassen, war kein klassischer Grund, etwa um die Stadt vor \u00e4u\u00dferen Einfl\u00fcssen zu sch\u00fctzen, sondern als Beweis der St\u00e4rke und Macht eines Papstes, der sich den Herrschaften aufdr\u00e4ngen wollte, in diesem Fall der den <em>Baglioni<\/em>, die die Stadt in den letzten Jahren mit zu viel Autonomie gef\u00fchrt hatten. Mit dem Bau der Rocca Paolina setzte er ein starkes Zeichen, und zwar dass die p\u00e4pstliche Macht verteidigt wird, wenn n\u00f6tig sogar gegen\u00fcber den B\u00fcrgern selbst.\u00a0 Kurz zuvor hatte es in der Tat eine Volksrevolte gegen die Erh\u00f6hung der Steuern (gegen die ber\u00fchmte Salzsteuer) durch den Kirchenstaat gegeben, der daher viele Probleme hatte, seine Macht in der Stadt auszu\u00fcben.<\/p>\n<p>&nbsp;<\/p>\n<p>Das Projekt der Festung wurde <a href=\"https:\/\/de.wikipedia.org\/wiki\/Antonio_da_Sangallo_der_J%C3%BCngere\" target=\"_blank\" rel=\"noopener noreferrer\"><em>Antonio da Sangallo<\/em><\/a> anvertraut, der die ersten Skizzen (heute erhalten in den <em>Uffizien<\/em> in Florenz) zeichnete, in denen die Festung perfekt in den st\u00e4dtischen Kontext eingef\u00fcgt wurde, ohne das architektonische Gleichgewicht zu beeintr\u00e4chtigen. Leider wurde dieses Projekt von <em>Paulus III.<\/em> nicht eingehalten. Vielmehr beschloss er, sich den <em>Baglioni<\/em> aufzuzwingen und das Bauwerk \u00fcber ihrem Besitz zu errichten, weshalb er au\u00dferdem den Entschluss fasste einen sch\u00fctzenden Graben um den gesamten Umfang zu graben, eine L\u00f6sung, die f\u00fcr die damalige Stadt eine gro\u00dfe architektonische Belastung darstellte.<\/p>\n<p>Die Festung wurde durch die Einnahme eines strategischen Punktes der Stadt erbaut, von dem aus sie vollst\u00e4ndig kontrolliert werden konnte. Die Form der Konstruktion ist eher asymmetrisch, was sowohl f\u00fcr defensive als auch f\u00fcr strukturelle Bed\u00fcrfnisse g\u00fcnstig ist. Sie \u00e4hnelt der Form eines Skorpions. Ausgehend von den beiden Stadtmauern an den Ecken des Bauwerks, die auf der heutigen Piazza Italia bestehen, entwickelte sich die Festung zum Tal hin zu einem langen Korridor bis zur sogenannten &#8222;Zange&#8220;. Diese Erweiterung h\u00e4tte in den Momenten der Belagerung die Versorgung des Geb\u00e4udes und die m\u00f6gliche Flucht der Bewohner in das Umland erleichtert.<\/p>\n<p>Wie bereits erw\u00e4hnt, wurden nach Abschluss des Baus rundum Gr\u00e4ben ausgehoben, um die Struktur noch imposanter und bedrohlicher zu machen. Diese und andere von <em>Papst Paulus III.<\/em> gew\u00fcnschte \u00c4nderungen gegen\u00fcber dem urspr\u00fcnglichen Projekt hatten verheerende Auswirkungen auf das umliegende Stadtgef\u00fcge. Mehrere Geb\u00e4ude und sogar ganze D\u00f6rfer wurden dem Erdboden gleichgemacht, um diese Arbeiten abschlie\u00dfen zu k\u00f6nnen (wie etwa das Dorf Santa Giuliana). Insgesamt wurden 26 T\u00fcrme, elf Kirchen, zwei Kl\u00f6ster, die Teil der alten etruskischen Mauer sind, und etwa dreihundert H\u00e4user (von denen die meisten, wie oben erw\u00e4hnt, der Familie <em>Baglioni<\/em> geh\u00f6rten) abgerissen.<\/p>\n<p>Die Rocca Paolina ist nie den Ereignissen getroffen, die ihren Bau tats\u00e4chlich rechtfertigten, aber in verschiedenen Quellen wird berichtet, wie sie in verschiedene Aspekte des Lebens in der Stadt einbezogen wurde. In den darauffolgenden Jahren kommt es zu einem Wechsel aus Beliebtheit und Unbeliebheit der Festung..\u00a0 Es wird auch versucht, ihr einen neuen Nutzen zuzuweisen und die Festung wieder zum Leben zu erwecken, aber in der Tat bewegte man sich in Richtung eines Strukturwandels: der Abriss eines Teils der Festung und das Auff\u00fcllen der Gr\u00e4ben. Der Abriss erfolgte in drei Phasen: 1798 durch die Franzosen sowie 1848 und in den 1860er Jahren mit der Vereinigung Italiens. Die Gr\u00fcnde daf\u00fcr waren vielf\u00e4ltig. Die Rocca Paolina wurde allgemein als ein altes Geb\u00e4ude angesehen, in Bezug auf die Verteidigung oder lediglich auf den Zugang zur <a href=\"https:\/\/www.exploring-umbria.com\/de\/aktivitaten\/guided-tour-of-perugia\/\" target=\"_blank\" rel=\"noopener noreferrer\">Stadt<\/a>. In der Folge versuchte die Regierung ihren Ruf durch die Renovierung von Geb\u00e4uden und die Schaffung von Arbeitspl\u00e4tzen zu verbesserun. Heute sind nur noch der S\u00fcdwestausl\u00e4ufer, die Keller und vier Kanonen der Sala della Cannoniera (Kanonensaal) erhalten.<\/p>\n<p>Derzeit werden die R\u00e4ume der Rocca Paolina h\u00e4ufig f\u00fcr Ausstellungen und verschiedene Veranstaltungen genutzt. Im Herzen des Geb\u00e4udes wurden auch einige zeitgen\u00f6ssische Skulpturen installiert.<\/p>\n","protected":false},"excerpt":{"rendered":"<p>Ein Besuch in der Rocca Paolina, oder besser gesagt, in dem, was davon noch \u00fcbrig geblieben ist, vermittelt sofort einen Eindruck von der Gr\u00f6\u00dfe des Geb\u00e4udes und der Bedeutung, die es zum Zeitpunkt seiner eigentlichen Nutzung hatte. Tats\u00e4chlich kann man auch heute noch die Majest\u00e4t des Geb\u00e4udes sehen, indem man es einfach von innen durchquert, [&hellip;]<\/p>\n","protected":false},"author":3,"featured_media":31309,"parent":3164,"menu_order":3,"comment_status":"closed","ping_status":"closed","template":"","meta":{"om_disable_all_campaigns":false,"_monsterinsights_skip_tracking":false,"_monsterinsights_sitenote_active":false,"_monsterinsights_sitenote_note":"","_monsterinsights_sitenote_category":0},"acf":[],"yoast_head":"<!-- This site is optimized with the Yoast SEO plugin v18.4.1 - https:\/\/yoast.com\/wordpress\/plugins\/seo\/ -->\n<title>Rocca Paolina - Exploring Umbria<\/title>\n<meta name=\"description\" content=\"Ein Besuch in der Rocca Paolina, oder besser gesagt, in dem, was davon noch \u00fcbrig geblieben ist, vermittelt sofort einen Eindruck von der Gr\u00f6\u00dfe des\" \/>\n<meta name=\"robots\" content=\"index, follow, max-snippet:-1, max-image-preview:large, max-video-preview:-1\" \/>\n<link rel=\"canonical\" href=\"https:\/\/www.exploring-umbria.com\/de\/entdecke-perugia\/sehenswuerdigkeiten-in-perugia\/rocca-paolina\/\" \/>\n<meta property=\"og:locale\" content=\"de_DE\" \/>\n<meta property=\"og:type\" content=\"article\" \/>\n<meta property=\"og:title\" content=\"Rocca Paolina - Exploring Umbria\" \/>\n<meta property=\"og:description\" content=\"Ein Besuch in der Rocca Paolina, oder besser gesagt, in dem, was davon noch \u00fcbrig geblieben ist, vermittelt sofort einen Eindruck von der Gr\u00f6\u00dfe des\" \/>\n<meta property=\"og:url\" content=\"https:\/\/www.exploring-umbria.com\/de\/entdecke-perugia\/sehenswuerdigkeiten-in-perugia\/rocca-paolina\/\" \/>\n<meta property=\"og:site_name\" content=\"Exploring Umbria\" \/>\n<meta property=\"article:publisher\" content=\"https:\/\/www.facebook.com\/exploringumbria\/\" \/>\n<meta property=\"article:modified_time\" content=\"2020-02-22T17:56:57+00:00\" \/>\n<meta property=\"og:image\" content=\"https:\/\/www.exploring-umbria.com\/wp-content\/uploads\/2020\/02\/Rocca-Paolina.jpg\" \/>\n\t<meta property=\"og:image:width\" content=\"1280\" \/>\n\t<meta property=\"og:image:height\" content=\"834\" \/>\n\t<meta property=\"og:image:type\" content=\"image\/jpeg\" \/>\n<meta name=\"twitter:card\" content=\"summary_large_image\" \/>\n<meta name=\"twitter:label1\" content=\"Gesch\u00e4tzte Lesezeit\" \/>\n\t<meta name=\"twitter:data1\" content=\"4\u00a0Minuten\" \/>\n<script type=\"application\/ld+json\" class=\"yoast-schema-graph\">{\"@context\":\"https:\/\/schema.org\",\"@graph\":[{\"@type\":\"Organization\",\"@id\":\"https:\/\/www.exploring-umbria.com\/de\/#organization\",\"name\":\"Exploring Umbria\",\"url\":\"https:\/\/www.exploring-umbria.com\/de\/\",\"sameAs\":[\"https:\/\/www.facebook.com\/exploringumbria\/\",\"https:\/\/www.instagram.com\/exploringumbria\/\"],\"logo\":{\"@type\":\"ImageObject\",\"@id\":\"https:\/\/www.exploring-umbria.com\/de\/#logo\",\"inLanguage\":\"de\",\"url\":\"https:\/\/www.exploring-umbria.com\/wp-content\/uploads\/2019\/08\/solo-logo-verde.jpg\",\"contentUrl\":\"https:\/\/www.exploring-umbria.com\/wp-content\/uploads\/2019\/08\/solo-logo-verde.jpg\",\"width\":952,\"height\":532,\"caption\":\"Exploring Umbria\"},\"image\":{\"@id\":\"https:\/\/www.exploring-umbria.com\/de\/#logo\"}},{\"@type\":\"WebSite\",\"@id\":\"https:\/\/www.exploring-umbria.com\/de\/#website\",\"url\":\"https:\/\/www.exploring-umbria.com\/de\/\",\"name\":\"Exploring Umbria\",\"description\":\"your dates, your mood, your trip\",\"publisher\":{\"@id\":\"https:\/\/www.exploring-umbria.com\/de\/#organization\"},\"potentialAction\":[{\"@type\":\"SearchAction\",\"target\":{\"@type\":\"EntryPoint\",\"urlTemplate\":\"https:\/\/www.exploring-umbria.com\/de\/?s={search_term_string}\"},\"query-input\":\"required name=search_term_string\"}],\"inLanguage\":\"de\"},{\"@type\":\"ImageObject\",\"@id\":\"https:\/\/www.exploring-umbria.com\/de\/entdecke-perugia\/sehenswuerdigkeiten-in-perugia\/rocca-paolina\/#primaryimage\",\"inLanguage\":\"de\",\"url\":\"https:\/\/www.exploring-umbria.com\/wp-content\/uploads\/2020\/02\/Rocca-Paolina.jpg\",\"contentUrl\":\"https:\/\/www.exploring-umbria.com\/wp-content\/uploads\/2020\/02\/Rocca-Paolina.jpg\",\"width\":1280,\"height\":834,\"caption\":\"Rocca Paolina gli interni\"},{\"@type\":\"WebPage\",\"@id\":\"https:\/\/www.exploring-umbria.com\/de\/entdecke-perugia\/sehenswuerdigkeiten-in-perugia\/rocca-paolina\/#webpage\",\"url\":\"https:\/\/www.exploring-umbria.com\/de\/entdecke-perugia\/sehenswuerdigkeiten-in-perugia\/rocca-paolina\/\",\"name\":\"Rocca Paolina - Exploring Umbria\",\"isPartOf\":{\"@id\":\"https:\/\/www.exploring-umbria.com\/de\/#website\"},\"primaryImageOfPage\":{\"@id\":\"https:\/\/www.exploring-umbria.com\/de\/entdecke-perugia\/sehenswuerdigkeiten-in-perugia\/rocca-paolina\/#primaryimage\"},\"datePublished\":\"2019-02-28T18:43:42+00:00\",\"dateModified\":\"2020-02-22T17:56:57+00:00\",\"description\":\"Ein Besuch in der Rocca Paolina, oder besser gesagt, in dem, was davon noch \u00fcbrig geblieben ist, vermittelt sofort einen Eindruck von der Gr\u00f6\u00dfe des\",\"breadcrumb\":{\"@id\":\"https:\/\/www.exploring-umbria.com\/de\/entdecke-perugia\/sehenswuerdigkeiten-in-perugia\/rocca-paolina\/#breadcrumb\"},\"inLanguage\":\"de\",\"potentialAction\":[{\"@type\":\"ReadAction\",\"target\":[\"https:\/\/www.exploring-umbria.com\/de\/entdecke-perugia\/sehenswuerdigkeiten-in-perugia\/rocca-paolina\/\"]}]},{\"@type\":\"BreadcrumbList\",\"@id\":\"https:\/\/www.exploring-umbria.com\/de\/entdecke-perugia\/sehenswuerdigkeiten-in-perugia\/rocca-paolina\/#breadcrumb\",\"itemListElement\":[{\"@type\":\"ListItem\",\"position\":1,\"name\":\"Home\",\"item\":\"https:\/\/www.exploring-umbria.com\/de\/\"},{\"@type\":\"ListItem\",\"position\":2,\"name\":\"Entdecke Perugia\",\"item\":\"https:\/\/www.exploring-umbria.com\/de\/entdecke-perugia\/\"},{\"@type\":\"ListItem\",\"position\":3,\"name\":\"Sehensw\u00fcrdigkeiten in Perugia\",\"item\":\"https:\/\/www.exploring-umbria.com\/de\/entdecke-perugia\/sehenswuerdigkeiten-in-perugia\/\"},{\"@type\":\"ListItem\",\"position\":4,\"name\":\"Rocca Paolina\"}]}]}<\/script>\n<!-- \/ Yoast SEO plugin. -->","yoast_head_json":{"title":"Rocca Paolina - Exploring Umbria","description":"Ein Besuch in der Rocca Paolina, oder besser gesagt, in dem, was davon noch \u00fcbrig geblieben ist, vermittelt sofort einen Eindruck von der Gr\u00f6\u00dfe des","robots":{"index":"index","follow":"follow","max-snippet":"max-snippet:-1","max-image-preview":"max-image-preview:large","max-video-preview":"max-video-preview:-1"},"canonical":"https:\/\/www.exploring-umbria.com\/de\/entdecke-perugia\/sehenswuerdigkeiten-in-perugia\/rocca-paolina\/","og_locale":"de_DE","og_type":"article","og_title":"Rocca Paolina - Exploring Umbria","og_description":"Ein Besuch in der Rocca Paolina, oder besser gesagt, in dem, was davon noch \u00fcbrig geblieben ist, vermittelt sofort einen Eindruck von der Gr\u00f6\u00dfe des","og_url":"https:\/\/www.exploring-umbria.com\/de\/entdecke-perugia\/sehenswuerdigkeiten-in-perugia\/rocca-paolina\/","og_site_name":"Exploring Umbria","article_publisher":"https:\/\/www.facebook.com\/exploringumbria\/","article_modified_time":"2020-02-22T17:56:57+00:00","og_image":[{"width":1280,"height":834,"url":"https:\/\/www.exploring-umbria.com\/wp-content\/uploads\/2020\/02\/Rocca-Paolina.jpg","type":"image\/jpeg"}],"twitter_card":"summary_large_image","twitter_misc":{"Gesch\u00e4tzte Lesezeit":"4\u00a0Minuten"},"schema":{"@context":"https:\/\/schema.org","@graph":[{"@type":"Organization","@id":"https:\/\/www.exploring-umbria.com\/de\/#organization","name":"Exploring Umbria","url":"https:\/\/www.exploring-umbria.com\/de\/","sameAs":["https:\/\/www.facebook.com\/exploringumbria\/","https:\/\/www.instagram.com\/exploringumbria\/"],"logo":{"@type":"ImageObject","@id":"https:\/\/www.exploring-umbria.com\/de\/#logo","inLanguage":"de","url":"https:\/\/www.exploring-umbria.com\/wp-content\/uploads\/2019\/08\/solo-logo-verde.jpg","contentUrl":"https:\/\/www.exploring-umbria.com\/wp-content\/uploads\/2019\/08\/solo-logo-verde.jpg","width":952,"height":532,"caption":"Exploring Umbria"},"image":{"@id":"https:\/\/www.exploring-umbria.com\/de\/#logo"}},{"@type":"WebSite","@id":"https:\/\/www.exploring-umbria.com\/de\/#website","url":"https:\/\/www.exploring-umbria.com\/de\/","name":"Exploring Umbria","description":"your dates, your mood, your trip","publisher":{"@id":"https:\/\/www.exploring-umbria.com\/de\/#organization"},"potentialAction":[{"@type":"SearchAction","target":{"@type":"EntryPoint","urlTemplate":"https:\/\/www.exploring-umbria.com\/de\/?s={search_term_string}"},"query-input":"required name=search_term_string"}],"inLanguage":"de"},{"@type":"ImageObject","@id":"https:\/\/www.exploring-umbria.com\/de\/entdecke-perugia\/sehenswuerdigkeiten-in-perugia\/rocca-paolina\/#primaryimage","inLanguage":"de","url":"https:\/\/www.exploring-umbria.com\/wp-content\/uploads\/2020\/02\/Rocca-Paolina.jpg","contentUrl":"https:\/\/www.exploring-umbria.com\/wp-content\/uploads\/2020\/02\/Rocca-Paolina.jpg","width":1280,"height":834,"caption":"Rocca Paolina gli interni"},{"@type":"WebPage","@id":"https:\/\/www.exploring-umbria.com\/de\/entdecke-perugia\/sehenswuerdigkeiten-in-perugia\/rocca-paolina\/#webpage","url":"https:\/\/www.exploring-umbria.com\/de\/entdecke-perugia\/sehenswuerdigkeiten-in-perugia\/rocca-paolina\/","name":"Rocca Paolina - Exploring Umbria","isPartOf":{"@id":"https:\/\/www.exploring-umbria.com\/de\/#website"},"primaryImageOfPage":{"@id":"https:\/\/www.exploring-umbria.com\/de\/entdecke-perugia\/sehenswuerdigkeiten-in-perugia\/rocca-paolina\/#primaryimage"},"datePublished":"2019-02-28T18:43:42+00:00","dateModified":"2020-02-22T17:56:57+00:00","description":"Ein Besuch in der Rocca Paolina, oder besser gesagt, in dem, was davon noch \u00fcbrig geblieben ist, vermittelt sofort einen Eindruck von der Gr\u00f6\u00dfe des","breadcrumb":{"@id":"https:\/\/www.exploring-umbria.com\/de\/entdecke-perugia\/sehenswuerdigkeiten-in-perugia\/rocca-paolina\/#breadcrumb"},"inLanguage":"de","potentialAction":[{"@type":"ReadAction","target":["https:\/\/www.exploring-umbria.com\/de\/entdecke-perugia\/sehenswuerdigkeiten-in-perugia\/rocca-paolina\/"]}]},{"@type":"BreadcrumbList","@id":"https:\/\/www.exploring-umbria.com\/de\/entdecke-perugia\/sehenswuerdigkeiten-in-perugia\/rocca-paolina\/#breadcrumb","itemListElement":[{"@type":"ListItem","position":1,"name":"Home","item":"https:\/\/www.exploring-umbria.com\/de\/"},{"@type":"ListItem","position":2,"name":"Entdecke Perugia","item":"https:\/\/www.exploring-umbria.com\/de\/entdecke-perugia\/"},{"@type":"ListItem","position":3,"name":"Sehensw\u00fcrdigkeiten in Perugia","item":"https:\/\/www.exploring-umbria.com\/de\/entdecke-perugia\/sehenswuerdigkeiten-in-perugia\/"},{"@type":"ListItem","position":4,"name":"Rocca Paolina"}]}]}},"_links":{"self":[{"href":"https:\/\/www.exploring-umbria.com\/de\/wp-json\/wp\/v2\/pages\/3099"}],"collection":[{"href":"https:\/\/www.exploring-umbria.com\/de\/wp-json\/wp\/v2\/pages"}],"about":[{"href":"https:\/\/www.exploring-umbria.com\/de\/wp-json\/wp\/v2\/types\/page"}],"author":[{"embeddable":true,"href":"https:\/\/www.exploring-umbria.com\/de\/wp-json\/wp\/v2\/users\/3"}],"replies":[{"embeddable":true,"href":"https:\/\/www.exploring-umbria.com\/de\/wp-json\/wp\/v2\/comments?post=3099"}],"version-history":[{"count":4,"href":"https:\/\/www.exploring-umbria.com\/de\/wp-json\/wp\/v2\/pages\/3099\/revisions"}],"predecessor-version":[{"id":31315,"href":"https:\/\/www.exploring-umbria.com\/de\/wp-json\/wp\/v2\/pages\/3099\/revisions\/31315"}],"up":[{"embeddable":true,"href":"https:\/\/www.exploring-umbria.com\/de\/wp-json\/wp\/v2\/pages\/3164"}],"wp:featuredmedia":[{"embeddable":true,"href":"https:\/\/www.exploring-umbria.com\/de\/wp-json\/wp\/v2\/media\/31309"}],"wp:attachment":[{"href":"https:\/\/www.exploring-umbria.com\/de\/wp-json\/wp\/v2\/media?parent=3099"}],"curies":[{"name":"wp","href":"https:\/\/api.w.org\/{rel}","templated":true}]}}