{"id":3087,"date":"2019-03-01T10:58:02","date_gmt":"2019-03-01T09:58:02","guid":{"rendered":"https:\/\/www.exploring-umbria.com\/cosa-vedere-a-foligno\/"},"modified":"2019-12-24T11:42:54","modified_gmt":"2019-12-24T10:42:54","slug":"sehenswuerdigkeiten-in-foligno","status":"publish","type":"page","link":"https:\/\/www.exploring-umbria.com\/de\/entdecke-foligno\/sehenswuerdigkeiten-in-foligno\/","title":{"rendered":"Sehensw\u00fcrdigkeiten in Foligno"},"content":{"rendered":"<p>Im Unterschied zum Gro\u00dfteil der umbrischen St\u00e4dte, die auf H\u00fcgeln verwurzelt sind, erstreckt sich Foligno auf der Ebene am Ufer des Flusses Topino und kann einfach zu Fu\u00df oder mit dem Fahrrad besichtigt werden.<\/p>\n<p>Ausgehend von der <strong>Piazza Repubblica<\/strong>, dem Herz der Stadt und dem neuralgischen Punkt, an dem alle wichtigen Stra\u00dfen der Stadt zusammenlaufen, k\u00f6nnen Sie die b\u00fcrgerlichen Palazzi bewundern, deren Fassade als Rahmen f\u00fcr die Piazza selbst dienen: der <strong>Palazzo Comunale<\/strong>, dessen Turm samt Zinnen bis heute aufrecht erhalten ist, der <strong>Palazzo Trinci<\/strong>, eine Erinnerung an die Adelsfamilie, die die Geschicke der Stadt w\u00e4hrend des gesamten 14. Jahrhunderts leitete, der <strong>Palazzo Orfini<\/strong>, in dem 1472 die erste Ausgabe der Divina Commedia ans Licht kommt, und im direkten Anschluss daran der <strong>Palazzo del Podest\u00e0<\/strong>. An der gegen\u00fcberliegenden Seite der Piazza befindet sich der Dom, der dem Heiligen Feliciano, dem Stadtpatron, gewidmet und direkt mit dem Palazzo delle Canoniche verbunden ist, in dem sich heute das Museum <strong>Museo<\/strong> <strong>Capitolare<\/strong> <strong>Diocesano<\/strong> befindet.<\/p>\n<p>Wenn Sie nichts vers\u00e4umen m\u00f6chten, dann liegt hinter dem Palazzo Trinci, auf der kleinen Piazza del Grano die kleine Kirche <strong>Chiesetta di S. Apollinare<\/strong>, auch <strong>della Morte<\/strong> (Kirchlein des Todes) genannt. Aber lassen Sie sich von diesem au\u00dfergew\u00f6hnlichen Namen nicht abschrecken, denn die Funktion der Kirche war alles andere als negativ, da die Mitglieder des Ordens sich darum k\u00fcmmerten alle zum Tode Verurteilten zu begraben und zu unterst\u00fctzen.<\/p>\n<p>Wenn Sie die Via XX Settembre nach oben gehen gelangen Sie zu dem, was fr\u00fcher das mittelalterliche Stadttor von Foligno war: <strong>Porta San Giacomo<\/strong>. Es liegt unweit von der gleichnamigen <strong>Piazza<\/strong> und von der <strong>Kirche<\/strong>, die beide dem Heiligen Jakob gewidmet sind. Wenn Sie von hier aus dem Verlauf des Flusses Topino folgen, k\u00f6nnen Sie einen betr\u00e4chtlichen Teil der alten Stadtmauer betrachten, die bis heute gut erhalten ist. Am Tor Porta Ancona an der Kreuzung mit der Via Garibaldi angekommen, k\u00f6nnen Sie dieser Lebensader der Stadt folgen, um weitere religi\u00f6se Geb\u00e4ude an beiden Seiten zu bestaunen: zuerst rechts die <strong>ehemalige Kirche Chiesa della SS. Trinit\u00e0 in Annunziata<\/strong>, heute Sitz des <strong>Museumszammenschlusses CIAC<\/strong>, wo sich das ber\u00fchmte Kunstwerk <strong>Calamita Cosmica<\/strong> von <em>Gino de Dominicis<\/em> befindet. Etwas weiter vorne, an den beiden Seiten der Piazza Garibaldi, empfangen Sie die <strong>Chiesa di S. Agostino<\/strong> (Kirche zum Hl. Augustus) und die <strong>Chiesa di S. Salvatore<\/strong> (Kirche zum Hl. Salvatore), die einzige Hinterbliebene des verschwundenen Klosterkomplexes. Wenn Sie wieder fast bis ins Zentrum der Stadt zur\u00fcckgehen, k\u00f6nnen Sie die kleine Kirche <strong>Chiesetta di S. Maria del Suffraggio<\/strong> betrachten, unweit vom Oratorium <strong>Oratioro della Nunziatella<\/strong>, das Sie unbedingt betreten m\u00fcssen, um die beiden Kunstwerke des ber\u00fchmten Malers <strong>Perugino<\/strong> zu bestaunen: \u201e<em>Il Battesimo di Ges\u00f9<\/em>\u201c (\u201eDie Taufe Jesu\u201c), und \u201e<em>Padre Eterno\u201c<\/em> (\u201eEwiger Vater\u201c).<\/p>\n<p>Gehen Sie auf dieser Lebensader, deren Namen sich inzwischen in Via Mazzini ge\u00e4ndert hat weiter, um zur Piazza di San Domenico zu gelangen, auf der sich die sehr alte Kirche <strong>Chiesa di S. Maria Infraportis<\/strong> befindet, die fr\u00fcher sogar au\u00dferhalb der Stadtmauer lag, sowie das Oratorium <strong>Oratorio del Crocifisso<\/strong> und die <strong>ehemalige Krirche Chiesa di S. Domenico<\/strong>, die heute im Besitz der Gemeinde Foligno ist und am Ende des 20. Jahrhunderts in ein st\u00e4dtisches <strong>Auditorium<\/strong> verwandelt wurde.<\/p>\n<p>An dieser Stelle ist Ihr Rundgang schon fast zu Ende. Wenn Sie noch einige Hundert Meter weitergehen, werden Sie auf einer Seite den Park <strong>Parco dei Canap\u00e8<\/strong> hinter den mittelalterlichen Mauern finden und auf der anderen Seite die Kirche <strong>Chiesa di S. Niccol\u00f2<\/strong>, in der sich das Polyptychon <strong>Polittico della Nativit\u00e0<\/strong> vom K\u00fcnstler Nicol\u00f2 di Liberatore, genannt <strong>Alunno<\/strong>, aus Foligno befindet. Wie wertvoll das Werk war fiel sogar Napoleon auf, der es 1812 nach Frankreich transportieren und dort im Louvre aufbewahren lie\u00df. Dort befindet sich noch heute der Sockel, der als einziger Gegenstand nach der R\u00fcckgabe 1817 nie mehr nach Italien zur\u00fcckgekehrt ist.<\/p>\n","protected":false},"excerpt":{"rendered":"<p>Im Unterschied zum Gro\u00dfteil der umbrischen St\u00e4dte, die auf H\u00fcgeln verwurzelt sind, erstreckt sich Foligno auf der Ebene am Ufer des Flusses Topino und kann einfach zu Fu\u00df oder mit dem Fahrrad besichtigt werden. Ausgehend von der Piazza Repubblica, dem Herz der Stadt und dem neuralgischen Punkt, an dem alle wichtigen Stra\u00dfen der Stadt zusammenlaufen, [&hellip;]<\/p>\n","protected":false},"author":3,"featured_media":6189,"parent":3088,"menu_order":0,"comment_status":"closed","ping_status":"closed","template":"","meta":{"om_disable_all_campaigns":false,"_monsterinsights_skip_tracking":false,"_monsterinsights_sitenote_active":false,"_monsterinsights_sitenote_note":"","_monsterinsights_sitenote_category":0},"acf":[],"yoast_head":"<!-- This site is optimized with the Yoast SEO plugin v18.4.1 - https:\/\/yoast.com\/wordpress\/plugins\/seo\/ -->\n<title>Sehensw\u00fcrdigkeiten in Foligno - Exploring Umbria<\/title>\n<meta name=\"description\" content=\"Im Unterschied zum Gro\u00dfteil der umbrischen St\u00e4dte, die auf H\u00fcgeln verwurzelt sind, erstreckt sich Foligno auf der Ebene am Ufer des Flusses Topino und\" \/>\n<meta name=\"robots\" content=\"index, follow, max-snippet:-1, max-image-preview:large, max-video-preview:-1\" \/>\n<link rel=\"canonical\" href=\"https:\/\/www.exploring-umbria.com\/de\/entdecke-foligno\/sehenswuerdigkeiten-in-foligno\/\" \/>\n<meta property=\"og:locale\" content=\"de_DE\" \/>\n<meta property=\"og:type\" content=\"article\" \/>\n<meta property=\"og:title\" content=\"Sehensw\u00fcrdigkeiten in Foligno - Exploring Umbria\" \/>\n<meta property=\"og:description\" content=\"Im Unterschied zum Gro\u00dfteil der umbrischen St\u00e4dte, die auf H\u00fcgeln verwurzelt sind, erstreckt sich Foligno auf der Ebene am Ufer des Flusses Topino und\" \/>\n<meta property=\"og:url\" content=\"https:\/\/www.exploring-umbria.com\/de\/entdecke-foligno\/sehenswuerdigkeiten-in-foligno\/\" \/>\n<meta property=\"og:site_name\" content=\"Exploring Umbria\" \/>\n<meta property=\"article:publisher\" content=\"https:\/\/www.facebook.com\/exploringumbria\/\" \/>\n<meta property=\"article:modified_time\" content=\"2019-12-24T10:42:54+00:00\" \/>\n<meta property=\"og:image\" content=\"https:\/\/www.exploring-umbria.com\/wp-content\/uploads\/2019\/05\/FOLIGNO-TETTI.jpg\" \/>\n\t<meta property=\"og:image:width\" content=\"1800\" \/>\n\t<meta property=\"og:image:height\" content=\"1800\" \/>\n\t<meta property=\"og:image:type\" content=\"image\/jpeg\" \/>\n<meta name=\"twitter:card\" content=\"summary_large_image\" \/>\n<meta name=\"twitter:label1\" content=\"Gesch\u00e4tzte Lesezeit\" \/>\n\t<meta name=\"twitter:data1\" content=\"3\u00a0Minuten\" \/>\n<script type=\"application\/ld+json\" class=\"yoast-schema-graph\">{\"@context\":\"https:\/\/schema.org\",\"@graph\":[{\"@type\":\"Organization\",\"@id\":\"https:\/\/www.exploring-umbria.com\/de\/#organization\",\"name\":\"Exploring Umbria\",\"url\":\"https:\/\/www.exploring-umbria.com\/de\/\",\"sameAs\":[\"https:\/\/www.facebook.com\/exploringumbria\/\",\"https:\/\/www.instagram.com\/exploringumbria\/\"],\"logo\":{\"@type\":\"ImageObject\",\"@id\":\"https:\/\/www.exploring-umbria.com\/de\/#logo\",\"inLanguage\":\"de\",\"url\":\"https:\/\/www.exploring-umbria.com\/wp-content\/uploads\/2019\/08\/solo-logo-verde.jpg\",\"contentUrl\":\"https:\/\/www.exploring-umbria.com\/wp-content\/uploads\/2019\/08\/solo-logo-verde.jpg\",\"width\":952,\"height\":532,\"caption\":\"Exploring Umbria\"},\"image\":{\"@id\":\"https:\/\/www.exploring-umbria.com\/de\/#logo\"}},{\"@type\":\"WebSite\",\"@id\":\"https:\/\/www.exploring-umbria.com\/de\/#website\",\"url\":\"https:\/\/www.exploring-umbria.com\/de\/\",\"name\":\"Exploring Umbria\",\"description\":\"your dates, your mood, your trip\",\"publisher\":{\"@id\":\"https:\/\/www.exploring-umbria.com\/de\/#organization\"},\"potentialAction\":[{\"@type\":\"SearchAction\",\"target\":{\"@type\":\"EntryPoint\",\"urlTemplate\":\"https:\/\/www.exploring-umbria.com\/de\/?s={search_term_string}\"},\"query-input\":\"required name=search_term_string\"}],\"inLanguage\":\"de\"},{\"@type\":\"ImageObject\",\"@id\":\"https:\/\/www.exploring-umbria.com\/de\/entdecke-foligno\/sehenswuerdigkeiten-in-foligno\/#primaryimage\",\"inLanguage\":\"de\",\"url\":\"https:\/\/www.exploring-umbria.com\/wp-content\/uploads\/2019\/05\/FOLIGNO-TETTI.jpg\",\"contentUrl\":\"https:\/\/www.exploring-umbria.com\/wp-content\/uploads\/2019\/05\/FOLIGNO-TETTI.jpg\",\"width\":1800,\"height\":1800},{\"@type\":\"WebPage\",\"@id\":\"https:\/\/www.exploring-umbria.com\/de\/entdecke-foligno\/sehenswuerdigkeiten-in-foligno\/#webpage\",\"url\":\"https:\/\/www.exploring-umbria.com\/de\/entdecke-foligno\/sehenswuerdigkeiten-in-foligno\/\",\"name\":\"Sehensw\u00fcrdigkeiten in Foligno - Exploring Umbria\",\"isPartOf\":{\"@id\":\"https:\/\/www.exploring-umbria.com\/de\/#website\"},\"primaryImageOfPage\":{\"@id\":\"https:\/\/www.exploring-umbria.com\/de\/entdecke-foligno\/sehenswuerdigkeiten-in-foligno\/#primaryimage\"},\"datePublished\":\"2019-03-01T09:58:02+00:00\",\"dateModified\":\"2019-12-24T10:42:54+00:00\",\"description\":\"Im Unterschied zum Gro\u00dfteil der umbrischen St\u00e4dte, die auf H\u00fcgeln verwurzelt sind, erstreckt sich Foligno auf der Ebene am Ufer des Flusses Topino und\",\"breadcrumb\":{\"@id\":\"https:\/\/www.exploring-umbria.com\/de\/entdecke-foligno\/sehenswuerdigkeiten-in-foligno\/#breadcrumb\"},\"inLanguage\":\"de\",\"potentialAction\":[{\"@type\":\"ReadAction\",\"target\":[\"https:\/\/www.exploring-umbria.com\/de\/entdecke-foligno\/sehenswuerdigkeiten-in-foligno\/\"]}]},{\"@type\":\"BreadcrumbList\",\"@id\":\"https:\/\/www.exploring-umbria.com\/de\/entdecke-foligno\/sehenswuerdigkeiten-in-foligno\/#breadcrumb\",\"itemListElement\":[{\"@type\":\"ListItem\",\"position\":1,\"name\":\"Home\",\"item\":\"https:\/\/www.exploring-umbria.com\/de\/\"},{\"@type\":\"ListItem\",\"position\":2,\"name\":\"Entdecke Foligno\",\"item\":\"https:\/\/www.exploring-umbria.com\/de\/entdecke-foligno\/\"},{\"@type\":\"ListItem\",\"position\":3,\"name\":\"Sehensw\u00fcrdigkeiten in Foligno\"}]}]}<\/script>\n<!-- \/ Yoast SEO plugin. -->","yoast_head_json":{"title":"Sehensw\u00fcrdigkeiten in Foligno - Exploring Umbria","description":"Im Unterschied zum Gro\u00dfteil der umbrischen St\u00e4dte, die auf H\u00fcgeln verwurzelt sind, erstreckt sich Foligno auf der Ebene am Ufer des Flusses Topino und","robots":{"index":"index","follow":"follow","max-snippet":"max-snippet:-1","max-image-preview":"max-image-preview:large","max-video-preview":"max-video-preview:-1"},"canonical":"https:\/\/www.exploring-umbria.com\/de\/entdecke-foligno\/sehenswuerdigkeiten-in-foligno\/","og_locale":"de_DE","og_type":"article","og_title":"Sehensw\u00fcrdigkeiten in Foligno - Exploring Umbria","og_description":"Im Unterschied zum Gro\u00dfteil der umbrischen St\u00e4dte, die auf H\u00fcgeln verwurzelt sind, erstreckt sich Foligno auf der Ebene am Ufer des Flusses Topino und","og_url":"https:\/\/www.exploring-umbria.com\/de\/entdecke-foligno\/sehenswuerdigkeiten-in-foligno\/","og_site_name":"Exploring Umbria","article_publisher":"https:\/\/www.facebook.com\/exploringumbria\/","article_modified_time":"2019-12-24T10:42:54+00:00","og_image":[{"width":1800,"height":1800,"url":"https:\/\/www.exploring-umbria.com\/wp-content\/uploads\/2019\/05\/FOLIGNO-TETTI.jpg","type":"image\/jpeg"}],"twitter_card":"summary_large_image","twitter_misc":{"Gesch\u00e4tzte Lesezeit":"3\u00a0Minuten"},"schema":{"@context":"https:\/\/schema.org","@graph":[{"@type":"Organization","@id":"https:\/\/www.exploring-umbria.com\/de\/#organization","name":"Exploring Umbria","url":"https:\/\/www.exploring-umbria.com\/de\/","sameAs":["https:\/\/www.facebook.com\/exploringumbria\/","https:\/\/www.instagram.com\/exploringumbria\/"],"logo":{"@type":"ImageObject","@id":"https:\/\/www.exploring-umbria.com\/de\/#logo","inLanguage":"de","url":"https:\/\/www.exploring-umbria.com\/wp-content\/uploads\/2019\/08\/solo-logo-verde.jpg","contentUrl":"https:\/\/www.exploring-umbria.com\/wp-content\/uploads\/2019\/08\/solo-logo-verde.jpg","width":952,"height":532,"caption":"Exploring Umbria"},"image":{"@id":"https:\/\/www.exploring-umbria.com\/de\/#logo"}},{"@type":"WebSite","@id":"https:\/\/www.exploring-umbria.com\/de\/#website","url":"https:\/\/www.exploring-umbria.com\/de\/","name":"Exploring Umbria","description":"your dates, your mood, your trip","publisher":{"@id":"https:\/\/www.exploring-umbria.com\/de\/#organization"},"potentialAction":[{"@type":"SearchAction","target":{"@type":"EntryPoint","urlTemplate":"https:\/\/www.exploring-umbria.com\/de\/?s={search_term_string}"},"query-input":"required name=search_term_string"}],"inLanguage":"de"},{"@type":"ImageObject","@id":"https:\/\/www.exploring-umbria.com\/de\/entdecke-foligno\/sehenswuerdigkeiten-in-foligno\/#primaryimage","inLanguage":"de","url":"https:\/\/www.exploring-umbria.com\/wp-content\/uploads\/2019\/05\/FOLIGNO-TETTI.jpg","contentUrl":"https:\/\/www.exploring-umbria.com\/wp-content\/uploads\/2019\/05\/FOLIGNO-TETTI.jpg","width":1800,"height":1800},{"@type":"WebPage","@id":"https:\/\/www.exploring-umbria.com\/de\/entdecke-foligno\/sehenswuerdigkeiten-in-foligno\/#webpage","url":"https:\/\/www.exploring-umbria.com\/de\/entdecke-foligno\/sehenswuerdigkeiten-in-foligno\/","name":"Sehensw\u00fcrdigkeiten in Foligno - Exploring Umbria","isPartOf":{"@id":"https:\/\/www.exploring-umbria.com\/de\/#website"},"primaryImageOfPage":{"@id":"https:\/\/www.exploring-umbria.com\/de\/entdecke-foligno\/sehenswuerdigkeiten-in-foligno\/#primaryimage"},"datePublished":"2019-03-01T09:58:02+00:00","dateModified":"2019-12-24T10:42:54+00:00","description":"Im Unterschied zum Gro\u00dfteil der umbrischen St\u00e4dte, die auf H\u00fcgeln verwurzelt sind, erstreckt sich Foligno auf der Ebene am Ufer des Flusses Topino und","breadcrumb":{"@id":"https:\/\/www.exploring-umbria.com\/de\/entdecke-foligno\/sehenswuerdigkeiten-in-foligno\/#breadcrumb"},"inLanguage":"de","potentialAction":[{"@type":"ReadAction","target":["https:\/\/www.exploring-umbria.com\/de\/entdecke-foligno\/sehenswuerdigkeiten-in-foligno\/"]}]},{"@type":"BreadcrumbList","@id":"https:\/\/www.exploring-umbria.com\/de\/entdecke-foligno\/sehenswuerdigkeiten-in-foligno\/#breadcrumb","itemListElement":[{"@type":"ListItem","position":1,"name":"Home","item":"https:\/\/www.exploring-umbria.com\/de\/"},{"@type":"ListItem","position":2,"name":"Entdecke Foligno","item":"https:\/\/www.exploring-umbria.com\/de\/entdecke-foligno\/"},{"@type":"ListItem","position":3,"name":"Sehensw\u00fcrdigkeiten in Foligno"}]}]}},"_links":{"self":[{"href":"https:\/\/www.exploring-umbria.com\/de\/wp-json\/wp\/v2\/pages\/3087"}],"collection":[{"href":"https:\/\/www.exploring-umbria.com\/de\/wp-json\/wp\/v2\/pages"}],"about":[{"href":"https:\/\/www.exploring-umbria.com\/de\/wp-json\/wp\/v2\/types\/page"}],"author":[{"embeddable":true,"href":"https:\/\/www.exploring-umbria.com\/de\/wp-json\/wp\/v2\/users\/3"}],"replies":[{"embeddable":true,"href":"https:\/\/www.exploring-umbria.com\/de\/wp-json\/wp\/v2\/comments?post=3087"}],"version-history":[{"count":4,"href":"https:\/\/www.exploring-umbria.com\/de\/wp-json\/wp\/v2\/pages\/3087\/revisions"}],"predecessor-version":[{"id":26637,"href":"https:\/\/www.exploring-umbria.com\/de\/wp-json\/wp\/v2\/pages\/3087\/revisions\/26637"}],"up":[{"embeddable":true,"href":"https:\/\/www.exploring-umbria.com\/de\/wp-json\/wp\/v2\/pages\/3088"}],"wp:featuredmedia":[{"embeddable":true,"href":"https:\/\/www.exploring-umbria.com\/de\/wp-json\/wp\/v2\/media\/6189"}],"wp:attachment":[{"href":"https:\/\/www.exploring-umbria.com\/de\/wp-json\/wp\/v2\/media?parent=3087"}],"curies":[{"name":"wp","href":"https:\/\/api.w.org\/{rel}","templated":true}]}}