{"id":3006,"date":"2019-03-07T18:41:31","date_gmt":"2019-03-07T17:41:31","guid":{"rendered":"https:\/\/www.exploring-umbria.com\/duomo-di-orvieto\/"},"modified":"2019-12-24T19:00:45","modified_gmt":"2019-12-24T18:00:45","slug":"der-dom-von-orvieto","status":"publish","type":"page","link":"https:\/\/www.exploring-umbria.com\/de\/entdecke-orvieto\/sehenswuerdigkeiten-in-orvieto\/der-dom-von-orvieto\/","title":{"rendered":"Der Dom Von Orvieto"},"content":{"rendered":"<p>Der <strong>Dom von Orvieto<\/strong> ist ein unbestrittenes Meisterwerk der sp\u00e4tmittelalterlichen gotischen Architektur. Aufgrund der Vielfalt der dekorativen Elemente, die perfekt zueinander passen, obwohl sie von den verschiedensten K\u00fcnstlern stammen, sowie aufgrund der Meisterhaftigkeit der strukturellen Formen, ist das Geb\u00e4ude betreffend die Architektur in ganz Italien einzigartig. Als Symbol der <a href=\"https:\/\/www.exploring-umbria.com\/de\/subcategories\/cosa-fare-e-cosa-vedere-ad-orvieto\/#heading3015\" target=\"_blank\" rel=\"noopener\">Stadt<\/a> \u00fcberragt und dominiert der Dom mit seiner Masse das gesamte Hochplateau, auf dem ersteht. Zu seiner Errichtung trugen einige der bekanntesten Meister des italienischen Mittelalters bei, wobei die Bauzeit \u00fcber drei Jahrhunderte betrug: vom 13. bis zum 17. Jahrhundert.<\/p>\n<p>Den Quellen zufolge wurde der erste Stein im Jahr 1290 auf gemeinsamen Wunsch der Kirche, vertreten durch Papst Urban IV., und der Gemeinde gelegt. Dabei mussten zwei Bed\u00fcrfnisse erf\u00fcllt werden: einerseits der Ersatz der beiden kleinen Kirchen S. Maria (bisch\u00f6flich) und S. Costanzo (Pfarrkirche) auf dem Hauptplatz der Stadt und andererseits die w\u00fcrdige Unterbringung der heiligen Reliquie des ber\u00fchmten \u201cBlutwunders\u201d von Bolsena. Einer Legende nach begann im Jahr 1263 in der Kirche S. Cristina w\u00e4hrend der heiligen Messe die geweihte Hostie zwischen den H\u00e4nden eines Priesters, der nicht zur G\u00e4nze an das Dogma der Wandlung glaubte, zu bluten. Das Blut tropfte und verschmutzte die Altardecke, den heiligen Leib, der noch heute in der gleichnamigen Kapelle im Dom verwahrt und an <a href=\"https:\/\/de.wikipedia.org\/wiki\/Fronleichnam\" target=\"_blank\" rel=\"noopener\"><em>Fronleichnam<\/em><\/a> zur Prozession getragen wird.<\/p>\n<p>Das erste Bauprojekt sah eine romanische Basilika vor, wurde jedoch in eine haupts\u00e4chlich gotische Struktur umgewandelt, als <em>Giovanni<\/em> <em>di<\/em> <em>Uguccione<\/em> die Leitung der Arbeiten von <em>Fra<\/em> <em>Bevignate<\/em> \u00fcbernahm. Ab 1309 wurde dem Bildhauer und Architekten <a href=\"https:\/\/de.wikipedia.org\/wiki\/Lorenzo_Maitani\" target=\"_blank\" rel=\"noopener\"><em>Lorenzo Maitani<\/em><\/a> die Fortf\u00fchrung des Werks \u00fcbertragen, was er vortrefflich ausf\u00fchrte und die rechteckige Apsis, das vierbogige Fenster hinter dem Altar, die wundersch\u00f6nen Dekorationen als Relief der vier S\u00e4ulen im unteren Bereich der Fassaden sowie die vier Bronzeskulpturen errichten lie\u00df, die die Evangelisten darstellen. Beim Tod des Meisters wurde der Dom von Orvieto der geschickten Kunst von <a href=\"https:\/\/de.wikipedia.org\/wiki\/Andrea_Pisano\" target=\"_blank\" rel=\"noopener\"><em>Andrea Pisano<\/em><\/a> anvertraut, der bereits im Dom von Florenz gearbeitet hatte und ab 1359 au\u00dferdem an die Meisterhaftigkeit von <em>Andrea di Cione<\/em>, genannt <a href=\"https:\/\/de.wikipedia.org\/wiki\/Orcagna\" target=\"_blank\" rel=\"noopener\"><em>Orcagna<\/em><\/a>, dem die wunderbare Mosaikdekoration und die Rosette an der Fassade zugeordnet werden.<\/p>\n<p>In den folgenden Jahren ging die Leitung der Arbeiten erneut an ber\u00fchmte Pers\u00f6nlichkeiten wie <a href=\"https:\/\/de.wikipedia.org\/wiki\/Michele_Sanmicheli\" target=\"_blank\" rel=\"noopener\"><em>Michele Sanmicheli<\/em><\/a> und <a href=\"https:\/\/de.wikipedia.org\/wiki\/Antonio_da_Sangallo_der_J%C3%BCngere\" target=\"_blank\" rel=\"noopener\"><em>Antonio da Sangallo il Giovane<\/em><\/a> \u00fcber und sie endeten endg\u00fcltig mit der letzten Bauma\u00dfnahme in der Neuzeit, 1970, als die urspr\u00fcnglichen Holzt\u00fcren durch die majest\u00e4tischen Bronzet\u00fcren mit Szenen zu den Werken der Barmherzigkeit ersetzt wurden, angefertigt vom sizilianischen Bildhauer Emilio Greco.<\/p>\n<p>Die Fassade des Doms \u00fcberragt den Platz und fasziniert die Betrachter durch das Reichtum der dekorativen Elemente, aus denen sich der Platz zusammensetzt, und durch die Gr\u00f6\u00dfe der sich nach oben erstreckenden Struktur: Die Helligkeit der vergoldeten Mosaike, die Szenen aus dem Leben der im Himmel aufgenommenen Jungfrau Maria beschreiben, der der Dom von Orvieto geweiht ist, bildet den Hintergrund f\u00fcr die pr\u00e4chtige zentralen Rosette, die aus einer doppelten Reihe an S\u00e4ulen mit gekreuzten B\u00f6gen besteht, die an den vier Seiten von den Mosaiken der Kirchenv\u00e4ter eingerahmt sind: hl. Augustinus, hl. Gregor der Gro\u00dfe, hl. Hieronymus und hl. Ambrosius sowie den Figuren der Apostel und Propheten als Bildhauereien.<\/p>\n<p>Die sehr viel dezenteren Seitenw\u00e4nde zeichnen sich hingegen durch einen Wechsel aus Reihen in Basalt und Travertin aus, der dem Geb\u00e4ude das zweifarbige, wei\u00df-dunkelgr\u00fcne Erscheinungsbild verleiht. Im Inneren zeichnet sich der Dom durch einen Grundriss in Form eines lateinischen Kreuzes sowie durch drei gro\u00dfe und elegante Schiffe mit einem h\u00f6lzernen Dachstuhl sowie mit einer entsprechenden Dekoration aus abwechselnden Streifen aus Travertin und Basalt aus, die auch au\u00dfen zu sehen ist. Als Kunstwerke erw\u00e4hnensert sind die <em>Piet\u00e0<\/em> (oder Kreuzabnahme) sowie die Pfeifenorgel von <em>Ippolito Scalza<\/em>. Auch in den beiden Seitenkapellen des Querschiffs befinden sich wichtige Meisterwerke: die <strong>Capella del Corporale <\/strong>beherbergt die heilige Reliquie des &#8222;<em>Wunders von Bolsena<\/em>&#8220; in einem wertvollen Reliquiar, der zwischen 1337 und 1338 vom Goldschmied aus Siena <em>Ugolino di Vieri<\/em> angefertigt wurde; die <strong>Capella della Madonna di San Brizio <\/strong>ist mit Fresken bekannter Maler aus dem Kreis um <a href=\"https:\/\/de.wikipedia.org\/wiki\/Fra_Angelico\" target=\"_blank\" rel=\"noopener\"><em>Fra Angelico<\/em><\/a>, <a href=\"https:\/\/de.wikipedia.org\/wiki\/Benozzo_Gozzoli\" target=\"_blank\" rel=\"noopener\"><em>Benozzo Gozzoli <\/em><\/a>und <a href=\"https:\/\/de.wikipedia.org\/wiki\/Perugino\" target=\"_blank\" rel=\"noopener\"><em>Perugino<\/em> <\/a>verziert, wobei das unbeschreibliche Meisterwerk des <strong>J\u00fcngsten Gerichts<\/strong> hervorzuheben ist, das zwischen 1500-03 von <a href=\"https:\/\/de.wikipedia.org\/wiki\/Luca_Signorelli\" target=\"_blank\" rel=\"noopener\"><em>Luca Signorelli<\/em><\/a> als Nachahmung der Fresken von Michelangelo in der Sixtinischen Kapelle gemalt wurde.<\/p>\n","protected":false},"excerpt":{"rendered":"<p>Der Dom von Orvieto ist ein unbestrittenes Meisterwerk der sp\u00e4tmittelalterlichen gotischen Architektur. Aufgrund der Vielfalt der dekorativen Elemente, die perfekt zueinander passen, obwohl sie von den verschiedensten K\u00fcnstlern stammen, sowie aufgrund der Meisterhaftigkeit der strukturellen Formen, ist das Geb\u00e4ude betreffend die Architektur in ganz Italien einzigartig. Als Symbol der Stadt \u00fcberragt und dominiert der Dom [&hellip;]<\/p>\n","protected":false},"author":4,"featured_media":1983,"parent":3008,"menu_order":0,"comment_status":"closed","ping_status":"closed","template":"","meta":{"om_disable_all_campaigns":false,"_monsterinsights_skip_tracking":false,"_monsterinsights_sitenote_active":false,"_monsterinsights_sitenote_note":"","_monsterinsights_sitenote_category":0},"acf":[],"yoast_head":"<!-- This site is optimized with the Yoast SEO plugin v18.4.1 - https:\/\/yoast.com\/wordpress\/plugins\/seo\/ -->\n<title>Der Dom Von Orvieto - Exploring Umbria<\/title>\n<meta name=\"description\" content=\"Der Dom von Orvieto ist ein unbestrittenes Meisterwerk der sp\u00e4tmittelalterlichen gotischen Architektur. Aufgrund der Vielfalt der dekorativen Elemente,\" \/>\n<meta name=\"robots\" content=\"index, follow, max-snippet:-1, max-image-preview:large, max-video-preview:-1\" \/>\n<link rel=\"canonical\" href=\"https:\/\/www.exploring-umbria.com\/de\/entdecke-orvieto\/sehenswuerdigkeiten-in-orvieto\/der-dom-von-orvieto\/\" \/>\n<meta property=\"og:locale\" content=\"de_DE\" \/>\n<meta property=\"og:type\" content=\"article\" \/>\n<meta property=\"og:title\" content=\"Der Dom Von Orvieto - Exploring Umbria\" \/>\n<meta property=\"og:description\" content=\"Der Dom von Orvieto ist ein unbestrittenes Meisterwerk der sp\u00e4tmittelalterlichen gotischen Architektur. Aufgrund der Vielfalt der dekorativen Elemente,\" \/>\n<meta property=\"og:url\" content=\"https:\/\/www.exploring-umbria.com\/de\/entdecke-orvieto\/sehenswuerdigkeiten-in-orvieto\/der-dom-von-orvieto\/\" \/>\n<meta property=\"og:site_name\" content=\"Exploring Umbria\" \/>\n<meta property=\"article:publisher\" content=\"https:\/\/www.facebook.com\/exploringumbria\/\" \/>\n<meta property=\"article:modified_time\" content=\"2019-12-24T18:00:45+00:00\" \/>\n<meta property=\"og:image\" content=\"https:\/\/www.exploring-umbria.com\/wp-content\/uploads\/2019\/03\/DUOMO-DI-ORVIETO-ORIGINALE-2000x2803.jpeg\" \/>\n\t<meta property=\"og:image:width\" content=\"1600\" \/>\n\t<meta property=\"og:image:height\" content=\"1200\" \/>\n\t<meta property=\"og:image:type\" content=\"image\/jpeg\" \/>\n<meta name=\"twitter:card\" content=\"summary_large_image\" \/>\n<meta name=\"twitter:label1\" content=\"Gesch\u00e4tzte Lesezeit\" \/>\n\t<meta name=\"twitter:data1\" content=\"4\u00a0Minuten\" \/>\n<script type=\"application\/ld+json\" class=\"yoast-schema-graph\">{\"@context\":\"https:\/\/schema.org\",\"@graph\":[{\"@type\":\"Organization\",\"@id\":\"https:\/\/www.exploring-umbria.com\/de\/#organization\",\"name\":\"Exploring Umbria\",\"url\":\"https:\/\/www.exploring-umbria.com\/de\/\",\"sameAs\":[\"https:\/\/www.facebook.com\/exploringumbria\/\",\"https:\/\/www.instagram.com\/exploringumbria\/\"],\"logo\":{\"@type\":\"ImageObject\",\"@id\":\"https:\/\/www.exploring-umbria.com\/de\/#logo\",\"inLanguage\":\"de\",\"url\":\"https:\/\/www.exploring-umbria.com\/wp-content\/uploads\/2019\/08\/solo-logo-verde.jpg\",\"contentUrl\":\"https:\/\/www.exploring-umbria.com\/wp-content\/uploads\/2019\/08\/solo-logo-verde.jpg\",\"width\":952,\"height\":532,\"caption\":\"Exploring Umbria\"},\"image\":{\"@id\":\"https:\/\/www.exploring-umbria.com\/de\/#logo\"}},{\"@type\":\"WebSite\",\"@id\":\"https:\/\/www.exploring-umbria.com\/de\/#website\",\"url\":\"https:\/\/www.exploring-umbria.com\/de\/\",\"name\":\"Exploring Umbria\",\"description\":\"your dates, your mood, your trip\",\"publisher\":{\"@id\":\"https:\/\/www.exploring-umbria.com\/de\/#organization\"},\"potentialAction\":[{\"@type\":\"SearchAction\",\"target\":{\"@type\":\"EntryPoint\",\"urlTemplate\":\"https:\/\/www.exploring-umbria.com\/de\/?s={search_term_string}\"},\"query-input\":\"required name=search_term_string\"}],\"inLanguage\":\"de\"},{\"@type\":\"ImageObject\",\"@id\":\"https:\/\/www.exploring-umbria.com\/de\/entdecke-orvieto\/sehenswuerdigkeiten-in-orvieto\/der-dom-von-orvieto\/#primaryimage\",\"inLanguage\":\"de\",\"url\":\"https:\/\/www.exploring-umbria.com\/wp-content\/uploads\/2019\/03\/DUOMO-DI-ORVIETO-ORIGINALE-2000x2803.jpeg\",\"contentUrl\":\"https:\/\/www.exploring-umbria.com\/wp-content\/uploads\/2019\/03\/DUOMO-DI-ORVIETO-ORIGINALE-2000x2803.jpeg\",\"width\":1600,\"height\":1200,\"caption\":\"\u00a9 Dario Negro ph.\"},{\"@type\":\"WebPage\",\"@id\":\"https:\/\/www.exploring-umbria.com\/de\/entdecke-orvieto\/sehenswuerdigkeiten-in-orvieto\/der-dom-von-orvieto\/#webpage\",\"url\":\"https:\/\/www.exploring-umbria.com\/de\/entdecke-orvieto\/sehenswuerdigkeiten-in-orvieto\/der-dom-von-orvieto\/\",\"name\":\"Der Dom Von Orvieto - Exploring Umbria\",\"isPartOf\":{\"@id\":\"https:\/\/www.exploring-umbria.com\/de\/#website\"},\"primaryImageOfPage\":{\"@id\":\"https:\/\/www.exploring-umbria.com\/de\/entdecke-orvieto\/sehenswuerdigkeiten-in-orvieto\/der-dom-von-orvieto\/#primaryimage\"},\"datePublished\":\"2019-03-07T17:41:31+00:00\",\"dateModified\":\"2019-12-24T18:00:45+00:00\",\"description\":\"Der Dom von Orvieto ist ein unbestrittenes Meisterwerk der sp\u00e4tmittelalterlichen gotischen Architektur. Aufgrund der Vielfalt der dekorativen Elemente,\",\"breadcrumb\":{\"@id\":\"https:\/\/www.exploring-umbria.com\/de\/entdecke-orvieto\/sehenswuerdigkeiten-in-orvieto\/der-dom-von-orvieto\/#breadcrumb\"},\"inLanguage\":\"de\",\"potentialAction\":[{\"@type\":\"ReadAction\",\"target\":[\"https:\/\/www.exploring-umbria.com\/de\/entdecke-orvieto\/sehenswuerdigkeiten-in-orvieto\/der-dom-von-orvieto\/\"]}]},{\"@type\":\"BreadcrumbList\",\"@id\":\"https:\/\/www.exploring-umbria.com\/de\/entdecke-orvieto\/sehenswuerdigkeiten-in-orvieto\/der-dom-von-orvieto\/#breadcrumb\",\"itemListElement\":[{\"@type\":\"ListItem\",\"position\":1,\"name\":\"Home\",\"item\":\"https:\/\/www.exploring-umbria.com\/de\/\"},{\"@type\":\"ListItem\",\"position\":2,\"name\":\"Entdecke Orvieto: la citt\u00e0 narrante\",\"item\":\"https:\/\/www.exploring-umbria.com\/de\/entdecke-orvieto\/\"},{\"@type\":\"ListItem\",\"position\":3,\"name\":\"Sehensw\u00fcrdigkeiten in Orvieto\",\"item\":\"https:\/\/www.exploring-umbria.com\/de\/entdecke-orvieto\/sehenswuerdigkeiten-in-orvieto\/\"},{\"@type\":\"ListItem\",\"position\":4,\"name\":\"Der Dom Von Orvieto\"}]}]}<\/script>\n<!-- \/ Yoast SEO plugin. -->","yoast_head_json":{"title":"Der Dom Von Orvieto - Exploring Umbria","description":"Der Dom von Orvieto ist ein unbestrittenes Meisterwerk der sp\u00e4tmittelalterlichen gotischen Architektur. Aufgrund der Vielfalt der dekorativen Elemente,","robots":{"index":"index","follow":"follow","max-snippet":"max-snippet:-1","max-image-preview":"max-image-preview:large","max-video-preview":"max-video-preview:-1"},"canonical":"https:\/\/www.exploring-umbria.com\/de\/entdecke-orvieto\/sehenswuerdigkeiten-in-orvieto\/der-dom-von-orvieto\/","og_locale":"de_DE","og_type":"article","og_title":"Der Dom Von Orvieto - Exploring Umbria","og_description":"Der Dom von Orvieto ist ein unbestrittenes Meisterwerk der sp\u00e4tmittelalterlichen gotischen Architektur. Aufgrund der Vielfalt der dekorativen Elemente,","og_url":"https:\/\/www.exploring-umbria.com\/de\/entdecke-orvieto\/sehenswuerdigkeiten-in-orvieto\/der-dom-von-orvieto\/","og_site_name":"Exploring Umbria","article_publisher":"https:\/\/www.facebook.com\/exploringumbria\/","article_modified_time":"2019-12-24T18:00:45+00:00","og_image":[{"width":1600,"height":1200,"url":"https:\/\/www.exploring-umbria.com\/wp-content\/uploads\/2019\/03\/DUOMO-DI-ORVIETO-ORIGINALE-2000x2803.jpeg","type":"image\/jpeg"}],"twitter_card":"summary_large_image","twitter_misc":{"Gesch\u00e4tzte Lesezeit":"4\u00a0Minuten"},"schema":{"@context":"https:\/\/schema.org","@graph":[{"@type":"Organization","@id":"https:\/\/www.exploring-umbria.com\/de\/#organization","name":"Exploring Umbria","url":"https:\/\/www.exploring-umbria.com\/de\/","sameAs":["https:\/\/www.facebook.com\/exploringumbria\/","https:\/\/www.instagram.com\/exploringumbria\/"],"logo":{"@type":"ImageObject","@id":"https:\/\/www.exploring-umbria.com\/de\/#logo","inLanguage":"de","url":"https:\/\/www.exploring-umbria.com\/wp-content\/uploads\/2019\/08\/solo-logo-verde.jpg","contentUrl":"https:\/\/www.exploring-umbria.com\/wp-content\/uploads\/2019\/08\/solo-logo-verde.jpg","width":952,"height":532,"caption":"Exploring Umbria"},"image":{"@id":"https:\/\/www.exploring-umbria.com\/de\/#logo"}},{"@type":"WebSite","@id":"https:\/\/www.exploring-umbria.com\/de\/#website","url":"https:\/\/www.exploring-umbria.com\/de\/","name":"Exploring Umbria","description":"your dates, your mood, your trip","publisher":{"@id":"https:\/\/www.exploring-umbria.com\/de\/#organization"},"potentialAction":[{"@type":"SearchAction","target":{"@type":"EntryPoint","urlTemplate":"https:\/\/www.exploring-umbria.com\/de\/?s={search_term_string}"},"query-input":"required name=search_term_string"}],"inLanguage":"de"},{"@type":"ImageObject","@id":"https:\/\/www.exploring-umbria.com\/de\/entdecke-orvieto\/sehenswuerdigkeiten-in-orvieto\/der-dom-von-orvieto\/#primaryimage","inLanguage":"de","url":"https:\/\/www.exploring-umbria.com\/wp-content\/uploads\/2019\/03\/DUOMO-DI-ORVIETO-ORIGINALE-2000x2803.jpeg","contentUrl":"https:\/\/www.exploring-umbria.com\/wp-content\/uploads\/2019\/03\/DUOMO-DI-ORVIETO-ORIGINALE-2000x2803.jpeg","width":1600,"height":1200,"caption":"\u00a9 Dario Negro ph."},{"@type":"WebPage","@id":"https:\/\/www.exploring-umbria.com\/de\/entdecke-orvieto\/sehenswuerdigkeiten-in-orvieto\/der-dom-von-orvieto\/#webpage","url":"https:\/\/www.exploring-umbria.com\/de\/entdecke-orvieto\/sehenswuerdigkeiten-in-orvieto\/der-dom-von-orvieto\/","name":"Der Dom Von Orvieto - Exploring Umbria","isPartOf":{"@id":"https:\/\/www.exploring-umbria.com\/de\/#website"},"primaryImageOfPage":{"@id":"https:\/\/www.exploring-umbria.com\/de\/entdecke-orvieto\/sehenswuerdigkeiten-in-orvieto\/der-dom-von-orvieto\/#primaryimage"},"datePublished":"2019-03-07T17:41:31+00:00","dateModified":"2019-12-24T18:00:45+00:00","description":"Der Dom von Orvieto ist ein unbestrittenes Meisterwerk der sp\u00e4tmittelalterlichen gotischen Architektur. Aufgrund der Vielfalt der dekorativen Elemente,","breadcrumb":{"@id":"https:\/\/www.exploring-umbria.com\/de\/entdecke-orvieto\/sehenswuerdigkeiten-in-orvieto\/der-dom-von-orvieto\/#breadcrumb"},"inLanguage":"de","potentialAction":[{"@type":"ReadAction","target":["https:\/\/www.exploring-umbria.com\/de\/entdecke-orvieto\/sehenswuerdigkeiten-in-orvieto\/der-dom-von-orvieto\/"]}]},{"@type":"BreadcrumbList","@id":"https:\/\/www.exploring-umbria.com\/de\/entdecke-orvieto\/sehenswuerdigkeiten-in-orvieto\/der-dom-von-orvieto\/#breadcrumb","itemListElement":[{"@type":"ListItem","position":1,"name":"Home","item":"https:\/\/www.exploring-umbria.com\/de\/"},{"@type":"ListItem","position":2,"name":"Entdecke Orvieto: la citt\u00e0 narrante","item":"https:\/\/www.exploring-umbria.com\/de\/entdecke-orvieto\/"},{"@type":"ListItem","position":3,"name":"Sehensw\u00fcrdigkeiten in Orvieto","item":"https:\/\/www.exploring-umbria.com\/de\/entdecke-orvieto\/sehenswuerdigkeiten-in-orvieto\/"},{"@type":"ListItem","position":4,"name":"Der Dom Von Orvieto"}]}]}},"_links":{"self":[{"href":"https:\/\/www.exploring-umbria.com\/de\/wp-json\/wp\/v2\/pages\/3006"}],"collection":[{"href":"https:\/\/www.exploring-umbria.com\/de\/wp-json\/wp\/v2\/pages"}],"about":[{"href":"https:\/\/www.exploring-umbria.com\/de\/wp-json\/wp\/v2\/types\/page"}],"author":[{"embeddable":true,"href":"https:\/\/www.exploring-umbria.com\/de\/wp-json\/wp\/v2\/users\/4"}],"replies":[{"embeddable":true,"href":"https:\/\/www.exploring-umbria.com\/de\/wp-json\/wp\/v2\/comments?post=3006"}],"version-history":[{"count":5,"href":"https:\/\/www.exploring-umbria.com\/de\/wp-json\/wp\/v2\/pages\/3006\/revisions"}],"predecessor-version":[{"id":26687,"href":"https:\/\/www.exploring-umbria.com\/de\/wp-json\/wp\/v2\/pages\/3006\/revisions\/26687"}],"up":[{"embeddable":true,"href":"https:\/\/www.exploring-umbria.com\/de\/wp-json\/wp\/v2\/pages\/3008"}],"wp:featuredmedia":[{"embeddable":true,"href":"https:\/\/www.exploring-umbria.com\/de\/wp-json\/wp\/v2\/media\/1983"}],"wp:attachment":[{"href":"https:\/\/www.exploring-umbria.com\/de\/wp-json\/wp\/v2\/media?parent=3006"}],"curies":[{"name":"wp","href":"https:\/\/api.w.org\/{rel}","templated":true}]}}