{"id":3003,"date":"2019-03-07T18:51:01","date_gmt":"2019-03-07T17:51:01","guid":{"rendered":"https:\/\/www.exploring-umbria.com\/orvieto-sotterranea-e-grotte-della-rupe\/"},"modified":"2019-12-30T13:02:41","modified_gmt":"2019-12-30T12:02:41","slug":"das-unterirdische-orvieto-und-das-labyrinth-von-adrian","status":"publish","type":"page","link":"https:\/\/www.exploring-umbria.com\/de\/entdecke-orvieto\/sehenswuerdigkeiten-in-orvieto\/das-unterirdische-orvieto-und-das-labyrinth-von-adrian\/","title":{"rendered":"Das unterirdische Orvieto und das Labyrinth von Adrian"},"content":{"rendered":"<p>Neben den architektonischen und landschaftlichen Wundern an der Oberfl\u00e4che, die von der Sonne gek\u00fcsst und vom Gr\u00fcn des Tals, in dem sie liegen, umgeben sind, befindet sich in Orvieto ein verborgener Schatz, der lange Zeit verborgen blieb, heute jedoch unter dem Namen <strong>Orvieto Sotteranea<\/strong> oder <strong>Orvieto Underground<\/strong> bekannt ist.<\/p>\n<p>Die Entdeckung ist auf die Bem\u00fchungen einiger H\u00f6hlenforscher zur\u00fcckzuf\u00fchren, die sich als erste in eine echte Untergrundwelt wagten, die bis heute all jene \u00fcberrascht, die sie betreten. Dank alter und moderner Studien (die erste Bestandsaufnahme begann im 19. Jahrhundert) war es heute m\u00f6glich, bis zu 1200 Hohlr\u00e4ume unterschiedlicher Art, Zeit und Funktion zu erfassen, die das Labyrinth im Herzender Stadt bilden.<\/p>\n<p>Von der Piazza del Duomo aus k\u00f6nnen Besucher die Wunder dieser Parallelwelt mit einem Reisef\u00fchrer erkunden und die Stationen der Geschichte von der etruskischen Stadt <em>Velzna<\/em> bis zum <em>Urbs Vetus<\/em> des Mittelalters zur\u00fcckverfolgen, um zu den Zisternen, Brunnen und sogar zu den \u00dcberresten einer M\u00fchle der Renaissance und Neuzeit zu gelangen. Es gibt viele Taubenschl\u00e4ge, also kleine rechteckige \u00d6ffnungen, die in den Fels gehauen wurden und meist in Verbindung mit der Au\u00dfenwelt stehen. Sie erm\u00f6glichten die Taubenzucht. Sie werden die unverwechselbaren etruskischen Brunnen erkennen, Juwelen der hydraulischen Architektur, mit den &#8222;Pedarole&#8220;, die an den W\u00e4nden der Hohlr\u00e4ume angebracht sind, um den Auf- und Abstieg in die Brunnen zu erm\u00f6glichen. Verwundene Tunnel werden meilenweit durch die R\u00e4ume der Stadt f\u00fchren und \u00dcberreste von Zisternen zeigen, von R\u00e4umen, die dem Schutz gegen Tiere dienten, Tuchwalkvorrichtungen zum F\u00e4rben von Wolle und sogar die \u00dcberreste des st\u00e4dtischen Aqu\u00e4dukts, das in der Renaissance gebaut wurde und sich mit den Strukturen der ber\u00fchmten Brunnen von <a href=\"https:\/\/www.exploring-umbria.com\/de\/subcategories\/cosa-fare-e-cosa-vedere-ad-orvieto\/#heading2967\" target=\"_blank\" rel=\"noopener\">St. Patrick<\/a> und dem <a href=\"https:\/\/www.exploring-umbria.com\/de\/subcategories\/cosa-fare-e-cosa-vedere-ad-orvieto\/#heading2965\" target=\"_blank\" rel=\"noopener\">Steinbruch<\/a> verbindet, ganz zu schweigen von der alten Grotte der Fossilien, die pal\u00e4obotanische \u00dcberreste ans Licht gebracht hat, die bis zu 320.000 Jahre, lange vor der Ankunft der Menschen, zur\u00fcckreichen.<\/p>\n<p>Besonders erw\u00e4hnenswert ist das private, unterirdische Museum, bekannt als <strong>&#8222;Labirinto di Adriano&#8220;. <\/strong>Die Definition des Labyrinths kommt von der geschlungenen Bauweise des Weges, der sich durch gut 20 Stollen, Brunnen, H\u00f6hlen und Zisternen windet, die in den 70er-Jahren von Adriano und Rita entdeckt wurden. Sie waren die Inhaber der Konditorei, die sich genau \u00fcber dem Museum befindet. Anl\u00e4sslich der Renovierung des Bodens machten die beiden Konditoren eine ungew\u00f6hnliche Entdeckung und verwandelten den Bereich in ein arch\u00e4ologisches Museum, das mit einem Stadtf\u00fchrer besichtigt werden kann und die Anerkennung eines privaten Museums erhalten hat.<\/p>\n<p>Kurz gesagt, hat die Beschaffenheit des Felsens, bestehend aus Tuff und Puzzolana, erm\u00f6glicht, dreitausend Jahre lang in den unber\u00fchrten R\u00e4umen des Untergrundes zu arbeiten und eine Welt zu schaffen, die heute als die andere Seite der Medaille einer Stadt gilt, die bereits an der Oberfl\u00e4che wunderbar ist.<\/p>\n","protected":false},"excerpt":{"rendered":"<p>Neben den architektonischen und landschaftlichen Wundern an der Oberfl\u00e4che, die von der Sonne gek\u00fcsst und vom Gr\u00fcn des Tals, in dem sie liegen, umgeben sind, befindet sich in Orvieto ein verborgener Schatz, der lange Zeit verborgen blieb, heute jedoch unter dem Namen Orvieto Sotteranea oder Orvieto Underground bekannt ist. Die Entdeckung ist auf die Bem\u00fchungen [&hellip;]<\/p>\n","protected":false},"author":4,"featured_media":0,"parent":3008,"menu_order":0,"comment_status":"closed","ping_status":"closed","template":"","meta":{"om_disable_all_campaigns":false,"_monsterinsights_skip_tracking":false,"_monsterinsights_sitenote_active":false,"_monsterinsights_sitenote_note":"","_monsterinsights_sitenote_category":0},"acf":[],"yoast_head":"<!-- This site is optimized with the Yoast SEO plugin v18.4.1 - https:\/\/yoast.com\/wordpress\/plugins\/seo\/ -->\n<title>Das unterirdische Orvieto und das Labyrinth von Adrian - Exploring Umbria<\/title>\n<meta name=\"description\" content=\"Neben den architektonischen und landschaftlichen Wundern an der Oberfl\u00e4che, die von der Sonne gek\u00fcsst und vom Gr\u00fcn des Tals, in dem sie liegen, umgeben\" \/>\n<meta name=\"robots\" content=\"index, follow, max-snippet:-1, max-image-preview:large, max-video-preview:-1\" \/>\n<link rel=\"canonical\" href=\"https:\/\/www.exploring-umbria.com\/de\/entdecke-orvieto\/sehenswuerdigkeiten-in-orvieto\/das-unterirdische-orvieto-und-das-labyrinth-von-adrian\/\" \/>\n<meta property=\"og:locale\" content=\"de_DE\" \/>\n<meta property=\"og:type\" content=\"article\" \/>\n<meta property=\"og:title\" content=\"Das unterirdische Orvieto und das Labyrinth von Adrian - Exploring Umbria\" \/>\n<meta property=\"og:description\" content=\"Neben den architektonischen und landschaftlichen Wundern an der Oberfl\u00e4che, die von der Sonne gek\u00fcsst und vom Gr\u00fcn des Tals, in dem sie liegen, umgeben\" \/>\n<meta property=\"og:url\" content=\"https:\/\/www.exploring-umbria.com\/de\/entdecke-orvieto\/sehenswuerdigkeiten-in-orvieto\/das-unterirdische-orvieto-und-das-labyrinth-von-adrian\/\" \/>\n<meta property=\"og:site_name\" content=\"Exploring Umbria\" \/>\n<meta property=\"article:publisher\" content=\"https:\/\/www.facebook.com\/exploringumbria\/\" \/>\n<meta property=\"article:modified_time\" content=\"2019-12-30T12:02:41+00:00\" \/>\n<meta name=\"twitter:card\" content=\"summary_large_image\" \/>\n<meta name=\"twitter:label1\" content=\"Gesch\u00e4tzte Lesezeit\" \/>\n\t<meta name=\"twitter:data1\" content=\"2\u00a0Minuten\" \/>\n<script type=\"application\/ld+json\" class=\"yoast-schema-graph\">{\"@context\":\"https:\/\/schema.org\",\"@graph\":[{\"@type\":\"Organization\",\"@id\":\"https:\/\/www.exploring-umbria.com\/de\/#organization\",\"name\":\"Exploring Umbria\",\"url\":\"https:\/\/www.exploring-umbria.com\/de\/\",\"sameAs\":[\"https:\/\/www.facebook.com\/exploringumbria\/\",\"https:\/\/www.instagram.com\/exploringumbria\/\"],\"logo\":{\"@type\":\"ImageObject\",\"@id\":\"https:\/\/www.exploring-umbria.com\/de\/#logo\",\"inLanguage\":\"de\",\"url\":\"https:\/\/www.exploring-umbria.com\/wp-content\/uploads\/2019\/08\/solo-logo-verde.jpg\",\"contentUrl\":\"https:\/\/www.exploring-umbria.com\/wp-content\/uploads\/2019\/08\/solo-logo-verde.jpg\",\"width\":952,\"height\":532,\"caption\":\"Exploring Umbria\"},\"image\":{\"@id\":\"https:\/\/www.exploring-umbria.com\/de\/#logo\"}},{\"@type\":\"WebSite\",\"@id\":\"https:\/\/www.exploring-umbria.com\/de\/#website\",\"url\":\"https:\/\/www.exploring-umbria.com\/de\/\",\"name\":\"Exploring Umbria\",\"description\":\"your dates, your mood, your trip\",\"publisher\":{\"@id\":\"https:\/\/www.exploring-umbria.com\/de\/#organization\"},\"potentialAction\":[{\"@type\":\"SearchAction\",\"target\":{\"@type\":\"EntryPoint\",\"urlTemplate\":\"https:\/\/www.exploring-umbria.com\/de\/?s={search_term_string}\"},\"query-input\":\"required name=search_term_string\"}],\"inLanguage\":\"de\"},{\"@type\":\"WebPage\",\"@id\":\"https:\/\/www.exploring-umbria.com\/de\/entdecke-orvieto\/sehenswuerdigkeiten-in-orvieto\/das-unterirdische-orvieto-und-das-labyrinth-von-adrian\/#webpage\",\"url\":\"https:\/\/www.exploring-umbria.com\/de\/entdecke-orvieto\/sehenswuerdigkeiten-in-orvieto\/das-unterirdische-orvieto-und-das-labyrinth-von-adrian\/\",\"name\":\"Das unterirdische Orvieto und das Labyrinth von Adrian - Exploring Umbria\",\"isPartOf\":{\"@id\":\"https:\/\/www.exploring-umbria.com\/de\/#website\"},\"datePublished\":\"2019-03-07T17:51:01+00:00\",\"dateModified\":\"2019-12-30T12:02:41+00:00\",\"description\":\"Neben den architektonischen und landschaftlichen Wundern an der Oberfl\u00e4che, die von der Sonne gek\u00fcsst und vom Gr\u00fcn des Tals, in dem sie liegen, umgeben\",\"breadcrumb\":{\"@id\":\"https:\/\/www.exploring-umbria.com\/de\/entdecke-orvieto\/sehenswuerdigkeiten-in-orvieto\/das-unterirdische-orvieto-und-das-labyrinth-von-adrian\/#breadcrumb\"},\"inLanguage\":\"de\",\"potentialAction\":[{\"@type\":\"ReadAction\",\"target\":[\"https:\/\/www.exploring-umbria.com\/de\/entdecke-orvieto\/sehenswuerdigkeiten-in-orvieto\/das-unterirdische-orvieto-und-das-labyrinth-von-adrian\/\"]}]},{\"@type\":\"BreadcrumbList\",\"@id\":\"https:\/\/www.exploring-umbria.com\/de\/entdecke-orvieto\/sehenswuerdigkeiten-in-orvieto\/das-unterirdische-orvieto-und-das-labyrinth-von-adrian\/#breadcrumb\",\"itemListElement\":[{\"@type\":\"ListItem\",\"position\":1,\"name\":\"Home\",\"item\":\"https:\/\/www.exploring-umbria.com\/de\/\"},{\"@type\":\"ListItem\",\"position\":2,\"name\":\"Entdecke Orvieto: la citt\u00e0 narrante\",\"item\":\"https:\/\/www.exploring-umbria.com\/de\/entdecke-orvieto\/\"},{\"@type\":\"ListItem\",\"position\":3,\"name\":\"Sehensw\u00fcrdigkeiten in Orvieto\",\"item\":\"https:\/\/www.exploring-umbria.com\/de\/entdecke-orvieto\/sehenswuerdigkeiten-in-orvieto\/\"},{\"@type\":\"ListItem\",\"position\":4,\"name\":\"Das unterirdische Orvieto und das Labyrinth von Adrian\"}]}]}<\/script>\n<!-- \/ Yoast SEO plugin. -->","yoast_head_json":{"title":"Das unterirdische Orvieto und das Labyrinth von Adrian - Exploring Umbria","description":"Neben den architektonischen und landschaftlichen Wundern an der Oberfl\u00e4che, die von der Sonne gek\u00fcsst und vom Gr\u00fcn des Tals, in dem sie liegen, umgeben","robots":{"index":"index","follow":"follow","max-snippet":"max-snippet:-1","max-image-preview":"max-image-preview:large","max-video-preview":"max-video-preview:-1"},"canonical":"https:\/\/www.exploring-umbria.com\/de\/entdecke-orvieto\/sehenswuerdigkeiten-in-orvieto\/das-unterirdische-orvieto-und-das-labyrinth-von-adrian\/","og_locale":"de_DE","og_type":"article","og_title":"Das unterirdische Orvieto und das Labyrinth von Adrian - Exploring Umbria","og_description":"Neben den architektonischen und landschaftlichen Wundern an der Oberfl\u00e4che, die von der Sonne gek\u00fcsst und vom Gr\u00fcn des Tals, in dem sie liegen, umgeben","og_url":"https:\/\/www.exploring-umbria.com\/de\/entdecke-orvieto\/sehenswuerdigkeiten-in-orvieto\/das-unterirdische-orvieto-und-das-labyrinth-von-adrian\/","og_site_name":"Exploring Umbria","article_publisher":"https:\/\/www.facebook.com\/exploringumbria\/","article_modified_time":"2019-12-30T12:02:41+00:00","twitter_card":"summary_large_image","twitter_misc":{"Gesch\u00e4tzte Lesezeit":"2\u00a0Minuten"},"schema":{"@context":"https:\/\/schema.org","@graph":[{"@type":"Organization","@id":"https:\/\/www.exploring-umbria.com\/de\/#organization","name":"Exploring Umbria","url":"https:\/\/www.exploring-umbria.com\/de\/","sameAs":["https:\/\/www.facebook.com\/exploringumbria\/","https:\/\/www.instagram.com\/exploringumbria\/"],"logo":{"@type":"ImageObject","@id":"https:\/\/www.exploring-umbria.com\/de\/#logo","inLanguage":"de","url":"https:\/\/www.exploring-umbria.com\/wp-content\/uploads\/2019\/08\/solo-logo-verde.jpg","contentUrl":"https:\/\/www.exploring-umbria.com\/wp-content\/uploads\/2019\/08\/solo-logo-verde.jpg","width":952,"height":532,"caption":"Exploring Umbria"},"image":{"@id":"https:\/\/www.exploring-umbria.com\/de\/#logo"}},{"@type":"WebSite","@id":"https:\/\/www.exploring-umbria.com\/de\/#website","url":"https:\/\/www.exploring-umbria.com\/de\/","name":"Exploring Umbria","description":"your dates, your mood, your trip","publisher":{"@id":"https:\/\/www.exploring-umbria.com\/de\/#organization"},"potentialAction":[{"@type":"SearchAction","target":{"@type":"EntryPoint","urlTemplate":"https:\/\/www.exploring-umbria.com\/de\/?s={search_term_string}"},"query-input":"required name=search_term_string"}],"inLanguage":"de"},{"@type":"WebPage","@id":"https:\/\/www.exploring-umbria.com\/de\/entdecke-orvieto\/sehenswuerdigkeiten-in-orvieto\/das-unterirdische-orvieto-und-das-labyrinth-von-adrian\/#webpage","url":"https:\/\/www.exploring-umbria.com\/de\/entdecke-orvieto\/sehenswuerdigkeiten-in-orvieto\/das-unterirdische-orvieto-und-das-labyrinth-von-adrian\/","name":"Das unterirdische Orvieto und das Labyrinth von Adrian - Exploring Umbria","isPartOf":{"@id":"https:\/\/www.exploring-umbria.com\/de\/#website"},"datePublished":"2019-03-07T17:51:01+00:00","dateModified":"2019-12-30T12:02:41+00:00","description":"Neben den architektonischen und landschaftlichen Wundern an der Oberfl\u00e4che, die von der Sonne gek\u00fcsst und vom Gr\u00fcn des Tals, in dem sie liegen, umgeben","breadcrumb":{"@id":"https:\/\/www.exploring-umbria.com\/de\/entdecke-orvieto\/sehenswuerdigkeiten-in-orvieto\/das-unterirdische-orvieto-und-das-labyrinth-von-adrian\/#breadcrumb"},"inLanguage":"de","potentialAction":[{"@type":"ReadAction","target":["https:\/\/www.exploring-umbria.com\/de\/entdecke-orvieto\/sehenswuerdigkeiten-in-orvieto\/das-unterirdische-orvieto-und-das-labyrinth-von-adrian\/"]}]},{"@type":"BreadcrumbList","@id":"https:\/\/www.exploring-umbria.com\/de\/entdecke-orvieto\/sehenswuerdigkeiten-in-orvieto\/das-unterirdische-orvieto-und-das-labyrinth-von-adrian\/#breadcrumb","itemListElement":[{"@type":"ListItem","position":1,"name":"Home","item":"https:\/\/www.exploring-umbria.com\/de\/"},{"@type":"ListItem","position":2,"name":"Entdecke Orvieto: la citt\u00e0 narrante","item":"https:\/\/www.exploring-umbria.com\/de\/entdecke-orvieto\/"},{"@type":"ListItem","position":3,"name":"Sehensw\u00fcrdigkeiten in Orvieto","item":"https:\/\/www.exploring-umbria.com\/de\/entdecke-orvieto\/sehenswuerdigkeiten-in-orvieto\/"},{"@type":"ListItem","position":4,"name":"Das unterirdische Orvieto und das Labyrinth von Adrian"}]}]}},"_links":{"self":[{"href":"https:\/\/www.exploring-umbria.com\/de\/wp-json\/wp\/v2\/pages\/3003"}],"collection":[{"href":"https:\/\/www.exploring-umbria.com\/de\/wp-json\/wp\/v2\/pages"}],"about":[{"href":"https:\/\/www.exploring-umbria.com\/de\/wp-json\/wp\/v2\/types\/page"}],"author":[{"embeddable":true,"href":"https:\/\/www.exploring-umbria.com\/de\/wp-json\/wp\/v2\/users\/4"}],"replies":[{"embeddable":true,"href":"https:\/\/www.exploring-umbria.com\/de\/wp-json\/wp\/v2\/comments?post=3003"}],"version-history":[{"count":3,"href":"https:\/\/www.exploring-umbria.com\/de\/wp-json\/wp\/v2\/pages\/3003\/revisions"}],"predecessor-version":[{"id":26819,"href":"https:\/\/www.exploring-umbria.com\/de\/wp-json\/wp\/v2\/pages\/3003\/revisions\/26819"}],"up":[{"embeddable":true,"href":"https:\/\/www.exploring-umbria.com\/de\/wp-json\/wp\/v2\/pages\/3008"}],"wp:attachment":[{"href":"https:\/\/www.exploring-umbria.com\/de\/wp-json\/wp\/v2\/media?parent=3003"}],"curies":[{"name":"wp","href":"https:\/\/api.w.org\/{rel}","templated":true}]}}