{"id":2996,"date":"2019-03-07T18:58:54","date_gmt":"2019-03-07T17:58:54","guid":{"rendered":"https:\/\/www.exploring-umbria.com\/museo-dellopera-del-duomo-modo\/"},"modified":"2019-12-27T13:41:24","modified_gmt":"2019-12-27T12:41:24","slug":"museo-dellopera-del-duomo-modo","status":"publish","type":"page","link":"https:\/\/www.exploring-umbria.com\/de\/entdecke-orvieto\/sehenswuerdigkeiten-in-orvieto\/museo-dellopera-del-duomo-modo\/","title":{"rendered":"Museo dell&#8217;Opera del Duomo (MODO)"},"content":{"rendered":"<p>Das, was gemeinhin als <strong>MODO<\/strong> (Museo dell\u2019Opera del Duomo di Orvieto) bezeichnet wird, ist nicht nur ein einziges Museumsgeb\u00e4ude, sondern ein echtes System, das sich an verschiedenen Stellen befindet, alle dicht am Dom oder in direkter Verbindung zum Dom.<\/p>\n<p>Als Dreh- und Angelpunkt der Ausstellung und des gesamten Rundgangs dient die die <a href=\"https:\/\/www.exploring-umbria.com\/de\/subcategories\/cosa-fare-e-cosa-vedere-ad-orvieto\/#heading3006\" target=\"_blank\" rel=\"noopener\">Kathedrale<\/a>, die Santa Maria Assunta gewidmet ist, das unbestrittene Meisterwerk der Stadt Orvieto. In der Tat sind in den verschiedenen R\u00e4umen nicht nur Dokumente und Korrespondenzen im Zusammenhang mit den verschiedenen Phasen der Planung und des Baus des religi\u00f6sen Geb\u00e4udes erhalten und ausgestellt, sondern auch Einrichtungsgegenst\u00e4nde und dekorative Elemente, die einst im Inneren der Kathedrale aufbewahrt und im neunzehnten Jahrhundert, nach einer beeindruckenden Restaurierung mit der die Kathedrale wieder zu ihrer urspr\u00fcnglichen N\u00fcchternheit zur\u00fcckgef\u00fchrt werden sollte, entfernt wurden.<\/p>\n<p>Die Ausstellung beginnt im Dom und f\u00fchrt weiter in die R\u00e4umlichkeiten der <strong>p\u00e4pstlichen Pal\u00e4ste<\/strong>, in denen sich Fresken des 14. und 15. Jahrhunderts, Skulpturen und Gem\u00e4lde von K\u00fcnstlern wie <em>Ippolito Scalza<\/em>, <em>Cesare Nebbia<\/em> und <a href=\"https:\/\/de.wikipedia.org\/wiki\/Arnolfo_di_Cambio\" target=\"_blank\" rel=\"noopener\"><em>Arnolfo di Cambio<\/em><\/a>, und schlie\u00dflich noch gro\u00dfe Tafeln der Sinopien von Fresken in der Cappella del Corporale. Weiter geht es in der <strong>Libreria Alb\u00e8ri<\/strong>, die 1499 auf Gehei\u00df des Erzdiakons <em>Antonio Alb\u00e8ri<\/em> errichtet wurde, der beschloss, seine Sammlung aus Manuskripten und Inkunabeln mit insgesamt mehr als 300 Exponaten dem Dom zu schenken. Der <strong>Palazzo Soliano<\/strong>, ebenfalls ein p\u00e4pstliches Geb\u00e4ude, beherbergt die moderne Sammlung von Bronzen des sizilianischen Bildhauers <em>Emilio Greco<\/em>, dem auch die drei monumentalen Tore des Doms zu verdanken sind. Der Rundgang endet in der <strong>Kirche S. Agostino<\/strong>, wo die wunderbaren Skulpturengruppen &#8222;<em>der Verk\u00fcndigung<\/em>&#8222;, die <em>Francesco Mochi<\/em> im 17. Jahrhundert geschaffen hat, und die Statuen der Apostel und Heiligen, die auf das 16. bis 18. Jahrhundert zur\u00fcckgehen, ausgestellt sind.<\/p>\n","protected":false},"excerpt":{"rendered":"<p>Das, was gemeinhin als MODO (Museo dell\u2019Opera del Duomo di Orvieto) bezeichnet wird, ist nicht nur ein einziges Museumsgeb\u00e4ude, sondern ein echtes System, das sich an verschiedenen Stellen befindet, alle dicht am Dom oder in direkter Verbindung zum Dom. Als Dreh- und Angelpunkt der Ausstellung und des gesamten Rundgangs dient die die Kathedrale, die Santa [&hellip;]<\/p>\n","protected":false},"author":4,"featured_media":0,"parent":3008,"menu_order":0,"comment_status":"closed","ping_status":"closed","template":"","meta":{"om_disable_all_campaigns":false,"_monsterinsights_skip_tracking":false,"_monsterinsights_sitenote_active":false,"_monsterinsights_sitenote_note":"","_monsterinsights_sitenote_category":0},"acf":[],"yoast_head":"<!-- This site is optimized with the Yoast SEO plugin v18.4.1 - https:\/\/yoast.com\/wordpress\/plugins\/seo\/ -->\n<title>Museo dell&#039;Opera del Duomo (MODO) - Exploring Umbria<\/title>\n<meta name=\"description\" content=\"Das, was gemeinhin als MODO (Museo dell\u2019Opera del Duomo di Orvieto) bezeichnet wird, ist nicht nur ein einziges Museumsgeb\u00e4ude, sondern ein echtes System,\" \/>\n<meta name=\"robots\" content=\"index, follow, max-snippet:-1, max-image-preview:large, max-video-preview:-1\" \/>\n<link rel=\"canonical\" href=\"https:\/\/www.exploring-umbria.com\/de\/entdecke-orvieto\/sehenswuerdigkeiten-in-orvieto\/museo-dellopera-del-duomo-modo\/\" \/>\n<meta property=\"og:locale\" content=\"de_DE\" \/>\n<meta property=\"og:type\" content=\"article\" \/>\n<meta property=\"og:title\" content=\"Museo dell&#039;Opera del Duomo (MODO) - Exploring Umbria\" \/>\n<meta property=\"og:description\" content=\"Das, was gemeinhin als MODO (Museo dell\u2019Opera del Duomo di Orvieto) bezeichnet wird, ist nicht nur ein einziges Museumsgeb\u00e4ude, sondern ein echtes System,\" \/>\n<meta property=\"og:url\" content=\"https:\/\/www.exploring-umbria.com\/de\/entdecke-orvieto\/sehenswuerdigkeiten-in-orvieto\/museo-dellopera-del-duomo-modo\/\" \/>\n<meta property=\"og:site_name\" content=\"Exploring Umbria\" \/>\n<meta property=\"article:publisher\" content=\"https:\/\/www.facebook.com\/exploringumbria\/\" \/>\n<meta property=\"article:modified_time\" content=\"2019-12-27T12:41:24+00:00\" \/>\n<meta name=\"twitter:card\" content=\"summary_large_image\" \/>\n<meta name=\"twitter:label1\" content=\"Gesch\u00e4tzte Lesezeit\" \/>\n\t<meta name=\"twitter:data1\" content=\"2\u00a0Minuten\" \/>\n<script type=\"application\/ld+json\" class=\"yoast-schema-graph\">{\"@context\":\"https:\/\/schema.org\",\"@graph\":[{\"@type\":\"Organization\",\"@id\":\"https:\/\/www.exploring-umbria.com\/de\/#organization\",\"name\":\"Exploring Umbria\",\"url\":\"https:\/\/www.exploring-umbria.com\/de\/\",\"sameAs\":[\"https:\/\/www.facebook.com\/exploringumbria\/\",\"https:\/\/www.instagram.com\/exploringumbria\/\"],\"logo\":{\"@type\":\"ImageObject\",\"@id\":\"https:\/\/www.exploring-umbria.com\/de\/#logo\",\"inLanguage\":\"de\",\"url\":\"https:\/\/www.exploring-umbria.com\/wp-content\/uploads\/2019\/08\/solo-logo-verde.jpg\",\"contentUrl\":\"https:\/\/www.exploring-umbria.com\/wp-content\/uploads\/2019\/08\/solo-logo-verde.jpg\",\"width\":952,\"height\":532,\"caption\":\"Exploring Umbria\"},\"image\":{\"@id\":\"https:\/\/www.exploring-umbria.com\/de\/#logo\"}},{\"@type\":\"WebSite\",\"@id\":\"https:\/\/www.exploring-umbria.com\/de\/#website\",\"url\":\"https:\/\/www.exploring-umbria.com\/de\/\",\"name\":\"Exploring Umbria\",\"description\":\"your dates, your mood, your trip\",\"publisher\":{\"@id\":\"https:\/\/www.exploring-umbria.com\/de\/#organization\"},\"potentialAction\":[{\"@type\":\"SearchAction\",\"target\":{\"@type\":\"EntryPoint\",\"urlTemplate\":\"https:\/\/www.exploring-umbria.com\/de\/?s={search_term_string}\"},\"query-input\":\"required name=search_term_string\"}],\"inLanguage\":\"de\"},{\"@type\":\"WebPage\",\"@id\":\"https:\/\/www.exploring-umbria.com\/de\/entdecke-orvieto\/sehenswuerdigkeiten-in-orvieto\/museo-dellopera-del-duomo-modo\/#webpage\",\"url\":\"https:\/\/www.exploring-umbria.com\/de\/entdecke-orvieto\/sehenswuerdigkeiten-in-orvieto\/museo-dellopera-del-duomo-modo\/\",\"name\":\"Museo dell'Opera del Duomo (MODO) - Exploring Umbria\",\"isPartOf\":{\"@id\":\"https:\/\/www.exploring-umbria.com\/de\/#website\"},\"datePublished\":\"2019-03-07T17:58:54+00:00\",\"dateModified\":\"2019-12-27T12:41:24+00:00\",\"description\":\"Das, was gemeinhin als MODO (Museo dell\u2019Opera del Duomo di Orvieto) bezeichnet wird, ist nicht nur ein einziges Museumsgeb\u00e4ude, sondern ein echtes System,\",\"breadcrumb\":{\"@id\":\"https:\/\/www.exploring-umbria.com\/de\/entdecke-orvieto\/sehenswuerdigkeiten-in-orvieto\/museo-dellopera-del-duomo-modo\/#breadcrumb\"},\"inLanguage\":\"de\",\"potentialAction\":[{\"@type\":\"ReadAction\",\"target\":[\"https:\/\/www.exploring-umbria.com\/de\/entdecke-orvieto\/sehenswuerdigkeiten-in-orvieto\/museo-dellopera-del-duomo-modo\/\"]}]},{\"@type\":\"BreadcrumbList\",\"@id\":\"https:\/\/www.exploring-umbria.com\/de\/entdecke-orvieto\/sehenswuerdigkeiten-in-orvieto\/museo-dellopera-del-duomo-modo\/#breadcrumb\",\"itemListElement\":[{\"@type\":\"ListItem\",\"position\":1,\"name\":\"Home\",\"item\":\"https:\/\/www.exploring-umbria.com\/de\/\"},{\"@type\":\"ListItem\",\"position\":2,\"name\":\"Entdecke Orvieto: la citt\u00e0 narrante\",\"item\":\"https:\/\/www.exploring-umbria.com\/de\/entdecke-orvieto\/\"},{\"@type\":\"ListItem\",\"position\":3,\"name\":\"Sehensw\u00fcrdigkeiten in Orvieto\",\"item\":\"https:\/\/www.exploring-umbria.com\/de\/entdecke-orvieto\/sehenswuerdigkeiten-in-orvieto\/\"},{\"@type\":\"ListItem\",\"position\":4,\"name\":\"Museo dell&#8217;Opera del Duomo (MODO)\"}]}]}<\/script>\n<!-- \/ Yoast SEO plugin. -->","yoast_head_json":{"title":"Museo dell'Opera del Duomo (MODO) - Exploring Umbria","description":"Das, was gemeinhin als MODO (Museo dell\u2019Opera del Duomo di Orvieto) bezeichnet wird, ist nicht nur ein einziges Museumsgeb\u00e4ude, sondern ein echtes System,","robots":{"index":"index","follow":"follow","max-snippet":"max-snippet:-1","max-image-preview":"max-image-preview:large","max-video-preview":"max-video-preview:-1"},"canonical":"https:\/\/www.exploring-umbria.com\/de\/entdecke-orvieto\/sehenswuerdigkeiten-in-orvieto\/museo-dellopera-del-duomo-modo\/","og_locale":"de_DE","og_type":"article","og_title":"Museo dell'Opera del Duomo (MODO) - Exploring Umbria","og_description":"Das, was gemeinhin als MODO (Museo dell\u2019Opera del Duomo di Orvieto) bezeichnet wird, ist nicht nur ein einziges Museumsgeb\u00e4ude, sondern ein echtes System,","og_url":"https:\/\/www.exploring-umbria.com\/de\/entdecke-orvieto\/sehenswuerdigkeiten-in-orvieto\/museo-dellopera-del-duomo-modo\/","og_site_name":"Exploring Umbria","article_publisher":"https:\/\/www.facebook.com\/exploringumbria\/","article_modified_time":"2019-12-27T12:41:24+00:00","twitter_card":"summary_large_image","twitter_misc":{"Gesch\u00e4tzte Lesezeit":"2\u00a0Minuten"},"schema":{"@context":"https:\/\/schema.org","@graph":[{"@type":"Organization","@id":"https:\/\/www.exploring-umbria.com\/de\/#organization","name":"Exploring Umbria","url":"https:\/\/www.exploring-umbria.com\/de\/","sameAs":["https:\/\/www.facebook.com\/exploringumbria\/","https:\/\/www.instagram.com\/exploringumbria\/"],"logo":{"@type":"ImageObject","@id":"https:\/\/www.exploring-umbria.com\/de\/#logo","inLanguage":"de","url":"https:\/\/www.exploring-umbria.com\/wp-content\/uploads\/2019\/08\/solo-logo-verde.jpg","contentUrl":"https:\/\/www.exploring-umbria.com\/wp-content\/uploads\/2019\/08\/solo-logo-verde.jpg","width":952,"height":532,"caption":"Exploring Umbria"},"image":{"@id":"https:\/\/www.exploring-umbria.com\/de\/#logo"}},{"@type":"WebSite","@id":"https:\/\/www.exploring-umbria.com\/de\/#website","url":"https:\/\/www.exploring-umbria.com\/de\/","name":"Exploring Umbria","description":"your dates, your mood, your trip","publisher":{"@id":"https:\/\/www.exploring-umbria.com\/de\/#organization"},"potentialAction":[{"@type":"SearchAction","target":{"@type":"EntryPoint","urlTemplate":"https:\/\/www.exploring-umbria.com\/de\/?s={search_term_string}"},"query-input":"required name=search_term_string"}],"inLanguage":"de"},{"@type":"WebPage","@id":"https:\/\/www.exploring-umbria.com\/de\/entdecke-orvieto\/sehenswuerdigkeiten-in-orvieto\/museo-dellopera-del-duomo-modo\/#webpage","url":"https:\/\/www.exploring-umbria.com\/de\/entdecke-orvieto\/sehenswuerdigkeiten-in-orvieto\/museo-dellopera-del-duomo-modo\/","name":"Museo dell'Opera del Duomo (MODO) - Exploring Umbria","isPartOf":{"@id":"https:\/\/www.exploring-umbria.com\/de\/#website"},"datePublished":"2019-03-07T17:58:54+00:00","dateModified":"2019-12-27T12:41:24+00:00","description":"Das, was gemeinhin als MODO (Museo dell\u2019Opera del Duomo di Orvieto) bezeichnet wird, ist nicht nur ein einziges Museumsgeb\u00e4ude, sondern ein echtes System,","breadcrumb":{"@id":"https:\/\/www.exploring-umbria.com\/de\/entdecke-orvieto\/sehenswuerdigkeiten-in-orvieto\/museo-dellopera-del-duomo-modo\/#breadcrumb"},"inLanguage":"de","potentialAction":[{"@type":"ReadAction","target":["https:\/\/www.exploring-umbria.com\/de\/entdecke-orvieto\/sehenswuerdigkeiten-in-orvieto\/museo-dellopera-del-duomo-modo\/"]}]},{"@type":"BreadcrumbList","@id":"https:\/\/www.exploring-umbria.com\/de\/entdecke-orvieto\/sehenswuerdigkeiten-in-orvieto\/museo-dellopera-del-duomo-modo\/#breadcrumb","itemListElement":[{"@type":"ListItem","position":1,"name":"Home","item":"https:\/\/www.exploring-umbria.com\/de\/"},{"@type":"ListItem","position":2,"name":"Entdecke Orvieto: la citt\u00e0 narrante","item":"https:\/\/www.exploring-umbria.com\/de\/entdecke-orvieto\/"},{"@type":"ListItem","position":3,"name":"Sehensw\u00fcrdigkeiten in Orvieto","item":"https:\/\/www.exploring-umbria.com\/de\/entdecke-orvieto\/sehenswuerdigkeiten-in-orvieto\/"},{"@type":"ListItem","position":4,"name":"Museo dell&#8217;Opera del Duomo (MODO)"}]}]}},"_links":{"self":[{"href":"https:\/\/www.exploring-umbria.com\/de\/wp-json\/wp\/v2\/pages\/2996"}],"collection":[{"href":"https:\/\/www.exploring-umbria.com\/de\/wp-json\/wp\/v2\/pages"}],"about":[{"href":"https:\/\/www.exploring-umbria.com\/de\/wp-json\/wp\/v2\/types\/page"}],"author":[{"embeddable":true,"href":"https:\/\/www.exploring-umbria.com\/de\/wp-json\/wp\/v2\/users\/4"}],"replies":[{"embeddable":true,"href":"https:\/\/www.exploring-umbria.com\/de\/wp-json\/wp\/v2\/comments?post=2996"}],"version-history":[{"count":4,"href":"https:\/\/www.exploring-umbria.com\/de\/wp-json\/wp\/v2\/pages\/2996\/revisions"}],"predecessor-version":[{"id":26803,"href":"https:\/\/www.exploring-umbria.com\/de\/wp-json\/wp\/v2\/pages\/2996\/revisions\/26803"}],"up":[{"embeddable":true,"href":"https:\/\/www.exploring-umbria.com\/de\/wp-json\/wp\/v2\/pages\/3008"}],"wp:attachment":[{"href":"https:\/\/www.exploring-umbria.com\/de\/wp-json\/wp\/v2\/media?parent=2996"}],"curies":[{"name":"wp","href":"https:\/\/api.w.org\/{rel}","templated":true}]}}