{"id":2992,"date":"2019-03-07T19:02:42","date_gmt":"2019-03-07T18:02:42","guid":{"rendered":"https:\/\/www.exploring-umbria.com\/porte-di-orvieto\/"},"modified":"2019-12-30T13:31:46","modified_gmt":"2019-12-30T12:31:46","slug":"porta-romana-roemisches-tor","status":"publish","type":"page","link":"https:\/\/www.exploring-umbria.com\/de\/entdecke-orvieto\/sehenswuerdigkeiten-in-orvieto\/porta-romana-roemisches-tor\/","title":{"rendered":"Porta Romana (R\u00f6misches Tor)"},"content":{"rendered":"<p>Die einzigartige Struktur der Stadt Orvieto, die sich vollst\u00e4ndig \u00fcber der tuffsteinernen Basis befindet, die den Schutz vor feindlichen Angriffen garantierte, erm\u00f6glichte es einen Gro\u00dfteil der riesigen Stadttore noch in der Neuzeit zu erhalten, die im Mittelalter den Zugang zum historischen Zentrum erm\u00f6glichten. Von den zahlreichen Toren sind zwei vollst\u00e4ndig verloren gegangen: die <strong>Porta<\/strong> <strong>Cassia<\/strong> und die <strong>Porta<\/strong> <strong>Daziaria<\/strong> (deren Name auf einen Zoll zur\u00fcckzuf\u00fchren ist, der bei der Durchfahrt entrichtet werden musste). Beide befanden sich in der N\u00e4he der heutigen Piazza Cahen.<\/p>\n<p>Die anderen Tore sind hingegen gut erhalten, k\u00f6nnen besichtigt werden und geh\u00f6ren bis heute zu den Sehensw\u00fcrdigkeiten der Stadt: <strong>Porta Vivaria<\/strong>, das nur zu Fu\u00df erreichbar ist, bietet Zutritt zur etruskischen <a href=\"https:\/\/www.exploring-umbria.com\/de\/subcategories\/cosa-fare-e-cosa-vedere-ad-orvieto\/#heading2979\" target=\"_blank\" rel=\"noopener\">Nekropole Crocifisso del Tufo<\/a> und ist Ausgangspunkt eines wunderbaren Spazierganges zum Fels; die Tore <strong>Porta<\/strong> <strong>Maggiore<\/strong> und <strong>Porta<\/strong> <strong>Soliana<\/strong> (oder <strong>Porta<\/strong> <strong>della<\/strong> <strong>Rocca<\/strong>) befinden sich jeweils an der West- und Ostseite des Felsens und wurden im 13. Jahrhundert zu Zwecken der Verteidigung errichtet. Beide sind mit einer Statue von <a href=\"https:\/\/de.wikipedia.org\/wiki\/Bonifatius_VIII.\" target=\"_blank\" rel=\"noopener\">Papst Bonifazius VIII<\/a>. verziert.<\/p>\n<p>Das letzte und wichtigste dieser monumentalen Tore ist die <strong>Porta Romana<\/strong>, erbaut in der Neuzeit, im Jahr 1822, und heute der Haupteingang zur Stadt. Der Grundriss ist modern und besteht aus regelm\u00e4\u00dfigen Quadern aus Stein, die dem Bauwerk Einfachheit und Eleganz verleihen. An beiden Enden befinden sich zwei dekorative Statuen, die den kaiserlichen Adler und die Gans darstellen, die auf dem Wappen von Orvieto zu sehen und eng mit der Geschichte der Stadt Rom verbunden sind. Die Gans erinnert an die G\u00e4nse des Kapitols, die der G\u00f6ttin Juno geweiht sind, die dank ihres Taumels zahlreiche Angriffe auf die Stadt vereitelt haben.<\/p>\n","protected":false},"excerpt":{"rendered":"<p>Die einzigartige Struktur der Stadt Orvieto, die sich vollst\u00e4ndig \u00fcber der tuffsteinernen Basis befindet, die den Schutz vor feindlichen Angriffen garantierte, erm\u00f6glichte es einen Gro\u00dfteil der riesigen Stadttore noch in der Neuzeit zu erhalten, die im Mittelalter den Zugang zum historischen Zentrum erm\u00f6glichten. Von den zahlreichen Toren sind zwei vollst\u00e4ndig verloren gegangen: die Porta Cassia [&hellip;]<\/p>\n","protected":false},"author":4,"featured_media":0,"parent":3008,"menu_order":0,"comment_status":"closed","ping_status":"closed","template":"","meta":{"om_disable_all_campaigns":false,"_monsterinsights_skip_tracking":false,"_monsterinsights_sitenote_active":false,"_monsterinsights_sitenote_note":"","_monsterinsights_sitenote_category":0},"acf":[],"yoast_head":"<!-- This site is optimized with the Yoast SEO plugin v18.4.1 - https:\/\/yoast.com\/wordpress\/plugins\/seo\/ -->\n<title>Porta Romana (R\u00f6misches Tor) - Exploring Umbria<\/title>\n<meta name=\"description\" content=\"Die einzigartige Struktur der Stadt Orvieto, die sich vollst\u00e4ndig \u00fcber der tuffsteinernen Basis befindet, die den Schutz vor feindlichen Angriffen\" \/>\n<meta name=\"robots\" content=\"index, follow, max-snippet:-1, max-image-preview:large, max-video-preview:-1\" \/>\n<link rel=\"canonical\" href=\"https:\/\/www.exploring-umbria.com\/de\/entdecke-orvieto\/sehenswuerdigkeiten-in-orvieto\/porta-romana-roemisches-tor\/\" \/>\n<meta property=\"og:locale\" content=\"de_DE\" \/>\n<meta property=\"og:type\" content=\"article\" \/>\n<meta property=\"og:title\" content=\"Porta Romana (R\u00f6misches Tor) - Exploring Umbria\" \/>\n<meta property=\"og:description\" content=\"Die einzigartige Struktur der Stadt Orvieto, die sich vollst\u00e4ndig \u00fcber der tuffsteinernen Basis befindet, die den Schutz vor feindlichen Angriffen\" \/>\n<meta property=\"og:url\" content=\"https:\/\/www.exploring-umbria.com\/de\/entdecke-orvieto\/sehenswuerdigkeiten-in-orvieto\/porta-romana-roemisches-tor\/\" \/>\n<meta property=\"og:site_name\" content=\"Exploring Umbria\" \/>\n<meta property=\"article:publisher\" content=\"https:\/\/www.facebook.com\/exploringumbria\/\" \/>\n<meta property=\"article:modified_time\" content=\"2019-12-30T12:31:46+00:00\" \/>\n<meta name=\"twitter:card\" content=\"summary_large_image\" \/>\n<meta name=\"twitter:label1\" content=\"Gesch\u00e4tzte Lesezeit\" \/>\n\t<meta name=\"twitter:data1\" content=\"1\u00a0Minute\" \/>\n<script type=\"application\/ld+json\" class=\"yoast-schema-graph\">{\"@context\":\"https:\/\/schema.org\",\"@graph\":[{\"@type\":\"Organization\",\"@id\":\"https:\/\/www.exploring-umbria.com\/de\/#organization\",\"name\":\"Exploring Umbria\",\"url\":\"https:\/\/www.exploring-umbria.com\/de\/\",\"sameAs\":[\"https:\/\/www.facebook.com\/exploringumbria\/\",\"https:\/\/www.instagram.com\/exploringumbria\/\"],\"logo\":{\"@type\":\"ImageObject\",\"@id\":\"https:\/\/www.exploring-umbria.com\/de\/#logo\",\"inLanguage\":\"de\",\"url\":\"https:\/\/www.exploring-umbria.com\/wp-content\/uploads\/2019\/08\/solo-logo-verde.jpg\",\"contentUrl\":\"https:\/\/www.exploring-umbria.com\/wp-content\/uploads\/2019\/08\/solo-logo-verde.jpg\",\"width\":952,\"height\":532,\"caption\":\"Exploring Umbria\"},\"image\":{\"@id\":\"https:\/\/www.exploring-umbria.com\/de\/#logo\"}},{\"@type\":\"WebSite\",\"@id\":\"https:\/\/www.exploring-umbria.com\/de\/#website\",\"url\":\"https:\/\/www.exploring-umbria.com\/de\/\",\"name\":\"Exploring Umbria\",\"description\":\"your dates, your mood, your trip\",\"publisher\":{\"@id\":\"https:\/\/www.exploring-umbria.com\/de\/#organization\"},\"potentialAction\":[{\"@type\":\"SearchAction\",\"target\":{\"@type\":\"EntryPoint\",\"urlTemplate\":\"https:\/\/www.exploring-umbria.com\/de\/?s={search_term_string}\"},\"query-input\":\"required name=search_term_string\"}],\"inLanguage\":\"de\"},{\"@type\":\"WebPage\",\"@id\":\"https:\/\/www.exploring-umbria.com\/de\/entdecke-orvieto\/sehenswuerdigkeiten-in-orvieto\/porta-romana-roemisches-tor\/#webpage\",\"url\":\"https:\/\/www.exploring-umbria.com\/de\/entdecke-orvieto\/sehenswuerdigkeiten-in-orvieto\/porta-romana-roemisches-tor\/\",\"name\":\"Porta Romana (R\u00f6misches Tor) - Exploring Umbria\",\"isPartOf\":{\"@id\":\"https:\/\/www.exploring-umbria.com\/de\/#website\"},\"datePublished\":\"2019-03-07T18:02:42+00:00\",\"dateModified\":\"2019-12-30T12:31:46+00:00\",\"description\":\"Die einzigartige Struktur der Stadt Orvieto, die sich vollst\u00e4ndig \u00fcber der tuffsteinernen Basis befindet, die den Schutz vor feindlichen Angriffen\",\"breadcrumb\":{\"@id\":\"https:\/\/www.exploring-umbria.com\/de\/entdecke-orvieto\/sehenswuerdigkeiten-in-orvieto\/porta-romana-roemisches-tor\/#breadcrumb\"},\"inLanguage\":\"de\",\"potentialAction\":[{\"@type\":\"ReadAction\",\"target\":[\"https:\/\/www.exploring-umbria.com\/de\/entdecke-orvieto\/sehenswuerdigkeiten-in-orvieto\/porta-romana-roemisches-tor\/\"]}]},{\"@type\":\"BreadcrumbList\",\"@id\":\"https:\/\/www.exploring-umbria.com\/de\/entdecke-orvieto\/sehenswuerdigkeiten-in-orvieto\/porta-romana-roemisches-tor\/#breadcrumb\",\"itemListElement\":[{\"@type\":\"ListItem\",\"position\":1,\"name\":\"Home\",\"item\":\"https:\/\/www.exploring-umbria.com\/de\/\"},{\"@type\":\"ListItem\",\"position\":2,\"name\":\"Entdecke Orvieto: la citt\u00e0 narrante\",\"item\":\"https:\/\/www.exploring-umbria.com\/de\/entdecke-orvieto\/\"},{\"@type\":\"ListItem\",\"position\":3,\"name\":\"Sehensw\u00fcrdigkeiten in Orvieto\",\"item\":\"https:\/\/www.exploring-umbria.com\/de\/entdecke-orvieto\/sehenswuerdigkeiten-in-orvieto\/\"},{\"@type\":\"ListItem\",\"position\":4,\"name\":\"Porta Romana (R\u00f6misches Tor)\"}]}]}<\/script>\n<!-- \/ Yoast SEO plugin. -->","yoast_head_json":{"title":"Porta Romana (R\u00f6misches Tor) - Exploring Umbria","description":"Die einzigartige Struktur der Stadt Orvieto, die sich vollst\u00e4ndig \u00fcber der tuffsteinernen Basis befindet, die den Schutz vor feindlichen Angriffen","robots":{"index":"index","follow":"follow","max-snippet":"max-snippet:-1","max-image-preview":"max-image-preview:large","max-video-preview":"max-video-preview:-1"},"canonical":"https:\/\/www.exploring-umbria.com\/de\/entdecke-orvieto\/sehenswuerdigkeiten-in-orvieto\/porta-romana-roemisches-tor\/","og_locale":"de_DE","og_type":"article","og_title":"Porta Romana (R\u00f6misches Tor) - Exploring Umbria","og_description":"Die einzigartige Struktur der Stadt Orvieto, die sich vollst\u00e4ndig \u00fcber der tuffsteinernen Basis befindet, die den Schutz vor feindlichen Angriffen","og_url":"https:\/\/www.exploring-umbria.com\/de\/entdecke-orvieto\/sehenswuerdigkeiten-in-orvieto\/porta-romana-roemisches-tor\/","og_site_name":"Exploring Umbria","article_publisher":"https:\/\/www.facebook.com\/exploringumbria\/","article_modified_time":"2019-12-30T12:31:46+00:00","twitter_card":"summary_large_image","twitter_misc":{"Gesch\u00e4tzte Lesezeit":"1\u00a0Minute"},"schema":{"@context":"https:\/\/schema.org","@graph":[{"@type":"Organization","@id":"https:\/\/www.exploring-umbria.com\/de\/#organization","name":"Exploring Umbria","url":"https:\/\/www.exploring-umbria.com\/de\/","sameAs":["https:\/\/www.facebook.com\/exploringumbria\/","https:\/\/www.instagram.com\/exploringumbria\/"],"logo":{"@type":"ImageObject","@id":"https:\/\/www.exploring-umbria.com\/de\/#logo","inLanguage":"de","url":"https:\/\/www.exploring-umbria.com\/wp-content\/uploads\/2019\/08\/solo-logo-verde.jpg","contentUrl":"https:\/\/www.exploring-umbria.com\/wp-content\/uploads\/2019\/08\/solo-logo-verde.jpg","width":952,"height":532,"caption":"Exploring Umbria"},"image":{"@id":"https:\/\/www.exploring-umbria.com\/de\/#logo"}},{"@type":"WebSite","@id":"https:\/\/www.exploring-umbria.com\/de\/#website","url":"https:\/\/www.exploring-umbria.com\/de\/","name":"Exploring Umbria","description":"your dates, your mood, your trip","publisher":{"@id":"https:\/\/www.exploring-umbria.com\/de\/#organization"},"potentialAction":[{"@type":"SearchAction","target":{"@type":"EntryPoint","urlTemplate":"https:\/\/www.exploring-umbria.com\/de\/?s={search_term_string}"},"query-input":"required name=search_term_string"}],"inLanguage":"de"},{"@type":"WebPage","@id":"https:\/\/www.exploring-umbria.com\/de\/entdecke-orvieto\/sehenswuerdigkeiten-in-orvieto\/porta-romana-roemisches-tor\/#webpage","url":"https:\/\/www.exploring-umbria.com\/de\/entdecke-orvieto\/sehenswuerdigkeiten-in-orvieto\/porta-romana-roemisches-tor\/","name":"Porta Romana (R\u00f6misches Tor) - Exploring Umbria","isPartOf":{"@id":"https:\/\/www.exploring-umbria.com\/de\/#website"},"datePublished":"2019-03-07T18:02:42+00:00","dateModified":"2019-12-30T12:31:46+00:00","description":"Die einzigartige Struktur der Stadt Orvieto, die sich vollst\u00e4ndig \u00fcber der tuffsteinernen Basis befindet, die den Schutz vor feindlichen Angriffen","breadcrumb":{"@id":"https:\/\/www.exploring-umbria.com\/de\/entdecke-orvieto\/sehenswuerdigkeiten-in-orvieto\/porta-romana-roemisches-tor\/#breadcrumb"},"inLanguage":"de","potentialAction":[{"@type":"ReadAction","target":["https:\/\/www.exploring-umbria.com\/de\/entdecke-orvieto\/sehenswuerdigkeiten-in-orvieto\/porta-romana-roemisches-tor\/"]}]},{"@type":"BreadcrumbList","@id":"https:\/\/www.exploring-umbria.com\/de\/entdecke-orvieto\/sehenswuerdigkeiten-in-orvieto\/porta-romana-roemisches-tor\/#breadcrumb","itemListElement":[{"@type":"ListItem","position":1,"name":"Home","item":"https:\/\/www.exploring-umbria.com\/de\/"},{"@type":"ListItem","position":2,"name":"Entdecke Orvieto: la citt\u00e0 narrante","item":"https:\/\/www.exploring-umbria.com\/de\/entdecke-orvieto\/"},{"@type":"ListItem","position":3,"name":"Sehensw\u00fcrdigkeiten in Orvieto","item":"https:\/\/www.exploring-umbria.com\/de\/entdecke-orvieto\/sehenswuerdigkeiten-in-orvieto\/"},{"@type":"ListItem","position":4,"name":"Porta Romana (R\u00f6misches Tor)"}]}]}},"_links":{"self":[{"href":"https:\/\/www.exploring-umbria.com\/de\/wp-json\/wp\/v2\/pages\/2992"}],"collection":[{"href":"https:\/\/www.exploring-umbria.com\/de\/wp-json\/wp\/v2\/pages"}],"about":[{"href":"https:\/\/www.exploring-umbria.com\/de\/wp-json\/wp\/v2\/types\/page"}],"author":[{"embeddable":true,"href":"https:\/\/www.exploring-umbria.com\/de\/wp-json\/wp\/v2\/users\/4"}],"replies":[{"embeddable":true,"href":"https:\/\/www.exploring-umbria.com\/de\/wp-json\/wp\/v2\/comments?post=2992"}],"version-history":[{"count":3,"href":"https:\/\/www.exploring-umbria.com\/de\/wp-json\/wp\/v2\/pages\/2992\/revisions"}],"predecessor-version":[{"id":26831,"href":"https:\/\/www.exploring-umbria.com\/de\/wp-json\/wp\/v2\/pages\/2992\/revisions\/26831"}],"up":[{"embeddable":true,"href":"https:\/\/www.exploring-umbria.com\/de\/wp-json\/wp\/v2\/pages\/3008"}],"wp:attachment":[{"href":"https:\/\/www.exploring-umbria.com\/de\/wp-json\/wp\/v2\/media?parent=2992"}],"curies":[{"name":"wp","href":"https:\/\/api.w.org\/{rel}","templated":true}]}}