{"id":2984,"date":"2019-03-07T19:09:00","date_gmt":"2019-03-07T18:09:00","guid":{"rendered":"https:\/\/www.exploring-umbria.com\/torre-del-moro-e-palazzo-dei-sette\/"},"modified":"2019-12-30T18:17:17","modified_gmt":"2019-12-30T17:17:17","slug":"turm-torre-del-moro-und-palazzo-dei-sette","status":"publish","type":"page","link":"https:\/\/www.exploring-umbria.com\/de\/entdecke-orvieto\/sehenswuerdigkeiten-in-orvieto\/turm-torre-del-moro-und-palazzo-dei-sette\/","title":{"rendered":"Turm torre del Moro und Palazzo dei Sette"},"content":{"rendered":"<p>An der Kreuzung drei der wichtigsten Stra\u00dfen der Stadt \u2013 Corso Cavour, Via della Costituente und Via del Duomo \u2013 erhebt sich der wundersch\u00f6ne Turm <strong>Torre del Moro<\/strong> und betont das Herz der Stadt und unterteilt die vier Stadtviertel, aus denen die Stadt besteht. Fr\u00fcher als Torre delPapa bekannt, scheint es, dass der Turm zusammen mit dem angrenzenden Palazzo dei Sette 1515 vom Papst Leo X. der Gemeinde Orvieto \u00fcbergeben wurde.<\/p>\n<p>Zur Etymologie des Namens wurden mehrere Hypothesen aufgestellt: Nach Ansicht einiger geht er auf das Zeichen des Mauren oder Sarazenen zur\u00fcck, das anl\u00e4sslich der mittelalterlichen Turniere am Turm angebracht wurde, nach anderen auf <em>Raffaele di Sante<\/em>, bekannt als &#8222;il Moro&#8220;, der dort im sechzehnten Jahrhundert lebte.<\/p>\n<p>Der Turm erhebt sich etwa 50 Meter \u00fcber der Stadt, kann besichtigt werden und man gelangt auf die dar\u00fcber liegende Terrasse, von der aus man einen atemberaubenden 360-Grad-Blick auf die gesamte Stadt <a href=\"https:\/\/www.exploring-umbria.com\/de\/subcategories\/cosa-fare-e-cosa-vedere-ad-orvieto\/#heading3015\" target=\"_blank\" rel=\"noopener\">Orvieto<\/a> und die Umgebung genie\u00dfen kann.<\/p>\n<p>An den Turm angeschlossen und direkt mit ihm verbunden ist der <strong>Palazzo dei Sette<\/strong>. Fr\u00fcher im Besitz der Grafen Della Terza, ging er anschlie\u00dfend in p\u00e4pstlichen Besitz \u00fcber und wurde zum Sitz des Gouverneurs w\u00e4hrend des Zeitalters der Komunen. \u00dcberlieferungen zufogle beherbergte der Palazzo auch <a href=\"https:\/\/de.wikipedia.org\/wiki\/Antonio_da_Sangallo_der_J%C3%BCngere\" target=\"_blank\" rel=\"noopener\"><em>Antonio da Sangallo<\/em><\/a> f\u00fcr einige Zeit. Der Name ist von der wichtigen Funktion abzuleiten,d as das Geb\u00e4ude am Ende des 13. jahrhunderts einnahm, als es zum Sitz der Richterschaft der sieben Konsuln wurde, repr\u00e4sentiert vom Handwerk und von der Kunst in der Stadt Orvieto.<\/p>\n<p>Das Geb\u00e4ude wurde im 16. Jahrhundert renoviert und ver\u00e4ndert und in der Moderne, genauer im Jahr 1996, zu einem eleganten Saal f\u00fcr Ausstellungen und Veranstaltungen umgewandelt.<\/p>\n","protected":false},"excerpt":{"rendered":"<p>An der Kreuzung drei der wichtigsten Stra\u00dfen der Stadt \u2013 Corso Cavour, Via della Costituente und Via del Duomo \u2013 erhebt sich der wundersch\u00f6ne Turm Torre del Moro und betont das Herz der Stadt und unterteilt die vier Stadtviertel, aus denen die Stadt besteht. Fr\u00fcher als Torre delPapa bekannt, scheint es, dass der Turm zusammen [&hellip;]<\/p>\n","protected":false},"author":4,"featured_media":0,"parent":3008,"menu_order":0,"comment_status":"closed","ping_status":"closed","template":"","meta":{"om_disable_all_campaigns":false,"_monsterinsights_skip_tracking":false,"_monsterinsights_sitenote_active":false,"_monsterinsights_sitenote_note":"","_monsterinsights_sitenote_category":0},"acf":[],"yoast_head":"<!-- This site is optimized with the Yoast SEO plugin v18.4.1 - https:\/\/yoast.com\/wordpress\/plugins\/seo\/ -->\n<title>Turm torre del Moro und Palazzo dei Sette - Exploring Umbria<\/title>\n<meta name=\"description\" content=\"An der Kreuzung drei der wichtigsten Stra\u00dfen der Stadt \u2013 Corso Cavour, Via della Costituente und Via del Duomo \u2013 erhebt sich der wundersch\u00f6ne Turm Torre\" \/>\n<meta name=\"robots\" content=\"index, follow, max-snippet:-1, max-image-preview:large, max-video-preview:-1\" \/>\n<link rel=\"canonical\" href=\"https:\/\/www.exploring-umbria.com\/de\/entdecke-orvieto\/sehenswuerdigkeiten-in-orvieto\/turm-torre-del-moro-und-palazzo-dei-sette\/\" \/>\n<meta property=\"og:locale\" content=\"de_DE\" \/>\n<meta property=\"og:type\" content=\"article\" \/>\n<meta property=\"og:title\" content=\"Turm torre del Moro und Palazzo dei Sette - Exploring Umbria\" \/>\n<meta property=\"og:description\" content=\"An der Kreuzung drei der wichtigsten Stra\u00dfen der Stadt \u2013 Corso Cavour, Via della Costituente und Via del Duomo \u2013 erhebt sich der wundersch\u00f6ne Turm Torre\" \/>\n<meta property=\"og:url\" content=\"https:\/\/www.exploring-umbria.com\/de\/entdecke-orvieto\/sehenswuerdigkeiten-in-orvieto\/turm-torre-del-moro-und-palazzo-dei-sette\/\" \/>\n<meta property=\"og:site_name\" content=\"Exploring Umbria\" \/>\n<meta property=\"article:publisher\" content=\"https:\/\/www.facebook.com\/exploringumbria\/\" \/>\n<meta property=\"article:modified_time\" content=\"2019-12-30T17:17:17+00:00\" \/>\n<meta name=\"twitter:card\" content=\"summary_large_image\" \/>\n<meta name=\"twitter:label1\" content=\"Gesch\u00e4tzte Lesezeit\" \/>\n\t<meta name=\"twitter:data1\" content=\"1\u00a0Minute\" \/>\n<script type=\"application\/ld+json\" class=\"yoast-schema-graph\">{\"@context\":\"https:\/\/schema.org\",\"@graph\":[{\"@type\":\"Organization\",\"@id\":\"https:\/\/www.exploring-umbria.com\/de\/#organization\",\"name\":\"Exploring Umbria\",\"url\":\"https:\/\/www.exploring-umbria.com\/de\/\",\"sameAs\":[\"https:\/\/www.facebook.com\/exploringumbria\/\",\"https:\/\/www.instagram.com\/exploringumbria\/\"],\"logo\":{\"@type\":\"ImageObject\",\"@id\":\"https:\/\/www.exploring-umbria.com\/de\/#logo\",\"inLanguage\":\"de\",\"url\":\"https:\/\/www.exploring-umbria.com\/wp-content\/uploads\/2019\/08\/solo-logo-verde.jpg\",\"contentUrl\":\"https:\/\/www.exploring-umbria.com\/wp-content\/uploads\/2019\/08\/solo-logo-verde.jpg\",\"width\":952,\"height\":532,\"caption\":\"Exploring Umbria\"},\"image\":{\"@id\":\"https:\/\/www.exploring-umbria.com\/de\/#logo\"}},{\"@type\":\"WebSite\",\"@id\":\"https:\/\/www.exploring-umbria.com\/de\/#website\",\"url\":\"https:\/\/www.exploring-umbria.com\/de\/\",\"name\":\"Exploring Umbria\",\"description\":\"your dates, your mood, your trip\",\"publisher\":{\"@id\":\"https:\/\/www.exploring-umbria.com\/de\/#organization\"},\"potentialAction\":[{\"@type\":\"SearchAction\",\"target\":{\"@type\":\"EntryPoint\",\"urlTemplate\":\"https:\/\/www.exploring-umbria.com\/de\/?s={search_term_string}\"},\"query-input\":\"required name=search_term_string\"}],\"inLanguage\":\"de\"},{\"@type\":\"WebPage\",\"@id\":\"https:\/\/www.exploring-umbria.com\/de\/entdecke-orvieto\/sehenswuerdigkeiten-in-orvieto\/turm-torre-del-moro-und-palazzo-dei-sette\/#webpage\",\"url\":\"https:\/\/www.exploring-umbria.com\/de\/entdecke-orvieto\/sehenswuerdigkeiten-in-orvieto\/turm-torre-del-moro-und-palazzo-dei-sette\/\",\"name\":\"Turm torre del Moro und Palazzo dei Sette - Exploring Umbria\",\"isPartOf\":{\"@id\":\"https:\/\/www.exploring-umbria.com\/de\/#website\"},\"datePublished\":\"2019-03-07T18:09:00+00:00\",\"dateModified\":\"2019-12-30T17:17:17+00:00\",\"description\":\"An der Kreuzung drei der wichtigsten Stra\u00dfen der Stadt \u2013 Corso Cavour, Via della Costituente und Via del Duomo \u2013 erhebt sich der wundersch\u00f6ne Turm Torre\",\"breadcrumb\":{\"@id\":\"https:\/\/www.exploring-umbria.com\/de\/entdecke-orvieto\/sehenswuerdigkeiten-in-orvieto\/turm-torre-del-moro-und-palazzo-dei-sette\/#breadcrumb\"},\"inLanguage\":\"de\",\"potentialAction\":[{\"@type\":\"ReadAction\",\"target\":[\"https:\/\/www.exploring-umbria.com\/de\/entdecke-orvieto\/sehenswuerdigkeiten-in-orvieto\/turm-torre-del-moro-und-palazzo-dei-sette\/\"]}]},{\"@type\":\"BreadcrumbList\",\"@id\":\"https:\/\/www.exploring-umbria.com\/de\/entdecke-orvieto\/sehenswuerdigkeiten-in-orvieto\/turm-torre-del-moro-und-palazzo-dei-sette\/#breadcrumb\",\"itemListElement\":[{\"@type\":\"ListItem\",\"position\":1,\"name\":\"Home\",\"item\":\"https:\/\/www.exploring-umbria.com\/de\/\"},{\"@type\":\"ListItem\",\"position\":2,\"name\":\"Entdecke Orvieto: la citt\u00e0 narrante\",\"item\":\"https:\/\/www.exploring-umbria.com\/de\/entdecke-orvieto\/\"},{\"@type\":\"ListItem\",\"position\":3,\"name\":\"Sehensw\u00fcrdigkeiten in Orvieto\",\"item\":\"https:\/\/www.exploring-umbria.com\/de\/entdecke-orvieto\/sehenswuerdigkeiten-in-orvieto\/\"},{\"@type\":\"ListItem\",\"position\":4,\"name\":\"Turm torre del Moro und Palazzo dei Sette\"}]}]}<\/script>\n<!-- \/ Yoast SEO plugin. -->","yoast_head_json":{"title":"Turm torre del Moro und Palazzo dei Sette - Exploring Umbria","description":"An der Kreuzung drei der wichtigsten Stra\u00dfen der Stadt \u2013 Corso Cavour, Via della Costituente und Via del Duomo \u2013 erhebt sich der wundersch\u00f6ne Turm Torre","robots":{"index":"index","follow":"follow","max-snippet":"max-snippet:-1","max-image-preview":"max-image-preview:large","max-video-preview":"max-video-preview:-1"},"canonical":"https:\/\/www.exploring-umbria.com\/de\/entdecke-orvieto\/sehenswuerdigkeiten-in-orvieto\/turm-torre-del-moro-und-palazzo-dei-sette\/","og_locale":"de_DE","og_type":"article","og_title":"Turm torre del Moro und Palazzo dei Sette - Exploring Umbria","og_description":"An der Kreuzung drei der wichtigsten Stra\u00dfen der Stadt \u2013 Corso Cavour, Via della Costituente und Via del Duomo \u2013 erhebt sich der wundersch\u00f6ne Turm Torre","og_url":"https:\/\/www.exploring-umbria.com\/de\/entdecke-orvieto\/sehenswuerdigkeiten-in-orvieto\/turm-torre-del-moro-und-palazzo-dei-sette\/","og_site_name":"Exploring Umbria","article_publisher":"https:\/\/www.facebook.com\/exploringumbria\/","article_modified_time":"2019-12-30T17:17:17+00:00","twitter_card":"summary_large_image","twitter_misc":{"Gesch\u00e4tzte Lesezeit":"1\u00a0Minute"},"schema":{"@context":"https:\/\/schema.org","@graph":[{"@type":"Organization","@id":"https:\/\/www.exploring-umbria.com\/de\/#organization","name":"Exploring Umbria","url":"https:\/\/www.exploring-umbria.com\/de\/","sameAs":["https:\/\/www.facebook.com\/exploringumbria\/","https:\/\/www.instagram.com\/exploringumbria\/"],"logo":{"@type":"ImageObject","@id":"https:\/\/www.exploring-umbria.com\/de\/#logo","inLanguage":"de","url":"https:\/\/www.exploring-umbria.com\/wp-content\/uploads\/2019\/08\/solo-logo-verde.jpg","contentUrl":"https:\/\/www.exploring-umbria.com\/wp-content\/uploads\/2019\/08\/solo-logo-verde.jpg","width":952,"height":532,"caption":"Exploring Umbria"},"image":{"@id":"https:\/\/www.exploring-umbria.com\/de\/#logo"}},{"@type":"WebSite","@id":"https:\/\/www.exploring-umbria.com\/de\/#website","url":"https:\/\/www.exploring-umbria.com\/de\/","name":"Exploring Umbria","description":"your dates, your mood, your trip","publisher":{"@id":"https:\/\/www.exploring-umbria.com\/de\/#organization"},"potentialAction":[{"@type":"SearchAction","target":{"@type":"EntryPoint","urlTemplate":"https:\/\/www.exploring-umbria.com\/de\/?s={search_term_string}"},"query-input":"required name=search_term_string"}],"inLanguage":"de"},{"@type":"WebPage","@id":"https:\/\/www.exploring-umbria.com\/de\/entdecke-orvieto\/sehenswuerdigkeiten-in-orvieto\/turm-torre-del-moro-und-palazzo-dei-sette\/#webpage","url":"https:\/\/www.exploring-umbria.com\/de\/entdecke-orvieto\/sehenswuerdigkeiten-in-orvieto\/turm-torre-del-moro-und-palazzo-dei-sette\/","name":"Turm torre del Moro und Palazzo dei Sette - Exploring Umbria","isPartOf":{"@id":"https:\/\/www.exploring-umbria.com\/de\/#website"},"datePublished":"2019-03-07T18:09:00+00:00","dateModified":"2019-12-30T17:17:17+00:00","description":"An der Kreuzung drei der wichtigsten Stra\u00dfen der Stadt \u2013 Corso Cavour, Via della Costituente und Via del Duomo \u2013 erhebt sich der wundersch\u00f6ne Turm Torre","breadcrumb":{"@id":"https:\/\/www.exploring-umbria.com\/de\/entdecke-orvieto\/sehenswuerdigkeiten-in-orvieto\/turm-torre-del-moro-und-palazzo-dei-sette\/#breadcrumb"},"inLanguage":"de","potentialAction":[{"@type":"ReadAction","target":["https:\/\/www.exploring-umbria.com\/de\/entdecke-orvieto\/sehenswuerdigkeiten-in-orvieto\/turm-torre-del-moro-und-palazzo-dei-sette\/"]}]},{"@type":"BreadcrumbList","@id":"https:\/\/www.exploring-umbria.com\/de\/entdecke-orvieto\/sehenswuerdigkeiten-in-orvieto\/turm-torre-del-moro-und-palazzo-dei-sette\/#breadcrumb","itemListElement":[{"@type":"ListItem","position":1,"name":"Home","item":"https:\/\/www.exploring-umbria.com\/de\/"},{"@type":"ListItem","position":2,"name":"Entdecke Orvieto: la citt\u00e0 narrante","item":"https:\/\/www.exploring-umbria.com\/de\/entdecke-orvieto\/"},{"@type":"ListItem","position":3,"name":"Sehensw\u00fcrdigkeiten in Orvieto","item":"https:\/\/www.exploring-umbria.com\/de\/entdecke-orvieto\/sehenswuerdigkeiten-in-orvieto\/"},{"@type":"ListItem","position":4,"name":"Turm torre del Moro und Palazzo dei Sette"}]}]}},"_links":{"self":[{"href":"https:\/\/www.exploring-umbria.com\/de\/wp-json\/wp\/v2\/pages\/2984"}],"collection":[{"href":"https:\/\/www.exploring-umbria.com\/de\/wp-json\/wp\/v2\/pages"}],"about":[{"href":"https:\/\/www.exploring-umbria.com\/de\/wp-json\/wp\/v2\/types\/page"}],"author":[{"embeddable":true,"href":"https:\/\/www.exploring-umbria.com\/de\/wp-json\/wp\/v2\/users\/4"}],"replies":[{"embeddable":true,"href":"https:\/\/www.exploring-umbria.com\/de\/wp-json\/wp\/v2\/comments?post=2984"}],"version-history":[{"count":4,"href":"https:\/\/www.exploring-umbria.com\/de\/wp-json\/wp\/v2\/pages\/2984\/revisions"}],"predecessor-version":[{"id":26861,"href":"https:\/\/www.exploring-umbria.com\/de\/wp-json\/wp\/v2\/pages\/2984\/revisions\/26861"}],"up":[{"embeddable":true,"href":"https:\/\/www.exploring-umbria.com\/de\/wp-json\/wp\/v2\/pages\/3008"}],"wp:attachment":[{"href":"https:\/\/www.exploring-umbria.com\/de\/wp-json\/wp\/v2\/media?parent=2984"}],"curies":[{"name":"wp","href":"https:\/\/api.w.org\/{rel}","templated":true}]}}