{"id":2972,"date":"2019-03-07T19:16:24","date_gmt":"2019-03-07T18:16:24","guid":{"rendered":"https:\/\/www.exploring-umbria.com\/piazza-e-palazzo-del-popolo\/"},"modified":"2019-12-30T18:36:14","modified_gmt":"2019-12-30T17:36:14","slug":"piazza-und-palazzo-del-popolo","status":"publish","type":"page","link":"https:\/\/www.exploring-umbria.com\/de\/entdecke-orvieto\/sehenswuerdigkeiten-in-orvieto\/piazza-und-palazzo-del-popolo\/","title":{"rendered":"Piazza und Palazzo del Popolo"},"content":{"rendered":"<p>Unweit vom Turm <a href=\"https:\/\/www.exploring-umbria.com\/de\/subcategories\/cosa-fare-e-cosa-vedere-ad-orvieto\/#heading2984\" target=\"_blank\" rel=\"noopener\">Torre del Moro<\/a>, mitten im Herzen der Stadt, befindet sich die <strong>Piazza del Popolo.<\/strong> Sie ist bereits seit der Antike von besonderer Bedeutung, denn hier fand der Stadtmarkt statt und hier befand sich auch das Zentrum des sozialen, gemeinschaftlichen und politischen Lebens der Stadt. Auf der Stadt steht bis heute der gleichnamige Palazzo del Popolo, der im 13. Jahrhundert mit gro\u00dfer Wahrscheinlichkeit im Auftrag der Familie <em>Neri della Greca<\/em> errichtet wurde. Daf\u00fcr wurde ein fr\u00fcheres p\u00e4pstliches Geb\u00e4ude genutzt. Der Palazzo hatte die besonders wichtige Rolle des Sitzes des <a href=\"https:\/\/de.wikipedia.org\/wiki\/Capitano_del_Popolo\" target=\"_blank\" rel=\"noopener\">Capitano del Popolo<\/a>, eine der wichtigsten Personen im Mittelalter, die der Vertreter des Volkes war und neben den Konsuln und dem B\u00fcrgermeiste eine grundlegende Rolle spielte.<\/p>\n<p>F\u00fcr einige Zeit wurde das Geb\u00e4ude auch als Sitz des B\u00fcrgermeisters selbst genutzt und im 16. Jahrhundert wurde ausgerechnet im ersten Stock des Palazzo ein Theater eingerichtet.<\/p>\n<p>Die architektonischen Formen sind elegant und raffiniert mit Rundb\u00f6gen. Sie umrahmen die dreibogigen Fenster ers ersten Stockwerks, durch die Licht in den Hauptsaal des Palazzo gelangte.<\/p>\n<p>Das heutige Erscheinungsbild ist auf einige Restaurierungs- und Renovierungsarbeiten zur\u00fcckzuf\u00fchren, die im 19. Jahrhundert unter der Aufsicht von <em>Paolo Zampi<\/em> stattfanden. Dabei entstanden 1989 im Inneren des Palazzo drei gro\u00dfe Kongresss\u00e4le: die<\/p>\n<p>In tale occasione, nel 1989, all&#8217;interno del Palazzo vennero realizzate tre ampie sale congressuali: die Sala dei Quattrocento, die Sala Expo und die Sala Etrusca. In diesen S\u00e4le finden wichtige Veranstaltung der Stadt statt. Der Palazzo wurde dadurch zum Kongresszentrum der Stadt und kann aus diesem Grund nicht besichtigt werden.<\/p>\n","protected":false},"excerpt":{"rendered":"<p>Unweit vom Turm Torre del Moro, mitten im Herzen der Stadt, befindet sich die Piazza del Popolo. Sie ist bereits seit der Antike von besonderer Bedeutung, denn hier fand der Stadtmarkt statt und hier befand sich auch das Zentrum des sozialen, gemeinschaftlichen und politischen Lebens der Stadt. Auf der Stadt steht bis heute der gleichnamige [&hellip;]<\/p>\n","protected":false},"author":4,"featured_media":0,"parent":3008,"menu_order":0,"comment_status":"closed","ping_status":"closed","template":"","meta":{"om_disable_all_campaigns":false,"_monsterinsights_skip_tracking":false,"_monsterinsights_sitenote_active":false,"_monsterinsights_sitenote_note":"","_monsterinsights_sitenote_category":0},"acf":[],"yoast_head":"<!-- This site is optimized with the Yoast SEO plugin v18.4.1 - https:\/\/yoast.com\/wordpress\/plugins\/seo\/ -->\n<title>Piazza und Palazzo del Popolo - Exploring Umbria<\/title>\n<meta name=\"description\" content=\"Unweit vom Turm Torre del Moro, mitten im Herzen der Stadt, befindet sich die Piazza del Popolo. Sie ist bereits seit der Antike von besonderer Bedeutung,\" \/>\n<meta name=\"robots\" content=\"index, follow, max-snippet:-1, max-image-preview:large, max-video-preview:-1\" \/>\n<link rel=\"canonical\" href=\"https:\/\/www.exploring-umbria.com\/de\/entdecke-orvieto\/sehenswuerdigkeiten-in-orvieto\/piazza-und-palazzo-del-popolo\/\" \/>\n<meta property=\"og:locale\" content=\"de_DE\" \/>\n<meta property=\"og:type\" content=\"article\" \/>\n<meta property=\"og:title\" content=\"Piazza und Palazzo del Popolo - Exploring Umbria\" \/>\n<meta property=\"og:description\" content=\"Unweit vom Turm Torre del Moro, mitten im Herzen der Stadt, befindet sich die Piazza del Popolo. Sie ist bereits seit der Antike von besonderer Bedeutung,\" \/>\n<meta property=\"og:url\" content=\"https:\/\/www.exploring-umbria.com\/de\/entdecke-orvieto\/sehenswuerdigkeiten-in-orvieto\/piazza-und-palazzo-del-popolo\/\" \/>\n<meta property=\"og:site_name\" content=\"Exploring Umbria\" \/>\n<meta property=\"article:publisher\" content=\"https:\/\/www.facebook.com\/exploringumbria\/\" \/>\n<meta property=\"article:modified_time\" content=\"2019-12-30T17:36:14+00:00\" \/>\n<meta name=\"twitter:card\" content=\"summary_large_image\" \/>\n<meta name=\"twitter:label1\" content=\"Gesch\u00e4tzte Lesezeit\" \/>\n\t<meta name=\"twitter:data1\" content=\"1\u00a0Minute\" \/>\n<script type=\"application\/ld+json\" class=\"yoast-schema-graph\">{\"@context\":\"https:\/\/schema.org\",\"@graph\":[{\"@type\":\"Organization\",\"@id\":\"https:\/\/www.exploring-umbria.com\/de\/#organization\",\"name\":\"Exploring Umbria\",\"url\":\"https:\/\/www.exploring-umbria.com\/de\/\",\"sameAs\":[\"https:\/\/www.facebook.com\/exploringumbria\/\",\"https:\/\/www.instagram.com\/exploringumbria\/\"],\"logo\":{\"@type\":\"ImageObject\",\"@id\":\"https:\/\/www.exploring-umbria.com\/de\/#logo\",\"inLanguage\":\"de\",\"url\":\"https:\/\/www.exploring-umbria.com\/wp-content\/uploads\/2019\/08\/solo-logo-verde.jpg\",\"contentUrl\":\"https:\/\/www.exploring-umbria.com\/wp-content\/uploads\/2019\/08\/solo-logo-verde.jpg\",\"width\":952,\"height\":532,\"caption\":\"Exploring Umbria\"},\"image\":{\"@id\":\"https:\/\/www.exploring-umbria.com\/de\/#logo\"}},{\"@type\":\"WebSite\",\"@id\":\"https:\/\/www.exploring-umbria.com\/de\/#website\",\"url\":\"https:\/\/www.exploring-umbria.com\/de\/\",\"name\":\"Exploring Umbria\",\"description\":\"your dates, your mood, your trip\",\"publisher\":{\"@id\":\"https:\/\/www.exploring-umbria.com\/de\/#organization\"},\"potentialAction\":[{\"@type\":\"SearchAction\",\"target\":{\"@type\":\"EntryPoint\",\"urlTemplate\":\"https:\/\/www.exploring-umbria.com\/de\/?s={search_term_string}\"},\"query-input\":\"required name=search_term_string\"}],\"inLanguage\":\"de\"},{\"@type\":\"WebPage\",\"@id\":\"https:\/\/www.exploring-umbria.com\/de\/entdecke-orvieto\/sehenswuerdigkeiten-in-orvieto\/piazza-und-palazzo-del-popolo\/#webpage\",\"url\":\"https:\/\/www.exploring-umbria.com\/de\/entdecke-orvieto\/sehenswuerdigkeiten-in-orvieto\/piazza-und-palazzo-del-popolo\/\",\"name\":\"Piazza und Palazzo del Popolo - Exploring Umbria\",\"isPartOf\":{\"@id\":\"https:\/\/www.exploring-umbria.com\/de\/#website\"},\"datePublished\":\"2019-03-07T18:16:24+00:00\",\"dateModified\":\"2019-12-30T17:36:14+00:00\",\"description\":\"Unweit vom Turm Torre del Moro, mitten im Herzen der Stadt, befindet sich die Piazza del Popolo. Sie ist bereits seit der Antike von besonderer Bedeutung,\",\"breadcrumb\":{\"@id\":\"https:\/\/www.exploring-umbria.com\/de\/entdecke-orvieto\/sehenswuerdigkeiten-in-orvieto\/piazza-und-palazzo-del-popolo\/#breadcrumb\"},\"inLanguage\":\"de\",\"potentialAction\":[{\"@type\":\"ReadAction\",\"target\":[\"https:\/\/www.exploring-umbria.com\/de\/entdecke-orvieto\/sehenswuerdigkeiten-in-orvieto\/piazza-und-palazzo-del-popolo\/\"]}]},{\"@type\":\"BreadcrumbList\",\"@id\":\"https:\/\/www.exploring-umbria.com\/de\/entdecke-orvieto\/sehenswuerdigkeiten-in-orvieto\/piazza-und-palazzo-del-popolo\/#breadcrumb\",\"itemListElement\":[{\"@type\":\"ListItem\",\"position\":1,\"name\":\"Home\",\"item\":\"https:\/\/www.exploring-umbria.com\/de\/\"},{\"@type\":\"ListItem\",\"position\":2,\"name\":\"Entdecke Orvieto: la citt\u00e0 narrante\",\"item\":\"https:\/\/www.exploring-umbria.com\/de\/entdecke-orvieto\/\"},{\"@type\":\"ListItem\",\"position\":3,\"name\":\"Sehensw\u00fcrdigkeiten in Orvieto\",\"item\":\"https:\/\/www.exploring-umbria.com\/de\/entdecke-orvieto\/sehenswuerdigkeiten-in-orvieto\/\"},{\"@type\":\"ListItem\",\"position\":4,\"name\":\"Piazza und Palazzo del Popolo\"}]}]}<\/script>\n<!-- \/ Yoast SEO plugin. -->","yoast_head_json":{"title":"Piazza und Palazzo del Popolo - Exploring Umbria","description":"Unweit vom Turm Torre del Moro, mitten im Herzen der Stadt, befindet sich die Piazza del Popolo. Sie ist bereits seit der Antike von besonderer Bedeutung,","robots":{"index":"index","follow":"follow","max-snippet":"max-snippet:-1","max-image-preview":"max-image-preview:large","max-video-preview":"max-video-preview:-1"},"canonical":"https:\/\/www.exploring-umbria.com\/de\/entdecke-orvieto\/sehenswuerdigkeiten-in-orvieto\/piazza-und-palazzo-del-popolo\/","og_locale":"de_DE","og_type":"article","og_title":"Piazza und Palazzo del Popolo - Exploring Umbria","og_description":"Unweit vom Turm Torre del Moro, mitten im Herzen der Stadt, befindet sich die Piazza del Popolo. Sie ist bereits seit der Antike von besonderer Bedeutung,","og_url":"https:\/\/www.exploring-umbria.com\/de\/entdecke-orvieto\/sehenswuerdigkeiten-in-orvieto\/piazza-und-palazzo-del-popolo\/","og_site_name":"Exploring Umbria","article_publisher":"https:\/\/www.facebook.com\/exploringumbria\/","article_modified_time":"2019-12-30T17:36:14+00:00","twitter_card":"summary_large_image","twitter_misc":{"Gesch\u00e4tzte Lesezeit":"1\u00a0Minute"},"schema":{"@context":"https:\/\/schema.org","@graph":[{"@type":"Organization","@id":"https:\/\/www.exploring-umbria.com\/de\/#organization","name":"Exploring Umbria","url":"https:\/\/www.exploring-umbria.com\/de\/","sameAs":["https:\/\/www.facebook.com\/exploringumbria\/","https:\/\/www.instagram.com\/exploringumbria\/"],"logo":{"@type":"ImageObject","@id":"https:\/\/www.exploring-umbria.com\/de\/#logo","inLanguage":"de","url":"https:\/\/www.exploring-umbria.com\/wp-content\/uploads\/2019\/08\/solo-logo-verde.jpg","contentUrl":"https:\/\/www.exploring-umbria.com\/wp-content\/uploads\/2019\/08\/solo-logo-verde.jpg","width":952,"height":532,"caption":"Exploring Umbria"},"image":{"@id":"https:\/\/www.exploring-umbria.com\/de\/#logo"}},{"@type":"WebSite","@id":"https:\/\/www.exploring-umbria.com\/de\/#website","url":"https:\/\/www.exploring-umbria.com\/de\/","name":"Exploring Umbria","description":"your dates, your mood, your trip","publisher":{"@id":"https:\/\/www.exploring-umbria.com\/de\/#organization"},"potentialAction":[{"@type":"SearchAction","target":{"@type":"EntryPoint","urlTemplate":"https:\/\/www.exploring-umbria.com\/de\/?s={search_term_string}"},"query-input":"required name=search_term_string"}],"inLanguage":"de"},{"@type":"WebPage","@id":"https:\/\/www.exploring-umbria.com\/de\/entdecke-orvieto\/sehenswuerdigkeiten-in-orvieto\/piazza-und-palazzo-del-popolo\/#webpage","url":"https:\/\/www.exploring-umbria.com\/de\/entdecke-orvieto\/sehenswuerdigkeiten-in-orvieto\/piazza-und-palazzo-del-popolo\/","name":"Piazza und Palazzo del Popolo - Exploring Umbria","isPartOf":{"@id":"https:\/\/www.exploring-umbria.com\/de\/#website"},"datePublished":"2019-03-07T18:16:24+00:00","dateModified":"2019-12-30T17:36:14+00:00","description":"Unweit vom Turm Torre del Moro, mitten im Herzen der Stadt, befindet sich die Piazza del Popolo. Sie ist bereits seit der Antike von besonderer Bedeutung,","breadcrumb":{"@id":"https:\/\/www.exploring-umbria.com\/de\/entdecke-orvieto\/sehenswuerdigkeiten-in-orvieto\/piazza-und-palazzo-del-popolo\/#breadcrumb"},"inLanguage":"de","potentialAction":[{"@type":"ReadAction","target":["https:\/\/www.exploring-umbria.com\/de\/entdecke-orvieto\/sehenswuerdigkeiten-in-orvieto\/piazza-und-palazzo-del-popolo\/"]}]},{"@type":"BreadcrumbList","@id":"https:\/\/www.exploring-umbria.com\/de\/entdecke-orvieto\/sehenswuerdigkeiten-in-orvieto\/piazza-und-palazzo-del-popolo\/#breadcrumb","itemListElement":[{"@type":"ListItem","position":1,"name":"Home","item":"https:\/\/www.exploring-umbria.com\/de\/"},{"@type":"ListItem","position":2,"name":"Entdecke Orvieto: la citt\u00e0 narrante","item":"https:\/\/www.exploring-umbria.com\/de\/entdecke-orvieto\/"},{"@type":"ListItem","position":3,"name":"Sehensw\u00fcrdigkeiten in Orvieto","item":"https:\/\/www.exploring-umbria.com\/de\/entdecke-orvieto\/sehenswuerdigkeiten-in-orvieto\/"},{"@type":"ListItem","position":4,"name":"Piazza und Palazzo del Popolo"}]}]}},"_links":{"self":[{"href":"https:\/\/www.exploring-umbria.com\/de\/wp-json\/wp\/v2\/pages\/2972"}],"collection":[{"href":"https:\/\/www.exploring-umbria.com\/de\/wp-json\/wp\/v2\/pages"}],"about":[{"href":"https:\/\/www.exploring-umbria.com\/de\/wp-json\/wp\/v2\/types\/page"}],"author":[{"embeddable":true,"href":"https:\/\/www.exploring-umbria.com\/de\/wp-json\/wp\/v2\/users\/4"}],"replies":[{"embeddable":true,"href":"https:\/\/www.exploring-umbria.com\/de\/wp-json\/wp\/v2\/comments?post=2972"}],"version-history":[{"count":4,"href":"https:\/\/www.exploring-umbria.com\/de\/wp-json\/wp\/v2\/pages\/2972\/revisions"}],"predecessor-version":[{"id":26877,"href":"https:\/\/www.exploring-umbria.com\/de\/wp-json\/wp\/v2\/pages\/2972\/revisions\/26877"}],"up":[{"embeddable":true,"href":"https:\/\/www.exploring-umbria.com\/de\/wp-json\/wp\/v2\/pages\/3008"}],"wp:attachment":[{"href":"https:\/\/www.exploring-umbria.com\/de\/wp-json\/wp\/v2\/media?parent=2972"}],"curies":[{"name":"wp","href":"https:\/\/api.w.org\/{rel}","templated":true}]}}