{"id":2967,"date":"2019-03-07T19:26:12","date_gmt":"2019-03-07T18:26:12","guid":{"rendered":"https:\/\/www.exploring-umbria.com\/pozzo-di-san-patrizio\/"},"modified":"2019-12-30T14:38:18","modified_gmt":"2019-12-30T13:38:18","slug":"der-brunnen-san-patrizio","status":"publish","type":"page","link":"https:\/\/www.exploring-umbria.com\/de\/entdecke-orvieto\/sehenswuerdigkeiten-in-orvieto\/der-brunnen-san-patrizio\/","title":{"rendered":"Der Brunnen san Patrizio"},"content":{"rendered":"<p>Eine der bekanntesten Touristenattraktionen in Orvieto ist mit Sicherheit der <strong>Brunnen San Patrizio<\/strong>. Das Meisterwerk der Wasserbauma\u00dfnahmen f\u00fcgt sich in das verwundene unterirdische System der ganzen Stadt ein, ist jedoch einzigartig und wunderbar, sodass es unbedingt besichtigt werden soll.<\/p>\n<p>Das Werk wird 1527 von Papst Clemens VII. in Auftrag gegeben, der infolge des verheerenden Sacco di Roma nach Orvieto gekommen war. Mit dem Ziel, die Wasserversorgung der <a href=\"https:\/\/www.exploring-umbria.com\/de\/subcategories\/cosa-fare-e-cosa-vedere-ad-orvieto\/#heading2958\" target=\"_blank\" rel=\"noopener\">Festung Albornoz<\/a> im Falle eines Einfalls aufrecht zu erhalten, gab der Papst das ambitionierte Projekt bei <a href=\"https:\/\/de.wikipedia.org\/wiki\/Antonio_da_Sangallo_der_J%C3%BCngere\" target=\"_blank\" rel=\"noopener\"><em>Antonio da Sangallo il Giovane<\/em><\/a> in Auftrag, der sein K\u00f6nnen in Bezug auf Renaissancekunst unter Beweis stellte.<\/p>\n<p>Der Brunnen san Patrizio hat eine Tiefe von 53 Metern und einen Durchmesser von 13 Metern und befindet sich innerhalb der Festung an der Stelle, an der es strategisch einfacher gewesen w\u00e4re, den Grundwasserleiter zu erreichen. Die Besonderheit des Projekts liegt in der Idee von <em>Sangallo<\/em>, zwei monumentale Wendeltreppen (nach dem Vorbild der Wendeltreppe der Villa Belvedere im Vatikan) zu schaffen, die nie aufeinandertreffen und jeweils aus 248 Stufen bestehen, die die Bewegung von Lasttieren f\u00fcr den Wassertransport gew\u00e4hrleisten sollen, ohne dass diese in beide Richtungen kollidierten. Heute k\u00f6nnen die beeindruckenden Treppen von Touristen besucht und begangen werden, die einen einmaligen Ort besichtigen wollen. Die G\u00e4nge der Treppe werden durch 72 Fenster beleuchtet, die dem gesamten Geb\u00e4ude eine wunderbar Atmosph\u00e4re verleihen. Der Brunnen war urspr\u00fcnglich als der Brunnen des Felsens bekannt, wurde aber auf Gehei\u00df der M\u00f6nche des nahegelegenen Klosters der Diener in St. Patrick umbenannt. Sie setzten die Struktur des Brunnens in Orvieto mit dem ber\u00fchmten Brunnen des irischen Heiligen gleich, \u00fcber den man sich erz\u00e4hlte, dass er bis ins Fegefeuer reichte.<\/p>\n","protected":false},"excerpt":{"rendered":"<p>Eine der bekanntesten Touristenattraktionen in Orvieto ist mit Sicherheit der Brunnen San Patrizio. Das Meisterwerk der Wasserbauma\u00dfnahmen f\u00fcgt sich in das verwundene unterirdische System der ganzen Stadt ein, ist jedoch einzigartig und wunderbar, sodass es unbedingt besichtigt werden soll. Das Werk wird 1527 von Papst Clemens VII. in Auftrag gegeben, der infolge des verheerenden Sacco [&hellip;]<\/p>\n","protected":false},"author":4,"featured_media":5374,"parent":3008,"menu_order":0,"comment_status":"closed","ping_status":"closed","template":"","meta":{"om_disable_all_campaigns":false,"_monsterinsights_skip_tracking":false,"_monsterinsights_sitenote_active":false,"_monsterinsights_sitenote_note":"","_monsterinsights_sitenote_category":0},"acf":[],"yoast_head":"<!-- This site is optimized with the Yoast SEO plugin v18.4.1 - https:\/\/yoast.com\/wordpress\/plugins\/seo\/ -->\n<title>Der Brunnen san Patrizio - Exploring Umbria<\/title>\n<meta name=\"description\" content=\"Eine der bekanntesten Touristenattraktionen in Orvieto ist mit Sicherheit der Brunnen San Patrizio. Das Meisterwerk der Wasserbauma\u00dfnahmen f\u00fcgt sich in\" \/>\n<meta name=\"robots\" content=\"index, follow, max-snippet:-1, max-image-preview:large, max-video-preview:-1\" \/>\n<link rel=\"canonical\" href=\"https:\/\/www.exploring-umbria.com\/de\/entdecke-orvieto\/sehenswuerdigkeiten-in-orvieto\/der-brunnen-san-patrizio\/\" \/>\n<meta property=\"og:locale\" content=\"de_DE\" \/>\n<meta property=\"og:type\" content=\"article\" \/>\n<meta property=\"og:title\" content=\"Der Brunnen san Patrizio - Exploring Umbria\" \/>\n<meta property=\"og:description\" content=\"Eine der bekanntesten Touristenattraktionen in Orvieto ist mit Sicherheit der Brunnen San Patrizio. Das Meisterwerk der Wasserbauma\u00dfnahmen f\u00fcgt sich in\" \/>\n<meta property=\"og:url\" content=\"https:\/\/www.exploring-umbria.com\/de\/entdecke-orvieto\/sehenswuerdigkeiten-in-orvieto\/der-brunnen-san-patrizio\/\" \/>\n<meta property=\"og:site_name\" content=\"Exploring Umbria\" \/>\n<meta property=\"article:publisher\" content=\"https:\/\/www.facebook.com\/exploringumbria\/\" \/>\n<meta property=\"article:modified_time\" content=\"2019-12-30T13:38:18+00:00\" \/>\n<meta property=\"og:image\" content=\"https:\/\/www.exploring-umbria.com\/wp-content\/uploads\/2019\/05\/orvieto-sotterranea-2.jpeg\" \/>\n\t<meta property=\"og:image:width\" content=\"1800\" \/>\n\t<meta property=\"og:image:height\" content=\"1200\" \/>\n\t<meta property=\"og:image:type\" content=\"image\/jpeg\" \/>\n<meta name=\"twitter:card\" content=\"summary_large_image\" \/>\n<meta name=\"twitter:label1\" content=\"Gesch\u00e4tzte Lesezeit\" \/>\n\t<meta name=\"twitter:data1\" content=\"1\u00a0Minute\" \/>\n<script type=\"application\/ld+json\" class=\"yoast-schema-graph\">{\"@context\":\"https:\/\/schema.org\",\"@graph\":[{\"@type\":\"Organization\",\"@id\":\"https:\/\/www.exploring-umbria.com\/de\/#organization\",\"name\":\"Exploring Umbria\",\"url\":\"https:\/\/www.exploring-umbria.com\/de\/\",\"sameAs\":[\"https:\/\/www.facebook.com\/exploringumbria\/\",\"https:\/\/www.instagram.com\/exploringumbria\/\"],\"logo\":{\"@type\":\"ImageObject\",\"@id\":\"https:\/\/www.exploring-umbria.com\/de\/#logo\",\"inLanguage\":\"de\",\"url\":\"https:\/\/www.exploring-umbria.com\/wp-content\/uploads\/2019\/08\/solo-logo-verde.jpg\",\"contentUrl\":\"https:\/\/www.exploring-umbria.com\/wp-content\/uploads\/2019\/08\/solo-logo-verde.jpg\",\"width\":952,\"height\":532,\"caption\":\"Exploring Umbria\"},\"image\":{\"@id\":\"https:\/\/www.exploring-umbria.com\/de\/#logo\"}},{\"@type\":\"WebSite\",\"@id\":\"https:\/\/www.exploring-umbria.com\/de\/#website\",\"url\":\"https:\/\/www.exploring-umbria.com\/de\/\",\"name\":\"Exploring Umbria\",\"description\":\"your dates, your mood, your trip\",\"publisher\":{\"@id\":\"https:\/\/www.exploring-umbria.com\/de\/#organization\"},\"potentialAction\":[{\"@type\":\"SearchAction\",\"target\":{\"@type\":\"EntryPoint\",\"urlTemplate\":\"https:\/\/www.exploring-umbria.com\/de\/?s={search_term_string}\"},\"query-input\":\"required name=search_term_string\"}],\"inLanguage\":\"de\"},{\"@type\":\"ImageObject\",\"@id\":\"https:\/\/www.exploring-umbria.com\/de\/entdecke-orvieto\/sehenswuerdigkeiten-in-orvieto\/der-brunnen-san-patrizio\/#primaryimage\",\"inLanguage\":\"de\",\"url\":\"https:\/\/www.exploring-umbria.com\/wp-content\/uploads\/2019\/05\/orvieto-sotterranea-2.jpeg\",\"contentUrl\":\"https:\/\/www.exploring-umbria.com\/wp-content\/uploads\/2019\/05\/orvieto-sotterranea-2.jpeg\",\"width\":1800,\"height\":1200,\"caption\":\"pozzo di san Patrizio\"},{\"@type\":\"WebPage\",\"@id\":\"https:\/\/www.exploring-umbria.com\/de\/entdecke-orvieto\/sehenswuerdigkeiten-in-orvieto\/der-brunnen-san-patrizio\/#webpage\",\"url\":\"https:\/\/www.exploring-umbria.com\/de\/entdecke-orvieto\/sehenswuerdigkeiten-in-orvieto\/der-brunnen-san-patrizio\/\",\"name\":\"Der Brunnen san Patrizio - Exploring Umbria\",\"isPartOf\":{\"@id\":\"https:\/\/www.exploring-umbria.com\/de\/#website\"},\"primaryImageOfPage\":{\"@id\":\"https:\/\/www.exploring-umbria.com\/de\/entdecke-orvieto\/sehenswuerdigkeiten-in-orvieto\/der-brunnen-san-patrizio\/#primaryimage\"},\"datePublished\":\"2019-03-07T18:26:12+00:00\",\"dateModified\":\"2019-12-30T13:38:18+00:00\",\"description\":\"Eine der bekanntesten Touristenattraktionen in Orvieto ist mit Sicherheit der Brunnen San Patrizio. Das Meisterwerk der Wasserbauma\u00dfnahmen f\u00fcgt sich in\",\"breadcrumb\":{\"@id\":\"https:\/\/www.exploring-umbria.com\/de\/entdecke-orvieto\/sehenswuerdigkeiten-in-orvieto\/der-brunnen-san-patrizio\/#breadcrumb\"},\"inLanguage\":\"de\",\"potentialAction\":[{\"@type\":\"ReadAction\",\"target\":[\"https:\/\/www.exploring-umbria.com\/de\/entdecke-orvieto\/sehenswuerdigkeiten-in-orvieto\/der-brunnen-san-patrizio\/\"]}]},{\"@type\":\"BreadcrumbList\",\"@id\":\"https:\/\/www.exploring-umbria.com\/de\/entdecke-orvieto\/sehenswuerdigkeiten-in-orvieto\/der-brunnen-san-patrizio\/#breadcrumb\",\"itemListElement\":[{\"@type\":\"ListItem\",\"position\":1,\"name\":\"Home\",\"item\":\"https:\/\/www.exploring-umbria.com\/de\/\"},{\"@type\":\"ListItem\",\"position\":2,\"name\":\"Entdecke Orvieto: la citt\u00e0 narrante\",\"item\":\"https:\/\/www.exploring-umbria.com\/de\/entdecke-orvieto\/\"},{\"@type\":\"ListItem\",\"position\":3,\"name\":\"Sehensw\u00fcrdigkeiten in Orvieto\",\"item\":\"https:\/\/www.exploring-umbria.com\/de\/entdecke-orvieto\/sehenswuerdigkeiten-in-orvieto\/\"},{\"@type\":\"ListItem\",\"position\":4,\"name\":\"Der Brunnen san Patrizio\"}]}]}<\/script>\n<!-- \/ Yoast SEO plugin. -->","yoast_head_json":{"title":"Der Brunnen san Patrizio - Exploring Umbria","description":"Eine der bekanntesten Touristenattraktionen in Orvieto ist mit Sicherheit der Brunnen San Patrizio. Das Meisterwerk der Wasserbauma\u00dfnahmen f\u00fcgt sich in","robots":{"index":"index","follow":"follow","max-snippet":"max-snippet:-1","max-image-preview":"max-image-preview:large","max-video-preview":"max-video-preview:-1"},"canonical":"https:\/\/www.exploring-umbria.com\/de\/entdecke-orvieto\/sehenswuerdigkeiten-in-orvieto\/der-brunnen-san-patrizio\/","og_locale":"de_DE","og_type":"article","og_title":"Der Brunnen san Patrizio - Exploring Umbria","og_description":"Eine der bekanntesten Touristenattraktionen in Orvieto ist mit Sicherheit der Brunnen San Patrizio. Das Meisterwerk der Wasserbauma\u00dfnahmen f\u00fcgt sich in","og_url":"https:\/\/www.exploring-umbria.com\/de\/entdecke-orvieto\/sehenswuerdigkeiten-in-orvieto\/der-brunnen-san-patrizio\/","og_site_name":"Exploring Umbria","article_publisher":"https:\/\/www.facebook.com\/exploringumbria\/","article_modified_time":"2019-12-30T13:38:18+00:00","og_image":[{"width":1800,"height":1200,"url":"https:\/\/www.exploring-umbria.com\/wp-content\/uploads\/2019\/05\/orvieto-sotterranea-2.jpeg","type":"image\/jpeg"}],"twitter_card":"summary_large_image","twitter_misc":{"Gesch\u00e4tzte Lesezeit":"1\u00a0Minute"},"schema":{"@context":"https:\/\/schema.org","@graph":[{"@type":"Organization","@id":"https:\/\/www.exploring-umbria.com\/de\/#organization","name":"Exploring Umbria","url":"https:\/\/www.exploring-umbria.com\/de\/","sameAs":["https:\/\/www.facebook.com\/exploringumbria\/","https:\/\/www.instagram.com\/exploringumbria\/"],"logo":{"@type":"ImageObject","@id":"https:\/\/www.exploring-umbria.com\/de\/#logo","inLanguage":"de","url":"https:\/\/www.exploring-umbria.com\/wp-content\/uploads\/2019\/08\/solo-logo-verde.jpg","contentUrl":"https:\/\/www.exploring-umbria.com\/wp-content\/uploads\/2019\/08\/solo-logo-verde.jpg","width":952,"height":532,"caption":"Exploring Umbria"},"image":{"@id":"https:\/\/www.exploring-umbria.com\/de\/#logo"}},{"@type":"WebSite","@id":"https:\/\/www.exploring-umbria.com\/de\/#website","url":"https:\/\/www.exploring-umbria.com\/de\/","name":"Exploring Umbria","description":"your dates, your mood, your trip","publisher":{"@id":"https:\/\/www.exploring-umbria.com\/de\/#organization"},"potentialAction":[{"@type":"SearchAction","target":{"@type":"EntryPoint","urlTemplate":"https:\/\/www.exploring-umbria.com\/de\/?s={search_term_string}"},"query-input":"required name=search_term_string"}],"inLanguage":"de"},{"@type":"ImageObject","@id":"https:\/\/www.exploring-umbria.com\/de\/entdecke-orvieto\/sehenswuerdigkeiten-in-orvieto\/der-brunnen-san-patrizio\/#primaryimage","inLanguage":"de","url":"https:\/\/www.exploring-umbria.com\/wp-content\/uploads\/2019\/05\/orvieto-sotterranea-2.jpeg","contentUrl":"https:\/\/www.exploring-umbria.com\/wp-content\/uploads\/2019\/05\/orvieto-sotterranea-2.jpeg","width":1800,"height":1200,"caption":"pozzo di san Patrizio"},{"@type":"WebPage","@id":"https:\/\/www.exploring-umbria.com\/de\/entdecke-orvieto\/sehenswuerdigkeiten-in-orvieto\/der-brunnen-san-patrizio\/#webpage","url":"https:\/\/www.exploring-umbria.com\/de\/entdecke-orvieto\/sehenswuerdigkeiten-in-orvieto\/der-brunnen-san-patrizio\/","name":"Der Brunnen san Patrizio - Exploring Umbria","isPartOf":{"@id":"https:\/\/www.exploring-umbria.com\/de\/#website"},"primaryImageOfPage":{"@id":"https:\/\/www.exploring-umbria.com\/de\/entdecke-orvieto\/sehenswuerdigkeiten-in-orvieto\/der-brunnen-san-patrizio\/#primaryimage"},"datePublished":"2019-03-07T18:26:12+00:00","dateModified":"2019-12-30T13:38:18+00:00","description":"Eine der bekanntesten Touristenattraktionen in Orvieto ist mit Sicherheit der Brunnen San Patrizio. Das Meisterwerk der Wasserbauma\u00dfnahmen f\u00fcgt sich in","breadcrumb":{"@id":"https:\/\/www.exploring-umbria.com\/de\/entdecke-orvieto\/sehenswuerdigkeiten-in-orvieto\/der-brunnen-san-patrizio\/#breadcrumb"},"inLanguage":"de","potentialAction":[{"@type":"ReadAction","target":["https:\/\/www.exploring-umbria.com\/de\/entdecke-orvieto\/sehenswuerdigkeiten-in-orvieto\/der-brunnen-san-patrizio\/"]}]},{"@type":"BreadcrumbList","@id":"https:\/\/www.exploring-umbria.com\/de\/entdecke-orvieto\/sehenswuerdigkeiten-in-orvieto\/der-brunnen-san-patrizio\/#breadcrumb","itemListElement":[{"@type":"ListItem","position":1,"name":"Home","item":"https:\/\/www.exploring-umbria.com\/de\/"},{"@type":"ListItem","position":2,"name":"Entdecke Orvieto: la citt\u00e0 narrante","item":"https:\/\/www.exploring-umbria.com\/de\/entdecke-orvieto\/"},{"@type":"ListItem","position":3,"name":"Sehensw\u00fcrdigkeiten in Orvieto","item":"https:\/\/www.exploring-umbria.com\/de\/entdecke-orvieto\/sehenswuerdigkeiten-in-orvieto\/"},{"@type":"ListItem","position":4,"name":"Der Brunnen san Patrizio"}]}]}},"_links":{"self":[{"href":"https:\/\/www.exploring-umbria.com\/de\/wp-json\/wp\/v2\/pages\/2967"}],"collection":[{"href":"https:\/\/www.exploring-umbria.com\/de\/wp-json\/wp\/v2\/pages"}],"about":[{"href":"https:\/\/www.exploring-umbria.com\/de\/wp-json\/wp\/v2\/types\/page"}],"author":[{"embeddable":true,"href":"https:\/\/www.exploring-umbria.com\/de\/wp-json\/wp\/v2\/users\/4"}],"replies":[{"embeddable":true,"href":"https:\/\/www.exploring-umbria.com\/de\/wp-json\/wp\/v2\/comments?post=2967"}],"version-history":[{"count":4,"href":"https:\/\/www.exploring-umbria.com\/de\/wp-json\/wp\/v2\/pages\/2967\/revisions"}],"predecessor-version":[{"id":26843,"href":"https:\/\/www.exploring-umbria.com\/de\/wp-json\/wp\/v2\/pages\/2967\/revisions\/26843"}],"up":[{"embeddable":true,"href":"https:\/\/www.exploring-umbria.com\/de\/wp-json\/wp\/v2\/pages\/3008"}],"wp:featuredmedia":[{"embeddable":true,"href":"https:\/\/www.exploring-umbria.com\/de\/wp-json\/wp\/v2\/media\/5374"}],"wp:attachment":[{"href":"https:\/\/www.exploring-umbria.com\/de\/wp-json\/wp\/v2\/media?parent=2967"}],"curies":[{"name":"wp","href":"https:\/\/api.w.org\/{rel}","templated":true}]}}