{"id":2958,"date":"2019-03-07T19:29:55","date_gmt":"2019-03-07T18:29:55","guid":{"rendered":"https:\/\/www.exploring-umbria.com\/la-fortezza-di-albornoz\/"},"modified":"2019-12-24T19:25:07","modified_gmt":"2019-12-24T18:25:07","slug":"die-festung-albornoz","status":"publish","type":"page","link":"https:\/\/www.exploring-umbria.com\/de\/entdecke-orvieto\/sehenswuerdigkeiten-in-orvieto\/die-festung-albornoz\/","title":{"rendered":"Die Festung Albornoz"},"content":{"rendered":"<p>Am \u00f6stlichen Ende des Tuffsteins befinden sich die Reste der imposanten <strong>Festung Albornoz<\/strong>, die \u00fcber die Piazza Cahen sowie \u00fcber die Porta Rocca oder Soliana zug\u00e4nglich sind.<\/p>\n<p>Aufgrund ihrer strategisch sowie herrschaftlich g\u00fcnstigen Position, die au\u00dferdem auch gut zur Kontrolle des darunterliegenden Tals des Flusses Paglia war, wurde das Geb\u00e4ude im 14. Jahrhundert im Auftrag des Kardinals <a href=\"https:\/\/de.wikipedia.org\/wiki\/Gil_%C3%81lvarez_Carillo_de_Albornoz\" target=\"_blank\" rel=\"noopener\"><em>Egidio Albornoz<\/em> <\/a>errichtet, der mit Papst Innozenz VI. verbunden war. Den Notizen in der Chronik von Orvieto zufolge begannen die Arbeiten offiziell am 25. September 1364 unter der Leitung von <em>Conte Ugolino di Montemarte<\/em>, der damals Milit\u00e4rarchitekt war, finanziert von der Gemeinde Orvieto. Der urspr\u00fcngliche Bauk\u00f6rper verf\u00fcgte ein massives viereckiges Geb\u00e4ude mit Verteidigungst\u00fcrmen an den Seiten und wurde durch einen Graben mit zwei Zugbr\u00fccken gesch\u00fctzt. Leider sind heute nur noch ein Teil der Umfassungsmauern, der Turm und der Patrouillenweg des urspr\u00fcnglichen Komplexes erhalten.<\/p>\n<p>Im Jahr 1390 zur G\u00e4nze zerst\u00f6rt, wurde die Festung von <em>Antonio da Carpi<\/em> auf den alten Fundamenten wider aufgebaut und im Jahr 1527 auf Anordnung des Papstes Clemens VII. durch den Bau des ber\u00fchmten <a href=\"https:\/\/www.exploring-umbria.com\/de\/subcategories\/cosa-fare-e-cosa-vedere-ad-orvieto\/#heading2967\" target=\"_blank\" rel=\"noopener\">Brunnens San Patrizio<\/a> mit Wasser versorgt.<\/p>\n<p>Die letzten Arbeiten erfolgten in der Moderne, ab dem Jahr 1888, mit der Auff\u00fcllung des Grabens f\u00fcr den Bau der Standseilbahn und dem Bau eines Amphitheaters f\u00fcr Tagesshows. Heute beherbergt die Festung Albornoz den \u00f6ffentlichen Park von Orvieto, von dem aus Sie einen herrlichen Blick auf das endlose Panorama des darunter liegenden Tals genie\u00dfen k\u00f6nnen.<\/p>\n","protected":false},"excerpt":{"rendered":"<p>Am \u00f6stlichen Ende des Tuffsteins befinden sich die Reste der imposanten Festung Albornoz, die \u00fcber die Piazza Cahen sowie \u00fcber die Porta Rocca oder Soliana zug\u00e4nglich sind. Aufgrund ihrer strategisch sowie herrschaftlich g\u00fcnstigen Position, die au\u00dferdem auch gut zur Kontrolle des darunterliegenden Tals des Flusses Paglia war, wurde das Geb\u00e4ude im 14. Jahrhundert im Auftrag [&hellip;]<\/p>\n","protected":false},"author":4,"featured_media":6521,"parent":3008,"menu_order":0,"comment_status":"closed","ping_status":"closed","template":"","meta":{"om_disable_all_campaigns":false,"_monsterinsights_skip_tracking":false,"_monsterinsights_sitenote_active":false,"_monsterinsights_sitenote_note":"","_monsterinsights_sitenote_category":0},"acf":[],"yoast_head":"<!-- This site is optimized with the Yoast SEO plugin v18.4.1 - https:\/\/yoast.com\/wordpress\/plugins\/seo\/ -->\n<title>Die Festung Albornoz - Exploring Umbria<\/title>\n<meta name=\"description\" content=\"Am \u00f6stlichen Ende des Tuffsteins befinden sich die Reste der imposanten Festung Albornoz, die \u00fcber die Piazza Cahen sowie \u00fcber die Porta Rocca oder\" \/>\n<meta name=\"robots\" content=\"index, follow, max-snippet:-1, max-image-preview:large, max-video-preview:-1\" \/>\n<link rel=\"canonical\" href=\"https:\/\/www.exploring-umbria.com\/de\/entdecke-orvieto\/sehenswuerdigkeiten-in-orvieto\/die-festung-albornoz\/\" \/>\n<meta property=\"og:locale\" content=\"de_DE\" \/>\n<meta property=\"og:type\" content=\"article\" \/>\n<meta property=\"og:title\" content=\"Die Festung Albornoz - Exploring Umbria\" \/>\n<meta property=\"og:description\" content=\"Am \u00f6stlichen Ende des Tuffsteins befinden sich die Reste der imposanten Festung Albornoz, die \u00fcber die Piazza Cahen sowie \u00fcber die Porta Rocca oder\" \/>\n<meta property=\"og:url\" content=\"https:\/\/www.exploring-umbria.com\/de\/entdecke-orvieto\/sehenswuerdigkeiten-in-orvieto\/die-festung-albornoz\/\" \/>\n<meta property=\"og:site_name\" content=\"Exploring Umbria\" \/>\n<meta property=\"article:publisher\" content=\"https:\/\/www.facebook.com\/exploringumbria\/\" \/>\n<meta property=\"article:modified_time\" content=\"2019-12-24T18:25:07+00:00\" \/>\n<meta property=\"og:image\" content=\"https:\/\/www.exploring-umbria.com\/wp-content\/uploads\/2019\/05\/ORVIETO-PANORAMICA-2-1600x1066.jpeg\" \/>\n\t<meta property=\"og:image:width\" content=\"1600\" \/>\n\t<meta property=\"og:image:height\" content=\"1066\" \/>\n\t<meta property=\"og:image:type\" content=\"image\/jpeg\" \/>\n<meta name=\"twitter:card\" content=\"summary_large_image\" \/>\n<meta name=\"twitter:label1\" content=\"Gesch\u00e4tzte Lesezeit\" \/>\n\t<meta name=\"twitter:data1\" content=\"1\u00a0Minute\" \/>\n<script type=\"application\/ld+json\" class=\"yoast-schema-graph\">{\"@context\":\"https:\/\/schema.org\",\"@graph\":[{\"@type\":\"Organization\",\"@id\":\"https:\/\/www.exploring-umbria.com\/de\/#organization\",\"name\":\"Exploring Umbria\",\"url\":\"https:\/\/www.exploring-umbria.com\/de\/\",\"sameAs\":[\"https:\/\/www.facebook.com\/exploringumbria\/\",\"https:\/\/www.instagram.com\/exploringumbria\/\"],\"logo\":{\"@type\":\"ImageObject\",\"@id\":\"https:\/\/www.exploring-umbria.com\/de\/#logo\",\"inLanguage\":\"de\",\"url\":\"https:\/\/www.exploring-umbria.com\/wp-content\/uploads\/2019\/08\/solo-logo-verde.jpg\",\"contentUrl\":\"https:\/\/www.exploring-umbria.com\/wp-content\/uploads\/2019\/08\/solo-logo-verde.jpg\",\"width\":952,\"height\":532,\"caption\":\"Exploring Umbria\"},\"image\":{\"@id\":\"https:\/\/www.exploring-umbria.com\/de\/#logo\"}},{\"@type\":\"WebSite\",\"@id\":\"https:\/\/www.exploring-umbria.com\/de\/#website\",\"url\":\"https:\/\/www.exploring-umbria.com\/de\/\",\"name\":\"Exploring Umbria\",\"description\":\"your dates, your mood, your trip\",\"publisher\":{\"@id\":\"https:\/\/www.exploring-umbria.com\/de\/#organization\"},\"potentialAction\":[{\"@type\":\"SearchAction\",\"target\":{\"@type\":\"EntryPoint\",\"urlTemplate\":\"https:\/\/www.exploring-umbria.com\/de\/?s={search_term_string}\"},\"query-input\":\"required name=search_term_string\"}],\"inLanguage\":\"de\"},{\"@type\":\"ImageObject\",\"@id\":\"https:\/\/www.exploring-umbria.com\/de\/entdecke-orvieto\/sehenswuerdigkeiten-in-orvieto\/die-festung-albornoz\/#primaryimage\",\"inLanguage\":\"de\",\"url\":\"https:\/\/www.exploring-umbria.com\/wp-content\/uploads\/2019\/05\/ORVIETO-PANORAMICA-2-1600x1066.jpeg\",\"contentUrl\":\"https:\/\/www.exploring-umbria.com\/wp-content\/uploads\/2019\/05\/ORVIETO-PANORAMICA-2-1600x1066.jpeg\",\"width\":1600,\"height\":1066,\"caption\":\"panoramica di orvieto e della rocca di albornoz\"},{\"@type\":\"WebPage\",\"@id\":\"https:\/\/www.exploring-umbria.com\/de\/entdecke-orvieto\/sehenswuerdigkeiten-in-orvieto\/die-festung-albornoz\/#webpage\",\"url\":\"https:\/\/www.exploring-umbria.com\/de\/entdecke-orvieto\/sehenswuerdigkeiten-in-orvieto\/die-festung-albornoz\/\",\"name\":\"Die Festung Albornoz - Exploring Umbria\",\"isPartOf\":{\"@id\":\"https:\/\/www.exploring-umbria.com\/de\/#website\"},\"primaryImageOfPage\":{\"@id\":\"https:\/\/www.exploring-umbria.com\/de\/entdecke-orvieto\/sehenswuerdigkeiten-in-orvieto\/die-festung-albornoz\/#primaryimage\"},\"datePublished\":\"2019-03-07T18:29:55+00:00\",\"dateModified\":\"2019-12-24T18:25:07+00:00\",\"description\":\"Am \u00f6stlichen Ende des Tuffsteins befinden sich die Reste der imposanten Festung Albornoz, die \u00fcber die Piazza Cahen sowie \u00fcber die Porta Rocca oder\",\"breadcrumb\":{\"@id\":\"https:\/\/www.exploring-umbria.com\/de\/entdecke-orvieto\/sehenswuerdigkeiten-in-orvieto\/die-festung-albornoz\/#breadcrumb\"},\"inLanguage\":\"de\",\"potentialAction\":[{\"@type\":\"ReadAction\",\"target\":[\"https:\/\/www.exploring-umbria.com\/de\/entdecke-orvieto\/sehenswuerdigkeiten-in-orvieto\/die-festung-albornoz\/\"]}]},{\"@type\":\"BreadcrumbList\",\"@id\":\"https:\/\/www.exploring-umbria.com\/de\/entdecke-orvieto\/sehenswuerdigkeiten-in-orvieto\/die-festung-albornoz\/#breadcrumb\",\"itemListElement\":[{\"@type\":\"ListItem\",\"position\":1,\"name\":\"Home\",\"item\":\"https:\/\/www.exploring-umbria.com\/de\/\"},{\"@type\":\"ListItem\",\"position\":2,\"name\":\"Entdecke Orvieto: la citt\u00e0 narrante\",\"item\":\"https:\/\/www.exploring-umbria.com\/de\/entdecke-orvieto\/\"},{\"@type\":\"ListItem\",\"position\":3,\"name\":\"Sehensw\u00fcrdigkeiten in Orvieto\",\"item\":\"https:\/\/www.exploring-umbria.com\/de\/entdecke-orvieto\/sehenswuerdigkeiten-in-orvieto\/\"},{\"@type\":\"ListItem\",\"position\":4,\"name\":\"Die Festung Albornoz\"}]}]}<\/script>\n<!-- \/ Yoast SEO plugin. -->","yoast_head_json":{"title":"Die Festung Albornoz - Exploring Umbria","description":"Am \u00f6stlichen Ende des Tuffsteins befinden sich die Reste der imposanten Festung Albornoz, die \u00fcber die Piazza Cahen sowie \u00fcber die Porta Rocca oder","robots":{"index":"index","follow":"follow","max-snippet":"max-snippet:-1","max-image-preview":"max-image-preview:large","max-video-preview":"max-video-preview:-1"},"canonical":"https:\/\/www.exploring-umbria.com\/de\/entdecke-orvieto\/sehenswuerdigkeiten-in-orvieto\/die-festung-albornoz\/","og_locale":"de_DE","og_type":"article","og_title":"Die Festung Albornoz - Exploring Umbria","og_description":"Am \u00f6stlichen Ende des Tuffsteins befinden sich die Reste der imposanten Festung Albornoz, die \u00fcber die Piazza Cahen sowie \u00fcber die Porta Rocca oder","og_url":"https:\/\/www.exploring-umbria.com\/de\/entdecke-orvieto\/sehenswuerdigkeiten-in-orvieto\/die-festung-albornoz\/","og_site_name":"Exploring Umbria","article_publisher":"https:\/\/www.facebook.com\/exploringumbria\/","article_modified_time":"2019-12-24T18:25:07+00:00","og_image":[{"width":1600,"height":1066,"url":"https:\/\/www.exploring-umbria.com\/wp-content\/uploads\/2019\/05\/ORVIETO-PANORAMICA-2-1600x1066.jpeg","type":"image\/jpeg"}],"twitter_card":"summary_large_image","twitter_misc":{"Gesch\u00e4tzte Lesezeit":"1\u00a0Minute"},"schema":{"@context":"https:\/\/schema.org","@graph":[{"@type":"Organization","@id":"https:\/\/www.exploring-umbria.com\/de\/#organization","name":"Exploring Umbria","url":"https:\/\/www.exploring-umbria.com\/de\/","sameAs":["https:\/\/www.facebook.com\/exploringumbria\/","https:\/\/www.instagram.com\/exploringumbria\/"],"logo":{"@type":"ImageObject","@id":"https:\/\/www.exploring-umbria.com\/de\/#logo","inLanguage":"de","url":"https:\/\/www.exploring-umbria.com\/wp-content\/uploads\/2019\/08\/solo-logo-verde.jpg","contentUrl":"https:\/\/www.exploring-umbria.com\/wp-content\/uploads\/2019\/08\/solo-logo-verde.jpg","width":952,"height":532,"caption":"Exploring Umbria"},"image":{"@id":"https:\/\/www.exploring-umbria.com\/de\/#logo"}},{"@type":"WebSite","@id":"https:\/\/www.exploring-umbria.com\/de\/#website","url":"https:\/\/www.exploring-umbria.com\/de\/","name":"Exploring Umbria","description":"your dates, your mood, your trip","publisher":{"@id":"https:\/\/www.exploring-umbria.com\/de\/#organization"},"potentialAction":[{"@type":"SearchAction","target":{"@type":"EntryPoint","urlTemplate":"https:\/\/www.exploring-umbria.com\/de\/?s={search_term_string}"},"query-input":"required name=search_term_string"}],"inLanguage":"de"},{"@type":"ImageObject","@id":"https:\/\/www.exploring-umbria.com\/de\/entdecke-orvieto\/sehenswuerdigkeiten-in-orvieto\/die-festung-albornoz\/#primaryimage","inLanguage":"de","url":"https:\/\/www.exploring-umbria.com\/wp-content\/uploads\/2019\/05\/ORVIETO-PANORAMICA-2-1600x1066.jpeg","contentUrl":"https:\/\/www.exploring-umbria.com\/wp-content\/uploads\/2019\/05\/ORVIETO-PANORAMICA-2-1600x1066.jpeg","width":1600,"height":1066,"caption":"panoramica di orvieto e della rocca di albornoz"},{"@type":"WebPage","@id":"https:\/\/www.exploring-umbria.com\/de\/entdecke-orvieto\/sehenswuerdigkeiten-in-orvieto\/die-festung-albornoz\/#webpage","url":"https:\/\/www.exploring-umbria.com\/de\/entdecke-orvieto\/sehenswuerdigkeiten-in-orvieto\/die-festung-albornoz\/","name":"Die Festung Albornoz - Exploring Umbria","isPartOf":{"@id":"https:\/\/www.exploring-umbria.com\/de\/#website"},"primaryImageOfPage":{"@id":"https:\/\/www.exploring-umbria.com\/de\/entdecke-orvieto\/sehenswuerdigkeiten-in-orvieto\/die-festung-albornoz\/#primaryimage"},"datePublished":"2019-03-07T18:29:55+00:00","dateModified":"2019-12-24T18:25:07+00:00","description":"Am \u00f6stlichen Ende des Tuffsteins befinden sich die Reste der imposanten Festung Albornoz, die \u00fcber die Piazza Cahen sowie \u00fcber die Porta Rocca oder","breadcrumb":{"@id":"https:\/\/www.exploring-umbria.com\/de\/entdecke-orvieto\/sehenswuerdigkeiten-in-orvieto\/die-festung-albornoz\/#breadcrumb"},"inLanguage":"de","potentialAction":[{"@type":"ReadAction","target":["https:\/\/www.exploring-umbria.com\/de\/entdecke-orvieto\/sehenswuerdigkeiten-in-orvieto\/die-festung-albornoz\/"]}]},{"@type":"BreadcrumbList","@id":"https:\/\/www.exploring-umbria.com\/de\/entdecke-orvieto\/sehenswuerdigkeiten-in-orvieto\/die-festung-albornoz\/#breadcrumb","itemListElement":[{"@type":"ListItem","position":1,"name":"Home","item":"https:\/\/www.exploring-umbria.com\/de\/"},{"@type":"ListItem","position":2,"name":"Entdecke Orvieto: la citt\u00e0 narrante","item":"https:\/\/www.exploring-umbria.com\/de\/entdecke-orvieto\/"},{"@type":"ListItem","position":3,"name":"Sehensw\u00fcrdigkeiten in Orvieto","item":"https:\/\/www.exploring-umbria.com\/de\/entdecke-orvieto\/sehenswuerdigkeiten-in-orvieto\/"},{"@type":"ListItem","position":4,"name":"Die Festung Albornoz"}]}]}},"_links":{"self":[{"href":"https:\/\/www.exploring-umbria.com\/de\/wp-json\/wp\/v2\/pages\/2958"}],"collection":[{"href":"https:\/\/www.exploring-umbria.com\/de\/wp-json\/wp\/v2\/pages"}],"about":[{"href":"https:\/\/www.exploring-umbria.com\/de\/wp-json\/wp\/v2\/types\/page"}],"author":[{"embeddable":true,"href":"https:\/\/www.exploring-umbria.com\/de\/wp-json\/wp\/v2\/users\/4"}],"replies":[{"embeddable":true,"href":"https:\/\/www.exploring-umbria.com\/de\/wp-json\/wp\/v2\/comments?post=2958"}],"version-history":[{"count":3,"href":"https:\/\/www.exploring-umbria.com\/de\/wp-json\/wp\/v2\/pages\/2958\/revisions"}],"predecessor-version":[{"id":26693,"href":"https:\/\/www.exploring-umbria.com\/de\/wp-json\/wp\/v2\/pages\/2958\/revisions\/26693"}],"up":[{"embeddable":true,"href":"https:\/\/www.exploring-umbria.com\/de\/wp-json\/wp\/v2\/pages\/3008"}],"wp:featuredmedia":[{"embeddable":true,"href":"https:\/\/www.exploring-umbria.com\/de\/wp-json\/wp\/v2\/media\/6521"}],"wp:attachment":[{"href":"https:\/\/www.exploring-umbria.com\/de\/wp-json\/wp\/v2\/media?parent=2958"}],"curies":[{"name":"wp","href":"https:\/\/api.w.org\/{rel}","templated":true}]}}