{"id":2956,"date":"2019-03-07T19:34:58","date_gmt":"2019-03-07T18:34:58","guid":{"rendered":"https:\/\/www.exploring-umbria.com\/la-storia-di-orvieto\/"},"modified":"2020-01-07T20:02:24","modified_gmt":"2020-01-07T19:02:24","slug":"geschichte-von-orvieto","status":"publish","type":"page","link":"https:\/\/www.exploring-umbria.com\/de\/entdecke-orvieto\/geschichte-von-orvieto\/","title":{"rendered":"Geschichte von Orvieto"},"content":{"rendered":"<p><strong>VON DEN URSPR\u00dcNGEN BIS INS MITTELALTER<\/strong><\/p>\n<p>Der Ursprung von Orvieto reicht sehr weit, bis in das neunte Jahrhundert v. Chr. zur\u00fcck, als im gro\u00dfen Felsen aus Tuffstein Spuren einer ersten Villanovanischen Gemeinde auftauchten. Sie waren die Vorfahren der Etrusker, die f\u00fcr etwa sechs Jahrhunderte als die unbestrittenen Herren Mittelitaliens galten. Die Stadt Velza (Volsinii f\u00fcr die R\u00f6mer, heute Orvieto), war der Sitz des B\u00fcndnisses der zw\u00f6lf wichtigsten St\u00e4dte. Schon vor dem gro\u00dfen R\u00f6mischen Reich, das das Mittelmeer beherrschte, war Orvieto eine Wiege der Kultur und Zivilisation. Von der wohlhabenden etruskischen Zeit bewahrt die Stadt noch viele \u00dcberreste, die von ihrer glorreichen Vergangenheit zeugen: die Nekropolen Crocifisso del Tufo und Cannicella, der Tempel Belvedere, die zahlreichen Keramiken und Gegenst\u00e4nde, die als Grabbeigaben gefunden wurden und in den Museen der Stadt aufbewahrt werden, bis hin zur j\u00fcngsten arch\u00e4ologischen St\u00e4tte Campo della Fiera, die viele Wissenschaftler mit dem ber\u00fchmten <em>Fanum Voltumnae<\/em> oder dem Sitz des B\u00fcndnisses der etruskischen St\u00e4dte gleichsetzen. Dies war der Ort, an dem sich nach Angaben alter Schriftsteller der Rat der etruskischen Anf\u00fchrer regelm\u00e4\u00dfig traf, um \u00fcber innen- und au\u00dfenpolitische Angelegenheiten zu beraten und den Kommandanten des B\u00fcndnisses zu w\u00e4hlen. Von Anfang an mussten Velza und damit Orvieto eine wichtige Rolle spielen.<\/p>\n<p>Aufgrund interner Streitigkeiten, und vor allem aufgrund des Sklavenaufstandes, wandten sich einige etruskische Adelsfamilien an die R\u00f6mer, um Hilfe zu erhalten. Eine Handvoll Soldaten wurden unter der F\u00fchrung von General <em>Quinto Fabio Massimo<\/em> sofort ausgeschickt, aber der Aufstand war so brutal, dass der General selbst den Feinden zum Opfer fiel, sodass die Unterdr\u00fcckung durch die R\u00f6mer noch h\u00e4rter wurde. Im Jahr 264 v. Chr. wurde die gro\u00dfe Stadt Velza v\u00f6llig zerst\u00f6rt und ihre Bewohner wurden von den R\u00f6mern gezwungen, in die N\u00e4he von Bolsena, nach <em>Volsinii<\/em> <em>Novi<\/em>, zu ziehen. So begann eine Zeit des Niedergangs und der v\u00f6lligen Verlassenheit der Tuffsteinfelsen, in die die Bewohner erst im dritten Jahrhundert n. Chr., w\u00e4hrend der Krise des R\u00f6mischen Reiches, zur\u00fcckkehren konnten.<\/p>\n<p>Mit den barbarischen Invasionen der Goten und Langobarden begann langsam die Bev\u00f6lkerung der Stadt wieder, von der Westseite der Klippe aus. So entstand das, was im Mittelalter als Urbs Vetus bezeichnet wurde.<\/p>\n<p><strong>\u00a0<\/strong><strong>ZEITALTER DER KOMMUNEN UND RENAISSANCE<\/strong><\/p>\n<p>1137 wurde Orvieto als freie Gemeinde gegr\u00fcndet, aber nur wenige Jahre sp\u00e4ter, 1157, fiel eine p\u00e4pstliche Delegation in die Stadt ein und legte die Herrschaft \u00fcber die Stadt wieder in die H\u00e4nde des Papstes. Das p\u00e4pstliche Joch, das verschiedenen Personen \u00fcbertragen wurde, unter denen Namen wie <em>Pietro Parenzo<\/em> herausragen, verwandelte Orvieto in eine Welfenfestung, die im st\u00e4ndigen Kampf mit den ghibellinischen Gruppierungen der Stadt stand. Die beiden Adelsfamilien, die jahrzehntelang um die Macht k\u00e4mpften, waren die <em>Monaldeschi<\/em>, Welfen und die <em>Filippeschi<\/em>, Ghibellinen. Trotz der inneren Spannungen garantierte der Schutz des Papsttums der Stadt neue kulturelle und soziale Impulse, die Orvieto eine Zeit der Entwicklung und des Wohlstands bereiteten. Im Laufe des 13. Jahrhunderts wurde die politische Struktur der Stadt gefestigt, mit der Gr\u00fcndung der wichtigsten st\u00e4dtischen Magistrate. Der Rat Consiglio dei Quattrocento (1215), der Capitano del Popolo (1250) und die Magistratura dei Sette (1292) wurden gegr\u00fcndet. Gleichzeitig ver\u00e4nderte die Stadt mit der Errichtung bedeutender architektonischer und st\u00e4dtebaulicher Werke, die mit dem Beginn des Baus der Kathedrale im Jahr 1290 ihren H\u00f6hepunkt fanden, ihr Erscheinungsbild. In diesen Jahren spiegelte die Struktur der Stadt auf st\u00e4dtischer Ebene die hervorragende institutionelle Organisation wider. Die vier Stadtteile Serancia, San Giovenale, Postierla und Santa Pace wurden zum Sitz der von der Stadt anerkannten M\u00e4chte mit einer gerechten Aufteilung. Der Dom wurde zum Symbol der religi\u00f6sen Macht, der Palazzo del Popolo zum Ausdruck der Souver\u00e4nit\u00e4t des Folkes, der Palazzo Comunale und die heutige Piazza della Repubblica zum Sitz der politischen Macht.<\/p>\n<p>Die Bl\u00fctezeit endete leider 1348, als die Stadt aufgrund der schweren Pestepidemie, die Italien in die Knie zwang, und der anhaltenden inneren K\u00e4mpfe der \u00f6rtlichen Adelsfamilien (vier Zweige der Familie <em>Monaldeschi<\/em> standen in Konflikt zueinander) wieder und endg\u00fcltig unter p\u00e4pstlicher Kontrolle stand. 1354 f\u00fchrte Kardinal <em>Egidio Albornoz<\/em> die Truppen des Papstes in die Stadt und begann mit dem Bau der Festung Albornoz, die die Stadt Orvieto zu einem echten Zufluchtsort f\u00fcr die P\u00e4pste nach der Invasion Roms durch die Lanzichenechi machte. Eindeutige Beweise f\u00fcr die Anwesenheit der P\u00e4pste sind noch heute die Statuen von Bonifatius VIII. an den Stadttoren Maggiore und Soliana sowie der Bau der beiden ber\u00fchmten Brunnen Cava und S. Patrizio, die 1527 von Papst Clemens VII. in Auftrag gegeben wurden, um die Wasserversorgung der Festung im Falle einer Belagerung sicherzustellen.<\/p>\n<p>Wie bereits im dreizehnten Jahrhundert war die p\u00e4pstliche Anwesenheit auch im sechzehnten Jahrhundert ein Stimulus f\u00fcr die Stadt und f\u00f6rderte ihren architektonischen und kulturellen Wohlstand. In dieser Zeit waren in Orvieto Personen wie <em>Antonio<\/em> <em>da<\/em> <em>Sangallo<\/em>, <em>Ippolito<\/em> <em>Scalza<\/em>, <em>Francesco<\/em> <em>Mochi<\/em> und die Schauspieler der Accademia dei <em>Confusi<\/em> und dei <em>Misti<\/em> aktiv, wodurch nicht zuletzt das Stadttheater entstand.<\/p>\n<p><strong>DIE MODERNE<\/strong><\/p>\n<p>1798 f\u00fchrte der Einfall der franz\u00f6sischen Truppen zum Aufstand der Bev\u00f6lkerung von Orvieto, er von napoleonischen Truppen hart zerschlagen wurde. Im Anschluss daran wurde das Denkmal auf der Piazza Maggiore, bekannt als der Baum der Freiheit, errichtet.<\/p>\n<p>Eine neue Bl\u00fctezeit f\u00fcr die Stadt begann nur wenige Jahrzehnte sp\u00e4ter, 1860, mit dem Anschluss an den entstehenden italienischen Staat, dank der heroischen Aktion von <em>Filippo<\/em> <em>Antonio<\/em> <em>Gualterio<\/em> aus Orvieto, der es schaffte, eine Armee aus Freiwilligen, die sogenannten &#8222;J\u00e4ger des Tiber&#8220;, zusammenzustellen, die die p\u00e4pstlichen Truppen zur Kapitulation zwangen.<\/p>\n<p>Von diesem Moment an erlebte Orvieto eine weitere Phase des Wohlstands und der Entwicklung. In diesen Jahren wurde auf Gehei\u00df des B\u00fcrgermeisters <em>Bracci<\/em> die erste Wasserbahn gebaut, dank des Baus der modernen Anlage des von Ingenieur <em>Netti<\/em> errichteten Kraftwerks wurde die Stromversorgung hergestellt, das erste echte Stadttheater nach Pl\u00e4nen des Architekten <em>Vespignani<\/em> wurde errichtet und die Arbeiten f\u00fcr die &#8222;Stiftung Museum Faina&#8220; begannen. Die T\u00e4tigkeit von Privatpersonen f\u00fchrte zusammen mit dem Einschraiten des nationalen und des Europ\u00e4ischen Parlaments ab dem 20. Jahrhundert zur Umsetzung des &#8222;Progetto Orvieto&#8220;, einem ambitionierten Programm zur Wiederherstellung und Aufwertung der Geschichte und der Denkm\u00e4ler der Stadt mit dem Ziel, die Stadt, die inzwischen zu einer wichtigen nationalen und internationalen Touristenattraktion geworden ist, wiederzuentwickeln.<\/p>\n","protected":false},"excerpt":{"rendered":"<p>VON DEN URSPR\u00dcNGEN BIS INS MITTELALTER Der Ursprung von Orvieto reicht sehr weit, bis in das neunte Jahrhundert v. Chr. zur\u00fcck, als im gro\u00dfen Felsen aus Tuffstein Spuren einer ersten Villanovanischen Gemeinde auftauchten. Sie waren die Vorfahren der Etrusker, die f\u00fcr etwa sechs Jahrhunderte als die unbestrittenen Herren Mittelitaliens galten. Die Stadt Velza (Volsinii f\u00fcr [&hellip;]<\/p>\n","protected":false},"author":4,"featured_media":1312,"parent":3015,"menu_order":0,"comment_status":"closed","ping_status":"closed","template":"","meta":{"om_disable_all_campaigns":false,"_monsterinsights_skip_tracking":false,"_monsterinsights_sitenote_active":false,"_monsterinsights_sitenote_note":"","_monsterinsights_sitenote_category":0},"acf":[],"yoast_head":"<!-- This site is optimized with the Yoast SEO plugin v18.4.1 - https:\/\/yoast.com\/wordpress\/plugins\/seo\/ -->\n<title>Geschichte von Orvieto - Exploring Umbria<\/title>\n<meta name=\"description\" content=\"VON DEN URSPR\u00dcNGEN BIS INS MITTELALTER Der Ursprung von Orvieto reicht sehr weit, bis in das neunte Jahrhundert v. Chr. zur\u00fcck, als im gro\u00dfen Felsen aus\" \/>\n<meta name=\"robots\" content=\"index, follow, max-snippet:-1, max-image-preview:large, max-video-preview:-1\" \/>\n<link rel=\"canonical\" href=\"https:\/\/www.exploring-umbria.com\/de\/entdecke-orvieto\/geschichte-von-orvieto\/\" \/>\n<meta property=\"og:locale\" content=\"de_DE\" \/>\n<meta property=\"og:type\" content=\"article\" \/>\n<meta property=\"og:title\" content=\"Geschichte von Orvieto - Exploring Umbria\" \/>\n<meta property=\"og:description\" content=\"VON DEN URSPR\u00dcNGEN BIS INS MITTELALTER Der Ursprung von Orvieto reicht sehr weit, bis in das neunte Jahrhundert v. Chr. zur\u00fcck, als im gro\u00dfen Felsen aus\" \/>\n<meta property=\"og:url\" content=\"https:\/\/www.exploring-umbria.com\/de\/entdecke-orvieto\/geschichte-von-orvieto\/\" \/>\n<meta property=\"og:site_name\" content=\"Exploring Umbria\" \/>\n<meta property=\"article:publisher\" content=\"https:\/\/www.facebook.com\/exploringumbria\/\" \/>\n<meta property=\"article:modified_time\" content=\"2020-01-07T19:02:24+00:00\" \/>\n<meta property=\"og:image\" content=\"https:\/\/www.exploring-umbria.com\/wp-content\/uploads\/2019\/02\/Orvieto-vicoletto-caratteristico-org.jpg\" \/>\n\t<meta property=\"og:image:width\" content=\"800\" \/>\n\t<meta property=\"og:image:height\" content=\"1200\" \/>\n\t<meta property=\"og:image:type\" content=\"image\/jpeg\" \/>\n<meta name=\"twitter:card\" content=\"summary_large_image\" \/>\n<meta name=\"twitter:label1\" content=\"Gesch\u00e4tzte Lesezeit\" \/>\n\t<meta name=\"twitter:data1\" content=\"5\u00a0Minuten\" \/>\n<script type=\"application\/ld+json\" class=\"yoast-schema-graph\">{\"@context\":\"https:\/\/schema.org\",\"@graph\":[{\"@type\":\"Organization\",\"@id\":\"https:\/\/www.exploring-umbria.com\/de\/#organization\",\"name\":\"Exploring Umbria\",\"url\":\"https:\/\/www.exploring-umbria.com\/de\/\",\"sameAs\":[\"https:\/\/www.facebook.com\/exploringumbria\/\",\"https:\/\/www.instagram.com\/exploringumbria\/\"],\"logo\":{\"@type\":\"ImageObject\",\"@id\":\"https:\/\/www.exploring-umbria.com\/de\/#logo\",\"inLanguage\":\"de\",\"url\":\"https:\/\/www.exploring-umbria.com\/wp-content\/uploads\/2019\/08\/solo-logo-verde.jpg\",\"contentUrl\":\"https:\/\/www.exploring-umbria.com\/wp-content\/uploads\/2019\/08\/solo-logo-verde.jpg\",\"width\":952,\"height\":532,\"caption\":\"Exploring Umbria\"},\"image\":{\"@id\":\"https:\/\/www.exploring-umbria.com\/de\/#logo\"}},{\"@type\":\"WebSite\",\"@id\":\"https:\/\/www.exploring-umbria.com\/de\/#website\",\"url\":\"https:\/\/www.exploring-umbria.com\/de\/\",\"name\":\"Exploring Umbria\",\"description\":\"your dates, your mood, your trip\",\"publisher\":{\"@id\":\"https:\/\/www.exploring-umbria.com\/de\/#organization\"},\"potentialAction\":[{\"@type\":\"SearchAction\",\"target\":{\"@type\":\"EntryPoint\",\"urlTemplate\":\"https:\/\/www.exploring-umbria.com\/de\/?s={search_term_string}\"},\"query-input\":\"required name=search_term_string\"}],\"inLanguage\":\"de\"},{\"@type\":\"ImageObject\",\"@id\":\"https:\/\/www.exploring-umbria.com\/de\/entdecke-orvieto\/geschichte-von-orvieto\/#primaryimage\",\"inLanguage\":\"de\",\"url\":\"https:\/\/www.exploring-umbria.com\/wp-content\/uploads\/2019\/02\/Orvieto-vicoletto-caratteristico-org.jpg\",\"contentUrl\":\"https:\/\/www.exploring-umbria.com\/wp-content\/uploads\/2019\/02\/Orvieto-vicoletto-caratteristico-org.jpg\",\"width\":800,\"height\":1200,\"caption\":\"la storia di orvieto attraverso i vicoli\"},{\"@type\":\"WebPage\",\"@id\":\"https:\/\/www.exploring-umbria.com\/de\/entdecke-orvieto\/geschichte-von-orvieto\/#webpage\",\"url\":\"https:\/\/www.exploring-umbria.com\/de\/entdecke-orvieto\/geschichte-von-orvieto\/\",\"name\":\"Geschichte von Orvieto - Exploring Umbria\",\"isPartOf\":{\"@id\":\"https:\/\/www.exploring-umbria.com\/de\/#website\"},\"primaryImageOfPage\":{\"@id\":\"https:\/\/www.exploring-umbria.com\/de\/entdecke-orvieto\/geschichte-von-orvieto\/#primaryimage\"},\"datePublished\":\"2019-03-07T18:34:58+00:00\",\"dateModified\":\"2020-01-07T19:02:24+00:00\",\"description\":\"VON DEN URSPR\u00dcNGEN BIS INS MITTELALTER Der Ursprung von Orvieto reicht sehr weit, bis in das neunte Jahrhundert v. Chr. zur\u00fcck, als im gro\u00dfen Felsen aus\",\"breadcrumb\":{\"@id\":\"https:\/\/www.exploring-umbria.com\/de\/entdecke-orvieto\/geschichte-von-orvieto\/#breadcrumb\"},\"inLanguage\":\"de\",\"potentialAction\":[{\"@type\":\"ReadAction\",\"target\":[\"https:\/\/www.exploring-umbria.com\/de\/entdecke-orvieto\/geschichte-von-orvieto\/\"]}]},{\"@type\":\"BreadcrumbList\",\"@id\":\"https:\/\/www.exploring-umbria.com\/de\/entdecke-orvieto\/geschichte-von-orvieto\/#breadcrumb\",\"itemListElement\":[{\"@type\":\"ListItem\",\"position\":1,\"name\":\"Home\",\"item\":\"https:\/\/www.exploring-umbria.com\/de\/\"},{\"@type\":\"ListItem\",\"position\":2,\"name\":\"Entdecke Orvieto: la citt\u00e0 narrante\",\"item\":\"https:\/\/www.exploring-umbria.com\/de\/entdecke-orvieto\/\"},{\"@type\":\"ListItem\",\"position\":3,\"name\":\"Geschichte von Orvieto\"}]}]}<\/script>\n<!-- \/ Yoast SEO plugin. -->","yoast_head_json":{"title":"Geschichte von Orvieto - Exploring Umbria","description":"VON DEN URSPR\u00dcNGEN BIS INS MITTELALTER Der Ursprung von Orvieto reicht sehr weit, bis in das neunte Jahrhundert v. Chr. zur\u00fcck, als im gro\u00dfen Felsen aus","robots":{"index":"index","follow":"follow","max-snippet":"max-snippet:-1","max-image-preview":"max-image-preview:large","max-video-preview":"max-video-preview:-1"},"canonical":"https:\/\/www.exploring-umbria.com\/de\/entdecke-orvieto\/geschichte-von-orvieto\/","og_locale":"de_DE","og_type":"article","og_title":"Geschichte von Orvieto - Exploring Umbria","og_description":"VON DEN URSPR\u00dcNGEN BIS INS MITTELALTER Der Ursprung von Orvieto reicht sehr weit, bis in das neunte Jahrhundert v. Chr. zur\u00fcck, als im gro\u00dfen Felsen aus","og_url":"https:\/\/www.exploring-umbria.com\/de\/entdecke-orvieto\/geschichte-von-orvieto\/","og_site_name":"Exploring Umbria","article_publisher":"https:\/\/www.facebook.com\/exploringumbria\/","article_modified_time":"2020-01-07T19:02:24+00:00","og_image":[{"width":800,"height":1200,"url":"https:\/\/www.exploring-umbria.com\/wp-content\/uploads\/2019\/02\/Orvieto-vicoletto-caratteristico-org.jpg","type":"image\/jpeg"}],"twitter_card":"summary_large_image","twitter_misc":{"Gesch\u00e4tzte Lesezeit":"5\u00a0Minuten"},"schema":{"@context":"https:\/\/schema.org","@graph":[{"@type":"Organization","@id":"https:\/\/www.exploring-umbria.com\/de\/#organization","name":"Exploring Umbria","url":"https:\/\/www.exploring-umbria.com\/de\/","sameAs":["https:\/\/www.facebook.com\/exploringumbria\/","https:\/\/www.instagram.com\/exploringumbria\/"],"logo":{"@type":"ImageObject","@id":"https:\/\/www.exploring-umbria.com\/de\/#logo","inLanguage":"de","url":"https:\/\/www.exploring-umbria.com\/wp-content\/uploads\/2019\/08\/solo-logo-verde.jpg","contentUrl":"https:\/\/www.exploring-umbria.com\/wp-content\/uploads\/2019\/08\/solo-logo-verde.jpg","width":952,"height":532,"caption":"Exploring Umbria"},"image":{"@id":"https:\/\/www.exploring-umbria.com\/de\/#logo"}},{"@type":"WebSite","@id":"https:\/\/www.exploring-umbria.com\/de\/#website","url":"https:\/\/www.exploring-umbria.com\/de\/","name":"Exploring Umbria","description":"your dates, your mood, your trip","publisher":{"@id":"https:\/\/www.exploring-umbria.com\/de\/#organization"},"potentialAction":[{"@type":"SearchAction","target":{"@type":"EntryPoint","urlTemplate":"https:\/\/www.exploring-umbria.com\/de\/?s={search_term_string}"},"query-input":"required name=search_term_string"}],"inLanguage":"de"},{"@type":"ImageObject","@id":"https:\/\/www.exploring-umbria.com\/de\/entdecke-orvieto\/geschichte-von-orvieto\/#primaryimage","inLanguage":"de","url":"https:\/\/www.exploring-umbria.com\/wp-content\/uploads\/2019\/02\/Orvieto-vicoletto-caratteristico-org.jpg","contentUrl":"https:\/\/www.exploring-umbria.com\/wp-content\/uploads\/2019\/02\/Orvieto-vicoletto-caratteristico-org.jpg","width":800,"height":1200,"caption":"la storia di orvieto attraverso i vicoli"},{"@type":"WebPage","@id":"https:\/\/www.exploring-umbria.com\/de\/entdecke-orvieto\/geschichte-von-orvieto\/#webpage","url":"https:\/\/www.exploring-umbria.com\/de\/entdecke-orvieto\/geschichte-von-orvieto\/","name":"Geschichte von Orvieto - Exploring Umbria","isPartOf":{"@id":"https:\/\/www.exploring-umbria.com\/de\/#website"},"primaryImageOfPage":{"@id":"https:\/\/www.exploring-umbria.com\/de\/entdecke-orvieto\/geschichte-von-orvieto\/#primaryimage"},"datePublished":"2019-03-07T18:34:58+00:00","dateModified":"2020-01-07T19:02:24+00:00","description":"VON DEN URSPR\u00dcNGEN BIS INS MITTELALTER Der Ursprung von Orvieto reicht sehr weit, bis in das neunte Jahrhundert v. Chr. zur\u00fcck, als im gro\u00dfen Felsen aus","breadcrumb":{"@id":"https:\/\/www.exploring-umbria.com\/de\/entdecke-orvieto\/geschichte-von-orvieto\/#breadcrumb"},"inLanguage":"de","potentialAction":[{"@type":"ReadAction","target":["https:\/\/www.exploring-umbria.com\/de\/entdecke-orvieto\/geschichte-von-orvieto\/"]}]},{"@type":"BreadcrumbList","@id":"https:\/\/www.exploring-umbria.com\/de\/entdecke-orvieto\/geschichte-von-orvieto\/#breadcrumb","itemListElement":[{"@type":"ListItem","position":1,"name":"Home","item":"https:\/\/www.exploring-umbria.com\/de\/"},{"@type":"ListItem","position":2,"name":"Entdecke Orvieto: la citt\u00e0 narrante","item":"https:\/\/www.exploring-umbria.com\/de\/entdecke-orvieto\/"},{"@type":"ListItem","position":3,"name":"Geschichte von Orvieto"}]}]}},"_links":{"self":[{"href":"https:\/\/www.exploring-umbria.com\/de\/wp-json\/wp\/v2\/pages\/2956"}],"collection":[{"href":"https:\/\/www.exploring-umbria.com\/de\/wp-json\/wp\/v2\/pages"}],"about":[{"href":"https:\/\/www.exploring-umbria.com\/de\/wp-json\/wp\/v2\/types\/page"}],"author":[{"embeddable":true,"href":"https:\/\/www.exploring-umbria.com\/de\/wp-json\/wp\/v2\/users\/4"}],"replies":[{"embeddable":true,"href":"https:\/\/www.exploring-umbria.com\/de\/wp-json\/wp\/v2\/comments?post=2956"}],"version-history":[{"count":4,"href":"https:\/\/www.exploring-umbria.com\/de\/wp-json\/wp\/v2\/pages\/2956\/revisions"}],"predecessor-version":[{"id":27378,"href":"https:\/\/www.exploring-umbria.com\/de\/wp-json\/wp\/v2\/pages\/2956\/revisions\/27378"}],"up":[{"embeddable":true,"href":"https:\/\/www.exploring-umbria.com\/de\/wp-json\/wp\/v2\/pages\/3015"}],"wp:featuredmedia":[{"embeddable":true,"href":"https:\/\/www.exploring-umbria.com\/de\/wp-json\/wp\/v2\/media\/1312"}],"wp:attachment":[{"href":"https:\/\/www.exploring-umbria.com\/de\/wp-json\/wp\/v2\/media?parent=2956"}],"curies":[{"name":"wp","href":"https:\/\/api.w.org\/{rel}","templated":true}]}}