{"id":2946,"date":"2019-03-08T11:38:30","date_gmt":"2019-03-08T10:38:30","guid":{"rendered":"https:\/\/www.exploring-umbria.com\/todi\/"},"modified":"2020-01-30T16:46:28","modified_gmt":"2020-01-30T15:46:28","slug":"entdecke-todi","status":"publish","type":"page","link":"https:\/\/www.exploring-umbria.com\/de\/entdecke-todi\/","title":{"rendered":"Entdecke Todi"},"content":{"rendered":"<p>Wer noch nicht \u00fcber diese Stadt in Umbrien, im Herzen des Tals Val Tiberina, mit 16.000 Einwohnern erz\u00e4hlen geh\u00f6rt hat, der wird sich bestimmt \u00fcber die Verschiedenartigkeit der historisch-kulturellen sowie landschaftlichen Attraktionen wundern, die die Stadt zu bieten hat.<\/p>\n<p>Auf der Staatsstra\u00dfe Flaminia (SS 3bis), ungef\u00e4hr in der Mitte zwischen Perugia und Terni, erhebt sich die Stadt Todi auf einem H\u00fcgel auf ca. 400 Metern Seeh\u00f6he. Am Fu\u00df des H\u00fcgels nimmt der Tiber das Wasser des Stromes Naia auf und verleiht der Region eine Fertilit\u00e4t, die bereits seit der Antike besonderes Interesse auf sich zieht.<\/p>\n<p>Aufgrund der strategischen Lage und der schwierigen Geschichte wurde die Stadt mit einer Verteidigungsmauer umrandet. Drei gut erhaltene Stadtmauern gelten noch heute als \u201earchitektonische Krone\u201c sowie als Erkennungsmerkmal der Stadt. Wer durch die imposanten mittelalterlichen Tore geht, glaubt direkt in die Vergangenheit einzutauchen. Man befindet sich sofort zwischen den G\u00e4sschen eines verschlungenen Stadtzentrums voller alter Denkm\u00e4ler, die sich \u00fcber die Zeit herauskristallisiert haben und den Eindruck erwecken, alle Zeiten \u00fcberstehen zu k\u00f6nnen.<\/p>\n<p>Neben dem Zauber einer Stadt, die wie ein Freilichtmuseum erscheint, bietet Todi jedoch auch die Frische atemberaubender Naturlandschaften mit den unwegsamen K\u00e4mmen des Parco Fluviale del Tevere. Au\u00dferdem sollten die Besucher unbedingt an die f\u00fcr Umbrien typischen Weinprodukte, an die Meisterhaftigkeit der mit Holz arbeitenden Handwerker und an die D\u00fcfte der traditionellen l\u00e4ndlichen K\u00fcche erinnert werden.<\/p>\n<p>Geburtsstadt von <a href=\"https:\/\/de.wikipedia.org\/wiki\/Iacopone_da_Todi\" target=\"_blank\" rel=\"noopener noreferrer\">Jacopone da Todi<\/a>, einer der ber\u00fchmtesten Dichter des Mittelalters, dessen sterbliche \u00dcberreste sich bis heute in der Stadt befinden, aber auch unsch\u00e4tzbares Schmuckst\u00fcck f\u00fcr weltliche und geistliche Architektur mit Kirchen, die von ber\u00fchmten Pers\u00f6nlichkeiten wie <a href=\"https:\/\/de.wikipedia.org\/wiki\/Donato_Bramante\" target=\"_blank\" rel=\"noopener noreferrer\">Bramante<\/a> geplant wurden: <a href=\"https:\/\/www.exploring-umbria.com\/de\/aktivitaten\/gefuehrte-tour-durch-todi\/\" target=\"_blank\" rel=\"noopener noreferrer\">Todi<\/a> ist ein Durcheinander aus Altem und Neuem, das sich im Lauf der Zeit gekonnt vermischt hat. So wird die Stadt zu einem einzigartigen Erlebnis f\u00fcr alle, die sich im Zentrum Umbriens befinden.<\/p>\n","protected":false},"excerpt":{"rendered":"<p>Wer noch nicht \u00fcber diese Stadt in Umbrien, im Herzen des Tals Val Tiberina, mit 16.000 Einwohnern erz\u00e4hlen geh\u00f6rt hat, der wird sich bestimmt \u00fcber die Verschiedenartigkeit der historisch-kulturellen sowie landschaftlichen Attraktionen wundern, die die Stadt zu bieten hat. Auf der Staatsstra\u00dfe Flaminia (SS 3bis), ungef\u00e4hr in der Mitte zwischen Perugia und Terni, erhebt sich [&hellip;]<\/p>\n","protected":false},"author":4,"featured_media":1332,"parent":0,"menu_order":0,"comment_status":"closed","ping_status":"closed","template":"","meta":{"om_disable_all_campaigns":false,"_monsterinsights_skip_tracking":false,"_monsterinsights_sitenote_active":false,"_monsterinsights_sitenote_note":"","_monsterinsights_sitenote_category":0},"acf":[],"yoast_head":"<!-- This site is optimized with the Yoast SEO plugin v18.4.1 - https:\/\/yoast.com\/wordpress\/plugins\/seo\/ -->\n<title>Entdecke Todi - Exploring Umbria<\/title>\n<meta name=\"description\" content=\"Wer noch nicht \u00fcber diese Stadt in Umbrien, im Herzen des Tals Val Tiberina, mit 16.000 Einwohnern erz\u00e4hlen geh\u00f6rt hat, der wird sich bestimmt \u00fcber die\" \/>\n<meta name=\"robots\" content=\"index, follow, max-snippet:-1, max-image-preview:large, max-video-preview:-1\" \/>\n<link rel=\"canonical\" href=\"https:\/\/www.exploring-umbria.com\/de\/entdecke-todi\/\" \/>\n<meta property=\"og:locale\" content=\"de_DE\" \/>\n<meta property=\"og:type\" content=\"article\" \/>\n<meta property=\"og:title\" content=\"Entdecke Todi - Exploring Umbria\" \/>\n<meta property=\"og:description\" content=\"Wer noch nicht \u00fcber diese Stadt in Umbrien, im Herzen des Tals Val Tiberina, mit 16.000 Einwohnern erz\u00e4hlen geh\u00f6rt hat, der wird sich bestimmt \u00fcber die\" \/>\n<meta property=\"og:url\" content=\"https:\/\/www.exploring-umbria.com\/de\/entdecke-todi\/\" \/>\n<meta property=\"og:site_name\" content=\"Exploring Umbria\" \/>\n<meta property=\"article:publisher\" content=\"https:\/\/www.facebook.com\/exploringumbria\/\" \/>\n<meta property=\"article:modified_time\" content=\"2020-01-30T15:46:28+00:00\" \/>\n<meta property=\"og:image\" content=\"https:\/\/www.exploring-umbria.com\/wp-content\/uploads\/2019\/02\/PIAZZA-TODI-org.jpeg\" \/>\n\t<meta property=\"og:image:width\" content=\"1944\" \/>\n\t<meta property=\"og:image:height\" content=\"2592\" \/>\n\t<meta property=\"og:image:type\" content=\"image\/jpeg\" \/>\n<meta name=\"twitter:card\" content=\"summary_large_image\" \/>\n<meta name=\"twitter:label1\" content=\"Gesch\u00e4tzte Lesezeit\" \/>\n\t<meta name=\"twitter:data1\" content=\"2\u00a0Minuten\" \/>\n<script type=\"application\/ld+json\" class=\"yoast-schema-graph\">{\"@context\":\"https:\/\/schema.org\",\"@graph\":[{\"@type\":\"Organization\",\"@id\":\"https:\/\/www.exploring-umbria.com\/de\/#organization\",\"name\":\"Exploring Umbria\",\"url\":\"https:\/\/www.exploring-umbria.com\/de\/\",\"sameAs\":[\"https:\/\/www.facebook.com\/exploringumbria\/\",\"https:\/\/www.instagram.com\/exploringumbria\/\"],\"logo\":{\"@type\":\"ImageObject\",\"@id\":\"https:\/\/www.exploring-umbria.com\/de\/#logo\",\"inLanguage\":\"de\",\"url\":\"https:\/\/www.exploring-umbria.com\/wp-content\/uploads\/2019\/08\/solo-logo-verde.jpg\",\"contentUrl\":\"https:\/\/www.exploring-umbria.com\/wp-content\/uploads\/2019\/08\/solo-logo-verde.jpg\",\"width\":952,\"height\":532,\"caption\":\"Exploring Umbria\"},\"image\":{\"@id\":\"https:\/\/www.exploring-umbria.com\/de\/#logo\"}},{\"@type\":\"WebSite\",\"@id\":\"https:\/\/www.exploring-umbria.com\/de\/#website\",\"url\":\"https:\/\/www.exploring-umbria.com\/de\/\",\"name\":\"Exploring Umbria\",\"description\":\"your dates, your mood, your trip\",\"publisher\":{\"@id\":\"https:\/\/www.exploring-umbria.com\/de\/#organization\"},\"potentialAction\":[{\"@type\":\"SearchAction\",\"target\":{\"@type\":\"EntryPoint\",\"urlTemplate\":\"https:\/\/www.exploring-umbria.com\/de\/?s={search_term_string}\"},\"query-input\":\"required name=search_term_string\"}],\"inLanguage\":\"de\"},{\"@type\":\"ImageObject\",\"@id\":\"https:\/\/www.exploring-umbria.com\/de\/entdecke-todi\/#primaryimage\",\"inLanguage\":\"de\",\"url\":\"https:\/\/www.exploring-umbria.com\/wp-content\/uploads\/2019\/02\/PIAZZA-TODI-org.jpeg\",\"contentUrl\":\"https:\/\/www.exploring-umbria.com\/wp-content\/uploads\/2019\/02\/PIAZZA-TODI-org.jpeg\",\"width\":1944,\"height\":2592,\"caption\":\"Scopri la piazza di Todi\"},{\"@type\":\"WebPage\",\"@id\":\"https:\/\/www.exploring-umbria.com\/de\/entdecke-todi\/#webpage\",\"url\":\"https:\/\/www.exploring-umbria.com\/de\/entdecke-todi\/\",\"name\":\"Entdecke Todi - Exploring Umbria\",\"isPartOf\":{\"@id\":\"https:\/\/www.exploring-umbria.com\/de\/#website\"},\"primaryImageOfPage\":{\"@id\":\"https:\/\/www.exploring-umbria.com\/de\/entdecke-todi\/#primaryimage\"},\"datePublished\":\"2019-03-08T10:38:30+00:00\",\"dateModified\":\"2020-01-30T15:46:28+00:00\",\"description\":\"Wer noch nicht \u00fcber diese Stadt in Umbrien, im Herzen des Tals Val Tiberina, mit 16.000 Einwohnern erz\u00e4hlen geh\u00f6rt hat, der wird sich bestimmt \u00fcber die\",\"breadcrumb\":{\"@id\":\"https:\/\/www.exploring-umbria.com\/de\/entdecke-todi\/#breadcrumb\"},\"inLanguage\":\"de\",\"potentialAction\":[{\"@type\":\"ReadAction\",\"target\":[\"https:\/\/www.exploring-umbria.com\/de\/entdecke-todi\/\"]}]},{\"@type\":\"BreadcrumbList\",\"@id\":\"https:\/\/www.exploring-umbria.com\/de\/entdecke-todi\/#breadcrumb\",\"itemListElement\":[{\"@type\":\"ListItem\",\"position\":1,\"name\":\"Home\",\"item\":\"https:\/\/www.exploring-umbria.com\/de\/\"},{\"@type\":\"ListItem\",\"position\":2,\"name\":\"Entdecke Todi\"}]}]}<\/script>\n<!-- \/ Yoast SEO plugin. -->","yoast_head_json":{"title":"Entdecke Todi - Exploring Umbria","description":"Wer noch nicht \u00fcber diese Stadt in Umbrien, im Herzen des Tals Val Tiberina, mit 16.000 Einwohnern erz\u00e4hlen geh\u00f6rt hat, der wird sich bestimmt \u00fcber die","robots":{"index":"index","follow":"follow","max-snippet":"max-snippet:-1","max-image-preview":"max-image-preview:large","max-video-preview":"max-video-preview:-1"},"canonical":"https:\/\/www.exploring-umbria.com\/de\/entdecke-todi\/","og_locale":"de_DE","og_type":"article","og_title":"Entdecke Todi - Exploring Umbria","og_description":"Wer noch nicht \u00fcber diese Stadt in Umbrien, im Herzen des Tals Val Tiberina, mit 16.000 Einwohnern erz\u00e4hlen geh\u00f6rt hat, der wird sich bestimmt \u00fcber die","og_url":"https:\/\/www.exploring-umbria.com\/de\/entdecke-todi\/","og_site_name":"Exploring Umbria","article_publisher":"https:\/\/www.facebook.com\/exploringumbria\/","article_modified_time":"2020-01-30T15:46:28+00:00","og_image":[{"width":1944,"height":2592,"url":"https:\/\/www.exploring-umbria.com\/wp-content\/uploads\/2019\/02\/PIAZZA-TODI-org.jpeg","type":"image\/jpeg"}],"twitter_card":"summary_large_image","twitter_misc":{"Gesch\u00e4tzte Lesezeit":"2\u00a0Minuten"},"schema":{"@context":"https:\/\/schema.org","@graph":[{"@type":"Organization","@id":"https:\/\/www.exploring-umbria.com\/de\/#organization","name":"Exploring Umbria","url":"https:\/\/www.exploring-umbria.com\/de\/","sameAs":["https:\/\/www.facebook.com\/exploringumbria\/","https:\/\/www.instagram.com\/exploringumbria\/"],"logo":{"@type":"ImageObject","@id":"https:\/\/www.exploring-umbria.com\/de\/#logo","inLanguage":"de","url":"https:\/\/www.exploring-umbria.com\/wp-content\/uploads\/2019\/08\/solo-logo-verde.jpg","contentUrl":"https:\/\/www.exploring-umbria.com\/wp-content\/uploads\/2019\/08\/solo-logo-verde.jpg","width":952,"height":532,"caption":"Exploring Umbria"},"image":{"@id":"https:\/\/www.exploring-umbria.com\/de\/#logo"}},{"@type":"WebSite","@id":"https:\/\/www.exploring-umbria.com\/de\/#website","url":"https:\/\/www.exploring-umbria.com\/de\/","name":"Exploring Umbria","description":"your dates, your mood, your trip","publisher":{"@id":"https:\/\/www.exploring-umbria.com\/de\/#organization"},"potentialAction":[{"@type":"SearchAction","target":{"@type":"EntryPoint","urlTemplate":"https:\/\/www.exploring-umbria.com\/de\/?s={search_term_string}"},"query-input":"required name=search_term_string"}],"inLanguage":"de"},{"@type":"ImageObject","@id":"https:\/\/www.exploring-umbria.com\/de\/entdecke-todi\/#primaryimage","inLanguage":"de","url":"https:\/\/www.exploring-umbria.com\/wp-content\/uploads\/2019\/02\/PIAZZA-TODI-org.jpeg","contentUrl":"https:\/\/www.exploring-umbria.com\/wp-content\/uploads\/2019\/02\/PIAZZA-TODI-org.jpeg","width":1944,"height":2592,"caption":"Scopri la piazza di Todi"},{"@type":"WebPage","@id":"https:\/\/www.exploring-umbria.com\/de\/entdecke-todi\/#webpage","url":"https:\/\/www.exploring-umbria.com\/de\/entdecke-todi\/","name":"Entdecke Todi - Exploring Umbria","isPartOf":{"@id":"https:\/\/www.exploring-umbria.com\/de\/#website"},"primaryImageOfPage":{"@id":"https:\/\/www.exploring-umbria.com\/de\/entdecke-todi\/#primaryimage"},"datePublished":"2019-03-08T10:38:30+00:00","dateModified":"2020-01-30T15:46:28+00:00","description":"Wer noch nicht \u00fcber diese Stadt in Umbrien, im Herzen des Tals Val Tiberina, mit 16.000 Einwohnern erz\u00e4hlen geh\u00f6rt hat, der wird sich bestimmt \u00fcber die","breadcrumb":{"@id":"https:\/\/www.exploring-umbria.com\/de\/entdecke-todi\/#breadcrumb"},"inLanguage":"de","potentialAction":[{"@type":"ReadAction","target":["https:\/\/www.exploring-umbria.com\/de\/entdecke-todi\/"]}]},{"@type":"BreadcrumbList","@id":"https:\/\/www.exploring-umbria.com\/de\/entdecke-todi\/#breadcrumb","itemListElement":[{"@type":"ListItem","position":1,"name":"Home","item":"https:\/\/www.exploring-umbria.com\/de\/"},{"@type":"ListItem","position":2,"name":"Entdecke Todi"}]}]}},"_links":{"self":[{"href":"https:\/\/www.exploring-umbria.com\/de\/wp-json\/wp\/v2\/pages\/2946"}],"collection":[{"href":"https:\/\/www.exploring-umbria.com\/de\/wp-json\/wp\/v2\/pages"}],"about":[{"href":"https:\/\/www.exploring-umbria.com\/de\/wp-json\/wp\/v2\/types\/page"}],"author":[{"embeddable":true,"href":"https:\/\/www.exploring-umbria.com\/de\/wp-json\/wp\/v2\/users\/4"}],"replies":[{"embeddable":true,"href":"https:\/\/www.exploring-umbria.com\/de\/wp-json\/wp\/v2\/comments?post=2946"}],"version-history":[{"count":12,"href":"https:\/\/www.exploring-umbria.com\/de\/wp-json\/wp\/v2\/pages\/2946\/revisions"}],"predecessor-version":[{"id":30336,"href":"https:\/\/www.exploring-umbria.com\/de\/wp-json\/wp\/v2\/pages\/2946\/revisions\/30336"}],"wp:featuredmedia":[{"embeddable":true,"href":"https:\/\/www.exploring-umbria.com\/de\/wp-json\/wp\/v2\/media\/1332"}],"wp:attachment":[{"href":"https:\/\/www.exploring-umbria.com\/de\/wp-json\/wp\/v2\/media?parent=2946"}],"curies":[{"name":"wp","href":"https:\/\/api.w.org\/{rel}","templated":true}]}}