{"id":2943,"date":"2019-03-08T11:48:22","date_gmt":"2019-03-08T10:48:22","guid":{"rendered":"https:\/\/www.exploring-umbria.com\/cosa-vedere-a-todi\/"},"modified":"2020-01-30T12:26:35","modified_gmt":"2020-01-30T11:26:35","slug":"sehenswuerdigkeiten-in-todi","status":"publish","type":"page","link":"https:\/\/www.exploring-umbria.com\/de\/entdecke-todi\/sehenswuerdigkeiten-in-todi\/","title":{"rendered":"Sehensw\u00fcrdigkeiten in Todi"},"content":{"rendered":"<p>Aufgrund des urban-architektonischen und landschaftlichen Reichtums dieses zauberhaften Ortes, sollten Sie f\u00fcr einen Besuch in Todi mit reichlich Geduld, Zeit und nat\u00fcrlich auch Fitness gewappnet sein, um die Stadt zu erkunden!<\/p>\n<p>Noch bevor Sie den urbanen Raum erreichen, wenige hundert Meter von den Stadtmauern entfernt, befinden Sie sich vor einigen der wichtigsten Geb\u00e4uden der Stadt: <strong>Tempio del Crocefisso (Kreuztempel)<\/strong> s\u00fcd\u00f6stlich vom Stadttor Porta Romana, der vom Bischof Cesti in der Renaissance zu einem Denkmal ernannt wurde, <strong><a href=\"https:\/\/www.exploring-umbria.com\/de\/subcategories\/cosa-fare-e-cosa-vedere-a-todi\/#heading2931\" target=\"_blank\" rel=\"noopener noreferrer\">Chiesa di S. Maria della Consolazione<\/a> (Kirche zur Hl. Maria der Tr\u00f6sterin)<\/strong> im S\u00fcdosten der Stadt, ein architektonisches Schmuckst\u00fcck von Bramante, und schlie\u00dflich das <a href=\"https:\/\/www.exploring-umbria.com\/de\/subcategories\/cosa-fare-e-cosa-vedere-a-todi\/#heading2910\" target=\"_blank\" rel=\"noopener noreferrer\"><strong>Kloster Convento di Montesanto<\/strong><\/a>, das \u00fcber eine Allee im Osten des Stadttors Porta Orvietana erreicht werden kann und im 16. Jahrhundert als Festung zum Schutz der Bewohner Todis gegen die Angriffe der nahegelegenen Stadt Orvieto errichtet wurde. Noch etwas weiter von den Stadtmauern sowie mehrere zehn Kilometer von der Stadt entfernt, erstreckt sich \u00fcber eine Fl\u00e4che von \u00fcber 7.000 Hektar der Park <a href=\"https:\/\/www.exploring-umbria.com\/de\/subcategories\/cosa-fare-e-cosa-vedere-a-todi\/#heading2924\" target=\"_blank\" rel=\"noopener noreferrer\"><strong>Parco fluviale del Tevere<\/strong><\/a>, wo die K\u00e4mme <strong><a href=\"https:\/\/it.wikipedia.org\/wiki\/Gola_del_Forello\" target=\"_blank\" rel=\"noopener noreferrer\">Gole del Forello<\/a> <\/strong>und <strong>di Prodo <\/strong>f\u00fcr eine au\u00dfergew\u00f6hnlich sch\u00f6ne Landschaft sorgen.<\/p>\n<p>Wer die erste der drei Stadtmauern, die sich \u00fcber den Lauf der Zeit wunderbar gehalten hat, \u00fcberquert, hat den Eindruck, einige Jahrhunderte zur\u00fcckversetzt zu werden, wenn er\/sie durch die verschlungenen und steilen G\u00e4sschen eines historischen Stadtzentrums spaziert, das sich auf der Grundlage der mittelalterlichen Formen des 13. Jahrhunderts weiterentwickelt hat: mit der <a href=\"https:\/\/www.exploring-umbria.com\/de\/subcategories\/cosa-fare-e-cosa-vedere-a-todi\/#heading2881\" target=\"_blank\" rel=\"noopener noreferrer\"><strong>Piazza del Popolo<\/strong><\/a>, Herzst\u00fcck der Stadt und architektonisches Schmuckst\u00fcck aus der Renaissance in Umbrien, mit den ber\u00fchmten weltlichen Pal\u00e4sten <strong><a href=\"https:\/\/www.exploring-umbria.com\/de\/subcategories\/cosa-fare-e-cosa-vedere-a-todi\/#heading2876\" target=\"_blank\" rel=\"noopener noreferrer\">del Popolo<\/a>, <a href=\"https:\/\/www.exploring-umbria.com\/de\/subcategories\/cosa-fare-e-cosa-vedere-a-todi\/#heading2920\" target=\"_blank\" rel=\"noopener noreferrer\">del Capitano<\/a> und <a href=\"https:\/\/www.exploring-umbria.com\/de\/subcategories\/cosa-fare-e-cosa-vedere-a-todi\/#heading2874\" target=\"_blank\" rel=\"noopener noreferrer\">dei Priori<\/a><\/strong>, die den wundersch\u00f6nen <strong><a href=\"https:\/\/www.exploring-umbria.com\/de\/subcategories\/cosa-fare-e-cosa-vedere-a-todi\/#heading2932\" target=\"_blank\" rel=\"noopener noreferrer\">Dom<\/a> <\/strong>sowie die zahlreichen Kirchen aus unterschiedlichen Epochen umrahmen, die den urbanen Raum kennzeichnen &#8211; von den \u00e4ltesten Kirchen <strong><a href=\"https:\/\/www.exploring-umbria.com\/de\/subcategories\/cosa-fare-e-cosa-vedere-a-todi\/#heading2919\" target=\"_blank\" rel=\"noopener noreferrer\">San Nicol\u00f2 de Criptis<\/a>, <a href=\"https:\/\/www.exploring-umbria.com\/de\/subcategories\/cosa-fare-e-cosa-vedere-a-todi\/#heading2896\" target=\"_blank\" rel=\"noopener noreferrer\">San Filippo<\/a>, <a href=\"https:\/\/www.exploring-umbria.com\/de\/subcategories\/cosa-fare-e-cosa-vedere-a-todi\/#heading2862\" target=\"_blank\" rel=\"noopener noreferrer\">Santo Stefano <\/a><\/strong>und <a href=\"https:\/\/www.exploring-umbria.com\/de\/subcategories\/cosa-fare-e-cosa-vedere-a-todi\/#heading2883\" target=\"_blank\" rel=\"noopener noreferrer\"><strong>San Giorgio <\/strong><\/a>bis hin zu den modernsten <strong><a href=\"https:\/\/www.exploring-umbria.com\/de\/subcategories\/cosa-fare-e-cosa-vedere-a-todi\/#heading2922\" target=\"_blank\" rel=\"noopener noreferrer\">Santa Prassede<\/a>, <a href=\"https:\/\/www.exploring-umbria.com\/de\/subcategories\/cosa-fare-e-cosa-vedere-a-todi\/#heading2893\" target=\"_blank\" rel=\"noopener noreferrer\">Santa Maria in Camuccia <\/a><\/strong>und<strong> Santi Filippo e Giacomo <\/strong>, wo Kunstwerke der ber\u00fchmtesten K\u00fcnstler der italienischen Geschichte zu finden sind.<\/p>\n<p>Wenn Ihnen alte Denkm\u00e4ler gefallen, dann entspricht das <strong>Museo Comunale (Gemeindemuseum) <\/strong>mit dem Bereich der <strong>Pinakothek<\/strong> und dem <strong>Museo Lapidario (Gesteinsmuseum)<\/strong> der Stadt mit Sicherheit Ihren Erwartungen, genauso wie die <strong>Nicchioni romani <\/strong>auf der Piazza Garibaldi oder die Brunnen <strong>Fontane di Scannabecco <\/strong>und <strong>Cesia<\/strong>.<\/p>\n<p>Wenn Sie gerne mit der Zeit gehen, dann werden Sie sich bei den modernen Auff\u00fchrungen im <strong>Teatro Comunale (Gemeindetheater) <\/strong>oder beim Besuch der <strong>Ausstellungen moderner Kunst <\/strong>auf den Stra\u00dfen der Stadt bestimmt nicht langweilen.<\/p>\n","protected":false},"excerpt":{"rendered":"<p>Aufgrund des urban-architektonischen und landschaftlichen Reichtums dieses zauberhaften Ortes, sollten Sie f\u00fcr einen Besuch in Todi mit reichlich Geduld, Zeit und nat\u00fcrlich auch Fitness gewappnet sein, um die Stadt zu erkunden! Noch bevor Sie den urbanen Raum erreichen, wenige hundert Meter von den Stadtmauern entfernt, befinden Sie sich vor einigen der wichtigsten Geb\u00e4uden der Stadt: [&hellip;]<\/p>\n","protected":false},"author":4,"featured_media":4757,"parent":2946,"menu_order":0,"comment_status":"closed","ping_status":"closed","template":"","meta":{"om_disable_all_campaigns":false,"_monsterinsights_skip_tracking":false,"_monsterinsights_sitenote_active":false,"_monsterinsights_sitenote_note":"","_monsterinsights_sitenote_category":0},"acf":[],"yoast_head":"<!-- This site is optimized with the Yoast SEO plugin v18.4.1 - https:\/\/yoast.com\/wordpress\/plugins\/seo\/ -->\n<title>Sehensw\u00fcrdigkeiten in Todi - Exploring Umbria<\/title>\n<meta name=\"description\" content=\"Aufgrund des urban-architektonischen und landschaftlichen Reichtums dieses zauberhaften Ortes, sollten Sie f\u00fcr einen Besuch in Todi mit reichlich Geduld,\" \/>\n<meta name=\"robots\" content=\"index, follow, max-snippet:-1, max-image-preview:large, max-video-preview:-1\" \/>\n<link rel=\"canonical\" href=\"https:\/\/www.exploring-umbria.com\/de\/entdecke-todi\/sehenswuerdigkeiten-in-todi\/\" \/>\n<meta property=\"og:locale\" content=\"de_DE\" \/>\n<meta property=\"og:type\" content=\"article\" \/>\n<meta property=\"og:title\" content=\"Sehensw\u00fcrdigkeiten in Todi - Exploring Umbria\" \/>\n<meta property=\"og:description\" content=\"Aufgrund des urban-architektonischen und landschaftlichen Reichtums dieses zauberhaften Ortes, sollten Sie f\u00fcr einen Besuch in Todi mit reichlich Geduld,\" \/>\n<meta property=\"og:url\" content=\"https:\/\/www.exploring-umbria.com\/de\/entdecke-todi\/sehenswuerdigkeiten-in-todi\/\" \/>\n<meta property=\"og:site_name\" content=\"Exploring Umbria\" \/>\n<meta property=\"article:publisher\" content=\"https:\/\/www.facebook.com\/exploringumbria\/\" \/>\n<meta property=\"article:modified_time\" content=\"2020-01-30T11:26:35+00:00\" \/>\n<meta property=\"og:image\" content=\"https:\/\/www.exploring-umbria.com\/wp-content\/uploads\/2019\/04\/TODI-VISTA.jpg\" \/>\n\t<meta property=\"og:image:width\" content=\"960\" \/>\n\t<meta property=\"og:image:height\" content=\"720\" \/>\n\t<meta property=\"og:image:type\" content=\"image\/jpeg\" \/>\n<meta name=\"twitter:card\" content=\"summary_large_image\" \/>\n<meta name=\"twitter:label1\" content=\"Gesch\u00e4tzte Lesezeit\" \/>\n\t<meta name=\"twitter:data1\" content=\"2\u00a0Minuten\" \/>\n<script type=\"application\/ld+json\" class=\"yoast-schema-graph\">{\"@context\":\"https:\/\/schema.org\",\"@graph\":[{\"@type\":\"Organization\",\"@id\":\"https:\/\/www.exploring-umbria.com\/de\/#organization\",\"name\":\"Exploring Umbria\",\"url\":\"https:\/\/www.exploring-umbria.com\/de\/\",\"sameAs\":[\"https:\/\/www.facebook.com\/exploringumbria\/\",\"https:\/\/www.instagram.com\/exploringumbria\/\"],\"logo\":{\"@type\":\"ImageObject\",\"@id\":\"https:\/\/www.exploring-umbria.com\/de\/#logo\",\"inLanguage\":\"de\",\"url\":\"https:\/\/www.exploring-umbria.com\/wp-content\/uploads\/2019\/08\/solo-logo-verde.jpg\",\"contentUrl\":\"https:\/\/www.exploring-umbria.com\/wp-content\/uploads\/2019\/08\/solo-logo-verde.jpg\",\"width\":952,\"height\":532,\"caption\":\"Exploring Umbria\"},\"image\":{\"@id\":\"https:\/\/www.exploring-umbria.com\/de\/#logo\"}},{\"@type\":\"WebSite\",\"@id\":\"https:\/\/www.exploring-umbria.com\/de\/#website\",\"url\":\"https:\/\/www.exploring-umbria.com\/de\/\",\"name\":\"Exploring Umbria\",\"description\":\"your dates, your mood, your trip\",\"publisher\":{\"@id\":\"https:\/\/www.exploring-umbria.com\/de\/#organization\"},\"potentialAction\":[{\"@type\":\"SearchAction\",\"target\":{\"@type\":\"EntryPoint\",\"urlTemplate\":\"https:\/\/www.exploring-umbria.com\/de\/?s={search_term_string}\"},\"query-input\":\"required name=search_term_string\"}],\"inLanguage\":\"de\"},{\"@type\":\"ImageObject\",\"@id\":\"https:\/\/www.exploring-umbria.com\/de\/entdecke-todi\/sehenswuerdigkeiten-in-todi\/#primaryimage\",\"inLanguage\":\"de\",\"url\":\"https:\/\/www.exploring-umbria.com\/wp-content\/uploads\/2019\/04\/TODI-VISTA.jpg\",\"contentUrl\":\"https:\/\/www.exploring-umbria.com\/wp-content\/uploads\/2019\/04\/TODI-VISTA.jpg\",\"width\":960,\"height\":720,\"caption\":\"panorama di cosa vedere a Todi\"},{\"@type\":\"WebPage\",\"@id\":\"https:\/\/www.exploring-umbria.com\/de\/entdecke-todi\/sehenswuerdigkeiten-in-todi\/#webpage\",\"url\":\"https:\/\/www.exploring-umbria.com\/de\/entdecke-todi\/sehenswuerdigkeiten-in-todi\/\",\"name\":\"Sehensw\u00fcrdigkeiten in Todi - Exploring Umbria\",\"isPartOf\":{\"@id\":\"https:\/\/www.exploring-umbria.com\/de\/#website\"},\"primaryImageOfPage\":{\"@id\":\"https:\/\/www.exploring-umbria.com\/de\/entdecke-todi\/sehenswuerdigkeiten-in-todi\/#primaryimage\"},\"datePublished\":\"2019-03-08T10:48:22+00:00\",\"dateModified\":\"2020-01-30T11:26:35+00:00\",\"description\":\"Aufgrund des urban-architektonischen und landschaftlichen Reichtums dieses zauberhaften Ortes, sollten Sie f\u00fcr einen Besuch in Todi mit reichlich Geduld,\",\"breadcrumb\":{\"@id\":\"https:\/\/www.exploring-umbria.com\/de\/entdecke-todi\/sehenswuerdigkeiten-in-todi\/#breadcrumb\"},\"inLanguage\":\"de\",\"potentialAction\":[{\"@type\":\"ReadAction\",\"target\":[\"https:\/\/www.exploring-umbria.com\/de\/entdecke-todi\/sehenswuerdigkeiten-in-todi\/\"]}]},{\"@type\":\"BreadcrumbList\",\"@id\":\"https:\/\/www.exploring-umbria.com\/de\/entdecke-todi\/sehenswuerdigkeiten-in-todi\/#breadcrumb\",\"itemListElement\":[{\"@type\":\"ListItem\",\"position\":1,\"name\":\"Home\",\"item\":\"https:\/\/www.exploring-umbria.com\/de\/\"},{\"@type\":\"ListItem\",\"position\":2,\"name\":\"Entdecke Todi\",\"item\":\"https:\/\/www.exploring-umbria.com\/de\/entdecke-todi\/\"},{\"@type\":\"ListItem\",\"position\":3,\"name\":\"Sehensw\u00fcrdigkeiten in Todi\"}]}]}<\/script>\n<!-- \/ Yoast SEO plugin. -->","yoast_head_json":{"title":"Sehensw\u00fcrdigkeiten in Todi - Exploring Umbria","description":"Aufgrund des urban-architektonischen und landschaftlichen Reichtums dieses zauberhaften Ortes, sollten Sie f\u00fcr einen Besuch in Todi mit reichlich Geduld,","robots":{"index":"index","follow":"follow","max-snippet":"max-snippet:-1","max-image-preview":"max-image-preview:large","max-video-preview":"max-video-preview:-1"},"canonical":"https:\/\/www.exploring-umbria.com\/de\/entdecke-todi\/sehenswuerdigkeiten-in-todi\/","og_locale":"de_DE","og_type":"article","og_title":"Sehensw\u00fcrdigkeiten in Todi - Exploring Umbria","og_description":"Aufgrund des urban-architektonischen und landschaftlichen Reichtums dieses zauberhaften Ortes, sollten Sie f\u00fcr einen Besuch in Todi mit reichlich Geduld,","og_url":"https:\/\/www.exploring-umbria.com\/de\/entdecke-todi\/sehenswuerdigkeiten-in-todi\/","og_site_name":"Exploring Umbria","article_publisher":"https:\/\/www.facebook.com\/exploringumbria\/","article_modified_time":"2020-01-30T11:26:35+00:00","og_image":[{"width":960,"height":720,"url":"https:\/\/www.exploring-umbria.com\/wp-content\/uploads\/2019\/04\/TODI-VISTA.jpg","type":"image\/jpeg"}],"twitter_card":"summary_large_image","twitter_misc":{"Gesch\u00e4tzte Lesezeit":"2\u00a0Minuten"},"schema":{"@context":"https:\/\/schema.org","@graph":[{"@type":"Organization","@id":"https:\/\/www.exploring-umbria.com\/de\/#organization","name":"Exploring Umbria","url":"https:\/\/www.exploring-umbria.com\/de\/","sameAs":["https:\/\/www.facebook.com\/exploringumbria\/","https:\/\/www.instagram.com\/exploringumbria\/"],"logo":{"@type":"ImageObject","@id":"https:\/\/www.exploring-umbria.com\/de\/#logo","inLanguage":"de","url":"https:\/\/www.exploring-umbria.com\/wp-content\/uploads\/2019\/08\/solo-logo-verde.jpg","contentUrl":"https:\/\/www.exploring-umbria.com\/wp-content\/uploads\/2019\/08\/solo-logo-verde.jpg","width":952,"height":532,"caption":"Exploring Umbria"},"image":{"@id":"https:\/\/www.exploring-umbria.com\/de\/#logo"}},{"@type":"WebSite","@id":"https:\/\/www.exploring-umbria.com\/de\/#website","url":"https:\/\/www.exploring-umbria.com\/de\/","name":"Exploring Umbria","description":"your dates, your mood, your trip","publisher":{"@id":"https:\/\/www.exploring-umbria.com\/de\/#organization"},"potentialAction":[{"@type":"SearchAction","target":{"@type":"EntryPoint","urlTemplate":"https:\/\/www.exploring-umbria.com\/de\/?s={search_term_string}"},"query-input":"required name=search_term_string"}],"inLanguage":"de"},{"@type":"ImageObject","@id":"https:\/\/www.exploring-umbria.com\/de\/entdecke-todi\/sehenswuerdigkeiten-in-todi\/#primaryimage","inLanguage":"de","url":"https:\/\/www.exploring-umbria.com\/wp-content\/uploads\/2019\/04\/TODI-VISTA.jpg","contentUrl":"https:\/\/www.exploring-umbria.com\/wp-content\/uploads\/2019\/04\/TODI-VISTA.jpg","width":960,"height":720,"caption":"panorama di cosa vedere a Todi"},{"@type":"WebPage","@id":"https:\/\/www.exploring-umbria.com\/de\/entdecke-todi\/sehenswuerdigkeiten-in-todi\/#webpage","url":"https:\/\/www.exploring-umbria.com\/de\/entdecke-todi\/sehenswuerdigkeiten-in-todi\/","name":"Sehensw\u00fcrdigkeiten in Todi - Exploring Umbria","isPartOf":{"@id":"https:\/\/www.exploring-umbria.com\/de\/#website"},"primaryImageOfPage":{"@id":"https:\/\/www.exploring-umbria.com\/de\/entdecke-todi\/sehenswuerdigkeiten-in-todi\/#primaryimage"},"datePublished":"2019-03-08T10:48:22+00:00","dateModified":"2020-01-30T11:26:35+00:00","description":"Aufgrund des urban-architektonischen und landschaftlichen Reichtums dieses zauberhaften Ortes, sollten Sie f\u00fcr einen Besuch in Todi mit reichlich Geduld,","breadcrumb":{"@id":"https:\/\/www.exploring-umbria.com\/de\/entdecke-todi\/sehenswuerdigkeiten-in-todi\/#breadcrumb"},"inLanguage":"de","potentialAction":[{"@type":"ReadAction","target":["https:\/\/www.exploring-umbria.com\/de\/entdecke-todi\/sehenswuerdigkeiten-in-todi\/"]}]},{"@type":"BreadcrumbList","@id":"https:\/\/www.exploring-umbria.com\/de\/entdecke-todi\/sehenswuerdigkeiten-in-todi\/#breadcrumb","itemListElement":[{"@type":"ListItem","position":1,"name":"Home","item":"https:\/\/www.exploring-umbria.com\/de\/"},{"@type":"ListItem","position":2,"name":"Entdecke Todi","item":"https:\/\/www.exploring-umbria.com\/de\/entdecke-todi\/"},{"@type":"ListItem","position":3,"name":"Sehensw\u00fcrdigkeiten in Todi"}]}]}},"_links":{"self":[{"href":"https:\/\/www.exploring-umbria.com\/de\/wp-json\/wp\/v2\/pages\/2943"}],"collection":[{"href":"https:\/\/www.exploring-umbria.com\/de\/wp-json\/wp\/v2\/pages"}],"about":[{"href":"https:\/\/www.exploring-umbria.com\/de\/wp-json\/wp\/v2\/types\/page"}],"author":[{"embeddable":true,"href":"https:\/\/www.exploring-umbria.com\/de\/wp-json\/wp\/v2\/users\/4"}],"replies":[{"embeddable":true,"href":"https:\/\/www.exploring-umbria.com\/de\/wp-json\/wp\/v2\/comments?post=2943"}],"version-history":[{"count":6,"href":"https:\/\/www.exploring-umbria.com\/de\/wp-json\/wp\/v2\/pages\/2943\/revisions"}],"predecessor-version":[{"id":30331,"href":"https:\/\/www.exploring-umbria.com\/de\/wp-json\/wp\/v2\/pages\/2943\/revisions\/30331"}],"up":[{"embeddable":true,"href":"https:\/\/www.exploring-umbria.com\/de\/wp-json\/wp\/v2\/pages\/2946"}],"wp:featuredmedia":[{"embeddable":true,"href":"https:\/\/www.exploring-umbria.com\/de\/wp-json\/wp\/v2\/media\/4757"}],"wp:attachment":[{"href":"https:\/\/www.exploring-umbria.com\/de\/wp-json\/wp\/v2\/media?parent=2943"}],"curies":[{"name":"wp","href":"https:\/\/api.w.org\/{rel}","templated":true}]}}