{"id":2936,"date":"2019-03-08T11:55:48","date_gmt":"2019-03-08T10:55:48","guid":{"rendered":"https:\/\/www.exploring-umbria.com\/san-fortunato-chiesa-e-campanile\/"},"modified":"2020-01-22T12:10:24","modified_gmt":"2020-01-22T11:10:24","slug":"kirche-san-fortunato","status":"publish","type":"page","link":"https:\/\/www.exploring-umbria.com\/de\/entdecke-todi\/sehenswuerdigkeiten-in-todi\/kirche-san-fortunato\/","title":{"rendered":"Kirche San Fortunato"},"content":{"rendered":"<p>Die <strong>Kirche<\/strong> oder das Gotteshaus <strong>San Fortunato<\/strong> befindet sich unweit von der Rocca an der Stelle, die in der Antike als Akropolis der Stadt galt. Das heutige Geb\u00e4ude bezeugt die zahlreichen <strong>Bauphasen<\/strong>, die es kennzeichnen: angefangen bei der <strong>etruskisch-r\u00f6mischen<\/strong>, von der die L\u00f6wen am Eingang sowie die beiden Kapitelle, die zu Weihwasserbecken umgewandelt wurden stammen, \u00fcber die erste Bauphase im <strong>romanischen<\/strong> Stil, die in etwa auf das Jahr 1198 zur\u00fcckgeht und den Vallombrosanerm\u00f6nchen zu verdanken ist, bis zum definitiv aus der <strong>Gotik<\/strong> stammenden Teil, dessen Arbeiten 1292 begannen und zwei Jahrhunderte sp\u00e4ter endeten.<\/p>\n<p>Ein wichtiger Beweis f\u00fcr diese Arbeiten ist die Fassade, die sich \u00fcber einer monumentalen Treppe erhebt. Sie blieb aufgrund des Todes des Meisters Giovanni di Stantuccio da Firenzuola, der mithilfe seines Neffen Bartolo d\u2019Angelo an dem Projekt arbeitete, unvollendet. Die zahlreichen Kriege mit den umliegenden Gemeinden, allen voran mit <a href=\"https:\/\/www.exploring-umbria.com\/de\/aktivitaten\/guided-tour-of-orvieto\/\" target=\"_blank\" rel=\"noopener noreferrer\">Orvieto<\/a>, lie\u00dfen in weitere Folge die Gemeindekassen leer werden, weshalb zum Beenden der Arbeiten keine finanziellen Mittel mehr zur Verf\u00fcgung standen.<\/p>\n<p>Der untere Bereich der <strong>Fassade<\/strong> besteht aus drei Teilen, die den drei Schiffen im Inneren entsprechen und \u00fcber weitere Eingangstore verf\u00fcgen. Das interessanteste aller Tore ist das Haupttor. Die Dekoration besteht aus wertvollen, <strong>spiralf\u00f6rmigen<\/strong> <strong>S\u00e4ulen<\/strong> und <strong>Flachreliefs<\/strong>, die an der linken und rechten Seite die Apostel, einige Heilige (darunter Degna, Romana und Cassiano, deutsch Kassian, dessen sterbliche \u00dcberreste in der Kirche verwahrt werden), Engel, biblische Propheten, der Hl. Fortunato, die Stigmata des Hl. Franziskus, die Verk\u00fcndigung und die Opferung Isaaks darstellen. Sie alle sind umgeben von symbolischen Blumenmustern wie Wein, Symbol des Guten, und Feigen, Symbol des Schlechten, aber auch von Drachen und Schlangen, die ebenfalls f\u00fcr das Schlechte stehen.<\/p>\n<p>Der Innenraum der Kirche zeichnet sich durch drei Schiffe aus. Sie alle verf\u00fcgen \u00fcber dieselbe H\u00f6he, wobei die Seitenschiffe etwas schmaler sind als das Hauptschiff, entsprechend dem Modell der <em>Hallenkirche<\/em> jenseits der Alpen. Die eleganten, gerippten S\u00e4ulen st\u00fctzen die Abdeckung mit Kreuzgew\u00f6lben, unter denen sich an den Seiten der Schiffe dreizehn erh\u00f6hte Kapellen er\u00f6ffnen. Die vierte Kapelle an der rechten Seite beherbergt das Teilst\u00fcck aus dem Fresko <em>Madonna mit Kind und Engeln<\/em> von Masolino da Panciale (1432), w\u00e4hrend sich in der f\u00fcnften Kapelle links Reste von Fresken der Giotto-Schule mit Szenen aus dem Leben des Hl. Johannes des T\u00e4ufers befinden.<\/p>\n<p><strong>In der Mitte des Geb\u00e4udes<\/strong> ist die <strong>Statue des Hl. Fortunato<\/strong> zu sehen, in deren Hintergrund sich der Chor aus Nussholz mit wunderbaren Einlegearbeiten von Antonio Maffei da Gubbino er\u00f6ffnet. Der Chor stammt aus dem Jahr 1590 und bedeckt die Gesamte mittlere Apsis.<\/p>\n<p>Die <strong>Krypta <\/strong>unter dem Altar beherbergt einen einzigen, monumentalen Sarg, in dem sich die sterblichen \u00dcberreste der <strong>Heiligen Kassian<\/strong>, <strong>Kallistus<\/strong>, <strong>Fortunato, Romana <\/strong>und <strong>Degna <\/strong>befinden, wohingegen in der angrenzenden <strong>Sakristei <\/strong>seit 1432 der bekannte <a href=\"https:\/\/de.wikipedia.org\/wiki\/Iacopone_da_Todi\" target=\"_blank\" rel=\"noopener noreferrer\"><strong>Jacopone da Todi <\/strong><\/a>begraben ist.<\/p>\n<p>\u00dcber die Sakristei gelangt man au\u00dferdem zum <strong>Glockenturm<\/strong> der Kirche, von dem aus sich ein wunderbarer <strong>360-Grad-Ausblick<\/strong> auf die ganze Stadt ergibt.<\/p>\n","protected":false},"excerpt":{"rendered":"<p>Die Kirche oder das Gotteshaus San Fortunato befindet sich unweit von der Rocca an der Stelle, die in der Antike als Akropolis der Stadt galt. Das heutige Geb\u00e4ude bezeugt die zahlreichen Bauphasen, die es kennzeichnen: angefangen bei der etruskisch-r\u00f6mischen, von der die L\u00f6wen am Eingang sowie die beiden Kapitelle, die zu Weihwasserbecken umgewandelt wurden stammen, [&hellip;]<\/p>\n","protected":false},"author":4,"featured_media":29805,"parent":2943,"menu_order":6,"comment_status":"closed","ping_status":"closed","template":"","meta":{"om_disable_all_campaigns":false,"_monsterinsights_skip_tracking":false,"_monsterinsights_sitenote_active":false,"_monsterinsights_sitenote_note":"","_monsterinsights_sitenote_category":0},"acf":[],"yoast_head":"<!-- This site is optimized with the Yoast SEO plugin v18.4.1 - https:\/\/yoast.com\/wordpress\/plugins\/seo\/ -->\n<title>Kirche San Fortunato - Exploring Umbria<\/title>\n<meta name=\"description\" content=\"Die Kirche oder das Gotteshaus San Fortunato befindet sich unweit von der Rocca an der Stelle, die in der Antike als Akropolis der Stadt galt. Das heutige\" \/>\n<meta name=\"robots\" content=\"index, follow, max-snippet:-1, max-image-preview:large, max-video-preview:-1\" \/>\n<link rel=\"canonical\" href=\"https:\/\/www.exploring-umbria.com\/de\/entdecke-todi\/sehenswuerdigkeiten-in-todi\/kirche-san-fortunato\/\" \/>\n<meta property=\"og:locale\" content=\"de_DE\" \/>\n<meta property=\"og:type\" content=\"article\" \/>\n<meta property=\"og:title\" content=\"Kirche San Fortunato - Exploring Umbria\" \/>\n<meta property=\"og:description\" content=\"Die Kirche oder das Gotteshaus San Fortunato befindet sich unweit von der Rocca an der Stelle, die in der Antike als Akropolis der Stadt galt. Das heutige\" \/>\n<meta property=\"og:url\" content=\"https:\/\/www.exploring-umbria.com\/de\/entdecke-todi\/sehenswuerdigkeiten-in-todi\/kirche-san-fortunato\/\" \/>\n<meta property=\"og:site_name\" content=\"Exploring Umbria\" \/>\n<meta property=\"article:publisher\" content=\"https:\/\/www.facebook.com\/exploringumbria\/\" \/>\n<meta property=\"article:modified_time\" content=\"2020-01-22T11:10:24+00:00\" \/>\n<meta property=\"og:image\" content=\"https:\/\/www.exploring-umbria.com\/wp-content\/uploads\/2020\/01\/Todi-San-Fortunato.jpg\" \/>\n\t<meta property=\"og:image:width\" content=\"1280\" \/>\n\t<meta property=\"og:image:height\" content=\"853\" \/>\n\t<meta property=\"og:image:type\" content=\"image\/jpeg\" \/>\n<meta name=\"twitter:card\" content=\"summary_large_image\" \/>\n<meta name=\"twitter:label1\" content=\"Gesch\u00e4tzte Lesezeit\" \/>\n\t<meta name=\"twitter:data1\" content=\"3\u00a0Minuten\" \/>\n<script type=\"application\/ld+json\" class=\"yoast-schema-graph\">{\"@context\":\"https:\/\/schema.org\",\"@graph\":[{\"@type\":\"Organization\",\"@id\":\"https:\/\/www.exploring-umbria.com\/de\/#organization\",\"name\":\"Exploring Umbria\",\"url\":\"https:\/\/www.exploring-umbria.com\/de\/\",\"sameAs\":[\"https:\/\/www.facebook.com\/exploringumbria\/\",\"https:\/\/www.instagram.com\/exploringumbria\/\"],\"logo\":{\"@type\":\"ImageObject\",\"@id\":\"https:\/\/www.exploring-umbria.com\/de\/#logo\",\"inLanguage\":\"de\",\"url\":\"https:\/\/www.exploring-umbria.com\/wp-content\/uploads\/2019\/08\/solo-logo-verde.jpg\",\"contentUrl\":\"https:\/\/www.exploring-umbria.com\/wp-content\/uploads\/2019\/08\/solo-logo-verde.jpg\",\"width\":952,\"height\":532,\"caption\":\"Exploring Umbria\"},\"image\":{\"@id\":\"https:\/\/www.exploring-umbria.com\/de\/#logo\"}},{\"@type\":\"WebSite\",\"@id\":\"https:\/\/www.exploring-umbria.com\/de\/#website\",\"url\":\"https:\/\/www.exploring-umbria.com\/de\/\",\"name\":\"Exploring Umbria\",\"description\":\"your dates, your mood, your trip\",\"publisher\":{\"@id\":\"https:\/\/www.exploring-umbria.com\/de\/#organization\"},\"potentialAction\":[{\"@type\":\"SearchAction\",\"target\":{\"@type\":\"EntryPoint\",\"urlTemplate\":\"https:\/\/www.exploring-umbria.com\/de\/?s={search_term_string}\"},\"query-input\":\"required name=search_term_string\"}],\"inLanguage\":\"de\"},{\"@type\":\"ImageObject\",\"@id\":\"https:\/\/www.exploring-umbria.com\/de\/entdecke-todi\/sehenswuerdigkeiten-in-todi\/kirche-san-fortunato\/#primaryimage\",\"inLanguage\":\"de\",\"url\":\"https:\/\/www.exploring-umbria.com\/wp-content\/uploads\/2020\/01\/Todi-San-Fortunato.jpg\",\"contentUrl\":\"https:\/\/www.exploring-umbria.com\/wp-content\/uploads\/2020\/01\/Todi-San-Fortunato.jpg\",\"width\":1280,\"height\":853,\"caption\":\"Chiesa di San Fortunato a Todi\"},{\"@type\":\"WebPage\",\"@id\":\"https:\/\/www.exploring-umbria.com\/de\/entdecke-todi\/sehenswuerdigkeiten-in-todi\/kirche-san-fortunato\/#webpage\",\"url\":\"https:\/\/www.exploring-umbria.com\/de\/entdecke-todi\/sehenswuerdigkeiten-in-todi\/kirche-san-fortunato\/\",\"name\":\"Kirche San Fortunato - Exploring Umbria\",\"isPartOf\":{\"@id\":\"https:\/\/www.exploring-umbria.com\/de\/#website\"},\"primaryImageOfPage\":{\"@id\":\"https:\/\/www.exploring-umbria.com\/de\/entdecke-todi\/sehenswuerdigkeiten-in-todi\/kirche-san-fortunato\/#primaryimage\"},\"datePublished\":\"2019-03-08T10:55:48+00:00\",\"dateModified\":\"2020-01-22T11:10:24+00:00\",\"description\":\"Die Kirche oder das Gotteshaus San Fortunato befindet sich unweit von der Rocca an der Stelle, die in der Antike als Akropolis der Stadt galt. Das heutige\",\"breadcrumb\":{\"@id\":\"https:\/\/www.exploring-umbria.com\/de\/entdecke-todi\/sehenswuerdigkeiten-in-todi\/kirche-san-fortunato\/#breadcrumb\"},\"inLanguage\":\"de\",\"potentialAction\":[{\"@type\":\"ReadAction\",\"target\":[\"https:\/\/www.exploring-umbria.com\/de\/entdecke-todi\/sehenswuerdigkeiten-in-todi\/kirche-san-fortunato\/\"]}]},{\"@type\":\"BreadcrumbList\",\"@id\":\"https:\/\/www.exploring-umbria.com\/de\/entdecke-todi\/sehenswuerdigkeiten-in-todi\/kirche-san-fortunato\/#breadcrumb\",\"itemListElement\":[{\"@type\":\"ListItem\",\"position\":1,\"name\":\"Home\",\"item\":\"https:\/\/www.exploring-umbria.com\/de\/\"},{\"@type\":\"ListItem\",\"position\":2,\"name\":\"Entdecke Todi\",\"item\":\"https:\/\/www.exploring-umbria.com\/de\/entdecke-todi\/\"},{\"@type\":\"ListItem\",\"position\":3,\"name\":\"Sehensw\u00fcrdigkeiten in Todi\",\"item\":\"https:\/\/www.exploring-umbria.com\/de\/entdecke-todi\/sehenswuerdigkeiten-in-todi\/\"},{\"@type\":\"ListItem\",\"position\":4,\"name\":\"Kirche San Fortunato\"}]}]}<\/script>\n<!-- \/ Yoast SEO plugin. -->","yoast_head_json":{"title":"Kirche San Fortunato - Exploring Umbria","description":"Die Kirche oder das Gotteshaus San Fortunato befindet sich unweit von der Rocca an der Stelle, die in der Antike als Akropolis der Stadt galt. Das heutige","robots":{"index":"index","follow":"follow","max-snippet":"max-snippet:-1","max-image-preview":"max-image-preview:large","max-video-preview":"max-video-preview:-1"},"canonical":"https:\/\/www.exploring-umbria.com\/de\/entdecke-todi\/sehenswuerdigkeiten-in-todi\/kirche-san-fortunato\/","og_locale":"de_DE","og_type":"article","og_title":"Kirche San Fortunato - Exploring Umbria","og_description":"Die Kirche oder das Gotteshaus San Fortunato befindet sich unweit von der Rocca an der Stelle, die in der Antike als Akropolis der Stadt galt. Das heutige","og_url":"https:\/\/www.exploring-umbria.com\/de\/entdecke-todi\/sehenswuerdigkeiten-in-todi\/kirche-san-fortunato\/","og_site_name":"Exploring Umbria","article_publisher":"https:\/\/www.facebook.com\/exploringumbria\/","article_modified_time":"2020-01-22T11:10:24+00:00","og_image":[{"width":1280,"height":853,"url":"https:\/\/www.exploring-umbria.com\/wp-content\/uploads\/2020\/01\/Todi-San-Fortunato.jpg","type":"image\/jpeg"}],"twitter_card":"summary_large_image","twitter_misc":{"Gesch\u00e4tzte Lesezeit":"3\u00a0Minuten"},"schema":{"@context":"https:\/\/schema.org","@graph":[{"@type":"Organization","@id":"https:\/\/www.exploring-umbria.com\/de\/#organization","name":"Exploring Umbria","url":"https:\/\/www.exploring-umbria.com\/de\/","sameAs":["https:\/\/www.facebook.com\/exploringumbria\/","https:\/\/www.instagram.com\/exploringumbria\/"],"logo":{"@type":"ImageObject","@id":"https:\/\/www.exploring-umbria.com\/de\/#logo","inLanguage":"de","url":"https:\/\/www.exploring-umbria.com\/wp-content\/uploads\/2019\/08\/solo-logo-verde.jpg","contentUrl":"https:\/\/www.exploring-umbria.com\/wp-content\/uploads\/2019\/08\/solo-logo-verde.jpg","width":952,"height":532,"caption":"Exploring Umbria"},"image":{"@id":"https:\/\/www.exploring-umbria.com\/de\/#logo"}},{"@type":"WebSite","@id":"https:\/\/www.exploring-umbria.com\/de\/#website","url":"https:\/\/www.exploring-umbria.com\/de\/","name":"Exploring Umbria","description":"your dates, your mood, your trip","publisher":{"@id":"https:\/\/www.exploring-umbria.com\/de\/#organization"},"potentialAction":[{"@type":"SearchAction","target":{"@type":"EntryPoint","urlTemplate":"https:\/\/www.exploring-umbria.com\/de\/?s={search_term_string}"},"query-input":"required name=search_term_string"}],"inLanguage":"de"},{"@type":"ImageObject","@id":"https:\/\/www.exploring-umbria.com\/de\/entdecke-todi\/sehenswuerdigkeiten-in-todi\/kirche-san-fortunato\/#primaryimage","inLanguage":"de","url":"https:\/\/www.exploring-umbria.com\/wp-content\/uploads\/2020\/01\/Todi-San-Fortunato.jpg","contentUrl":"https:\/\/www.exploring-umbria.com\/wp-content\/uploads\/2020\/01\/Todi-San-Fortunato.jpg","width":1280,"height":853,"caption":"Chiesa di San Fortunato a Todi"},{"@type":"WebPage","@id":"https:\/\/www.exploring-umbria.com\/de\/entdecke-todi\/sehenswuerdigkeiten-in-todi\/kirche-san-fortunato\/#webpage","url":"https:\/\/www.exploring-umbria.com\/de\/entdecke-todi\/sehenswuerdigkeiten-in-todi\/kirche-san-fortunato\/","name":"Kirche San Fortunato - Exploring Umbria","isPartOf":{"@id":"https:\/\/www.exploring-umbria.com\/de\/#website"},"primaryImageOfPage":{"@id":"https:\/\/www.exploring-umbria.com\/de\/entdecke-todi\/sehenswuerdigkeiten-in-todi\/kirche-san-fortunato\/#primaryimage"},"datePublished":"2019-03-08T10:55:48+00:00","dateModified":"2020-01-22T11:10:24+00:00","description":"Die Kirche oder das Gotteshaus San Fortunato befindet sich unweit von der Rocca an der Stelle, die in der Antike als Akropolis der Stadt galt. Das heutige","breadcrumb":{"@id":"https:\/\/www.exploring-umbria.com\/de\/entdecke-todi\/sehenswuerdigkeiten-in-todi\/kirche-san-fortunato\/#breadcrumb"},"inLanguage":"de","potentialAction":[{"@type":"ReadAction","target":["https:\/\/www.exploring-umbria.com\/de\/entdecke-todi\/sehenswuerdigkeiten-in-todi\/kirche-san-fortunato\/"]}]},{"@type":"BreadcrumbList","@id":"https:\/\/www.exploring-umbria.com\/de\/entdecke-todi\/sehenswuerdigkeiten-in-todi\/kirche-san-fortunato\/#breadcrumb","itemListElement":[{"@type":"ListItem","position":1,"name":"Home","item":"https:\/\/www.exploring-umbria.com\/de\/"},{"@type":"ListItem","position":2,"name":"Entdecke Todi","item":"https:\/\/www.exploring-umbria.com\/de\/entdecke-todi\/"},{"@type":"ListItem","position":3,"name":"Sehensw\u00fcrdigkeiten in Todi","item":"https:\/\/www.exploring-umbria.com\/de\/entdecke-todi\/sehenswuerdigkeiten-in-todi\/"},{"@type":"ListItem","position":4,"name":"Kirche San Fortunato"}]}]}},"_links":{"self":[{"href":"https:\/\/www.exploring-umbria.com\/de\/wp-json\/wp\/v2\/pages\/2936"}],"collection":[{"href":"https:\/\/www.exploring-umbria.com\/de\/wp-json\/wp\/v2\/pages"}],"about":[{"href":"https:\/\/www.exploring-umbria.com\/de\/wp-json\/wp\/v2\/types\/page"}],"author":[{"embeddable":true,"href":"https:\/\/www.exploring-umbria.com\/de\/wp-json\/wp\/v2\/users\/4"}],"replies":[{"embeddable":true,"href":"https:\/\/www.exploring-umbria.com\/de\/wp-json\/wp\/v2\/comments?post=2936"}],"version-history":[{"count":5,"href":"https:\/\/www.exploring-umbria.com\/de\/wp-json\/wp\/v2\/pages\/2936\/revisions"}],"predecessor-version":[{"id":29811,"href":"https:\/\/www.exploring-umbria.com\/de\/wp-json\/wp\/v2\/pages\/2936\/revisions\/29811"}],"up":[{"embeddable":true,"href":"https:\/\/www.exploring-umbria.com\/de\/wp-json\/wp\/v2\/pages\/2943"}],"wp:featuredmedia":[{"embeddable":true,"href":"https:\/\/www.exploring-umbria.com\/de\/wp-json\/wp\/v2\/media\/29805"}],"wp:attachment":[{"href":"https:\/\/www.exploring-umbria.com\/de\/wp-json\/wp\/v2\/media?parent=2936"}],"curies":[{"name":"wp","href":"https:\/\/api.w.org\/{rel}","templated":true}]}}