{"id":2931,"date":"2019-03-08T11:59:27","date_gmt":"2019-03-08T10:59:27","guid":{"rendered":"https:\/\/www.exploring-umbria.com\/santa-maria-della-consolazione\/"},"modified":"2020-01-23T20:25:06","modified_gmt":"2020-01-23T19:25:06","slug":"santa-maria-della-consolazione-todi","status":"publish","type":"page","link":"https:\/\/www.exploring-umbria.com\/de\/entdecke-todi\/sehenswuerdigkeiten-in-todi\/santa-maria-della-consolazione-todi\/","title":{"rendered":"Santa Maria della Consolazione Todi"},"content":{"rendered":"<p><strong>Santa Maria della Consolazione von Todi (Heilige Maria die Tr\u00f6sterin)<\/strong><\/p>\n<p><!--more-->Unmittelbar <strong>au\u00dferhalb der Stadtmauer<\/strong>, im S\u00fcdosten der <a href=\"https:\/\/www.exploring-umbria.com\/de\/aktivitaten\/gefuehrte-tour-durch-todi\/\" target=\"_blank\" rel=\"noopener noreferrer\">Stadt<\/a>, befindet sich eines der <strong>Meisterwerke<\/strong> der <strong>umbrischen Renaissance<\/strong>. Obwohl es keine Dokumente als Beweis f\u00fcr ein <strong>von <a href=\"https:\/\/de.wikipedia.org\/wiki\/Donato_Bramante\" target=\"_blank\" rel=\"noopener noreferrer\">Bramante<\/a> entwickeltes Projekt<\/strong> gibt, l\u00e4sst die Struktur des Geb\u00e4udes keine Zweifel offen und wird daher seit dem 16. Jahrhundert dem ber\u00fchmten Architekten zugeordnet. Ganz sicher ist hingegen, dass einige wichtige Meister wie Cola da Caprarola, Antonio da Sangallo, <strong>il Peruzzi<\/strong>, <strong>il Vignola<\/strong> und <strong>Ippolito Scalza<\/strong> an den Arbeiten beteiligt waren.<\/p>\n<p>Das ab dem Jahr 1508 errichtete Geb\u00e4ude wurde erst ein Jahrhundert sp\u00e4ter, im Jahr 1607 fertiggestellt. Es sollte das heilige Bild Madonna col Bambino (Madonna mit Kind) (Madonna della Consolazione, Maria die Tr\u00f6sterin) beherbergen, das sich noch heute in der <strong>halbrunden Apsis<\/strong> der Kirche befindet. Einer Legende zufolge fand ein Maurer die Reste des Freskos mit Staub und Spinnennetzen bedeckt und nachdem er den Schwei\u00df mit demselben Taschentuch, mit dem er auch das heilige Bild geputzt hatte, abwischte, wurde er an einem Auge auf wundersame Weise geheilt.<\/p>\n<p>Das Gotteshaus aus der Renaissance zeichnet sich durch einen besonderen zentrischen Grundriss in Form eines griechischen Kreuzes dar, das durch das Aufeinandertreffen zwei gleicher Arme, an denen sich vier Apsiden befinden, entsteht. Drei der Apsiden sind polygonal, und eine \u2013 sie befindet sich im Norden und <strong>enth\u00e4lt das wunderbare Fresko<\/strong> \u2013 ist halbrund. Die Apsiden, die sich \u00fcber zwei Stockwerke erstrecken und mit korinthischen S\u00e4ulen verziert sind, werden von Kuppeln \u00fcberragt, die die Terrasse (auf der sich die von Antonio Rosignoli im 17. Jahrhundert gefertigten Adler befinden) sowie die meisterhafte Kuppel in der Mitte umschlie\u00dfen. Die Kuppel wird von einem Tympanon gest\u00fctzt, das mit zwei ionischen S\u00e4ulen verziert ist, die Francesco Casella zugeschrieben werden.<\/p>\n<p>Die drei Eingangstore gehen auf drei verschiedene Jahrhunderte zur\u00fcck: 17, 18. und 19. Jahrhundert. Der weite und leuchtende <strong>Innenraum<\/strong> ist hingegen im <strong>barocken<\/strong> <strong>Stil<\/strong> nach dem Genie Filippo da Meli gestaltet.<\/p>\n<p>Gut 56 Fenster sogen f\u00fcr Licht im Innenraum des tempel Santa Maria della Consolazione von Todi, in dem sich eine Holzstatue von Papst Martin I. aus Todi, die Gipsstatuen der zw\u00f6lf Apostel und der Altar im barocken Stil befinden.<\/p>\n<p>Mit ihren 70 Metern H\u00f6he ist die Kirche eine der ber\u00fchmtesten\u00a0 und bedeutendsten Sehensw\u00fcrdigkeiten von Todi.<\/p>\n","protected":false},"excerpt":{"rendered":"<p>Santa Maria della Consolazione von Todi (Heilige Maria die Tr\u00f6sterin)<\/p>\n","protected":false},"author":4,"featured_media":16972,"parent":2943,"menu_order":10,"comment_status":"closed","ping_status":"closed","template":"","meta":{"om_disable_all_campaigns":false,"_monsterinsights_skip_tracking":false,"_monsterinsights_sitenote_active":false,"_monsterinsights_sitenote_note":"","_monsterinsights_sitenote_category":0},"acf":[],"yoast_head":"<!-- This site is optimized with the Yoast SEO plugin v18.4.1 - https:\/\/yoast.com\/wordpress\/plugins\/seo\/ -->\n<title>Santa Maria della Consolazione Todi - Exploring Umbria<\/title>\n<meta name=\"description\" content=\"Santa Maria della Consolazione von Todi (Heilige Maria die Tr\u00f6sterin) Unmittelbar au\u00dferhalb der Stadtmauer, im S\u00fcdosten der Stadt, befindet sich eines der\" \/>\n<meta name=\"robots\" content=\"index, follow, max-snippet:-1, max-image-preview:large, max-video-preview:-1\" \/>\n<link rel=\"canonical\" href=\"https:\/\/www.exploring-umbria.com\/de\/entdecke-todi\/sehenswuerdigkeiten-in-todi\/santa-maria-della-consolazione-todi\/\" \/>\n<meta property=\"og:locale\" content=\"de_DE\" \/>\n<meta property=\"og:type\" content=\"article\" \/>\n<meta property=\"og:title\" content=\"Santa Maria della Consolazione Todi - Exploring Umbria\" \/>\n<meta property=\"og:description\" content=\"Santa Maria della Consolazione von Todi (Heilige Maria die Tr\u00f6sterin) Unmittelbar au\u00dferhalb der Stadtmauer, im S\u00fcdosten der Stadt, befindet sich eines der\" \/>\n<meta property=\"og:url\" content=\"https:\/\/www.exploring-umbria.com\/de\/entdecke-todi\/sehenswuerdigkeiten-in-todi\/santa-maria-della-consolazione-todi\/\" \/>\n<meta property=\"og:site_name\" content=\"Exploring Umbria\" \/>\n<meta property=\"article:publisher\" content=\"https:\/\/www.facebook.com\/exploringumbria\/\" \/>\n<meta property=\"article:modified_time\" content=\"2020-01-23T19:25:06+00:00\" \/>\n<meta property=\"og:image\" content=\"https:\/\/www.exploring-umbria.com\/wp-content\/uploads\/2019\/07\/TODI-S.-MARIA-DELLA-CONSOLAZIONE-3.jpg\" \/>\n\t<meta property=\"og:image:width\" content=\"1800\" \/>\n\t<meta property=\"og:image:height\" content=\"1200\" \/>\n\t<meta property=\"og:image:type\" content=\"image\/jpeg\" \/>\n<meta name=\"twitter:card\" content=\"summary_large_image\" \/>\n<meta name=\"twitter:label1\" content=\"Gesch\u00e4tzte Lesezeit\" \/>\n\t<meta name=\"twitter:data1\" content=\"2\u00a0Minuten\" \/>\n<script type=\"application\/ld+json\" class=\"yoast-schema-graph\">{\"@context\":\"https:\/\/schema.org\",\"@graph\":[{\"@type\":\"Organization\",\"@id\":\"https:\/\/www.exploring-umbria.com\/de\/#organization\",\"name\":\"Exploring Umbria\",\"url\":\"https:\/\/www.exploring-umbria.com\/de\/\",\"sameAs\":[\"https:\/\/www.facebook.com\/exploringumbria\/\",\"https:\/\/www.instagram.com\/exploringumbria\/\"],\"logo\":{\"@type\":\"ImageObject\",\"@id\":\"https:\/\/www.exploring-umbria.com\/de\/#logo\",\"inLanguage\":\"de\",\"url\":\"https:\/\/www.exploring-umbria.com\/wp-content\/uploads\/2019\/08\/solo-logo-verde.jpg\",\"contentUrl\":\"https:\/\/www.exploring-umbria.com\/wp-content\/uploads\/2019\/08\/solo-logo-verde.jpg\",\"width\":952,\"height\":532,\"caption\":\"Exploring Umbria\"},\"image\":{\"@id\":\"https:\/\/www.exploring-umbria.com\/de\/#logo\"}},{\"@type\":\"WebSite\",\"@id\":\"https:\/\/www.exploring-umbria.com\/de\/#website\",\"url\":\"https:\/\/www.exploring-umbria.com\/de\/\",\"name\":\"Exploring Umbria\",\"description\":\"your dates, your mood, your trip\",\"publisher\":{\"@id\":\"https:\/\/www.exploring-umbria.com\/de\/#organization\"},\"potentialAction\":[{\"@type\":\"SearchAction\",\"target\":{\"@type\":\"EntryPoint\",\"urlTemplate\":\"https:\/\/www.exploring-umbria.com\/de\/?s={search_term_string}\"},\"query-input\":\"required name=search_term_string\"}],\"inLanguage\":\"de\"},{\"@type\":\"ImageObject\",\"@id\":\"https:\/\/www.exploring-umbria.com\/de\/entdecke-todi\/sehenswuerdigkeiten-in-todi\/santa-maria-della-consolazione-todi\/#primaryimage\",\"inLanguage\":\"de\",\"url\":\"https:\/\/www.exploring-umbria.com\/wp-content\/uploads\/2019\/07\/TODI-S.-MARIA-DELLA-CONSOLAZIONE-3.jpg\",\"contentUrl\":\"https:\/\/www.exploring-umbria.com\/wp-content\/uploads\/2019\/07\/TODI-S.-MARIA-DELLA-CONSOLAZIONE-3.jpg\",\"width\":1800,\"height\":1200,\"caption\":\"Santa Maria della Consolazione, Todi\"},{\"@type\":\"WebPage\",\"@id\":\"https:\/\/www.exploring-umbria.com\/de\/entdecke-todi\/sehenswuerdigkeiten-in-todi\/santa-maria-della-consolazione-todi\/#webpage\",\"url\":\"https:\/\/www.exploring-umbria.com\/de\/entdecke-todi\/sehenswuerdigkeiten-in-todi\/santa-maria-della-consolazione-todi\/\",\"name\":\"Santa Maria della Consolazione Todi - Exploring Umbria\",\"isPartOf\":{\"@id\":\"https:\/\/www.exploring-umbria.com\/de\/#website\"},\"primaryImageOfPage\":{\"@id\":\"https:\/\/www.exploring-umbria.com\/de\/entdecke-todi\/sehenswuerdigkeiten-in-todi\/santa-maria-della-consolazione-todi\/#primaryimage\"},\"datePublished\":\"2019-03-08T10:59:27+00:00\",\"dateModified\":\"2020-01-23T19:25:06+00:00\",\"description\":\"Santa Maria della Consolazione von Todi (Heilige Maria die Tr\u00f6sterin) Unmittelbar au\u00dferhalb der Stadtmauer, im S\u00fcdosten der Stadt, befindet sich eines der\",\"breadcrumb\":{\"@id\":\"https:\/\/www.exploring-umbria.com\/de\/entdecke-todi\/sehenswuerdigkeiten-in-todi\/santa-maria-della-consolazione-todi\/#breadcrumb\"},\"inLanguage\":\"de\",\"potentialAction\":[{\"@type\":\"ReadAction\",\"target\":[\"https:\/\/www.exploring-umbria.com\/de\/entdecke-todi\/sehenswuerdigkeiten-in-todi\/santa-maria-della-consolazione-todi\/\"]}]},{\"@type\":\"BreadcrumbList\",\"@id\":\"https:\/\/www.exploring-umbria.com\/de\/entdecke-todi\/sehenswuerdigkeiten-in-todi\/santa-maria-della-consolazione-todi\/#breadcrumb\",\"itemListElement\":[{\"@type\":\"ListItem\",\"position\":1,\"name\":\"Home\",\"item\":\"https:\/\/www.exploring-umbria.com\/de\/\"},{\"@type\":\"ListItem\",\"position\":2,\"name\":\"Entdecke Todi\",\"item\":\"https:\/\/www.exploring-umbria.com\/de\/entdecke-todi\/\"},{\"@type\":\"ListItem\",\"position\":3,\"name\":\"Sehensw\u00fcrdigkeiten in Todi\",\"item\":\"https:\/\/www.exploring-umbria.com\/de\/entdecke-todi\/sehenswuerdigkeiten-in-todi\/\"},{\"@type\":\"ListItem\",\"position\":4,\"name\":\"Santa Maria della Consolazione Todi\"}]}]}<\/script>\n<!-- \/ Yoast SEO plugin. -->","yoast_head_json":{"title":"Santa Maria della Consolazione Todi - Exploring Umbria","description":"Santa Maria della Consolazione von Todi (Heilige Maria die Tr\u00f6sterin) Unmittelbar au\u00dferhalb der Stadtmauer, im S\u00fcdosten der Stadt, befindet sich eines der","robots":{"index":"index","follow":"follow","max-snippet":"max-snippet:-1","max-image-preview":"max-image-preview:large","max-video-preview":"max-video-preview:-1"},"canonical":"https:\/\/www.exploring-umbria.com\/de\/entdecke-todi\/sehenswuerdigkeiten-in-todi\/santa-maria-della-consolazione-todi\/","og_locale":"de_DE","og_type":"article","og_title":"Santa Maria della Consolazione Todi - Exploring Umbria","og_description":"Santa Maria della Consolazione von Todi (Heilige Maria die Tr\u00f6sterin) Unmittelbar au\u00dferhalb der Stadtmauer, im S\u00fcdosten der Stadt, befindet sich eines der","og_url":"https:\/\/www.exploring-umbria.com\/de\/entdecke-todi\/sehenswuerdigkeiten-in-todi\/santa-maria-della-consolazione-todi\/","og_site_name":"Exploring Umbria","article_publisher":"https:\/\/www.facebook.com\/exploringumbria\/","article_modified_time":"2020-01-23T19:25:06+00:00","og_image":[{"width":1800,"height":1200,"url":"https:\/\/www.exploring-umbria.com\/wp-content\/uploads\/2019\/07\/TODI-S.-MARIA-DELLA-CONSOLAZIONE-3.jpg","type":"image\/jpeg"}],"twitter_card":"summary_large_image","twitter_misc":{"Gesch\u00e4tzte Lesezeit":"2\u00a0Minuten"},"schema":{"@context":"https:\/\/schema.org","@graph":[{"@type":"Organization","@id":"https:\/\/www.exploring-umbria.com\/de\/#organization","name":"Exploring Umbria","url":"https:\/\/www.exploring-umbria.com\/de\/","sameAs":["https:\/\/www.facebook.com\/exploringumbria\/","https:\/\/www.instagram.com\/exploringumbria\/"],"logo":{"@type":"ImageObject","@id":"https:\/\/www.exploring-umbria.com\/de\/#logo","inLanguage":"de","url":"https:\/\/www.exploring-umbria.com\/wp-content\/uploads\/2019\/08\/solo-logo-verde.jpg","contentUrl":"https:\/\/www.exploring-umbria.com\/wp-content\/uploads\/2019\/08\/solo-logo-verde.jpg","width":952,"height":532,"caption":"Exploring Umbria"},"image":{"@id":"https:\/\/www.exploring-umbria.com\/de\/#logo"}},{"@type":"WebSite","@id":"https:\/\/www.exploring-umbria.com\/de\/#website","url":"https:\/\/www.exploring-umbria.com\/de\/","name":"Exploring Umbria","description":"your dates, your mood, your trip","publisher":{"@id":"https:\/\/www.exploring-umbria.com\/de\/#organization"},"potentialAction":[{"@type":"SearchAction","target":{"@type":"EntryPoint","urlTemplate":"https:\/\/www.exploring-umbria.com\/de\/?s={search_term_string}"},"query-input":"required name=search_term_string"}],"inLanguage":"de"},{"@type":"ImageObject","@id":"https:\/\/www.exploring-umbria.com\/de\/entdecke-todi\/sehenswuerdigkeiten-in-todi\/santa-maria-della-consolazione-todi\/#primaryimage","inLanguage":"de","url":"https:\/\/www.exploring-umbria.com\/wp-content\/uploads\/2019\/07\/TODI-S.-MARIA-DELLA-CONSOLAZIONE-3.jpg","contentUrl":"https:\/\/www.exploring-umbria.com\/wp-content\/uploads\/2019\/07\/TODI-S.-MARIA-DELLA-CONSOLAZIONE-3.jpg","width":1800,"height":1200,"caption":"Santa Maria della Consolazione, Todi"},{"@type":"WebPage","@id":"https:\/\/www.exploring-umbria.com\/de\/entdecke-todi\/sehenswuerdigkeiten-in-todi\/santa-maria-della-consolazione-todi\/#webpage","url":"https:\/\/www.exploring-umbria.com\/de\/entdecke-todi\/sehenswuerdigkeiten-in-todi\/santa-maria-della-consolazione-todi\/","name":"Santa Maria della Consolazione Todi - Exploring Umbria","isPartOf":{"@id":"https:\/\/www.exploring-umbria.com\/de\/#website"},"primaryImageOfPage":{"@id":"https:\/\/www.exploring-umbria.com\/de\/entdecke-todi\/sehenswuerdigkeiten-in-todi\/santa-maria-della-consolazione-todi\/#primaryimage"},"datePublished":"2019-03-08T10:59:27+00:00","dateModified":"2020-01-23T19:25:06+00:00","description":"Santa Maria della Consolazione von Todi (Heilige Maria die Tr\u00f6sterin) Unmittelbar au\u00dferhalb der Stadtmauer, im S\u00fcdosten der Stadt, befindet sich eines der","breadcrumb":{"@id":"https:\/\/www.exploring-umbria.com\/de\/entdecke-todi\/sehenswuerdigkeiten-in-todi\/santa-maria-della-consolazione-todi\/#breadcrumb"},"inLanguage":"de","potentialAction":[{"@type":"ReadAction","target":["https:\/\/www.exploring-umbria.com\/de\/entdecke-todi\/sehenswuerdigkeiten-in-todi\/santa-maria-della-consolazione-todi\/"]}]},{"@type":"BreadcrumbList","@id":"https:\/\/www.exploring-umbria.com\/de\/entdecke-todi\/sehenswuerdigkeiten-in-todi\/santa-maria-della-consolazione-todi\/#breadcrumb","itemListElement":[{"@type":"ListItem","position":1,"name":"Home","item":"https:\/\/www.exploring-umbria.com\/de\/"},{"@type":"ListItem","position":2,"name":"Entdecke Todi","item":"https:\/\/www.exploring-umbria.com\/de\/entdecke-todi\/"},{"@type":"ListItem","position":3,"name":"Sehensw\u00fcrdigkeiten in Todi","item":"https:\/\/www.exploring-umbria.com\/de\/entdecke-todi\/sehenswuerdigkeiten-in-todi\/"},{"@type":"ListItem","position":4,"name":"Santa Maria della Consolazione Todi"}]}]}},"_links":{"self":[{"href":"https:\/\/www.exploring-umbria.com\/de\/wp-json\/wp\/v2\/pages\/2931"}],"collection":[{"href":"https:\/\/www.exploring-umbria.com\/de\/wp-json\/wp\/v2\/pages"}],"about":[{"href":"https:\/\/www.exploring-umbria.com\/de\/wp-json\/wp\/v2\/types\/page"}],"author":[{"embeddable":true,"href":"https:\/\/www.exploring-umbria.com\/de\/wp-json\/wp\/v2\/users\/4"}],"replies":[{"embeddable":true,"href":"https:\/\/www.exploring-umbria.com\/de\/wp-json\/wp\/v2\/comments?post=2931"}],"version-history":[{"count":5,"href":"https:\/\/www.exploring-umbria.com\/de\/wp-json\/wp\/v2\/pages\/2931\/revisions"}],"predecessor-version":[{"id":29958,"href":"https:\/\/www.exploring-umbria.com\/de\/wp-json\/wp\/v2\/pages\/2931\/revisions\/29958"}],"up":[{"embeddable":true,"href":"https:\/\/www.exploring-umbria.com\/de\/wp-json\/wp\/v2\/pages\/2943"}],"wp:featuredmedia":[{"embeddable":true,"href":"https:\/\/www.exploring-umbria.com\/de\/wp-json\/wp\/v2\/media\/16972"}],"wp:attachment":[{"href":"https:\/\/www.exploring-umbria.com\/de\/wp-json\/wp\/v2\/media?parent=2931"}],"curies":[{"name":"wp","href":"https:\/\/api.w.org\/{rel}","templated":true}]}}