{"id":2910,"date":"2019-03-08T12:14:21","date_gmt":"2019-03-08T11:14:21","guid":{"rendered":"https:\/\/www.exploring-umbria.com\/convento-di-montesanto\/"},"modified":"2020-01-22T18:24:26","modified_gmt":"2020-01-22T17:24:26","slug":"convento-di-montesanto","status":"publish","type":"page","link":"https:\/\/www.exploring-umbria.com\/de\/entdecke-todi\/sehenswuerdigkeiten-in-todi\/convento-di-montesanto\/","title":{"rendered":"Convento di Montesanto (Kloster Montesanto)"},"content":{"rendered":"<p>Unweit vom Stadttor <strong>Porta<\/strong> <strong>Orvietana<\/strong>, auf einem H\u00fcgel im Osten der Stadtmauer thronend, erhebt sich das Kloster <strong>Convento<\/strong> <strong>di<\/strong> <strong>Montesanto<\/strong>, das im 13. Jahrhundert als Festung gegen die Angriffe der Bewohner der Stadt Ovieto errichtet wurde. Im Jahr 1325 wurde es vom Orden der Klarissen eingenommen, die den Ort jedoch nach der Pest im Jahr 1348 den Franziskanern \u00fcberlie\u00dfen.<\/p>\n<p>Wie es der fr\u00fchere Ortsname \u201e<strong>Monte Mascarano\u201c<\/strong>, abgeleitet vom longobardischen Wort maska, was soviel wie Berg der Geister oder der Hexen bedeutet, vermuten l\u00e4sst, war der Ort seit der Antike ein heiliger Ort, vielleicht eine Nekropole mit Tempeln und Heiligt\u00fcmern, die verschiedenen G\u00f6ttern wie Mars oder Bellona geweiht waren. Ausgerechnet in diesem Bereich wurde 1835 der bekannte <a href=\"https:\/\/de.wikipedia.org\/wiki\/Mars_von_Todi\" target=\"_blank\" rel=\"noopener noreferrer\"><strong>Mars<\/strong> <strong>von<\/strong> <strong>Todi<\/strong><\/a> gefunden, der sich heute in den Vatikanischen Museen befindet.<\/p>\n<p>Der Vorplatz des Convento di Montesanto beherbergt eine imposante, jahrhundertealte Linde. Von ihr wird erz\u00e4hlt, dass sie 1426 anl\u00e4sslich des Besuchs von Bernhardin von Siena gepflanzt wurde.<\/p>\n<p><strong>Von<\/strong> <strong>besonderer<\/strong> <strong>Bedeutung<\/strong> sind der <strong>Kreuzgang<\/strong>, in dessen Mitte sich ein Brunnen aus dem 17. Jahrhundert befindet, der Salon aus dem 14. Jahrhundert, bestimmt als Kongresszentrum, und die Bibliothek voller Schriften auf Pergament, Inkunabeln und seltener Ausgaben, von denen eine Vielzahl in der Sammlung der Gemeindebibliothek von <a href=\"https:\/\/www.exploring-umbria.com\/de\/aktivitaten\/gefuehrte-tour-durch-todi\/\" target=\"_blank\" rel=\"noopener noreferrer\">Todi<\/a> zusammengefasst wurde.<\/p>\n<p>Neben dem Klostergeb\u00e4ude befindet sich die gleichnamige Kirche. Im Jahr 1633 geweiht, wurde sie im Jahr 1977 zur Pfarrkirche mit dem Namen <strong>Maria<\/strong> <strong>Santissima<\/strong> <strong>Asunta<\/strong> <strong>in<\/strong> <strong>Montesanto<\/strong>. Sie <strong>beherbergt bis heute zahlreiche Kunstwerke<\/strong>: verschiedene Holzstatuen und einige <strong>Gem\u00e4lde<\/strong> <strong>von<\/strong> <strong>Lo<\/strong> <strong>Spagna<\/strong>, von den Sch\u00fclern von <strong>Ghirlandaio<\/strong> (16. Jahrhundert) und von <strong>Cesare<\/strong> <strong>Permei<\/strong> (17. Jahrhundert).<\/p>\n","protected":false},"excerpt":{"rendered":"<p>Unweit vom Stadttor Porta Orvietana, auf einem H\u00fcgel im Osten der Stadtmauer thronend, erhebt sich das Kloster Convento di Montesanto, das im 13. Jahrhundert als Festung gegen die Angriffe der Bewohner der Stadt Ovieto errichtet wurde. Im Jahr 1325 wurde es vom Orden der Klarissen eingenommen, die den Ort jedoch nach der Pest im Jahr [&hellip;]<\/p>\n","protected":false},"author":4,"featured_media":16668,"parent":2943,"menu_order":9,"comment_status":"closed","ping_status":"closed","template":"","meta":{"om_disable_all_campaigns":false,"_monsterinsights_skip_tracking":false,"_monsterinsights_sitenote_active":false,"_monsterinsights_sitenote_note":"","_monsterinsights_sitenote_category":0},"acf":[],"yoast_head":"<!-- This site is optimized with the Yoast SEO plugin v18.4.1 - https:\/\/yoast.com\/wordpress\/plugins\/seo\/ -->\n<title>Convento di Montesanto (Kloster Montesanto) - Exploring Umbria<\/title>\n<meta name=\"description\" content=\"Unweit vom Stadttor Porta Orvietana, auf einem H\u00fcgel im Osten der Stadtmauer thronend, erhebt sich das Kloster Convento di Montesanto, das im 13.\" \/>\n<meta name=\"robots\" content=\"index, follow, max-snippet:-1, max-image-preview:large, max-video-preview:-1\" \/>\n<link rel=\"canonical\" href=\"https:\/\/www.exploring-umbria.com\/de\/entdecke-todi\/sehenswuerdigkeiten-in-todi\/convento-di-montesanto\/\" \/>\n<meta property=\"og:locale\" content=\"de_DE\" \/>\n<meta property=\"og:type\" content=\"article\" \/>\n<meta property=\"og:title\" content=\"Convento di Montesanto (Kloster Montesanto) - Exploring Umbria\" \/>\n<meta property=\"og:description\" content=\"Unweit vom Stadttor Porta Orvietana, auf einem H\u00fcgel im Osten der Stadtmauer thronend, erhebt sich das Kloster Convento di Montesanto, das im 13.\" \/>\n<meta property=\"og:url\" content=\"https:\/\/www.exploring-umbria.com\/de\/entdecke-todi\/sehenswuerdigkeiten-in-todi\/convento-di-montesanto\/\" \/>\n<meta property=\"og:site_name\" content=\"Exploring Umbria\" \/>\n<meta property=\"article:publisher\" content=\"https:\/\/www.facebook.com\/exploringumbria\/\" \/>\n<meta property=\"article:modified_time\" content=\"2020-01-22T17:24:26+00:00\" \/>\n<meta property=\"og:image\" content=\"https:\/\/www.exploring-umbria.com\/wp-content\/uploads\/2019\/07\/TODI-CONVENTO-DI-MONTESANTO-6.jpg\" \/>\n\t<meta property=\"og:image:width\" content=\"1800\" \/>\n\t<meta property=\"og:image:height\" content=\"1200\" \/>\n\t<meta property=\"og:image:type\" content=\"image\/jpeg\" \/>\n<meta name=\"twitter:card\" content=\"summary_large_image\" \/>\n<meta name=\"twitter:label1\" content=\"Gesch\u00e4tzte Lesezeit\" \/>\n\t<meta name=\"twitter:data1\" content=\"1\u00a0Minute\" \/>\n<script type=\"application\/ld+json\" class=\"yoast-schema-graph\">{\"@context\":\"https:\/\/schema.org\",\"@graph\":[{\"@type\":\"Organization\",\"@id\":\"https:\/\/www.exploring-umbria.com\/de\/#organization\",\"name\":\"Exploring Umbria\",\"url\":\"https:\/\/www.exploring-umbria.com\/de\/\",\"sameAs\":[\"https:\/\/www.facebook.com\/exploringumbria\/\",\"https:\/\/www.instagram.com\/exploringumbria\/\"],\"logo\":{\"@type\":\"ImageObject\",\"@id\":\"https:\/\/www.exploring-umbria.com\/de\/#logo\",\"inLanguage\":\"de\",\"url\":\"https:\/\/www.exploring-umbria.com\/wp-content\/uploads\/2019\/08\/solo-logo-verde.jpg\",\"contentUrl\":\"https:\/\/www.exploring-umbria.com\/wp-content\/uploads\/2019\/08\/solo-logo-verde.jpg\",\"width\":952,\"height\":532,\"caption\":\"Exploring Umbria\"},\"image\":{\"@id\":\"https:\/\/www.exploring-umbria.com\/de\/#logo\"}},{\"@type\":\"WebSite\",\"@id\":\"https:\/\/www.exploring-umbria.com\/de\/#website\",\"url\":\"https:\/\/www.exploring-umbria.com\/de\/\",\"name\":\"Exploring Umbria\",\"description\":\"your dates, your mood, your trip\",\"publisher\":{\"@id\":\"https:\/\/www.exploring-umbria.com\/de\/#organization\"},\"potentialAction\":[{\"@type\":\"SearchAction\",\"target\":{\"@type\":\"EntryPoint\",\"urlTemplate\":\"https:\/\/www.exploring-umbria.com\/de\/?s={search_term_string}\"},\"query-input\":\"required name=search_term_string\"}],\"inLanguage\":\"de\"},{\"@type\":\"ImageObject\",\"@id\":\"https:\/\/www.exploring-umbria.com\/de\/entdecke-todi\/sehenswuerdigkeiten-in-todi\/convento-di-montesanto\/#primaryimage\",\"inLanguage\":\"de\",\"url\":\"https:\/\/www.exploring-umbria.com\/wp-content\/uploads\/2019\/07\/TODI-CONVENTO-DI-MONTESANTO-6.jpg\",\"contentUrl\":\"https:\/\/www.exploring-umbria.com\/wp-content\/uploads\/2019\/07\/TODI-CONVENTO-DI-MONTESANTO-6.jpg\",\"width\":1800,\"height\":1200,\"caption\":\"Il convento di Montesanto con il secolare tiglio\"},{\"@type\":\"WebPage\",\"@id\":\"https:\/\/www.exploring-umbria.com\/de\/entdecke-todi\/sehenswuerdigkeiten-in-todi\/convento-di-montesanto\/#webpage\",\"url\":\"https:\/\/www.exploring-umbria.com\/de\/entdecke-todi\/sehenswuerdigkeiten-in-todi\/convento-di-montesanto\/\",\"name\":\"Convento di Montesanto (Kloster Montesanto) - Exploring Umbria\",\"isPartOf\":{\"@id\":\"https:\/\/www.exploring-umbria.com\/de\/#website\"},\"primaryImageOfPage\":{\"@id\":\"https:\/\/www.exploring-umbria.com\/de\/entdecke-todi\/sehenswuerdigkeiten-in-todi\/convento-di-montesanto\/#primaryimage\"},\"datePublished\":\"2019-03-08T11:14:21+00:00\",\"dateModified\":\"2020-01-22T17:24:26+00:00\",\"description\":\"Unweit vom Stadttor Porta Orvietana, auf einem H\u00fcgel im Osten der Stadtmauer thronend, erhebt sich das Kloster Convento di Montesanto, das im 13.\",\"breadcrumb\":{\"@id\":\"https:\/\/www.exploring-umbria.com\/de\/entdecke-todi\/sehenswuerdigkeiten-in-todi\/convento-di-montesanto\/#breadcrumb\"},\"inLanguage\":\"de\",\"potentialAction\":[{\"@type\":\"ReadAction\",\"target\":[\"https:\/\/www.exploring-umbria.com\/de\/entdecke-todi\/sehenswuerdigkeiten-in-todi\/convento-di-montesanto\/\"]}]},{\"@type\":\"BreadcrumbList\",\"@id\":\"https:\/\/www.exploring-umbria.com\/de\/entdecke-todi\/sehenswuerdigkeiten-in-todi\/convento-di-montesanto\/#breadcrumb\",\"itemListElement\":[{\"@type\":\"ListItem\",\"position\":1,\"name\":\"Home\",\"item\":\"https:\/\/www.exploring-umbria.com\/de\/\"},{\"@type\":\"ListItem\",\"position\":2,\"name\":\"Entdecke Todi\",\"item\":\"https:\/\/www.exploring-umbria.com\/de\/entdecke-todi\/\"},{\"@type\":\"ListItem\",\"position\":3,\"name\":\"Sehensw\u00fcrdigkeiten in Todi\",\"item\":\"https:\/\/www.exploring-umbria.com\/de\/entdecke-todi\/sehenswuerdigkeiten-in-todi\/\"},{\"@type\":\"ListItem\",\"position\":4,\"name\":\"Convento di Montesanto (Kloster Montesanto)\"}]}]}<\/script>\n<!-- \/ Yoast SEO plugin. -->","yoast_head_json":{"title":"Convento di Montesanto (Kloster Montesanto) - Exploring Umbria","description":"Unweit vom Stadttor Porta Orvietana, auf einem H\u00fcgel im Osten der Stadtmauer thronend, erhebt sich das Kloster Convento di Montesanto, das im 13.","robots":{"index":"index","follow":"follow","max-snippet":"max-snippet:-1","max-image-preview":"max-image-preview:large","max-video-preview":"max-video-preview:-1"},"canonical":"https:\/\/www.exploring-umbria.com\/de\/entdecke-todi\/sehenswuerdigkeiten-in-todi\/convento-di-montesanto\/","og_locale":"de_DE","og_type":"article","og_title":"Convento di Montesanto (Kloster Montesanto) - Exploring Umbria","og_description":"Unweit vom Stadttor Porta Orvietana, auf einem H\u00fcgel im Osten der Stadtmauer thronend, erhebt sich das Kloster Convento di Montesanto, das im 13.","og_url":"https:\/\/www.exploring-umbria.com\/de\/entdecke-todi\/sehenswuerdigkeiten-in-todi\/convento-di-montesanto\/","og_site_name":"Exploring Umbria","article_publisher":"https:\/\/www.facebook.com\/exploringumbria\/","article_modified_time":"2020-01-22T17:24:26+00:00","og_image":[{"width":1800,"height":1200,"url":"https:\/\/www.exploring-umbria.com\/wp-content\/uploads\/2019\/07\/TODI-CONVENTO-DI-MONTESANTO-6.jpg","type":"image\/jpeg"}],"twitter_card":"summary_large_image","twitter_misc":{"Gesch\u00e4tzte Lesezeit":"1\u00a0Minute"},"schema":{"@context":"https:\/\/schema.org","@graph":[{"@type":"Organization","@id":"https:\/\/www.exploring-umbria.com\/de\/#organization","name":"Exploring Umbria","url":"https:\/\/www.exploring-umbria.com\/de\/","sameAs":["https:\/\/www.facebook.com\/exploringumbria\/","https:\/\/www.instagram.com\/exploringumbria\/"],"logo":{"@type":"ImageObject","@id":"https:\/\/www.exploring-umbria.com\/de\/#logo","inLanguage":"de","url":"https:\/\/www.exploring-umbria.com\/wp-content\/uploads\/2019\/08\/solo-logo-verde.jpg","contentUrl":"https:\/\/www.exploring-umbria.com\/wp-content\/uploads\/2019\/08\/solo-logo-verde.jpg","width":952,"height":532,"caption":"Exploring Umbria"},"image":{"@id":"https:\/\/www.exploring-umbria.com\/de\/#logo"}},{"@type":"WebSite","@id":"https:\/\/www.exploring-umbria.com\/de\/#website","url":"https:\/\/www.exploring-umbria.com\/de\/","name":"Exploring Umbria","description":"your dates, your mood, your trip","publisher":{"@id":"https:\/\/www.exploring-umbria.com\/de\/#organization"},"potentialAction":[{"@type":"SearchAction","target":{"@type":"EntryPoint","urlTemplate":"https:\/\/www.exploring-umbria.com\/de\/?s={search_term_string}"},"query-input":"required name=search_term_string"}],"inLanguage":"de"},{"@type":"ImageObject","@id":"https:\/\/www.exploring-umbria.com\/de\/entdecke-todi\/sehenswuerdigkeiten-in-todi\/convento-di-montesanto\/#primaryimage","inLanguage":"de","url":"https:\/\/www.exploring-umbria.com\/wp-content\/uploads\/2019\/07\/TODI-CONVENTO-DI-MONTESANTO-6.jpg","contentUrl":"https:\/\/www.exploring-umbria.com\/wp-content\/uploads\/2019\/07\/TODI-CONVENTO-DI-MONTESANTO-6.jpg","width":1800,"height":1200,"caption":"Il convento di Montesanto con il secolare tiglio"},{"@type":"WebPage","@id":"https:\/\/www.exploring-umbria.com\/de\/entdecke-todi\/sehenswuerdigkeiten-in-todi\/convento-di-montesanto\/#webpage","url":"https:\/\/www.exploring-umbria.com\/de\/entdecke-todi\/sehenswuerdigkeiten-in-todi\/convento-di-montesanto\/","name":"Convento di Montesanto (Kloster Montesanto) - Exploring Umbria","isPartOf":{"@id":"https:\/\/www.exploring-umbria.com\/de\/#website"},"primaryImageOfPage":{"@id":"https:\/\/www.exploring-umbria.com\/de\/entdecke-todi\/sehenswuerdigkeiten-in-todi\/convento-di-montesanto\/#primaryimage"},"datePublished":"2019-03-08T11:14:21+00:00","dateModified":"2020-01-22T17:24:26+00:00","description":"Unweit vom Stadttor Porta Orvietana, auf einem H\u00fcgel im Osten der Stadtmauer thronend, erhebt sich das Kloster Convento di Montesanto, das im 13.","breadcrumb":{"@id":"https:\/\/www.exploring-umbria.com\/de\/entdecke-todi\/sehenswuerdigkeiten-in-todi\/convento-di-montesanto\/#breadcrumb"},"inLanguage":"de","potentialAction":[{"@type":"ReadAction","target":["https:\/\/www.exploring-umbria.com\/de\/entdecke-todi\/sehenswuerdigkeiten-in-todi\/convento-di-montesanto\/"]}]},{"@type":"BreadcrumbList","@id":"https:\/\/www.exploring-umbria.com\/de\/entdecke-todi\/sehenswuerdigkeiten-in-todi\/convento-di-montesanto\/#breadcrumb","itemListElement":[{"@type":"ListItem","position":1,"name":"Home","item":"https:\/\/www.exploring-umbria.com\/de\/"},{"@type":"ListItem","position":2,"name":"Entdecke Todi","item":"https:\/\/www.exploring-umbria.com\/de\/entdecke-todi\/"},{"@type":"ListItem","position":3,"name":"Sehensw\u00fcrdigkeiten in Todi","item":"https:\/\/www.exploring-umbria.com\/de\/entdecke-todi\/sehenswuerdigkeiten-in-todi\/"},{"@type":"ListItem","position":4,"name":"Convento di Montesanto (Kloster Montesanto)"}]}]}},"_links":{"self":[{"href":"https:\/\/www.exploring-umbria.com\/de\/wp-json\/wp\/v2\/pages\/2910"}],"collection":[{"href":"https:\/\/www.exploring-umbria.com\/de\/wp-json\/wp\/v2\/pages"}],"about":[{"href":"https:\/\/www.exploring-umbria.com\/de\/wp-json\/wp\/v2\/types\/page"}],"author":[{"embeddable":true,"href":"https:\/\/www.exploring-umbria.com\/de\/wp-json\/wp\/v2\/users\/4"}],"replies":[{"embeddable":true,"href":"https:\/\/www.exploring-umbria.com\/de\/wp-json\/wp\/v2\/comments?post=2910"}],"version-history":[{"count":6,"href":"https:\/\/www.exploring-umbria.com\/de\/wp-json\/wp\/v2\/pages\/2910\/revisions"}],"predecessor-version":[{"id":29838,"href":"https:\/\/www.exploring-umbria.com\/de\/wp-json\/wp\/v2\/pages\/2910\/revisions\/29838"}],"up":[{"embeddable":true,"href":"https:\/\/www.exploring-umbria.com\/de\/wp-json\/wp\/v2\/pages\/2943"}],"wp:featuredmedia":[{"embeddable":true,"href":"https:\/\/www.exploring-umbria.com\/de\/wp-json\/wp\/v2\/media\/16668"}],"wp:attachment":[{"href":"https:\/\/www.exploring-umbria.com\/de\/wp-json\/wp\/v2\/media?parent=2910"}],"curies":[{"name":"wp","href":"https:\/\/api.w.org\/{rel}","templated":true}]}}