{"id":2895,"date":"2019-03-08T12:23:25","date_gmt":"2019-03-08T11:23:25","guid":{"rendered":"https:\/\/www.exploring-umbria.com\/chiesa-di-santilario-o-san-carlo\/"},"modified":"2020-01-27T17:01:28","modified_gmt":"2020-01-27T16:01:28","slug":"chiesa-di-santilario-todi-kirche-zum-hl-hilarius-todi","status":"publish","type":"page","link":"https:\/\/www.exploring-umbria.com\/de\/entdecke-todi\/sehenswuerdigkeiten-in-todi\/chiesa-di-santilario-todi-kirche-zum-hl-hilarius-todi\/","title":{"rendered":"Chiesa di Sant&#8217;Ilario Todi (Kirche zum Hl. Hilarius Todi)"},"content":{"rendered":"<p>Das Geb\u00e4ude geh\u00f6rt zu den \u00e4ltesten Bauwerken der <a href=\"https:\/\/www.exploring-umbria.com\/de\/aktivitaten\/gefuehrte-tour-durch-todi\/\" target=\"_blank\" rel=\"noopener noreferrer\">Stadt<\/a>. Dies bezeugen einige historische Dokumente, in denen es erw\u00e4hnt wird: Im Jahr 1112 erscheint es in einer Liste von G\u00fctern, die <em>Graf Guazza <\/em>an die Abtei Abbazia Farfa Sabina sendete, w\u00e4hrend eine Inschrift in lateinischer Sprache daran erinnert, dass \u201e<em>1240 die Kirche am Pfingsttag von vier Bisch\u00f6fen geweiht wurde\u201c<\/em>.<\/p>\n<p><strong>Die Fassade<\/strong> im romanischen Stil des umbrischen Gebiets aus dem 10. bis 11. Jahrhundert <strong>zeichnet sich durch f\u00fcnf horizontale Zahnungen<\/strong> aus, von denen zwei die Fensterrose in der Mitte markieren. Die \u00fcbrigen umrahmen die zwei Reihen aus drei B\u00f6gen, mit denen der Glockenturm verziert ist.<\/p>\n<p><strong>Die Fensterrose ist mit acht S\u00e4ulen verziert<\/strong>, die strahlenf\u00f6rmig an einem Rahmen aus Stein angeordnet sind, der nach seiner Errichtung keinen \u00c4nderungen unterzogen worden zu sein scheint.<\/p>\n<p>Das Eingangsportal ist von einer L\u00fcnette gekr\u00f6nt, die mit dem Bild von <em>San Carlo<\/em> (Hl. Karl) verziert ist und auf das Jahr 1623 zur\u00fcckgeht, als die zuvor bestehende Kirche diesem Heiligen geweiht wurde.<\/p>\n<p><strong>Im Inneren<\/strong> befindet sich links vom Altar <strong>das wundersch\u00f6ne Fresko<\/strong> der <em>Madonna del Soccorso<\/em>, das dem Maler <strong>Giovanni di Pietro<\/strong>, genannt <a href=\"https:\/\/de.wikipedia.org\/wiki\/Lo_Spagna\" target=\"_blank\" rel=\"noopener noreferrer\"><strong>lo Spagna<\/strong><\/a>, aus Spoleto zuzuordnen.<\/p>\n","protected":false},"excerpt":{"rendered":"<p>Das Geb\u00e4ude geh\u00f6rt zu den \u00e4ltesten Bauwerken der Stadt. Dies bezeugen einige historische Dokumente, in denen es erw\u00e4hnt wird: Im Jahr 1112 erscheint es in einer Liste von G\u00fctern, die Graf Guazza an die Abtei Abbazia Farfa Sabina sendete, w\u00e4hrend eine Inschrift in lateinischer Sprache daran erinnert, dass \u201e1240 die Kirche am Pfingsttag von vier [&hellip;]<\/p>\n","protected":false},"author":4,"featured_media":16600,"parent":2943,"menu_order":21,"comment_status":"closed","ping_status":"closed","template":"","meta":{"om_disable_all_campaigns":false,"_monsterinsights_skip_tracking":false,"_monsterinsights_sitenote_active":false,"_monsterinsights_sitenote_note":"","_monsterinsights_sitenote_category":0},"acf":[],"yoast_head":"<!-- This site is optimized with the Yoast SEO plugin v18.4.1 - https:\/\/yoast.com\/wordpress\/plugins\/seo\/ -->\n<title>Chiesa di Sant&#039;Ilario Todi (Kirche zum Hl. Hilarius Todi) - Exploring Umbria<\/title>\n<meta name=\"description\" content=\"Das Geb\u00e4ude geh\u00f6rt zu den \u00e4ltesten Bauwerken der Stadt. Dies bezeugen einige historische Dokumente, in denen es erw\u00e4hnt wird: Im Jahr 1112 erscheint es in\" \/>\n<meta name=\"robots\" content=\"index, follow, max-snippet:-1, max-image-preview:large, max-video-preview:-1\" \/>\n<link rel=\"canonical\" href=\"https:\/\/www.exploring-umbria.com\/de\/entdecke-todi\/sehenswuerdigkeiten-in-todi\/chiesa-di-santilario-todi-kirche-zum-hl-hilarius-todi\/\" \/>\n<meta property=\"og:locale\" content=\"de_DE\" \/>\n<meta property=\"og:type\" content=\"article\" \/>\n<meta property=\"og:title\" content=\"Chiesa di Sant&#039;Ilario Todi (Kirche zum Hl. Hilarius Todi) - Exploring Umbria\" \/>\n<meta property=\"og:description\" content=\"Das Geb\u00e4ude geh\u00f6rt zu den \u00e4ltesten Bauwerken der Stadt. Dies bezeugen einige historische Dokumente, in denen es erw\u00e4hnt wird: Im Jahr 1112 erscheint es in\" \/>\n<meta property=\"og:url\" content=\"https:\/\/www.exploring-umbria.com\/de\/entdecke-todi\/sehenswuerdigkeiten-in-todi\/chiesa-di-santilario-todi-kirche-zum-hl-hilarius-todi\/\" \/>\n<meta property=\"og:site_name\" content=\"Exploring Umbria\" \/>\n<meta property=\"article:publisher\" content=\"https:\/\/www.facebook.com\/exploringumbria\/\" \/>\n<meta property=\"article:modified_time\" content=\"2020-01-27T16:01:28+00:00\" \/>\n<meta property=\"og:image\" content=\"https:\/\/www.exploring-umbria.com\/wp-content\/uploads\/2019\/07\/TODI-CHIESA-DI-SANTILARIO-3.jpg\" \/>\n\t<meta property=\"og:image:width\" content=\"1800\" \/>\n\t<meta property=\"og:image:height\" content=\"1200\" \/>\n\t<meta property=\"og:image:type\" content=\"image\/jpeg\" \/>\n<meta name=\"twitter:card\" content=\"summary_large_image\" \/>\n<meta name=\"twitter:label1\" content=\"Gesch\u00e4tzte Lesezeit\" \/>\n\t<meta name=\"twitter:data1\" content=\"1\u00a0Minute\" \/>\n<script type=\"application\/ld+json\" class=\"yoast-schema-graph\">{\"@context\":\"https:\/\/schema.org\",\"@graph\":[{\"@type\":\"Organization\",\"@id\":\"https:\/\/www.exploring-umbria.com\/de\/#organization\",\"name\":\"Exploring Umbria\",\"url\":\"https:\/\/www.exploring-umbria.com\/de\/\",\"sameAs\":[\"https:\/\/www.facebook.com\/exploringumbria\/\",\"https:\/\/www.instagram.com\/exploringumbria\/\"],\"logo\":{\"@type\":\"ImageObject\",\"@id\":\"https:\/\/www.exploring-umbria.com\/de\/#logo\",\"inLanguage\":\"de\",\"url\":\"https:\/\/www.exploring-umbria.com\/wp-content\/uploads\/2019\/08\/solo-logo-verde.jpg\",\"contentUrl\":\"https:\/\/www.exploring-umbria.com\/wp-content\/uploads\/2019\/08\/solo-logo-verde.jpg\",\"width\":952,\"height\":532,\"caption\":\"Exploring Umbria\"},\"image\":{\"@id\":\"https:\/\/www.exploring-umbria.com\/de\/#logo\"}},{\"@type\":\"WebSite\",\"@id\":\"https:\/\/www.exploring-umbria.com\/de\/#website\",\"url\":\"https:\/\/www.exploring-umbria.com\/de\/\",\"name\":\"Exploring Umbria\",\"description\":\"your dates, your mood, your trip\",\"publisher\":{\"@id\":\"https:\/\/www.exploring-umbria.com\/de\/#organization\"},\"potentialAction\":[{\"@type\":\"SearchAction\",\"target\":{\"@type\":\"EntryPoint\",\"urlTemplate\":\"https:\/\/www.exploring-umbria.com\/de\/?s={search_term_string}\"},\"query-input\":\"required name=search_term_string\"}],\"inLanguage\":\"de\"},{\"@type\":\"ImageObject\",\"@id\":\"https:\/\/www.exploring-umbria.com\/de\/entdecke-todi\/sehenswuerdigkeiten-in-todi\/chiesa-di-santilario-todi-kirche-zum-hl-hilarius-todi\/#primaryimage\",\"inLanguage\":\"de\",\"url\":\"https:\/\/www.exploring-umbria.com\/wp-content\/uploads\/2019\/07\/TODI-CHIESA-DI-SANTILARIO-3.jpg\",\"contentUrl\":\"https:\/\/www.exploring-umbria.com\/wp-content\/uploads\/2019\/07\/TODI-CHIESA-DI-SANTILARIO-3.jpg\",\"width\":1800,\"height\":1200,\"caption\":\"La chiesa di sant'Ilario a Todi\"},{\"@type\":\"WebPage\",\"@id\":\"https:\/\/www.exploring-umbria.com\/de\/entdecke-todi\/sehenswuerdigkeiten-in-todi\/chiesa-di-santilario-todi-kirche-zum-hl-hilarius-todi\/#webpage\",\"url\":\"https:\/\/www.exploring-umbria.com\/de\/entdecke-todi\/sehenswuerdigkeiten-in-todi\/chiesa-di-santilario-todi-kirche-zum-hl-hilarius-todi\/\",\"name\":\"Chiesa di Sant'Ilario Todi (Kirche zum Hl. Hilarius Todi) - Exploring Umbria\",\"isPartOf\":{\"@id\":\"https:\/\/www.exploring-umbria.com\/de\/#website\"},\"primaryImageOfPage\":{\"@id\":\"https:\/\/www.exploring-umbria.com\/de\/entdecke-todi\/sehenswuerdigkeiten-in-todi\/chiesa-di-santilario-todi-kirche-zum-hl-hilarius-todi\/#primaryimage\"},\"datePublished\":\"2019-03-08T11:23:25+00:00\",\"dateModified\":\"2020-01-27T16:01:28+00:00\",\"description\":\"Das Geb\u00e4ude geh\u00f6rt zu den \u00e4ltesten Bauwerken der Stadt. Dies bezeugen einige historische Dokumente, in denen es erw\u00e4hnt wird: Im Jahr 1112 erscheint es in\",\"breadcrumb\":{\"@id\":\"https:\/\/www.exploring-umbria.com\/de\/entdecke-todi\/sehenswuerdigkeiten-in-todi\/chiesa-di-santilario-todi-kirche-zum-hl-hilarius-todi\/#breadcrumb\"},\"inLanguage\":\"de\",\"potentialAction\":[{\"@type\":\"ReadAction\",\"target\":[\"https:\/\/www.exploring-umbria.com\/de\/entdecke-todi\/sehenswuerdigkeiten-in-todi\/chiesa-di-santilario-todi-kirche-zum-hl-hilarius-todi\/\"]}]},{\"@type\":\"BreadcrumbList\",\"@id\":\"https:\/\/www.exploring-umbria.com\/de\/entdecke-todi\/sehenswuerdigkeiten-in-todi\/chiesa-di-santilario-todi-kirche-zum-hl-hilarius-todi\/#breadcrumb\",\"itemListElement\":[{\"@type\":\"ListItem\",\"position\":1,\"name\":\"Home\",\"item\":\"https:\/\/www.exploring-umbria.com\/de\/\"},{\"@type\":\"ListItem\",\"position\":2,\"name\":\"Entdecke Todi\",\"item\":\"https:\/\/www.exploring-umbria.com\/de\/entdecke-todi\/\"},{\"@type\":\"ListItem\",\"position\":3,\"name\":\"Sehensw\u00fcrdigkeiten in Todi\",\"item\":\"https:\/\/www.exploring-umbria.com\/de\/entdecke-todi\/sehenswuerdigkeiten-in-todi\/\"},{\"@type\":\"ListItem\",\"position\":4,\"name\":\"Chiesa di Sant&#8217;Ilario Todi (Kirche zum Hl. Hilarius Todi)\"}]}]}<\/script>\n<!-- \/ Yoast SEO plugin. -->","yoast_head_json":{"title":"Chiesa di Sant'Ilario Todi (Kirche zum Hl. Hilarius Todi) - Exploring Umbria","description":"Das Geb\u00e4ude geh\u00f6rt zu den \u00e4ltesten Bauwerken der Stadt. Dies bezeugen einige historische Dokumente, in denen es erw\u00e4hnt wird: Im Jahr 1112 erscheint es in","robots":{"index":"index","follow":"follow","max-snippet":"max-snippet:-1","max-image-preview":"max-image-preview:large","max-video-preview":"max-video-preview:-1"},"canonical":"https:\/\/www.exploring-umbria.com\/de\/entdecke-todi\/sehenswuerdigkeiten-in-todi\/chiesa-di-santilario-todi-kirche-zum-hl-hilarius-todi\/","og_locale":"de_DE","og_type":"article","og_title":"Chiesa di Sant'Ilario Todi (Kirche zum Hl. Hilarius Todi) - Exploring Umbria","og_description":"Das Geb\u00e4ude geh\u00f6rt zu den \u00e4ltesten Bauwerken der Stadt. Dies bezeugen einige historische Dokumente, in denen es erw\u00e4hnt wird: Im Jahr 1112 erscheint es in","og_url":"https:\/\/www.exploring-umbria.com\/de\/entdecke-todi\/sehenswuerdigkeiten-in-todi\/chiesa-di-santilario-todi-kirche-zum-hl-hilarius-todi\/","og_site_name":"Exploring Umbria","article_publisher":"https:\/\/www.facebook.com\/exploringumbria\/","article_modified_time":"2020-01-27T16:01:28+00:00","og_image":[{"width":1800,"height":1200,"url":"https:\/\/www.exploring-umbria.com\/wp-content\/uploads\/2019\/07\/TODI-CHIESA-DI-SANTILARIO-3.jpg","type":"image\/jpeg"}],"twitter_card":"summary_large_image","twitter_misc":{"Gesch\u00e4tzte Lesezeit":"1\u00a0Minute"},"schema":{"@context":"https:\/\/schema.org","@graph":[{"@type":"Organization","@id":"https:\/\/www.exploring-umbria.com\/de\/#organization","name":"Exploring Umbria","url":"https:\/\/www.exploring-umbria.com\/de\/","sameAs":["https:\/\/www.facebook.com\/exploringumbria\/","https:\/\/www.instagram.com\/exploringumbria\/"],"logo":{"@type":"ImageObject","@id":"https:\/\/www.exploring-umbria.com\/de\/#logo","inLanguage":"de","url":"https:\/\/www.exploring-umbria.com\/wp-content\/uploads\/2019\/08\/solo-logo-verde.jpg","contentUrl":"https:\/\/www.exploring-umbria.com\/wp-content\/uploads\/2019\/08\/solo-logo-verde.jpg","width":952,"height":532,"caption":"Exploring Umbria"},"image":{"@id":"https:\/\/www.exploring-umbria.com\/de\/#logo"}},{"@type":"WebSite","@id":"https:\/\/www.exploring-umbria.com\/de\/#website","url":"https:\/\/www.exploring-umbria.com\/de\/","name":"Exploring Umbria","description":"your dates, your mood, your trip","publisher":{"@id":"https:\/\/www.exploring-umbria.com\/de\/#organization"},"potentialAction":[{"@type":"SearchAction","target":{"@type":"EntryPoint","urlTemplate":"https:\/\/www.exploring-umbria.com\/de\/?s={search_term_string}"},"query-input":"required name=search_term_string"}],"inLanguage":"de"},{"@type":"ImageObject","@id":"https:\/\/www.exploring-umbria.com\/de\/entdecke-todi\/sehenswuerdigkeiten-in-todi\/chiesa-di-santilario-todi-kirche-zum-hl-hilarius-todi\/#primaryimage","inLanguage":"de","url":"https:\/\/www.exploring-umbria.com\/wp-content\/uploads\/2019\/07\/TODI-CHIESA-DI-SANTILARIO-3.jpg","contentUrl":"https:\/\/www.exploring-umbria.com\/wp-content\/uploads\/2019\/07\/TODI-CHIESA-DI-SANTILARIO-3.jpg","width":1800,"height":1200,"caption":"La chiesa di sant'Ilario a Todi"},{"@type":"WebPage","@id":"https:\/\/www.exploring-umbria.com\/de\/entdecke-todi\/sehenswuerdigkeiten-in-todi\/chiesa-di-santilario-todi-kirche-zum-hl-hilarius-todi\/#webpage","url":"https:\/\/www.exploring-umbria.com\/de\/entdecke-todi\/sehenswuerdigkeiten-in-todi\/chiesa-di-santilario-todi-kirche-zum-hl-hilarius-todi\/","name":"Chiesa di Sant'Ilario Todi (Kirche zum Hl. Hilarius Todi) - Exploring Umbria","isPartOf":{"@id":"https:\/\/www.exploring-umbria.com\/de\/#website"},"primaryImageOfPage":{"@id":"https:\/\/www.exploring-umbria.com\/de\/entdecke-todi\/sehenswuerdigkeiten-in-todi\/chiesa-di-santilario-todi-kirche-zum-hl-hilarius-todi\/#primaryimage"},"datePublished":"2019-03-08T11:23:25+00:00","dateModified":"2020-01-27T16:01:28+00:00","description":"Das Geb\u00e4ude geh\u00f6rt zu den \u00e4ltesten Bauwerken der Stadt. Dies bezeugen einige historische Dokumente, in denen es erw\u00e4hnt wird: Im Jahr 1112 erscheint es in","breadcrumb":{"@id":"https:\/\/www.exploring-umbria.com\/de\/entdecke-todi\/sehenswuerdigkeiten-in-todi\/chiesa-di-santilario-todi-kirche-zum-hl-hilarius-todi\/#breadcrumb"},"inLanguage":"de","potentialAction":[{"@type":"ReadAction","target":["https:\/\/www.exploring-umbria.com\/de\/entdecke-todi\/sehenswuerdigkeiten-in-todi\/chiesa-di-santilario-todi-kirche-zum-hl-hilarius-todi\/"]}]},{"@type":"BreadcrumbList","@id":"https:\/\/www.exploring-umbria.com\/de\/entdecke-todi\/sehenswuerdigkeiten-in-todi\/chiesa-di-santilario-todi-kirche-zum-hl-hilarius-todi\/#breadcrumb","itemListElement":[{"@type":"ListItem","position":1,"name":"Home","item":"https:\/\/www.exploring-umbria.com\/de\/"},{"@type":"ListItem","position":2,"name":"Entdecke Todi","item":"https:\/\/www.exploring-umbria.com\/de\/entdecke-todi\/"},{"@type":"ListItem","position":3,"name":"Sehensw\u00fcrdigkeiten in Todi","item":"https:\/\/www.exploring-umbria.com\/de\/entdecke-todi\/sehenswuerdigkeiten-in-todi\/"},{"@type":"ListItem","position":4,"name":"Chiesa di Sant&#8217;Ilario Todi (Kirche zum Hl. Hilarius Todi)"}]}]}},"_links":{"self":[{"href":"https:\/\/www.exploring-umbria.com\/de\/wp-json\/wp\/v2\/pages\/2895"}],"collection":[{"href":"https:\/\/www.exploring-umbria.com\/de\/wp-json\/wp\/v2\/pages"}],"about":[{"href":"https:\/\/www.exploring-umbria.com\/de\/wp-json\/wp\/v2\/types\/page"}],"author":[{"embeddable":true,"href":"https:\/\/www.exploring-umbria.com\/de\/wp-json\/wp\/v2\/users\/4"}],"replies":[{"embeddable":true,"href":"https:\/\/www.exploring-umbria.com\/de\/wp-json\/wp\/v2\/comments?post=2895"}],"version-history":[{"count":7,"href":"https:\/\/www.exploring-umbria.com\/de\/wp-json\/wp\/v2\/pages\/2895\/revisions"}],"predecessor-version":[{"id":30152,"href":"https:\/\/www.exploring-umbria.com\/de\/wp-json\/wp\/v2\/pages\/2895\/revisions\/30152"}],"up":[{"embeddable":true,"href":"https:\/\/www.exploring-umbria.com\/de\/wp-json\/wp\/v2\/pages\/2943"}],"wp:featuredmedia":[{"embeddable":true,"href":"https:\/\/www.exploring-umbria.com\/de\/wp-json\/wp\/v2\/media\/16600"}],"wp:attachment":[{"href":"https:\/\/www.exploring-umbria.com\/de\/wp-json\/wp\/v2\/media?parent=2895"}],"curies":[{"name":"wp","href":"https:\/\/api.w.org\/{rel}","templated":true}]}}