{"id":28816,"date":"2019-05-20T02:37:46","date_gmt":"2019-05-20T00:37:46","guid":{"rendered":"https:\/\/www.exploring-umbria.com\/entdecke-spoleto\/sehenswuerdigkeiten-in-spoleto\/complesso-monumentale-di-san-nicolo\/"},"modified":"2020-01-10T20:30:46","modified_gmt":"2020-01-10T19:30:46","slug":"denkmalkompex-san-nicolo","status":"publish","type":"page","link":"https:\/\/www.exploring-umbria.com\/de\/entdecke-spoleto\/sehenswuerdigkeiten-in-spoleto\/denkmalkompex-san-nicolo\/","title":{"rendered":"Denkmalkompex San Nicol\u00f2"},"content":{"rendered":"<p><strong>Der San Nicol\u00f2 gewidmete Komplex<\/strong>, der aus einer Kirche samt angeschlossenem Kloster besteht, befindet sich in der <a href=\"https:\/\/www.exploring-umbria.com\/de\/aktivitaten\/guided-tour-of-spoleto\/\" target=\"_blank\" rel=\"noopener noreferrer\">Altstadt<\/a>, in der N\u00e4he der Via Elladio. Das Geb\u00e4ude wurde ab dem Jahr 1304 von den Augustinerbr\u00fcdern auf einer zuvor mit einigen privaten Wohnh\u00e4usern und zwei weiteren religi\u00f6sen Geb\u00e4uden bebauten Fl\u00e4che errichtet: die einfache Kirche aus dem 4. Jahrhundert, die San Nicol\u00f2 di Bari gewidmet war, und die Kirche San Massimo. Der neue Komplex wurde mit monumentaler Form als Kirche mit einem Schiff und besonderer vertikaler Ausrichtung gebaut. Das Kloster, das die reich gef\u00fcllte Bibliothek beherbergte, wurde zu einem bedeutungsvollen humanistischen Zirkel, der von den bekanntesten Gelehrten der damaligen Zeit besucht wurde, unter anderem auch von Martin Luther, der 1512 hier lebte.<\/p>\n<p>Die Fassade der Kirche ist sehr einfach, doppelt schr\u00e4g mit einem Eingangstor im gotischen Stil, das mit einer freskierten L\u00fcnette verziert ist, die die Madonna zwischen den Heiligen Augustinus und Nikolaus darstellt, die auf das Jahr 1412 datiert ist und einem Maler zugeschrieben wird, der \u00fcblicherweise \u201eMeister des Dormitio von Terni\u201c genannt wird.<\/p>\n<p>Der Grundriss des Klosters ist durch die beiden Kreuzg\u00e4nge gepr\u00e4gt: der erste aus dem vierzehnten Jahrhundert, aus wei\u00dfen und rosafarbenen Steinen mit Rundb\u00f6gen auf S\u00e4ulen, und der zweite aus dem f\u00fcnfzehnten Jahrhundert, der aus zwei Reihen an Terrakotta-Pilastern besteht.<\/p>\n<p>Die S\u00e4ulenhallen umschlie\u00dfen den gro\u00dfen Hof, in dem zwei Steinskulpturen von <a href=\"https:\/\/de.wikipedia.org\/wiki\/Anna_Mahler\" target=\"_blank\" rel=\"noopener noreferrer\"><em>Anna Mahler<\/em><\/a> ausgestellt sind: <em>Donna che beve (Frau trinkt)<\/em> und <em>Donna che guarda il sole (Frau schaut in die Sonne)<\/em>.<\/p>\n<p>Der Komplex wurde 1767 durch ein heftiges Erdbeben zerst\u00f6rt, daraufhin nicht mehr genutzt sondern jahrhundertelang zu einem Lagerraum und einer Behelfsunterkunft umfunktioniert, bis er 1960 in der Neuzeit wieder saniert wurde.<\/p>\n<p>Derzeit dient das Geb\u00e4ude als Konferenz- und Ausstellungszentrum f\u00fcr kulturelle Veranstaltungen verschiedenster Art.<\/p>\n","protected":false},"excerpt":{"rendered":"<p>Der San Nicol\u00f2 gewidmete Komplex, der aus einer Kirche samt angeschlossenem Kloster besteht, befindet sich in der Altstadt, in der N\u00e4he der Via Elladio. Das Geb\u00e4ude wurde ab dem Jahr 1304 von den Augustinerbr\u00fcdern auf einer zuvor mit einigen privaten Wohnh\u00e4usern und zwei weiteren religi\u00f6sen Geb\u00e4uden bebauten Fl\u00e4che errichtet: die einfache Kirche aus dem 4. [&hellip;]<\/p>\n","protected":false},"author":4,"featured_media":0,"parent":28389,"menu_order":17,"comment_status":"closed","ping_status":"closed","template":"","meta":{"om_disable_all_campaigns":false,"_monsterinsights_skip_tracking":false,"_monsterinsights_sitenote_active":false,"_monsterinsights_sitenote_note":"","_monsterinsights_sitenote_category":0},"acf":[],"yoast_head":"<!-- This site is optimized with the Yoast SEO plugin v18.4.1 - https:\/\/yoast.com\/wordpress\/plugins\/seo\/ -->\n<title>Denkmalkompex San Nicol\u00f2 - Exploring Umbria<\/title>\n<meta name=\"description\" content=\"Der San Nicol\u00f2 gewidmete Komplex, der aus einer Kirche samt angeschlossenem Kloster besteht, befindet sich in der Altstadt, in der N\u00e4he der Via Elladio.\" \/>\n<meta name=\"robots\" content=\"index, follow, max-snippet:-1, max-image-preview:large, max-video-preview:-1\" \/>\n<link rel=\"canonical\" href=\"https:\/\/www.exploring-umbria.com\/de\/entdecke-spoleto\/sehenswuerdigkeiten-in-spoleto\/denkmalkompex-san-nicolo\/\" \/>\n<meta property=\"og:locale\" content=\"de_DE\" \/>\n<meta property=\"og:type\" content=\"article\" \/>\n<meta property=\"og:title\" content=\"Denkmalkompex San Nicol\u00f2 - Exploring Umbria\" \/>\n<meta property=\"og:description\" content=\"Der San Nicol\u00f2 gewidmete Komplex, der aus einer Kirche samt angeschlossenem Kloster besteht, befindet sich in der Altstadt, in der N\u00e4he der Via Elladio.\" \/>\n<meta property=\"og:url\" content=\"https:\/\/www.exploring-umbria.com\/de\/entdecke-spoleto\/sehenswuerdigkeiten-in-spoleto\/denkmalkompex-san-nicolo\/\" \/>\n<meta property=\"og:site_name\" content=\"Exploring Umbria\" \/>\n<meta property=\"article:publisher\" content=\"https:\/\/www.facebook.com\/exploringumbria\/\" \/>\n<meta property=\"article:modified_time\" content=\"2020-01-10T19:30:46+00:00\" \/>\n<meta name=\"twitter:card\" content=\"summary_large_image\" \/>\n<meta name=\"twitter:label1\" content=\"Gesch\u00e4tzte Lesezeit\" \/>\n\t<meta name=\"twitter:data1\" content=\"2\u00a0Minuten\" \/>\n<script type=\"application\/ld+json\" class=\"yoast-schema-graph\">{\"@context\":\"https:\/\/schema.org\",\"@graph\":[{\"@type\":\"Organization\",\"@id\":\"https:\/\/www.exploring-umbria.com\/de\/#organization\",\"name\":\"Exploring Umbria\",\"url\":\"https:\/\/www.exploring-umbria.com\/de\/\",\"sameAs\":[\"https:\/\/www.facebook.com\/exploringumbria\/\",\"https:\/\/www.instagram.com\/exploringumbria\/\"],\"logo\":{\"@type\":\"ImageObject\",\"@id\":\"https:\/\/www.exploring-umbria.com\/de\/#logo\",\"inLanguage\":\"de\",\"url\":\"https:\/\/www.exploring-umbria.com\/wp-content\/uploads\/2019\/08\/solo-logo-verde.jpg\",\"contentUrl\":\"https:\/\/www.exploring-umbria.com\/wp-content\/uploads\/2019\/08\/solo-logo-verde.jpg\",\"width\":952,\"height\":532,\"caption\":\"Exploring Umbria\"},\"image\":{\"@id\":\"https:\/\/www.exploring-umbria.com\/de\/#logo\"}},{\"@type\":\"WebSite\",\"@id\":\"https:\/\/www.exploring-umbria.com\/de\/#website\",\"url\":\"https:\/\/www.exploring-umbria.com\/de\/\",\"name\":\"Exploring Umbria\",\"description\":\"your dates, your mood, your trip\",\"publisher\":{\"@id\":\"https:\/\/www.exploring-umbria.com\/de\/#organization\"},\"potentialAction\":[{\"@type\":\"SearchAction\",\"target\":{\"@type\":\"EntryPoint\",\"urlTemplate\":\"https:\/\/www.exploring-umbria.com\/de\/?s={search_term_string}\"},\"query-input\":\"required name=search_term_string\"}],\"inLanguage\":\"de\"},{\"@type\":\"WebPage\",\"@id\":\"https:\/\/www.exploring-umbria.com\/de\/entdecke-spoleto\/sehenswuerdigkeiten-in-spoleto\/denkmalkompex-san-nicolo\/#webpage\",\"url\":\"https:\/\/www.exploring-umbria.com\/de\/entdecke-spoleto\/sehenswuerdigkeiten-in-spoleto\/denkmalkompex-san-nicolo\/\",\"name\":\"Denkmalkompex San Nicol\u00f2 - Exploring Umbria\",\"isPartOf\":{\"@id\":\"https:\/\/www.exploring-umbria.com\/de\/#website\"},\"datePublished\":\"2019-05-20T00:37:46+00:00\",\"dateModified\":\"2020-01-10T19:30:46+00:00\",\"description\":\"Der San Nicol\u00f2 gewidmete Komplex, der aus einer Kirche samt angeschlossenem Kloster besteht, befindet sich in der Altstadt, in der N\u00e4he der Via Elladio.\",\"breadcrumb\":{\"@id\":\"https:\/\/www.exploring-umbria.com\/de\/entdecke-spoleto\/sehenswuerdigkeiten-in-spoleto\/denkmalkompex-san-nicolo\/#breadcrumb\"},\"inLanguage\":\"de\",\"potentialAction\":[{\"@type\":\"ReadAction\",\"target\":[\"https:\/\/www.exploring-umbria.com\/de\/entdecke-spoleto\/sehenswuerdigkeiten-in-spoleto\/denkmalkompex-san-nicolo\/\"]}]},{\"@type\":\"BreadcrumbList\",\"@id\":\"https:\/\/www.exploring-umbria.com\/de\/entdecke-spoleto\/sehenswuerdigkeiten-in-spoleto\/denkmalkompex-san-nicolo\/#breadcrumb\",\"itemListElement\":[{\"@type\":\"ListItem\",\"position\":1,\"name\":\"Home\",\"item\":\"https:\/\/www.exploring-umbria.com\/de\/\"},{\"@type\":\"ListItem\",\"position\":2,\"name\":\"Entdecke Spoleto\",\"item\":\"https:\/\/www.exploring-umbria.com\/de\/entdecke-spoleto\/\"},{\"@type\":\"ListItem\",\"position\":3,\"name\":\"Sehensw\u00fcrdigkeiten in Spoleto\",\"item\":\"https:\/\/www.exploring-umbria.com\/de\/entdecke-spoleto\/sehenswuerdigkeiten-in-spoleto\/\"},{\"@type\":\"ListItem\",\"position\":4,\"name\":\"Denkmalkompex San Nicol\u00f2\"}]}]}<\/script>\n<!-- \/ Yoast SEO plugin. -->","yoast_head_json":{"title":"Denkmalkompex San Nicol\u00f2 - Exploring Umbria","description":"Der San Nicol\u00f2 gewidmete Komplex, der aus einer Kirche samt angeschlossenem Kloster besteht, befindet sich in der Altstadt, in der N\u00e4he der Via Elladio.","robots":{"index":"index","follow":"follow","max-snippet":"max-snippet:-1","max-image-preview":"max-image-preview:large","max-video-preview":"max-video-preview:-1"},"canonical":"https:\/\/www.exploring-umbria.com\/de\/entdecke-spoleto\/sehenswuerdigkeiten-in-spoleto\/denkmalkompex-san-nicolo\/","og_locale":"de_DE","og_type":"article","og_title":"Denkmalkompex San Nicol\u00f2 - Exploring Umbria","og_description":"Der San Nicol\u00f2 gewidmete Komplex, der aus einer Kirche samt angeschlossenem Kloster besteht, befindet sich in der Altstadt, in der N\u00e4he der Via Elladio.","og_url":"https:\/\/www.exploring-umbria.com\/de\/entdecke-spoleto\/sehenswuerdigkeiten-in-spoleto\/denkmalkompex-san-nicolo\/","og_site_name":"Exploring Umbria","article_publisher":"https:\/\/www.facebook.com\/exploringumbria\/","article_modified_time":"2020-01-10T19:30:46+00:00","twitter_card":"summary_large_image","twitter_misc":{"Gesch\u00e4tzte Lesezeit":"2\u00a0Minuten"},"schema":{"@context":"https:\/\/schema.org","@graph":[{"@type":"Organization","@id":"https:\/\/www.exploring-umbria.com\/de\/#organization","name":"Exploring Umbria","url":"https:\/\/www.exploring-umbria.com\/de\/","sameAs":["https:\/\/www.facebook.com\/exploringumbria\/","https:\/\/www.instagram.com\/exploringumbria\/"],"logo":{"@type":"ImageObject","@id":"https:\/\/www.exploring-umbria.com\/de\/#logo","inLanguage":"de","url":"https:\/\/www.exploring-umbria.com\/wp-content\/uploads\/2019\/08\/solo-logo-verde.jpg","contentUrl":"https:\/\/www.exploring-umbria.com\/wp-content\/uploads\/2019\/08\/solo-logo-verde.jpg","width":952,"height":532,"caption":"Exploring Umbria"},"image":{"@id":"https:\/\/www.exploring-umbria.com\/de\/#logo"}},{"@type":"WebSite","@id":"https:\/\/www.exploring-umbria.com\/de\/#website","url":"https:\/\/www.exploring-umbria.com\/de\/","name":"Exploring Umbria","description":"your dates, your mood, your trip","publisher":{"@id":"https:\/\/www.exploring-umbria.com\/de\/#organization"},"potentialAction":[{"@type":"SearchAction","target":{"@type":"EntryPoint","urlTemplate":"https:\/\/www.exploring-umbria.com\/de\/?s={search_term_string}"},"query-input":"required name=search_term_string"}],"inLanguage":"de"},{"@type":"WebPage","@id":"https:\/\/www.exploring-umbria.com\/de\/entdecke-spoleto\/sehenswuerdigkeiten-in-spoleto\/denkmalkompex-san-nicolo\/#webpage","url":"https:\/\/www.exploring-umbria.com\/de\/entdecke-spoleto\/sehenswuerdigkeiten-in-spoleto\/denkmalkompex-san-nicolo\/","name":"Denkmalkompex San Nicol\u00f2 - Exploring Umbria","isPartOf":{"@id":"https:\/\/www.exploring-umbria.com\/de\/#website"},"datePublished":"2019-05-20T00:37:46+00:00","dateModified":"2020-01-10T19:30:46+00:00","description":"Der San Nicol\u00f2 gewidmete Komplex, der aus einer Kirche samt angeschlossenem Kloster besteht, befindet sich in der Altstadt, in der N\u00e4he der Via Elladio.","breadcrumb":{"@id":"https:\/\/www.exploring-umbria.com\/de\/entdecke-spoleto\/sehenswuerdigkeiten-in-spoleto\/denkmalkompex-san-nicolo\/#breadcrumb"},"inLanguage":"de","potentialAction":[{"@type":"ReadAction","target":["https:\/\/www.exploring-umbria.com\/de\/entdecke-spoleto\/sehenswuerdigkeiten-in-spoleto\/denkmalkompex-san-nicolo\/"]}]},{"@type":"BreadcrumbList","@id":"https:\/\/www.exploring-umbria.com\/de\/entdecke-spoleto\/sehenswuerdigkeiten-in-spoleto\/denkmalkompex-san-nicolo\/#breadcrumb","itemListElement":[{"@type":"ListItem","position":1,"name":"Home","item":"https:\/\/www.exploring-umbria.com\/de\/"},{"@type":"ListItem","position":2,"name":"Entdecke Spoleto","item":"https:\/\/www.exploring-umbria.com\/de\/entdecke-spoleto\/"},{"@type":"ListItem","position":3,"name":"Sehensw\u00fcrdigkeiten in Spoleto","item":"https:\/\/www.exploring-umbria.com\/de\/entdecke-spoleto\/sehenswuerdigkeiten-in-spoleto\/"},{"@type":"ListItem","position":4,"name":"Denkmalkompex San Nicol\u00f2"}]}]}},"_links":{"self":[{"href":"https:\/\/www.exploring-umbria.com\/de\/wp-json\/wp\/v2\/pages\/28816"}],"collection":[{"href":"https:\/\/www.exploring-umbria.com\/de\/wp-json\/wp\/v2\/pages"}],"about":[{"href":"https:\/\/www.exploring-umbria.com\/de\/wp-json\/wp\/v2\/types\/page"}],"author":[{"embeddable":true,"href":"https:\/\/www.exploring-umbria.com\/de\/wp-json\/wp\/v2\/users\/4"}],"replies":[{"embeddable":true,"href":"https:\/\/www.exploring-umbria.com\/de\/wp-json\/wp\/v2\/comments?post=28816"}],"version-history":[{"count":3,"href":"https:\/\/www.exploring-umbria.com\/de\/wp-json\/wp\/v2\/pages\/28816\/revisions"}],"predecessor-version":[{"id":28820,"href":"https:\/\/www.exploring-umbria.com\/de\/wp-json\/wp\/v2\/pages\/28816\/revisions\/28820"}],"up":[{"embeddable":true,"href":"https:\/\/www.exploring-umbria.com\/de\/wp-json\/wp\/v2\/pages\/28389"}],"wp:attachment":[{"href":"https:\/\/www.exploring-umbria.com\/de\/wp-json\/wp\/v2\/media?parent=28816"}],"curies":[{"name":"wp","href":"https:\/\/api.w.org\/{rel}","templated":true}]}}