{"id":2881,"date":"2019-03-08T12:29:48","date_gmt":"2019-03-08T11:29:48","guid":{"rendered":"https:\/\/www.exploring-umbria.com\/piazza-del-popolo\/"},"modified":"2020-01-24T00:11:28","modified_gmt":"2020-01-23T23:11:28","slug":"piazza-del-popolo","status":"publish","type":"page","link":"https:\/\/www.exploring-umbria.com\/de\/entdecke-todi\/sehenswuerdigkeiten-in-todi\/piazza-del-popolo\/","title":{"rendered":"Piazza del Popolo di Todi (Volksplatz von Todi)"},"content":{"rendered":"<p>Auf den \u00dcberresten des antiken <a href=\"https:\/\/de.wikipedia.org\/wiki\/Forum_(Platz)\" target=\"_blank\" rel=\"noopener noreferrer\">Forum Romanum<\/a> liegend, war Piazza del Popolo di Todi seit dem 1. Jahrhundert v. Chr. das politische, religi\u00f6se, wirtschaftliche und kulturelle Zentrum der Stadt. In einer Umgebung mit steilen H\u00e4ngen errichteten die r\u00f6mischen Architekten eine rechteckige Plattform auf der Spitze des H\u00fcgels, umgeben von den wichtigsten privaten und religi\u00f6sen Geb\u00e4uden. Die moderne Stadt verf\u00fcgt bis heute \u00fcber die antiken Gleichgewichte. An der n\u00f6rdlichen Seite der Piazza wird die religi\u00f6se Macht durch den <a href=\"https:\/\/www.exploring-umbria.com\/de\/subcategories\/cosa-fare-e-cosa-vedere-a-todi\/#heading2932\" target=\"_blank\" rel=\"noopener noreferrer\"><strong>Dom<\/strong> <\/a>und den angeschlossenen <a href=\"https:\/\/www.exploring-umbria.com\/de\/subcategories\/cosa-fare-e-cosa-vedere-a-todi\/#heading2888\" target=\"_blank\" rel=\"noopener noreferrer\"><strong>Palazzo<\/strong> <strong>Vescovile<\/strong><\/a> (Bischofspalast) repr\u00e4sentiert. Dem stehen die drei weltlichen Pal\u00e4ste der Macht der Gemeinde gegen\u00fcber, die zu verschiedenen Zeitpunkten zwischen dem 12. und dem 13. Jahrhundert errichtet wurden: <a href=\"https:\/\/www.exploring-umbria.com\/de\/subcategories\/cosa-fare-e-cosa-vedere-a-todi\/#heading2876\" target=\"_blank\" rel=\"noopener noreferrer\"><strong>Palazzo<\/strong> <strong>del<\/strong> <strong>Popolo<\/strong><\/a> (Volkspalast), <a href=\"https:\/\/www.exploring-umbria.com\/de\/subcategories\/cosa-fare-e-cosa-vedere-a-todi\/#heading2920\" target=\"_blank\" rel=\"noopener noreferrer\"><strong>Palazzo<\/strong> <strong>del<\/strong> <strong>Capitano<\/strong><\/a> (Herrscherpalast) und <a href=\"https:\/\/www.exploring-umbria.com\/de\/subcategories\/cosa-fare-e-cosa-vedere-a-todi\/#heading2874\" target=\"_blank\" rel=\"noopener noreferrer\"><strong>Palazzo<\/strong> <strong>dei<\/strong> <strong>Priori<\/strong><\/a>.<\/p>\n<p>Mit gro\u00dfer Wahrscheinlichkeit nahm die Piazza del Popolo di Todi fr\u00fcher mehr Platz ein und reichte bis zur heutigen <strong>Piazza<\/strong> <strong>Garibaldi<\/strong>, auf der sich die Reste einer alten r\u00f6mischen Basilika (i <a href=\"https:\/\/www.exploring-umbria.com\/de\/subcategories\/cosa-fare-e-cosa-vedere-a-todi\/#heading2871\" target=\"_blank\" rel=\"noopener noreferrer\"><strong>Nicchioni<\/strong><\/a>) befinden, und war mit ihr verbunden. Die architektonische Komplexit\u00e4t des Bereichs wird auch durch die gro\u00dfe Anzahl an unterirdischen Stollen (le <strong>Gallerie<\/strong>) best\u00e4tigt, die unter der Piazza selbst verlaufen. So wird die Schichtenbildung von Epochen und Strukturen, die sich \u00fcber die Zeit perfekt miteinander verbunden haben, nachgewiesen.<\/p>\n","protected":false},"excerpt":{"rendered":"<p>Auf den \u00dcberresten des antiken Forum Romanum liegend, war Piazza del Popolo di Todi seit dem 1. Jahrhundert v. Chr. das politische, religi\u00f6se, wirtschaftliche und kulturelle Zentrum der Stadt. In einer Umgebung mit steilen H\u00e4ngen errichteten die r\u00f6mischen Architekten eine rechteckige Plattform auf der Spitze des H\u00fcgels, umgeben von den wichtigsten privaten und religi\u00f6sen Geb\u00e4uden. [&hellip;]<\/p>\n","protected":false},"author":4,"featured_media":6745,"parent":2943,"menu_order":2,"comment_status":"closed","ping_status":"closed","template":"","meta":{"om_disable_all_campaigns":false,"_monsterinsights_skip_tracking":false,"_monsterinsights_sitenote_active":false,"_monsterinsights_sitenote_note":"","_monsterinsights_sitenote_category":0},"acf":[],"yoast_head":"<!-- This site is optimized with the Yoast SEO plugin v18.4.1 - https:\/\/yoast.com\/wordpress\/plugins\/seo\/ -->\n<title>Piazza del Popolo di Todi (Volksplatz von Todi) - Exploring Umbria<\/title>\n<meta name=\"description\" content=\"Auf den \u00dcberresten des antiken Forum Romanum liegend, war Piazza del Popolo di Todi seit dem 1. Jahrhundert v. Chr. das politische, religi\u00f6se,\" \/>\n<meta name=\"robots\" content=\"index, follow, max-snippet:-1, max-image-preview:large, max-video-preview:-1\" \/>\n<link rel=\"canonical\" href=\"https:\/\/www.exploring-umbria.com\/de\/entdecke-todi\/sehenswuerdigkeiten-in-todi\/piazza-del-popolo\/\" \/>\n<meta property=\"og:locale\" content=\"de_DE\" \/>\n<meta property=\"og:type\" content=\"article\" \/>\n<meta property=\"og:title\" content=\"Piazza del Popolo di Todi (Volksplatz von Todi) - Exploring Umbria\" \/>\n<meta property=\"og:description\" content=\"Auf den \u00dcberresten des antiken Forum Romanum liegend, war Piazza del Popolo di Todi seit dem 1. Jahrhundert v. Chr. das politische, religi\u00f6se,\" \/>\n<meta property=\"og:url\" content=\"https:\/\/www.exploring-umbria.com\/de\/entdecke-todi\/sehenswuerdigkeiten-in-todi\/piazza-del-popolo\/\" \/>\n<meta property=\"og:site_name\" content=\"Exploring Umbria\" \/>\n<meta property=\"article:publisher\" content=\"https:\/\/www.facebook.com\/exploringumbria\/\" \/>\n<meta property=\"article:modified_time\" content=\"2020-01-23T23:11:28+00:00\" \/>\n<meta property=\"og:image\" content=\"https:\/\/www.exploring-umbria.com\/wp-content\/uploads\/2019\/05\/Todi-Piazza.jpeg\" \/>\n\t<meta property=\"og:image:width\" content=\"1800\" \/>\n\t<meta property=\"og:image:height\" content=\"1200\" \/>\n\t<meta property=\"og:image:type\" content=\"image\/jpeg\" \/>\n<meta name=\"twitter:card\" content=\"summary_large_image\" \/>\n<meta name=\"twitter:label1\" content=\"Gesch\u00e4tzte Lesezeit\" \/>\n\t<meta name=\"twitter:data1\" content=\"1\u00a0Minute\" \/>\n<script type=\"application\/ld+json\" class=\"yoast-schema-graph\">{\"@context\":\"https:\/\/schema.org\",\"@graph\":[{\"@type\":\"Organization\",\"@id\":\"https:\/\/www.exploring-umbria.com\/de\/#organization\",\"name\":\"Exploring Umbria\",\"url\":\"https:\/\/www.exploring-umbria.com\/de\/\",\"sameAs\":[\"https:\/\/www.facebook.com\/exploringumbria\/\",\"https:\/\/www.instagram.com\/exploringumbria\/\"],\"logo\":{\"@type\":\"ImageObject\",\"@id\":\"https:\/\/www.exploring-umbria.com\/de\/#logo\",\"inLanguage\":\"de\",\"url\":\"https:\/\/www.exploring-umbria.com\/wp-content\/uploads\/2019\/08\/solo-logo-verde.jpg\",\"contentUrl\":\"https:\/\/www.exploring-umbria.com\/wp-content\/uploads\/2019\/08\/solo-logo-verde.jpg\",\"width\":952,\"height\":532,\"caption\":\"Exploring Umbria\"},\"image\":{\"@id\":\"https:\/\/www.exploring-umbria.com\/de\/#logo\"}},{\"@type\":\"WebSite\",\"@id\":\"https:\/\/www.exploring-umbria.com\/de\/#website\",\"url\":\"https:\/\/www.exploring-umbria.com\/de\/\",\"name\":\"Exploring Umbria\",\"description\":\"your dates, your mood, your trip\",\"publisher\":{\"@id\":\"https:\/\/www.exploring-umbria.com\/de\/#organization\"},\"potentialAction\":[{\"@type\":\"SearchAction\",\"target\":{\"@type\":\"EntryPoint\",\"urlTemplate\":\"https:\/\/www.exploring-umbria.com\/de\/?s={search_term_string}\"},\"query-input\":\"required name=search_term_string\"}],\"inLanguage\":\"de\"},{\"@type\":\"ImageObject\",\"@id\":\"https:\/\/www.exploring-umbria.com\/de\/entdecke-todi\/sehenswuerdigkeiten-in-todi\/piazza-del-popolo\/#primaryimage\",\"inLanguage\":\"de\",\"url\":\"https:\/\/www.exploring-umbria.com\/wp-content\/uploads\/2019\/05\/Todi-Piazza.jpeg\",\"contentUrl\":\"https:\/\/www.exploring-umbria.com\/wp-content\/uploads\/2019\/05\/Todi-Piazza.jpeg\",\"width\":1800,\"height\":1200,\"caption\":\"La splendida piazza del Popolo di Todi\"},{\"@type\":\"WebPage\",\"@id\":\"https:\/\/www.exploring-umbria.com\/de\/entdecke-todi\/sehenswuerdigkeiten-in-todi\/piazza-del-popolo\/#webpage\",\"url\":\"https:\/\/www.exploring-umbria.com\/de\/entdecke-todi\/sehenswuerdigkeiten-in-todi\/piazza-del-popolo\/\",\"name\":\"Piazza del Popolo di Todi (Volksplatz von Todi) - Exploring Umbria\",\"isPartOf\":{\"@id\":\"https:\/\/www.exploring-umbria.com\/de\/#website\"},\"primaryImageOfPage\":{\"@id\":\"https:\/\/www.exploring-umbria.com\/de\/entdecke-todi\/sehenswuerdigkeiten-in-todi\/piazza-del-popolo\/#primaryimage\"},\"datePublished\":\"2019-03-08T11:29:48+00:00\",\"dateModified\":\"2020-01-23T23:11:28+00:00\",\"description\":\"Auf den \u00dcberresten des antiken Forum Romanum liegend, war Piazza del Popolo di Todi seit dem 1. Jahrhundert v. Chr. das politische, religi\u00f6se,\",\"breadcrumb\":{\"@id\":\"https:\/\/www.exploring-umbria.com\/de\/entdecke-todi\/sehenswuerdigkeiten-in-todi\/piazza-del-popolo\/#breadcrumb\"},\"inLanguage\":\"de\",\"potentialAction\":[{\"@type\":\"ReadAction\",\"target\":[\"https:\/\/www.exploring-umbria.com\/de\/entdecke-todi\/sehenswuerdigkeiten-in-todi\/piazza-del-popolo\/\"]}]},{\"@type\":\"BreadcrumbList\",\"@id\":\"https:\/\/www.exploring-umbria.com\/de\/entdecke-todi\/sehenswuerdigkeiten-in-todi\/piazza-del-popolo\/#breadcrumb\",\"itemListElement\":[{\"@type\":\"ListItem\",\"position\":1,\"name\":\"Home\",\"item\":\"https:\/\/www.exploring-umbria.com\/de\/\"},{\"@type\":\"ListItem\",\"position\":2,\"name\":\"Entdecke Todi\",\"item\":\"https:\/\/www.exploring-umbria.com\/de\/entdecke-todi\/\"},{\"@type\":\"ListItem\",\"position\":3,\"name\":\"Sehensw\u00fcrdigkeiten in Todi\",\"item\":\"https:\/\/www.exploring-umbria.com\/de\/entdecke-todi\/sehenswuerdigkeiten-in-todi\/\"},{\"@type\":\"ListItem\",\"position\":4,\"name\":\"Piazza del Popolo di Todi (Volksplatz von Todi)\"}]}]}<\/script>\n<!-- \/ Yoast SEO plugin. -->","yoast_head_json":{"title":"Piazza del Popolo di Todi (Volksplatz von Todi) - Exploring Umbria","description":"Auf den \u00dcberresten des antiken Forum Romanum liegend, war Piazza del Popolo di Todi seit dem 1. Jahrhundert v. Chr. das politische, religi\u00f6se,","robots":{"index":"index","follow":"follow","max-snippet":"max-snippet:-1","max-image-preview":"max-image-preview:large","max-video-preview":"max-video-preview:-1"},"canonical":"https:\/\/www.exploring-umbria.com\/de\/entdecke-todi\/sehenswuerdigkeiten-in-todi\/piazza-del-popolo\/","og_locale":"de_DE","og_type":"article","og_title":"Piazza del Popolo di Todi (Volksplatz von Todi) - Exploring Umbria","og_description":"Auf den \u00dcberresten des antiken Forum Romanum liegend, war Piazza del Popolo di Todi seit dem 1. Jahrhundert v. Chr. das politische, religi\u00f6se,","og_url":"https:\/\/www.exploring-umbria.com\/de\/entdecke-todi\/sehenswuerdigkeiten-in-todi\/piazza-del-popolo\/","og_site_name":"Exploring Umbria","article_publisher":"https:\/\/www.facebook.com\/exploringumbria\/","article_modified_time":"2020-01-23T23:11:28+00:00","og_image":[{"width":1800,"height":1200,"url":"https:\/\/www.exploring-umbria.com\/wp-content\/uploads\/2019\/05\/Todi-Piazza.jpeg","type":"image\/jpeg"}],"twitter_card":"summary_large_image","twitter_misc":{"Gesch\u00e4tzte Lesezeit":"1\u00a0Minute"},"schema":{"@context":"https:\/\/schema.org","@graph":[{"@type":"Organization","@id":"https:\/\/www.exploring-umbria.com\/de\/#organization","name":"Exploring Umbria","url":"https:\/\/www.exploring-umbria.com\/de\/","sameAs":["https:\/\/www.facebook.com\/exploringumbria\/","https:\/\/www.instagram.com\/exploringumbria\/"],"logo":{"@type":"ImageObject","@id":"https:\/\/www.exploring-umbria.com\/de\/#logo","inLanguage":"de","url":"https:\/\/www.exploring-umbria.com\/wp-content\/uploads\/2019\/08\/solo-logo-verde.jpg","contentUrl":"https:\/\/www.exploring-umbria.com\/wp-content\/uploads\/2019\/08\/solo-logo-verde.jpg","width":952,"height":532,"caption":"Exploring Umbria"},"image":{"@id":"https:\/\/www.exploring-umbria.com\/de\/#logo"}},{"@type":"WebSite","@id":"https:\/\/www.exploring-umbria.com\/de\/#website","url":"https:\/\/www.exploring-umbria.com\/de\/","name":"Exploring Umbria","description":"your dates, your mood, your trip","publisher":{"@id":"https:\/\/www.exploring-umbria.com\/de\/#organization"},"potentialAction":[{"@type":"SearchAction","target":{"@type":"EntryPoint","urlTemplate":"https:\/\/www.exploring-umbria.com\/de\/?s={search_term_string}"},"query-input":"required name=search_term_string"}],"inLanguage":"de"},{"@type":"ImageObject","@id":"https:\/\/www.exploring-umbria.com\/de\/entdecke-todi\/sehenswuerdigkeiten-in-todi\/piazza-del-popolo\/#primaryimage","inLanguage":"de","url":"https:\/\/www.exploring-umbria.com\/wp-content\/uploads\/2019\/05\/Todi-Piazza.jpeg","contentUrl":"https:\/\/www.exploring-umbria.com\/wp-content\/uploads\/2019\/05\/Todi-Piazza.jpeg","width":1800,"height":1200,"caption":"La splendida piazza del Popolo di Todi"},{"@type":"WebPage","@id":"https:\/\/www.exploring-umbria.com\/de\/entdecke-todi\/sehenswuerdigkeiten-in-todi\/piazza-del-popolo\/#webpage","url":"https:\/\/www.exploring-umbria.com\/de\/entdecke-todi\/sehenswuerdigkeiten-in-todi\/piazza-del-popolo\/","name":"Piazza del Popolo di Todi (Volksplatz von Todi) - Exploring Umbria","isPartOf":{"@id":"https:\/\/www.exploring-umbria.com\/de\/#website"},"primaryImageOfPage":{"@id":"https:\/\/www.exploring-umbria.com\/de\/entdecke-todi\/sehenswuerdigkeiten-in-todi\/piazza-del-popolo\/#primaryimage"},"datePublished":"2019-03-08T11:29:48+00:00","dateModified":"2020-01-23T23:11:28+00:00","description":"Auf den \u00dcberresten des antiken Forum Romanum liegend, war Piazza del Popolo di Todi seit dem 1. Jahrhundert v. Chr. das politische, religi\u00f6se,","breadcrumb":{"@id":"https:\/\/www.exploring-umbria.com\/de\/entdecke-todi\/sehenswuerdigkeiten-in-todi\/piazza-del-popolo\/#breadcrumb"},"inLanguage":"de","potentialAction":[{"@type":"ReadAction","target":["https:\/\/www.exploring-umbria.com\/de\/entdecke-todi\/sehenswuerdigkeiten-in-todi\/piazza-del-popolo\/"]}]},{"@type":"BreadcrumbList","@id":"https:\/\/www.exploring-umbria.com\/de\/entdecke-todi\/sehenswuerdigkeiten-in-todi\/piazza-del-popolo\/#breadcrumb","itemListElement":[{"@type":"ListItem","position":1,"name":"Home","item":"https:\/\/www.exploring-umbria.com\/de\/"},{"@type":"ListItem","position":2,"name":"Entdecke Todi","item":"https:\/\/www.exploring-umbria.com\/de\/entdecke-todi\/"},{"@type":"ListItem","position":3,"name":"Sehensw\u00fcrdigkeiten in Todi","item":"https:\/\/www.exploring-umbria.com\/de\/entdecke-todi\/sehenswuerdigkeiten-in-todi\/"},{"@type":"ListItem","position":4,"name":"Piazza del Popolo di Todi (Volksplatz von Todi)"}]}]}},"_links":{"self":[{"href":"https:\/\/www.exploring-umbria.com\/de\/wp-json\/wp\/v2\/pages\/2881"}],"collection":[{"href":"https:\/\/www.exploring-umbria.com\/de\/wp-json\/wp\/v2\/pages"}],"about":[{"href":"https:\/\/www.exploring-umbria.com\/de\/wp-json\/wp\/v2\/types\/page"}],"author":[{"embeddable":true,"href":"https:\/\/www.exploring-umbria.com\/de\/wp-json\/wp\/v2\/users\/4"}],"replies":[{"embeddable":true,"href":"https:\/\/www.exploring-umbria.com\/de\/wp-json\/wp\/v2\/comments?post=2881"}],"version-history":[{"count":7,"href":"https:\/\/www.exploring-umbria.com\/de\/wp-json\/wp\/v2\/pages\/2881\/revisions"}],"predecessor-version":[{"id":29983,"href":"https:\/\/www.exploring-umbria.com\/de\/wp-json\/wp\/v2\/pages\/2881\/revisions\/29983"}],"up":[{"embeddable":true,"href":"https:\/\/www.exploring-umbria.com\/de\/wp-json\/wp\/v2\/pages\/2943"}],"wp:featuredmedia":[{"embeddable":true,"href":"https:\/\/www.exploring-umbria.com\/de\/wp-json\/wp\/v2\/media\/6745"}],"wp:attachment":[{"href":"https:\/\/www.exploring-umbria.com\/de\/wp-json\/wp\/v2\/media?parent=2881"}],"curies":[{"name":"wp","href":"https:\/\/api.w.org\/{rel}","templated":true}]}}