{"id":28761,"date":"2019-05-20T02:39:50","date_gmt":"2019-05-20T00:39:50","guid":{"rendered":"https:\/\/www.exploring-umbria.com\/entdecke-spoleto\/sehenswuerdigkeiten-in-spoleto\/cinta-muraria\/"},"modified":"2020-01-09T19:50:12","modified_gmt":"2020-01-09T18:50:12","slug":"stadtmauer","status":"publish","type":"page","link":"https:\/\/www.exploring-umbria.com\/de\/entdecke-spoleto\/sehenswuerdigkeiten-in-spoleto\/stadtmauer\/","title":{"rendered":"Stadtmauer"},"content":{"rendered":"<p>Spoleto hat, wie die meisten umbrischen St\u00e4dte, sein antikes Erscheinungsbild, das von einer alten und eindrucksvollen Stadtmauer gepr\u00e4gt ist, die noch in verschiedenen Bereichen der Stadt zu sehen ist, fast zur G\u00e4nze aufrecht erhalten.<br \/>\nIn \u00dcberresten von Mauern, die von Arch\u00e4ologen untersucht wurden, waren verschiedene Bautechniken zu erkennen, die auf eine Bauzeit zwischen dem vierten und ersten Jahrhundert v. Chr. zur\u00fcckgehen. In der Tat zeigten die R\u00f6mer Interesse an der Stadt selbst und an ihrer Verteidigung, vor allem nach der Umwandlung von Spoleto in eine Kolonie und sp\u00e4ter in ein <a href=\"https:\/\/de.wikipedia.org\/wiki\/Municipium\" rel=\"noopener noreferrer\" target=\"_blank\">Municipium <\/a>im Jahr 241.<br \/>\nDie Mauern m\u00fcssen eine Gesamtl\u00e4nge von etwa zwei Kilometern gehabt haben. Entlang dieser Strecke sind die Bautechniken des polygonalen und des quadratischen Werkes aus besonders langen, quadratischen Bl\u00f6cken zu erkennen.<br \/>\nDie wichtigsten Orte, an denen man noch Reste der alten Mauern zwischen den Stra\u00dfen der Stadt sehen kann, sind: entlang der Via dei Cecili, wo ein gro\u00dfer Teil des Klosters S. Nicol\u00f2 noch von den r\u00f6mischen Terrassen gest\u00fctzt wird; in der N\u00e4he des Gartens Piperno, wo eine lateinische Inschrift noch an die Stadtvorsteher erinnert, die die Mauer im ersten Jahrhundert v. Chr. restaurieren lie\u00dfen, und schlie\u00dflich die beiden noch erhaltenen B\u00f6gen der ber\u00fchmten <a href=\"https:\/\/www.exploring-umbria.com\/de\/subcategories\/cosa-fare-e-cosa-vedere-a-spoleto\/#heading28465\" rel=\"noopener noreferrer\" target=\"_blank\">Ponte Sanguinario<\/a>, in der N\u00e4he der Piazza Garibaldi.<\/p>\n","protected":false},"excerpt":{"rendered":"<p>Spoleto hat, wie die meisten umbrischen St\u00e4dte, sein antikes Erscheinungsbild, das von einer alten und eindrucksvollen Stadtmauer gepr\u00e4gt ist, die noch in verschiedenen Bereichen der Stadt zu sehen ist, fast zur G\u00e4nze aufrecht erhalten. In \u00dcberresten von Mauern, die von Arch\u00e4ologen untersucht wurden, waren verschiedene Bautechniken zu erkennen, die auf eine Bauzeit zwischen dem vierten [&hellip;]<\/p>\n","protected":false},"author":4,"featured_media":0,"parent":28389,"menu_order":18,"comment_status":"closed","ping_status":"closed","template":"","meta":{"om_disable_all_campaigns":false,"_monsterinsights_skip_tracking":false,"_monsterinsights_sitenote_active":false,"_monsterinsights_sitenote_note":"","_monsterinsights_sitenote_category":0},"acf":[],"yoast_head":"<!-- This site is optimized with the Yoast SEO plugin v18.4.1 - https:\/\/yoast.com\/wordpress\/plugins\/seo\/ -->\n<title>Stadtmauer - Exploring Umbria<\/title>\n<meta name=\"description\" content=\"Spoleto hat, wie die meisten umbrischen St\u00e4dte, sein antikes Erscheinungsbild, das von einer alten und eindrucksvollen Stadtmauer gepr\u00e4gt ist, die noch in\" \/>\n<meta name=\"robots\" content=\"index, follow, max-snippet:-1, max-image-preview:large, max-video-preview:-1\" \/>\n<link rel=\"canonical\" href=\"https:\/\/www.exploring-umbria.com\/de\/entdecke-spoleto\/sehenswuerdigkeiten-in-spoleto\/stadtmauer\/\" \/>\n<meta property=\"og:locale\" content=\"de_DE\" \/>\n<meta property=\"og:type\" content=\"article\" \/>\n<meta property=\"og:title\" content=\"Stadtmauer - Exploring Umbria\" \/>\n<meta property=\"og:description\" content=\"Spoleto hat, wie die meisten umbrischen St\u00e4dte, sein antikes Erscheinungsbild, das von einer alten und eindrucksvollen Stadtmauer gepr\u00e4gt ist, die noch in\" \/>\n<meta property=\"og:url\" content=\"https:\/\/www.exploring-umbria.com\/de\/entdecke-spoleto\/sehenswuerdigkeiten-in-spoleto\/stadtmauer\/\" \/>\n<meta property=\"og:site_name\" content=\"Exploring Umbria\" \/>\n<meta property=\"article:publisher\" content=\"https:\/\/www.facebook.com\/exploringumbria\/\" \/>\n<meta property=\"article:modified_time\" content=\"2020-01-09T18:50:12+00:00\" \/>\n<meta name=\"twitter:card\" content=\"summary_large_image\" \/>\n<meta name=\"twitter:label1\" content=\"Gesch\u00e4tzte Lesezeit\" \/>\n\t<meta name=\"twitter:data1\" content=\"1\u00a0Minute\" \/>\n<script type=\"application\/ld+json\" class=\"yoast-schema-graph\">{\"@context\":\"https:\/\/schema.org\",\"@graph\":[{\"@type\":\"Organization\",\"@id\":\"https:\/\/www.exploring-umbria.com\/de\/#organization\",\"name\":\"Exploring Umbria\",\"url\":\"https:\/\/www.exploring-umbria.com\/de\/\",\"sameAs\":[\"https:\/\/www.facebook.com\/exploringumbria\/\",\"https:\/\/www.instagram.com\/exploringumbria\/\"],\"logo\":{\"@type\":\"ImageObject\",\"@id\":\"https:\/\/www.exploring-umbria.com\/de\/#logo\",\"inLanguage\":\"de\",\"url\":\"https:\/\/www.exploring-umbria.com\/wp-content\/uploads\/2019\/08\/solo-logo-verde.jpg\",\"contentUrl\":\"https:\/\/www.exploring-umbria.com\/wp-content\/uploads\/2019\/08\/solo-logo-verde.jpg\",\"width\":952,\"height\":532,\"caption\":\"Exploring Umbria\"},\"image\":{\"@id\":\"https:\/\/www.exploring-umbria.com\/de\/#logo\"}},{\"@type\":\"WebSite\",\"@id\":\"https:\/\/www.exploring-umbria.com\/de\/#website\",\"url\":\"https:\/\/www.exploring-umbria.com\/de\/\",\"name\":\"Exploring Umbria\",\"description\":\"your dates, your mood, your trip\",\"publisher\":{\"@id\":\"https:\/\/www.exploring-umbria.com\/de\/#organization\"},\"potentialAction\":[{\"@type\":\"SearchAction\",\"target\":{\"@type\":\"EntryPoint\",\"urlTemplate\":\"https:\/\/www.exploring-umbria.com\/de\/?s={search_term_string}\"},\"query-input\":\"required name=search_term_string\"}],\"inLanguage\":\"de\"},{\"@type\":\"WebPage\",\"@id\":\"https:\/\/www.exploring-umbria.com\/de\/entdecke-spoleto\/sehenswuerdigkeiten-in-spoleto\/stadtmauer\/#webpage\",\"url\":\"https:\/\/www.exploring-umbria.com\/de\/entdecke-spoleto\/sehenswuerdigkeiten-in-spoleto\/stadtmauer\/\",\"name\":\"Stadtmauer - Exploring Umbria\",\"isPartOf\":{\"@id\":\"https:\/\/www.exploring-umbria.com\/de\/#website\"},\"datePublished\":\"2019-05-20T00:39:50+00:00\",\"dateModified\":\"2020-01-09T18:50:12+00:00\",\"description\":\"Spoleto hat, wie die meisten umbrischen St\u00e4dte, sein antikes Erscheinungsbild, das von einer alten und eindrucksvollen Stadtmauer gepr\u00e4gt ist, die noch in\",\"breadcrumb\":{\"@id\":\"https:\/\/www.exploring-umbria.com\/de\/entdecke-spoleto\/sehenswuerdigkeiten-in-spoleto\/stadtmauer\/#breadcrumb\"},\"inLanguage\":\"de\",\"potentialAction\":[{\"@type\":\"ReadAction\",\"target\":[\"https:\/\/www.exploring-umbria.com\/de\/entdecke-spoleto\/sehenswuerdigkeiten-in-spoleto\/stadtmauer\/\"]}]},{\"@type\":\"BreadcrumbList\",\"@id\":\"https:\/\/www.exploring-umbria.com\/de\/entdecke-spoleto\/sehenswuerdigkeiten-in-spoleto\/stadtmauer\/#breadcrumb\",\"itemListElement\":[{\"@type\":\"ListItem\",\"position\":1,\"name\":\"Home\",\"item\":\"https:\/\/www.exploring-umbria.com\/de\/\"},{\"@type\":\"ListItem\",\"position\":2,\"name\":\"Entdecke Spoleto\",\"item\":\"https:\/\/www.exploring-umbria.com\/de\/entdecke-spoleto\/\"},{\"@type\":\"ListItem\",\"position\":3,\"name\":\"Sehensw\u00fcrdigkeiten in Spoleto\",\"item\":\"https:\/\/www.exploring-umbria.com\/de\/entdecke-spoleto\/sehenswuerdigkeiten-in-spoleto\/\"},{\"@type\":\"ListItem\",\"position\":4,\"name\":\"Stadtmauer\"}]}]}<\/script>\n<!-- \/ Yoast SEO plugin. -->","yoast_head_json":{"title":"Stadtmauer - Exploring Umbria","description":"Spoleto hat, wie die meisten umbrischen St\u00e4dte, sein antikes Erscheinungsbild, das von einer alten und eindrucksvollen Stadtmauer gepr\u00e4gt ist, die noch in","robots":{"index":"index","follow":"follow","max-snippet":"max-snippet:-1","max-image-preview":"max-image-preview:large","max-video-preview":"max-video-preview:-1"},"canonical":"https:\/\/www.exploring-umbria.com\/de\/entdecke-spoleto\/sehenswuerdigkeiten-in-spoleto\/stadtmauer\/","og_locale":"de_DE","og_type":"article","og_title":"Stadtmauer - Exploring Umbria","og_description":"Spoleto hat, wie die meisten umbrischen St\u00e4dte, sein antikes Erscheinungsbild, das von einer alten und eindrucksvollen Stadtmauer gepr\u00e4gt ist, die noch in","og_url":"https:\/\/www.exploring-umbria.com\/de\/entdecke-spoleto\/sehenswuerdigkeiten-in-spoleto\/stadtmauer\/","og_site_name":"Exploring Umbria","article_publisher":"https:\/\/www.facebook.com\/exploringumbria\/","article_modified_time":"2020-01-09T18:50:12+00:00","twitter_card":"summary_large_image","twitter_misc":{"Gesch\u00e4tzte Lesezeit":"1\u00a0Minute"},"schema":{"@context":"https:\/\/schema.org","@graph":[{"@type":"Organization","@id":"https:\/\/www.exploring-umbria.com\/de\/#organization","name":"Exploring Umbria","url":"https:\/\/www.exploring-umbria.com\/de\/","sameAs":["https:\/\/www.facebook.com\/exploringumbria\/","https:\/\/www.instagram.com\/exploringumbria\/"],"logo":{"@type":"ImageObject","@id":"https:\/\/www.exploring-umbria.com\/de\/#logo","inLanguage":"de","url":"https:\/\/www.exploring-umbria.com\/wp-content\/uploads\/2019\/08\/solo-logo-verde.jpg","contentUrl":"https:\/\/www.exploring-umbria.com\/wp-content\/uploads\/2019\/08\/solo-logo-verde.jpg","width":952,"height":532,"caption":"Exploring Umbria"},"image":{"@id":"https:\/\/www.exploring-umbria.com\/de\/#logo"}},{"@type":"WebSite","@id":"https:\/\/www.exploring-umbria.com\/de\/#website","url":"https:\/\/www.exploring-umbria.com\/de\/","name":"Exploring Umbria","description":"your dates, your mood, your trip","publisher":{"@id":"https:\/\/www.exploring-umbria.com\/de\/#organization"},"potentialAction":[{"@type":"SearchAction","target":{"@type":"EntryPoint","urlTemplate":"https:\/\/www.exploring-umbria.com\/de\/?s={search_term_string}"},"query-input":"required name=search_term_string"}],"inLanguage":"de"},{"@type":"WebPage","@id":"https:\/\/www.exploring-umbria.com\/de\/entdecke-spoleto\/sehenswuerdigkeiten-in-spoleto\/stadtmauer\/#webpage","url":"https:\/\/www.exploring-umbria.com\/de\/entdecke-spoleto\/sehenswuerdigkeiten-in-spoleto\/stadtmauer\/","name":"Stadtmauer - Exploring Umbria","isPartOf":{"@id":"https:\/\/www.exploring-umbria.com\/de\/#website"},"datePublished":"2019-05-20T00:39:50+00:00","dateModified":"2020-01-09T18:50:12+00:00","description":"Spoleto hat, wie die meisten umbrischen St\u00e4dte, sein antikes Erscheinungsbild, das von einer alten und eindrucksvollen Stadtmauer gepr\u00e4gt ist, die noch in","breadcrumb":{"@id":"https:\/\/www.exploring-umbria.com\/de\/entdecke-spoleto\/sehenswuerdigkeiten-in-spoleto\/stadtmauer\/#breadcrumb"},"inLanguage":"de","potentialAction":[{"@type":"ReadAction","target":["https:\/\/www.exploring-umbria.com\/de\/entdecke-spoleto\/sehenswuerdigkeiten-in-spoleto\/stadtmauer\/"]}]},{"@type":"BreadcrumbList","@id":"https:\/\/www.exploring-umbria.com\/de\/entdecke-spoleto\/sehenswuerdigkeiten-in-spoleto\/stadtmauer\/#breadcrumb","itemListElement":[{"@type":"ListItem","position":1,"name":"Home","item":"https:\/\/www.exploring-umbria.com\/de\/"},{"@type":"ListItem","position":2,"name":"Entdecke Spoleto","item":"https:\/\/www.exploring-umbria.com\/de\/entdecke-spoleto\/"},{"@type":"ListItem","position":3,"name":"Sehensw\u00fcrdigkeiten in Spoleto","item":"https:\/\/www.exploring-umbria.com\/de\/entdecke-spoleto\/sehenswuerdigkeiten-in-spoleto\/"},{"@type":"ListItem","position":4,"name":"Stadtmauer"}]}]}},"_links":{"self":[{"href":"https:\/\/www.exploring-umbria.com\/de\/wp-json\/wp\/v2\/pages\/28761"}],"collection":[{"href":"https:\/\/www.exploring-umbria.com\/de\/wp-json\/wp\/v2\/pages"}],"about":[{"href":"https:\/\/www.exploring-umbria.com\/de\/wp-json\/wp\/v2\/types\/page"}],"author":[{"embeddable":true,"href":"https:\/\/www.exploring-umbria.com\/de\/wp-json\/wp\/v2\/users\/4"}],"replies":[{"embeddable":true,"href":"https:\/\/www.exploring-umbria.com\/de\/wp-json\/wp\/v2\/comments?post=28761"}],"version-history":[{"count":2,"href":"https:\/\/www.exploring-umbria.com\/de\/wp-json\/wp\/v2\/pages\/28761\/revisions"}],"predecessor-version":[{"id":28763,"href":"https:\/\/www.exploring-umbria.com\/de\/wp-json\/wp\/v2\/pages\/28761\/revisions\/28763"}],"up":[{"embeddable":true,"href":"https:\/\/www.exploring-umbria.com\/de\/wp-json\/wp\/v2\/pages\/28389"}],"wp:attachment":[{"href":"https:\/\/www.exploring-umbria.com\/de\/wp-json\/wp\/v2\/media?parent=28761"}],"curies":[{"name":"wp","href":"https:\/\/api.w.org\/{rel}","templated":true}]}}