{"id":28729,"date":"2019-05-20T02:43:34","date_gmt":"2019-05-20T00:43:34","guid":{"rendered":"https:\/\/www.exploring-umbria.com\/entdecke-spoleto\/sehenswuerdigkeiten-in-spoleto\/arco-di-druso-e-germanico\/"},"modified":"2020-01-09T15:41:05","modified_gmt":"2020-01-09T14:41:05","slug":"bogen-von-drusus-und-germanicus-arco-di-druso-e-germanico","status":"publish","type":"page","link":"https:\/\/www.exploring-umbria.com\/de\/entdecke-spoleto\/sehenswuerdigkeiten-in-spoleto\/bogen-von-drusus-und-germanicus-arco-di-druso-e-germanico\/","title":{"rendered":"Bogen von Drusus und Germanicus (Arco di Druso e Germanico)"},"content":{"rendered":"<p>Der Bogen von Drusus und Germanicus befindet sich wenige Schritte von der Piazza del Mercato entfernt, dem ehemaligen Forum.<br \/>\nAufgrund der noch heute sichtbaren Inschriften kann mit Sicherheit darauf geschlossen werden, dass der Bogen aus dem Jahr 23 n. Chr. stammt und infolge eines Dekrets des Senates zu Ehren von Drusus, Sohn des Kaisers <a href=\"https:\/\/de.wikipedia.org\/wiki\/Tiberius\" rel=\"noopener noreferrer\" target=\"_blank\">Tiberius<\/a>, und Germanicus, Cousin sowie nach der Adoption durch Tiberius auch Bruder von Drusus, errichtet. Der Bogen besteht aus einem einzigen Gew\u00f6lbe aus gro\u00dfen, quadratischen Steinbl\u00f6cken, die an der Vorderseite gemei\u00dfelt wurden, sodass sie einen Rahmen darstellen. Die Verzierungen sind bruchst\u00fcckhaft bis heute vorhanden. Im Mittelalter wurde der Bogen in die angrenzenden Geb\u00e4ude eingearbeitet und nur dank der in den 50er-Jahren erfolgten Renovierungsarbeiten kann heute der \u00f6stliche Teil des Bogens noch bestaunt werden.<\/p>\n","protected":false},"excerpt":{"rendered":"<p>Der Bogen von Drusus und Germanicus befindet sich wenige Schritte von der Piazza del Mercato entfernt, dem ehemaligen Forum. Aufgrund der noch heute sichtbaren Inschriften kann mit Sicherheit darauf geschlossen werden, dass der Bogen aus dem Jahr 23 n. Chr. stammt und infolge eines Dekrets des Senates zu Ehren von Drusus, Sohn des Kaisers Tiberius, [&hellip;]<\/p>\n","protected":false},"author":4,"featured_media":28435,"parent":28389,"menu_order":21,"comment_status":"closed","ping_status":"closed","template":"","meta":{"om_disable_all_campaigns":false,"_monsterinsights_skip_tracking":false,"_monsterinsights_sitenote_active":false,"_monsterinsights_sitenote_note":"","_monsterinsights_sitenote_category":0},"acf":[],"yoast_head":"<!-- This site is optimized with the Yoast SEO plugin v18.4.1 - https:\/\/yoast.com\/wordpress\/plugins\/seo\/ -->\n<title>Bogen von Drusus und Germanicus (Arco di Druso e Germanico) - Exploring Umbria<\/title>\n<meta name=\"description\" content=\"Der Bogen von Drusus und Germanicus befindet sich wenige Schritte von der Piazza del Mercato entfernt, dem ehemaligen Forum. Aufgrund der noch heute\" \/>\n<meta name=\"robots\" content=\"index, follow, max-snippet:-1, max-image-preview:large, max-video-preview:-1\" \/>\n<link rel=\"canonical\" href=\"https:\/\/www.exploring-umbria.com\/de\/entdecke-spoleto\/sehenswuerdigkeiten-in-spoleto\/bogen-von-drusus-und-germanicus-arco-di-druso-e-germanico\/\" \/>\n<meta property=\"og:locale\" content=\"de_DE\" \/>\n<meta property=\"og:type\" content=\"article\" \/>\n<meta property=\"og:title\" content=\"Bogen von Drusus und Germanicus (Arco di Druso e Germanico) - Exploring Umbria\" \/>\n<meta property=\"og:description\" content=\"Der Bogen von Drusus und Germanicus befindet sich wenige Schritte von der Piazza del Mercato entfernt, dem ehemaligen Forum. Aufgrund der noch heute\" \/>\n<meta property=\"og:url\" content=\"https:\/\/www.exploring-umbria.com\/de\/entdecke-spoleto\/sehenswuerdigkeiten-in-spoleto\/bogen-von-drusus-und-germanicus-arco-di-druso-e-germanico\/\" \/>\n<meta property=\"og:site_name\" content=\"Exploring Umbria\" \/>\n<meta property=\"article:publisher\" content=\"https:\/\/www.facebook.com\/exploringumbria\/\" \/>\n<meta property=\"article:modified_time\" content=\"2020-01-09T14:41:05+00:00\" \/>\n<meta property=\"og:image\" content=\"https:\/\/www.exploring-umbria.com\/wp-content\/uploads\/2020\/01\/Arco-di-Druso-e-Germanico-Spoleto-1.jpeg\" \/>\n\t<meta property=\"og:image:width\" content=\"1600\" \/>\n\t<meta property=\"og:image:height\" content=\"1200\" \/>\n\t<meta property=\"og:image:type\" content=\"image\/jpeg\" \/>\n<meta name=\"twitter:card\" content=\"summary_large_image\" \/>\n<meta name=\"twitter:label1\" content=\"Gesch\u00e4tzte Lesezeit\" \/>\n\t<meta name=\"twitter:data1\" content=\"1\u00a0Minute\" \/>\n<script type=\"application\/ld+json\" class=\"yoast-schema-graph\">{\"@context\":\"https:\/\/schema.org\",\"@graph\":[{\"@type\":\"Organization\",\"@id\":\"https:\/\/www.exploring-umbria.com\/de\/#organization\",\"name\":\"Exploring Umbria\",\"url\":\"https:\/\/www.exploring-umbria.com\/de\/\",\"sameAs\":[\"https:\/\/www.facebook.com\/exploringumbria\/\",\"https:\/\/www.instagram.com\/exploringumbria\/\"],\"logo\":{\"@type\":\"ImageObject\",\"@id\":\"https:\/\/www.exploring-umbria.com\/de\/#logo\",\"inLanguage\":\"de\",\"url\":\"https:\/\/www.exploring-umbria.com\/wp-content\/uploads\/2019\/08\/solo-logo-verde.jpg\",\"contentUrl\":\"https:\/\/www.exploring-umbria.com\/wp-content\/uploads\/2019\/08\/solo-logo-verde.jpg\",\"width\":952,\"height\":532,\"caption\":\"Exploring Umbria\"},\"image\":{\"@id\":\"https:\/\/www.exploring-umbria.com\/de\/#logo\"}},{\"@type\":\"WebSite\",\"@id\":\"https:\/\/www.exploring-umbria.com\/de\/#website\",\"url\":\"https:\/\/www.exploring-umbria.com\/de\/\",\"name\":\"Exploring Umbria\",\"description\":\"your dates, your mood, your trip\",\"publisher\":{\"@id\":\"https:\/\/www.exploring-umbria.com\/de\/#organization\"},\"potentialAction\":[{\"@type\":\"SearchAction\",\"target\":{\"@type\":\"EntryPoint\",\"urlTemplate\":\"https:\/\/www.exploring-umbria.com\/de\/?s={search_term_string}\"},\"query-input\":\"required name=search_term_string\"}],\"inLanguage\":\"de\"},{\"@type\":\"ImageObject\",\"@id\":\"https:\/\/www.exploring-umbria.com\/de\/entdecke-spoleto\/sehenswuerdigkeiten-in-spoleto\/bogen-von-drusus-und-germanicus-arco-di-druso-e-germanico\/#primaryimage\",\"inLanguage\":\"de\",\"url\":\"https:\/\/www.exploring-umbria.com\/wp-content\/uploads\/2020\/01\/Arco-di-Druso-e-Germanico-Spoleto-1.jpeg\",\"contentUrl\":\"https:\/\/www.exploring-umbria.com\/wp-content\/uploads\/2020\/01\/Arco-di-Druso-e-Germanico-Spoleto-1.jpeg\",\"width\":1600,\"height\":1200,\"caption\":\"l'arco di druso e germanico a spoleto\"},{\"@type\":\"WebPage\",\"@id\":\"https:\/\/www.exploring-umbria.com\/de\/entdecke-spoleto\/sehenswuerdigkeiten-in-spoleto\/bogen-von-drusus-und-germanicus-arco-di-druso-e-germanico\/#webpage\",\"url\":\"https:\/\/www.exploring-umbria.com\/de\/entdecke-spoleto\/sehenswuerdigkeiten-in-spoleto\/bogen-von-drusus-und-germanicus-arco-di-druso-e-germanico\/\",\"name\":\"Bogen von Drusus und Germanicus (Arco di Druso e Germanico) - Exploring Umbria\",\"isPartOf\":{\"@id\":\"https:\/\/www.exploring-umbria.com\/de\/#website\"},\"primaryImageOfPage\":{\"@id\":\"https:\/\/www.exploring-umbria.com\/de\/entdecke-spoleto\/sehenswuerdigkeiten-in-spoleto\/bogen-von-drusus-und-germanicus-arco-di-druso-e-germanico\/#primaryimage\"},\"datePublished\":\"2019-05-20T00:43:34+00:00\",\"dateModified\":\"2020-01-09T14:41:05+00:00\",\"description\":\"Der Bogen von Drusus und Germanicus befindet sich wenige Schritte von der Piazza del Mercato entfernt, dem ehemaligen Forum. Aufgrund der noch heute\",\"breadcrumb\":{\"@id\":\"https:\/\/www.exploring-umbria.com\/de\/entdecke-spoleto\/sehenswuerdigkeiten-in-spoleto\/bogen-von-drusus-und-germanicus-arco-di-druso-e-germanico\/#breadcrumb\"},\"inLanguage\":\"de\",\"potentialAction\":[{\"@type\":\"ReadAction\",\"target\":[\"https:\/\/www.exploring-umbria.com\/de\/entdecke-spoleto\/sehenswuerdigkeiten-in-spoleto\/bogen-von-drusus-und-germanicus-arco-di-druso-e-germanico\/\"]}]},{\"@type\":\"BreadcrumbList\",\"@id\":\"https:\/\/www.exploring-umbria.com\/de\/entdecke-spoleto\/sehenswuerdigkeiten-in-spoleto\/bogen-von-drusus-und-germanicus-arco-di-druso-e-germanico\/#breadcrumb\",\"itemListElement\":[{\"@type\":\"ListItem\",\"position\":1,\"name\":\"Home\",\"item\":\"https:\/\/www.exploring-umbria.com\/de\/\"},{\"@type\":\"ListItem\",\"position\":2,\"name\":\"Entdecke Spoleto\",\"item\":\"https:\/\/www.exploring-umbria.com\/de\/entdecke-spoleto\/\"},{\"@type\":\"ListItem\",\"position\":3,\"name\":\"Sehensw\u00fcrdigkeiten in Spoleto\",\"item\":\"https:\/\/www.exploring-umbria.com\/de\/entdecke-spoleto\/sehenswuerdigkeiten-in-spoleto\/\"},{\"@type\":\"ListItem\",\"position\":4,\"name\":\"Bogen von Drusus und Germanicus (Arco di Druso e Germanico)\"}]}]}<\/script>\n<!-- \/ Yoast SEO plugin. -->","yoast_head_json":{"title":"Bogen von Drusus und Germanicus (Arco di Druso e Germanico) - Exploring Umbria","description":"Der Bogen von Drusus und Germanicus befindet sich wenige Schritte von der Piazza del Mercato entfernt, dem ehemaligen Forum. Aufgrund der noch heute","robots":{"index":"index","follow":"follow","max-snippet":"max-snippet:-1","max-image-preview":"max-image-preview:large","max-video-preview":"max-video-preview:-1"},"canonical":"https:\/\/www.exploring-umbria.com\/de\/entdecke-spoleto\/sehenswuerdigkeiten-in-spoleto\/bogen-von-drusus-und-germanicus-arco-di-druso-e-germanico\/","og_locale":"de_DE","og_type":"article","og_title":"Bogen von Drusus und Germanicus (Arco di Druso e Germanico) - Exploring Umbria","og_description":"Der Bogen von Drusus und Germanicus befindet sich wenige Schritte von der Piazza del Mercato entfernt, dem ehemaligen Forum. Aufgrund der noch heute","og_url":"https:\/\/www.exploring-umbria.com\/de\/entdecke-spoleto\/sehenswuerdigkeiten-in-spoleto\/bogen-von-drusus-und-germanicus-arco-di-druso-e-germanico\/","og_site_name":"Exploring Umbria","article_publisher":"https:\/\/www.facebook.com\/exploringumbria\/","article_modified_time":"2020-01-09T14:41:05+00:00","og_image":[{"width":1600,"height":1200,"url":"https:\/\/www.exploring-umbria.com\/wp-content\/uploads\/2020\/01\/Arco-di-Druso-e-Germanico-Spoleto-1.jpeg","type":"image\/jpeg"}],"twitter_card":"summary_large_image","twitter_misc":{"Gesch\u00e4tzte Lesezeit":"1\u00a0Minute"},"schema":{"@context":"https:\/\/schema.org","@graph":[{"@type":"Organization","@id":"https:\/\/www.exploring-umbria.com\/de\/#organization","name":"Exploring Umbria","url":"https:\/\/www.exploring-umbria.com\/de\/","sameAs":["https:\/\/www.facebook.com\/exploringumbria\/","https:\/\/www.instagram.com\/exploringumbria\/"],"logo":{"@type":"ImageObject","@id":"https:\/\/www.exploring-umbria.com\/de\/#logo","inLanguage":"de","url":"https:\/\/www.exploring-umbria.com\/wp-content\/uploads\/2019\/08\/solo-logo-verde.jpg","contentUrl":"https:\/\/www.exploring-umbria.com\/wp-content\/uploads\/2019\/08\/solo-logo-verde.jpg","width":952,"height":532,"caption":"Exploring Umbria"},"image":{"@id":"https:\/\/www.exploring-umbria.com\/de\/#logo"}},{"@type":"WebSite","@id":"https:\/\/www.exploring-umbria.com\/de\/#website","url":"https:\/\/www.exploring-umbria.com\/de\/","name":"Exploring Umbria","description":"your dates, your mood, your trip","publisher":{"@id":"https:\/\/www.exploring-umbria.com\/de\/#organization"},"potentialAction":[{"@type":"SearchAction","target":{"@type":"EntryPoint","urlTemplate":"https:\/\/www.exploring-umbria.com\/de\/?s={search_term_string}"},"query-input":"required name=search_term_string"}],"inLanguage":"de"},{"@type":"ImageObject","@id":"https:\/\/www.exploring-umbria.com\/de\/entdecke-spoleto\/sehenswuerdigkeiten-in-spoleto\/bogen-von-drusus-und-germanicus-arco-di-druso-e-germanico\/#primaryimage","inLanguage":"de","url":"https:\/\/www.exploring-umbria.com\/wp-content\/uploads\/2020\/01\/Arco-di-Druso-e-Germanico-Spoleto-1.jpeg","contentUrl":"https:\/\/www.exploring-umbria.com\/wp-content\/uploads\/2020\/01\/Arco-di-Druso-e-Germanico-Spoleto-1.jpeg","width":1600,"height":1200,"caption":"l'arco di druso e germanico a spoleto"},{"@type":"WebPage","@id":"https:\/\/www.exploring-umbria.com\/de\/entdecke-spoleto\/sehenswuerdigkeiten-in-spoleto\/bogen-von-drusus-und-germanicus-arco-di-druso-e-germanico\/#webpage","url":"https:\/\/www.exploring-umbria.com\/de\/entdecke-spoleto\/sehenswuerdigkeiten-in-spoleto\/bogen-von-drusus-und-germanicus-arco-di-druso-e-germanico\/","name":"Bogen von Drusus und Germanicus (Arco di Druso e Germanico) - Exploring Umbria","isPartOf":{"@id":"https:\/\/www.exploring-umbria.com\/de\/#website"},"primaryImageOfPage":{"@id":"https:\/\/www.exploring-umbria.com\/de\/entdecke-spoleto\/sehenswuerdigkeiten-in-spoleto\/bogen-von-drusus-und-germanicus-arco-di-druso-e-germanico\/#primaryimage"},"datePublished":"2019-05-20T00:43:34+00:00","dateModified":"2020-01-09T14:41:05+00:00","description":"Der Bogen von Drusus und Germanicus befindet sich wenige Schritte von der Piazza del Mercato entfernt, dem ehemaligen Forum. Aufgrund der noch heute","breadcrumb":{"@id":"https:\/\/www.exploring-umbria.com\/de\/entdecke-spoleto\/sehenswuerdigkeiten-in-spoleto\/bogen-von-drusus-und-germanicus-arco-di-druso-e-germanico\/#breadcrumb"},"inLanguage":"de","potentialAction":[{"@type":"ReadAction","target":["https:\/\/www.exploring-umbria.com\/de\/entdecke-spoleto\/sehenswuerdigkeiten-in-spoleto\/bogen-von-drusus-und-germanicus-arco-di-druso-e-germanico\/"]}]},{"@type":"BreadcrumbList","@id":"https:\/\/www.exploring-umbria.com\/de\/entdecke-spoleto\/sehenswuerdigkeiten-in-spoleto\/bogen-von-drusus-und-germanicus-arco-di-druso-e-germanico\/#breadcrumb","itemListElement":[{"@type":"ListItem","position":1,"name":"Home","item":"https:\/\/www.exploring-umbria.com\/de\/"},{"@type":"ListItem","position":2,"name":"Entdecke Spoleto","item":"https:\/\/www.exploring-umbria.com\/de\/entdecke-spoleto\/"},{"@type":"ListItem","position":3,"name":"Sehensw\u00fcrdigkeiten in Spoleto","item":"https:\/\/www.exploring-umbria.com\/de\/entdecke-spoleto\/sehenswuerdigkeiten-in-spoleto\/"},{"@type":"ListItem","position":4,"name":"Bogen von Drusus und Germanicus (Arco di Druso e Germanico)"}]}]}},"_links":{"self":[{"href":"https:\/\/www.exploring-umbria.com\/de\/wp-json\/wp\/v2\/pages\/28729"}],"collection":[{"href":"https:\/\/www.exploring-umbria.com\/de\/wp-json\/wp\/v2\/pages"}],"about":[{"href":"https:\/\/www.exploring-umbria.com\/de\/wp-json\/wp\/v2\/types\/page"}],"author":[{"embeddable":true,"href":"https:\/\/www.exploring-umbria.com\/de\/wp-json\/wp\/v2\/users\/4"}],"replies":[{"embeddable":true,"href":"https:\/\/www.exploring-umbria.com\/de\/wp-json\/wp\/v2\/comments?post=28729"}],"version-history":[{"count":2,"href":"https:\/\/www.exploring-umbria.com\/de\/wp-json\/wp\/v2\/pages\/28729\/revisions"}],"predecessor-version":[{"id":28731,"href":"https:\/\/www.exploring-umbria.com\/de\/wp-json\/wp\/v2\/pages\/28729\/revisions\/28731"}],"up":[{"embeddable":true,"href":"https:\/\/www.exploring-umbria.com\/de\/wp-json\/wp\/v2\/pages\/28389"}],"wp:featuredmedia":[{"embeddable":true,"href":"https:\/\/www.exploring-umbria.com\/de\/wp-json\/wp\/v2\/media\/28435"}],"wp:attachment":[{"href":"https:\/\/www.exploring-umbria.com\/de\/wp-json\/wp\/v2\/media?parent=28729"}],"curies":[{"name":"wp","href":"https:\/\/api.w.org\/{rel}","templated":true}]}}