{"id":2872,"date":"2019-03-08T12:33:39","date_gmt":"2019-03-08T11:33:39","guid":{"rendered":"https:\/\/www.exploring-umbria.com\/museo-lapidario-della-citta-di-todi\/"},"modified":"2020-01-23T18:40:39","modified_gmt":"2020-01-23T17:40:39","slug":"museo-lapidario-della-citta-di-todi-staedtisches-gesteinsmuseum","status":"publish","type":"page","link":"https:\/\/www.exploring-umbria.com\/de\/entdecke-todi\/sehenswuerdigkeiten-in-todi\/museo-lapidario-della-citta-di-todi-staedtisches-gesteinsmuseum\/","title":{"rendered":"Museo Lapidario della citt\u00e0 di Todi (St\u00e4dtisches Gesteinsmuseum)"},"content":{"rendered":"<p>Offiziell am 26. September 2009 eingeweiht, nimmt das <strong>Museo Lapidario della citt\u00e0 di <a href=\"https:\/\/www.exploring-umbria.com\/de\/aktivitaten\/gefuehrte-tour-durch-todi\/\" target=\"_blank\" rel=\"noopener noreferrer\">Todi<\/a><\/strong> einige R\u00e4umlichkeiten des alten Klosters <a href=\"https:\/\/de.wikipedia.org\/wiki\/Johannes_der_T%C3%A4ufer\" target=\"_blank\" rel=\"noopener noreferrer\"><em>San Giovanni Battista<\/em><\/a>, besser bekannt als \u201e<em>Monastero delle Lucrezie<\/em>\u201c (\u201eLukrezienkloster\u201c), ein. Der Name leitet sich von der adeligen <em>Lucrezia della Genga<\/em> aus Ancona ab, die 1425 den 12 Mitschwestern des dritten franziskanischen Frauenordens ein Geb\u00e4ude dicht an den Stadtmauern \u00fcberlie\u00df. In der Apside der alten Kirche, die <em>S. Giovanni <\/em>(Hl. Johannes) gewidmet ist, und <strong>in<\/strong> <strong>den<\/strong> <strong>zwei<\/strong> angrenzenden <strong>Salons,<\/strong> finden heute <strong>zahlreiche<\/strong> <strong>arch\u00e4ologische<\/strong> <strong>Steinfunde<\/strong> Platz, die die lange Geschichte der Stadt vom R\u00f6mischen Zeitalter \u00fcber die Renaissance bis hin zur Moderne bezeugt. Die Sammlung geh\u00f6rt nach der Sammlung von Gubbio zu den \u00e4ltesten Sammlungen Umbriens.<\/p>\n","protected":false},"excerpt":{"rendered":"<p>Offiziell am 26. September 2009 eingeweiht, nimmt das Museo Lapidario della citt\u00e0 di Todi einige R\u00e4umlichkeiten des alten Klosters San Giovanni Battista, besser bekannt als \u201eMonastero delle Lucrezie\u201c (\u201eLukrezienkloster\u201c), ein. Der Name leitet sich von der adeligen Lucrezia della Genga aus Ancona ab, die 1425 den 12 Mitschwestern des dritten franziskanischen Frauenordens ein Geb\u00e4ude dicht [&hellip;]<\/p>\n","protected":false},"author":4,"featured_media":16648,"parent":2943,"menu_order":27,"comment_status":"closed","ping_status":"closed","template":"","meta":{"om_disable_all_campaigns":false,"_monsterinsights_skip_tracking":false,"_monsterinsights_sitenote_active":false,"_monsterinsights_sitenote_note":"","_monsterinsights_sitenote_category":0},"acf":[],"yoast_head":"<!-- This site is optimized with the Yoast SEO plugin v18.4.1 - https:\/\/yoast.com\/wordpress\/plugins\/seo\/ -->\n<title>Museo Lapidario della citt\u00e0 di Todi (St\u00e4dtisches Gesteinsmuseum) - Exploring Umbria<\/title>\n<meta name=\"description\" content=\"Offiziell am 26. September 2009 eingeweiht, nimmt das Museo Lapidario della citt\u00e0 di Todi einige R\u00e4umlichkeiten des alten Klosters San Giovanni Battista,\" \/>\n<meta name=\"robots\" content=\"index, follow, max-snippet:-1, max-image-preview:large, max-video-preview:-1\" \/>\n<link rel=\"canonical\" href=\"https:\/\/www.exploring-umbria.com\/de\/entdecke-todi\/sehenswuerdigkeiten-in-todi\/museo-lapidario-della-citta-di-todi-staedtisches-gesteinsmuseum\/\" \/>\n<meta property=\"og:locale\" content=\"de_DE\" \/>\n<meta property=\"og:type\" content=\"article\" \/>\n<meta property=\"og:title\" content=\"Museo Lapidario della citt\u00e0 di Todi (St\u00e4dtisches Gesteinsmuseum) - Exploring Umbria\" \/>\n<meta property=\"og:description\" content=\"Offiziell am 26. September 2009 eingeweiht, nimmt das Museo Lapidario della citt\u00e0 di Todi einige R\u00e4umlichkeiten des alten Klosters San Giovanni Battista,\" \/>\n<meta property=\"og:url\" content=\"https:\/\/www.exploring-umbria.com\/de\/entdecke-todi\/sehenswuerdigkeiten-in-todi\/museo-lapidario-della-citta-di-todi-staedtisches-gesteinsmuseum\/\" \/>\n<meta property=\"og:site_name\" content=\"Exploring Umbria\" \/>\n<meta property=\"article:publisher\" content=\"https:\/\/www.facebook.com\/exploringumbria\/\" \/>\n<meta property=\"article:modified_time\" content=\"2020-01-23T17:40:39+00:00\" \/>\n<meta property=\"og:image\" content=\"https:\/\/www.exploring-umbria.com\/wp-content\/uploads\/2019\/07\/TODI-CONVENTO-DELLE-LUCREZIE-13.jpg\" \/>\n\t<meta property=\"og:image:width\" content=\"1800\" \/>\n\t<meta property=\"og:image:height\" content=\"1200\" \/>\n\t<meta property=\"og:image:type\" content=\"image\/jpeg\" \/>\n<meta name=\"twitter:card\" content=\"summary_large_image\" \/>\n<meta name=\"twitter:label1\" content=\"Gesch\u00e4tzte Lesezeit\" \/>\n\t<meta name=\"twitter:data1\" content=\"1\u00a0Minute\" \/>\n<script type=\"application\/ld+json\" class=\"yoast-schema-graph\">{\"@context\":\"https:\/\/schema.org\",\"@graph\":[{\"@type\":\"Organization\",\"@id\":\"https:\/\/www.exploring-umbria.com\/de\/#organization\",\"name\":\"Exploring Umbria\",\"url\":\"https:\/\/www.exploring-umbria.com\/de\/\",\"sameAs\":[\"https:\/\/www.facebook.com\/exploringumbria\/\",\"https:\/\/www.instagram.com\/exploringumbria\/\"],\"logo\":{\"@type\":\"ImageObject\",\"@id\":\"https:\/\/www.exploring-umbria.com\/de\/#logo\",\"inLanguage\":\"de\",\"url\":\"https:\/\/www.exploring-umbria.com\/wp-content\/uploads\/2019\/08\/solo-logo-verde.jpg\",\"contentUrl\":\"https:\/\/www.exploring-umbria.com\/wp-content\/uploads\/2019\/08\/solo-logo-verde.jpg\",\"width\":952,\"height\":532,\"caption\":\"Exploring Umbria\"},\"image\":{\"@id\":\"https:\/\/www.exploring-umbria.com\/de\/#logo\"}},{\"@type\":\"WebSite\",\"@id\":\"https:\/\/www.exploring-umbria.com\/de\/#website\",\"url\":\"https:\/\/www.exploring-umbria.com\/de\/\",\"name\":\"Exploring Umbria\",\"description\":\"your dates, your mood, your trip\",\"publisher\":{\"@id\":\"https:\/\/www.exploring-umbria.com\/de\/#organization\"},\"potentialAction\":[{\"@type\":\"SearchAction\",\"target\":{\"@type\":\"EntryPoint\",\"urlTemplate\":\"https:\/\/www.exploring-umbria.com\/de\/?s={search_term_string}\"},\"query-input\":\"required name=search_term_string\"}],\"inLanguage\":\"de\"},{\"@type\":\"ImageObject\",\"@id\":\"https:\/\/www.exploring-umbria.com\/de\/entdecke-todi\/sehenswuerdigkeiten-in-todi\/museo-lapidario-della-citta-di-todi-staedtisches-gesteinsmuseum\/#primaryimage\",\"inLanguage\":\"de\",\"url\":\"https:\/\/www.exploring-umbria.com\/wp-content\/uploads\/2019\/07\/TODI-CONVENTO-DELLE-LUCREZIE-13.jpg\",\"contentUrl\":\"https:\/\/www.exploring-umbria.com\/wp-content\/uploads\/2019\/07\/TODI-CONVENTO-DELLE-LUCREZIE-13.jpg\",\"width\":1800,\"height\":1200,\"caption\":\"Il convento delle Lucrezie che ospita il museo lapidario della citt\u00e0 di Todi\"},{\"@type\":\"WebPage\",\"@id\":\"https:\/\/www.exploring-umbria.com\/de\/entdecke-todi\/sehenswuerdigkeiten-in-todi\/museo-lapidario-della-citta-di-todi-staedtisches-gesteinsmuseum\/#webpage\",\"url\":\"https:\/\/www.exploring-umbria.com\/de\/entdecke-todi\/sehenswuerdigkeiten-in-todi\/museo-lapidario-della-citta-di-todi-staedtisches-gesteinsmuseum\/\",\"name\":\"Museo Lapidario della citt\u00e0 di Todi (St\u00e4dtisches Gesteinsmuseum) - Exploring Umbria\",\"isPartOf\":{\"@id\":\"https:\/\/www.exploring-umbria.com\/de\/#website\"},\"primaryImageOfPage\":{\"@id\":\"https:\/\/www.exploring-umbria.com\/de\/entdecke-todi\/sehenswuerdigkeiten-in-todi\/museo-lapidario-della-citta-di-todi-staedtisches-gesteinsmuseum\/#primaryimage\"},\"datePublished\":\"2019-03-08T11:33:39+00:00\",\"dateModified\":\"2020-01-23T17:40:39+00:00\",\"description\":\"Offiziell am 26. September 2009 eingeweiht, nimmt das Museo Lapidario della citt\u00e0 di Todi einige R\u00e4umlichkeiten des alten Klosters San Giovanni Battista,\",\"breadcrumb\":{\"@id\":\"https:\/\/www.exploring-umbria.com\/de\/entdecke-todi\/sehenswuerdigkeiten-in-todi\/museo-lapidario-della-citta-di-todi-staedtisches-gesteinsmuseum\/#breadcrumb\"},\"inLanguage\":\"de\",\"potentialAction\":[{\"@type\":\"ReadAction\",\"target\":[\"https:\/\/www.exploring-umbria.com\/de\/entdecke-todi\/sehenswuerdigkeiten-in-todi\/museo-lapidario-della-citta-di-todi-staedtisches-gesteinsmuseum\/\"]}]},{\"@type\":\"BreadcrumbList\",\"@id\":\"https:\/\/www.exploring-umbria.com\/de\/entdecke-todi\/sehenswuerdigkeiten-in-todi\/museo-lapidario-della-citta-di-todi-staedtisches-gesteinsmuseum\/#breadcrumb\",\"itemListElement\":[{\"@type\":\"ListItem\",\"position\":1,\"name\":\"Home\",\"item\":\"https:\/\/www.exploring-umbria.com\/de\/\"},{\"@type\":\"ListItem\",\"position\":2,\"name\":\"Entdecke Todi\",\"item\":\"https:\/\/www.exploring-umbria.com\/de\/entdecke-todi\/\"},{\"@type\":\"ListItem\",\"position\":3,\"name\":\"Sehensw\u00fcrdigkeiten in Todi\",\"item\":\"https:\/\/www.exploring-umbria.com\/de\/entdecke-todi\/sehenswuerdigkeiten-in-todi\/\"},{\"@type\":\"ListItem\",\"position\":4,\"name\":\"Museo Lapidario della citt\u00e0 di Todi (St\u00e4dtisches Gesteinsmuseum)\"}]}]}<\/script>\n<!-- \/ Yoast SEO plugin. -->","yoast_head_json":{"title":"Museo Lapidario della citt\u00e0 di Todi (St\u00e4dtisches Gesteinsmuseum) - Exploring Umbria","description":"Offiziell am 26. September 2009 eingeweiht, nimmt das Museo Lapidario della citt\u00e0 di Todi einige R\u00e4umlichkeiten des alten Klosters San Giovanni Battista,","robots":{"index":"index","follow":"follow","max-snippet":"max-snippet:-1","max-image-preview":"max-image-preview:large","max-video-preview":"max-video-preview:-1"},"canonical":"https:\/\/www.exploring-umbria.com\/de\/entdecke-todi\/sehenswuerdigkeiten-in-todi\/museo-lapidario-della-citta-di-todi-staedtisches-gesteinsmuseum\/","og_locale":"de_DE","og_type":"article","og_title":"Museo Lapidario della citt\u00e0 di Todi (St\u00e4dtisches Gesteinsmuseum) - Exploring Umbria","og_description":"Offiziell am 26. September 2009 eingeweiht, nimmt das Museo Lapidario della citt\u00e0 di Todi einige R\u00e4umlichkeiten des alten Klosters San Giovanni Battista,","og_url":"https:\/\/www.exploring-umbria.com\/de\/entdecke-todi\/sehenswuerdigkeiten-in-todi\/museo-lapidario-della-citta-di-todi-staedtisches-gesteinsmuseum\/","og_site_name":"Exploring Umbria","article_publisher":"https:\/\/www.facebook.com\/exploringumbria\/","article_modified_time":"2020-01-23T17:40:39+00:00","og_image":[{"width":1800,"height":1200,"url":"https:\/\/www.exploring-umbria.com\/wp-content\/uploads\/2019\/07\/TODI-CONVENTO-DELLE-LUCREZIE-13.jpg","type":"image\/jpeg"}],"twitter_card":"summary_large_image","twitter_misc":{"Gesch\u00e4tzte Lesezeit":"1\u00a0Minute"},"schema":{"@context":"https:\/\/schema.org","@graph":[{"@type":"Organization","@id":"https:\/\/www.exploring-umbria.com\/de\/#organization","name":"Exploring Umbria","url":"https:\/\/www.exploring-umbria.com\/de\/","sameAs":["https:\/\/www.facebook.com\/exploringumbria\/","https:\/\/www.instagram.com\/exploringumbria\/"],"logo":{"@type":"ImageObject","@id":"https:\/\/www.exploring-umbria.com\/de\/#logo","inLanguage":"de","url":"https:\/\/www.exploring-umbria.com\/wp-content\/uploads\/2019\/08\/solo-logo-verde.jpg","contentUrl":"https:\/\/www.exploring-umbria.com\/wp-content\/uploads\/2019\/08\/solo-logo-verde.jpg","width":952,"height":532,"caption":"Exploring Umbria"},"image":{"@id":"https:\/\/www.exploring-umbria.com\/de\/#logo"}},{"@type":"WebSite","@id":"https:\/\/www.exploring-umbria.com\/de\/#website","url":"https:\/\/www.exploring-umbria.com\/de\/","name":"Exploring Umbria","description":"your dates, your mood, your trip","publisher":{"@id":"https:\/\/www.exploring-umbria.com\/de\/#organization"},"potentialAction":[{"@type":"SearchAction","target":{"@type":"EntryPoint","urlTemplate":"https:\/\/www.exploring-umbria.com\/de\/?s={search_term_string}"},"query-input":"required name=search_term_string"}],"inLanguage":"de"},{"@type":"ImageObject","@id":"https:\/\/www.exploring-umbria.com\/de\/entdecke-todi\/sehenswuerdigkeiten-in-todi\/museo-lapidario-della-citta-di-todi-staedtisches-gesteinsmuseum\/#primaryimage","inLanguage":"de","url":"https:\/\/www.exploring-umbria.com\/wp-content\/uploads\/2019\/07\/TODI-CONVENTO-DELLE-LUCREZIE-13.jpg","contentUrl":"https:\/\/www.exploring-umbria.com\/wp-content\/uploads\/2019\/07\/TODI-CONVENTO-DELLE-LUCREZIE-13.jpg","width":1800,"height":1200,"caption":"Il convento delle Lucrezie che ospita il museo lapidario della citt\u00e0 di Todi"},{"@type":"WebPage","@id":"https:\/\/www.exploring-umbria.com\/de\/entdecke-todi\/sehenswuerdigkeiten-in-todi\/museo-lapidario-della-citta-di-todi-staedtisches-gesteinsmuseum\/#webpage","url":"https:\/\/www.exploring-umbria.com\/de\/entdecke-todi\/sehenswuerdigkeiten-in-todi\/museo-lapidario-della-citta-di-todi-staedtisches-gesteinsmuseum\/","name":"Museo Lapidario della citt\u00e0 di Todi (St\u00e4dtisches Gesteinsmuseum) - Exploring Umbria","isPartOf":{"@id":"https:\/\/www.exploring-umbria.com\/de\/#website"},"primaryImageOfPage":{"@id":"https:\/\/www.exploring-umbria.com\/de\/entdecke-todi\/sehenswuerdigkeiten-in-todi\/museo-lapidario-della-citta-di-todi-staedtisches-gesteinsmuseum\/#primaryimage"},"datePublished":"2019-03-08T11:33:39+00:00","dateModified":"2020-01-23T17:40:39+00:00","description":"Offiziell am 26. September 2009 eingeweiht, nimmt das Museo Lapidario della citt\u00e0 di Todi einige R\u00e4umlichkeiten des alten Klosters San Giovanni Battista,","breadcrumb":{"@id":"https:\/\/www.exploring-umbria.com\/de\/entdecke-todi\/sehenswuerdigkeiten-in-todi\/museo-lapidario-della-citta-di-todi-staedtisches-gesteinsmuseum\/#breadcrumb"},"inLanguage":"de","potentialAction":[{"@type":"ReadAction","target":["https:\/\/www.exploring-umbria.com\/de\/entdecke-todi\/sehenswuerdigkeiten-in-todi\/museo-lapidario-della-citta-di-todi-staedtisches-gesteinsmuseum\/"]}]},{"@type":"BreadcrumbList","@id":"https:\/\/www.exploring-umbria.com\/de\/entdecke-todi\/sehenswuerdigkeiten-in-todi\/museo-lapidario-della-citta-di-todi-staedtisches-gesteinsmuseum\/#breadcrumb","itemListElement":[{"@type":"ListItem","position":1,"name":"Home","item":"https:\/\/www.exploring-umbria.com\/de\/"},{"@type":"ListItem","position":2,"name":"Entdecke Todi","item":"https:\/\/www.exploring-umbria.com\/de\/entdecke-todi\/"},{"@type":"ListItem","position":3,"name":"Sehensw\u00fcrdigkeiten in Todi","item":"https:\/\/www.exploring-umbria.com\/de\/entdecke-todi\/sehenswuerdigkeiten-in-todi\/"},{"@type":"ListItem","position":4,"name":"Museo Lapidario della citt\u00e0 di Todi (St\u00e4dtisches Gesteinsmuseum)"}]}]}},"_links":{"self":[{"href":"https:\/\/www.exploring-umbria.com\/de\/wp-json\/wp\/v2\/pages\/2872"}],"collection":[{"href":"https:\/\/www.exploring-umbria.com\/de\/wp-json\/wp\/v2\/pages"}],"about":[{"href":"https:\/\/www.exploring-umbria.com\/de\/wp-json\/wp\/v2\/types\/page"}],"author":[{"embeddable":true,"href":"https:\/\/www.exploring-umbria.com\/de\/wp-json\/wp\/v2\/users\/4"}],"replies":[{"embeddable":true,"href":"https:\/\/www.exploring-umbria.com\/de\/wp-json\/wp\/v2\/comments?post=2872"}],"version-history":[{"count":5,"href":"https:\/\/www.exploring-umbria.com\/de\/wp-json\/wp\/v2\/pages\/2872\/revisions"}],"predecessor-version":[{"id":29933,"href":"https:\/\/www.exploring-umbria.com\/de\/wp-json\/wp\/v2\/pages\/2872\/revisions\/29933"}],"up":[{"embeddable":true,"href":"https:\/\/www.exploring-umbria.com\/de\/wp-json\/wp\/v2\/pages\/2943"}],"wp:featuredmedia":[{"embeddable":true,"href":"https:\/\/www.exploring-umbria.com\/de\/wp-json\/wp\/v2\/media\/16648"}],"wp:attachment":[{"href":"https:\/\/www.exploring-umbria.com\/de\/wp-json\/wp\/v2\/media?parent=2872"}],"curies":[{"name":"wp","href":"https:\/\/api.w.org\/{rel}","templated":true}]}}