{"id":28706,"date":"2019-05-20T02:11:54","date_gmt":"2019-05-20T00:11:54","guid":{"rendered":"https:\/\/www.exploring-umbria.com\/entdecke-spoleto\/sehenswuerdigkeiten-in-spoleto\/rocca-di-albornoz\/"},"modified":"2020-01-09T14:58:05","modified_gmt":"2020-01-09T13:58:05","slug":"die-festung-von-albornoz","status":"publish","type":"page","link":"https:\/\/www.exploring-umbria.com\/de\/entdecke-spoleto\/sehenswuerdigkeiten-in-spoleto\/die-festung-von-albornoz\/","title":{"rendered":"Die Festung von Albornoz"},"content":{"rendered":"<p>Die Festung von Albornoz, auch bekannt als Burg von Spoleto, wurde 1359 auf dem Gipfel des H\u00fcgels Sant&#8217;Elia errichtet, in einer erh\u00f6hten Position, die die Stadt und das umliegende Tal \u00fcberragt. Der Bau dieses imposanten Milit\u00e4rgeb\u00e4udes, mit dem die Via Flaminia kontrolliert werden sollte, wurde von Papst Alexander VI. zusammen mit zahlreichen anderen \u00e4hnlichen Festungen in Auftrag gegeben, um die p\u00e4pstliche Macht \u00fcber die Gebiete Mittelitaliens w\u00e4hrend seiner Gefangenschaft in Avignon wiederherzustellen. Der Papst, der in Avignon lebte, schickte den m\u00e4chtigen spanischen Kardinal <a href=\"https:\/\/de.wikipedia.org\/wiki\/Gil_%C3%81lvarez_Carillo_de_Albornoz\" target=\"_blank\" rel=\"noopener noreferrer\">Albornoz<\/a> nach <a href=\"https:\/\/www.exploring-umbria.com\/de\/subcategories\/cosa-fare-e-cosa-vedere-a-spoleto\/#heading26579\" target=\"_blank\" rel=\"noopener noreferrer\">Spoleto<\/a>. Er vertraute die Leitung der 1370 fertiggestellten Arbeiten <em>Matteo di<\/em> <em>Giovannello da Gubbio<\/em>, bekannt als \u201e<em>Gattapone<\/em>\u201c, an.<\/p>\n<p>Aufgrund ihrer strategischen Lage und der Gr\u00f6\u00dfe des Geb\u00e4udes wurde die Festung im Laufe der Jahrhunderte zum Sitz bedeutender Pers\u00f6nlichkeiten als Herrscher des Herzogtums, Statthalter der Stadt und p\u00e4pstliche Verb\u00fcndete. Der \u00dcberlieferung nach hielt sich selbst Lucrezia Borgia, Tochter Alexanders VI., der sie mit 19 Jahren zur Regentin des Herzogtums Spoleto ernannte, zweimal in der Festung auf: 1499 f\u00fcr drei Monate und 1502 f\u00fcr einen kurzen Aufenthalt auf ihrem Weg nach Ferrara.<\/p>\n<p>Die architektonische Anlage hat einen rechteckigen Grundriss, umrahmt von sechs imposanten T\u00fcrmen, von denen der gr\u00f6\u00dfte und zentralste &#8222;Torre della Spiritata&#8220; genannt wird, vielleicht in Anlehnung an die abscheuliche Tochter des Pontifex. Innerhalb der Mauern liegen zwei Innenh\u00f6fe: <strong>Cortile delle Armi<\/strong>, ein Waffenhof, der der bewaffneten Miliz gewidmet war, und <strong>Cortile d\u2019Onore<\/strong>, der den Verwaltern und Gouverneuren gewidmet war, wobei letzterer mit einer doppelten Loggia ganz aus Terrakotta und einem eleganten sechseckigen Brunnen gestaltet ist. Unter den zahlreichen Innenr\u00e4umen sind sicherlich der <strong>Salone d\u2019Onore<\/strong>, der gr\u00f6\u00dfte Raum des gesamten Geb\u00e4udes, der f\u00fcr Zeremonien und Bankette bestimmt und mit Fresken aus dem 16. und 17. Jahrhundert dekoriert ist, sowie die <strong>Camera Pinta (oder Picta)<\/strong> hervorzuheben, ebenfalls mit ritterlichen Szenen, die zwischen 1392 und 1416 gemalt wurden, dekoriert.<\/p>\n<p>Von 1817 bis 1983 wurde die Festung von Albornoz ein Gef\u00e4ngnis und viele der im Geb\u00e4ude aufbewahrten Kunstwerke gingen verloren. Erst nach der Schlie\u00dfung des Gef\u00e4ngnisses wurde die Festung einer sorgf\u00e4ltigen Restaurierung und Aufwertung unterzogen, die 2007 zur Er\u00f6ffnung des <strong>Museo Nazionale del Ducato<\/strong> f\u00fchrte. Das Museum ist in 15 historische R\u00e4ume der Festung unterteilt und erstreckt sich \u00fcber zwei Etagen. Im unteren Stockwerk werden Werke und Materialien in chronologischer Reihenfolge pr\u00e4sentiert, die die Geschichte des Gebietes erz\u00e4hlen, das in der Zeit zwischen dem 4. und 15. Jahrhundert n. Chr. mit dem Namen des Herzogtums Spoleto bezeichnet wurde. Im oberen Stockwerk sind zahlreiche Skulpturen und Gem\u00e4lde aus der Zeit zwischen der Romanik und der Renaissance zu sehen.<\/p>\n","protected":false},"excerpt":{"rendered":"<p>Die Festung von Albornoz, auch bekannt als Burg von Spoleto, wurde 1359 auf dem Gipfel des H\u00fcgels Sant&#8217;Elia errichtet, in einer erh\u00f6hten Position, die die Stadt und das umliegende Tal \u00fcberragt. Der Bau dieses imposanten Milit\u00e4rgeb\u00e4udes, mit dem die Via Flaminia kontrolliert werden sollte, wurde von Papst Alexander VI. zusammen mit zahlreichen anderen \u00e4hnlichen Festungen [&hellip;]<\/p>\n","protected":false},"author":4,"featured_media":16363,"parent":28389,"menu_order":5,"comment_status":"closed","ping_status":"closed","template":"","meta":{"om_disable_all_campaigns":false,"_monsterinsights_skip_tracking":false,"_monsterinsights_sitenote_active":false,"_monsterinsights_sitenote_note":"","_monsterinsights_sitenote_category":0},"acf":[],"yoast_head":"<!-- This site is optimized with the Yoast SEO plugin v18.4.1 - https:\/\/yoast.com\/wordpress\/plugins\/seo\/ -->\n<title>Die Festung von Albornoz - Exploring Umbria<\/title>\n<meta name=\"description\" content=\"Die Festung von Albornoz, auch bekannt als Burg von Spoleto, wurde 1359 auf dem Gipfel des H\u00fcgels Sant&#039;Elia errichtet, in einer erh\u00f6hten Position, die die\" \/>\n<meta name=\"robots\" content=\"index, follow, max-snippet:-1, max-image-preview:large, max-video-preview:-1\" \/>\n<link rel=\"canonical\" href=\"https:\/\/www.exploring-umbria.com\/de\/entdecke-spoleto\/sehenswuerdigkeiten-in-spoleto\/die-festung-von-albornoz\/\" \/>\n<meta property=\"og:locale\" content=\"de_DE\" \/>\n<meta property=\"og:type\" content=\"article\" \/>\n<meta property=\"og:title\" content=\"Die Festung von Albornoz - Exploring Umbria\" \/>\n<meta property=\"og:description\" content=\"Die Festung von Albornoz, auch bekannt als Burg von Spoleto, wurde 1359 auf dem Gipfel des H\u00fcgels Sant&#039;Elia errichtet, in einer erh\u00f6hten Position, die die\" \/>\n<meta property=\"og:url\" content=\"https:\/\/www.exploring-umbria.com\/de\/entdecke-spoleto\/sehenswuerdigkeiten-in-spoleto\/die-festung-von-albornoz\/\" \/>\n<meta property=\"og:site_name\" content=\"Exploring Umbria\" \/>\n<meta property=\"article:publisher\" content=\"https:\/\/www.facebook.com\/exploringumbria\/\" \/>\n<meta property=\"article:modified_time\" content=\"2020-01-09T13:58:05+00:00\" \/>\n<meta property=\"og:image\" content=\"https:\/\/www.exploring-umbria.com\/wp-content\/uploads\/2019\/07\/rocca-albornoziana-spoleto.jpg\" \/>\n\t<meta property=\"og:image:width\" content=\"1600\" \/>\n\t<meta property=\"og:image:height\" content=\"1200\" \/>\n\t<meta property=\"og:image:type\" content=\"image\/jpeg\" \/>\n<meta name=\"twitter:card\" content=\"summary_large_image\" \/>\n<meta name=\"twitter:label1\" content=\"Gesch\u00e4tzte Lesezeit\" \/>\n\t<meta name=\"twitter:data1\" content=\"2\u00a0Minuten\" \/>\n<script type=\"application\/ld+json\" class=\"yoast-schema-graph\">{\"@context\":\"https:\/\/schema.org\",\"@graph\":[{\"@type\":\"Organization\",\"@id\":\"https:\/\/www.exploring-umbria.com\/de\/#organization\",\"name\":\"Exploring Umbria\",\"url\":\"https:\/\/www.exploring-umbria.com\/de\/\",\"sameAs\":[\"https:\/\/www.facebook.com\/exploringumbria\/\",\"https:\/\/www.instagram.com\/exploringumbria\/\"],\"logo\":{\"@type\":\"ImageObject\",\"@id\":\"https:\/\/www.exploring-umbria.com\/de\/#logo\",\"inLanguage\":\"de\",\"url\":\"https:\/\/www.exploring-umbria.com\/wp-content\/uploads\/2019\/08\/solo-logo-verde.jpg\",\"contentUrl\":\"https:\/\/www.exploring-umbria.com\/wp-content\/uploads\/2019\/08\/solo-logo-verde.jpg\",\"width\":952,\"height\":532,\"caption\":\"Exploring Umbria\"},\"image\":{\"@id\":\"https:\/\/www.exploring-umbria.com\/de\/#logo\"}},{\"@type\":\"WebSite\",\"@id\":\"https:\/\/www.exploring-umbria.com\/de\/#website\",\"url\":\"https:\/\/www.exploring-umbria.com\/de\/\",\"name\":\"Exploring Umbria\",\"description\":\"your dates, your mood, your trip\",\"publisher\":{\"@id\":\"https:\/\/www.exploring-umbria.com\/de\/#organization\"},\"potentialAction\":[{\"@type\":\"SearchAction\",\"target\":{\"@type\":\"EntryPoint\",\"urlTemplate\":\"https:\/\/www.exploring-umbria.com\/de\/?s={search_term_string}\"},\"query-input\":\"required name=search_term_string\"}],\"inLanguage\":\"de\"},{\"@type\":\"ImageObject\",\"@id\":\"https:\/\/www.exploring-umbria.com\/de\/entdecke-spoleto\/sehenswuerdigkeiten-in-spoleto\/die-festung-von-albornoz\/#primaryimage\",\"inLanguage\":\"de\",\"url\":\"https:\/\/www.exploring-umbria.com\/wp-content\/uploads\/2019\/07\/rocca-albornoziana-spoleto.jpg\",\"contentUrl\":\"https:\/\/www.exploring-umbria.com\/wp-content\/uploads\/2019\/07\/rocca-albornoziana-spoleto.jpg\",\"width\":1600,\"height\":1200,\"caption\":\"veduta della rocca di albornoz spoleto\"},{\"@type\":\"WebPage\",\"@id\":\"https:\/\/www.exploring-umbria.com\/de\/entdecke-spoleto\/sehenswuerdigkeiten-in-spoleto\/die-festung-von-albornoz\/#webpage\",\"url\":\"https:\/\/www.exploring-umbria.com\/de\/entdecke-spoleto\/sehenswuerdigkeiten-in-spoleto\/die-festung-von-albornoz\/\",\"name\":\"Die Festung von Albornoz - Exploring Umbria\",\"isPartOf\":{\"@id\":\"https:\/\/www.exploring-umbria.com\/de\/#website\"},\"primaryImageOfPage\":{\"@id\":\"https:\/\/www.exploring-umbria.com\/de\/entdecke-spoleto\/sehenswuerdigkeiten-in-spoleto\/die-festung-von-albornoz\/#primaryimage\"},\"datePublished\":\"2019-05-20T00:11:54+00:00\",\"dateModified\":\"2020-01-09T13:58:05+00:00\",\"description\":\"Die Festung von Albornoz, auch bekannt als Burg von Spoleto, wurde 1359 auf dem Gipfel des H\u00fcgels Sant'Elia errichtet, in einer erh\u00f6hten Position, die die\",\"breadcrumb\":{\"@id\":\"https:\/\/www.exploring-umbria.com\/de\/entdecke-spoleto\/sehenswuerdigkeiten-in-spoleto\/die-festung-von-albornoz\/#breadcrumb\"},\"inLanguage\":\"de\",\"potentialAction\":[{\"@type\":\"ReadAction\",\"target\":[\"https:\/\/www.exploring-umbria.com\/de\/entdecke-spoleto\/sehenswuerdigkeiten-in-spoleto\/die-festung-von-albornoz\/\"]}]},{\"@type\":\"BreadcrumbList\",\"@id\":\"https:\/\/www.exploring-umbria.com\/de\/entdecke-spoleto\/sehenswuerdigkeiten-in-spoleto\/die-festung-von-albornoz\/#breadcrumb\",\"itemListElement\":[{\"@type\":\"ListItem\",\"position\":1,\"name\":\"Home\",\"item\":\"https:\/\/www.exploring-umbria.com\/de\/\"},{\"@type\":\"ListItem\",\"position\":2,\"name\":\"Entdecke Spoleto\",\"item\":\"https:\/\/www.exploring-umbria.com\/de\/entdecke-spoleto\/\"},{\"@type\":\"ListItem\",\"position\":3,\"name\":\"Sehensw\u00fcrdigkeiten in Spoleto\",\"item\":\"https:\/\/www.exploring-umbria.com\/de\/entdecke-spoleto\/sehenswuerdigkeiten-in-spoleto\/\"},{\"@type\":\"ListItem\",\"position\":4,\"name\":\"Die Festung von Albornoz\"}]}]}<\/script>\n<!-- \/ Yoast SEO plugin. -->","yoast_head_json":{"title":"Die Festung von Albornoz - Exploring Umbria","description":"Die Festung von Albornoz, auch bekannt als Burg von Spoleto, wurde 1359 auf dem Gipfel des H\u00fcgels Sant'Elia errichtet, in einer erh\u00f6hten Position, die die","robots":{"index":"index","follow":"follow","max-snippet":"max-snippet:-1","max-image-preview":"max-image-preview:large","max-video-preview":"max-video-preview:-1"},"canonical":"https:\/\/www.exploring-umbria.com\/de\/entdecke-spoleto\/sehenswuerdigkeiten-in-spoleto\/die-festung-von-albornoz\/","og_locale":"de_DE","og_type":"article","og_title":"Die Festung von Albornoz - Exploring Umbria","og_description":"Die Festung von Albornoz, auch bekannt als Burg von Spoleto, wurde 1359 auf dem Gipfel des H\u00fcgels Sant'Elia errichtet, in einer erh\u00f6hten Position, die die","og_url":"https:\/\/www.exploring-umbria.com\/de\/entdecke-spoleto\/sehenswuerdigkeiten-in-spoleto\/die-festung-von-albornoz\/","og_site_name":"Exploring Umbria","article_publisher":"https:\/\/www.facebook.com\/exploringumbria\/","article_modified_time":"2020-01-09T13:58:05+00:00","og_image":[{"width":1600,"height":1200,"url":"https:\/\/www.exploring-umbria.com\/wp-content\/uploads\/2019\/07\/rocca-albornoziana-spoleto.jpg","type":"image\/jpeg"}],"twitter_card":"summary_large_image","twitter_misc":{"Gesch\u00e4tzte Lesezeit":"2\u00a0Minuten"},"schema":{"@context":"https:\/\/schema.org","@graph":[{"@type":"Organization","@id":"https:\/\/www.exploring-umbria.com\/de\/#organization","name":"Exploring Umbria","url":"https:\/\/www.exploring-umbria.com\/de\/","sameAs":["https:\/\/www.facebook.com\/exploringumbria\/","https:\/\/www.instagram.com\/exploringumbria\/"],"logo":{"@type":"ImageObject","@id":"https:\/\/www.exploring-umbria.com\/de\/#logo","inLanguage":"de","url":"https:\/\/www.exploring-umbria.com\/wp-content\/uploads\/2019\/08\/solo-logo-verde.jpg","contentUrl":"https:\/\/www.exploring-umbria.com\/wp-content\/uploads\/2019\/08\/solo-logo-verde.jpg","width":952,"height":532,"caption":"Exploring Umbria"},"image":{"@id":"https:\/\/www.exploring-umbria.com\/de\/#logo"}},{"@type":"WebSite","@id":"https:\/\/www.exploring-umbria.com\/de\/#website","url":"https:\/\/www.exploring-umbria.com\/de\/","name":"Exploring Umbria","description":"your dates, your mood, your trip","publisher":{"@id":"https:\/\/www.exploring-umbria.com\/de\/#organization"},"potentialAction":[{"@type":"SearchAction","target":{"@type":"EntryPoint","urlTemplate":"https:\/\/www.exploring-umbria.com\/de\/?s={search_term_string}"},"query-input":"required name=search_term_string"}],"inLanguage":"de"},{"@type":"ImageObject","@id":"https:\/\/www.exploring-umbria.com\/de\/entdecke-spoleto\/sehenswuerdigkeiten-in-spoleto\/die-festung-von-albornoz\/#primaryimage","inLanguage":"de","url":"https:\/\/www.exploring-umbria.com\/wp-content\/uploads\/2019\/07\/rocca-albornoziana-spoleto.jpg","contentUrl":"https:\/\/www.exploring-umbria.com\/wp-content\/uploads\/2019\/07\/rocca-albornoziana-spoleto.jpg","width":1600,"height":1200,"caption":"veduta della rocca di albornoz spoleto"},{"@type":"WebPage","@id":"https:\/\/www.exploring-umbria.com\/de\/entdecke-spoleto\/sehenswuerdigkeiten-in-spoleto\/die-festung-von-albornoz\/#webpage","url":"https:\/\/www.exploring-umbria.com\/de\/entdecke-spoleto\/sehenswuerdigkeiten-in-spoleto\/die-festung-von-albornoz\/","name":"Die Festung von Albornoz - Exploring Umbria","isPartOf":{"@id":"https:\/\/www.exploring-umbria.com\/de\/#website"},"primaryImageOfPage":{"@id":"https:\/\/www.exploring-umbria.com\/de\/entdecke-spoleto\/sehenswuerdigkeiten-in-spoleto\/die-festung-von-albornoz\/#primaryimage"},"datePublished":"2019-05-20T00:11:54+00:00","dateModified":"2020-01-09T13:58:05+00:00","description":"Die Festung von Albornoz, auch bekannt als Burg von Spoleto, wurde 1359 auf dem Gipfel des H\u00fcgels Sant'Elia errichtet, in einer erh\u00f6hten Position, die die","breadcrumb":{"@id":"https:\/\/www.exploring-umbria.com\/de\/entdecke-spoleto\/sehenswuerdigkeiten-in-spoleto\/die-festung-von-albornoz\/#breadcrumb"},"inLanguage":"de","potentialAction":[{"@type":"ReadAction","target":["https:\/\/www.exploring-umbria.com\/de\/entdecke-spoleto\/sehenswuerdigkeiten-in-spoleto\/die-festung-von-albornoz\/"]}]},{"@type":"BreadcrumbList","@id":"https:\/\/www.exploring-umbria.com\/de\/entdecke-spoleto\/sehenswuerdigkeiten-in-spoleto\/die-festung-von-albornoz\/#breadcrumb","itemListElement":[{"@type":"ListItem","position":1,"name":"Home","item":"https:\/\/www.exploring-umbria.com\/de\/"},{"@type":"ListItem","position":2,"name":"Entdecke Spoleto","item":"https:\/\/www.exploring-umbria.com\/de\/entdecke-spoleto\/"},{"@type":"ListItem","position":3,"name":"Sehensw\u00fcrdigkeiten in Spoleto","item":"https:\/\/www.exploring-umbria.com\/de\/entdecke-spoleto\/sehenswuerdigkeiten-in-spoleto\/"},{"@type":"ListItem","position":4,"name":"Die Festung von Albornoz"}]}]}},"_links":{"self":[{"href":"https:\/\/www.exploring-umbria.com\/de\/wp-json\/wp\/v2\/pages\/28706"}],"collection":[{"href":"https:\/\/www.exploring-umbria.com\/de\/wp-json\/wp\/v2\/pages"}],"about":[{"href":"https:\/\/www.exploring-umbria.com\/de\/wp-json\/wp\/v2\/types\/page"}],"author":[{"embeddable":true,"href":"https:\/\/www.exploring-umbria.com\/de\/wp-json\/wp\/v2\/users\/4"}],"replies":[{"embeddable":true,"href":"https:\/\/www.exploring-umbria.com\/de\/wp-json\/wp\/v2\/comments?post=28706"}],"version-history":[{"count":3,"href":"https:\/\/www.exploring-umbria.com\/de\/wp-json\/wp\/v2\/pages\/28706\/revisions"}],"predecessor-version":[{"id":28710,"href":"https:\/\/www.exploring-umbria.com\/de\/wp-json\/wp\/v2\/pages\/28706\/revisions\/28710"}],"up":[{"embeddable":true,"href":"https:\/\/www.exploring-umbria.com\/de\/wp-json\/wp\/v2\/pages\/28389"}],"wp:featuredmedia":[{"embeddable":true,"href":"https:\/\/www.exploring-umbria.com\/de\/wp-json\/wp\/v2\/media\/16363"}],"wp:attachment":[{"href":"https:\/\/www.exploring-umbria.com\/de\/wp-json\/wp\/v2\/media?parent=28706"}],"curies":[{"name":"wp","href":"https:\/\/api.w.org\/{rel}","templated":true}]}}