{"id":2864,"date":"2019-03-08T12:37:02","date_gmt":"2019-03-08T11:37:02","guid":{"rendered":"https:\/\/www.exploring-umbria.com\/carcere-di-san-cassiano\/"},"modified":"2020-01-22T18:59:57","modified_gmt":"2020-01-22T17:59:57","slug":"carcere-di-san-cassiano-gefaengnis-zum-hl-kassian","status":"publish","type":"page","link":"https:\/\/www.exploring-umbria.com\/de\/entdecke-todi\/sehenswuerdigkeiten-in-todi\/carcere-di-san-cassiano-gefaengnis-zum-hl-kassian\/","title":{"rendered":"Carcere di San Cassiano (Gef\u00e4ngnis zum Hl. Kassian)"},"content":{"rendered":"<p>Unweit von der <strong>Kirche Chiesa di S. Fortunato<\/strong> liegt im <strong>Park Parco della Rocca<\/strong> ein viereckiges Geb\u00e4ude, das als \u201e<strong>Carcere di San Cassiano<\/strong>\u201c (\u201eGef\u00e4ngnis zum Hl. Kassian\u201d) bekannt ist. Tats\u00e4chlich handelt es sich bei dem Geb\u00e4ude jedoch um eine alte Zisterne aus dem R\u00f6mischen Zeitalter, in der einer Legende zufolge der Bischof von <a href=\"https:\/\/www.exploring-umbria.com\/de\/aktivitaten\/gefuehrte-tour-durch-todi\/\" target=\"_blank\" rel=\"noopener noreferrer\">Todi<\/a> w\u00e4hrend der Verfolgungen im 2. Jahrhundert n. Chr. eingesperrt wurde. Sp\u00e4ter beherbergte der Saal die sterblichen \u00dcberreste des Stadtpatrons <a href=\"https:\/\/de.wikipedia.org\/wiki\/Fortunatus_von_Todi\" target=\"_blank\" rel=\"noopener noreferrer\">San Fortunato<\/a> (Hl. Fortunato), und anschlie\u00dfend wurde er als christliches Oratorium genutzt.<\/p>\n<p>Heute sorgt das Geb\u00e4ude f\u00fcr ein einzigartiges Ambiente und kann durch eine kleine Eingangst\u00fcr aus Holz, verziert mit einem Rundbogen, gest\u00fctzt von zwei groben Kapitellen, betreten werden.<\/p>\n<p>Die Seitenfenster wurden ebenfalls erst sp\u00e4ter hinzugef\u00fcgt.<\/p>\n","protected":false},"excerpt":{"rendered":"<p>Unweit von der Kirche Chiesa di S. Fortunato liegt im Park Parco della Rocca ein viereckiges Geb\u00e4ude, das als \u201eCarcere di San Cassiano\u201c (\u201eGef\u00e4ngnis zum Hl. Kassian\u201d) bekannt ist. Tats\u00e4chlich handelt es sich bei dem Geb\u00e4ude jedoch um eine alte Zisterne aus dem R\u00f6mischen Zeitalter, in der einer Legende zufolge der Bischof von Todi w\u00e4hrend [&hellip;]<\/p>\n","protected":false},"author":4,"featured_media":0,"parent":2943,"menu_order":12,"comment_status":"closed","ping_status":"closed","template":"","meta":{"om_disable_all_campaigns":false,"_monsterinsights_skip_tracking":false,"_monsterinsights_sitenote_active":false,"_monsterinsights_sitenote_note":"","_monsterinsights_sitenote_category":0},"acf":[],"yoast_head":"<!-- This site is optimized with the Yoast SEO plugin v18.4.1 - https:\/\/yoast.com\/wordpress\/plugins\/seo\/ -->\n<title>Carcere di San Cassiano (Gef\u00e4ngnis zum Hl. Kassian) - Exploring Umbria<\/title>\n<meta name=\"description\" content=\"Unweit von der Kirche Chiesa di S. Fortunato liegt im Park Parco della Rocca ein viereckiges Geb\u00e4ude, das als \u201eCarcere di San Cassiano\u201c (\u201eGef\u00e4ngnis zum\" \/>\n<meta name=\"robots\" content=\"index, follow, max-snippet:-1, max-image-preview:large, max-video-preview:-1\" \/>\n<link rel=\"canonical\" href=\"https:\/\/www.exploring-umbria.com\/de\/entdecke-todi\/sehenswuerdigkeiten-in-todi\/carcere-di-san-cassiano-gefaengnis-zum-hl-kassian\/\" \/>\n<meta property=\"og:locale\" content=\"de_DE\" \/>\n<meta property=\"og:type\" content=\"article\" \/>\n<meta property=\"og:title\" content=\"Carcere di San Cassiano (Gef\u00e4ngnis zum Hl. Kassian) - Exploring Umbria\" \/>\n<meta property=\"og:description\" content=\"Unweit von der Kirche Chiesa di S. Fortunato liegt im Park Parco della Rocca ein viereckiges Geb\u00e4ude, das als \u201eCarcere di San Cassiano\u201c (\u201eGef\u00e4ngnis zum\" \/>\n<meta property=\"og:url\" content=\"https:\/\/www.exploring-umbria.com\/de\/entdecke-todi\/sehenswuerdigkeiten-in-todi\/carcere-di-san-cassiano-gefaengnis-zum-hl-kassian\/\" \/>\n<meta property=\"og:site_name\" content=\"Exploring Umbria\" \/>\n<meta property=\"article:publisher\" content=\"https:\/\/www.facebook.com\/exploringumbria\/\" \/>\n<meta property=\"article:modified_time\" content=\"2020-01-22T17:59:57+00:00\" \/>\n<meta name=\"twitter:card\" content=\"summary_large_image\" \/>\n<meta name=\"twitter:label1\" content=\"Gesch\u00e4tzte Lesezeit\" \/>\n\t<meta name=\"twitter:data1\" content=\"1\u00a0Minute\" \/>\n<script type=\"application\/ld+json\" class=\"yoast-schema-graph\">{\"@context\":\"https:\/\/schema.org\",\"@graph\":[{\"@type\":\"Organization\",\"@id\":\"https:\/\/www.exploring-umbria.com\/de\/#organization\",\"name\":\"Exploring Umbria\",\"url\":\"https:\/\/www.exploring-umbria.com\/de\/\",\"sameAs\":[\"https:\/\/www.facebook.com\/exploringumbria\/\",\"https:\/\/www.instagram.com\/exploringumbria\/\"],\"logo\":{\"@type\":\"ImageObject\",\"@id\":\"https:\/\/www.exploring-umbria.com\/de\/#logo\",\"inLanguage\":\"de\",\"url\":\"https:\/\/www.exploring-umbria.com\/wp-content\/uploads\/2019\/08\/solo-logo-verde.jpg\",\"contentUrl\":\"https:\/\/www.exploring-umbria.com\/wp-content\/uploads\/2019\/08\/solo-logo-verde.jpg\",\"width\":952,\"height\":532,\"caption\":\"Exploring Umbria\"},\"image\":{\"@id\":\"https:\/\/www.exploring-umbria.com\/de\/#logo\"}},{\"@type\":\"WebSite\",\"@id\":\"https:\/\/www.exploring-umbria.com\/de\/#website\",\"url\":\"https:\/\/www.exploring-umbria.com\/de\/\",\"name\":\"Exploring Umbria\",\"description\":\"your dates, your mood, your trip\",\"publisher\":{\"@id\":\"https:\/\/www.exploring-umbria.com\/de\/#organization\"},\"potentialAction\":[{\"@type\":\"SearchAction\",\"target\":{\"@type\":\"EntryPoint\",\"urlTemplate\":\"https:\/\/www.exploring-umbria.com\/de\/?s={search_term_string}\"},\"query-input\":\"required name=search_term_string\"}],\"inLanguage\":\"de\"},{\"@type\":\"WebPage\",\"@id\":\"https:\/\/www.exploring-umbria.com\/de\/entdecke-todi\/sehenswuerdigkeiten-in-todi\/carcere-di-san-cassiano-gefaengnis-zum-hl-kassian\/#webpage\",\"url\":\"https:\/\/www.exploring-umbria.com\/de\/entdecke-todi\/sehenswuerdigkeiten-in-todi\/carcere-di-san-cassiano-gefaengnis-zum-hl-kassian\/\",\"name\":\"Carcere di San Cassiano (Gef\u00e4ngnis zum Hl. Kassian) - Exploring Umbria\",\"isPartOf\":{\"@id\":\"https:\/\/www.exploring-umbria.com\/de\/#website\"},\"datePublished\":\"2019-03-08T11:37:02+00:00\",\"dateModified\":\"2020-01-22T17:59:57+00:00\",\"description\":\"Unweit von der Kirche Chiesa di S. Fortunato liegt im Park Parco della Rocca ein viereckiges Geb\u00e4ude, das als \u201eCarcere di San Cassiano\u201c (\u201eGef\u00e4ngnis zum\",\"breadcrumb\":{\"@id\":\"https:\/\/www.exploring-umbria.com\/de\/entdecke-todi\/sehenswuerdigkeiten-in-todi\/carcere-di-san-cassiano-gefaengnis-zum-hl-kassian\/#breadcrumb\"},\"inLanguage\":\"de\",\"potentialAction\":[{\"@type\":\"ReadAction\",\"target\":[\"https:\/\/www.exploring-umbria.com\/de\/entdecke-todi\/sehenswuerdigkeiten-in-todi\/carcere-di-san-cassiano-gefaengnis-zum-hl-kassian\/\"]}]},{\"@type\":\"BreadcrumbList\",\"@id\":\"https:\/\/www.exploring-umbria.com\/de\/entdecke-todi\/sehenswuerdigkeiten-in-todi\/carcere-di-san-cassiano-gefaengnis-zum-hl-kassian\/#breadcrumb\",\"itemListElement\":[{\"@type\":\"ListItem\",\"position\":1,\"name\":\"Home\",\"item\":\"https:\/\/www.exploring-umbria.com\/de\/\"},{\"@type\":\"ListItem\",\"position\":2,\"name\":\"Entdecke Todi\",\"item\":\"https:\/\/www.exploring-umbria.com\/de\/entdecke-todi\/\"},{\"@type\":\"ListItem\",\"position\":3,\"name\":\"Sehensw\u00fcrdigkeiten in Todi\",\"item\":\"https:\/\/www.exploring-umbria.com\/de\/entdecke-todi\/sehenswuerdigkeiten-in-todi\/\"},{\"@type\":\"ListItem\",\"position\":4,\"name\":\"Carcere di San Cassiano (Gef\u00e4ngnis zum Hl. Kassian)\"}]}]}<\/script>\n<!-- \/ Yoast SEO plugin. -->","yoast_head_json":{"title":"Carcere di San Cassiano (Gef\u00e4ngnis zum Hl. Kassian) - Exploring Umbria","description":"Unweit von der Kirche Chiesa di S. Fortunato liegt im Park Parco della Rocca ein viereckiges Geb\u00e4ude, das als \u201eCarcere di San Cassiano\u201c (\u201eGef\u00e4ngnis zum","robots":{"index":"index","follow":"follow","max-snippet":"max-snippet:-1","max-image-preview":"max-image-preview:large","max-video-preview":"max-video-preview:-1"},"canonical":"https:\/\/www.exploring-umbria.com\/de\/entdecke-todi\/sehenswuerdigkeiten-in-todi\/carcere-di-san-cassiano-gefaengnis-zum-hl-kassian\/","og_locale":"de_DE","og_type":"article","og_title":"Carcere di San Cassiano (Gef\u00e4ngnis zum Hl. Kassian) - Exploring Umbria","og_description":"Unweit von der Kirche Chiesa di S. Fortunato liegt im Park Parco della Rocca ein viereckiges Geb\u00e4ude, das als \u201eCarcere di San Cassiano\u201c (\u201eGef\u00e4ngnis zum","og_url":"https:\/\/www.exploring-umbria.com\/de\/entdecke-todi\/sehenswuerdigkeiten-in-todi\/carcere-di-san-cassiano-gefaengnis-zum-hl-kassian\/","og_site_name":"Exploring Umbria","article_publisher":"https:\/\/www.facebook.com\/exploringumbria\/","article_modified_time":"2020-01-22T17:59:57+00:00","twitter_card":"summary_large_image","twitter_misc":{"Gesch\u00e4tzte Lesezeit":"1\u00a0Minute"},"schema":{"@context":"https:\/\/schema.org","@graph":[{"@type":"Organization","@id":"https:\/\/www.exploring-umbria.com\/de\/#organization","name":"Exploring Umbria","url":"https:\/\/www.exploring-umbria.com\/de\/","sameAs":["https:\/\/www.facebook.com\/exploringumbria\/","https:\/\/www.instagram.com\/exploringumbria\/"],"logo":{"@type":"ImageObject","@id":"https:\/\/www.exploring-umbria.com\/de\/#logo","inLanguage":"de","url":"https:\/\/www.exploring-umbria.com\/wp-content\/uploads\/2019\/08\/solo-logo-verde.jpg","contentUrl":"https:\/\/www.exploring-umbria.com\/wp-content\/uploads\/2019\/08\/solo-logo-verde.jpg","width":952,"height":532,"caption":"Exploring Umbria"},"image":{"@id":"https:\/\/www.exploring-umbria.com\/de\/#logo"}},{"@type":"WebSite","@id":"https:\/\/www.exploring-umbria.com\/de\/#website","url":"https:\/\/www.exploring-umbria.com\/de\/","name":"Exploring Umbria","description":"your dates, your mood, your trip","publisher":{"@id":"https:\/\/www.exploring-umbria.com\/de\/#organization"},"potentialAction":[{"@type":"SearchAction","target":{"@type":"EntryPoint","urlTemplate":"https:\/\/www.exploring-umbria.com\/de\/?s={search_term_string}"},"query-input":"required name=search_term_string"}],"inLanguage":"de"},{"@type":"WebPage","@id":"https:\/\/www.exploring-umbria.com\/de\/entdecke-todi\/sehenswuerdigkeiten-in-todi\/carcere-di-san-cassiano-gefaengnis-zum-hl-kassian\/#webpage","url":"https:\/\/www.exploring-umbria.com\/de\/entdecke-todi\/sehenswuerdigkeiten-in-todi\/carcere-di-san-cassiano-gefaengnis-zum-hl-kassian\/","name":"Carcere di San Cassiano (Gef\u00e4ngnis zum Hl. Kassian) - Exploring Umbria","isPartOf":{"@id":"https:\/\/www.exploring-umbria.com\/de\/#website"},"datePublished":"2019-03-08T11:37:02+00:00","dateModified":"2020-01-22T17:59:57+00:00","description":"Unweit von der Kirche Chiesa di S. Fortunato liegt im Park Parco della Rocca ein viereckiges Geb\u00e4ude, das als \u201eCarcere di San Cassiano\u201c (\u201eGef\u00e4ngnis zum","breadcrumb":{"@id":"https:\/\/www.exploring-umbria.com\/de\/entdecke-todi\/sehenswuerdigkeiten-in-todi\/carcere-di-san-cassiano-gefaengnis-zum-hl-kassian\/#breadcrumb"},"inLanguage":"de","potentialAction":[{"@type":"ReadAction","target":["https:\/\/www.exploring-umbria.com\/de\/entdecke-todi\/sehenswuerdigkeiten-in-todi\/carcere-di-san-cassiano-gefaengnis-zum-hl-kassian\/"]}]},{"@type":"BreadcrumbList","@id":"https:\/\/www.exploring-umbria.com\/de\/entdecke-todi\/sehenswuerdigkeiten-in-todi\/carcere-di-san-cassiano-gefaengnis-zum-hl-kassian\/#breadcrumb","itemListElement":[{"@type":"ListItem","position":1,"name":"Home","item":"https:\/\/www.exploring-umbria.com\/de\/"},{"@type":"ListItem","position":2,"name":"Entdecke Todi","item":"https:\/\/www.exploring-umbria.com\/de\/entdecke-todi\/"},{"@type":"ListItem","position":3,"name":"Sehensw\u00fcrdigkeiten in Todi","item":"https:\/\/www.exploring-umbria.com\/de\/entdecke-todi\/sehenswuerdigkeiten-in-todi\/"},{"@type":"ListItem","position":4,"name":"Carcere di San Cassiano (Gef\u00e4ngnis zum Hl. Kassian)"}]}]}},"_links":{"self":[{"href":"https:\/\/www.exploring-umbria.com\/de\/wp-json\/wp\/v2\/pages\/2864"}],"collection":[{"href":"https:\/\/www.exploring-umbria.com\/de\/wp-json\/wp\/v2\/pages"}],"about":[{"href":"https:\/\/www.exploring-umbria.com\/de\/wp-json\/wp\/v2\/types\/page"}],"author":[{"embeddable":true,"href":"https:\/\/www.exploring-umbria.com\/de\/wp-json\/wp\/v2\/users\/4"}],"replies":[{"embeddable":true,"href":"https:\/\/www.exploring-umbria.com\/de\/wp-json\/wp\/v2\/comments?post=2864"}],"version-history":[{"count":4,"href":"https:\/\/www.exploring-umbria.com\/de\/wp-json\/wp\/v2\/pages\/2864\/revisions"}],"predecessor-version":[{"id":29844,"href":"https:\/\/www.exploring-umbria.com\/de\/wp-json\/wp\/v2\/pages\/2864\/revisions\/29844"}],"up":[{"embeddable":true,"href":"https:\/\/www.exploring-umbria.com\/de\/wp-json\/wp\/v2\/pages\/2943"}],"wp:attachment":[{"href":"https:\/\/www.exploring-umbria.com\/de\/wp-json\/wp\/v2\/media?parent=2864"}],"curies":[{"name":"wp","href":"https:\/\/api.w.org\/{rel}","templated":true}]}}