{"id":2859,"date":"2019-03-08T12:46:10","date_gmt":"2019-03-08T11:46:10","guid":{"rendered":"https:\/\/www.exploring-umbria.com\/artigianato-del-legno-a-todi\/"},"modified":"2020-01-30T11:14:16","modified_gmt":"2020-01-30T10:14:16","slug":"handwerk-in-todi","status":"publish","type":"page","link":"https:\/\/www.exploring-umbria.com\/de\/entdecke-todi\/handwerk-in-todi\/","title":{"rendered":"Handwerk in Todi"},"content":{"rendered":"<p>Die Handwerkskunst hat in Umbrien eine lange Tradition und erstreckt sich \u00fcber mehrere Bereiche &#8211; von Holz \u00fcber Spitze bis hin zu Keramik und Schmiedeeisen. Aus diesem Grund befinden sich in der Region zahlreiche L\u00e4den und Werkst\u00e4tten.<\/p>\n<p>Aufgrund des reichlichen Vorhandenseins von W\u00e4ldern mit hochwertigem Holz wie Esche, Kirsche, Eiche und Nuss, hat die Region Todi \u00fcber die Jahrhunderte eine starke Meisterhaftigkeit betreffend die Verarbeitung dieses Materials entwickelt und aufrecht erhalten.<\/p>\n<p>Die k\u00fcnstlerischen Werke haben sich parallel auf zwei Gleisen bewegt, einmal das <em>Kunsthandwerk <\/em>mit der Fertigung von Alltagsgegenst\u00e4nde oder Gegenst\u00e4nden, die f\u00fcr die Arbeit auf dem Land erforderlich waren, und au\u00dferdem das <em>kultivierte Handwerk <\/em>mit Einlegearbeiten und Dekorationen f\u00fcr Innenr\u00e4ume von Kirchen und Pal\u00e4sten.<\/p>\n<p>Bedeutend sind die beiden Chorr\u00e4ume aus Holz im <a href=\"https:\/\/www.exploring-umbria.com\/de\/subcategories\/cosa-fare-e-cosa-vedere-a-todi\/#heading2932\" target=\"_blank\" rel=\"noopener noreferrer\">Dom<\/a> und in der <a href=\"https:\/\/www.exploring-umbria.com\/de\/subcategories\/cosa-fare-e-cosa-vedere-a-todi\/#heading2936\" target=\"_blank\" rel=\"noopener noreferrer\">Kirche Chiesa di San Fortunato<\/a>, die im 16. Jahrhundert entstanden und jeweils Bencivenga da Mercatello und Antonio Maffei da Gubbio zugeordnet werden. Beide K\u00fcnstler wollten bei der Umsetzung ihrer Kunstwerke ausschlie\u00dflich von lokalen Handwerkern unterst\u00fctzt werden. Dies bezeugt eindeutig die seit langer Zeit bestehende Meisterhaftigkeit der Einwohner Todis.<\/p>\n<p>In den Stra\u00dfen der Stadt verteilt befinden sich <strong><em>Werkst\u00e4tten zur Fertigung von typischen M\u00f6beln, raffinierter Tischler und geschickter Schnitzer, Hersteller von Einlegearbeiten sowie von Bildhauern und Restaurateuren.<\/em><\/strong> So wird eine sehr alte Tradition, die von Generation zu Generation weitergegeben wurde, noch immer aufrecht erhalten.<\/p>\n<p>Die einzigartigen und besonderen Produkte reichen von kleinen Einrichtungsgegenst\u00e4nden bis hin zu M\u00f6beln, deren Verarbeitung von Hand mit viel Liebe zum Detail f\u00fcr Preise, die jenen von Antiquit\u00e4ten \u00e4hnlich sind, sorgen.<\/p>\n","protected":false},"excerpt":{"rendered":"<p>Die Handwerkskunst hat in Umbrien eine lange Tradition und erstreckt sich \u00fcber mehrere Bereiche &#8211; von Holz \u00fcber Spitze bis hin zu Keramik und Schmiedeeisen. Aus diesem Grund befinden sich in der Region zahlreiche L\u00e4den und Werkst\u00e4tten. Aufgrund des reichlichen Vorhandenseins von W\u00e4ldern mit hochwertigem Holz wie Esche, Kirsche, Eiche und Nuss, hat die Region [&hellip;]<\/p>\n","protected":false},"author":4,"featured_media":6581,"parent":2946,"menu_order":0,"comment_status":"closed","ping_status":"closed","template":"","meta":{"om_disable_all_campaigns":false,"_monsterinsights_skip_tracking":false,"_monsterinsights_sitenote_active":false,"_monsterinsights_sitenote_note":"","_monsterinsights_sitenote_category":0},"acf":[],"yoast_head":"<!-- This site is optimized with the Yoast SEO plugin v18.4.1 - https:\/\/yoast.com\/wordpress\/plugins\/seo\/ -->\n<title>Handwerk in Todi - Exploring Umbria<\/title>\n<meta name=\"description\" content=\"Die Handwerkskunst hat in Umbrien eine lange Tradition und erstreckt sich \u00fcber mehrere Bereiche - von Holz \u00fcber Spitze bis hin zu Keramik und\" \/>\n<meta name=\"robots\" content=\"index, follow, max-snippet:-1, max-image-preview:large, max-video-preview:-1\" \/>\n<link rel=\"canonical\" href=\"https:\/\/www.exploring-umbria.com\/de\/entdecke-todi\/handwerk-in-todi\/\" \/>\n<meta property=\"og:locale\" content=\"de_DE\" \/>\n<meta property=\"og:type\" content=\"article\" \/>\n<meta property=\"og:title\" content=\"Handwerk in Todi - Exploring Umbria\" \/>\n<meta property=\"og:description\" content=\"Die Handwerkskunst hat in Umbrien eine lange Tradition und erstreckt sich \u00fcber mehrere Bereiche - von Holz \u00fcber Spitze bis hin zu Keramik und\" \/>\n<meta property=\"og:url\" content=\"https:\/\/www.exploring-umbria.com\/de\/entdecke-todi\/handwerk-in-todi\/\" \/>\n<meta property=\"og:site_name\" content=\"Exploring Umbria\" \/>\n<meta property=\"article:publisher\" content=\"https:\/\/www.facebook.com\/exploringumbria\/\" \/>\n<meta property=\"article:modified_time\" content=\"2020-01-30T10:14:16+00:00\" \/>\n<meta property=\"og:image\" content=\"https:\/\/www.exploring-umbria.com\/wp-content\/uploads\/2019\/05\/PERUGIA-LEGNO-PORTA.jpeg\" \/>\n\t<meta property=\"og:image:width\" content=\"2000\" \/>\n\t<meta property=\"og:image:height\" content=\"1333\" \/>\n\t<meta property=\"og:image:type\" content=\"image\/jpeg\" \/>\n<meta name=\"twitter:card\" content=\"summary_large_image\" \/>\n<meta name=\"twitter:label1\" content=\"Gesch\u00e4tzte Lesezeit\" \/>\n\t<meta name=\"twitter:data1\" content=\"1\u00a0Minute\" \/>\n<script type=\"application\/ld+json\" class=\"yoast-schema-graph\">{\"@context\":\"https:\/\/schema.org\",\"@graph\":[{\"@type\":\"Organization\",\"@id\":\"https:\/\/www.exploring-umbria.com\/de\/#organization\",\"name\":\"Exploring Umbria\",\"url\":\"https:\/\/www.exploring-umbria.com\/de\/\",\"sameAs\":[\"https:\/\/www.facebook.com\/exploringumbria\/\",\"https:\/\/www.instagram.com\/exploringumbria\/\"],\"logo\":{\"@type\":\"ImageObject\",\"@id\":\"https:\/\/www.exploring-umbria.com\/de\/#logo\",\"inLanguage\":\"de\",\"url\":\"https:\/\/www.exploring-umbria.com\/wp-content\/uploads\/2019\/08\/solo-logo-verde.jpg\",\"contentUrl\":\"https:\/\/www.exploring-umbria.com\/wp-content\/uploads\/2019\/08\/solo-logo-verde.jpg\",\"width\":952,\"height\":532,\"caption\":\"Exploring Umbria\"},\"image\":{\"@id\":\"https:\/\/www.exploring-umbria.com\/de\/#logo\"}},{\"@type\":\"WebSite\",\"@id\":\"https:\/\/www.exploring-umbria.com\/de\/#website\",\"url\":\"https:\/\/www.exploring-umbria.com\/de\/\",\"name\":\"Exploring Umbria\",\"description\":\"your dates, your mood, your trip\",\"publisher\":{\"@id\":\"https:\/\/www.exploring-umbria.com\/de\/#organization\"},\"potentialAction\":[{\"@type\":\"SearchAction\",\"target\":{\"@type\":\"EntryPoint\",\"urlTemplate\":\"https:\/\/www.exploring-umbria.com\/de\/?s={search_term_string}\"},\"query-input\":\"required name=search_term_string\"}],\"inLanguage\":\"de\"},{\"@type\":\"ImageObject\",\"@id\":\"https:\/\/www.exploring-umbria.com\/de\/entdecke-todi\/handwerk-in-todi\/#primaryimage\",\"inLanguage\":\"de\",\"url\":\"https:\/\/www.exploring-umbria.com\/wp-content\/uploads\/2019\/05\/PERUGIA-LEGNO-PORTA.jpeg\",\"contentUrl\":\"https:\/\/www.exploring-umbria.com\/wp-content\/uploads\/2019\/05\/PERUGIA-LEGNO-PORTA.jpeg\",\"width\":2000,\"height\":1333,\"caption\":\"artigianato todi\"},{\"@type\":\"WebPage\",\"@id\":\"https:\/\/www.exploring-umbria.com\/de\/entdecke-todi\/handwerk-in-todi\/#webpage\",\"url\":\"https:\/\/www.exploring-umbria.com\/de\/entdecke-todi\/handwerk-in-todi\/\",\"name\":\"Handwerk in Todi - Exploring Umbria\",\"isPartOf\":{\"@id\":\"https:\/\/www.exploring-umbria.com\/de\/#website\"},\"primaryImageOfPage\":{\"@id\":\"https:\/\/www.exploring-umbria.com\/de\/entdecke-todi\/handwerk-in-todi\/#primaryimage\"},\"datePublished\":\"2019-03-08T11:46:10+00:00\",\"dateModified\":\"2020-01-30T10:14:16+00:00\",\"description\":\"Die Handwerkskunst hat in Umbrien eine lange Tradition und erstreckt sich \u00fcber mehrere Bereiche - von Holz \u00fcber Spitze bis hin zu Keramik und\",\"breadcrumb\":{\"@id\":\"https:\/\/www.exploring-umbria.com\/de\/entdecke-todi\/handwerk-in-todi\/#breadcrumb\"},\"inLanguage\":\"de\",\"potentialAction\":[{\"@type\":\"ReadAction\",\"target\":[\"https:\/\/www.exploring-umbria.com\/de\/entdecke-todi\/handwerk-in-todi\/\"]}]},{\"@type\":\"BreadcrumbList\",\"@id\":\"https:\/\/www.exploring-umbria.com\/de\/entdecke-todi\/handwerk-in-todi\/#breadcrumb\",\"itemListElement\":[{\"@type\":\"ListItem\",\"position\":1,\"name\":\"Home\",\"item\":\"https:\/\/www.exploring-umbria.com\/de\/\"},{\"@type\":\"ListItem\",\"position\":2,\"name\":\"Entdecke Todi\",\"item\":\"https:\/\/www.exploring-umbria.com\/de\/entdecke-todi\/\"},{\"@type\":\"ListItem\",\"position\":3,\"name\":\"Handwerk in Todi\"}]}]}<\/script>\n<!-- \/ Yoast SEO plugin. -->","yoast_head_json":{"title":"Handwerk in Todi - Exploring Umbria","description":"Die Handwerkskunst hat in Umbrien eine lange Tradition und erstreckt sich \u00fcber mehrere Bereiche - von Holz \u00fcber Spitze bis hin zu Keramik und","robots":{"index":"index","follow":"follow","max-snippet":"max-snippet:-1","max-image-preview":"max-image-preview:large","max-video-preview":"max-video-preview:-1"},"canonical":"https:\/\/www.exploring-umbria.com\/de\/entdecke-todi\/handwerk-in-todi\/","og_locale":"de_DE","og_type":"article","og_title":"Handwerk in Todi - Exploring Umbria","og_description":"Die Handwerkskunst hat in Umbrien eine lange Tradition und erstreckt sich \u00fcber mehrere Bereiche - von Holz \u00fcber Spitze bis hin zu Keramik und","og_url":"https:\/\/www.exploring-umbria.com\/de\/entdecke-todi\/handwerk-in-todi\/","og_site_name":"Exploring Umbria","article_publisher":"https:\/\/www.facebook.com\/exploringumbria\/","article_modified_time":"2020-01-30T10:14:16+00:00","og_image":[{"width":2000,"height":1333,"url":"https:\/\/www.exploring-umbria.com\/wp-content\/uploads\/2019\/05\/PERUGIA-LEGNO-PORTA.jpeg","type":"image\/jpeg"}],"twitter_card":"summary_large_image","twitter_misc":{"Gesch\u00e4tzte Lesezeit":"1\u00a0Minute"},"schema":{"@context":"https:\/\/schema.org","@graph":[{"@type":"Organization","@id":"https:\/\/www.exploring-umbria.com\/de\/#organization","name":"Exploring Umbria","url":"https:\/\/www.exploring-umbria.com\/de\/","sameAs":["https:\/\/www.facebook.com\/exploringumbria\/","https:\/\/www.instagram.com\/exploringumbria\/"],"logo":{"@type":"ImageObject","@id":"https:\/\/www.exploring-umbria.com\/de\/#logo","inLanguage":"de","url":"https:\/\/www.exploring-umbria.com\/wp-content\/uploads\/2019\/08\/solo-logo-verde.jpg","contentUrl":"https:\/\/www.exploring-umbria.com\/wp-content\/uploads\/2019\/08\/solo-logo-verde.jpg","width":952,"height":532,"caption":"Exploring Umbria"},"image":{"@id":"https:\/\/www.exploring-umbria.com\/de\/#logo"}},{"@type":"WebSite","@id":"https:\/\/www.exploring-umbria.com\/de\/#website","url":"https:\/\/www.exploring-umbria.com\/de\/","name":"Exploring Umbria","description":"your dates, your mood, your trip","publisher":{"@id":"https:\/\/www.exploring-umbria.com\/de\/#organization"},"potentialAction":[{"@type":"SearchAction","target":{"@type":"EntryPoint","urlTemplate":"https:\/\/www.exploring-umbria.com\/de\/?s={search_term_string}"},"query-input":"required name=search_term_string"}],"inLanguage":"de"},{"@type":"ImageObject","@id":"https:\/\/www.exploring-umbria.com\/de\/entdecke-todi\/handwerk-in-todi\/#primaryimage","inLanguage":"de","url":"https:\/\/www.exploring-umbria.com\/wp-content\/uploads\/2019\/05\/PERUGIA-LEGNO-PORTA.jpeg","contentUrl":"https:\/\/www.exploring-umbria.com\/wp-content\/uploads\/2019\/05\/PERUGIA-LEGNO-PORTA.jpeg","width":2000,"height":1333,"caption":"artigianato todi"},{"@type":"WebPage","@id":"https:\/\/www.exploring-umbria.com\/de\/entdecke-todi\/handwerk-in-todi\/#webpage","url":"https:\/\/www.exploring-umbria.com\/de\/entdecke-todi\/handwerk-in-todi\/","name":"Handwerk in Todi - Exploring Umbria","isPartOf":{"@id":"https:\/\/www.exploring-umbria.com\/de\/#website"},"primaryImageOfPage":{"@id":"https:\/\/www.exploring-umbria.com\/de\/entdecke-todi\/handwerk-in-todi\/#primaryimage"},"datePublished":"2019-03-08T11:46:10+00:00","dateModified":"2020-01-30T10:14:16+00:00","description":"Die Handwerkskunst hat in Umbrien eine lange Tradition und erstreckt sich \u00fcber mehrere Bereiche - von Holz \u00fcber Spitze bis hin zu Keramik und","breadcrumb":{"@id":"https:\/\/www.exploring-umbria.com\/de\/entdecke-todi\/handwerk-in-todi\/#breadcrumb"},"inLanguage":"de","potentialAction":[{"@type":"ReadAction","target":["https:\/\/www.exploring-umbria.com\/de\/entdecke-todi\/handwerk-in-todi\/"]}]},{"@type":"BreadcrumbList","@id":"https:\/\/www.exploring-umbria.com\/de\/entdecke-todi\/handwerk-in-todi\/#breadcrumb","itemListElement":[{"@type":"ListItem","position":1,"name":"Home","item":"https:\/\/www.exploring-umbria.com\/de\/"},{"@type":"ListItem","position":2,"name":"Entdecke Todi","item":"https:\/\/www.exploring-umbria.com\/de\/entdecke-todi\/"},{"@type":"ListItem","position":3,"name":"Handwerk in Todi"}]}]}},"_links":{"self":[{"href":"https:\/\/www.exploring-umbria.com\/de\/wp-json\/wp\/v2\/pages\/2859"}],"collection":[{"href":"https:\/\/www.exploring-umbria.com\/de\/wp-json\/wp\/v2\/pages"}],"about":[{"href":"https:\/\/www.exploring-umbria.com\/de\/wp-json\/wp\/v2\/types\/page"}],"author":[{"embeddable":true,"href":"https:\/\/www.exploring-umbria.com\/de\/wp-json\/wp\/v2\/users\/4"}],"replies":[{"embeddable":true,"href":"https:\/\/www.exploring-umbria.com\/de\/wp-json\/wp\/v2\/comments?post=2859"}],"version-history":[{"count":4,"href":"https:\/\/www.exploring-umbria.com\/de\/wp-json\/wp\/v2\/pages\/2859\/revisions"}],"predecessor-version":[{"id":30329,"href":"https:\/\/www.exploring-umbria.com\/de\/wp-json\/wp\/v2\/pages\/2859\/revisions\/30329"}],"up":[{"embeddable":true,"href":"https:\/\/www.exploring-umbria.com\/de\/wp-json\/wp\/v2\/pages\/2946"}],"wp:featuredmedia":[{"embeddable":true,"href":"https:\/\/www.exploring-umbria.com\/de\/wp-json\/wp\/v2\/media\/6581"}],"wp:attachment":[{"href":"https:\/\/www.exploring-umbria.com\/de\/wp-json\/wp\/v2\/media?parent=2859"}],"curies":[{"name":"wp","href":"https:\/\/api.w.org\/{rel}","templated":true}]}}