{"id":2850,"date":"2019-03-08T15:35:22","date_gmt":"2019-03-08T14:35:22","guid":{"rendered":"https:\/\/www.exploring-umbria.com\/1768-2\/"},"modified":"2020-03-27T20:18:49","modified_gmt":"2020-03-27T19:18:49","slug":"palazzo-dei-priori","status":"publish","type":"page","link":"https:\/\/www.exploring-umbria.com\/de\/entdecke-assisi\/sehenswuerdigkeiten-in-assisi\/palazzo-dei-priori\/","title":{"rendered":"Palazzo dei Priori"},"content":{"rendered":"<p>Ab dem Ende des 13. Jahrhunderts kaufte die entstehende Gemeinde von Assisi drei Geb\u00e4ude, die sich im s\u00fcdlichen Bereich der Piazza Maggiore, heute Piazza del Comune genannt, um sie zusammenzulegen und einen einzigen, gro\u00dfen Palazzo daraus zu machen, der der \u00d6ffentlichkeit zug\u00e4nglich war und die wichtigsten institutionellen Organe zur F\u00fchrung des Ortes enthielt. Der Palazzo dei Priori ist heute ein eleganter Komplex aus Geb\u00e4uden in wei\u00dfem Ziegel, errichtet nach dem mittelalterlichen architektonischen Stil Assisis und in der Mitte offen mit einem Bogen, durch den die Hauptader des historischen Zentrums verl\u00e4uft: die Via dell\u2019arco dei Priori. Diese verl\u00e4uft von der Piazza nach unten ins Tal und f\u00fchrt zur Porta del Mojano auf der alten Stra\u00dfe nach Bettona. Der Name des Palazzo leitet sich von seinen Bewohnern ab, die ihn ab den 30er-Jahren des 14. Jahrhunderts bewohnten. Die Priori waren die Vertreter der Z\u00fcnfte der K\u00fcnstler und Handwerker \u2013 entspricht den heutigen Verb\u00e4nden, die jedoch viel einflussreicher sind \u2013 und ihr Gericht befand sich der Beletage des Geb\u00e4udes. Wie aufgrund der heutigen Gliederung des Geb\u00e4udes zu vermuten ist, befand sich im Erdgeschoss eine Galerie, in der ein Bereich Gesch\u00e4ften gewidmet war, die an Handwerker und H\u00e4ndler vermietet wurden. Die Mieteinnahmen waren wiederum notwendig, um die sehr hohen Erhaltungskosten f\u00fcr den Palazzo sowie die Lebenskosten der Bewohner finanzieren zu k\u00f6nnen. Letztere nahmen auf niemanden R\u00fccksicht, um diese Kosten tragen zu k\u00f6nnen. Im hinteren Bereich des Palazzo, im Erdgeschoss, auf dem st\u00fctzenden \u201eSchuh\u201c, der zur Verst\u00e4rkung des Geb\u00e4udes dient, befinden sich weitere bogenf\u00f6rmige Tore, die den Toren an der Hauptfassade \u00e4hnlich, jedoch kleiner und unauff\u00e4lliger sind. Hier, im verstecktesten Bereich der \u201eR\u00fcckseite der Gesch\u00e4fte\u201c, wurde 1341 das Bordell der Stadt errichtet, das gut 20 Jahre sp\u00e4ter in den Palazzo Nuovo unterhalb das wundersch\u00f6ne Gem\u00e4lde Volta Pinta, das im 16. Jahrhundert mit raffinierten Grotesken verziert wurde.<\/p>\n<p>Im Jahr 1442 best\u00fcrmte der vom verfeindeten Perugia bezahlte <a href=\"https:\/\/de.wikipedia.org\/wiki\/Niccol%C3%B2_Piccinino\" target=\"_blank\" rel=\"noopener noreferrer\"><em>Niccol\u00f2 Piccinino<\/em><\/a> mit seinem Heer aus 20.000 Mann Assisi. Er gelangte anhand einer L\u00fccke im Wassersystem der Stadt nach Assisi, legte es in Schutt und Asche und lie\u00df dabei auch Frauen und Kinder nicht au\u00dfen vor. Der Palazzo dei Priori erlebte kein gutes Schicksal und wurde schwer besch\u00e4digt, jedoch wurde er auf Wunsch von Papst Sixtus IV. und der Kardin\u00e4le <em>Orsini<\/em> und <em>Savelli<\/em> schnell wieder restauriert. Ein Gedenkstein oberhalb des Arco dei Priori dient als Erinnerung daran. Im Zuge der Restaurierung wurde der Palazzo erweitert und umfasst rechts au\u00dfen auch den Monte di Piet\u00e0 und die Residenz des apostolischen Herrschers, der direkt vom Papst entsendet wurde, um mehr Kontrolle \u00fcber die Gegend der verfeindeten und rebellischen St\u00e4ndte Perugia und Assisi zu haben.<\/p>\n<p>Die Welfenzinnen, die auf dem Dach eines Geb\u00e4udes des Komplexes sowie auf dem gegen\u00fcberliegenden <a href=\"https:\/\/www.exploring-umbria.com\/de\/subcategories\/cosa-fare-e-cosa-vedere-ad-assisi\/#heading2848\" target=\"_blank\" rel=\"noopener noreferrer\"><strong>Palazzo del Capitano del Popolo<\/strong><\/a> und auf der <strong>Torre Civica<\/strong> zu sehen sind, wurden sp\u00e4ter hinzugef\u00fcgt und gehen nicht auf die mittelalterliche \u00c4ra des Palazzo zur\u00fcck. Sie wurden w\u00e4hrend des Faschismus im Rahmen einer gro\u00dfen Renovierung der Piazza errichtet, die anl\u00e4sslich des siebenhundersten Jahrestates des Todes von hl. Franziskus stattfand.<\/p>\n<p>Im Inneren des Palazzo dei Priori, der heute die B\u00fcros der Stadtverwaltung beherbergt, sind noch die Sala del Consiglio und die Sala degli Stemmi erhalten, die in der zweiten H\u00e4lfte des 19. Jahrhunderts errichtet wurden, als Assisi dem K\u00f6nigreich Italien angeschlossen wurde. Die Fresken und die Einrichtung stammen von <em>Alessandro<\/em> und <em>Carlo<\/em> <em>Venzani<\/em>, bekannte K\u00fcnstler aus der Region.<\/p>\n","protected":false},"excerpt":{"rendered":"<p>Ab dem Ende des 13. Jahrhunderts kaufte die entstehende Gemeinde von Assisi drei Geb\u00e4ude, die sich im s\u00fcdlichen Bereich der Piazza Maggiore, heute Piazza del Comune genannt, um sie zusammenzulegen und einen einzigen, gro\u00dfen Palazzo daraus zu machen, der der \u00d6ffentlichkeit zug\u00e4nglich war und die wichtigsten institutionellen Organe zur F\u00fchrung des Ortes enthielt. Der Palazzo [&hellip;]<\/p>\n","protected":false},"author":4,"featured_media":0,"parent":3249,"menu_order":0,"comment_status":"closed","ping_status":"closed","template":"","meta":{"om_disable_all_campaigns":false,"_monsterinsights_skip_tracking":false,"_monsterinsights_sitenote_active":false,"_monsterinsights_sitenote_note":"","_monsterinsights_sitenote_category":0},"acf":[],"yoast_head":"<!-- This site is optimized with the Yoast SEO plugin v18.4.1 - https:\/\/yoast.com\/wordpress\/plugins\/seo\/ -->\n<title>Palazzo dei Priori - Exploring Umbria<\/title>\n<meta name=\"description\" content=\"Der Palazzo dei Priori ist heute ein eleganter Komplex aus Geb\u00e4uden in wei\u00dfem Ziegel, errichtet nach dem mittelalterlichen architektonischen Stil Assisis und in der Mitte offen mit einem Bogen\" \/>\n<meta name=\"robots\" content=\"index, follow, max-snippet:-1, max-image-preview:large, max-video-preview:-1\" \/>\n<link rel=\"canonical\" href=\"https:\/\/www.exploring-umbria.com\/de\/entdecke-assisi\/sehenswuerdigkeiten-in-assisi\/palazzo-dei-priori\/\" \/>\n<meta property=\"og:locale\" content=\"de_DE\" \/>\n<meta property=\"og:type\" content=\"article\" \/>\n<meta property=\"og:title\" content=\"Palazzo dei Priori - Exploring Umbria\" \/>\n<meta property=\"og:description\" content=\"Der Palazzo dei Priori ist heute ein eleganter Komplex aus Geb\u00e4uden in wei\u00dfem Ziegel, errichtet nach dem mittelalterlichen architektonischen Stil Assisis und in der Mitte offen mit einem Bogen\" \/>\n<meta property=\"og:url\" content=\"https:\/\/www.exploring-umbria.com\/de\/entdecke-assisi\/sehenswuerdigkeiten-in-assisi\/palazzo-dei-priori\/\" \/>\n<meta property=\"og:site_name\" content=\"Exploring Umbria\" \/>\n<meta property=\"article:publisher\" content=\"https:\/\/www.facebook.com\/exploringumbria\/\" \/>\n<meta property=\"article:modified_time\" content=\"2020-03-27T19:18:49+00:00\" \/>\n<meta name=\"twitter:card\" content=\"summary_large_image\" \/>\n<meta name=\"twitter:label1\" content=\"Gesch\u00e4tzte Lesezeit\" \/>\n\t<meta name=\"twitter:data1\" content=\"3\u00a0Minuten\" \/>\n<script type=\"application\/ld+json\" class=\"yoast-schema-graph\">{\"@context\":\"https:\/\/schema.org\",\"@graph\":[{\"@type\":\"Organization\",\"@id\":\"https:\/\/www.exploring-umbria.com\/de\/#organization\",\"name\":\"Exploring Umbria\",\"url\":\"https:\/\/www.exploring-umbria.com\/de\/\",\"sameAs\":[\"https:\/\/www.facebook.com\/exploringumbria\/\",\"https:\/\/www.instagram.com\/exploringumbria\/\"],\"logo\":{\"@type\":\"ImageObject\",\"@id\":\"https:\/\/www.exploring-umbria.com\/de\/#logo\",\"inLanguage\":\"de\",\"url\":\"https:\/\/www.exploring-umbria.com\/wp-content\/uploads\/2019\/08\/solo-logo-verde.jpg\",\"contentUrl\":\"https:\/\/www.exploring-umbria.com\/wp-content\/uploads\/2019\/08\/solo-logo-verde.jpg\",\"width\":952,\"height\":532,\"caption\":\"Exploring Umbria\"},\"image\":{\"@id\":\"https:\/\/www.exploring-umbria.com\/de\/#logo\"}},{\"@type\":\"WebSite\",\"@id\":\"https:\/\/www.exploring-umbria.com\/de\/#website\",\"url\":\"https:\/\/www.exploring-umbria.com\/de\/\",\"name\":\"Exploring Umbria\",\"description\":\"your dates, your mood, your trip\",\"publisher\":{\"@id\":\"https:\/\/www.exploring-umbria.com\/de\/#organization\"},\"potentialAction\":[{\"@type\":\"SearchAction\",\"target\":{\"@type\":\"EntryPoint\",\"urlTemplate\":\"https:\/\/www.exploring-umbria.com\/de\/?s={search_term_string}\"},\"query-input\":\"required name=search_term_string\"}],\"inLanguage\":\"de\"},{\"@type\":\"WebPage\",\"@id\":\"https:\/\/www.exploring-umbria.com\/de\/entdecke-assisi\/sehenswuerdigkeiten-in-assisi\/palazzo-dei-priori\/#webpage\",\"url\":\"https:\/\/www.exploring-umbria.com\/de\/entdecke-assisi\/sehenswuerdigkeiten-in-assisi\/palazzo-dei-priori\/\",\"name\":\"Palazzo dei Priori - Exploring Umbria\",\"isPartOf\":{\"@id\":\"https:\/\/www.exploring-umbria.com\/de\/#website\"},\"datePublished\":\"2019-03-08T14:35:22+00:00\",\"dateModified\":\"2020-03-27T19:18:49+00:00\",\"description\":\"Der Palazzo dei Priori ist heute ein eleganter Komplex aus Geb\u00e4uden in wei\u00dfem Ziegel, errichtet nach dem mittelalterlichen architektonischen Stil Assisis und in der Mitte offen mit einem Bogen\",\"breadcrumb\":{\"@id\":\"https:\/\/www.exploring-umbria.com\/de\/entdecke-assisi\/sehenswuerdigkeiten-in-assisi\/palazzo-dei-priori\/#breadcrumb\"},\"inLanguage\":\"de\",\"potentialAction\":[{\"@type\":\"ReadAction\",\"target\":[\"https:\/\/www.exploring-umbria.com\/de\/entdecke-assisi\/sehenswuerdigkeiten-in-assisi\/palazzo-dei-priori\/\"]}]},{\"@type\":\"BreadcrumbList\",\"@id\":\"https:\/\/www.exploring-umbria.com\/de\/entdecke-assisi\/sehenswuerdigkeiten-in-assisi\/palazzo-dei-priori\/#breadcrumb\",\"itemListElement\":[{\"@type\":\"ListItem\",\"position\":1,\"name\":\"Home\",\"item\":\"https:\/\/www.exploring-umbria.com\/de\/\"},{\"@type\":\"ListItem\",\"position\":2,\"name\":\"Entdecke Assisi\",\"item\":\"https:\/\/www.exploring-umbria.com\/de\/entdecke-assisi\/\"},{\"@type\":\"ListItem\",\"position\":3,\"name\":\"Sehensw\u00fcrdigkeiten in Assisi\",\"item\":\"https:\/\/www.exploring-umbria.com\/de\/entdecke-assisi\/sehenswuerdigkeiten-in-assisi\/\"},{\"@type\":\"ListItem\",\"position\":4,\"name\":\"Palazzo dei Priori\"}]}]}<\/script>\n<!-- \/ Yoast SEO plugin. -->","yoast_head_json":{"title":"Palazzo dei Priori - Exploring Umbria","description":"Der Palazzo dei Priori ist heute ein eleganter Komplex aus Geb\u00e4uden in wei\u00dfem Ziegel, errichtet nach dem mittelalterlichen architektonischen Stil Assisis und in der Mitte offen mit einem Bogen","robots":{"index":"index","follow":"follow","max-snippet":"max-snippet:-1","max-image-preview":"max-image-preview:large","max-video-preview":"max-video-preview:-1"},"canonical":"https:\/\/www.exploring-umbria.com\/de\/entdecke-assisi\/sehenswuerdigkeiten-in-assisi\/palazzo-dei-priori\/","og_locale":"de_DE","og_type":"article","og_title":"Palazzo dei Priori - Exploring Umbria","og_description":"Der Palazzo dei Priori ist heute ein eleganter Komplex aus Geb\u00e4uden in wei\u00dfem Ziegel, errichtet nach dem mittelalterlichen architektonischen Stil Assisis und in der Mitte offen mit einem Bogen","og_url":"https:\/\/www.exploring-umbria.com\/de\/entdecke-assisi\/sehenswuerdigkeiten-in-assisi\/palazzo-dei-priori\/","og_site_name":"Exploring Umbria","article_publisher":"https:\/\/www.facebook.com\/exploringumbria\/","article_modified_time":"2020-03-27T19:18:49+00:00","twitter_card":"summary_large_image","twitter_misc":{"Gesch\u00e4tzte Lesezeit":"3\u00a0Minuten"},"schema":{"@context":"https:\/\/schema.org","@graph":[{"@type":"Organization","@id":"https:\/\/www.exploring-umbria.com\/de\/#organization","name":"Exploring Umbria","url":"https:\/\/www.exploring-umbria.com\/de\/","sameAs":["https:\/\/www.facebook.com\/exploringumbria\/","https:\/\/www.instagram.com\/exploringumbria\/"],"logo":{"@type":"ImageObject","@id":"https:\/\/www.exploring-umbria.com\/de\/#logo","inLanguage":"de","url":"https:\/\/www.exploring-umbria.com\/wp-content\/uploads\/2019\/08\/solo-logo-verde.jpg","contentUrl":"https:\/\/www.exploring-umbria.com\/wp-content\/uploads\/2019\/08\/solo-logo-verde.jpg","width":952,"height":532,"caption":"Exploring Umbria"},"image":{"@id":"https:\/\/www.exploring-umbria.com\/de\/#logo"}},{"@type":"WebSite","@id":"https:\/\/www.exploring-umbria.com\/de\/#website","url":"https:\/\/www.exploring-umbria.com\/de\/","name":"Exploring Umbria","description":"your dates, your mood, your trip","publisher":{"@id":"https:\/\/www.exploring-umbria.com\/de\/#organization"},"potentialAction":[{"@type":"SearchAction","target":{"@type":"EntryPoint","urlTemplate":"https:\/\/www.exploring-umbria.com\/de\/?s={search_term_string}"},"query-input":"required name=search_term_string"}],"inLanguage":"de"},{"@type":"WebPage","@id":"https:\/\/www.exploring-umbria.com\/de\/entdecke-assisi\/sehenswuerdigkeiten-in-assisi\/palazzo-dei-priori\/#webpage","url":"https:\/\/www.exploring-umbria.com\/de\/entdecke-assisi\/sehenswuerdigkeiten-in-assisi\/palazzo-dei-priori\/","name":"Palazzo dei Priori - Exploring Umbria","isPartOf":{"@id":"https:\/\/www.exploring-umbria.com\/de\/#website"},"datePublished":"2019-03-08T14:35:22+00:00","dateModified":"2020-03-27T19:18:49+00:00","description":"Der Palazzo dei Priori ist heute ein eleganter Komplex aus Geb\u00e4uden in wei\u00dfem Ziegel, errichtet nach dem mittelalterlichen architektonischen Stil Assisis und in der Mitte offen mit einem Bogen","breadcrumb":{"@id":"https:\/\/www.exploring-umbria.com\/de\/entdecke-assisi\/sehenswuerdigkeiten-in-assisi\/palazzo-dei-priori\/#breadcrumb"},"inLanguage":"de","potentialAction":[{"@type":"ReadAction","target":["https:\/\/www.exploring-umbria.com\/de\/entdecke-assisi\/sehenswuerdigkeiten-in-assisi\/palazzo-dei-priori\/"]}]},{"@type":"BreadcrumbList","@id":"https:\/\/www.exploring-umbria.com\/de\/entdecke-assisi\/sehenswuerdigkeiten-in-assisi\/palazzo-dei-priori\/#breadcrumb","itemListElement":[{"@type":"ListItem","position":1,"name":"Home","item":"https:\/\/www.exploring-umbria.com\/de\/"},{"@type":"ListItem","position":2,"name":"Entdecke Assisi","item":"https:\/\/www.exploring-umbria.com\/de\/entdecke-assisi\/"},{"@type":"ListItem","position":3,"name":"Sehensw\u00fcrdigkeiten in Assisi","item":"https:\/\/www.exploring-umbria.com\/de\/entdecke-assisi\/sehenswuerdigkeiten-in-assisi\/"},{"@type":"ListItem","position":4,"name":"Palazzo dei Priori"}]}]}},"_links":{"self":[{"href":"https:\/\/www.exploring-umbria.com\/de\/wp-json\/wp\/v2\/pages\/2850"}],"collection":[{"href":"https:\/\/www.exploring-umbria.com\/de\/wp-json\/wp\/v2\/pages"}],"about":[{"href":"https:\/\/www.exploring-umbria.com\/de\/wp-json\/wp\/v2\/types\/page"}],"author":[{"embeddable":true,"href":"https:\/\/www.exploring-umbria.com\/de\/wp-json\/wp\/v2\/users\/4"}],"replies":[{"embeddable":true,"href":"https:\/\/www.exploring-umbria.com\/de\/wp-json\/wp\/v2\/comments?post=2850"}],"version-history":[{"count":4,"href":"https:\/\/www.exploring-umbria.com\/de\/wp-json\/wp\/v2\/pages\/2850\/revisions"}],"predecessor-version":[{"id":33125,"href":"https:\/\/www.exploring-umbria.com\/de\/wp-json\/wp\/v2\/pages\/2850\/revisions\/33125"}],"up":[{"embeddable":true,"href":"https:\/\/www.exploring-umbria.com\/de\/wp-json\/wp\/v2\/pages\/3249"}],"wp:attachment":[{"href":"https:\/\/www.exploring-umbria.com\/de\/wp-json\/wp\/v2\/media?parent=2850"}],"curies":[{"name":"wp","href":"https:\/\/api.w.org\/{rel}","templated":true}]}}