{"id":28463,"date":"2019-05-20T02:07:02","date_gmt":"2019-05-20T00:07:02","guid":{"rendered":"https:\/\/www.exploring-umbria.com\/entdecke-spoleto\/sehenswuerdigkeiten-in-spoleto\/basilica-di-san-gregorio-maggiore\/"},"modified":"2020-03-31T13:43:58","modified_gmt":"2020-03-31T11:43:58","slug":"basilika-san-gregorio-maggiore","status":"publish","type":"page","link":"https:\/\/www.exploring-umbria.com\/de\/entdecke-spoleto\/sehenswuerdigkeiten-in-spoleto\/basilika-san-gregorio-maggiore\/","title":{"rendered":"Basilika San Gregorio Maggiore"},"content":{"rendered":"<p>Die Basilika San Gregorio Maggiore liegt wundersch\u00f6n auf der Piazza Garibaldi, auf der gegen\u00fcberliegenden Seite des Denkmals, das dem gro\u00dfen Helden der italienischen Geschichte gewidmet ist, nicht weit von einem der Tore ins historische Stadtzentrum entfernt, der Porta di San Gregorio. Es ist nur eines der zahlreichen Geb\u00e4ude innerhalb der Stadtmauern, die dem <a href=\"https:\/\/de.wikipedia.org\/wiki\/Gregor_von_Spoleto\" target=\"_blank\" rel=\"noopener noreferrer\">M\u00e4rtyrerheiligen<\/a> gewidmet sind, denn neben der Basilika gibt es noch weitere Kultst\u00e4tten an der <a href=\"https:\/\/www.exploring-umbria.com\/de\/subcategories\/cosa-fare-e-cosa-vedere-a-spoleto\/#heading28465\" target=\"_blank\" rel=\"noopener noreferrer\">Br\u00fccke Sanguinario<\/a>, die ebenfalls mit der Biografie des Heiligen in Verbindung steht, und am Forum San Gregorio della Sinagoga.<br \/>\nDie Basilika wurde auf einer ehemaligen Friedhofsfl\u00e4che und nahm ihre heutige Form im Jahr 1079 an, wobei sie in den folgenden Jahrhunderten zahlreiche Ver\u00e4nderungen erfuhr, aber der \u00dcberlieferung nach wurde die urspr\u00fcngliche Kirche im vierten Jahrhundert von einer Witwe namens Abbondanza errichtet, die den Leichnam des M\u00e4rtyrers wiedergefunden hatte und ein Begr\u00e4bnis sowie den Bau der Kultst\u00e4tte erm\u00f6glichte.<br \/>\nDie monumentale Fassade hat drei B\u00f6gen aus dem 14. Jahrhundert im oberen Teil, die von drei umgebauten B\u00f6gen umgeben sind. In der Mitte sind die Reste eines Freskos aus dem 16. Jahrhundert erhalten, das Giovanni da Foligno zugeschrieben wird und auf dem vielleicht der K\u00fcnstler Giovanni di Corraduccio zu erkennen ist. Der Zugang zum Geb\u00e4ude ist dank des monumentalen Portals m\u00f6glich, das 1597 auf Gehei\u00df von Bischof Sanvitale errichtet wurde und von einem Portikus aus dem sechzehnten Jahrhundert mit drei B\u00f6gen umrahmt ist und versch\u00f6nert wird.<br \/>\nIm Inneren bestegt die Basilika San Gregorio Maggiore aus drei Schiffen mit einem erh\u00f6hten Presbyterium, das wiederum in drei kleine Schiffe unterteilt ist und mit Apsiden endet. An den Seiten befinden sich mehrere Kapellen, von denen die wichtigste die Capella del Sacramento ist, mit einem Tabernakel aus dem Jahr 1523, der 1860 aus dem Kloster des Sterns von Spoleto \u00fcberf\u00fchrt wurde; und die Capella degli Innocenti, in der dekorative Szenen, die von der Geschichte der Kirche und von S. Abbondanza inspiriert sind, verwahrt werden: die Heilige, die das Geb\u00e4ude errichtete, und die M\u00e4rtyrer, die von der Br\u00fccke Sanguinario geworfen wurden.<br \/>\nInteressant ist auch die Krypta unter dem Presbyterium, gro\u00df und in f\u00fcnf Schiffe mit drei Apsiden gegliedert. Eine Inschrift und eine \u00dcberlieferung lassen vermuten, dass in der Krypta bis zu zehntausend M\u00e4rtyrer begraben wurden. Tats\u00e4chlich beherbergt die Krypta zahlreiche menschliche \u00dcberreste aus verschiedenen Epochen, die in verschiedenen Sarkophagen abgelegt wurden.<br \/>\nDas Geb\u00e4ude enth\u00e4lt noch Fragmente des originale Fu\u00dfbodens, die mit kosmischen Verzierungen, Fresken aus dem 12.-15. Jahrhundert und zahlreichen kahlen Materialien aus der r\u00f6mischen Zeit verziert sind. Diese sind nicht nur in der Krypta, sondern auch im 1492 fertiggestellten Glockenturm deutlich erkennbar.<br \/>\nAn die Kirche schlie\u00dft au\u00dferdem ein eleganter Kreuzgang mit einer doppelten Reihe aus Rundb\u00f6gen an, die von achteckigen Terrakotta-S\u00e4ulen getragen werden. Die erste Reihe wurde wahrscheinlich im 12. Jahrhundert gleichzeitig mit der Kirche gebaut, w\u00e4hrend die zweite Reihe, die sich auf der oberen Ebene befindet, vielleicht eine Erg\u00e4nzung aus dem 16. Jahrhundert ist.<\/p>\n","protected":false},"excerpt":{"rendered":"<p>Die Basilika San Gregorio Maggiore liegt wundersch\u00f6n auf der Piazza Garibaldi, auf der gegen\u00fcberliegenden Seite des Denkmals, das dem gro\u00dfen Helden der italienischen Geschichte gewidmet ist, nicht weit von einem der Tore ins historische Stadtzentrum entfernt, der Porta di San Gregorio. Es ist nur eines der zahlreichen Geb\u00e4ude innerhalb der Stadtmauern, die dem M\u00e4rtyrerheiligen gewidmet [&hellip;]<\/p>\n","protected":false},"author":4,"featured_media":0,"parent":28389,"menu_order":3,"comment_status":"closed","ping_status":"closed","template":"","meta":{"om_disable_all_campaigns":false,"_monsterinsights_skip_tracking":false,"_monsterinsights_sitenote_active":false,"_monsterinsights_sitenote_note":"","_monsterinsights_sitenote_category":0},"acf":[],"yoast_head":"<!-- This site is optimized with the Yoast SEO plugin v18.4.1 - https:\/\/yoast.com\/wordpress\/plugins\/seo\/ -->\n<title>Basilika San Gregorio Maggiore - Exploring Umbria<\/title>\n<meta name=\"description\" content=\"Die Basilika San Gregorio Maggiore liegt wundersch\u00f6n auf der Piazza Garibaldi, auf der gegen\u00fcberliegenden Seite des Denkmals, das dem gro\u00dfen Helden der\" \/>\n<meta name=\"robots\" content=\"index, follow, max-snippet:-1, max-image-preview:large, max-video-preview:-1\" \/>\n<link rel=\"canonical\" href=\"https:\/\/www.exploring-umbria.com\/de\/entdecke-spoleto\/sehenswuerdigkeiten-in-spoleto\/basilika-san-gregorio-maggiore\/\" \/>\n<meta property=\"og:locale\" content=\"de_DE\" \/>\n<meta property=\"og:type\" content=\"article\" \/>\n<meta property=\"og:title\" content=\"Basilika San Gregorio Maggiore - Exploring Umbria\" \/>\n<meta property=\"og:description\" content=\"Die Basilika San Gregorio Maggiore liegt wundersch\u00f6n auf der Piazza Garibaldi, auf der gegen\u00fcberliegenden Seite des Denkmals, das dem gro\u00dfen Helden der\" \/>\n<meta property=\"og:url\" content=\"https:\/\/www.exploring-umbria.com\/de\/entdecke-spoleto\/sehenswuerdigkeiten-in-spoleto\/basilika-san-gregorio-maggiore\/\" \/>\n<meta property=\"og:site_name\" content=\"Exploring Umbria\" \/>\n<meta property=\"article:publisher\" content=\"https:\/\/www.facebook.com\/exploringumbria\/\" \/>\n<meta property=\"article:modified_time\" content=\"2020-03-31T11:43:58+00:00\" \/>\n<meta name=\"twitter:card\" content=\"summary_large_image\" \/>\n<meta name=\"twitter:label1\" content=\"Gesch\u00e4tzte Lesezeit\" \/>\n\t<meta name=\"twitter:data1\" content=\"3\u00a0Minuten\" \/>\n<script type=\"application\/ld+json\" class=\"yoast-schema-graph\">{\"@context\":\"https:\/\/schema.org\",\"@graph\":[{\"@type\":\"Organization\",\"@id\":\"https:\/\/www.exploring-umbria.com\/de\/#organization\",\"name\":\"Exploring Umbria\",\"url\":\"https:\/\/www.exploring-umbria.com\/de\/\",\"sameAs\":[\"https:\/\/www.facebook.com\/exploringumbria\/\",\"https:\/\/www.instagram.com\/exploringumbria\/\"],\"logo\":{\"@type\":\"ImageObject\",\"@id\":\"https:\/\/www.exploring-umbria.com\/de\/#logo\",\"inLanguage\":\"de\",\"url\":\"https:\/\/www.exploring-umbria.com\/wp-content\/uploads\/2019\/08\/solo-logo-verde.jpg\",\"contentUrl\":\"https:\/\/www.exploring-umbria.com\/wp-content\/uploads\/2019\/08\/solo-logo-verde.jpg\",\"width\":952,\"height\":532,\"caption\":\"Exploring Umbria\"},\"image\":{\"@id\":\"https:\/\/www.exploring-umbria.com\/de\/#logo\"}},{\"@type\":\"WebSite\",\"@id\":\"https:\/\/www.exploring-umbria.com\/de\/#website\",\"url\":\"https:\/\/www.exploring-umbria.com\/de\/\",\"name\":\"Exploring Umbria\",\"description\":\"your dates, your mood, your trip\",\"publisher\":{\"@id\":\"https:\/\/www.exploring-umbria.com\/de\/#organization\"},\"potentialAction\":[{\"@type\":\"SearchAction\",\"target\":{\"@type\":\"EntryPoint\",\"urlTemplate\":\"https:\/\/www.exploring-umbria.com\/de\/?s={search_term_string}\"},\"query-input\":\"required name=search_term_string\"}],\"inLanguage\":\"de\"},{\"@type\":\"WebPage\",\"@id\":\"https:\/\/www.exploring-umbria.com\/de\/entdecke-spoleto\/sehenswuerdigkeiten-in-spoleto\/basilika-san-gregorio-maggiore\/#webpage\",\"url\":\"https:\/\/www.exploring-umbria.com\/de\/entdecke-spoleto\/sehenswuerdigkeiten-in-spoleto\/basilika-san-gregorio-maggiore\/\",\"name\":\"Basilika San Gregorio Maggiore - Exploring Umbria\",\"isPartOf\":{\"@id\":\"https:\/\/www.exploring-umbria.com\/de\/#website\"},\"datePublished\":\"2019-05-20T00:07:02+00:00\",\"dateModified\":\"2020-03-31T11:43:58+00:00\",\"description\":\"Die Basilika San Gregorio Maggiore liegt wundersch\u00f6n auf der Piazza Garibaldi, auf der gegen\u00fcberliegenden Seite des Denkmals, das dem gro\u00dfen Helden der\",\"breadcrumb\":{\"@id\":\"https:\/\/www.exploring-umbria.com\/de\/entdecke-spoleto\/sehenswuerdigkeiten-in-spoleto\/basilika-san-gregorio-maggiore\/#breadcrumb\"},\"inLanguage\":\"de\",\"potentialAction\":[{\"@type\":\"ReadAction\",\"target\":[\"https:\/\/www.exploring-umbria.com\/de\/entdecke-spoleto\/sehenswuerdigkeiten-in-spoleto\/basilika-san-gregorio-maggiore\/\"]}]},{\"@type\":\"BreadcrumbList\",\"@id\":\"https:\/\/www.exploring-umbria.com\/de\/entdecke-spoleto\/sehenswuerdigkeiten-in-spoleto\/basilika-san-gregorio-maggiore\/#breadcrumb\",\"itemListElement\":[{\"@type\":\"ListItem\",\"position\":1,\"name\":\"Home\",\"item\":\"https:\/\/www.exploring-umbria.com\/de\/\"},{\"@type\":\"ListItem\",\"position\":2,\"name\":\"Entdecke Spoleto\",\"item\":\"https:\/\/www.exploring-umbria.com\/de\/entdecke-spoleto\/\"},{\"@type\":\"ListItem\",\"position\":3,\"name\":\"Sehensw\u00fcrdigkeiten in Spoleto\",\"item\":\"https:\/\/www.exploring-umbria.com\/de\/entdecke-spoleto\/sehenswuerdigkeiten-in-spoleto\/\"},{\"@type\":\"ListItem\",\"position\":4,\"name\":\"Basilika San Gregorio Maggiore\"}]}]}<\/script>\n<!-- \/ Yoast SEO plugin. -->","yoast_head_json":{"title":"Basilika San Gregorio Maggiore - Exploring Umbria","description":"Die Basilika San Gregorio Maggiore liegt wundersch\u00f6n auf der Piazza Garibaldi, auf der gegen\u00fcberliegenden Seite des Denkmals, das dem gro\u00dfen Helden der","robots":{"index":"index","follow":"follow","max-snippet":"max-snippet:-1","max-image-preview":"max-image-preview:large","max-video-preview":"max-video-preview:-1"},"canonical":"https:\/\/www.exploring-umbria.com\/de\/entdecke-spoleto\/sehenswuerdigkeiten-in-spoleto\/basilika-san-gregorio-maggiore\/","og_locale":"de_DE","og_type":"article","og_title":"Basilika San Gregorio Maggiore - Exploring Umbria","og_description":"Die Basilika San Gregorio Maggiore liegt wundersch\u00f6n auf der Piazza Garibaldi, auf der gegen\u00fcberliegenden Seite des Denkmals, das dem gro\u00dfen Helden der","og_url":"https:\/\/www.exploring-umbria.com\/de\/entdecke-spoleto\/sehenswuerdigkeiten-in-spoleto\/basilika-san-gregorio-maggiore\/","og_site_name":"Exploring Umbria","article_publisher":"https:\/\/www.facebook.com\/exploringumbria\/","article_modified_time":"2020-03-31T11:43:58+00:00","twitter_card":"summary_large_image","twitter_misc":{"Gesch\u00e4tzte Lesezeit":"3\u00a0Minuten"},"schema":{"@context":"https:\/\/schema.org","@graph":[{"@type":"Organization","@id":"https:\/\/www.exploring-umbria.com\/de\/#organization","name":"Exploring Umbria","url":"https:\/\/www.exploring-umbria.com\/de\/","sameAs":["https:\/\/www.facebook.com\/exploringumbria\/","https:\/\/www.instagram.com\/exploringumbria\/"],"logo":{"@type":"ImageObject","@id":"https:\/\/www.exploring-umbria.com\/de\/#logo","inLanguage":"de","url":"https:\/\/www.exploring-umbria.com\/wp-content\/uploads\/2019\/08\/solo-logo-verde.jpg","contentUrl":"https:\/\/www.exploring-umbria.com\/wp-content\/uploads\/2019\/08\/solo-logo-verde.jpg","width":952,"height":532,"caption":"Exploring Umbria"},"image":{"@id":"https:\/\/www.exploring-umbria.com\/de\/#logo"}},{"@type":"WebSite","@id":"https:\/\/www.exploring-umbria.com\/de\/#website","url":"https:\/\/www.exploring-umbria.com\/de\/","name":"Exploring Umbria","description":"your dates, your mood, your trip","publisher":{"@id":"https:\/\/www.exploring-umbria.com\/de\/#organization"},"potentialAction":[{"@type":"SearchAction","target":{"@type":"EntryPoint","urlTemplate":"https:\/\/www.exploring-umbria.com\/de\/?s={search_term_string}"},"query-input":"required name=search_term_string"}],"inLanguage":"de"},{"@type":"WebPage","@id":"https:\/\/www.exploring-umbria.com\/de\/entdecke-spoleto\/sehenswuerdigkeiten-in-spoleto\/basilika-san-gregorio-maggiore\/#webpage","url":"https:\/\/www.exploring-umbria.com\/de\/entdecke-spoleto\/sehenswuerdigkeiten-in-spoleto\/basilika-san-gregorio-maggiore\/","name":"Basilika San Gregorio Maggiore - Exploring Umbria","isPartOf":{"@id":"https:\/\/www.exploring-umbria.com\/de\/#website"},"datePublished":"2019-05-20T00:07:02+00:00","dateModified":"2020-03-31T11:43:58+00:00","description":"Die Basilika San Gregorio Maggiore liegt wundersch\u00f6n auf der Piazza Garibaldi, auf der gegen\u00fcberliegenden Seite des Denkmals, das dem gro\u00dfen Helden der","breadcrumb":{"@id":"https:\/\/www.exploring-umbria.com\/de\/entdecke-spoleto\/sehenswuerdigkeiten-in-spoleto\/basilika-san-gregorio-maggiore\/#breadcrumb"},"inLanguage":"de","potentialAction":[{"@type":"ReadAction","target":["https:\/\/www.exploring-umbria.com\/de\/entdecke-spoleto\/sehenswuerdigkeiten-in-spoleto\/basilika-san-gregorio-maggiore\/"]}]},{"@type":"BreadcrumbList","@id":"https:\/\/www.exploring-umbria.com\/de\/entdecke-spoleto\/sehenswuerdigkeiten-in-spoleto\/basilika-san-gregorio-maggiore\/#breadcrumb","itemListElement":[{"@type":"ListItem","position":1,"name":"Home","item":"https:\/\/www.exploring-umbria.com\/de\/"},{"@type":"ListItem","position":2,"name":"Entdecke Spoleto","item":"https:\/\/www.exploring-umbria.com\/de\/entdecke-spoleto\/"},{"@type":"ListItem","position":3,"name":"Sehensw\u00fcrdigkeiten in Spoleto","item":"https:\/\/www.exploring-umbria.com\/de\/entdecke-spoleto\/sehenswuerdigkeiten-in-spoleto\/"},{"@type":"ListItem","position":4,"name":"Basilika San Gregorio Maggiore"}]}]}},"_links":{"self":[{"href":"https:\/\/www.exploring-umbria.com\/de\/wp-json\/wp\/v2\/pages\/28463"}],"collection":[{"href":"https:\/\/www.exploring-umbria.com\/de\/wp-json\/wp\/v2\/pages"}],"about":[{"href":"https:\/\/www.exploring-umbria.com\/de\/wp-json\/wp\/v2\/types\/page"}],"author":[{"embeddable":true,"href":"https:\/\/www.exploring-umbria.com\/de\/wp-json\/wp\/v2\/users\/4"}],"replies":[{"embeddable":true,"href":"https:\/\/www.exploring-umbria.com\/de\/wp-json\/wp\/v2\/comments?post=28463"}],"version-history":[{"count":3,"href":"https:\/\/www.exploring-umbria.com\/de\/wp-json\/wp\/v2\/pages\/28463\/revisions"}],"predecessor-version":[{"id":33236,"href":"https:\/\/www.exploring-umbria.com\/de\/wp-json\/wp\/v2\/pages\/28463\/revisions\/33236"}],"up":[{"embeddable":true,"href":"https:\/\/www.exploring-umbria.com\/de\/wp-json\/wp\/v2\/pages\/28389"}],"wp:attachment":[{"href":"https:\/\/www.exploring-umbria.com\/de\/wp-json\/wp\/v2\/media?parent=28463"}],"curies":[{"name":"wp","href":"https:\/\/api.w.org\/{rel}","templated":true}]}}