{"id":28451,"date":"2019-05-20T02:01:54","date_gmt":"2019-05-20T00:01:54","guid":{"rendered":"https:\/\/www.exploring-umbria.com\/entdecke-spoleto\/sehenswuerdigkeiten-in-spoleto\/cattedrale-di-santa-maria-assunta-duomo-di-spoleto\/"},"modified":"2020-01-08T20:44:52","modified_gmt":"2020-01-08T19:44:52","slug":"kathedrale-santa-maria-assunta-dom-von-spoleto","status":"publish","type":"page","link":"https:\/\/www.exploring-umbria.com\/de\/entdecke-spoleto\/sehenswuerdigkeiten-in-spoleto\/kathedrale-santa-maria-assunta-dom-von-spoleto\/","title":{"rendered":"Kathedrale Santa Maria Assunta (Dom von Spoleto)"},"content":{"rendered":"<p>Der Dom von Spoleto ist mit seiner wunderbaren Fassade eine Art Kulisse f\u00fcr die Piazza Duomo, auf der viele andere Geb\u00e4ude stehen.<br \/>\nDie Kathedrale wurde im zw\u00f6lften Jahrhundert auf den Resten eines fr\u00fcheren religi\u00f6sen Geb\u00e4udes errichtet, das nach S. Maria del Vescovado benannt war und wiederum auf einem \u00e4lteren, dem M\u00e4rtyrer Primiano gewidmeten Gotteshaus stand. Die Krypta von S. Primiano, in die man durch das Pfarrhaus gelangt, stammt aus dem 9. Jahrhundert und stellt den einzigen urspr\u00fcnglichen Teil der alten Kathedrale dar, die Ende des 12. Jahrhunderts wieder aufgebaut wurde.<br \/>\nAn die Fassade des Doms grenzt auf der linken Seite der imposanten Glockenturm mit viereckigem Grundriss. Au\u00dferdem enth\u00e4lt die Fassade einen eleganten Portikus mit f\u00fcnf Rundb\u00f6gen, die von korinthischen S\u00e4ulen getragen werden, ein bewundernswertes Werk des Meisters Ambrogio Barocci aus dem Jahr 1492. Der obere Teil ist in zwei Ebenen unterteilt, die durch ein von Blendb\u00f6gen gest\u00fctztes Gesims getrennt sind: der untere Teil ist mit f\u00fcnf sch\u00f6nen Rosettenfenstern verziert, das mittlere ist gr\u00f6\u00dfer und von den Symbolen der vier Evangelisten umgeben; der obere Teil weist drei Rosettenfenster und drei spitzbogige Nischen auf, von denen die mittlere, gr\u00f6\u00dfere, durch das wunderbare Mosaik mit dem zwischen der Madonna und dem heiligen Johannes dem Evangelisten thronenden Christus verziert ist. Die dekorativen Elemente werden durch die Verwendung von Bl\u00f6cken aus wei\u00dfem und rosa Stein aus der Region, die die architektonischen Details hervorheben, zus\u00e4tzlich betont.<br \/>\nIm Inneren ist der Raum in drei Schiffe mit zentraler Apsis unterteilt, der Grundriss ist ein lateinisches Kreuz mit Querschiff. Das Geb\u00e4ude beherbergt zahlreiche Kunstwerke von K\u00fcnstlern aus verschiedenen Epochen: die Bronzeb\u00fcste von Urban VIII. wurde 1640 von <a href=\"https:\/\/de.wikipedia.org\/wiki\/Gian_Lorenzo_Bernini\" rel=\"noopener noreferrer\" target=\"_blank\">Gian Lorenzo Bernini<\/a> angefertigt; das Kreuz mit der Ikonographie des lebenden Christus (Triumphale) ist ein Werk von Alberto Sotio aus dem Jahr 1187; der Zyklus mit den Geschichten der Jungfrau, der die zentrale Apsis schm\u00fcckt, wurde zwischen 1467 und 1469 von <a href=\"https:\/\/de.wikipedia.org\/wiki\/Filippo_Lippi\" rel=\"noopener noreferrer\" target=\"_blank\">Filippo Lippi<\/a> gemalt.<br \/>\nBesonders bewundernswert sind schlie\u00dflich zwei Kapellen: die Kapelle Cappella della Santissima Icona, in der eine byzantinische Tafel aus dem 12. Jahrhundert aufbewahrt wird, die der \u00dcberlieferung nach von Friedrich Barbarossa der Stadt Spoleto als Zeichen des Friedens geschenkt wurde; und die Kapelle Cappella delle Reliquie, in der einer der beiden einzigen selbst verfassten Briefe des heiligen Franziskus aufbewahrt wird, die es noch gibt. Es handelt sich um ein kleines rechteckiges Pergament (13\u00d76 cm) aus Ziegenleder, das aus neunzehn Zeilen besteht und an Fra Leone gerichtet ist. Der andere handgeschriebene Brief ist die sogenannte Chartula, die in der <a href=\"https:\/\/www.exploring-umbria.com\/de\/subcategories\/cosa-fare-e-cosa-vedere-ad-assisi\/#heading3236\" rel=\"noopener noreferrer\" target=\"_blank\">Basilika von Assisi<\/a> aufbewahrt wird und der \u00dcberlieferung zufolge 1224 von Franziskus nach seiner Stigmatisierung auf dem Berg Verna geschrieben wurde.<br \/>\nDas Innere des Geb\u00e4udes, so wie es sich uns heute pr\u00e4sentiert, ist das Ergebnis eines entscheidenden Eingriffs im 17. Jahrhundert, der ihm einen barocken Stil verlieh.<\/p>\n","protected":false},"excerpt":{"rendered":"<p>Der Dom von Spoleto ist mit seiner wunderbaren Fassade eine Art Kulisse f\u00fcr die Piazza Duomo, auf der viele andere Geb\u00e4ude stehen. Die Kathedrale wurde im zw\u00f6lften Jahrhundert auf den Resten eines fr\u00fcheren religi\u00f6sen Geb\u00e4udes errichtet, das nach S. Maria del Vescovado benannt war und wiederum auf einem \u00e4lteren, dem M\u00e4rtyrer Primiano gewidmeten Gotteshaus stand. [&hellip;]<\/p>\n","protected":false},"author":4,"featured_media":28447,"parent":28389,"menu_order":1,"comment_status":"closed","ping_status":"closed","template":"","meta":{"om_disable_all_campaigns":false,"_monsterinsights_skip_tracking":false,"_monsterinsights_sitenote_active":false,"_monsterinsights_sitenote_note":"","_monsterinsights_sitenote_category":0},"acf":[],"yoast_head":"<!-- This site is optimized with the Yoast SEO plugin v18.4.1 - https:\/\/yoast.com\/wordpress\/plugins\/seo\/ -->\n<title>Kathedrale Santa Maria Assunta (Dom von Spoleto) - Exploring Umbria<\/title>\n<meta name=\"description\" content=\"Der Dom von Spoleto ist mit seiner wunderbaren Fassade eine Art Kulisse f\u00fcr die Piazza Duomo, auf der viele andere Geb\u00e4ude stehen. Die Kathedrale wurde im\" \/>\n<meta name=\"robots\" content=\"index, follow, max-snippet:-1, max-image-preview:large, max-video-preview:-1\" \/>\n<link rel=\"canonical\" href=\"https:\/\/www.exploring-umbria.com\/de\/entdecke-spoleto\/sehenswuerdigkeiten-in-spoleto\/kathedrale-santa-maria-assunta-dom-von-spoleto\/\" \/>\n<meta property=\"og:locale\" content=\"de_DE\" \/>\n<meta property=\"og:type\" content=\"article\" \/>\n<meta property=\"og:title\" content=\"Kathedrale Santa Maria Assunta (Dom von Spoleto) - Exploring Umbria\" \/>\n<meta property=\"og:description\" content=\"Der Dom von Spoleto ist mit seiner wunderbaren Fassade eine Art Kulisse f\u00fcr die Piazza Duomo, auf der viele andere Geb\u00e4ude stehen. Die Kathedrale wurde im\" \/>\n<meta property=\"og:url\" content=\"https:\/\/www.exploring-umbria.com\/de\/entdecke-spoleto\/sehenswuerdigkeiten-in-spoleto\/kathedrale-santa-maria-assunta-dom-von-spoleto\/\" \/>\n<meta property=\"og:site_name\" content=\"Exploring Umbria\" \/>\n<meta property=\"article:publisher\" content=\"https:\/\/www.facebook.com\/exploringumbria\/\" \/>\n<meta property=\"article:modified_time\" content=\"2020-01-08T19:44:52+00:00\" \/>\n<meta property=\"og:image\" content=\"https:\/\/www.exploring-umbria.com\/wp-content\/uploads\/2020\/01\/Duomo-di-Spoleto-1.jpeg\" \/>\n\t<meta property=\"og:image:width\" content=\"1600\" \/>\n\t<meta property=\"og:image:height\" content=\"1200\" \/>\n\t<meta property=\"og:image:type\" content=\"image\/jpeg\" \/>\n<meta name=\"twitter:card\" content=\"summary_large_image\" \/>\n<meta name=\"twitter:label1\" content=\"Gesch\u00e4tzte Lesezeit\" \/>\n\t<meta name=\"twitter:data1\" content=\"2\u00a0Minuten\" \/>\n<script type=\"application\/ld+json\" class=\"yoast-schema-graph\">{\"@context\":\"https:\/\/schema.org\",\"@graph\":[{\"@type\":\"Organization\",\"@id\":\"https:\/\/www.exploring-umbria.com\/de\/#organization\",\"name\":\"Exploring Umbria\",\"url\":\"https:\/\/www.exploring-umbria.com\/de\/\",\"sameAs\":[\"https:\/\/www.facebook.com\/exploringumbria\/\",\"https:\/\/www.instagram.com\/exploringumbria\/\"],\"logo\":{\"@type\":\"ImageObject\",\"@id\":\"https:\/\/www.exploring-umbria.com\/de\/#logo\",\"inLanguage\":\"de\",\"url\":\"https:\/\/www.exploring-umbria.com\/wp-content\/uploads\/2019\/08\/solo-logo-verde.jpg\",\"contentUrl\":\"https:\/\/www.exploring-umbria.com\/wp-content\/uploads\/2019\/08\/solo-logo-verde.jpg\",\"width\":952,\"height\":532,\"caption\":\"Exploring Umbria\"},\"image\":{\"@id\":\"https:\/\/www.exploring-umbria.com\/de\/#logo\"}},{\"@type\":\"WebSite\",\"@id\":\"https:\/\/www.exploring-umbria.com\/de\/#website\",\"url\":\"https:\/\/www.exploring-umbria.com\/de\/\",\"name\":\"Exploring Umbria\",\"description\":\"your dates, your mood, your trip\",\"publisher\":{\"@id\":\"https:\/\/www.exploring-umbria.com\/de\/#organization\"},\"potentialAction\":[{\"@type\":\"SearchAction\",\"target\":{\"@type\":\"EntryPoint\",\"urlTemplate\":\"https:\/\/www.exploring-umbria.com\/de\/?s={search_term_string}\"},\"query-input\":\"required name=search_term_string\"}],\"inLanguage\":\"de\"},{\"@type\":\"ImageObject\",\"@id\":\"https:\/\/www.exploring-umbria.com\/de\/entdecke-spoleto\/sehenswuerdigkeiten-in-spoleto\/kathedrale-santa-maria-assunta-dom-von-spoleto\/#primaryimage\",\"inLanguage\":\"de\",\"url\":\"https:\/\/www.exploring-umbria.com\/wp-content\/uploads\/2020\/01\/Duomo-di-Spoleto-1.jpeg\",\"contentUrl\":\"https:\/\/www.exploring-umbria.com\/wp-content\/uploads\/2020\/01\/Duomo-di-Spoleto-1.jpeg\",\"width\":1600,\"height\":1200,\"caption\":\"facciata duomo di Spoleto\"},{\"@type\":\"WebPage\",\"@id\":\"https:\/\/www.exploring-umbria.com\/de\/entdecke-spoleto\/sehenswuerdigkeiten-in-spoleto\/kathedrale-santa-maria-assunta-dom-von-spoleto\/#webpage\",\"url\":\"https:\/\/www.exploring-umbria.com\/de\/entdecke-spoleto\/sehenswuerdigkeiten-in-spoleto\/kathedrale-santa-maria-assunta-dom-von-spoleto\/\",\"name\":\"Kathedrale Santa Maria Assunta (Dom von Spoleto) - Exploring Umbria\",\"isPartOf\":{\"@id\":\"https:\/\/www.exploring-umbria.com\/de\/#website\"},\"primaryImageOfPage\":{\"@id\":\"https:\/\/www.exploring-umbria.com\/de\/entdecke-spoleto\/sehenswuerdigkeiten-in-spoleto\/kathedrale-santa-maria-assunta-dom-von-spoleto\/#primaryimage\"},\"datePublished\":\"2019-05-20T00:01:54+00:00\",\"dateModified\":\"2020-01-08T19:44:52+00:00\",\"description\":\"Der Dom von Spoleto ist mit seiner wunderbaren Fassade eine Art Kulisse f\u00fcr die Piazza Duomo, auf der viele andere Geb\u00e4ude stehen. Die Kathedrale wurde im\",\"breadcrumb\":{\"@id\":\"https:\/\/www.exploring-umbria.com\/de\/entdecke-spoleto\/sehenswuerdigkeiten-in-spoleto\/kathedrale-santa-maria-assunta-dom-von-spoleto\/#breadcrumb\"},\"inLanguage\":\"de\",\"potentialAction\":[{\"@type\":\"ReadAction\",\"target\":[\"https:\/\/www.exploring-umbria.com\/de\/entdecke-spoleto\/sehenswuerdigkeiten-in-spoleto\/kathedrale-santa-maria-assunta-dom-von-spoleto\/\"]}]},{\"@type\":\"BreadcrumbList\",\"@id\":\"https:\/\/www.exploring-umbria.com\/de\/entdecke-spoleto\/sehenswuerdigkeiten-in-spoleto\/kathedrale-santa-maria-assunta-dom-von-spoleto\/#breadcrumb\",\"itemListElement\":[{\"@type\":\"ListItem\",\"position\":1,\"name\":\"Home\",\"item\":\"https:\/\/www.exploring-umbria.com\/de\/\"},{\"@type\":\"ListItem\",\"position\":2,\"name\":\"Entdecke Spoleto\",\"item\":\"https:\/\/www.exploring-umbria.com\/de\/entdecke-spoleto\/\"},{\"@type\":\"ListItem\",\"position\":3,\"name\":\"Sehensw\u00fcrdigkeiten in Spoleto\",\"item\":\"https:\/\/www.exploring-umbria.com\/de\/entdecke-spoleto\/sehenswuerdigkeiten-in-spoleto\/\"},{\"@type\":\"ListItem\",\"position\":4,\"name\":\"Kathedrale Santa Maria Assunta (Dom von Spoleto)\"}]}]}<\/script>\n<!-- \/ Yoast SEO plugin. -->","yoast_head_json":{"title":"Kathedrale Santa Maria Assunta (Dom von Spoleto) - Exploring Umbria","description":"Der Dom von Spoleto ist mit seiner wunderbaren Fassade eine Art Kulisse f\u00fcr die Piazza Duomo, auf der viele andere Geb\u00e4ude stehen. Die Kathedrale wurde im","robots":{"index":"index","follow":"follow","max-snippet":"max-snippet:-1","max-image-preview":"max-image-preview:large","max-video-preview":"max-video-preview:-1"},"canonical":"https:\/\/www.exploring-umbria.com\/de\/entdecke-spoleto\/sehenswuerdigkeiten-in-spoleto\/kathedrale-santa-maria-assunta-dom-von-spoleto\/","og_locale":"de_DE","og_type":"article","og_title":"Kathedrale Santa Maria Assunta (Dom von Spoleto) - Exploring Umbria","og_description":"Der Dom von Spoleto ist mit seiner wunderbaren Fassade eine Art Kulisse f\u00fcr die Piazza Duomo, auf der viele andere Geb\u00e4ude stehen. Die Kathedrale wurde im","og_url":"https:\/\/www.exploring-umbria.com\/de\/entdecke-spoleto\/sehenswuerdigkeiten-in-spoleto\/kathedrale-santa-maria-assunta-dom-von-spoleto\/","og_site_name":"Exploring Umbria","article_publisher":"https:\/\/www.facebook.com\/exploringumbria\/","article_modified_time":"2020-01-08T19:44:52+00:00","og_image":[{"width":1600,"height":1200,"url":"https:\/\/www.exploring-umbria.com\/wp-content\/uploads\/2020\/01\/Duomo-di-Spoleto-1.jpeg","type":"image\/jpeg"}],"twitter_card":"summary_large_image","twitter_misc":{"Gesch\u00e4tzte Lesezeit":"2\u00a0Minuten"},"schema":{"@context":"https:\/\/schema.org","@graph":[{"@type":"Organization","@id":"https:\/\/www.exploring-umbria.com\/de\/#organization","name":"Exploring Umbria","url":"https:\/\/www.exploring-umbria.com\/de\/","sameAs":["https:\/\/www.facebook.com\/exploringumbria\/","https:\/\/www.instagram.com\/exploringumbria\/"],"logo":{"@type":"ImageObject","@id":"https:\/\/www.exploring-umbria.com\/de\/#logo","inLanguage":"de","url":"https:\/\/www.exploring-umbria.com\/wp-content\/uploads\/2019\/08\/solo-logo-verde.jpg","contentUrl":"https:\/\/www.exploring-umbria.com\/wp-content\/uploads\/2019\/08\/solo-logo-verde.jpg","width":952,"height":532,"caption":"Exploring Umbria"},"image":{"@id":"https:\/\/www.exploring-umbria.com\/de\/#logo"}},{"@type":"WebSite","@id":"https:\/\/www.exploring-umbria.com\/de\/#website","url":"https:\/\/www.exploring-umbria.com\/de\/","name":"Exploring Umbria","description":"your dates, your mood, your trip","publisher":{"@id":"https:\/\/www.exploring-umbria.com\/de\/#organization"},"potentialAction":[{"@type":"SearchAction","target":{"@type":"EntryPoint","urlTemplate":"https:\/\/www.exploring-umbria.com\/de\/?s={search_term_string}"},"query-input":"required name=search_term_string"}],"inLanguage":"de"},{"@type":"ImageObject","@id":"https:\/\/www.exploring-umbria.com\/de\/entdecke-spoleto\/sehenswuerdigkeiten-in-spoleto\/kathedrale-santa-maria-assunta-dom-von-spoleto\/#primaryimage","inLanguage":"de","url":"https:\/\/www.exploring-umbria.com\/wp-content\/uploads\/2020\/01\/Duomo-di-Spoleto-1.jpeg","contentUrl":"https:\/\/www.exploring-umbria.com\/wp-content\/uploads\/2020\/01\/Duomo-di-Spoleto-1.jpeg","width":1600,"height":1200,"caption":"facciata duomo di Spoleto"},{"@type":"WebPage","@id":"https:\/\/www.exploring-umbria.com\/de\/entdecke-spoleto\/sehenswuerdigkeiten-in-spoleto\/kathedrale-santa-maria-assunta-dom-von-spoleto\/#webpage","url":"https:\/\/www.exploring-umbria.com\/de\/entdecke-spoleto\/sehenswuerdigkeiten-in-spoleto\/kathedrale-santa-maria-assunta-dom-von-spoleto\/","name":"Kathedrale Santa Maria Assunta (Dom von Spoleto) - Exploring Umbria","isPartOf":{"@id":"https:\/\/www.exploring-umbria.com\/de\/#website"},"primaryImageOfPage":{"@id":"https:\/\/www.exploring-umbria.com\/de\/entdecke-spoleto\/sehenswuerdigkeiten-in-spoleto\/kathedrale-santa-maria-assunta-dom-von-spoleto\/#primaryimage"},"datePublished":"2019-05-20T00:01:54+00:00","dateModified":"2020-01-08T19:44:52+00:00","description":"Der Dom von Spoleto ist mit seiner wunderbaren Fassade eine Art Kulisse f\u00fcr die Piazza Duomo, auf der viele andere Geb\u00e4ude stehen. Die Kathedrale wurde im","breadcrumb":{"@id":"https:\/\/www.exploring-umbria.com\/de\/entdecke-spoleto\/sehenswuerdigkeiten-in-spoleto\/kathedrale-santa-maria-assunta-dom-von-spoleto\/#breadcrumb"},"inLanguage":"de","potentialAction":[{"@type":"ReadAction","target":["https:\/\/www.exploring-umbria.com\/de\/entdecke-spoleto\/sehenswuerdigkeiten-in-spoleto\/kathedrale-santa-maria-assunta-dom-von-spoleto\/"]}]},{"@type":"BreadcrumbList","@id":"https:\/\/www.exploring-umbria.com\/de\/entdecke-spoleto\/sehenswuerdigkeiten-in-spoleto\/kathedrale-santa-maria-assunta-dom-von-spoleto\/#breadcrumb","itemListElement":[{"@type":"ListItem","position":1,"name":"Home","item":"https:\/\/www.exploring-umbria.com\/de\/"},{"@type":"ListItem","position":2,"name":"Entdecke Spoleto","item":"https:\/\/www.exploring-umbria.com\/de\/entdecke-spoleto\/"},{"@type":"ListItem","position":3,"name":"Sehensw\u00fcrdigkeiten in Spoleto","item":"https:\/\/www.exploring-umbria.com\/de\/entdecke-spoleto\/sehenswuerdigkeiten-in-spoleto\/"},{"@type":"ListItem","position":4,"name":"Kathedrale Santa Maria Assunta (Dom von Spoleto)"}]}]}},"_links":{"self":[{"href":"https:\/\/www.exploring-umbria.com\/de\/wp-json\/wp\/v2\/pages\/28451"}],"collection":[{"href":"https:\/\/www.exploring-umbria.com\/de\/wp-json\/wp\/v2\/pages"}],"about":[{"href":"https:\/\/www.exploring-umbria.com\/de\/wp-json\/wp\/v2\/types\/page"}],"author":[{"embeddable":true,"href":"https:\/\/www.exploring-umbria.com\/de\/wp-json\/wp\/v2\/users\/4"}],"replies":[{"embeddable":true,"href":"https:\/\/www.exploring-umbria.com\/de\/wp-json\/wp\/v2\/comments?post=28451"}],"version-history":[{"count":3,"href":"https:\/\/www.exploring-umbria.com\/de\/wp-json\/wp\/v2\/pages\/28451\/revisions"}],"predecessor-version":[{"id":28452,"href":"https:\/\/www.exploring-umbria.com\/de\/wp-json\/wp\/v2\/pages\/28451\/revisions\/28452"}],"up":[{"embeddable":true,"href":"https:\/\/www.exploring-umbria.com\/de\/wp-json\/wp\/v2\/pages\/28389"}],"wp:featuredmedia":[{"embeddable":true,"href":"https:\/\/www.exploring-umbria.com\/de\/wp-json\/wp\/v2\/media\/28447"}],"wp:attachment":[{"href":"https:\/\/www.exploring-umbria.com\/de\/wp-json\/wp\/v2\/media?parent=28451"}],"curies":[{"name":"wp","href":"https:\/\/api.w.org\/{rel}","templated":true}]}}