{"id":28389,"date":"2019-05-20T01:15:57","date_gmt":"2019-05-19T23:15:57","guid":{"rendered":"https:\/\/www.exploring-umbria.com\/scopri-spoleto\/cosa-vedere-a-spoleto\/"},"modified":"2020-04-17T20:06:18","modified_gmt":"2020-04-17T18:06:18","slug":"sehenswuerdigkeiten-in-spoleto","status":"publish","type":"page","link":"https:\/\/www.exploring-umbria.com\/de\/entdecke-spoleto\/sehenswuerdigkeiten-in-spoleto\/","title":{"rendered":"Sehensw\u00fcrdigkeiten in Spoleto"},"content":{"rendered":"<p><strong>Scopri cosa vedere a Spoleto, la citt\u00e0 del Ducato.<\/strong><\/p>\n<p><!--more--><\/p>\n<p>Wenn Ihnen die Antike, die R\u00f6merzeit und das Sp\u00e4tmittelalter gefallen, wenn Sie die Formen und Verzierungen der religi\u00f6sen Architektur sch\u00e4tzen, wenn Sie sich f\u00fcr Natur und Bildhauerei begeistern und wenn Sie zuf\u00e4llig auch die Fernsehserie Don Matteo mit Terence Hill in der Hauptrolle kennen, dann wird ein Besuch in Spoleto bei Ihnen f\u00fcr einzigartige Gef\u00fchle sorgen. Die neunte Staffel der TV-Serie wurde zur G\u00e4nze zwischen den Gassen der Stadt, an den Sch\u00f6nsten Orten des historischen Stadtzentrums und der Umgebung \u2013 vom Dom bis zur Rocca Albornoziana \u2013 gedreht.<\/p>\n<p>Wenn Sie das Stadtzentrum von S\u00fcden aus durchqueren, erreichen Sie den arch\u00e4ologischen Stadtteil. Dort befindet sich eine gro\u00dfe Reihe an Monumenten aus der R\u00f6merzeit, ein Zeugnis f\u00fcr die Bedeutung, die Spoleto w\u00e4hrend des r\u00f6mischen Reichs hatte: der Bogen <strong>Arco di Druso e Germanico<\/strong>, das <strong>r\u00f6mische Theater<\/strong>, das <strong>Haus Casa Romana<\/strong> (wahrscheinlich Wohnort des Kaisers Vespasiano, Polla), die <strong>Kirche S. Ansano<\/strong> mit der darunter liegenden <strong>Krypta S. Isacco<\/strong> (errichtet aus Materialien eines ehemaligen r\u00f6mischen Tempels und einer fr\u00fchchristlichen Kirche) und schlie\u00dflich der <strong>Komplex S. Agata<\/strong>, heute das <strong>arch\u00e4ologische Nationalmuseum<\/strong>.<\/p>\n<p>Weiter bergauf im Osten der Stadt, bevor Sie das Zentrum Spoletos erreichen, treffen Sie auf die Kirche <strong>S. Eufemia<\/strong> im Inneren des Erzbischofhofes, den <strong>Palazzo Comunale<\/strong> aus dem 14. Jahrhundert, den eleganten <strong>Palazzo<\/strong> <strong>Mauri<\/strong>, heute Sitz der <strong>Stadtbibiliothek<\/strong>, und eine Reihe an religi\u00f6sen Geb\u00e4uden mit besonderen architektonischen Eigenschaften, in denen sich Kunstwerke lokaler und ausw\u00e4rtiger K\u00fcnstler befinden, rund um die Piazza Duomo: die <strong>Kirche S. Filippo Neri<\/strong>, die <strong>Kirche S. Domenico<\/strong>, die <strong>Kirche dei SS. <\/strong><strong>Giovanni e Paolo <\/strong>und die K<strong>irche S. Maria della Manna d\u2019Oro<\/strong>.<\/p>\n<p>Nachdem Sie den zentral-\u00f6stlichen Teil des historischen Zentrums erreicht haben, befinden Sie sich im pulsierenden Herzen der Stadt mit der Piazza Duomo, auf der sich der elegante Portikus, das Mosaik des Christus und die dekorativen Rosetten der Fassade der <a href=\"https:\/\/www.exploring-umbria.com\/de\/subcategories\/cosa-fare-e-cosa-vedere-a-spoleto\/#heading28451\" target=\"_blank\" rel=\"noopener noreferrer\"><strong>Kathedrale<\/strong><\/a> S. Maria Assunta im romanischen Stil befinden. Nachdem Sie diesem Bereich der Stadt ausreichend Zeit gewidmet haben, geht es weiter in Richtung Norden, um die Besichtigung des historischen Stadtzentrums mit seinen Sehensw\u00fcrdigkeiten fortzusetzen, bevor Sie sich in den Wundern verlieren, die die Stadt au\u00dferhalb der gut erhaltenen Stadtmauer zu bieten hat. Im n\u00f6rdlichen Bereich der Stadt befinden sich die Reste des <strong>r\u00f6mischen Amphitheaters<\/strong>, des <strong>Klosters S. Nicol\u00f2<\/strong>, in dem auch Martin Luther im Jahr 1512 lebte, der legend\u00e4re und wunderbare Turm <strong>Torre dell\u2019Olio<\/strong>, von dem aus hei\u00dfes \u00d6l auf die Feinde gegossen wurde, die Br\u00fccke <strong>Ponte Sanguinario<\/strong>, die lediglich zu einem Teil erhalten geblieben ist und deren Name vielleicht auf das Blut christlicher M\u00e4rtyrer zur\u00fcckzuf\u00fchren ist, und schlie\u00dflich die interessante <strong>Basilika S. Gregorio Maggiore<\/strong>.<\/p>\n<p>Au\u00dferhalb der Stadtmauern Spoletos werden Sie noch weitere Sch\u00e4tze finden, allen voran die wundersch\u00f6ne <strong>Basilika S. Salvatore<\/strong>, die seit 2011 zum Welterbe der UNESCO geh\u00f6rt, da sie Teil von \u201cI Longobardi in Italia. I luoghi del potere (568-774 d.C.)\u201d ist. Ein absolutes Muss ist auch die wunderbare Br\u00fccke <strong>Ponte delle Torri<\/strong>, die mit ihrem majest\u00e4tischen und eleganten Profil die umbrische Stadt auf einzigartige Weise kennzeichnet und den H\u00fcgel Sant\u2019Elia mit dem Berg Monteluco verbindet. Sie werden von der imposanten Rocca Albornoziana, einer Verteidigungsfestung auf dem H\u00fcgel Sant\u2019Elia, begeistert sein. Sie wurde \u00fcber die Zeit als Sitz von P\u00e4psten und Herrschern genutzt und beherbergt heute das <a href=\"https:\/\/it.wikipedia.org\/wiki\/Museo_nazionale_del_Ducato_di_Spoleto\" target=\"_blank\" rel=\"noopener noreferrer\"><strong>Nationalmuseum des Herzogtums Spoleto<\/strong><\/a>.<\/p>\n<p>Wenn Sie die Stadtmauern hinter sich lassen k\u00f6nnen Sie im S\u00fcden drei interessante heilige St\u00e4tten besichtigen: die <strong>Kirche S. Paolo Inter Vineas<\/strong>, den <strong>Wallfahrtsort Madonna di Loreto <\/strong>und ein weiteres Highlight, die <strong>Kirche S. Pietro extra moenia<\/strong>. Letztere gilt tats\u00e4chlich als eine der sch\u00f6nsten und interessantesten Kirchen Umbriens, was ihrer bildhauerischen Dekoration und ihrer besonderen Fassade zu verdanken ist. Ein wunderbares Gewirr an religi\u00f6sen Inhalten und mittelalterlichen Fabel-Allegorien, die in dekorativen Reliefs von au\u00dfergew\u00f6hnlicher Sch\u00f6nheit erz\u00e4hlt werden.<\/p>\n","protected":false},"excerpt":{"rendered":"<p>Scopri cosa vedere a Spoleto, la citt\u00e0 del Ducato.<\/p>\n","protected":false},"author":4,"featured_media":5157,"parent":26579,"menu_order":0,"comment_status":"closed","ping_status":"closed","template":"","meta":{"om_disable_all_campaigns":false,"_monsterinsights_skip_tracking":false,"_monsterinsights_sitenote_active":false,"_monsterinsights_sitenote_note":"","_monsterinsights_sitenote_category":0},"acf":[],"yoast_head":"<!-- This site is optimized with the Yoast SEO plugin v18.4.1 - https:\/\/yoast.com\/wordpress\/plugins\/seo\/ -->\n<title>Sehensw\u00fcrdigkeiten in Spoleto - Exploring Umbria<\/title>\n<meta name=\"description\" content=\"Scopri cosa vedere a Spoleto, la citt\u00e0 del Ducato. Wenn Ihnen die Antike, die R\u00f6merzeit und das Sp\u00e4tmittelalter gefallen, wenn Sie die Formen und\" \/>\n<meta name=\"robots\" content=\"index, follow, max-snippet:-1, max-image-preview:large, max-video-preview:-1\" \/>\n<link rel=\"canonical\" href=\"https:\/\/www.exploring-umbria.com\/de\/entdecke-spoleto\/sehenswuerdigkeiten-in-spoleto\/\" \/>\n<meta property=\"og:locale\" content=\"de_DE\" \/>\n<meta property=\"og:type\" content=\"article\" \/>\n<meta property=\"og:title\" content=\"Sehensw\u00fcrdigkeiten in Spoleto - Exploring Umbria\" \/>\n<meta property=\"og:description\" content=\"Scopri cosa vedere a Spoleto, la citt\u00e0 del Ducato. Wenn Ihnen die Antike, die R\u00f6merzeit und das Sp\u00e4tmittelalter gefallen, wenn Sie die Formen und\" \/>\n<meta property=\"og:url\" content=\"https:\/\/www.exploring-umbria.com\/de\/entdecke-spoleto\/sehenswuerdigkeiten-in-spoleto\/\" \/>\n<meta property=\"og:site_name\" content=\"Exploring Umbria\" \/>\n<meta property=\"article:publisher\" content=\"https:\/\/www.facebook.com\/exploringumbria\/\" \/>\n<meta property=\"article:modified_time\" content=\"2020-04-17T18:06:18+00:00\" \/>\n<meta property=\"og:image\" content=\"https:\/\/www.exploring-umbria.com\/wp-content\/uploads\/2019\/04\/SPOLETO-PANORAMICA-1600x1066.jpeg\" \/>\n\t<meta property=\"og:image:width\" content=\"1600\" \/>\n\t<meta property=\"og:image:height\" content=\"1066\" \/>\n\t<meta property=\"og:image:type\" content=\"image\/jpeg\" \/>\n<meta name=\"twitter:card\" content=\"summary_large_image\" \/>\n<meta name=\"twitter:label1\" content=\"Gesch\u00e4tzte Lesezeit\" \/>\n\t<meta name=\"twitter:data1\" content=\"3\u00a0Minuten\" \/>\n<script type=\"application\/ld+json\" class=\"yoast-schema-graph\">{\"@context\":\"https:\/\/schema.org\",\"@graph\":[{\"@type\":\"Organization\",\"@id\":\"https:\/\/www.exploring-umbria.com\/de\/#organization\",\"name\":\"Exploring Umbria\",\"url\":\"https:\/\/www.exploring-umbria.com\/de\/\",\"sameAs\":[\"https:\/\/www.facebook.com\/exploringumbria\/\",\"https:\/\/www.instagram.com\/exploringumbria\/\"],\"logo\":{\"@type\":\"ImageObject\",\"@id\":\"https:\/\/www.exploring-umbria.com\/de\/#logo\",\"inLanguage\":\"de\",\"url\":\"https:\/\/www.exploring-umbria.com\/wp-content\/uploads\/2019\/08\/solo-logo-verde.jpg\",\"contentUrl\":\"https:\/\/www.exploring-umbria.com\/wp-content\/uploads\/2019\/08\/solo-logo-verde.jpg\",\"width\":952,\"height\":532,\"caption\":\"Exploring Umbria\"},\"image\":{\"@id\":\"https:\/\/www.exploring-umbria.com\/de\/#logo\"}},{\"@type\":\"WebSite\",\"@id\":\"https:\/\/www.exploring-umbria.com\/de\/#website\",\"url\":\"https:\/\/www.exploring-umbria.com\/de\/\",\"name\":\"Exploring Umbria\",\"description\":\"your dates, your mood, your trip\",\"publisher\":{\"@id\":\"https:\/\/www.exploring-umbria.com\/de\/#organization\"},\"potentialAction\":[{\"@type\":\"SearchAction\",\"target\":{\"@type\":\"EntryPoint\",\"urlTemplate\":\"https:\/\/www.exploring-umbria.com\/de\/?s={search_term_string}\"},\"query-input\":\"required name=search_term_string\"}],\"inLanguage\":\"de\"},{\"@type\":\"ImageObject\",\"@id\":\"https:\/\/www.exploring-umbria.com\/de\/entdecke-spoleto\/sehenswuerdigkeiten-in-spoleto\/#primaryimage\",\"inLanguage\":\"de\",\"url\":\"https:\/\/www.exploring-umbria.com\/wp-content\/uploads\/2019\/04\/SPOLETO-PANORAMICA-1600x1066.jpeg\",\"contentUrl\":\"https:\/\/www.exploring-umbria.com\/wp-content\/uploads\/2019\/04\/SPOLETO-PANORAMICA-1600x1066.jpeg\",\"width\":1600,\"height\":1066,\"caption\":\"Panoramica di cosa vedere a spoleto\"},{\"@type\":\"WebPage\",\"@id\":\"https:\/\/www.exploring-umbria.com\/de\/entdecke-spoleto\/sehenswuerdigkeiten-in-spoleto\/#webpage\",\"url\":\"https:\/\/www.exploring-umbria.com\/de\/entdecke-spoleto\/sehenswuerdigkeiten-in-spoleto\/\",\"name\":\"Sehensw\u00fcrdigkeiten in Spoleto - Exploring Umbria\",\"isPartOf\":{\"@id\":\"https:\/\/www.exploring-umbria.com\/de\/#website\"},\"primaryImageOfPage\":{\"@id\":\"https:\/\/www.exploring-umbria.com\/de\/entdecke-spoleto\/sehenswuerdigkeiten-in-spoleto\/#primaryimage\"},\"datePublished\":\"2019-05-19T23:15:57+00:00\",\"dateModified\":\"2020-04-17T18:06:18+00:00\",\"description\":\"Scopri cosa vedere a Spoleto, la citt\u00e0 del Ducato. Wenn Ihnen die Antike, die R\u00f6merzeit und das Sp\u00e4tmittelalter gefallen, wenn Sie die Formen und\",\"breadcrumb\":{\"@id\":\"https:\/\/www.exploring-umbria.com\/de\/entdecke-spoleto\/sehenswuerdigkeiten-in-spoleto\/#breadcrumb\"},\"inLanguage\":\"de\",\"potentialAction\":[{\"@type\":\"ReadAction\",\"target\":[\"https:\/\/www.exploring-umbria.com\/de\/entdecke-spoleto\/sehenswuerdigkeiten-in-spoleto\/\"]}]},{\"@type\":\"BreadcrumbList\",\"@id\":\"https:\/\/www.exploring-umbria.com\/de\/entdecke-spoleto\/sehenswuerdigkeiten-in-spoleto\/#breadcrumb\",\"itemListElement\":[{\"@type\":\"ListItem\",\"position\":1,\"name\":\"Home\",\"item\":\"https:\/\/www.exploring-umbria.com\/de\/\"},{\"@type\":\"ListItem\",\"position\":2,\"name\":\"Entdecke Spoleto\",\"item\":\"https:\/\/www.exploring-umbria.com\/de\/entdecke-spoleto\/\"},{\"@type\":\"ListItem\",\"position\":3,\"name\":\"Sehensw\u00fcrdigkeiten in Spoleto\"}]}]}<\/script>\n<!-- \/ Yoast SEO plugin. -->","yoast_head_json":{"title":"Sehensw\u00fcrdigkeiten in Spoleto - Exploring Umbria","description":"Scopri cosa vedere a Spoleto, la citt\u00e0 del Ducato. Wenn Ihnen die Antike, die R\u00f6merzeit und das Sp\u00e4tmittelalter gefallen, wenn Sie die Formen und","robots":{"index":"index","follow":"follow","max-snippet":"max-snippet:-1","max-image-preview":"max-image-preview:large","max-video-preview":"max-video-preview:-1"},"canonical":"https:\/\/www.exploring-umbria.com\/de\/entdecke-spoleto\/sehenswuerdigkeiten-in-spoleto\/","og_locale":"de_DE","og_type":"article","og_title":"Sehensw\u00fcrdigkeiten in Spoleto - Exploring Umbria","og_description":"Scopri cosa vedere a Spoleto, la citt\u00e0 del Ducato. Wenn Ihnen die Antike, die R\u00f6merzeit und das Sp\u00e4tmittelalter gefallen, wenn Sie die Formen und","og_url":"https:\/\/www.exploring-umbria.com\/de\/entdecke-spoleto\/sehenswuerdigkeiten-in-spoleto\/","og_site_name":"Exploring Umbria","article_publisher":"https:\/\/www.facebook.com\/exploringumbria\/","article_modified_time":"2020-04-17T18:06:18+00:00","og_image":[{"width":1600,"height":1066,"url":"https:\/\/www.exploring-umbria.com\/wp-content\/uploads\/2019\/04\/SPOLETO-PANORAMICA-1600x1066.jpeg","type":"image\/jpeg"}],"twitter_card":"summary_large_image","twitter_misc":{"Gesch\u00e4tzte Lesezeit":"3\u00a0Minuten"},"schema":{"@context":"https:\/\/schema.org","@graph":[{"@type":"Organization","@id":"https:\/\/www.exploring-umbria.com\/de\/#organization","name":"Exploring Umbria","url":"https:\/\/www.exploring-umbria.com\/de\/","sameAs":["https:\/\/www.facebook.com\/exploringumbria\/","https:\/\/www.instagram.com\/exploringumbria\/"],"logo":{"@type":"ImageObject","@id":"https:\/\/www.exploring-umbria.com\/de\/#logo","inLanguage":"de","url":"https:\/\/www.exploring-umbria.com\/wp-content\/uploads\/2019\/08\/solo-logo-verde.jpg","contentUrl":"https:\/\/www.exploring-umbria.com\/wp-content\/uploads\/2019\/08\/solo-logo-verde.jpg","width":952,"height":532,"caption":"Exploring Umbria"},"image":{"@id":"https:\/\/www.exploring-umbria.com\/de\/#logo"}},{"@type":"WebSite","@id":"https:\/\/www.exploring-umbria.com\/de\/#website","url":"https:\/\/www.exploring-umbria.com\/de\/","name":"Exploring Umbria","description":"your dates, your mood, your trip","publisher":{"@id":"https:\/\/www.exploring-umbria.com\/de\/#organization"},"potentialAction":[{"@type":"SearchAction","target":{"@type":"EntryPoint","urlTemplate":"https:\/\/www.exploring-umbria.com\/de\/?s={search_term_string}"},"query-input":"required name=search_term_string"}],"inLanguage":"de"},{"@type":"ImageObject","@id":"https:\/\/www.exploring-umbria.com\/de\/entdecke-spoleto\/sehenswuerdigkeiten-in-spoleto\/#primaryimage","inLanguage":"de","url":"https:\/\/www.exploring-umbria.com\/wp-content\/uploads\/2019\/04\/SPOLETO-PANORAMICA-1600x1066.jpeg","contentUrl":"https:\/\/www.exploring-umbria.com\/wp-content\/uploads\/2019\/04\/SPOLETO-PANORAMICA-1600x1066.jpeg","width":1600,"height":1066,"caption":"Panoramica di cosa vedere a spoleto"},{"@type":"WebPage","@id":"https:\/\/www.exploring-umbria.com\/de\/entdecke-spoleto\/sehenswuerdigkeiten-in-spoleto\/#webpage","url":"https:\/\/www.exploring-umbria.com\/de\/entdecke-spoleto\/sehenswuerdigkeiten-in-spoleto\/","name":"Sehensw\u00fcrdigkeiten in Spoleto - Exploring Umbria","isPartOf":{"@id":"https:\/\/www.exploring-umbria.com\/de\/#website"},"primaryImageOfPage":{"@id":"https:\/\/www.exploring-umbria.com\/de\/entdecke-spoleto\/sehenswuerdigkeiten-in-spoleto\/#primaryimage"},"datePublished":"2019-05-19T23:15:57+00:00","dateModified":"2020-04-17T18:06:18+00:00","description":"Scopri cosa vedere a Spoleto, la citt\u00e0 del Ducato. Wenn Ihnen die Antike, die R\u00f6merzeit und das Sp\u00e4tmittelalter gefallen, wenn Sie die Formen und","breadcrumb":{"@id":"https:\/\/www.exploring-umbria.com\/de\/entdecke-spoleto\/sehenswuerdigkeiten-in-spoleto\/#breadcrumb"},"inLanguage":"de","potentialAction":[{"@type":"ReadAction","target":["https:\/\/www.exploring-umbria.com\/de\/entdecke-spoleto\/sehenswuerdigkeiten-in-spoleto\/"]}]},{"@type":"BreadcrumbList","@id":"https:\/\/www.exploring-umbria.com\/de\/entdecke-spoleto\/sehenswuerdigkeiten-in-spoleto\/#breadcrumb","itemListElement":[{"@type":"ListItem","position":1,"name":"Home","item":"https:\/\/www.exploring-umbria.com\/de\/"},{"@type":"ListItem","position":2,"name":"Entdecke Spoleto","item":"https:\/\/www.exploring-umbria.com\/de\/entdecke-spoleto\/"},{"@type":"ListItem","position":3,"name":"Sehensw\u00fcrdigkeiten in Spoleto"}]}]}},"_links":{"self":[{"href":"https:\/\/www.exploring-umbria.com\/de\/wp-json\/wp\/v2\/pages\/28389"}],"collection":[{"href":"https:\/\/www.exploring-umbria.com\/de\/wp-json\/wp\/v2\/pages"}],"about":[{"href":"https:\/\/www.exploring-umbria.com\/de\/wp-json\/wp\/v2\/types\/page"}],"author":[{"embeddable":true,"href":"https:\/\/www.exploring-umbria.com\/de\/wp-json\/wp\/v2\/users\/4"}],"replies":[{"embeddable":true,"href":"https:\/\/www.exploring-umbria.com\/de\/wp-json\/wp\/v2\/comments?post=28389"}],"version-history":[{"count":3,"href":"https:\/\/www.exploring-umbria.com\/de\/wp-json\/wp\/v2\/pages\/28389\/revisions"}],"predecessor-version":[{"id":33987,"href":"https:\/\/www.exploring-umbria.com\/de\/wp-json\/wp\/v2\/pages\/28389\/revisions\/33987"}],"up":[{"embeddable":true,"href":"https:\/\/www.exploring-umbria.com\/de\/wp-json\/wp\/v2\/pages\/26579"}],"wp:featuredmedia":[{"embeddable":true,"href":"https:\/\/www.exploring-umbria.com\/de\/wp-json\/wp\/v2\/media\/5157"}],"wp:attachment":[{"href":"https:\/\/www.exploring-umbria.com\/de\/wp-json\/wp\/v2\/media?parent=28389"}],"curies":[{"name":"wp","href":"https:\/\/api.w.org\/{rel}","templated":true}]}}