{"id":28386,"date":"2019-05-20T01:20:59","date_gmt":"2019-05-19T23:20:59","guid":{"rendered":"https:\/\/www.exploring-umbria.com\/scopri-spoleto\/cosa-fare-a-spoleto\/"},"modified":"2020-04-17T20:41:02","modified_gmt":"2020-04-17T18:41:02","slug":"was-es-in-spoleto-zu-tun-gibt","status":"publish","type":"page","link":"https:\/\/www.exploring-umbria.com\/de\/entdecke-spoleto\/was-es-in-spoleto-zu-tun-gibt\/","title":{"rendered":"Was es in Spoleto zu tun gibt"},"content":{"rendered":"<p>Neben einer jahrtausendealten Geschichte und faszinierenden Monumenten haben Sie in Spoleto auch die M\u00f6glichkeit eine wilde Natur mit jahrhundertealten W\u00e4ldern und kristallklarem Wasser zu erkunden. Die ideale Umgebung f\u00fcr jede Art von Ausflug oder f\u00fcr einen einfachen Spaziergang.<\/p>\n<p>Auf dem <a href=\"https:\/\/www.exploring-umbria.com\/es\/actividades\/in-the-martani-mountains-and-spoleto\/\" target=\"_blank\" rel=\"noopener noreferrer\">Rad<\/a>, zu <a href=\"https:\/\/www.exploring-umbria.com\/de\/aktivitaten\/monteluco-di-spoleto-the-way-of-the-hermits\/\" target=\"_blank\" rel=\"noopener noreferrer\">Fu\u00df<\/a> oder auf dem Pferd k\u00f6nnen Sie viele Wege erkunden. Sie k\u00f6nnen in die immergr\u00fcnen Steineichen des \u201cHeiligen Waldes\u201d auf dem Berg Monteluco eintauchen und die zahlreichen Einsiedeleien und Grotten erkunden, bevor Sie den Wallfahrtsort Monteluco erreichen, der einer Legende zufolge vom Hl. Franziskus pers\u00f6nlich errichtet wurde. Oder Sie fahren mit dem Fahrrad auf dem Radweg Spoleto-Norcia, einer ehemaligen Eisenbahnstrecke, die heute zu einem wundersch\u00f6nen Radwegausgebaut wurde, der 51 km lang ist und sich durch wunderbare Galerien und hohe Viadukte auszeichnet, die einen atemberaubenden Ausblick garantieren. Au\u00dferdem ist Spoleto auch eine Etappe des \u201cCammino di San Francesco\u201d, ein Wanderweg zu den St\u00e4tten des Lebens des Heiligen aus Assisi.<\/p>\n<p>Wenn Sie hingegen in der Stadt bleiben, k\u00f6nnen Sie sich f\u00fcr eine <a href=\"https:\/\/www.exploring-umbria.com\/de\/aktivitaten\/guided-tour-of-spoleto\/\" target=\"_blank\" rel=\"noopener noreferrer\">Tour<\/a> mit unseren professionellen Guides zu Monumenten, Kirchen und Museen entscheiden oder eine au\u00dfergew\u00f6hnliche Schnitzeljagt machen, die zu einer \u201cSkulpturenjagd\u201d wird. Die Ausgabe des Festival dei Due Mondi im Jahr 1962 wurde auf Ansuchen von <em>Giovanni Carandente<\/em> zu einer echten <strong>Ausstellung von Skulpturen in der Stadt<\/strong>, an der 53 Bildhauer teilnahmen, darunter auch sehr bekannte, die 104 Skulpturen anfertigten und sie zwischen den Gassen und Piazze der Stadt verteilten. Ein Gro\u00dfteil dieser Kunstwerke befinden sich heute in der <em>National Gallery in Washington<\/em>, aber mit etwas Geduld k\u00f6nnen Sie einige dieser Meisterwerke noch heute in den Stra\u00dfen Spoletos bewundern.<\/p>\n<p>Hier die Liste der Skulpturen, die Sie in der Stadt finden:<strong> Teodelapio<\/strong> von <em>Alexander Calder<\/em> (Piazzale Polvani), <strong>Stranger III<\/strong> von <em>Lynn Chadwick<\/em> (Piazza del Duomo), <strong>Colloquio Spoletino<\/strong> von <em>Pietro Consagra<\/em> (Via Salara Vecchia\/Via Filitteria), Spoleto<strong> 1962<\/strong> von <em>Nino Franchina<\/em> (Piazza del Comune), <strong>Il dono di Icaro<\/strong> von <em>Beverly Pepper<\/em> (Piazzale Roma), <strong>Colonna del Viaggiatore<\/strong> von <em>Arnaldo Pomodoro<\/em> (Viale Trento e Trieste).<\/p>\n<p>Im n\u00f6rdlichen Teil der Stadt befindet sich der \u00f6ffentliche Park der Villa Redenta, ein luxuri\u00f6ser Landsitz, der auf einem alten R\u00f6merviertel errichtet wurde und heute eine allen zug\u00e4ngliche Gr\u00fcnfl\u00e4che ist, die sich perfekt f\u00fcr einen ruhigen Spaziergang eignet. Unweit davon befindet sich auch einer der bekanntesten Geb\u00e4udekomplexe Spoletos, seit 2011 Welterbe der Unesco: die <strong>Basilica di San Salvatore <\/strong>und der <strong>monumentale Friedhof Cimitero Civico <\/strong>in dem Sie reiche Gr\u00e4ber besichtigen k\u00f6nnen, wenn Sie nicht abergl\u00e4ubisch oder \u00e4ngstlich sind.<\/p>\n<p><em>Dulcis in Fundo<\/em> k\u00f6nnen Sie eine wunderbare Verbindung zwischen Natur und Architektur erkunden, mit einem Panorama, das selbst <a href=\"https:\/\/de.wikipedia.org\/wiki\/Johann_Wolfgang_von_Goethe\" target=\"_blank\" rel=\"noopener noreferrer\">Johann Wolfgang von Goethe<\/a> im 18. Jahrhundert beeindruckte. Direkt vor Ihnen liegt das unbeschreibliche Szenario der Br\u00fccke <strong>Ponte delle Torri<\/strong>, ein Bauwerk aus 10 B\u00f6gen, die den H\u00fcgel S. Elia mit dem Berg Monte Luco verbinden. Unmittelbar dar\u00fcber erhebt sich majest\u00e4tisch die Festung <strong>Rocca Albornoziana<\/strong>, die vom Gipfel des H\u00fcgels S. Elia die Stadt \u00fcberragte und zur Verteidigung diente. Heute befindet sich im Geb\u00e4ude das <strong>Nationalmuseum des Herzogtums Spoleto<\/strong>.<\/p>\n","protected":false},"excerpt":{"rendered":"<p>Neben einer jahrtausendealten Geschichte und faszinierenden Monumenten haben Sie in Spoleto auch die M\u00f6glichkeit eine wilde Natur mit jahrhundertealten W\u00e4ldern und kristallklarem Wasser zu erkunden. Die ideale Umgebung f\u00fcr jede Art von Ausflug oder f\u00fcr einen einfachen Spaziergang. Auf dem Rad, zu Fu\u00df oder auf dem Pferd k\u00f6nnen Sie viele Wege erkunden. Sie k\u00f6nnen in [&hellip;]<\/p>\n","protected":false},"author":4,"featured_media":25044,"parent":26579,"menu_order":0,"comment_status":"closed","ping_status":"closed","template":"","meta":{"om_disable_all_campaigns":false,"_monsterinsights_skip_tracking":false,"_monsterinsights_sitenote_active":false,"_monsterinsights_sitenote_note":"","_monsterinsights_sitenote_category":0},"acf":[],"yoast_head":"<!-- This site is optimized with the Yoast SEO plugin v18.4.1 - https:\/\/yoast.com\/wordpress\/plugins\/seo\/ -->\n<title>Was es in Spoleto zu tun gibt - Exploring Umbria<\/title>\n<meta name=\"description\" content=\"Neben einer jahrtausendealten Geschichte und faszinierenden Monumenten haben Sie in Spoleto auch die M\u00f6glichkeit eine wilde Natur mit jahrhundertealten\" \/>\n<meta name=\"robots\" content=\"index, follow, max-snippet:-1, max-image-preview:large, max-video-preview:-1\" \/>\n<link rel=\"canonical\" href=\"https:\/\/www.exploring-umbria.com\/de\/entdecke-spoleto\/was-es-in-spoleto-zu-tun-gibt\/\" \/>\n<meta property=\"og:locale\" content=\"de_DE\" \/>\n<meta property=\"og:type\" content=\"article\" \/>\n<meta property=\"og:title\" content=\"Was es in Spoleto zu tun gibt - Exploring Umbria\" \/>\n<meta property=\"og:description\" content=\"Neben einer jahrtausendealten Geschichte und faszinierenden Monumenten haben Sie in Spoleto auch die M\u00f6glichkeit eine wilde Natur mit jahrhundertealten\" \/>\n<meta property=\"og:url\" content=\"https:\/\/www.exploring-umbria.com\/de\/entdecke-spoleto\/was-es-in-spoleto-zu-tun-gibt\/\" \/>\n<meta property=\"og:site_name\" content=\"Exploring Umbria\" \/>\n<meta property=\"article:publisher\" content=\"https:\/\/www.facebook.com\/exploringumbria\/\" \/>\n<meta property=\"article:modified_time\" content=\"2020-04-17T18:41:02+00:00\" \/>\n<meta property=\"og:image\" content=\"https:\/\/www.exploring-umbria.com\/wp-content\/uploads\/2019\/03\/spoleto-via-pedonale.jpeg\" \/>\n\t<meta property=\"og:image:width\" content=\"1600\" \/>\n\t<meta property=\"og:image:height\" content=\"1200\" \/>\n\t<meta property=\"og:image:type\" content=\"image\/jpeg\" \/>\n<meta name=\"twitter:card\" content=\"summary_large_image\" \/>\n<meta name=\"twitter:label1\" content=\"Gesch\u00e4tzte Lesezeit\" \/>\n\t<meta name=\"twitter:data1\" content=\"3\u00a0Minuten\" \/>\n<script type=\"application\/ld+json\" class=\"yoast-schema-graph\">{\"@context\":\"https:\/\/schema.org\",\"@graph\":[{\"@type\":\"Organization\",\"@id\":\"https:\/\/www.exploring-umbria.com\/de\/#organization\",\"name\":\"Exploring Umbria\",\"url\":\"https:\/\/www.exploring-umbria.com\/de\/\",\"sameAs\":[\"https:\/\/www.facebook.com\/exploringumbria\/\",\"https:\/\/www.instagram.com\/exploringumbria\/\"],\"logo\":{\"@type\":\"ImageObject\",\"@id\":\"https:\/\/www.exploring-umbria.com\/de\/#logo\",\"inLanguage\":\"de\",\"url\":\"https:\/\/www.exploring-umbria.com\/wp-content\/uploads\/2019\/08\/solo-logo-verde.jpg\",\"contentUrl\":\"https:\/\/www.exploring-umbria.com\/wp-content\/uploads\/2019\/08\/solo-logo-verde.jpg\",\"width\":952,\"height\":532,\"caption\":\"Exploring Umbria\"},\"image\":{\"@id\":\"https:\/\/www.exploring-umbria.com\/de\/#logo\"}},{\"@type\":\"WebSite\",\"@id\":\"https:\/\/www.exploring-umbria.com\/de\/#website\",\"url\":\"https:\/\/www.exploring-umbria.com\/de\/\",\"name\":\"Exploring Umbria\",\"description\":\"your dates, your mood, your trip\",\"publisher\":{\"@id\":\"https:\/\/www.exploring-umbria.com\/de\/#organization\"},\"potentialAction\":[{\"@type\":\"SearchAction\",\"target\":{\"@type\":\"EntryPoint\",\"urlTemplate\":\"https:\/\/www.exploring-umbria.com\/de\/?s={search_term_string}\"},\"query-input\":\"required name=search_term_string\"}],\"inLanguage\":\"de\"},{\"@type\":\"ImageObject\",\"@id\":\"https:\/\/www.exploring-umbria.com\/de\/entdecke-spoleto\/was-es-in-spoleto-zu-tun-gibt\/#primaryimage\",\"inLanguage\":\"de\",\"url\":\"https:\/\/www.exploring-umbria.com\/wp-content\/uploads\/2019\/03\/spoleto-via-pedonale.jpeg\",\"contentUrl\":\"https:\/\/www.exploring-umbria.com\/wp-content\/uploads\/2019\/03\/spoleto-via-pedonale.jpeg\",\"width\":1600,\"height\":1200,\"caption\":\"cosa fare a spoleto\"},{\"@type\":\"WebPage\",\"@id\":\"https:\/\/www.exploring-umbria.com\/de\/entdecke-spoleto\/was-es-in-spoleto-zu-tun-gibt\/#webpage\",\"url\":\"https:\/\/www.exploring-umbria.com\/de\/entdecke-spoleto\/was-es-in-spoleto-zu-tun-gibt\/\",\"name\":\"Was es in Spoleto zu tun gibt - Exploring Umbria\",\"isPartOf\":{\"@id\":\"https:\/\/www.exploring-umbria.com\/de\/#website\"},\"primaryImageOfPage\":{\"@id\":\"https:\/\/www.exploring-umbria.com\/de\/entdecke-spoleto\/was-es-in-spoleto-zu-tun-gibt\/#primaryimage\"},\"datePublished\":\"2019-05-19T23:20:59+00:00\",\"dateModified\":\"2020-04-17T18:41:02+00:00\",\"description\":\"Neben einer jahrtausendealten Geschichte und faszinierenden Monumenten haben Sie in Spoleto auch die M\u00f6glichkeit eine wilde Natur mit jahrhundertealten\",\"breadcrumb\":{\"@id\":\"https:\/\/www.exploring-umbria.com\/de\/entdecke-spoleto\/was-es-in-spoleto-zu-tun-gibt\/#breadcrumb\"},\"inLanguage\":\"de\",\"potentialAction\":[{\"@type\":\"ReadAction\",\"target\":[\"https:\/\/www.exploring-umbria.com\/de\/entdecke-spoleto\/was-es-in-spoleto-zu-tun-gibt\/\"]}]},{\"@type\":\"BreadcrumbList\",\"@id\":\"https:\/\/www.exploring-umbria.com\/de\/entdecke-spoleto\/was-es-in-spoleto-zu-tun-gibt\/#breadcrumb\",\"itemListElement\":[{\"@type\":\"ListItem\",\"position\":1,\"name\":\"Home\",\"item\":\"https:\/\/www.exploring-umbria.com\/de\/\"},{\"@type\":\"ListItem\",\"position\":2,\"name\":\"Entdecke Spoleto\",\"item\":\"https:\/\/www.exploring-umbria.com\/de\/entdecke-spoleto\/\"},{\"@type\":\"ListItem\",\"position\":3,\"name\":\"Was es in Spoleto zu tun gibt\"}]}]}<\/script>\n<!-- \/ Yoast SEO plugin. -->","yoast_head_json":{"title":"Was es in Spoleto zu tun gibt - Exploring Umbria","description":"Neben einer jahrtausendealten Geschichte und faszinierenden Monumenten haben Sie in Spoleto auch die M\u00f6glichkeit eine wilde Natur mit jahrhundertealten","robots":{"index":"index","follow":"follow","max-snippet":"max-snippet:-1","max-image-preview":"max-image-preview:large","max-video-preview":"max-video-preview:-1"},"canonical":"https:\/\/www.exploring-umbria.com\/de\/entdecke-spoleto\/was-es-in-spoleto-zu-tun-gibt\/","og_locale":"de_DE","og_type":"article","og_title":"Was es in Spoleto zu tun gibt - Exploring Umbria","og_description":"Neben einer jahrtausendealten Geschichte und faszinierenden Monumenten haben Sie in Spoleto auch die M\u00f6glichkeit eine wilde Natur mit jahrhundertealten","og_url":"https:\/\/www.exploring-umbria.com\/de\/entdecke-spoleto\/was-es-in-spoleto-zu-tun-gibt\/","og_site_name":"Exploring Umbria","article_publisher":"https:\/\/www.facebook.com\/exploringumbria\/","article_modified_time":"2020-04-17T18:41:02+00:00","og_image":[{"width":1600,"height":1200,"url":"https:\/\/www.exploring-umbria.com\/wp-content\/uploads\/2019\/03\/spoleto-via-pedonale.jpeg","type":"image\/jpeg"}],"twitter_card":"summary_large_image","twitter_misc":{"Gesch\u00e4tzte Lesezeit":"3\u00a0Minuten"},"schema":{"@context":"https:\/\/schema.org","@graph":[{"@type":"Organization","@id":"https:\/\/www.exploring-umbria.com\/de\/#organization","name":"Exploring Umbria","url":"https:\/\/www.exploring-umbria.com\/de\/","sameAs":["https:\/\/www.facebook.com\/exploringumbria\/","https:\/\/www.instagram.com\/exploringumbria\/"],"logo":{"@type":"ImageObject","@id":"https:\/\/www.exploring-umbria.com\/de\/#logo","inLanguage":"de","url":"https:\/\/www.exploring-umbria.com\/wp-content\/uploads\/2019\/08\/solo-logo-verde.jpg","contentUrl":"https:\/\/www.exploring-umbria.com\/wp-content\/uploads\/2019\/08\/solo-logo-verde.jpg","width":952,"height":532,"caption":"Exploring Umbria"},"image":{"@id":"https:\/\/www.exploring-umbria.com\/de\/#logo"}},{"@type":"WebSite","@id":"https:\/\/www.exploring-umbria.com\/de\/#website","url":"https:\/\/www.exploring-umbria.com\/de\/","name":"Exploring Umbria","description":"your dates, your mood, your trip","publisher":{"@id":"https:\/\/www.exploring-umbria.com\/de\/#organization"},"potentialAction":[{"@type":"SearchAction","target":{"@type":"EntryPoint","urlTemplate":"https:\/\/www.exploring-umbria.com\/de\/?s={search_term_string}"},"query-input":"required name=search_term_string"}],"inLanguage":"de"},{"@type":"ImageObject","@id":"https:\/\/www.exploring-umbria.com\/de\/entdecke-spoleto\/was-es-in-spoleto-zu-tun-gibt\/#primaryimage","inLanguage":"de","url":"https:\/\/www.exploring-umbria.com\/wp-content\/uploads\/2019\/03\/spoleto-via-pedonale.jpeg","contentUrl":"https:\/\/www.exploring-umbria.com\/wp-content\/uploads\/2019\/03\/spoleto-via-pedonale.jpeg","width":1600,"height":1200,"caption":"cosa fare a spoleto"},{"@type":"WebPage","@id":"https:\/\/www.exploring-umbria.com\/de\/entdecke-spoleto\/was-es-in-spoleto-zu-tun-gibt\/#webpage","url":"https:\/\/www.exploring-umbria.com\/de\/entdecke-spoleto\/was-es-in-spoleto-zu-tun-gibt\/","name":"Was es in Spoleto zu tun gibt - Exploring Umbria","isPartOf":{"@id":"https:\/\/www.exploring-umbria.com\/de\/#website"},"primaryImageOfPage":{"@id":"https:\/\/www.exploring-umbria.com\/de\/entdecke-spoleto\/was-es-in-spoleto-zu-tun-gibt\/#primaryimage"},"datePublished":"2019-05-19T23:20:59+00:00","dateModified":"2020-04-17T18:41:02+00:00","description":"Neben einer jahrtausendealten Geschichte und faszinierenden Monumenten haben Sie in Spoleto auch die M\u00f6glichkeit eine wilde Natur mit jahrhundertealten","breadcrumb":{"@id":"https:\/\/www.exploring-umbria.com\/de\/entdecke-spoleto\/was-es-in-spoleto-zu-tun-gibt\/#breadcrumb"},"inLanguage":"de","potentialAction":[{"@type":"ReadAction","target":["https:\/\/www.exploring-umbria.com\/de\/entdecke-spoleto\/was-es-in-spoleto-zu-tun-gibt\/"]}]},{"@type":"BreadcrumbList","@id":"https:\/\/www.exploring-umbria.com\/de\/entdecke-spoleto\/was-es-in-spoleto-zu-tun-gibt\/#breadcrumb","itemListElement":[{"@type":"ListItem","position":1,"name":"Home","item":"https:\/\/www.exploring-umbria.com\/de\/"},{"@type":"ListItem","position":2,"name":"Entdecke Spoleto","item":"https:\/\/www.exploring-umbria.com\/de\/entdecke-spoleto\/"},{"@type":"ListItem","position":3,"name":"Was es in Spoleto zu tun gibt"}]}]}},"_links":{"self":[{"href":"https:\/\/www.exploring-umbria.com\/de\/wp-json\/wp\/v2\/pages\/28386"}],"collection":[{"href":"https:\/\/www.exploring-umbria.com\/de\/wp-json\/wp\/v2\/pages"}],"about":[{"href":"https:\/\/www.exploring-umbria.com\/de\/wp-json\/wp\/v2\/types\/page"}],"author":[{"embeddable":true,"href":"https:\/\/www.exploring-umbria.com\/de\/wp-json\/wp\/v2\/users\/4"}],"replies":[{"embeddable":true,"href":"https:\/\/www.exploring-umbria.com\/de\/wp-json\/wp\/v2\/comments?post=28386"}],"version-history":[{"count":3,"href":"https:\/\/www.exploring-umbria.com\/de\/wp-json\/wp\/v2\/pages\/28386\/revisions"}],"predecessor-version":[{"id":33990,"href":"https:\/\/www.exploring-umbria.com\/de\/wp-json\/wp\/v2\/pages\/28386\/revisions\/33990"}],"up":[{"embeddable":true,"href":"https:\/\/www.exploring-umbria.com\/de\/wp-json\/wp\/v2\/pages\/26579"}],"wp:featuredmedia":[{"embeddable":true,"href":"https:\/\/www.exploring-umbria.com\/de\/wp-json\/wp\/v2\/media\/25044"}],"wp:attachment":[{"href":"https:\/\/www.exploring-umbria.com\/de\/wp-json\/wp\/v2\/media?parent=28386"}],"curies":[{"name":"wp","href":"https:\/\/api.w.org\/{rel}","templated":true}]}}