{"id":2826,"date":"2019-03-08T19:16:46","date_gmt":"2019-03-08T18:16:46","guid":{"rendered":"https:\/\/www.exploring-umbria.com\/1818-2\/"},"modified":"2020-08-07T13:46:45","modified_gmt":"2020-08-07T11:46:45","slug":"klause-des-seligen-giolo","status":"publish","type":"page","link":"https:\/\/www.exploring-umbria.com\/de\/borghi-in-umbria-tanti-piccoli-gioielli-nascosti\/was-sie-sehen-sollen-in-sellano\/klause-des-seligen-giolo\/","title":{"rendered":"Klause des Seligen Giolo"},"content":{"rendered":"<p>\u00dcberlieferungen zufolge widmete sich <em>Giolo<\/em>, im 13. Jahrhundert in Giolo geboren, dem Einsiedlerleben in einer Grotte am Berg Giove. Dort wurde im 16. Jahrhundert ein kleines Oratorium errichtet, das dem hl. Lorenz gewidmet ist.<\/p>\n<p>Obwohl sich dieses in einer ziemlich unwegsamen Gegend befindet, die lediglich \u00fcber einen engen und schwierigen Steig erreichbar ist, so ist die Grotte bis heute Ziel zahlreicher Gl\u00e4ubiger und Pilger, die den Fels erklimmen und kleine Steine mitnehmen, die sich das ganze Jahr \u00fcber als Reliquien oder Gl\u00fccksbringer bei sich tragen. Wobei sie nat\u00fcrlich die im Jahr zuvor mitgenommenen Steine stets im Folgejahr zur\u00fcckbringen. Es scheint, dass aus den Felsw\u00e4nden Wasser ausdringt und dass unweit von der Grotte eine Heilquelle verborgen liegt.<\/p>\n<p>Au\u00dferdem wird in verschiedenen Quellen berichtet, dass der <em>Selige Giolo<\/em> gl\u00fchende Kohle bis zu seinem Rifugium brachte, die ihm gespendet wurde. Als er diese in seine Kutte einwickelte, fing diese auf wundersame Weise Feuer. Seit dem Tod des Einsiedlers im Jahr 1315 wurde der Heilige intensiv verehrt und man erz\u00e4hlt sich, dass er in Sellano zahlreiche Wunder bewirkte. Das wichtigste ist jenes des <em>wunderbaren Nebels<\/em>, dank dem der Streit zwischen den nahegelegenen Schl\u00f6ssern \u00fcber den Besitz der sterblichen \u00dcberreste des <em>Seligen Giolo<\/em> beigelegt werden konnte. Sie wurden demzufolge zuerst zur Kirche San Lorenzo in Ottaggi gebracht und dort verwahrt, und sp\u00e4ter zur Pfarrkirche S. Maria in Sellano (wo sie sich bis heute befinden). Erst im Jahr 1780 erteilte der Bischof von Spoleto offiziell die Erlaubnis, den Seligen zu verehren.<\/p>\n","protected":false},"excerpt":{"rendered":"<p>\u00dcberlieferungen zufolge widmete sich Giolo, im 13. Jahrhundert in Giolo geboren, dem Einsiedlerleben in einer Grotte am Berg Giove. Dort wurde im 16. Jahrhundert ein kleines Oratorium errichtet, das dem hl. Lorenz gewidmet ist. Obwohl sich dieses in einer ziemlich unwegsamen Gegend befindet, die lediglich \u00fcber einen engen und schwierigen Steig erreichbar ist, so ist [&hellip;]<\/p>\n","protected":false},"author":4,"featured_media":0,"parent":39246,"menu_order":5,"comment_status":"closed","ping_status":"closed","template":"","meta":{"om_disable_all_campaigns":false,"_monsterinsights_skip_tracking":false,"_monsterinsights_sitenote_active":false,"_monsterinsights_sitenote_note":"","_monsterinsights_sitenote_category":0},"acf":[],"yoast_head":"<!-- This site is optimized with the Yoast SEO plugin v18.4.1 - https:\/\/yoast.com\/wordpress\/plugins\/seo\/ -->\n<title>Klause des Seligen Giolo - Exploring Umbria<\/title>\n<meta name=\"description\" content=\"\u00dcberlieferungen zufolge widmete sich Giolo, im 13. Jahrhundert in Giolo geboren, dem Einsiedlerleben in einer Grotte am Berg Giove. Dort wurde im 16.\" \/>\n<meta name=\"robots\" content=\"index, follow, max-snippet:-1, max-image-preview:large, max-video-preview:-1\" \/>\n<link rel=\"canonical\" href=\"https:\/\/www.exploring-umbria.com\/de\/borghi-in-umbria-tanti-piccoli-gioielli-nascosti\/was-sie-sehen-sollen-in-sellano\/klause-des-seligen-giolo\/\" \/>\n<meta property=\"og:locale\" content=\"de_DE\" \/>\n<meta property=\"og:type\" content=\"article\" \/>\n<meta property=\"og:title\" content=\"Klause des Seligen Giolo - Exploring Umbria\" \/>\n<meta property=\"og:description\" content=\"\u00dcberlieferungen zufolge widmete sich Giolo, im 13. Jahrhundert in Giolo geboren, dem Einsiedlerleben in einer Grotte am Berg Giove. Dort wurde im 16.\" \/>\n<meta property=\"og:url\" content=\"https:\/\/www.exploring-umbria.com\/de\/borghi-in-umbria-tanti-piccoli-gioielli-nascosti\/was-sie-sehen-sollen-in-sellano\/klause-des-seligen-giolo\/\" \/>\n<meta property=\"og:site_name\" content=\"Exploring Umbria\" \/>\n<meta property=\"article:publisher\" content=\"https:\/\/www.facebook.com\/exploringumbria\/\" \/>\n<meta property=\"article:modified_time\" content=\"2020-08-07T11:46:45+00:00\" \/>\n<meta name=\"twitter:card\" content=\"summary_large_image\" \/>\n<meta name=\"twitter:label1\" content=\"Gesch\u00e4tzte Lesezeit\" \/>\n\t<meta name=\"twitter:data1\" content=\"1\u00a0Minute\" \/>\n<script type=\"application\/ld+json\" class=\"yoast-schema-graph\">{\"@context\":\"https:\/\/schema.org\",\"@graph\":[{\"@type\":\"Organization\",\"@id\":\"https:\/\/www.exploring-umbria.com\/de\/#organization\",\"name\":\"Exploring Umbria\",\"url\":\"https:\/\/www.exploring-umbria.com\/de\/\",\"sameAs\":[\"https:\/\/www.facebook.com\/exploringumbria\/\",\"https:\/\/www.instagram.com\/exploringumbria\/\"],\"logo\":{\"@type\":\"ImageObject\",\"@id\":\"https:\/\/www.exploring-umbria.com\/de\/#logo\",\"inLanguage\":\"de\",\"url\":\"https:\/\/www.exploring-umbria.com\/wp-content\/uploads\/2019\/08\/solo-logo-verde.jpg\",\"contentUrl\":\"https:\/\/www.exploring-umbria.com\/wp-content\/uploads\/2019\/08\/solo-logo-verde.jpg\",\"width\":952,\"height\":532,\"caption\":\"Exploring Umbria\"},\"image\":{\"@id\":\"https:\/\/www.exploring-umbria.com\/de\/#logo\"}},{\"@type\":\"WebSite\",\"@id\":\"https:\/\/www.exploring-umbria.com\/de\/#website\",\"url\":\"https:\/\/www.exploring-umbria.com\/de\/\",\"name\":\"Exploring Umbria\",\"description\":\"your dates, your mood, your trip\",\"publisher\":{\"@id\":\"https:\/\/www.exploring-umbria.com\/de\/#organization\"},\"potentialAction\":[{\"@type\":\"SearchAction\",\"target\":{\"@type\":\"EntryPoint\",\"urlTemplate\":\"https:\/\/www.exploring-umbria.com\/de\/?s={search_term_string}\"},\"query-input\":\"required name=search_term_string\"}],\"inLanguage\":\"de\"},{\"@type\":\"WebPage\",\"@id\":\"https:\/\/www.exploring-umbria.com\/de\/borghi-in-umbria-tanti-piccoli-gioielli-nascosti\/was-sie-sehen-sollen-in-sellano\/klause-des-seligen-giolo\/#webpage\",\"url\":\"https:\/\/www.exploring-umbria.com\/de\/borghi-in-umbria-tanti-piccoli-gioielli-nascosti\/was-sie-sehen-sollen-in-sellano\/klause-des-seligen-giolo\/\",\"name\":\"Klause des Seligen Giolo - Exploring Umbria\",\"isPartOf\":{\"@id\":\"https:\/\/www.exploring-umbria.com\/de\/#website\"},\"datePublished\":\"2019-03-08T18:16:46+00:00\",\"dateModified\":\"2020-08-07T11:46:45+00:00\",\"description\":\"\u00dcberlieferungen zufolge widmete sich Giolo, im 13. Jahrhundert in Giolo geboren, dem Einsiedlerleben in einer Grotte am Berg Giove. Dort wurde im 16.\",\"breadcrumb\":{\"@id\":\"https:\/\/www.exploring-umbria.com\/de\/borghi-in-umbria-tanti-piccoli-gioielli-nascosti\/was-sie-sehen-sollen-in-sellano\/klause-des-seligen-giolo\/#breadcrumb\"},\"inLanguage\":\"de\",\"potentialAction\":[{\"@type\":\"ReadAction\",\"target\":[\"https:\/\/www.exploring-umbria.com\/de\/borghi-in-umbria-tanti-piccoli-gioielli-nascosti\/was-sie-sehen-sollen-in-sellano\/klause-des-seligen-giolo\/\"]}]},{\"@type\":\"BreadcrumbList\",\"@id\":\"https:\/\/www.exploring-umbria.com\/de\/borghi-in-umbria-tanti-piccoli-gioielli-nascosti\/was-sie-sehen-sollen-in-sellano\/klause-des-seligen-giolo\/#breadcrumb\",\"itemListElement\":[{\"@type\":\"ListItem\",\"position\":1,\"name\":\"Home\",\"item\":\"https:\/\/www.exploring-umbria.com\/de\/\"},{\"@type\":\"ListItem\",\"position\":2,\"name\":\"Borghi in Umbria: tanti piccoli gioielli nascosti\",\"item\":\"https:\/\/www.exploring-umbria.com\/de\/borghi-in-umbria-tanti-piccoli-gioielli-nascosti\/\"},{\"@type\":\"ListItem\",\"position\":3,\"name\":\"Was Sie sehen sollen in Sellano\",\"item\":\"https:\/\/www.exploring-umbria.com\/de\/borghi-in-umbria-tanti-piccoli-gioielli-nascosti\/was-sie-sehen-sollen-in-sellano\/\"},{\"@type\":\"ListItem\",\"position\":4,\"name\":\"Klause des Seligen Giolo\"}]}]}<\/script>\n<!-- \/ Yoast SEO plugin. -->","yoast_head_json":{"title":"Klause des Seligen Giolo - Exploring Umbria","description":"\u00dcberlieferungen zufolge widmete sich Giolo, im 13. Jahrhundert in Giolo geboren, dem Einsiedlerleben in einer Grotte am Berg Giove. Dort wurde im 16.","robots":{"index":"index","follow":"follow","max-snippet":"max-snippet:-1","max-image-preview":"max-image-preview:large","max-video-preview":"max-video-preview:-1"},"canonical":"https:\/\/www.exploring-umbria.com\/de\/borghi-in-umbria-tanti-piccoli-gioielli-nascosti\/was-sie-sehen-sollen-in-sellano\/klause-des-seligen-giolo\/","og_locale":"de_DE","og_type":"article","og_title":"Klause des Seligen Giolo - Exploring Umbria","og_description":"\u00dcberlieferungen zufolge widmete sich Giolo, im 13. Jahrhundert in Giolo geboren, dem Einsiedlerleben in einer Grotte am Berg Giove. Dort wurde im 16.","og_url":"https:\/\/www.exploring-umbria.com\/de\/borghi-in-umbria-tanti-piccoli-gioielli-nascosti\/was-sie-sehen-sollen-in-sellano\/klause-des-seligen-giolo\/","og_site_name":"Exploring Umbria","article_publisher":"https:\/\/www.facebook.com\/exploringumbria\/","article_modified_time":"2020-08-07T11:46:45+00:00","twitter_card":"summary_large_image","twitter_misc":{"Gesch\u00e4tzte Lesezeit":"1\u00a0Minute"},"schema":{"@context":"https:\/\/schema.org","@graph":[{"@type":"Organization","@id":"https:\/\/www.exploring-umbria.com\/de\/#organization","name":"Exploring Umbria","url":"https:\/\/www.exploring-umbria.com\/de\/","sameAs":["https:\/\/www.facebook.com\/exploringumbria\/","https:\/\/www.instagram.com\/exploringumbria\/"],"logo":{"@type":"ImageObject","@id":"https:\/\/www.exploring-umbria.com\/de\/#logo","inLanguage":"de","url":"https:\/\/www.exploring-umbria.com\/wp-content\/uploads\/2019\/08\/solo-logo-verde.jpg","contentUrl":"https:\/\/www.exploring-umbria.com\/wp-content\/uploads\/2019\/08\/solo-logo-verde.jpg","width":952,"height":532,"caption":"Exploring Umbria"},"image":{"@id":"https:\/\/www.exploring-umbria.com\/de\/#logo"}},{"@type":"WebSite","@id":"https:\/\/www.exploring-umbria.com\/de\/#website","url":"https:\/\/www.exploring-umbria.com\/de\/","name":"Exploring Umbria","description":"your dates, your mood, your trip","publisher":{"@id":"https:\/\/www.exploring-umbria.com\/de\/#organization"},"potentialAction":[{"@type":"SearchAction","target":{"@type":"EntryPoint","urlTemplate":"https:\/\/www.exploring-umbria.com\/de\/?s={search_term_string}"},"query-input":"required name=search_term_string"}],"inLanguage":"de"},{"@type":"WebPage","@id":"https:\/\/www.exploring-umbria.com\/de\/borghi-in-umbria-tanti-piccoli-gioielli-nascosti\/was-sie-sehen-sollen-in-sellano\/klause-des-seligen-giolo\/#webpage","url":"https:\/\/www.exploring-umbria.com\/de\/borghi-in-umbria-tanti-piccoli-gioielli-nascosti\/was-sie-sehen-sollen-in-sellano\/klause-des-seligen-giolo\/","name":"Klause des Seligen Giolo - Exploring Umbria","isPartOf":{"@id":"https:\/\/www.exploring-umbria.com\/de\/#website"},"datePublished":"2019-03-08T18:16:46+00:00","dateModified":"2020-08-07T11:46:45+00:00","description":"\u00dcberlieferungen zufolge widmete sich Giolo, im 13. Jahrhundert in Giolo geboren, dem Einsiedlerleben in einer Grotte am Berg Giove. Dort wurde im 16.","breadcrumb":{"@id":"https:\/\/www.exploring-umbria.com\/de\/borghi-in-umbria-tanti-piccoli-gioielli-nascosti\/was-sie-sehen-sollen-in-sellano\/klause-des-seligen-giolo\/#breadcrumb"},"inLanguage":"de","potentialAction":[{"@type":"ReadAction","target":["https:\/\/www.exploring-umbria.com\/de\/borghi-in-umbria-tanti-piccoli-gioielli-nascosti\/was-sie-sehen-sollen-in-sellano\/klause-des-seligen-giolo\/"]}]},{"@type":"BreadcrumbList","@id":"https:\/\/www.exploring-umbria.com\/de\/borghi-in-umbria-tanti-piccoli-gioielli-nascosti\/was-sie-sehen-sollen-in-sellano\/klause-des-seligen-giolo\/#breadcrumb","itemListElement":[{"@type":"ListItem","position":1,"name":"Home","item":"https:\/\/www.exploring-umbria.com\/de\/"},{"@type":"ListItem","position":2,"name":"Borghi in Umbria: tanti piccoli gioielli nascosti","item":"https:\/\/www.exploring-umbria.com\/de\/borghi-in-umbria-tanti-piccoli-gioielli-nascosti\/"},{"@type":"ListItem","position":3,"name":"Was Sie sehen sollen in Sellano","item":"https:\/\/www.exploring-umbria.com\/de\/borghi-in-umbria-tanti-piccoli-gioielli-nascosti\/was-sie-sehen-sollen-in-sellano\/"},{"@type":"ListItem","position":4,"name":"Klause des Seligen Giolo"}]}]}},"_links":{"self":[{"href":"https:\/\/www.exploring-umbria.com\/de\/wp-json\/wp\/v2\/pages\/2826"}],"collection":[{"href":"https:\/\/www.exploring-umbria.com\/de\/wp-json\/wp\/v2\/pages"}],"about":[{"href":"https:\/\/www.exploring-umbria.com\/de\/wp-json\/wp\/v2\/types\/page"}],"author":[{"embeddable":true,"href":"https:\/\/www.exploring-umbria.com\/de\/wp-json\/wp\/v2\/users\/4"}],"replies":[{"embeddable":true,"href":"https:\/\/www.exploring-umbria.com\/de\/wp-json\/wp\/v2\/comments?post=2826"}],"version-history":[{"count":2,"href":"https:\/\/www.exploring-umbria.com\/de\/wp-json\/wp\/v2\/pages\/2826\/revisions"}],"predecessor-version":[{"id":39298,"href":"https:\/\/www.exploring-umbria.com\/de\/wp-json\/wp\/v2\/pages\/2826\/revisions\/39298"}],"up":[{"embeddable":true,"href":"https:\/\/www.exploring-umbria.com\/de\/wp-json\/wp\/v2\/pages\/39246"}],"wp:attachment":[{"href":"https:\/\/www.exploring-umbria.com\/de\/wp-json\/wp\/v2\/media?parent=2826"}],"curies":[{"name":"wp","href":"https:\/\/api.w.org\/{rel}","templated":true}]}}