{"id":2804,"date":"2019-03-14T19:38:32","date_gmt":"2019-03-14T18:38:32","guid":{"rendered":"https:\/\/www.exploring-umbria.com\/gubbio\/"},"modified":"2019-12-24T10:18:39","modified_gmt":"2019-12-24T09:18:39","slug":"entdecke-gubbio","status":"publish","type":"page","link":"https:\/\/www.exploring-umbria.com\/de\/entdecke-gubbio\/","title":{"rendered":"Entdecke Gubbio"},"content":{"rendered":"<p>Am nord\u00f6stlichen Ende Umbriens, nahe der Grenze zu den Marken, auf der einen Seite vom Apennin und auf der anderen vom Tibertal umgeben, liegt Gubbio. Am Fu\u00dfe des Berges Igino erhebt sich die Stadt in einem fruchtbaren und produktiven Gebiet, das von den B\u00e4chen Camignano und Cavarello durchzogen wird. Die Stadt zog seit der vorr\u00f6mischen Zeit reiche und hochentwickelte V\u00f6lker und Kulturen an. Zwischen den atemberaubenden Landschaften und der \u00fcppigen Vegetation des \u00fcberwiegend h\u00fcgeligen Gebietes liegt die Stadt, die in der Zeit eingeschlafen und kristallisiert zu sein scheint, so wie die meisten urbanen Gebiete Umbriens. Dort, wo man die Stadtmauer \u00fcberquert, die bewundernswert erhalten ist, erh\u00e4lt man den Eindruck, in die Vergangenheit und in die magische Atmosph\u00e4re der Fr\u00f6mmigkeit und Folklore einzutauchen, die die Gubbio seit Jahrhunderten am Leben erhalten hat. Der Helige Ubaldo, Schutzpatron der Stadt, und Fransiskus, der sich in Gubbio aufhielte, um die ber\u00fchmte m\u00f6rderische W\u00f6lfin zu z\u00e4hmen, sind das Ziel aufrichtiger und tiefer Verehrung, und durch sie wurden Traditionen der Stadt zu gro\u00dfen Ereignissen und Erfahrungen verwandelt, die man nicht verpassen sollte. Eine Stadt, die wie eine Schatzkiste alte und moderne k\u00fcnstlerische und handwerkliche Artefakte, authentische Geschm\u00e4cker der Vergangenheit, die mit der Moderne verschmolzen sind und sich an die Bed\u00fcrfnisse der neuen Generationen anpassten, sowie einzigartige architektonische Wunder wie etwa die h\u00e4ngende Struktur der Piazza Grande, gekr\u00f6nt vom sch\u00f6nen Palazzo dei Consoli, wahrt. Unter der Schirmherrschaft des M\u00e4zenatentums der Grafen von Urbino bietet Gubbio jedem Besucher Tradition, Geschichte, Kultur, Kunst und Architektur. Vergangenheit und Gegenwart sowie alt und neu verbinden sich zu einer harmonischen Einheit, die nur in Umbrien entstehen konnte!<\/p>\n","protected":false},"excerpt":{"rendered":"<p>Am nord\u00f6stlichen Ende Umbriens, nahe der Grenze zu den Marken, auf der einen Seite vom Apennin und auf der anderen vom Tibertal umgeben, liegt Gubbio. Am Fu\u00dfe des Berges Igino erhebt sich die Stadt in einem fruchtbaren und produktiven Gebiet, das von den B\u00e4chen Camignano und Cavarello durchzogen wird. Die Stadt zog seit der vorr\u00f6mischen [&hellip;]<\/p>\n","protected":false},"author":4,"featured_media":35830,"parent":0,"menu_order":0,"comment_status":"closed","ping_status":"closed","template":"","meta":{"om_disable_all_campaigns":false,"_monsterinsights_skip_tracking":false,"_monsterinsights_sitenote_active":false,"_monsterinsights_sitenote_note":"","_monsterinsights_sitenote_category":0},"acf":[],"yoast_head":"<!-- This site is optimized with the Yoast SEO plugin v18.4.1 - https:\/\/yoast.com\/wordpress\/plugins\/seo\/ -->\n<title>Entdecke Gubbio - Exploring Umbria<\/title>\n<meta name=\"description\" content=\"Am nord\u00f6stlichen Ende Umbriens, nahe der Grenze zu den Marken, auf der einen Seite vom Apennin und auf der anderen vom Tibertal umgeben, liegt Gubbio. Am\" \/>\n<meta name=\"robots\" content=\"index, follow, max-snippet:-1, max-image-preview:large, max-video-preview:-1\" \/>\n<link rel=\"canonical\" href=\"https:\/\/www.exploring-umbria.com\/de\/entdecke-gubbio\/\" \/>\n<meta property=\"og:locale\" content=\"de_DE\" \/>\n<meta property=\"og:type\" content=\"article\" \/>\n<meta property=\"og:title\" content=\"Entdecke Gubbio - Exploring Umbria\" \/>\n<meta property=\"og:description\" content=\"Am nord\u00f6stlichen Ende Umbriens, nahe der Grenze zu den Marken, auf der einen Seite vom Apennin und auf der anderen vom Tibertal umgeben, liegt Gubbio. Am\" \/>\n<meta property=\"og:url\" content=\"https:\/\/www.exploring-umbria.com\/de\/entdecke-gubbio\/\" \/>\n<meta property=\"og:site_name\" content=\"Exploring Umbria\" \/>\n<meta property=\"article:publisher\" content=\"https:\/\/www.facebook.com\/exploringumbria\/\" \/>\n<meta property=\"article:modified_time\" content=\"2019-12-24T09:18:39+00:00\" \/>\n<meta property=\"og:image\" content=\"https:\/\/www.exploring-umbria.com\/wp-content\/uploads\/2020\/05\/gubbio-panoramica.jpeg\" \/>\n\t<meta property=\"og:image:width\" content=\"1592\" \/>\n\t<meta property=\"og:image:height\" content=\"1007\" \/>\n\t<meta property=\"og:image:type\" content=\"image\/jpeg\" \/>\n<meta name=\"twitter:card\" content=\"summary_large_image\" \/>\n<meta name=\"twitter:label1\" content=\"Gesch\u00e4tzte Lesezeit\" \/>\n\t<meta name=\"twitter:data1\" content=\"1\u00a0Minute\" \/>\n<script type=\"application\/ld+json\" class=\"yoast-schema-graph\">{\"@context\":\"https:\/\/schema.org\",\"@graph\":[{\"@type\":\"Organization\",\"@id\":\"https:\/\/www.exploring-umbria.com\/de\/#organization\",\"name\":\"Exploring Umbria\",\"url\":\"https:\/\/www.exploring-umbria.com\/de\/\",\"sameAs\":[\"https:\/\/www.facebook.com\/exploringumbria\/\",\"https:\/\/www.instagram.com\/exploringumbria\/\"],\"logo\":{\"@type\":\"ImageObject\",\"@id\":\"https:\/\/www.exploring-umbria.com\/de\/#logo\",\"inLanguage\":\"de\",\"url\":\"https:\/\/www.exploring-umbria.com\/wp-content\/uploads\/2019\/08\/solo-logo-verde.jpg\",\"contentUrl\":\"https:\/\/www.exploring-umbria.com\/wp-content\/uploads\/2019\/08\/solo-logo-verde.jpg\",\"width\":952,\"height\":532,\"caption\":\"Exploring Umbria\"},\"image\":{\"@id\":\"https:\/\/www.exploring-umbria.com\/de\/#logo\"}},{\"@type\":\"WebSite\",\"@id\":\"https:\/\/www.exploring-umbria.com\/de\/#website\",\"url\":\"https:\/\/www.exploring-umbria.com\/de\/\",\"name\":\"Exploring Umbria\",\"description\":\"your dates, your mood, your trip\",\"publisher\":{\"@id\":\"https:\/\/www.exploring-umbria.com\/de\/#organization\"},\"potentialAction\":[{\"@type\":\"SearchAction\",\"target\":{\"@type\":\"EntryPoint\",\"urlTemplate\":\"https:\/\/www.exploring-umbria.com\/de\/?s={search_term_string}\"},\"query-input\":\"required name=search_term_string\"}],\"inLanguage\":\"de\"},{\"@type\":\"ImageObject\",\"@id\":\"https:\/\/www.exploring-umbria.com\/de\/entdecke-gubbio\/#primaryimage\",\"inLanguage\":\"de\",\"url\":\"https:\/\/www.exploring-umbria.com\/wp-content\/uploads\/2020\/05\/gubbio-panoramica.jpeg\",\"contentUrl\":\"https:\/\/www.exploring-umbria.com\/wp-content\/uploads\/2020\/05\/gubbio-panoramica.jpeg\",\"width\":1592,\"height\":1007,\"caption\":\"\u00a9 Roby Roby ph.\"},{\"@type\":\"WebPage\",\"@id\":\"https:\/\/www.exploring-umbria.com\/de\/entdecke-gubbio\/#webpage\",\"url\":\"https:\/\/www.exploring-umbria.com\/de\/entdecke-gubbio\/\",\"name\":\"Entdecke Gubbio - Exploring Umbria\",\"isPartOf\":{\"@id\":\"https:\/\/www.exploring-umbria.com\/de\/#website\"},\"primaryImageOfPage\":{\"@id\":\"https:\/\/www.exploring-umbria.com\/de\/entdecke-gubbio\/#primaryimage\"},\"datePublished\":\"2019-03-14T18:38:32+00:00\",\"dateModified\":\"2019-12-24T09:18:39+00:00\",\"description\":\"Am nord\u00f6stlichen Ende Umbriens, nahe der Grenze zu den Marken, auf der einen Seite vom Apennin und auf der anderen vom Tibertal umgeben, liegt Gubbio. Am\",\"breadcrumb\":{\"@id\":\"https:\/\/www.exploring-umbria.com\/de\/entdecke-gubbio\/#breadcrumb\"},\"inLanguage\":\"de\",\"potentialAction\":[{\"@type\":\"ReadAction\",\"target\":[\"https:\/\/www.exploring-umbria.com\/de\/entdecke-gubbio\/\"]}]},{\"@type\":\"BreadcrumbList\",\"@id\":\"https:\/\/www.exploring-umbria.com\/de\/entdecke-gubbio\/#breadcrumb\",\"itemListElement\":[{\"@type\":\"ListItem\",\"position\":1,\"name\":\"Home\",\"item\":\"https:\/\/www.exploring-umbria.com\/de\/\"},{\"@type\":\"ListItem\",\"position\":2,\"name\":\"Entdecke Gubbio\"}]}]}<\/script>\n<!-- \/ Yoast SEO plugin. -->","yoast_head_json":{"title":"Entdecke Gubbio - Exploring Umbria","description":"Am nord\u00f6stlichen Ende Umbriens, nahe der Grenze zu den Marken, auf der einen Seite vom Apennin und auf der anderen vom Tibertal umgeben, liegt Gubbio. Am","robots":{"index":"index","follow":"follow","max-snippet":"max-snippet:-1","max-image-preview":"max-image-preview:large","max-video-preview":"max-video-preview:-1"},"canonical":"https:\/\/www.exploring-umbria.com\/de\/entdecke-gubbio\/","og_locale":"de_DE","og_type":"article","og_title":"Entdecke Gubbio - Exploring Umbria","og_description":"Am nord\u00f6stlichen Ende Umbriens, nahe der Grenze zu den Marken, auf der einen Seite vom Apennin und auf der anderen vom Tibertal umgeben, liegt Gubbio. Am","og_url":"https:\/\/www.exploring-umbria.com\/de\/entdecke-gubbio\/","og_site_name":"Exploring Umbria","article_publisher":"https:\/\/www.facebook.com\/exploringumbria\/","article_modified_time":"2019-12-24T09:18:39+00:00","og_image":[{"width":1592,"height":1007,"url":"https:\/\/www.exploring-umbria.com\/wp-content\/uploads\/2020\/05\/gubbio-panoramica.jpeg","type":"image\/jpeg"}],"twitter_card":"summary_large_image","twitter_misc":{"Gesch\u00e4tzte Lesezeit":"1\u00a0Minute"},"schema":{"@context":"https:\/\/schema.org","@graph":[{"@type":"Organization","@id":"https:\/\/www.exploring-umbria.com\/de\/#organization","name":"Exploring Umbria","url":"https:\/\/www.exploring-umbria.com\/de\/","sameAs":["https:\/\/www.facebook.com\/exploringumbria\/","https:\/\/www.instagram.com\/exploringumbria\/"],"logo":{"@type":"ImageObject","@id":"https:\/\/www.exploring-umbria.com\/de\/#logo","inLanguage":"de","url":"https:\/\/www.exploring-umbria.com\/wp-content\/uploads\/2019\/08\/solo-logo-verde.jpg","contentUrl":"https:\/\/www.exploring-umbria.com\/wp-content\/uploads\/2019\/08\/solo-logo-verde.jpg","width":952,"height":532,"caption":"Exploring Umbria"},"image":{"@id":"https:\/\/www.exploring-umbria.com\/de\/#logo"}},{"@type":"WebSite","@id":"https:\/\/www.exploring-umbria.com\/de\/#website","url":"https:\/\/www.exploring-umbria.com\/de\/","name":"Exploring Umbria","description":"your dates, your mood, your trip","publisher":{"@id":"https:\/\/www.exploring-umbria.com\/de\/#organization"},"potentialAction":[{"@type":"SearchAction","target":{"@type":"EntryPoint","urlTemplate":"https:\/\/www.exploring-umbria.com\/de\/?s={search_term_string}"},"query-input":"required name=search_term_string"}],"inLanguage":"de"},{"@type":"ImageObject","@id":"https:\/\/www.exploring-umbria.com\/de\/entdecke-gubbio\/#primaryimage","inLanguage":"de","url":"https:\/\/www.exploring-umbria.com\/wp-content\/uploads\/2020\/05\/gubbio-panoramica.jpeg","contentUrl":"https:\/\/www.exploring-umbria.com\/wp-content\/uploads\/2020\/05\/gubbio-panoramica.jpeg","width":1592,"height":1007,"caption":"\u00a9 Roby Roby ph."},{"@type":"WebPage","@id":"https:\/\/www.exploring-umbria.com\/de\/entdecke-gubbio\/#webpage","url":"https:\/\/www.exploring-umbria.com\/de\/entdecke-gubbio\/","name":"Entdecke Gubbio - Exploring Umbria","isPartOf":{"@id":"https:\/\/www.exploring-umbria.com\/de\/#website"},"primaryImageOfPage":{"@id":"https:\/\/www.exploring-umbria.com\/de\/entdecke-gubbio\/#primaryimage"},"datePublished":"2019-03-14T18:38:32+00:00","dateModified":"2019-12-24T09:18:39+00:00","description":"Am nord\u00f6stlichen Ende Umbriens, nahe der Grenze zu den Marken, auf der einen Seite vom Apennin und auf der anderen vom Tibertal umgeben, liegt Gubbio. Am","breadcrumb":{"@id":"https:\/\/www.exploring-umbria.com\/de\/entdecke-gubbio\/#breadcrumb"},"inLanguage":"de","potentialAction":[{"@type":"ReadAction","target":["https:\/\/www.exploring-umbria.com\/de\/entdecke-gubbio\/"]}]},{"@type":"BreadcrumbList","@id":"https:\/\/www.exploring-umbria.com\/de\/entdecke-gubbio\/#breadcrumb","itemListElement":[{"@type":"ListItem","position":1,"name":"Home","item":"https:\/\/www.exploring-umbria.com\/de\/"},{"@type":"ListItem","position":2,"name":"Entdecke Gubbio"}]}]}},"_links":{"self":[{"href":"https:\/\/www.exploring-umbria.com\/de\/wp-json\/wp\/v2\/pages\/2804"}],"collection":[{"href":"https:\/\/www.exploring-umbria.com\/de\/wp-json\/wp\/v2\/pages"}],"about":[{"href":"https:\/\/www.exploring-umbria.com\/de\/wp-json\/wp\/v2\/types\/page"}],"author":[{"embeddable":true,"href":"https:\/\/www.exploring-umbria.com\/de\/wp-json\/wp\/v2\/users\/4"}],"replies":[{"embeddable":true,"href":"https:\/\/www.exploring-umbria.com\/de\/wp-json\/wp\/v2\/comments?post=2804"}],"version-history":[{"count":10,"href":"https:\/\/www.exploring-umbria.com\/de\/wp-json\/wp\/v2\/pages\/2804\/revisions"}],"predecessor-version":[{"id":26583,"href":"https:\/\/www.exploring-umbria.com\/de\/wp-json\/wp\/v2\/pages\/2804\/revisions\/26583"}],"wp:featuredmedia":[{"embeddable":true,"href":"https:\/\/www.exploring-umbria.com\/de\/wp-json\/wp\/v2\/media\/35830"}],"wp:attachment":[{"href":"https:\/\/www.exploring-umbria.com\/de\/wp-json\/wp\/v2\/media?parent=2804"}],"curies":[{"name":"wp","href":"https:\/\/api.w.org\/{rel}","templated":true}]}}