{"id":2797,"date":"2019-03-14T19:47:48","date_gmt":"2019-03-14T18:47:48","guid":{"rendered":"https:\/\/www.exploring-umbria.com\/chiesa-della-vittorina\/"},"modified":"2020-01-15T17:15:07","modified_gmt":"2020-01-15T16:15:07","slug":"kirche-santa-maria-della-vittorina-kirche-der-siegerin","status":"publish","type":"page","link":"https:\/\/www.exploring-umbria.com\/de\/entdecke-gubbio\/sehenswuerdigkeiten-in-gubbio\/kirche-santa-maria-della-vittorina-kirche-der-siegerin\/","title":{"rendered":"Kirche Santa Maria della Vittorina (Kirche der Siegerin)"},"content":{"rendered":"<p>Au\u00dferhalb der Stadtmauern, umgeben von einem Anfang der 90er Jahre angelegten Naturpark, steht die <strong>Kirche Santa Maria della Vittorina<\/strong>.<\/p>\n<p>Das urspr\u00fcngliche Geb\u00e4ude wurde wahrscheinlich im neunten Jahrhundert anl\u00e4sslich eines Sieges der Stadt gegen die Sarazenen errichtet, aber sein Ruhm war mit der Geschichte des <a href=\"https:\/\/de.wikipedia.org\/wiki\/Franz_von_Assisi\" target=\"_blank\" rel=\"noopener noreferrer\">Heiligen Franziskus<\/a> verbunden. Nach einer \u00dcberlieferung, die im XXI. Kapitel der <em>Fioretti<\/em> erz\u00e4hlt wird, traf der hl. Franziskus um 1220 an dieser Stelle in Handschellen auf den Wolf, der die Bewohner der Stadt um ihren Schlaf brachte.<\/p>\n<p>Im Jahr 1213 wurde die kleine Kirche vom Bischof von Gubbio <em>Beato Villano<\/em> dem M\u00f6nch von <a href=\"https:\/\/www.exploring-umbria.com\/de\/aktivitaten\/guided-tour-of-assisi\/\" target=\"_blank\" rel=\"noopener noreferrer\">Assisi<\/a> zur Nutzung \u00fcberlassen und bildete die erste Siedlung der Franziskanerm\u00f6nche, die dort einige Jahrzehnte lang, bis 1241, verweilten. An diesem Tag, als sie in das neue Stadtkloster San Francesco umzogen, \u00fcberlie\u00dfen die M\u00f6nche die Kirche dem Klarissenorden, die das 1538 an die Gesellschaft von S. Maria della Vittorina \u00fcberlie\u00dfen. Im Laufe der Zeit wurde das Geb\u00e4ude verschiedenen Restaurierungsarbeiten unterzogen, unter anderem durch die Stadtgemeine und die Aufsichtsbeh\u00f6rde. Erst 1948 wurde es endg\u00fcltig an den Franziskanerorden zur\u00fcckgegeben und ab 1957 mit einer feierlichen Zeremonie offiziell wieder der \u00d6ffentlichkeit zug\u00e4nglich gemacht.<\/p>\n<p>Die Kirche hat sehr einfache \u00e4u\u00dfere Formen: Sie besteht aus Kalkstein aus der Gegend und ist mit einigen Einlegearbeiten aus Terrakotta gestaltet. Der Zugang erfolgt \u00fcber ein einziges Eingangstor aus Pietra Serena, das von einem Fenster \u00fcberragt wird. Auf der rechten Seite gibt es einen zweiten kleineren Eingang und ein Fenster, das heute zugemauert ist, in dem zwei Platten zu sehen sind: die erste zeigt das Symbol des Tau mit der Aufschrift &#8222;<em>Pax et Bonum 1226\/1926<\/em>&#8222;, die zweite die einfache Aufschrift &#8222;<em>Hier hat Franziskus die b\u00f6sartige W\u00f6lfin bes\u00e4nftigt<\/em>&#8222;. Zur Erinnerung an das Wunderereignis befinden sich zwei Bronzedenkm\u00e4ler unweit der Kirche: ein Flachrelief des bolognesischen Bildhauers <em>Farpi Vignoli<\/em> aus dem Jahr 1973 und eine Statue des Bildhauers <em>Francesco Scalici<\/em> aus dem Jahr 2002.<\/p>\n<p>Das Innere der Kirche Santa Maria della Vittorina besteht aus einem einzigen Schiff mit einem Kielbogengew\u00f6lbe, das vollst\u00e4ndig mit Fresken aus dem 16. Jahrhundert verziert ist. In der Mitte befindet der Ewige Vater mit zwei Engeln, die die Weltkugel hochhalten, sowie rund vierunddrei\u00dfig weitere dekorative Bilder von einzigartiger Sch\u00f6nheit, die das Werk des Malers <em>Benedetto Nucci<\/em> aus Gubbio sind. Unter dem Gew\u00f6lbe sind die W\u00e4nde mit marianischen Szenen des lokalen Malers <em>Giovanni Maria Baldassini<\/em> verziert.<\/p>\n<p>Vom urspr\u00fcnglichen Grundriss aus dem 13. Jahrhundert sind heute nur noch die Apsis und das kleine, eingliedrige Fenster mit zwei Rosetten erhalten.<\/p>\n<p>Unmittelbar rechts vom Eingang befindet sich noch eine Kapelle, deren W\u00e4nde ebenfalls mit Fresken mit acht Episoden aus dem Leben des hl. Franziskus geschm\u00fcckt sind, die vom Reichtum der Malerei und der Darstellung im Gotteshaus zeugen.<\/p>\n<p>Noch heute ist die Kirche ein Ziel f\u00fcr Gl\u00e4ubige und ein besonders beliebter Ort, so sehr, sodass seit 1988 im umliegenden Park die &#8222;Krippe von Vittorina&#8220; eingerichtet wird, um die Geburt Jesu zu feiern und an den Heiligen Ordensbruder, der die Krippe erfunden hat, zu erinnern.<\/p>\n","protected":false},"excerpt":{"rendered":"<p>Au\u00dferhalb der Stadtmauern, umgeben von einem Anfang der 90er Jahre angelegten Naturpark, steht die Kirche Santa Maria della Vittorina. Das urspr\u00fcngliche Geb\u00e4ude wurde wahrscheinlich im neunten Jahrhundert anl\u00e4sslich eines Sieges der Stadt gegen die Sarazenen errichtet, aber sein Ruhm war mit der Geschichte des Heiligen Franziskus verbunden. Nach einer \u00dcberlieferung, die im XXI. Kapitel der [&hellip;]<\/p>\n","protected":false},"author":4,"featured_media":35416,"parent":2800,"menu_order":0,"comment_status":"closed","ping_status":"closed","template":"","meta":{"om_disable_all_campaigns":false,"_monsterinsights_skip_tracking":false,"_monsterinsights_sitenote_active":false,"_monsterinsights_sitenote_note":"","_monsterinsights_sitenote_category":0},"acf":[],"yoast_head":"<!-- This site is optimized with the Yoast SEO plugin v18.4.1 - https:\/\/yoast.com\/wordpress\/plugins\/seo\/ -->\n<title>Kirche Santa Maria della Vittorina (Kirche der Siegerin) - Exploring Umbria<\/title>\n<meta name=\"description\" content=\"Au\u00dferhalb der Stadtmauern, umgeben von einem Anfang der 90er Jahre angelegten Naturpark, steht die Kirche Santa Maria della Vittorina. Das urspr\u00fcngliche\" \/>\n<meta name=\"robots\" content=\"index, follow, max-snippet:-1, max-image-preview:large, max-video-preview:-1\" \/>\n<link rel=\"canonical\" href=\"https:\/\/www.exploring-umbria.com\/de\/entdecke-gubbio\/sehenswuerdigkeiten-in-gubbio\/kirche-santa-maria-della-vittorina-kirche-der-siegerin\/\" \/>\n<meta property=\"og:locale\" content=\"de_DE\" \/>\n<meta property=\"og:type\" content=\"article\" \/>\n<meta property=\"og:title\" content=\"Kirche Santa Maria della Vittorina (Kirche der Siegerin) - Exploring Umbria\" \/>\n<meta property=\"og:description\" content=\"Au\u00dferhalb der Stadtmauern, umgeben von einem Anfang der 90er Jahre angelegten Naturpark, steht die Kirche Santa Maria della Vittorina. Das urspr\u00fcngliche\" \/>\n<meta property=\"og:url\" content=\"https:\/\/www.exploring-umbria.com\/de\/entdecke-gubbio\/sehenswuerdigkeiten-in-gubbio\/kirche-santa-maria-della-vittorina-kirche-der-siegerin\/\" \/>\n<meta property=\"og:site_name\" content=\"Exploring Umbria\" \/>\n<meta property=\"article:publisher\" content=\"https:\/\/www.facebook.com\/exploringumbria\/\" \/>\n<meta property=\"article:modified_time\" content=\"2020-01-15T16:15:07+00:00\" \/>\n<meta property=\"og:image\" content=\"https:\/\/www.exploring-umbria.com\/wp-content\/uploads\/2020\/05\/Chiesa-della-Vittorina-Gubbio-1.jpeg\" \/>\n\t<meta property=\"og:image:width\" content=\"1600\" \/>\n\t<meta property=\"og:image:height\" content=\"1200\" \/>\n\t<meta property=\"og:image:type\" content=\"image\/jpeg\" \/>\n<meta name=\"twitter:card\" content=\"summary_large_image\" \/>\n<meta name=\"twitter:label1\" content=\"Gesch\u00e4tzte Lesezeit\" \/>\n\t<meta name=\"twitter:data1\" content=\"3\u00a0Minuten\" \/>\n<script type=\"application\/ld+json\" class=\"yoast-schema-graph\">{\"@context\":\"https:\/\/schema.org\",\"@graph\":[{\"@type\":\"Organization\",\"@id\":\"https:\/\/www.exploring-umbria.com\/de\/#organization\",\"name\":\"Exploring Umbria\",\"url\":\"https:\/\/www.exploring-umbria.com\/de\/\",\"sameAs\":[\"https:\/\/www.facebook.com\/exploringumbria\/\",\"https:\/\/www.instagram.com\/exploringumbria\/\"],\"logo\":{\"@type\":\"ImageObject\",\"@id\":\"https:\/\/www.exploring-umbria.com\/de\/#logo\",\"inLanguage\":\"de\",\"url\":\"https:\/\/www.exploring-umbria.com\/wp-content\/uploads\/2019\/08\/solo-logo-verde.jpg\",\"contentUrl\":\"https:\/\/www.exploring-umbria.com\/wp-content\/uploads\/2019\/08\/solo-logo-verde.jpg\",\"width\":952,\"height\":532,\"caption\":\"Exploring Umbria\"},\"image\":{\"@id\":\"https:\/\/www.exploring-umbria.com\/de\/#logo\"}},{\"@type\":\"WebSite\",\"@id\":\"https:\/\/www.exploring-umbria.com\/de\/#website\",\"url\":\"https:\/\/www.exploring-umbria.com\/de\/\",\"name\":\"Exploring Umbria\",\"description\":\"your dates, your mood, your trip\",\"publisher\":{\"@id\":\"https:\/\/www.exploring-umbria.com\/de\/#organization\"},\"potentialAction\":[{\"@type\":\"SearchAction\",\"target\":{\"@type\":\"EntryPoint\",\"urlTemplate\":\"https:\/\/www.exploring-umbria.com\/de\/?s={search_term_string}\"},\"query-input\":\"required name=search_term_string\"}],\"inLanguage\":\"de\"},{\"@type\":\"ImageObject\",\"@id\":\"https:\/\/www.exploring-umbria.com\/de\/entdecke-gubbio\/sehenswuerdigkeiten-in-gubbio\/kirche-santa-maria-della-vittorina-kirche-der-siegerin\/#primaryimage\",\"inLanguage\":\"de\",\"url\":\"https:\/\/www.exploring-umbria.com\/wp-content\/uploads\/2020\/05\/Chiesa-della-Vittorina-Gubbio-1.jpeg\",\"contentUrl\":\"https:\/\/www.exploring-umbria.com\/wp-content\/uploads\/2020\/05\/Chiesa-della-Vittorina-Gubbio-1.jpeg\",\"width\":1600,\"height\":1200,\"caption\":\"Chiesa della Vittorina (Gubbio)\"},{\"@type\":\"WebPage\",\"@id\":\"https:\/\/www.exploring-umbria.com\/de\/entdecke-gubbio\/sehenswuerdigkeiten-in-gubbio\/kirche-santa-maria-della-vittorina-kirche-der-siegerin\/#webpage\",\"url\":\"https:\/\/www.exploring-umbria.com\/de\/entdecke-gubbio\/sehenswuerdigkeiten-in-gubbio\/kirche-santa-maria-della-vittorina-kirche-der-siegerin\/\",\"name\":\"Kirche Santa Maria della Vittorina (Kirche der Siegerin) - Exploring Umbria\",\"isPartOf\":{\"@id\":\"https:\/\/www.exploring-umbria.com\/de\/#website\"},\"primaryImageOfPage\":{\"@id\":\"https:\/\/www.exploring-umbria.com\/de\/entdecke-gubbio\/sehenswuerdigkeiten-in-gubbio\/kirche-santa-maria-della-vittorina-kirche-der-siegerin\/#primaryimage\"},\"datePublished\":\"2019-03-14T18:47:48+00:00\",\"dateModified\":\"2020-01-15T16:15:07+00:00\",\"description\":\"Au\u00dferhalb der Stadtmauern, umgeben von einem Anfang der 90er Jahre angelegten Naturpark, steht die Kirche Santa Maria della Vittorina. Das urspr\u00fcngliche\",\"breadcrumb\":{\"@id\":\"https:\/\/www.exploring-umbria.com\/de\/entdecke-gubbio\/sehenswuerdigkeiten-in-gubbio\/kirche-santa-maria-della-vittorina-kirche-der-siegerin\/#breadcrumb\"},\"inLanguage\":\"de\",\"potentialAction\":[{\"@type\":\"ReadAction\",\"target\":[\"https:\/\/www.exploring-umbria.com\/de\/entdecke-gubbio\/sehenswuerdigkeiten-in-gubbio\/kirche-santa-maria-della-vittorina-kirche-der-siegerin\/\"]}]},{\"@type\":\"BreadcrumbList\",\"@id\":\"https:\/\/www.exploring-umbria.com\/de\/entdecke-gubbio\/sehenswuerdigkeiten-in-gubbio\/kirche-santa-maria-della-vittorina-kirche-der-siegerin\/#breadcrumb\",\"itemListElement\":[{\"@type\":\"ListItem\",\"position\":1,\"name\":\"Home\",\"item\":\"https:\/\/www.exploring-umbria.com\/de\/\"},{\"@type\":\"ListItem\",\"position\":2,\"name\":\"Entdecke Gubbio\",\"item\":\"https:\/\/www.exploring-umbria.com\/de\/entdecke-gubbio\/\"},{\"@type\":\"ListItem\",\"position\":3,\"name\":\"Sehensw\u00fcrdigkeiten in Gubbio\",\"item\":\"https:\/\/www.exploring-umbria.com\/de\/entdecke-gubbio\/sehenswuerdigkeiten-in-gubbio\/\"},{\"@type\":\"ListItem\",\"position\":4,\"name\":\"Kirche Santa Maria della Vittorina (Kirche der Siegerin)\"}]}]}<\/script>\n<!-- \/ Yoast SEO plugin. -->","yoast_head_json":{"title":"Kirche Santa Maria della Vittorina (Kirche der Siegerin) - Exploring Umbria","description":"Au\u00dferhalb der Stadtmauern, umgeben von einem Anfang der 90er Jahre angelegten Naturpark, steht die Kirche Santa Maria della Vittorina. Das urspr\u00fcngliche","robots":{"index":"index","follow":"follow","max-snippet":"max-snippet:-1","max-image-preview":"max-image-preview:large","max-video-preview":"max-video-preview:-1"},"canonical":"https:\/\/www.exploring-umbria.com\/de\/entdecke-gubbio\/sehenswuerdigkeiten-in-gubbio\/kirche-santa-maria-della-vittorina-kirche-der-siegerin\/","og_locale":"de_DE","og_type":"article","og_title":"Kirche Santa Maria della Vittorina (Kirche der Siegerin) - Exploring Umbria","og_description":"Au\u00dferhalb der Stadtmauern, umgeben von einem Anfang der 90er Jahre angelegten Naturpark, steht die Kirche Santa Maria della Vittorina. Das urspr\u00fcngliche","og_url":"https:\/\/www.exploring-umbria.com\/de\/entdecke-gubbio\/sehenswuerdigkeiten-in-gubbio\/kirche-santa-maria-della-vittorina-kirche-der-siegerin\/","og_site_name":"Exploring Umbria","article_publisher":"https:\/\/www.facebook.com\/exploringumbria\/","article_modified_time":"2020-01-15T16:15:07+00:00","og_image":[{"width":1600,"height":1200,"url":"https:\/\/www.exploring-umbria.com\/wp-content\/uploads\/2020\/05\/Chiesa-della-Vittorina-Gubbio-1.jpeg","type":"image\/jpeg"}],"twitter_card":"summary_large_image","twitter_misc":{"Gesch\u00e4tzte Lesezeit":"3\u00a0Minuten"},"schema":{"@context":"https:\/\/schema.org","@graph":[{"@type":"Organization","@id":"https:\/\/www.exploring-umbria.com\/de\/#organization","name":"Exploring Umbria","url":"https:\/\/www.exploring-umbria.com\/de\/","sameAs":["https:\/\/www.facebook.com\/exploringumbria\/","https:\/\/www.instagram.com\/exploringumbria\/"],"logo":{"@type":"ImageObject","@id":"https:\/\/www.exploring-umbria.com\/de\/#logo","inLanguage":"de","url":"https:\/\/www.exploring-umbria.com\/wp-content\/uploads\/2019\/08\/solo-logo-verde.jpg","contentUrl":"https:\/\/www.exploring-umbria.com\/wp-content\/uploads\/2019\/08\/solo-logo-verde.jpg","width":952,"height":532,"caption":"Exploring Umbria"},"image":{"@id":"https:\/\/www.exploring-umbria.com\/de\/#logo"}},{"@type":"WebSite","@id":"https:\/\/www.exploring-umbria.com\/de\/#website","url":"https:\/\/www.exploring-umbria.com\/de\/","name":"Exploring Umbria","description":"your dates, your mood, your trip","publisher":{"@id":"https:\/\/www.exploring-umbria.com\/de\/#organization"},"potentialAction":[{"@type":"SearchAction","target":{"@type":"EntryPoint","urlTemplate":"https:\/\/www.exploring-umbria.com\/de\/?s={search_term_string}"},"query-input":"required name=search_term_string"}],"inLanguage":"de"},{"@type":"ImageObject","@id":"https:\/\/www.exploring-umbria.com\/de\/entdecke-gubbio\/sehenswuerdigkeiten-in-gubbio\/kirche-santa-maria-della-vittorina-kirche-der-siegerin\/#primaryimage","inLanguage":"de","url":"https:\/\/www.exploring-umbria.com\/wp-content\/uploads\/2020\/05\/Chiesa-della-Vittorina-Gubbio-1.jpeg","contentUrl":"https:\/\/www.exploring-umbria.com\/wp-content\/uploads\/2020\/05\/Chiesa-della-Vittorina-Gubbio-1.jpeg","width":1600,"height":1200,"caption":"Chiesa della Vittorina (Gubbio)"},{"@type":"WebPage","@id":"https:\/\/www.exploring-umbria.com\/de\/entdecke-gubbio\/sehenswuerdigkeiten-in-gubbio\/kirche-santa-maria-della-vittorina-kirche-der-siegerin\/#webpage","url":"https:\/\/www.exploring-umbria.com\/de\/entdecke-gubbio\/sehenswuerdigkeiten-in-gubbio\/kirche-santa-maria-della-vittorina-kirche-der-siegerin\/","name":"Kirche Santa Maria della Vittorina (Kirche der Siegerin) - Exploring Umbria","isPartOf":{"@id":"https:\/\/www.exploring-umbria.com\/de\/#website"},"primaryImageOfPage":{"@id":"https:\/\/www.exploring-umbria.com\/de\/entdecke-gubbio\/sehenswuerdigkeiten-in-gubbio\/kirche-santa-maria-della-vittorina-kirche-der-siegerin\/#primaryimage"},"datePublished":"2019-03-14T18:47:48+00:00","dateModified":"2020-01-15T16:15:07+00:00","description":"Au\u00dferhalb der Stadtmauern, umgeben von einem Anfang der 90er Jahre angelegten Naturpark, steht die Kirche Santa Maria della Vittorina. Das urspr\u00fcngliche","breadcrumb":{"@id":"https:\/\/www.exploring-umbria.com\/de\/entdecke-gubbio\/sehenswuerdigkeiten-in-gubbio\/kirche-santa-maria-della-vittorina-kirche-der-siegerin\/#breadcrumb"},"inLanguage":"de","potentialAction":[{"@type":"ReadAction","target":["https:\/\/www.exploring-umbria.com\/de\/entdecke-gubbio\/sehenswuerdigkeiten-in-gubbio\/kirche-santa-maria-della-vittorina-kirche-der-siegerin\/"]}]},{"@type":"BreadcrumbList","@id":"https:\/\/www.exploring-umbria.com\/de\/entdecke-gubbio\/sehenswuerdigkeiten-in-gubbio\/kirche-santa-maria-della-vittorina-kirche-der-siegerin\/#breadcrumb","itemListElement":[{"@type":"ListItem","position":1,"name":"Home","item":"https:\/\/www.exploring-umbria.com\/de\/"},{"@type":"ListItem","position":2,"name":"Entdecke Gubbio","item":"https:\/\/www.exploring-umbria.com\/de\/entdecke-gubbio\/"},{"@type":"ListItem","position":3,"name":"Sehensw\u00fcrdigkeiten in Gubbio","item":"https:\/\/www.exploring-umbria.com\/de\/entdecke-gubbio\/sehenswuerdigkeiten-in-gubbio\/"},{"@type":"ListItem","position":4,"name":"Kirche Santa Maria della Vittorina (Kirche der Siegerin)"}]}]}},"_links":{"self":[{"href":"https:\/\/www.exploring-umbria.com\/de\/wp-json\/wp\/v2\/pages\/2797"}],"collection":[{"href":"https:\/\/www.exploring-umbria.com\/de\/wp-json\/wp\/v2\/pages"}],"about":[{"href":"https:\/\/www.exploring-umbria.com\/de\/wp-json\/wp\/v2\/types\/page"}],"author":[{"embeddable":true,"href":"https:\/\/www.exploring-umbria.com\/de\/wp-json\/wp\/v2\/users\/4"}],"replies":[{"embeddable":true,"href":"https:\/\/www.exploring-umbria.com\/de\/wp-json\/wp\/v2\/comments?post=2797"}],"version-history":[{"count":3,"href":"https:\/\/www.exploring-umbria.com\/de\/wp-json\/wp\/v2\/pages\/2797\/revisions"}],"predecessor-version":[{"id":29342,"href":"https:\/\/www.exploring-umbria.com\/de\/wp-json\/wp\/v2\/pages\/2797\/revisions\/29342"}],"up":[{"embeddable":true,"href":"https:\/\/www.exploring-umbria.com\/de\/wp-json\/wp\/v2\/pages\/2800"}],"wp:featuredmedia":[{"embeddable":true,"href":"https:\/\/www.exploring-umbria.com\/de\/wp-json\/wp\/v2\/media\/35416"}],"wp:attachment":[{"href":"https:\/\/www.exploring-umbria.com\/de\/wp-json\/wp\/v2\/media?parent=2797"}],"curies":[{"name":"wp","href":"https:\/\/api.w.org\/{rel}","templated":true}]}}