{"id":2792,"date":"2019-03-14T19:49:08","date_gmt":"2019-03-14T18:49:08","guid":{"rendered":"https:\/\/www.exploring-umbria.com\/palazzo-dei-consoli-e-museo-civico\/"},"modified":"2020-01-15T18:39:30","modified_gmt":"2020-01-15T17:39:30","slug":"palazzo-dei-consoli-e-museo-civico-palast-der-konsuln-und-stadtmuseum","status":"publish","type":"page","link":"https:\/\/www.exploring-umbria.com\/de\/entdecke-gubbio\/sehenswuerdigkeiten-in-gubbio\/palazzo-dei-consoli-e-museo-civico-palast-der-konsuln-und-stadtmuseum\/","title":{"rendered":"Palazzo dei Consoli e museo Civico (Palast der Konsuln und Stadtmuseum)"},"content":{"rendered":"<p>Der <strong>Palazzo dei Consoli<\/strong> liegt oberhalb der Piazza Grande, zu der er ausgerichtet ist, und ist eines der erfolgreichsten Stadtprojekte des Mittelalters und das Symbol der Stadt <a href=\"https:\/\/www.exploring-umbria.com\/de\/aktivitaten\/guided-tour-of-gubbio\/\" target=\"_blank\" rel=\"noopener noreferrer\">Gubbio<\/a>.<\/p>\n<p>Der Bau des Geb\u00e4udes wurde offiziell zwischen 1321-22 beschlossen, aber die Arbeiten wurden erst zwischen 1332 und 1349 nach einem Projekt von <em>Andrea<\/em> <em>di<\/em> <em>Orvieto<\/em> (an das auch eine Inschrift auf dem Eingangsportal erinnert) und dank der Intervention von <em>Matteo<\/em> <em>di<\/em> <em>Giovannello<\/em>, genannt <em>Gattapone<\/em>, durchgef\u00fchrt. Der Palazzo dei Consoli war zusammen mit der Piazza Grande und dem nahegelegenen Palazzo del Podest\u00e0 Teil eines ehrgeizigen Stadtprojekts, das die Macht und Autonomie der Freien Stadt Gubbio in den Jahren ihrer gro\u00dfen Expansion bezeugen sollte. Darauf ist auch die Wahl des Bauortes (der Palazzo steht genau im Stadtzentrum in Kontakt mit allen Stadtteilen, um seine Stellung als Verwaltungszentrale f\u00fcr die gesamte Gemeinde darzustellen) und die Gr\u00f6\u00dfe des Geb\u00e4udes. Im Inneren des Geb\u00e4udes befanden sich Toiletten und Brunnen, die von einem au\u00dfergew\u00f6hnlichen internen Hydrauliksystem gespeist wurden, was ein Beweis f\u00fcr die hervorragende Leistung der lokalen Arbeiter ist.<\/p>\n<p>Nach au\u00dfen hin weist der Palast eine elegante, aber n\u00fcchterne Fassade auf, die durch horizontale Pilaster in drei Ebenen unterteilt ist: In der ersten befindet sich das monumentale Eingangsportal, das durch eine f\u00e4cherf\u00f6rmige Treppe mit zweibogigen Fenstern zug\u00e4nglich ist; auf der zweiten Ebene sind die sechs eleganten Fenster, die mit gew\u00f6lbten Rundb\u00f6gen verziert sind, untergebracht; und die dritte Ebene beherbergt die zinnenbewehrte Krone und die Panoramaterrasse. Im oberen Bereich an der linken Seite steht der Glockenturm, w\u00e4hrend der untere Teil auf einer Loggia steht, die zur Via Baldassini hinabreichte. Der ber\u00fchmte &#8222;Campanone&#8220; von Gubbio stammt aus dem 18. Jahrhundert und wiegt etwa 20 Tonnen.<\/p>\n<p>Im Inneren des Geb\u00e4udes, im Erdgeschoss, befindet sich die riesige Sala dell&#8217;Arengo, in der einst der Generalrat des Volkes untergebracht war und die heute der Sitz des <strong>Stadtmuseums<\/strong> ist. Eine reiche Sammlung an Inschriften, Skulpturen und Dekorationen, die von der Geschichte von Gubbio und dem Gebiet zwischen dem ersten Jahrhundert v. Chr. und dem dritten Jahrhundert n. Chr. zeugen. Unter allen Funden stechen die <a href=\"https:\/\/de.wikipedia.org\/wiki\/Iguvinische_Tafeln\" target=\"_blank\" rel=\"noopener noreferrer\">Tavole Eugubine<\/a> hervor: sieben Bronzeplatten, die im f\u00fcnfzehnten Jahrhundert entdeckt wurden, auf denen Inschriften in lateinischer und in der alten umbrischen Sprache vorhanden sind, die sich auf religi\u00f6se Rituale und das t\u00e4gliche Leben der Zeit beziehen.<\/p>\n<p>Der 1909 eingeweihte Museumskomplex umfasst neben der Steinsammlung noch die <strong>Gem\u00e4ldegalerie<\/strong> im Obergeschoss, ein Raum, der fr\u00fcher der Arbeit der mittelalterlichen Konsuln gewidmet war.<\/p>\n<p>Jedes Jahr werden vom ersten Sonntag im Mai bis zum 15. Mai die ber\u00fchmten Ceri di Gubbio von der Basilika Sant&#8217;Ubaldo zur Sala dell&#8217;Arengo gebracht, wo sie bis zum Tag, an dem der folkloristische Wettlauf stattfindet, aufbewahrt werden.<\/p>\n","protected":false},"excerpt":{"rendered":"<p>Der Palazzo dei Consoli liegt oberhalb der Piazza Grande, zu der er ausgerichtet ist, und ist eines der erfolgreichsten Stadtprojekte des Mittelalters und das Symbol der Stadt Gubbio. Der Bau des Geb\u00e4udes wurde offiziell zwischen 1321-22 beschlossen, aber die Arbeiten wurden erst zwischen 1332 und 1349 nach einem Projekt von Andrea di Orvieto (an das [&hellip;]<\/p>\n","protected":false},"author":4,"featured_media":35632,"parent":2800,"menu_order":0,"comment_status":"closed","ping_status":"closed","template":"","meta":{"om_disable_all_campaigns":false,"_monsterinsights_skip_tracking":false,"_monsterinsights_sitenote_active":false,"_monsterinsights_sitenote_note":"","_monsterinsights_sitenote_category":0},"acf":[],"yoast_head":"<!-- This site is optimized with the Yoast SEO plugin v18.4.1 - https:\/\/yoast.com\/wordpress\/plugins\/seo\/ -->\n<title>Palazzo dei Consoli e museo Civico (Palast der Konsuln und Stadtmuseum) - Exploring Umbria<\/title>\n<meta name=\"description\" content=\"Der Palazzo dei Consoli liegt oberhalb der Piazza Grande, zu der er ausgerichtet ist, und ist eines der erfolgreichsten Stadtprojekte des Mittelalters und\" \/>\n<meta name=\"robots\" content=\"index, follow, max-snippet:-1, max-image-preview:large, max-video-preview:-1\" \/>\n<link rel=\"canonical\" href=\"https:\/\/www.exploring-umbria.com\/de\/entdecke-gubbio\/sehenswuerdigkeiten-in-gubbio\/palazzo-dei-consoli-e-museo-civico-palast-der-konsuln-und-stadtmuseum\/\" \/>\n<meta property=\"og:locale\" content=\"de_DE\" \/>\n<meta property=\"og:type\" content=\"article\" \/>\n<meta property=\"og:title\" content=\"Palazzo dei Consoli e museo Civico (Palast der Konsuln und Stadtmuseum) - Exploring Umbria\" \/>\n<meta property=\"og:description\" content=\"Der Palazzo dei Consoli liegt oberhalb der Piazza Grande, zu der er ausgerichtet ist, und ist eines der erfolgreichsten Stadtprojekte des Mittelalters und\" \/>\n<meta property=\"og:url\" content=\"https:\/\/www.exploring-umbria.com\/de\/entdecke-gubbio\/sehenswuerdigkeiten-in-gubbio\/palazzo-dei-consoli-e-museo-civico-palast-der-konsuln-und-stadtmuseum\/\" \/>\n<meta property=\"og:site_name\" content=\"Exploring Umbria\" \/>\n<meta property=\"article:publisher\" content=\"https:\/\/www.facebook.com\/exploringumbria\/\" \/>\n<meta property=\"article:modified_time\" content=\"2020-01-15T17:39:30+00:00\" \/>\n<meta property=\"og:image\" content=\"https:\/\/www.exploring-umbria.com\/wp-content\/uploads\/2020\/05\/Palazzo-dei-Consoli-Gubbio-1.jpeg\" \/>\n\t<meta property=\"og:image:width\" content=\"1600\" \/>\n\t<meta property=\"og:image:height\" content=\"1200\" \/>\n\t<meta property=\"og:image:type\" content=\"image\/jpeg\" \/>\n<meta name=\"twitter:card\" content=\"summary_large_image\" \/>\n<meta name=\"twitter:label1\" content=\"Gesch\u00e4tzte Lesezeit\" \/>\n\t<meta name=\"twitter:data1\" content=\"2\u00a0Minuten\" \/>\n<script type=\"application\/ld+json\" class=\"yoast-schema-graph\">{\"@context\":\"https:\/\/schema.org\",\"@graph\":[{\"@type\":\"Organization\",\"@id\":\"https:\/\/www.exploring-umbria.com\/de\/#organization\",\"name\":\"Exploring Umbria\",\"url\":\"https:\/\/www.exploring-umbria.com\/de\/\",\"sameAs\":[\"https:\/\/www.facebook.com\/exploringumbria\/\",\"https:\/\/www.instagram.com\/exploringumbria\/\"],\"logo\":{\"@type\":\"ImageObject\",\"@id\":\"https:\/\/www.exploring-umbria.com\/de\/#logo\",\"inLanguage\":\"de\",\"url\":\"https:\/\/www.exploring-umbria.com\/wp-content\/uploads\/2019\/08\/solo-logo-verde.jpg\",\"contentUrl\":\"https:\/\/www.exploring-umbria.com\/wp-content\/uploads\/2019\/08\/solo-logo-verde.jpg\",\"width\":952,\"height\":532,\"caption\":\"Exploring Umbria\"},\"image\":{\"@id\":\"https:\/\/www.exploring-umbria.com\/de\/#logo\"}},{\"@type\":\"WebSite\",\"@id\":\"https:\/\/www.exploring-umbria.com\/de\/#website\",\"url\":\"https:\/\/www.exploring-umbria.com\/de\/\",\"name\":\"Exploring Umbria\",\"description\":\"your dates, your mood, your trip\",\"publisher\":{\"@id\":\"https:\/\/www.exploring-umbria.com\/de\/#organization\"},\"potentialAction\":[{\"@type\":\"SearchAction\",\"target\":{\"@type\":\"EntryPoint\",\"urlTemplate\":\"https:\/\/www.exploring-umbria.com\/de\/?s={search_term_string}\"},\"query-input\":\"required name=search_term_string\"}],\"inLanguage\":\"de\"},{\"@type\":\"ImageObject\",\"@id\":\"https:\/\/www.exploring-umbria.com\/de\/entdecke-gubbio\/sehenswuerdigkeiten-in-gubbio\/palazzo-dei-consoli-e-museo-civico-palast-der-konsuln-und-stadtmuseum\/#primaryimage\",\"inLanguage\":\"de\",\"url\":\"https:\/\/www.exploring-umbria.com\/wp-content\/uploads\/2020\/05\/Palazzo-dei-Consoli-Gubbio-1.jpeg\",\"contentUrl\":\"https:\/\/www.exploring-umbria.com\/wp-content\/uploads\/2020\/05\/Palazzo-dei-Consoli-Gubbio-1.jpeg\",\"width\":1600,\"height\":1200,\"caption\":\"Il palazzo dei Consoli a Gubbio\"},{\"@type\":\"WebPage\",\"@id\":\"https:\/\/www.exploring-umbria.com\/de\/entdecke-gubbio\/sehenswuerdigkeiten-in-gubbio\/palazzo-dei-consoli-e-museo-civico-palast-der-konsuln-und-stadtmuseum\/#webpage\",\"url\":\"https:\/\/www.exploring-umbria.com\/de\/entdecke-gubbio\/sehenswuerdigkeiten-in-gubbio\/palazzo-dei-consoli-e-museo-civico-palast-der-konsuln-und-stadtmuseum\/\",\"name\":\"Palazzo dei Consoli e museo Civico (Palast der Konsuln und Stadtmuseum) - Exploring Umbria\",\"isPartOf\":{\"@id\":\"https:\/\/www.exploring-umbria.com\/de\/#website\"},\"primaryImageOfPage\":{\"@id\":\"https:\/\/www.exploring-umbria.com\/de\/entdecke-gubbio\/sehenswuerdigkeiten-in-gubbio\/palazzo-dei-consoli-e-museo-civico-palast-der-konsuln-und-stadtmuseum\/#primaryimage\"},\"datePublished\":\"2019-03-14T18:49:08+00:00\",\"dateModified\":\"2020-01-15T17:39:30+00:00\",\"description\":\"Der Palazzo dei Consoli liegt oberhalb der Piazza Grande, zu der er ausgerichtet ist, und ist eines der erfolgreichsten Stadtprojekte des Mittelalters und\",\"breadcrumb\":{\"@id\":\"https:\/\/www.exploring-umbria.com\/de\/entdecke-gubbio\/sehenswuerdigkeiten-in-gubbio\/palazzo-dei-consoli-e-museo-civico-palast-der-konsuln-und-stadtmuseum\/#breadcrumb\"},\"inLanguage\":\"de\",\"potentialAction\":[{\"@type\":\"ReadAction\",\"target\":[\"https:\/\/www.exploring-umbria.com\/de\/entdecke-gubbio\/sehenswuerdigkeiten-in-gubbio\/palazzo-dei-consoli-e-museo-civico-palast-der-konsuln-und-stadtmuseum\/\"]}]},{\"@type\":\"BreadcrumbList\",\"@id\":\"https:\/\/www.exploring-umbria.com\/de\/entdecke-gubbio\/sehenswuerdigkeiten-in-gubbio\/palazzo-dei-consoli-e-museo-civico-palast-der-konsuln-und-stadtmuseum\/#breadcrumb\",\"itemListElement\":[{\"@type\":\"ListItem\",\"position\":1,\"name\":\"Home\",\"item\":\"https:\/\/www.exploring-umbria.com\/de\/\"},{\"@type\":\"ListItem\",\"position\":2,\"name\":\"Entdecke Gubbio\",\"item\":\"https:\/\/www.exploring-umbria.com\/de\/entdecke-gubbio\/\"},{\"@type\":\"ListItem\",\"position\":3,\"name\":\"Sehensw\u00fcrdigkeiten in Gubbio\",\"item\":\"https:\/\/www.exploring-umbria.com\/de\/entdecke-gubbio\/sehenswuerdigkeiten-in-gubbio\/\"},{\"@type\":\"ListItem\",\"position\":4,\"name\":\"Palazzo dei Consoli e museo Civico (Palast der Konsuln und Stadtmuseum)\"}]}]}<\/script>\n<!-- \/ Yoast SEO plugin. -->","yoast_head_json":{"title":"Palazzo dei Consoli e museo Civico (Palast der Konsuln und Stadtmuseum) - Exploring Umbria","description":"Der Palazzo dei Consoli liegt oberhalb der Piazza Grande, zu der er ausgerichtet ist, und ist eines der erfolgreichsten Stadtprojekte des Mittelalters und","robots":{"index":"index","follow":"follow","max-snippet":"max-snippet:-1","max-image-preview":"max-image-preview:large","max-video-preview":"max-video-preview:-1"},"canonical":"https:\/\/www.exploring-umbria.com\/de\/entdecke-gubbio\/sehenswuerdigkeiten-in-gubbio\/palazzo-dei-consoli-e-museo-civico-palast-der-konsuln-und-stadtmuseum\/","og_locale":"de_DE","og_type":"article","og_title":"Palazzo dei Consoli e museo Civico (Palast der Konsuln und Stadtmuseum) - Exploring Umbria","og_description":"Der Palazzo dei Consoli liegt oberhalb der Piazza Grande, zu der er ausgerichtet ist, und ist eines der erfolgreichsten Stadtprojekte des Mittelalters und","og_url":"https:\/\/www.exploring-umbria.com\/de\/entdecke-gubbio\/sehenswuerdigkeiten-in-gubbio\/palazzo-dei-consoli-e-museo-civico-palast-der-konsuln-und-stadtmuseum\/","og_site_name":"Exploring Umbria","article_publisher":"https:\/\/www.facebook.com\/exploringumbria\/","article_modified_time":"2020-01-15T17:39:30+00:00","og_image":[{"width":1600,"height":1200,"url":"https:\/\/www.exploring-umbria.com\/wp-content\/uploads\/2020\/05\/Palazzo-dei-Consoli-Gubbio-1.jpeg","type":"image\/jpeg"}],"twitter_card":"summary_large_image","twitter_misc":{"Gesch\u00e4tzte Lesezeit":"2\u00a0Minuten"},"schema":{"@context":"https:\/\/schema.org","@graph":[{"@type":"Organization","@id":"https:\/\/www.exploring-umbria.com\/de\/#organization","name":"Exploring Umbria","url":"https:\/\/www.exploring-umbria.com\/de\/","sameAs":["https:\/\/www.facebook.com\/exploringumbria\/","https:\/\/www.instagram.com\/exploringumbria\/"],"logo":{"@type":"ImageObject","@id":"https:\/\/www.exploring-umbria.com\/de\/#logo","inLanguage":"de","url":"https:\/\/www.exploring-umbria.com\/wp-content\/uploads\/2019\/08\/solo-logo-verde.jpg","contentUrl":"https:\/\/www.exploring-umbria.com\/wp-content\/uploads\/2019\/08\/solo-logo-verde.jpg","width":952,"height":532,"caption":"Exploring Umbria"},"image":{"@id":"https:\/\/www.exploring-umbria.com\/de\/#logo"}},{"@type":"WebSite","@id":"https:\/\/www.exploring-umbria.com\/de\/#website","url":"https:\/\/www.exploring-umbria.com\/de\/","name":"Exploring Umbria","description":"your dates, your mood, your trip","publisher":{"@id":"https:\/\/www.exploring-umbria.com\/de\/#organization"},"potentialAction":[{"@type":"SearchAction","target":{"@type":"EntryPoint","urlTemplate":"https:\/\/www.exploring-umbria.com\/de\/?s={search_term_string}"},"query-input":"required name=search_term_string"}],"inLanguage":"de"},{"@type":"ImageObject","@id":"https:\/\/www.exploring-umbria.com\/de\/entdecke-gubbio\/sehenswuerdigkeiten-in-gubbio\/palazzo-dei-consoli-e-museo-civico-palast-der-konsuln-und-stadtmuseum\/#primaryimage","inLanguage":"de","url":"https:\/\/www.exploring-umbria.com\/wp-content\/uploads\/2020\/05\/Palazzo-dei-Consoli-Gubbio-1.jpeg","contentUrl":"https:\/\/www.exploring-umbria.com\/wp-content\/uploads\/2020\/05\/Palazzo-dei-Consoli-Gubbio-1.jpeg","width":1600,"height":1200,"caption":"Il palazzo dei Consoli a Gubbio"},{"@type":"WebPage","@id":"https:\/\/www.exploring-umbria.com\/de\/entdecke-gubbio\/sehenswuerdigkeiten-in-gubbio\/palazzo-dei-consoli-e-museo-civico-palast-der-konsuln-und-stadtmuseum\/#webpage","url":"https:\/\/www.exploring-umbria.com\/de\/entdecke-gubbio\/sehenswuerdigkeiten-in-gubbio\/palazzo-dei-consoli-e-museo-civico-palast-der-konsuln-und-stadtmuseum\/","name":"Palazzo dei Consoli e museo Civico (Palast der Konsuln und Stadtmuseum) - Exploring Umbria","isPartOf":{"@id":"https:\/\/www.exploring-umbria.com\/de\/#website"},"primaryImageOfPage":{"@id":"https:\/\/www.exploring-umbria.com\/de\/entdecke-gubbio\/sehenswuerdigkeiten-in-gubbio\/palazzo-dei-consoli-e-museo-civico-palast-der-konsuln-und-stadtmuseum\/#primaryimage"},"datePublished":"2019-03-14T18:49:08+00:00","dateModified":"2020-01-15T17:39:30+00:00","description":"Der Palazzo dei Consoli liegt oberhalb der Piazza Grande, zu der er ausgerichtet ist, und ist eines der erfolgreichsten Stadtprojekte des Mittelalters und","breadcrumb":{"@id":"https:\/\/www.exploring-umbria.com\/de\/entdecke-gubbio\/sehenswuerdigkeiten-in-gubbio\/palazzo-dei-consoli-e-museo-civico-palast-der-konsuln-und-stadtmuseum\/#breadcrumb"},"inLanguage":"de","potentialAction":[{"@type":"ReadAction","target":["https:\/\/www.exploring-umbria.com\/de\/entdecke-gubbio\/sehenswuerdigkeiten-in-gubbio\/palazzo-dei-consoli-e-museo-civico-palast-der-konsuln-und-stadtmuseum\/"]}]},{"@type":"BreadcrumbList","@id":"https:\/\/www.exploring-umbria.com\/de\/entdecke-gubbio\/sehenswuerdigkeiten-in-gubbio\/palazzo-dei-consoli-e-museo-civico-palast-der-konsuln-und-stadtmuseum\/#breadcrumb","itemListElement":[{"@type":"ListItem","position":1,"name":"Home","item":"https:\/\/www.exploring-umbria.com\/de\/"},{"@type":"ListItem","position":2,"name":"Entdecke Gubbio","item":"https:\/\/www.exploring-umbria.com\/de\/entdecke-gubbio\/"},{"@type":"ListItem","position":3,"name":"Sehensw\u00fcrdigkeiten in Gubbio","item":"https:\/\/www.exploring-umbria.com\/de\/entdecke-gubbio\/sehenswuerdigkeiten-in-gubbio\/"},{"@type":"ListItem","position":4,"name":"Palazzo dei Consoli e museo Civico (Palast der Konsuln und Stadtmuseum)"}]}]}},"_links":{"self":[{"href":"https:\/\/www.exploring-umbria.com\/de\/wp-json\/wp\/v2\/pages\/2792"}],"collection":[{"href":"https:\/\/www.exploring-umbria.com\/de\/wp-json\/wp\/v2\/pages"}],"about":[{"href":"https:\/\/www.exploring-umbria.com\/de\/wp-json\/wp\/v2\/types\/page"}],"author":[{"embeddable":true,"href":"https:\/\/www.exploring-umbria.com\/de\/wp-json\/wp\/v2\/users\/4"}],"replies":[{"embeddable":true,"href":"https:\/\/www.exploring-umbria.com\/de\/wp-json\/wp\/v2\/comments?post=2792"}],"version-history":[{"count":5,"href":"https:\/\/www.exploring-umbria.com\/de\/wp-json\/wp\/v2\/pages\/2792\/revisions"}],"predecessor-version":[{"id":29359,"href":"https:\/\/www.exploring-umbria.com\/de\/wp-json\/wp\/v2\/pages\/2792\/revisions\/29359"}],"up":[{"embeddable":true,"href":"https:\/\/www.exploring-umbria.com\/de\/wp-json\/wp\/v2\/pages\/2800"}],"wp:featuredmedia":[{"embeddable":true,"href":"https:\/\/www.exploring-umbria.com\/de\/wp-json\/wp\/v2\/media\/35632"}],"wp:attachment":[{"href":"https:\/\/www.exploring-umbria.com\/de\/wp-json\/wp\/v2\/media?parent=2792"}],"curies":[{"name":"wp","href":"https:\/\/api.w.org\/{rel}","templated":true}]}}