{"id":2788,"date":"2019-03-14T19:51:11","date_gmt":"2019-03-14T18:51:11","guid":{"rendered":"https:\/\/www.exploring-umbria.com\/chiesa-di-san-francesco\/"},"modified":"2020-01-17T11:07:29","modified_gmt":"2020-01-17T10:07:29","slug":"kirche-san-francesco-gubbio","status":"publish","type":"page","link":"https:\/\/www.exploring-umbria.com\/de\/entdecke-gubbio\/sehenswuerdigkeiten-in-gubbio\/kirche-san-francesco-gubbio\/","title":{"rendered":"Kirche San Francesco Gubbio"},"content":{"rendered":"<p>Im unteren Bereich der Stadt von Gubbio, an der S\u00fcdseite der Piazza Quaranta Martiri, befindet sich die gro\u00dfe <strong>Kirche San Francesco<\/strong>. Das Geb\u00e4ude wurde 1255 errichtet, aber die Arbeiten zum Schm\u00fccken dauerten \u00fcber mehrere Jahrzehnte an und wurden 1291 fertiggetsellt.<\/p>\n<p>Die Kirche ist Teil eines gro\u00dfen Komplexes, der auf den Grundst\u00fccken der Familie <em>Spadalonga<\/em> errichtet wurde, da ein Mitglied dieser Familie, <em>Giacomello<\/em>, behauptete, <a href=\"https:\/\/de.wikipedia.org\/wiki\/Franz_von_Assisi\" target=\"_blank\" rel=\"noopener noreferrer\">Franziskus<\/a> w\u00e4hrend der ersten Gefangenschaft in Peruga kennengelernt zu haben und ein guter Freund von ihm zu sein. Der Legende nach fand der Heilige aus <a href=\"https:\/\/www.exploring-umbria.com\/de\/aktivitaten\/guided-tour-of-assisi\/\" target=\"_blank\" rel=\"noopener noreferrer\">Assisi<\/a> am Beginn des 13. Jahrhundert ausgerechnet in diesem Haus Zufluft und Schutz, nachdem er das v\u00e4terliche Haus verlassen hatte, und ausgerechnet in diesem Haus trug er der Legende nach auch die Kutte zum ersten Mal.<\/p>\n<p>Noch heute sind in der Sakristei einige Spuren der Fundamente des alten Herrschaftssitzes zu sehen.<\/p>\n<p>Die Kirche wirkt heute riesengro\u00df mit einem spitz zulaufenden Grundriss und einer unvollendeten Fassade, in der sich ein gro\u00dfes gotisches Eingangstor befindet, das von einer dekorativen Rosette \u00fcberragt wird. Am Ende des Schiffs befinden sich drei polygonale Apsiden, die von eingliedrigen Fenstern beleuchtet werden.<\/p>\n<p>Auch das Innere des Geb\u00e4udes ist \u00fcberraschend elegant. Der Raum ist in drei Schiffe unterteilt, die durch 14 achteckige S\u00e4ulen voneinander getrennt sind. Sie st\u00fctzen die kreuzf\u00f6rmige Decke, die das Ergebnis von Restaurierungsarbeiten im 18. Jahrhundert ist.<\/p>\n<p>Betreffend die Wanddekoration sind mit Sicherheit die Fresken der drei Apsiden mit Szenen aus dem Leben von Maria, gemalt von <em>Ottaviano Nelli<\/em> im 15. Jahrhundert, und weitere Fresken von gro\u00dfem k\u00fcnstlerischen Wert zu erw\u00e4hnen, die auf das 13. oder 14. Jahrhundert zur\u00fcckgehen und einem anonymen Maler aus der Region zugeordnet werden: Jesus auf dem Thron und an seiner Seite hl. Petrus, hl. Paulus, hl. Franziskus und hl. Antonius sowie einige Episoden aus dem Leben des hl. Franziskus. Neben dem religi\u00f6sen Geb\u00e4ude beherbergt das Gebiet ein Klostergeb\u00e4ude, das ebenfalls besucht werden sollte. Gl\u00e4ubigen und Besichern wird sogar die M\u00f6glichkeit geboten, den wundersch\u00f6nen \u201cChiostro della Pace\u201d (\u201cKreuzgang des Friedens\u201d) sowie die \u201cSala Capitolare\u201d, in der die Ordensbr\u00fcder \u00fcber die Normen des gemeinschaftlichen Lebens entschieden, das \u201cRefettorio\u201d (\u201cRefektorium\u201d), das heute ein Kongresssaal ist, und den \u201cChiostro Maggiore\u201d (\u201cGro\u00dfer Kreuzgang\u201d) zu bestaunen, wobei zu erw\u00e4hnen ist, dass letzterer derzeit nur im Rahmen von Veranstaltungen oder Kunstausstellungen besichtigt werden kann.<\/p>\n","protected":false},"excerpt":{"rendered":"<p>Im unteren Bereich der Stadt von Gubbio, an der S\u00fcdseite der Piazza Quaranta Martiri, befindet sich die gro\u00dfe Kirche San Francesco. Das Geb\u00e4ude wurde 1255 errichtet, aber die Arbeiten zum Schm\u00fccken dauerten \u00fcber mehrere Jahrzehnte an und wurden 1291 fertiggetsellt. Die Kirche ist Teil eines gro\u00dfen Komplexes, der auf den Grundst\u00fccken der Familie Spadalonga errichtet [&hellip;]<\/p>\n","protected":false},"author":4,"featured_media":35560,"parent":2800,"menu_order":0,"comment_status":"closed","ping_status":"closed","template":"","meta":{"om_disable_all_campaigns":false,"_monsterinsights_skip_tracking":false,"_monsterinsights_sitenote_active":false,"_monsterinsights_sitenote_note":"","_monsterinsights_sitenote_category":0},"acf":[],"yoast_head":"<!-- This site is optimized with the Yoast SEO plugin v18.4.1 - https:\/\/yoast.com\/wordpress\/plugins\/seo\/ -->\n<title>Kirche San Francesco Gubbio - Exploring Umbria<\/title>\n<meta name=\"description\" content=\"Im unteren Bereich der Stadt von Gubbio, an der S\u00fcdseite der Piazza Quaranta Martiri, befindet sich die gro\u00dfe Kirche San Francesco. Das Geb\u00e4ude wurde 1255\" \/>\n<meta name=\"robots\" content=\"index, follow, max-snippet:-1, max-image-preview:large, max-video-preview:-1\" \/>\n<link rel=\"canonical\" href=\"https:\/\/www.exploring-umbria.com\/de\/entdecke-gubbio\/sehenswuerdigkeiten-in-gubbio\/kirche-san-francesco-gubbio\/\" \/>\n<meta property=\"og:locale\" content=\"de_DE\" \/>\n<meta property=\"og:type\" content=\"article\" \/>\n<meta property=\"og:title\" content=\"Kirche San Francesco Gubbio - Exploring Umbria\" \/>\n<meta property=\"og:description\" content=\"Im unteren Bereich der Stadt von Gubbio, an der S\u00fcdseite der Piazza Quaranta Martiri, befindet sich die gro\u00dfe Kirche San Francesco. Das Geb\u00e4ude wurde 1255\" \/>\n<meta property=\"og:url\" content=\"https:\/\/www.exploring-umbria.com\/de\/entdecke-gubbio\/sehenswuerdigkeiten-in-gubbio\/kirche-san-francesco-gubbio\/\" \/>\n<meta property=\"og:site_name\" content=\"Exploring Umbria\" \/>\n<meta property=\"article:publisher\" content=\"https:\/\/www.facebook.com\/exploringumbria\/\" \/>\n<meta property=\"article:modified_time\" content=\"2020-01-17T10:07:29+00:00\" \/>\n<meta property=\"og:image\" content=\"https:\/\/www.exploring-umbria.com\/wp-content\/uploads\/2020\/05\/Chiesa-di-S.-Francesco-Gubbio-6.jpeg\" \/>\n\t<meta property=\"og:image:width\" content=\"1600\" \/>\n\t<meta property=\"og:image:height\" content=\"1200\" \/>\n\t<meta property=\"og:image:type\" content=\"image\/jpeg\" \/>\n<meta name=\"twitter:card\" content=\"summary_large_image\" \/>\n<meta name=\"twitter:label1\" content=\"Gesch\u00e4tzte Lesezeit\" \/>\n\t<meta name=\"twitter:data1\" content=\"2\u00a0Minuten\" \/>\n<script type=\"application\/ld+json\" class=\"yoast-schema-graph\">{\"@context\":\"https:\/\/schema.org\",\"@graph\":[{\"@type\":\"Organization\",\"@id\":\"https:\/\/www.exploring-umbria.com\/de\/#organization\",\"name\":\"Exploring Umbria\",\"url\":\"https:\/\/www.exploring-umbria.com\/de\/\",\"sameAs\":[\"https:\/\/www.facebook.com\/exploringumbria\/\",\"https:\/\/www.instagram.com\/exploringumbria\/\"],\"logo\":{\"@type\":\"ImageObject\",\"@id\":\"https:\/\/www.exploring-umbria.com\/de\/#logo\",\"inLanguage\":\"de\",\"url\":\"https:\/\/www.exploring-umbria.com\/wp-content\/uploads\/2019\/08\/solo-logo-verde.jpg\",\"contentUrl\":\"https:\/\/www.exploring-umbria.com\/wp-content\/uploads\/2019\/08\/solo-logo-verde.jpg\",\"width\":952,\"height\":532,\"caption\":\"Exploring Umbria\"},\"image\":{\"@id\":\"https:\/\/www.exploring-umbria.com\/de\/#logo\"}},{\"@type\":\"WebSite\",\"@id\":\"https:\/\/www.exploring-umbria.com\/de\/#website\",\"url\":\"https:\/\/www.exploring-umbria.com\/de\/\",\"name\":\"Exploring Umbria\",\"description\":\"your dates, your mood, your trip\",\"publisher\":{\"@id\":\"https:\/\/www.exploring-umbria.com\/de\/#organization\"},\"potentialAction\":[{\"@type\":\"SearchAction\",\"target\":{\"@type\":\"EntryPoint\",\"urlTemplate\":\"https:\/\/www.exploring-umbria.com\/de\/?s={search_term_string}\"},\"query-input\":\"required name=search_term_string\"}],\"inLanguage\":\"de\"},{\"@type\":\"ImageObject\",\"@id\":\"https:\/\/www.exploring-umbria.com\/de\/entdecke-gubbio\/sehenswuerdigkeiten-in-gubbio\/kirche-san-francesco-gubbio\/#primaryimage\",\"inLanguage\":\"de\",\"url\":\"https:\/\/www.exploring-umbria.com\/wp-content\/uploads\/2020\/05\/Chiesa-di-S.-Francesco-Gubbio-6.jpeg\",\"contentUrl\":\"https:\/\/www.exploring-umbria.com\/wp-content\/uploads\/2020\/05\/Chiesa-di-S.-Francesco-Gubbio-6.jpeg\",\"width\":1600,\"height\":1200,\"caption\":\"Chiesa di San Francesco Gubbio\"},{\"@type\":\"WebPage\",\"@id\":\"https:\/\/www.exploring-umbria.com\/de\/entdecke-gubbio\/sehenswuerdigkeiten-in-gubbio\/kirche-san-francesco-gubbio\/#webpage\",\"url\":\"https:\/\/www.exploring-umbria.com\/de\/entdecke-gubbio\/sehenswuerdigkeiten-in-gubbio\/kirche-san-francesco-gubbio\/\",\"name\":\"Kirche San Francesco Gubbio - Exploring Umbria\",\"isPartOf\":{\"@id\":\"https:\/\/www.exploring-umbria.com\/de\/#website\"},\"primaryImageOfPage\":{\"@id\":\"https:\/\/www.exploring-umbria.com\/de\/entdecke-gubbio\/sehenswuerdigkeiten-in-gubbio\/kirche-san-francesco-gubbio\/#primaryimage\"},\"datePublished\":\"2019-03-14T18:51:11+00:00\",\"dateModified\":\"2020-01-17T10:07:29+00:00\",\"description\":\"Im unteren Bereich der Stadt von Gubbio, an der S\u00fcdseite der Piazza Quaranta Martiri, befindet sich die gro\u00dfe Kirche San Francesco. Das Geb\u00e4ude wurde 1255\",\"breadcrumb\":{\"@id\":\"https:\/\/www.exploring-umbria.com\/de\/entdecke-gubbio\/sehenswuerdigkeiten-in-gubbio\/kirche-san-francesco-gubbio\/#breadcrumb\"},\"inLanguage\":\"de\",\"potentialAction\":[{\"@type\":\"ReadAction\",\"target\":[\"https:\/\/www.exploring-umbria.com\/de\/entdecke-gubbio\/sehenswuerdigkeiten-in-gubbio\/kirche-san-francesco-gubbio\/\"]}]},{\"@type\":\"BreadcrumbList\",\"@id\":\"https:\/\/www.exploring-umbria.com\/de\/entdecke-gubbio\/sehenswuerdigkeiten-in-gubbio\/kirche-san-francesco-gubbio\/#breadcrumb\",\"itemListElement\":[{\"@type\":\"ListItem\",\"position\":1,\"name\":\"Home\",\"item\":\"https:\/\/www.exploring-umbria.com\/de\/\"},{\"@type\":\"ListItem\",\"position\":2,\"name\":\"Entdecke Gubbio\",\"item\":\"https:\/\/www.exploring-umbria.com\/de\/entdecke-gubbio\/\"},{\"@type\":\"ListItem\",\"position\":3,\"name\":\"Sehensw\u00fcrdigkeiten in Gubbio\",\"item\":\"https:\/\/www.exploring-umbria.com\/de\/entdecke-gubbio\/sehenswuerdigkeiten-in-gubbio\/\"},{\"@type\":\"ListItem\",\"position\":4,\"name\":\"Kirche San Francesco Gubbio\"}]}]}<\/script>\n<!-- \/ Yoast SEO plugin. -->","yoast_head_json":{"title":"Kirche San Francesco Gubbio - Exploring Umbria","description":"Im unteren Bereich der Stadt von Gubbio, an der S\u00fcdseite der Piazza Quaranta Martiri, befindet sich die gro\u00dfe Kirche San Francesco. Das Geb\u00e4ude wurde 1255","robots":{"index":"index","follow":"follow","max-snippet":"max-snippet:-1","max-image-preview":"max-image-preview:large","max-video-preview":"max-video-preview:-1"},"canonical":"https:\/\/www.exploring-umbria.com\/de\/entdecke-gubbio\/sehenswuerdigkeiten-in-gubbio\/kirche-san-francesco-gubbio\/","og_locale":"de_DE","og_type":"article","og_title":"Kirche San Francesco Gubbio - Exploring Umbria","og_description":"Im unteren Bereich der Stadt von Gubbio, an der S\u00fcdseite der Piazza Quaranta Martiri, befindet sich die gro\u00dfe Kirche San Francesco. Das Geb\u00e4ude wurde 1255","og_url":"https:\/\/www.exploring-umbria.com\/de\/entdecke-gubbio\/sehenswuerdigkeiten-in-gubbio\/kirche-san-francesco-gubbio\/","og_site_name":"Exploring Umbria","article_publisher":"https:\/\/www.facebook.com\/exploringumbria\/","article_modified_time":"2020-01-17T10:07:29+00:00","og_image":[{"width":1600,"height":1200,"url":"https:\/\/www.exploring-umbria.com\/wp-content\/uploads\/2020\/05\/Chiesa-di-S.-Francesco-Gubbio-6.jpeg","type":"image\/jpeg"}],"twitter_card":"summary_large_image","twitter_misc":{"Gesch\u00e4tzte Lesezeit":"2\u00a0Minuten"},"schema":{"@context":"https:\/\/schema.org","@graph":[{"@type":"Organization","@id":"https:\/\/www.exploring-umbria.com\/de\/#organization","name":"Exploring Umbria","url":"https:\/\/www.exploring-umbria.com\/de\/","sameAs":["https:\/\/www.facebook.com\/exploringumbria\/","https:\/\/www.instagram.com\/exploringumbria\/"],"logo":{"@type":"ImageObject","@id":"https:\/\/www.exploring-umbria.com\/de\/#logo","inLanguage":"de","url":"https:\/\/www.exploring-umbria.com\/wp-content\/uploads\/2019\/08\/solo-logo-verde.jpg","contentUrl":"https:\/\/www.exploring-umbria.com\/wp-content\/uploads\/2019\/08\/solo-logo-verde.jpg","width":952,"height":532,"caption":"Exploring Umbria"},"image":{"@id":"https:\/\/www.exploring-umbria.com\/de\/#logo"}},{"@type":"WebSite","@id":"https:\/\/www.exploring-umbria.com\/de\/#website","url":"https:\/\/www.exploring-umbria.com\/de\/","name":"Exploring Umbria","description":"your dates, your mood, your trip","publisher":{"@id":"https:\/\/www.exploring-umbria.com\/de\/#organization"},"potentialAction":[{"@type":"SearchAction","target":{"@type":"EntryPoint","urlTemplate":"https:\/\/www.exploring-umbria.com\/de\/?s={search_term_string}"},"query-input":"required name=search_term_string"}],"inLanguage":"de"},{"@type":"ImageObject","@id":"https:\/\/www.exploring-umbria.com\/de\/entdecke-gubbio\/sehenswuerdigkeiten-in-gubbio\/kirche-san-francesco-gubbio\/#primaryimage","inLanguage":"de","url":"https:\/\/www.exploring-umbria.com\/wp-content\/uploads\/2020\/05\/Chiesa-di-S.-Francesco-Gubbio-6.jpeg","contentUrl":"https:\/\/www.exploring-umbria.com\/wp-content\/uploads\/2020\/05\/Chiesa-di-S.-Francesco-Gubbio-6.jpeg","width":1600,"height":1200,"caption":"Chiesa di San Francesco Gubbio"},{"@type":"WebPage","@id":"https:\/\/www.exploring-umbria.com\/de\/entdecke-gubbio\/sehenswuerdigkeiten-in-gubbio\/kirche-san-francesco-gubbio\/#webpage","url":"https:\/\/www.exploring-umbria.com\/de\/entdecke-gubbio\/sehenswuerdigkeiten-in-gubbio\/kirche-san-francesco-gubbio\/","name":"Kirche San Francesco Gubbio - Exploring Umbria","isPartOf":{"@id":"https:\/\/www.exploring-umbria.com\/de\/#website"},"primaryImageOfPage":{"@id":"https:\/\/www.exploring-umbria.com\/de\/entdecke-gubbio\/sehenswuerdigkeiten-in-gubbio\/kirche-san-francesco-gubbio\/#primaryimage"},"datePublished":"2019-03-14T18:51:11+00:00","dateModified":"2020-01-17T10:07:29+00:00","description":"Im unteren Bereich der Stadt von Gubbio, an der S\u00fcdseite der Piazza Quaranta Martiri, befindet sich die gro\u00dfe Kirche San Francesco. Das Geb\u00e4ude wurde 1255","breadcrumb":{"@id":"https:\/\/www.exploring-umbria.com\/de\/entdecke-gubbio\/sehenswuerdigkeiten-in-gubbio\/kirche-san-francesco-gubbio\/#breadcrumb"},"inLanguage":"de","potentialAction":[{"@type":"ReadAction","target":["https:\/\/www.exploring-umbria.com\/de\/entdecke-gubbio\/sehenswuerdigkeiten-in-gubbio\/kirche-san-francesco-gubbio\/"]}]},{"@type":"BreadcrumbList","@id":"https:\/\/www.exploring-umbria.com\/de\/entdecke-gubbio\/sehenswuerdigkeiten-in-gubbio\/kirche-san-francesco-gubbio\/#breadcrumb","itemListElement":[{"@type":"ListItem","position":1,"name":"Home","item":"https:\/\/www.exploring-umbria.com\/de\/"},{"@type":"ListItem","position":2,"name":"Entdecke Gubbio","item":"https:\/\/www.exploring-umbria.com\/de\/entdecke-gubbio\/"},{"@type":"ListItem","position":3,"name":"Sehensw\u00fcrdigkeiten in Gubbio","item":"https:\/\/www.exploring-umbria.com\/de\/entdecke-gubbio\/sehenswuerdigkeiten-in-gubbio\/"},{"@type":"ListItem","position":4,"name":"Kirche San Francesco Gubbio"}]}]}},"_links":{"self":[{"href":"https:\/\/www.exploring-umbria.com\/de\/wp-json\/wp\/v2\/pages\/2788"}],"collection":[{"href":"https:\/\/www.exploring-umbria.com\/de\/wp-json\/wp\/v2\/pages"}],"about":[{"href":"https:\/\/www.exploring-umbria.com\/de\/wp-json\/wp\/v2\/types\/page"}],"author":[{"embeddable":true,"href":"https:\/\/www.exploring-umbria.com\/de\/wp-json\/wp\/v2\/users\/4"}],"replies":[{"embeddable":true,"href":"https:\/\/www.exploring-umbria.com\/de\/wp-json\/wp\/v2\/comments?post=2788"}],"version-history":[{"count":3,"href":"https:\/\/www.exploring-umbria.com\/de\/wp-json\/wp\/v2\/pages\/2788\/revisions"}],"predecessor-version":[{"id":29532,"href":"https:\/\/www.exploring-umbria.com\/de\/wp-json\/wp\/v2\/pages\/2788\/revisions\/29532"}],"up":[{"embeddable":true,"href":"https:\/\/www.exploring-umbria.com\/de\/wp-json\/wp\/v2\/pages\/2800"}],"wp:featuredmedia":[{"embeddable":true,"href":"https:\/\/www.exploring-umbria.com\/de\/wp-json\/wp\/v2\/media\/35560"}],"wp:attachment":[{"href":"https:\/\/www.exploring-umbria.com\/de\/wp-json\/wp\/v2\/media?parent=2788"}],"curies":[{"name":"wp","href":"https:\/\/api.w.org\/{rel}","templated":true}]}}