{"id":2785,"date":"2019-03-14T19:54:38","date_gmt":"2019-03-14T18:54:38","guid":{"rendered":"https:\/\/www.exploring-umbria.com\/teatro-romano\/"},"modified":"2020-01-16T19:18:39","modified_gmt":"2020-01-16T18:18:39","slug":"roemische-theater-von-gubbio","status":"publish","type":"page","link":"https:\/\/www.exploring-umbria.com\/de\/entdecke-gubbio\/sehenswuerdigkeiten-in-gubbio\/roemische-theater-von-gubbio\/","title":{"rendered":"R\u00f6mische Theater von Gubbio"},"content":{"rendered":"<p>Unmittelbar au\u00dferhalb der Stadtmauern, in der N\u00e4he des Tors Porta degli Ortaggi, befindet sich eines der wunderbarsten arch\u00e4ologischen Zeugnisse der <a href=\"https:\/\/www.exploring-umbria.com\/de\/aktivitaten\/guided-tour-of-gubbio\/\" target=\"_blank\" rel=\"noopener noreferrer\">Stadt<\/a>. Dort, wo sich der alte, sp\u00e4trepublikanische Stadtteil des 2. bis 1. Jahrhunderts v. Chr. Befand, erhebt sich heute die gro\u00dfe arch\u00e4ologische St\u00e4tte von Guastuglia, bei deren Besichtigung sich zahlreiche Attraktionen bieten: das <strong>R\u00f6mische Theater<\/strong>, das <strong>Antiquarium<\/strong> mit einer Ausstellung aus verschiedenen Fundst\u00fccken der Gegend und das <strong>Mausoleum von <a href=\"https:\/\/de.wikipedia.org\/wiki\/Pomponius\" target=\"_blank\" rel=\"noopener noreferrer\">Pomponio<\/a> Grecino<\/strong>.<\/p>\n<p>Das R\u00f6mische Theater von Gubbio ist heute dank intensiver Restaurierungsarbeiten, die zwischen dem 19. und dem 20. Jahrhundert durchgef\u00fchrt wurden, sehr gut erhalten. Doch bereits in der Antike muss es ein riesengro\u00dfes Geb\u00e4ude mit besonderer Bedeutung gewesen sein. Die Projektenwicklung und Errichtung erfolgte im 1. Jahrhundert v. Chr, zwischen 55 und 20 v. Chr. Fertiggestellt wurde das Geb\u00e4ude unter der Leitung des Richters <em>Gneo Satrio Rufo<\/em>. Es bestand aus zwei \u00fcbereinander angeordneten Bogenreihen mit einem eleganten Tor im oberen Stockwerk. Der Zuschauerraum war vierteilig und verf\u00fcgte \u00fcber G\u00e4nge mit Holztreppen, \u00fcber die die Zuschauer ihre Sitzpl\u00e4tze erreichten. Der gesamte Au\u00dfenbereich sowie der Boden des Orchesters bestanden aus Kalkstein aus der Region. Dass es sich um ein sehr altes Geb\u00e4ude handelt, wird durch das vorhandene Pulpitum zum Sammeln von Regenwasser unter dem Orchester im Proszenium bewiesen, wo zwei seitliche, viereckige Nischen und eine mittige, halbrunde Nische lagen.<\/p>\n<p>Zu Spitzenzeiten konnte das R\u00f6mische Theater von Gubbio sechs- bis siebentausend Personen (mehr als das gleichzeitig errichtete Theater in Pompeji, das lediglich Platz f\u00fcr f\u00fcnftausend Personen bot) beherbergen, w\u00e4hrend es heute noch f\u00fcr zahlreiche klassische Veranstaltungen genutzt wird, die insbesondere im Sommer stattfinden.<\/p>\n","protected":false},"excerpt":{"rendered":"<p>Unmittelbar au\u00dferhalb der Stadtmauern, in der N\u00e4he des Tors Porta degli Ortaggi, befindet sich eines der wunderbarsten arch\u00e4ologischen Zeugnisse der Stadt. Dort, wo sich der alte, sp\u00e4trepublikanische Stadtteil des 2. bis 1. Jahrhunderts v. Chr. Befand, erhebt sich heute die gro\u00dfe arch\u00e4ologische St\u00e4tte von Guastuglia, bei deren Besichtigung sich zahlreiche Attraktionen bieten: das R\u00f6mische Theater, [&hellip;]<\/p>\n","protected":false},"author":4,"featured_media":29520,"parent":2800,"menu_order":0,"comment_status":"closed","ping_status":"closed","template":"","meta":{"om_disable_all_campaigns":false,"_monsterinsights_skip_tracking":false,"_monsterinsights_sitenote_active":false,"_monsterinsights_sitenote_note":"","_monsterinsights_sitenote_category":0},"acf":[],"yoast_head":"<!-- This site is optimized with the Yoast SEO plugin v18.4.1 - https:\/\/yoast.com\/wordpress\/plugins\/seo\/ -->\n<title>R\u00f6mische Theater von Gubbio - Exploring Umbria<\/title>\n<meta name=\"description\" content=\"Unmittelbar au\u00dferhalb der Stadtmauern, in der N\u00e4he des Tors Porta degli Ortaggi, befindet sich eines der wunderbarsten arch\u00e4ologischen Zeugnisse der\" \/>\n<meta name=\"robots\" content=\"index, follow, max-snippet:-1, max-image-preview:large, max-video-preview:-1\" \/>\n<link rel=\"canonical\" href=\"https:\/\/www.exploring-umbria.com\/de\/entdecke-gubbio\/sehenswuerdigkeiten-in-gubbio\/roemische-theater-von-gubbio\/\" \/>\n<meta property=\"og:locale\" content=\"de_DE\" \/>\n<meta property=\"og:type\" content=\"article\" \/>\n<meta property=\"og:title\" content=\"R\u00f6mische Theater von Gubbio - Exploring Umbria\" \/>\n<meta property=\"og:description\" content=\"Unmittelbar au\u00dferhalb der Stadtmauern, in der N\u00e4he des Tors Porta degli Ortaggi, befindet sich eines der wunderbarsten arch\u00e4ologischen Zeugnisse der\" \/>\n<meta property=\"og:url\" content=\"https:\/\/www.exploring-umbria.com\/de\/entdecke-gubbio\/sehenswuerdigkeiten-in-gubbio\/roemische-theater-von-gubbio\/\" \/>\n<meta property=\"og:site_name\" content=\"Exploring Umbria\" \/>\n<meta property=\"article:publisher\" content=\"https:\/\/www.facebook.com\/exploringumbria\/\" \/>\n<meta property=\"article:modified_time\" content=\"2020-01-16T18:18:39+00:00\" \/>\n<meta property=\"og:image\" content=\"https:\/\/www.exploring-umbria.com\/wp-content\/uploads\/2020\/01\/gubbio-teatro-romano.jpg\" \/>\n\t<meta property=\"og:image:width\" content=\"1280\" \/>\n\t<meta property=\"og:image:height\" content=\"853\" \/>\n\t<meta property=\"og:image:type\" content=\"image\/jpeg\" \/>\n<meta name=\"twitter:card\" content=\"summary_large_image\" \/>\n<meta name=\"twitter:label1\" content=\"Gesch\u00e4tzte Lesezeit\" \/>\n\t<meta name=\"twitter:data1\" content=\"1\u00a0Minute\" \/>\n<script type=\"application\/ld+json\" class=\"yoast-schema-graph\">{\"@context\":\"https:\/\/schema.org\",\"@graph\":[{\"@type\":\"Organization\",\"@id\":\"https:\/\/www.exploring-umbria.com\/de\/#organization\",\"name\":\"Exploring Umbria\",\"url\":\"https:\/\/www.exploring-umbria.com\/de\/\",\"sameAs\":[\"https:\/\/www.facebook.com\/exploringumbria\/\",\"https:\/\/www.instagram.com\/exploringumbria\/\"],\"logo\":{\"@type\":\"ImageObject\",\"@id\":\"https:\/\/www.exploring-umbria.com\/de\/#logo\",\"inLanguage\":\"de\",\"url\":\"https:\/\/www.exploring-umbria.com\/wp-content\/uploads\/2019\/08\/solo-logo-verde.jpg\",\"contentUrl\":\"https:\/\/www.exploring-umbria.com\/wp-content\/uploads\/2019\/08\/solo-logo-verde.jpg\",\"width\":952,\"height\":532,\"caption\":\"Exploring Umbria\"},\"image\":{\"@id\":\"https:\/\/www.exploring-umbria.com\/de\/#logo\"}},{\"@type\":\"WebSite\",\"@id\":\"https:\/\/www.exploring-umbria.com\/de\/#website\",\"url\":\"https:\/\/www.exploring-umbria.com\/de\/\",\"name\":\"Exploring Umbria\",\"description\":\"your dates, your mood, your trip\",\"publisher\":{\"@id\":\"https:\/\/www.exploring-umbria.com\/de\/#organization\"},\"potentialAction\":[{\"@type\":\"SearchAction\",\"target\":{\"@type\":\"EntryPoint\",\"urlTemplate\":\"https:\/\/www.exploring-umbria.com\/de\/?s={search_term_string}\"},\"query-input\":\"required name=search_term_string\"}],\"inLanguage\":\"de\"},{\"@type\":\"ImageObject\",\"@id\":\"https:\/\/www.exploring-umbria.com\/de\/entdecke-gubbio\/sehenswuerdigkeiten-in-gubbio\/roemische-theater-von-gubbio\/#primaryimage\",\"inLanguage\":\"de\",\"url\":\"https:\/\/www.exploring-umbria.com\/wp-content\/uploads\/2020\/01\/gubbio-teatro-romano.jpg\",\"contentUrl\":\"https:\/\/www.exploring-umbria.com\/wp-content\/uploads\/2020\/01\/gubbio-teatro-romano.jpg\",\"width\":1280,\"height\":853,\"caption\":\"il teatro romano di Gubbio; Das R\u00f6mische Theater von Gubbio\"},{\"@type\":\"WebPage\",\"@id\":\"https:\/\/www.exploring-umbria.com\/de\/entdecke-gubbio\/sehenswuerdigkeiten-in-gubbio\/roemische-theater-von-gubbio\/#webpage\",\"url\":\"https:\/\/www.exploring-umbria.com\/de\/entdecke-gubbio\/sehenswuerdigkeiten-in-gubbio\/roemische-theater-von-gubbio\/\",\"name\":\"R\u00f6mische Theater von Gubbio - Exploring Umbria\",\"isPartOf\":{\"@id\":\"https:\/\/www.exploring-umbria.com\/de\/#website\"},\"primaryImageOfPage\":{\"@id\":\"https:\/\/www.exploring-umbria.com\/de\/entdecke-gubbio\/sehenswuerdigkeiten-in-gubbio\/roemische-theater-von-gubbio\/#primaryimage\"},\"datePublished\":\"2019-03-14T18:54:38+00:00\",\"dateModified\":\"2020-01-16T18:18:39+00:00\",\"description\":\"Unmittelbar au\u00dferhalb der Stadtmauern, in der N\u00e4he des Tors Porta degli Ortaggi, befindet sich eines der wunderbarsten arch\u00e4ologischen Zeugnisse der\",\"breadcrumb\":{\"@id\":\"https:\/\/www.exploring-umbria.com\/de\/entdecke-gubbio\/sehenswuerdigkeiten-in-gubbio\/roemische-theater-von-gubbio\/#breadcrumb\"},\"inLanguage\":\"de\",\"potentialAction\":[{\"@type\":\"ReadAction\",\"target\":[\"https:\/\/www.exploring-umbria.com\/de\/entdecke-gubbio\/sehenswuerdigkeiten-in-gubbio\/roemische-theater-von-gubbio\/\"]}]},{\"@type\":\"BreadcrumbList\",\"@id\":\"https:\/\/www.exploring-umbria.com\/de\/entdecke-gubbio\/sehenswuerdigkeiten-in-gubbio\/roemische-theater-von-gubbio\/#breadcrumb\",\"itemListElement\":[{\"@type\":\"ListItem\",\"position\":1,\"name\":\"Home\",\"item\":\"https:\/\/www.exploring-umbria.com\/de\/\"},{\"@type\":\"ListItem\",\"position\":2,\"name\":\"Entdecke Gubbio\",\"item\":\"https:\/\/www.exploring-umbria.com\/de\/entdecke-gubbio\/\"},{\"@type\":\"ListItem\",\"position\":3,\"name\":\"Sehensw\u00fcrdigkeiten in Gubbio\",\"item\":\"https:\/\/www.exploring-umbria.com\/de\/entdecke-gubbio\/sehenswuerdigkeiten-in-gubbio\/\"},{\"@type\":\"ListItem\",\"position\":4,\"name\":\"R\u00f6mische Theater von Gubbio\"}]}]}<\/script>\n<!-- \/ Yoast SEO plugin. -->","yoast_head_json":{"title":"R\u00f6mische Theater von Gubbio - Exploring Umbria","description":"Unmittelbar au\u00dferhalb der Stadtmauern, in der N\u00e4he des Tors Porta degli Ortaggi, befindet sich eines der wunderbarsten arch\u00e4ologischen Zeugnisse der","robots":{"index":"index","follow":"follow","max-snippet":"max-snippet:-1","max-image-preview":"max-image-preview:large","max-video-preview":"max-video-preview:-1"},"canonical":"https:\/\/www.exploring-umbria.com\/de\/entdecke-gubbio\/sehenswuerdigkeiten-in-gubbio\/roemische-theater-von-gubbio\/","og_locale":"de_DE","og_type":"article","og_title":"R\u00f6mische Theater von Gubbio - Exploring Umbria","og_description":"Unmittelbar au\u00dferhalb der Stadtmauern, in der N\u00e4he des Tors Porta degli Ortaggi, befindet sich eines der wunderbarsten arch\u00e4ologischen Zeugnisse der","og_url":"https:\/\/www.exploring-umbria.com\/de\/entdecke-gubbio\/sehenswuerdigkeiten-in-gubbio\/roemische-theater-von-gubbio\/","og_site_name":"Exploring Umbria","article_publisher":"https:\/\/www.facebook.com\/exploringumbria\/","article_modified_time":"2020-01-16T18:18:39+00:00","og_image":[{"width":1280,"height":853,"url":"https:\/\/www.exploring-umbria.com\/wp-content\/uploads\/2020\/01\/gubbio-teatro-romano.jpg","type":"image\/jpeg"}],"twitter_card":"summary_large_image","twitter_misc":{"Gesch\u00e4tzte Lesezeit":"1\u00a0Minute"},"schema":{"@context":"https:\/\/schema.org","@graph":[{"@type":"Organization","@id":"https:\/\/www.exploring-umbria.com\/de\/#organization","name":"Exploring Umbria","url":"https:\/\/www.exploring-umbria.com\/de\/","sameAs":["https:\/\/www.facebook.com\/exploringumbria\/","https:\/\/www.instagram.com\/exploringumbria\/"],"logo":{"@type":"ImageObject","@id":"https:\/\/www.exploring-umbria.com\/de\/#logo","inLanguage":"de","url":"https:\/\/www.exploring-umbria.com\/wp-content\/uploads\/2019\/08\/solo-logo-verde.jpg","contentUrl":"https:\/\/www.exploring-umbria.com\/wp-content\/uploads\/2019\/08\/solo-logo-verde.jpg","width":952,"height":532,"caption":"Exploring Umbria"},"image":{"@id":"https:\/\/www.exploring-umbria.com\/de\/#logo"}},{"@type":"WebSite","@id":"https:\/\/www.exploring-umbria.com\/de\/#website","url":"https:\/\/www.exploring-umbria.com\/de\/","name":"Exploring Umbria","description":"your dates, your mood, your trip","publisher":{"@id":"https:\/\/www.exploring-umbria.com\/de\/#organization"},"potentialAction":[{"@type":"SearchAction","target":{"@type":"EntryPoint","urlTemplate":"https:\/\/www.exploring-umbria.com\/de\/?s={search_term_string}"},"query-input":"required name=search_term_string"}],"inLanguage":"de"},{"@type":"ImageObject","@id":"https:\/\/www.exploring-umbria.com\/de\/entdecke-gubbio\/sehenswuerdigkeiten-in-gubbio\/roemische-theater-von-gubbio\/#primaryimage","inLanguage":"de","url":"https:\/\/www.exploring-umbria.com\/wp-content\/uploads\/2020\/01\/gubbio-teatro-romano.jpg","contentUrl":"https:\/\/www.exploring-umbria.com\/wp-content\/uploads\/2020\/01\/gubbio-teatro-romano.jpg","width":1280,"height":853,"caption":"il teatro romano di Gubbio; Das R\u00f6mische Theater von Gubbio"},{"@type":"WebPage","@id":"https:\/\/www.exploring-umbria.com\/de\/entdecke-gubbio\/sehenswuerdigkeiten-in-gubbio\/roemische-theater-von-gubbio\/#webpage","url":"https:\/\/www.exploring-umbria.com\/de\/entdecke-gubbio\/sehenswuerdigkeiten-in-gubbio\/roemische-theater-von-gubbio\/","name":"R\u00f6mische Theater von Gubbio - Exploring Umbria","isPartOf":{"@id":"https:\/\/www.exploring-umbria.com\/de\/#website"},"primaryImageOfPage":{"@id":"https:\/\/www.exploring-umbria.com\/de\/entdecke-gubbio\/sehenswuerdigkeiten-in-gubbio\/roemische-theater-von-gubbio\/#primaryimage"},"datePublished":"2019-03-14T18:54:38+00:00","dateModified":"2020-01-16T18:18:39+00:00","description":"Unmittelbar au\u00dferhalb der Stadtmauern, in der N\u00e4he des Tors Porta degli Ortaggi, befindet sich eines der wunderbarsten arch\u00e4ologischen Zeugnisse der","breadcrumb":{"@id":"https:\/\/www.exploring-umbria.com\/de\/entdecke-gubbio\/sehenswuerdigkeiten-in-gubbio\/roemische-theater-von-gubbio\/#breadcrumb"},"inLanguage":"de","potentialAction":[{"@type":"ReadAction","target":["https:\/\/www.exploring-umbria.com\/de\/entdecke-gubbio\/sehenswuerdigkeiten-in-gubbio\/roemische-theater-von-gubbio\/"]}]},{"@type":"BreadcrumbList","@id":"https:\/\/www.exploring-umbria.com\/de\/entdecke-gubbio\/sehenswuerdigkeiten-in-gubbio\/roemische-theater-von-gubbio\/#breadcrumb","itemListElement":[{"@type":"ListItem","position":1,"name":"Home","item":"https:\/\/www.exploring-umbria.com\/de\/"},{"@type":"ListItem","position":2,"name":"Entdecke Gubbio","item":"https:\/\/www.exploring-umbria.com\/de\/entdecke-gubbio\/"},{"@type":"ListItem","position":3,"name":"Sehensw\u00fcrdigkeiten in Gubbio","item":"https:\/\/www.exploring-umbria.com\/de\/entdecke-gubbio\/sehenswuerdigkeiten-in-gubbio\/"},{"@type":"ListItem","position":4,"name":"R\u00f6mische Theater von Gubbio"}]}]}},"_links":{"self":[{"href":"https:\/\/www.exploring-umbria.com\/de\/wp-json\/wp\/v2\/pages\/2785"}],"collection":[{"href":"https:\/\/www.exploring-umbria.com\/de\/wp-json\/wp\/v2\/pages"}],"about":[{"href":"https:\/\/www.exploring-umbria.com\/de\/wp-json\/wp\/v2\/types\/page"}],"author":[{"embeddable":true,"href":"https:\/\/www.exploring-umbria.com\/de\/wp-json\/wp\/v2\/users\/4"}],"replies":[{"embeddable":true,"href":"https:\/\/www.exploring-umbria.com\/de\/wp-json\/wp\/v2\/comments?post=2785"}],"version-history":[{"count":3,"href":"https:\/\/www.exploring-umbria.com\/de\/wp-json\/wp\/v2\/pages\/2785\/revisions"}],"predecessor-version":[{"id":29526,"href":"https:\/\/www.exploring-umbria.com\/de\/wp-json\/wp\/v2\/pages\/2785\/revisions\/29526"}],"up":[{"embeddable":true,"href":"https:\/\/www.exploring-umbria.com\/de\/wp-json\/wp\/v2\/pages\/2800"}],"wp:featuredmedia":[{"embeddable":true,"href":"https:\/\/www.exploring-umbria.com\/de\/wp-json\/wp\/v2\/media\/29520"}],"wp:attachment":[{"href":"https:\/\/www.exploring-umbria.com\/de\/wp-json\/wp\/v2\/media?parent=2785"}],"curies":[{"name":"wp","href":"https:\/\/api.w.org\/{rel}","templated":true}]}}