{"id":2778,"date":"2019-03-14T19:56:46","date_gmt":"2019-03-14T18:56:46","guid":{"rendered":"https:\/\/www.exploring-umbria.com\/duomo\/"},"modified":"2020-01-15T18:24:02","modified_gmt":"2020-01-15T17:24:02","slug":"dom-von-gubbio","status":"publish","type":"page","link":"https:\/\/www.exploring-umbria.com\/de\/entdecke-gubbio\/sehenswuerdigkeiten-in-gubbio\/dom-von-gubbio\/","title":{"rendered":"Dom von Gubbio"},"content":{"rendered":"<p>Am Fu\u00df des Monte Igino, auf einer Kirche aus dem r\u00f6mischen Zeitalter, wurde zwischen dem 13. und dem 14. Jahrhundert der <strong>Dom von <a href=\"https:\/\/www.exploring-umbria.com\/de\/aktivitaten\/guided-tour-of-gubbio\/\" target=\"_blank\" rel=\"noopener noreferrer\">Gubbio<\/a><\/strong>, der den Heiligen M\u00e4rtyrern Marian und Jakob geweiht ist, errichtet.<\/p>\n<p>Das Geb\u00e4ude ist im sehr eleganten gotischen Stil gestaltet. Betreten wird es \u00fcber ein gro\u00dfes, in der Mitte angeordnetes Tor mit Spitzbogen, das von einem gro\u00dfen, runden Fenster \u00fcberragt wird und mit einem mit Blumen verzierten Rahmen sowie mit den Symbolen der vier Evangelisten und mit dem Lamm Gottes verziert ist.<\/p>\n<p>Das Innere der Kirche ist ein einziges Schiff mit spitzbogiger, transversaler Abdeckung, die im Zuge von Restaurierungsarbeiten im 20. Jahrhundert errichtet wurde. An den Seitenw\u00e4nden liegen kleine Kapellen, darunter die <strong>Cappella del Santissimo Sacramento<\/strong> (Kapelle zum heiligsten Sakrament), die im 16. Jahrhundert auf Wunsch des Bischofs <em>Alessandro Sperelli<\/em> errichtet und mit Fresken des lokalen Malers <em>Francesco Allegrini<\/em> sowie mit der <strong>Nascita della Vergine<\/strong> (Geburt der Jungfrau) von <a href=\"https:\/\/en.wikipedia.org\/wiki\/Antonio_Gherardi\" target=\"_blank\" rel=\"noopener noreferrer\"><em>Gherardi<\/em> <\/a>verziert wurde.<\/p>\n<p>An der rechten Wand werden noch wertvolle Reste von Fresen aus dem 14. Jahrhundert sowie die <strong>Immacolata Concezione<\/strong> (unbefleckte Empf\u00e4ngnis) von <em>Virgilio Nucci<\/em> aus dem 16. Jahrhundert verwahrt, w\u00e4hrend sich an der linken Wand ein Altar befindet, f\u00fcr den der r\u00f6mische Sarkophag mit der Darstellung des hl. Ubaldo verwendet wurde.<\/p>\n<p>Insbesondere bestaunt werden sollte das Presbyterium: Am Chor befindet sich der geschnitzte Bischofssitz aus dem 16. Jahrhundert, unter dem Hochalter ein wertvoller Sarkophag aus der Sp\u00e4tantike mit den sterblichen \u00dcberresten der Heiligen, denen der Dom gewidmet ist, links vom Altar ein weiterer Sitz, der mit wunderbaren Einlegearbeiten von <em>Benedetto Nucci<\/em> verziert ist, und schlie\u00dflich befindet sich in der Apsis noch der Triumphbogen, von dem aus man Wandmalereien von <em>Augusto Stoppoloni<\/em> (1916-18) bestaunen kann.<\/p>\n","protected":false},"excerpt":{"rendered":"<p>Am Fu\u00df des Monte Igino, auf einer Kirche aus dem r\u00f6mischen Zeitalter, wurde zwischen dem 13. und dem 14. Jahrhundert der Dom von Gubbio, der den Heiligen M\u00e4rtyrern Marian und Jakob geweiht ist, errichtet. Das Geb\u00e4ude ist im sehr eleganten gotischen Stil gestaltet. Betreten wird es \u00fcber ein gro\u00dfes, in der Mitte angeordnetes Tor mit [&hellip;]<\/p>\n","protected":false},"author":4,"featured_media":35388,"parent":2800,"menu_order":0,"comment_status":"closed","ping_status":"closed","template":"","meta":{"om_disable_all_campaigns":false,"_monsterinsights_skip_tracking":false,"_monsterinsights_sitenote_active":false,"_monsterinsights_sitenote_note":"","_monsterinsights_sitenote_category":0},"acf":[],"yoast_head":"<!-- This site is optimized with the Yoast SEO plugin v18.4.1 - https:\/\/yoast.com\/wordpress\/plugins\/seo\/ -->\n<title>Dom von Gubbio - Exploring Umbria<\/title>\n<meta name=\"description\" content=\"Am Fu\u00df des Monte Igino, auf einer Kirche aus dem r\u00f6mischen Zeitalter, wurde zwischen dem 13. und dem 14. Jahrhundert der Dom von Gubbio, der den Heiligen\" \/>\n<meta name=\"robots\" content=\"index, follow, max-snippet:-1, max-image-preview:large, max-video-preview:-1\" \/>\n<link rel=\"canonical\" href=\"https:\/\/www.exploring-umbria.com\/de\/entdecke-gubbio\/sehenswuerdigkeiten-in-gubbio\/dom-von-gubbio\/\" \/>\n<meta property=\"og:locale\" content=\"de_DE\" \/>\n<meta property=\"og:type\" content=\"article\" \/>\n<meta property=\"og:title\" content=\"Dom von Gubbio - Exploring Umbria\" \/>\n<meta property=\"og:description\" content=\"Am Fu\u00df des Monte Igino, auf einer Kirche aus dem r\u00f6mischen Zeitalter, wurde zwischen dem 13. und dem 14. Jahrhundert der Dom von Gubbio, der den Heiligen\" \/>\n<meta property=\"og:url\" content=\"https:\/\/www.exploring-umbria.com\/de\/entdecke-gubbio\/sehenswuerdigkeiten-in-gubbio\/dom-von-gubbio\/\" \/>\n<meta property=\"og:site_name\" content=\"Exploring Umbria\" \/>\n<meta property=\"article:publisher\" content=\"https:\/\/www.facebook.com\/exploringumbria\/\" \/>\n<meta property=\"article:modified_time\" content=\"2020-01-15T17:24:02+00:00\" \/>\n<meta property=\"og:image\" content=\"https:\/\/www.exploring-umbria.com\/wp-content\/uploads\/2020\/05\/Cattedrale-S.-Mariano-e-S.-Giacomo-Gubbio-3.jpeg\" \/>\n\t<meta property=\"og:image:width\" content=\"1600\" \/>\n\t<meta property=\"og:image:height\" content=\"1200\" \/>\n\t<meta property=\"og:image:type\" content=\"image\/jpeg\" \/>\n<meta name=\"twitter:card\" content=\"summary_large_image\" \/>\n<meta name=\"twitter:label1\" content=\"Gesch\u00e4tzte Lesezeit\" \/>\n\t<meta name=\"twitter:data1\" content=\"1\u00a0Minute\" \/>\n<script type=\"application\/ld+json\" class=\"yoast-schema-graph\">{\"@context\":\"https:\/\/schema.org\",\"@graph\":[{\"@type\":\"Organization\",\"@id\":\"https:\/\/www.exploring-umbria.com\/de\/#organization\",\"name\":\"Exploring Umbria\",\"url\":\"https:\/\/www.exploring-umbria.com\/de\/\",\"sameAs\":[\"https:\/\/www.facebook.com\/exploringumbria\/\",\"https:\/\/www.instagram.com\/exploringumbria\/\"],\"logo\":{\"@type\":\"ImageObject\",\"@id\":\"https:\/\/www.exploring-umbria.com\/de\/#logo\",\"inLanguage\":\"de\",\"url\":\"https:\/\/www.exploring-umbria.com\/wp-content\/uploads\/2019\/08\/solo-logo-verde.jpg\",\"contentUrl\":\"https:\/\/www.exploring-umbria.com\/wp-content\/uploads\/2019\/08\/solo-logo-verde.jpg\",\"width\":952,\"height\":532,\"caption\":\"Exploring Umbria\"},\"image\":{\"@id\":\"https:\/\/www.exploring-umbria.com\/de\/#logo\"}},{\"@type\":\"WebSite\",\"@id\":\"https:\/\/www.exploring-umbria.com\/de\/#website\",\"url\":\"https:\/\/www.exploring-umbria.com\/de\/\",\"name\":\"Exploring Umbria\",\"description\":\"your dates, your mood, your trip\",\"publisher\":{\"@id\":\"https:\/\/www.exploring-umbria.com\/de\/#organization\"},\"potentialAction\":[{\"@type\":\"SearchAction\",\"target\":{\"@type\":\"EntryPoint\",\"urlTemplate\":\"https:\/\/www.exploring-umbria.com\/de\/?s={search_term_string}\"},\"query-input\":\"required name=search_term_string\"}],\"inLanguage\":\"de\"},{\"@type\":\"ImageObject\",\"@id\":\"https:\/\/www.exploring-umbria.com\/de\/entdecke-gubbio\/sehenswuerdigkeiten-in-gubbio\/dom-von-gubbio\/#primaryimage\",\"inLanguage\":\"de\",\"url\":\"https:\/\/www.exploring-umbria.com\/wp-content\/uploads\/2020\/05\/Cattedrale-S.-Mariano-e-S.-Giacomo-Gubbio-3.jpeg\",\"contentUrl\":\"https:\/\/www.exploring-umbria.com\/wp-content\/uploads\/2020\/05\/Cattedrale-S.-Mariano-e-S.-Giacomo-Gubbio-3.jpeg\",\"width\":1600,\"height\":1200,\"caption\":\"Duomo di Gubbio\"},{\"@type\":\"WebPage\",\"@id\":\"https:\/\/www.exploring-umbria.com\/de\/entdecke-gubbio\/sehenswuerdigkeiten-in-gubbio\/dom-von-gubbio\/#webpage\",\"url\":\"https:\/\/www.exploring-umbria.com\/de\/entdecke-gubbio\/sehenswuerdigkeiten-in-gubbio\/dom-von-gubbio\/\",\"name\":\"Dom von Gubbio - Exploring Umbria\",\"isPartOf\":{\"@id\":\"https:\/\/www.exploring-umbria.com\/de\/#website\"},\"primaryImageOfPage\":{\"@id\":\"https:\/\/www.exploring-umbria.com\/de\/entdecke-gubbio\/sehenswuerdigkeiten-in-gubbio\/dom-von-gubbio\/#primaryimage\"},\"datePublished\":\"2019-03-14T18:56:46+00:00\",\"dateModified\":\"2020-01-15T17:24:02+00:00\",\"description\":\"Am Fu\u00df des Monte Igino, auf einer Kirche aus dem r\u00f6mischen Zeitalter, wurde zwischen dem 13. und dem 14. Jahrhundert der Dom von Gubbio, der den Heiligen\",\"breadcrumb\":{\"@id\":\"https:\/\/www.exploring-umbria.com\/de\/entdecke-gubbio\/sehenswuerdigkeiten-in-gubbio\/dom-von-gubbio\/#breadcrumb\"},\"inLanguage\":\"de\",\"potentialAction\":[{\"@type\":\"ReadAction\",\"target\":[\"https:\/\/www.exploring-umbria.com\/de\/entdecke-gubbio\/sehenswuerdigkeiten-in-gubbio\/dom-von-gubbio\/\"]}]},{\"@type\":\"BreadcrumbList\",\"@id\":\"https:\/\/www.exploring-umbria.com\/de\/entdecke-gubbio\/sehenswuerdigkeiten-in-gubbio\/dom-von-gubbio\/#breadcrumb\",\"itemListElement\":[{\"@type\":\"ListItem\",\"position\":1,\"name\":\"Home\",\"item\":\"https:\/\/www.exploring-umbria.com\/de\/\"},{\"@type\":\"ListItem\",\"position\":2,\"name\":\"Entdecke Gubbio\",\"item\":\"https:\/\/www.exploring-umbria.com\/de\/entdecke-gubbio\/\"},{\"@type\":\"ListItem\",\"position\":3,\"name\":\"Sehensw\u00fcrdigkeiten in Gubbio\",\"item\":\"https:\/\/www.exploring-umbria.com\/de\/entdecke-gubbio\/sehenswuerdigkeiten-in-gubbio\/\"},{\"@type\":\"ListItem\",\"position\":4,\"name\":\"Dom von Gubbio\"}]}]}<\/script>\n<!-- \/ Yoast SEO plugin. -->","yoast_head_json":{"title":"Dom von Gubbio - Exploring Umbria","description":"Am Fu\u00df des Monte Igino, auf einer Kirche aus dem r\u00f6mischen Zeitalter, wurde zwischen dem 13. und dem 14. Jahrhundert der Dom von Gubbio, der den Heiligen","robots":{"index":"index","follow":"follow","max-snippet":"max-snippet:-1","max-image-preview":"max-image-preview:large","max-video-preview":"max-video-preview:-1"},"canonical":"https:\/\/www.exploring-umbria.com\/de\/entdecke-gubbio\/sehenswuerdigkeiten-in-gubbio\/dom-von-gubbio\/","og_locale":"de_DE","og_type":"article","og_title":"Dom von Gubbio - Exploring Umbria","og_description":"Am Fu\u00df des Monte Igino, auf einer Kirche aus dem r\u00f6mischen Zeitalter, wurde zwischen dem 13. und dem 14. Jahrhundert der Dom von Gubbio, der den Heiligen","og_url":"https:\/\/www.exploring-umbria.com\/de\/entdecke-gubbio\/sehenswuerdigkeiten-in-gubbio\/dom-von-gubbio\/","og_site_name":"Exploring Umbria","article_publisher":"https:\/\/www.facebook.com\/exploringumbria\/","article_modified_time":"2020-01-15T17:24:02+00:00","og_image":[{"width":1600,"height":1200,"url":"https:\/\/www.exploring-umbria.com\/wp-content\/uploads\/2020\/05\/Cattedrale-S.-Mariano-e-S.-Giacomo-Gubbio-3.jpeg","type":"image\/jpeg"}],"twitter_card":"summary_large_image","twitter_misc":{"Gesch\u00e4tzte Lesezeit":"1\u00a0Minute"},"schema":{"@context":"https:\/\/schema.org","@graph":[{"@type":"Organization","@id":"https:\/\/www.exploring-umbria.com\/de\/#organization","name":"Exploring Umbria","url":"https:\/\/www.exploring-umbria.com\/de\/","sameAs":["https:\/\/www.facebook.com\/exploringumbria\/","https:\/\/www.instagram.com\/exploringumbria\/"],"logo":{"@type":"ImageObject","@id":"https:\/\/www.exploring-umbria.com\/de\/#logo","inLanguage":"de","url":"https:\/\/www.exploring-umbria.com\/wp-content\/uploads\/2019\/08\/solo-logo-verde.jpg","contentUrl":"https:\/\/www.exploring-umbria.com\/wp-content\/uploads\/2019\/08\/solo-logo-verde.jpg","width":952,"height":532,"caption":"Exploring Umbria"},"image":{"@id":"https:\/\/www.exploring-umbria.com\/de\/#logo"}},{"@type":"WebSite","@id":"https:\/\/www.exploring-umbria.com\/de\/#website","url":"https:\/\/www.exploring-umbria.com\/de\/","name":"Exploring Umbria","description":"your dates, your mood, your trip","publisher":{"@id":"https:\/\/www.exploring-umbria.com\/de\/#organization"},"potentialAction":[{"@type":"SearchAction","target":{"@type":"EntryPoint","urlTemplate":"https:\/\/www.exploring-umbria.com\/de\/?s={search_term_string}"},"query-input":"required name=search_term_string"}],"inLanguage":"de"},{"@type":"ImageObject","@id":"https:\/\/www.exploring-umbria.com\/de\/entdecke-gubbio\/sehenswuerdigkeiten-in-gubbio\/dom-von-gubbio\/#primaryimage","inLanguage":"de","url":"https:\/\/www.exploring-umbria.com\/wp-content\/uploads\/2020\/05\/Cattedrale-S.-Mariano-e-S.-Giacomo-Gubbio-3.jpeg","contentUrl":"https:\/\/www.exploring-umbria.com\/wp-content\/uploads\/2020\/05\/Cattedrale-S.-Mariano-e-S.-Giacomo-Gubbio-3.jpeg","width":1600,"height":1200,"caption":"Duomo di Gubbio"},{"@type":"WebPage","@id":"https:\/\/www.exploring-umbria.com\/de\/entdecke-gubbio\/sehenswuerdigkeiten-in-gubbio\/dom-von-gubbio\/#webpage","url":"https:\/\/www.exploring-umbria.com\/de\/entdecke-gubbio\/sehenswuerdigkeiten-in-gubbio\/dom-von-gubbio\/","name":"Dom von Gubbio - Exploring Umbria","isPartOf":{"@id":"https:\/\/www.exploring-umbria.com\/de\/#website"},"primaryImageOfPage":{"@id":"https:\/\/www.exploring-umbria.com\/de\/entdecke-gubbio\/sehenswuerdigkeiten-in-gubbio\/dom-von-gubbio\/#primaryimage"},"datePublished":"2019-03-14T18:56:46+00:00","dateModified":"2020-01-15T17:24:02+00:00","description":"Am Fu\u00df des Monte Igino, auf einer Kirche aus dem r\u00f6mischen Zeitalter, wurde zwischen dem 13. und dem 14. Jahrhundert der Dom von Gubbio, der den Heiligen","breadcrumb":{"@id":"https:\/\/www.exploring-umbria.com\/de\/entdecke-gubbio\/sehenswuerdigkeiten-in-gubbio\/dom-von-gubbio\/#breadcrumb"},"inLanguage":"de","potentialAction":[{"@type":"ReadAction","target":["https:\/\/www.exploring-umbria.com\/de\/entdecke-gubbio\/sehenswuerdigkeiten-in-gubbio\/dom-von-gubbio\/"]}]},{"@type":"BreadcrumbList","@id":"https:\/\/www.exploring-umbria.com\/de\/entdecke-gubbio\/sehenswuerdigkeiten-in-gubbio\/dom-von-gubbio\/#breadcrumb","itemListElement":[{"@type":"ListItem","position":1,"name":"Home","item":"https:\/\/www.exploring-umbria.com\/de\/"},{"@type":"ListItem","position":2,"name":"Entdecke Gubbio","item":"https:\/\/www.exploring-umbria.com\/de\/entdecke-gubbio\/"},{"@type":"ListItem","position":3,"name":"Sehensw\u00fcrdigkeiten in Gubbio","item":"https:\/\/www.exploring-umbria.com\/de\/entdecke-gubbio\/sehenswuerdigkeiten-in-gubbio\/"},{"@type":"ListItem","position":4,"name":"Dom von Gubbio"}]}]}},"_links":{"self":[{"href":"https:\/\/www.exploring-umbria.com\/de\/wp-json\/wp\/v2\/pages\/2778"}],"collection":[{"href":"https:\/\/www.exploring-umbria.com\/de\/wp-json\/wp\/v2\/pages"}],"about":[{"href":"https:\/\/www.exploring-umbria.com\/de\/wp-json\/wp\/v2\/types\/page"}],"author":[{"embeddable":true,"href":"https:\/\/www.exploring-umbria.com\/de\/wp-json\/wp\/v2\/users\/4"}],"replies":[{"embeddable":true,"href":"https:\/\/www.exploring-umbria.com\/de\/wp-json\/wp\/v2\/comments?post=2778"}],"version-history":[{"count":3,"href":"https:\/\/www.exploring-umbria.com\/de\/wp-json\/wp\/v2\/pages\/2778\/revisions"}],"predecessor-version":[{"id":29353,"href":"https:\/\/www.exploring-umbria.com\/de\/wp-json\/wp\/v2\/pages\/2778\/revisions\/29353"}],"up":[{"embeddable":true,"href":"https:\/\/www.exploring-umbria.com\/de\/wp-json\/wp\/v2\/pages\/2800"}],"wp:featuredmedia":[{"embeddable":true,"href":"https:\/\/www.exploring-umbria.com\/de\/wp-json\/wp\/v2\/media\/35388"}],"wp:attachment":[{"href":"https:\/\/www.exploring-umbria.com\/de\/wp-json\/wp\/v2\/media?parent=2778"}],"curies":[{"name":"wp","href":"https:\/\/api.w.org\/{rel}","templated":true}]}}