{"id":2768,"date":"2019-03-14T20:01:17","date_gmt":"2019-03-14T19:01:17","guid":{"rendered":"https:\/\/www.exploring-umbria.com\/palazzo-del-bargello\/"},"modified":"2020-01-15T19:05:24","modified_gmt":"2020-01-15T18:05:24","slug":"palazzo-del-bargello-gubbio","status":"publish","type":"page","link":"https:\/\/www.exploring-umbria.com\/de\/entdecke-gubbio\/sehenswuerdigkeiten-in-gubbio\/palazzo-del-bargello-gubbio\/","title":{"rendered":"Palazzo del Bargello Gubbio"},"content":{"rendered":"<p>Mitten im historischen Stadtzentrum, entlang der Via dei Consoli, erhebt sich einer der Palazzi von <a href=\"https:\/\/www.exploring-umbria.com\/de\/aktivitaten\/guided-tour-of-gubbio\/\" target=\"_blank\" rel=\"noopener noreferrer\">Gubbio<\/a>, der als wunderbares Beispiel f\u00fcr mittelalterliche Architektur im gotischen Stil gilt und perfekt erhalten ist: der <strong>Palazzo<\/strong> <strong>del<\/strong> <strong>Bargello<\/strong>. Sein Name ist auf das Magistrat zur\u00fcckzuf\u00fchren, die Leitung der st\u00e4dtischen Polizei, deren Sitz sich in diesem Geb\u00e4ude befand.<\/p>\n<p>Der Palazzo del Bargello di Gubbio wurde am Beginn des 14. Jahrhunderts errichtet und beherbergt heute die Dauerausstellung Balestra. Auf einem Weg, der durch drei S\u00e4le f\u00fchrt, werden verschiedene Arten von Armbr\u00fcsten (Balestra) ausgestellt sowie originalgetreue Reproduktionen von Kleidung des damaligen Zeitalters. Die Ausstellung ist eine Hommage an den ber\u00fchmten <strong>Palio della Balestra<\/strong>, ein Volksfest, das jedes Jahr am letzten Sonntag im Mai in der Stadt gefeiert wird.<\/p>\n<p>Auch wenn sich der Palazzo aufgrund seiner besonderen Formen hervorhebt, hat er seine Bekanntheit dem ber\u00fchmten Brunnen Fontana die Matti zu verdanken, der im 16. Jahrhundert auf der kleinen Piazza vor dem Palazzo errichtet (und anschlie\u00dfend w\u00e4hrend der beiden letzten Jahrhunderte renoviert) wurde. Von diesem Brunnen erhielt der Palazzo auch seinen Namen: Largo der Bargello.<\/p>\n<p>\u00dcberlieferungen zufolge m\u00fcssen alle, die den bekannten Titel \u201eMatto\u201c, der von der Stadt Gubbio verliehen wird, erhalten, am Ritual teilnehmen, bei man dreimal um den Brunnen l\u00e4uft, um anschlie\u00dfend mit seinem Wasser getauft zu werden.<\/p>\n","protected":false},"excerpt":{"rendered":"<p>Mitten im historischen Stadtzentrum, entlang der Via dei Consoli, erhebt sich einer der Palazzi von Gubbio, der als wunderbares Beispiel f\u00fcr mittelalterliche Architektur im gotischen Stil gilt und perfekt erhalten ist: der Palazzo del Bargello. Sein Name ist auf das Magistrat zur\u00fcckzuf\u00fchren, die Leitung der st\u00e4dtischen Polizei, deren Sitz sich in diesem Geb\u00e4ude befand. Der [&hellip;]<\/p>\n","protected":false},"author":4,"featured_media":35700,"parent":2800,"menu_order":0,"comment_status":"closed","ping_status":"closed","template":"","meta":{"om_disable_all_campaigns":false,"_monsterinsights_skip_tracking":false,"_monsterinsights_sitenote_active":false,"_monsterinsights_sitenote_note":"","_monsterinsights_sitenote_category":0},"acf":[],"yoast_head":"<!-- This site is optimized with the Yoast SEO plugin v18.4.1 - https:\/\/yoast.com\/wordpress\/plugins\/seo\/ -->\n<title>Palazzo del Bargello Gubbio - Exploring Umbria<\/title>\n<meta name=\"description\" content=\"Mitten im historischen Stadtzentrum, entlang der Via dei Consoli, erhebt sich einer der Palazzi von Gubbio, der als wunderbares Beispiel f\u00fcr\" \/>\n<meta name=\"robots\" content=\"index, follow, max-snippet:-1, max-image-preview:large, max-video-preview:-1\" \/>\n<link rel=\"canonical\" href=\"https:\/\/www.exploring-umbria.com\/de\/entdecke-gubbio\/sehenswuerdigkeiten-in-gubbio\/palazzo-del-bargello-gubbio\/\" \/>\n<meta property=\"og:locale\" content=\"de_DE\" \/>\n<meta property=\"og:type\" content=\"article\" \/>\n<meta property=\"og:title\" content=\"Palazzo del Bargello Gubbio - Exploring Umbria\" \/>\n<meta property=\"og:description\" content=\"Mitten im historischen Stadtzentrum, entlang der Via dei Consoli, erhebt sich einer der Palazzi von Gubbio, der als wunderbares Beispiel f\u00fcr\" \/>\n<meta property=\"og:url\" content=\"https:\/\/www.exploring-umbria.com\/de\/entdecke-gubbio\/sehenswuerdigkeiten-in-gubbio\/palazzo-del-bargello-gubbio\/\" \/>\n<meta property=\"og:site_name\" content=\"Exploring Umbria\" \/>\n<meta property=\"article:publisher\" content=\"https:\/\/www.facebook.com\/exploringumbria\/\" \/>\n<meta property=\"article:modified_time\" content=\"2020-01-15T18:05:24+00:00\" \/>\n<meta property=\"og:image\" content=\"https:\/\/www.exploring-umbria.com\/wp-content\/uploads\/2020\/05\/palazzo-del-bargello-Gubbio-3.jpeg\" \/>\n\t<meta property=\"og:image:width\" content=\"1200\" \/>\n\t<meta property=\"og:image:height\" content=\"1600\" \/>\n\t<meta property=\"og:image:type\" content=\"image\/jpeg\" \/>\n<meta name=\"twitter:card\" content=\"summary_large_image\" \/>\n<meta name=\"twitter:label1\" content=\"Gesch\u00e4tzte Lesezeit\" \/>\n\t<meta name=\"twitter:data1\" content=\"1\u00a0Minute\" \/>\n<script type=\"application\/ld+json\" class=\"yoast-schema-graph\">{\"@context\":\"https:\/\/schema.org\",\"@graph\":[{\"@type\":\"Organization\",\"@id\":\"https:\/\/www.exploring-umbria.com\/de\/#organization\",\"name\":\"Exploring Umbria\",\"url\":\"https:\/\/www.exploring-umbria.com\/de\/\",\"sameAs\":[\"https:\/\/www.facebook.com\/exploringumbria\/\",\"https:\/\/www.instagram.com\/exploringumbria\/\"],\"logo\":{\"@type\":\"ImageObject\",\"@id\":\"https:\/\/www.exploring-umbria.com\/de\/#logo\",\"inLanguage\":\"de\",\"url\":\"https:\/\/www.exploring-umbria.com\/wp-content\/uploads\/2019\/08\/solo-logo-verde.jpg\",\"contentUrl\":\"https:\/\/www.exploring-umbria.com\/wp-content\/uploads\/2019\/08\/solo-logo-verde.jpg\",\"width\":952,\"height\":532,\"caption\":\"Exploring Umbria\"},\"image\":{\"@id\":\"https:\/\/www.exploring-umbria.com\/de\/#logo\"}},{\"@type\":\"WebSite\",\"@id\":\"https:\/\/www.exploring-umbria.com\/de\/#website\",\"url\":\"https:\/\/www.exploring-umbria.com\/de\/\",\"name\":\"Exploring Umbria\",\"description\":\"your dates, your mood, your trip\",\"publisher\":{\"@id\":\"https:\/\/www.exploring-umbria.com\/de\/#organization\"},\"potentialAction\":[{\"@type\":\"SearchAction\",\"target\":{\"@type\":\"EntryPoint\",\"urlTemplate\":\"https:\/\/www.exploring-umbria.com\/de\/?s={search_term_string}\"},\"query-input\":\"required name=search_term_string\"}],\"inLanguage\":\"de\"},{\"@type\":\"ImageObject\",\"@id\":\"https:\/\/www.exploring-umbria.com\/de\/entdecke-gubbio\/sehenswuerdigkeiten-in-gubbio\/palazzo-del-bargello-gubbio\/#primaryimage\",\"inLanguage\":\"de\",\"url\":\"https:\/\/www.exploring-umbria.com\/wp-content\/uploads\/2020\/05\/palazzo-del-bargello-Gubbio-3.jpeg\",\"contentUrl\":\"https:\/\/www.exploring-umbria.com\/wp-content\/uploads\/2020\/05\/palazzo-del-bargello-Gubbio-3.jpeg\",\"width\":1200,\"height\":1600,\"caption\":\"Palazzo del Bargello\"},{\"@type\":\"WebPage\",\"@id\":\"https:\/\/www.exploring-umbria.com\/de\/entdecke-gubbio\/sehenswuerdigkeiten-in-gubbio\/palazzo-del-bargello-gubbio\/#webpage\",\"url\":\"https:\/\/www.exploring-umbria.com\/de\/entdecke-gubbio\/sehenswuerdigkeiten-in-gubbio\/palazzo-del-bargello-gubbio\/\",\"name\":\"Palazzo del Bargello Gubbio - Exploring Umbria\",\"isPartOf\":{\"@id\":\"https:\/\/www.exploring-umbria.com\/de\/#website\"},\"primaryImageOfPage\":{\"@id\":\"https:\/\/www.exploring-umbria.com\/de\/entdecke-gubbio\/sehenswuerdigkeiten-in-gubbio\/palazzo-del-bargello-gubbio\/#primaryimage\"},\"datePublished\":\"2019-03-14T19:01:17+00:00\",\"dateModified\":\"2020-01-15T18:05:24+00:00\",\"description\":\"Mitten im historischen Stadtzentrum, entlang der Via dei Consoli, erhebt sich einer der Palazzi von Gubbio, der als wunderbares Beispiel f\u00fcr\",\"breadcrumb\":{\"@id\":\"https:\/\/www.exploring-umbria.com\/de\/entdecke-gubbio\/sehenswuerdigkeiten-in-gubbio\/palazzo-del-bargello-gubbio\/#breadcrumb\"},\"inLanguage\":\"de\",\"potentialAction\":[{\"@type\":\"ReadAction\",\"target\":[\"https:\/\/www.exploring-umbria.com\/de\/entdecke-gubbio\/sehenswuerdigkeiten-in-gubbio\/palazzo-del-bargello-gubbio\/\"]}]},{\"@type\":\"BreadcrumbList\",\"@id\":\"https:\/\/www.exploring-umbria.com\/de\/entdecke-gubbio\/sehenswuerdigkeiten-in-gubbio\/palazzo-del-bargello-gubbio\/#breadcrumb\",\"itemListElement\":[{\"@type\":\"ListItem\",\"position\":1,\"name\":\"Home\",\"item\":\"https:\/\/www.exploring-umbria.com\/de\/\"},{\"@type\":\"ListItem\",\"position\":2,\"name\":\"Entdecke Gubbio\",\"item\":\"https:\/\/www.exploring-umbria.com\/de\/entdecke-gubbio\/\"},{\"@type\":\"ListItem\",\"position\":3,\"name\":\"Sehensw\u00fcrdigkeiten in Gubbio\",\"item\":\"https:\/\/www.exploring-umbria.com\/de\/entdecke-gubbio\/sehenswuerdigkeiten-in-gubbio\/\"},{\"@type\":\"ListItem\",\"position\":4,\"name\":\"Palazzo del Bargello Gubbio\"}]}]}<\/script>\n<!-- \/ Yoast SEO plugin. -->","yoast_head_json":{"title":"Palazzo del Bargello Gubbio - Exploring Umbria","description":"Mitten im historischen Stadtzentrum, entlang der Via dei Consoli, erhebt sich einer der Palazzi von Gubbio, der als wunderbares Beispiel f\u00fcr","robots":{"index":"index","follow":"follow","max-snippet":"max-snippet:-1","max-image-preview":"max-image-preview:large","max-video-preview":"max-video-preview:-1"},"canonical":"https:\/\/www.exploring-umbria.com\/de\/entdecke-gubbio\/sehenswuerdigkeiten-in-gubbio\/palazzo-del-bargello-gubbio\/","og_locale":"de_DE","og_type":"article","og_title":"Palazzo del Bargello Gubbio - Exploring Umbria","og_description":"Mitten im historischen Stadtzentrum, entlang der Via dei Consoli, erhebt sich einer der Palazzi von Gubbio, der als wunderbares Beispiel f\u00fcr","og_url":"https:\/\/www.exploring-umbria.com\/de\/entdecke-gubbio\/sehenswuerdigkeiten-in-gubbio\/palazzo-del-bargello-gubbio\/","og_site_name":"Exploring Umbria","article_publisher":"https:\/\/www.facebook.com\/exploringumbria\/","article_modified_time":"2020-01-15T18:05:24+00:00","og_image":[{"width":1200,"height":1600,"url":"https:\/\/www.exploring-umbria.com\/wp-content\/uploads\/2020\/05\/palazzo-del-bargello-Gubbio-3.jpeg","type":"image\/jpeg"}],"twitter_card":"summary_large_image","twitter_misc":{"Gesch\u00e4tzte Lesezeit":"1\u00a0Minute"},"schema":{"@context":"https:\/\/schema.org","@graph":[{"@type":"Organization","@id":"https:\/\/www.exploring-umbria.com\/de\/#organization","name":"Exploring Umbria","url":"https:\/\/www.exploring-umbria.com\/de\/","sameAs":["https:\/\/www.facebook.com\/exploringumbria\/","https:\/\/www.instagram.com\/exploringumbria\/"],"logo":{"@type":"ImageObject","@id":"https:\/\/www.exploring-umbria.com\/de\/#logo","inLanguage":"de","url":"https:\/\/www.exploring-umbria.com\/wp-content\/uploads\/2019\/08\/solo-logo-verde.jpg","contentUrl":"https:\/\/www.exploring-umbria.com\/wp-content\/uploads\/2019\/08\/solo-logo-verde.jpg","width":952,"height":532,"caption":"Exploring Umbria"},"image":{"@id":"https:\/\/www.exploring-umbria.com\/de\/#logo"}},{"@type":"WebSite","@id":"https:\/\/www.exploring-umbria.com\/de\/#website","url":"https:\/\/www.exploring-umbria.com\/de\/","name":"Exploring Umbria","description":"your dates, your mood, your trip","publisher":{"@id":"https:\/\/www.exploring-umbria.com\/de\/#organization"},"potentialAction":[{"@type":"SearchAction","target":{"@type":"EntryPoint","urlTemplate":"https:\/\/www.exploring-umbria.com\/de\/?s={search_term_string}"},"query-input":"required name=search_term_string"}],"inLanguage":"de"},{"@type":"ImageObject","@id":"https:\/\/www.exploring-umbria.com\/de\/entdecke-gubbio\/sehenswuerdigkeiten-in-gubbio\/palazzo-del-bargello-gubbio\/#primaryimage","inLanguage":"de","url":"https:\/\/www.exploring-umbria.com\/wp-content\/uploads\/2020\/05\/palazzo-del-bargello-Gubbio-3.jpeg","contentUrl":"https:\/\/www.exploring-umbria.com\/wp-content\/uploads\/2020\/05\/palazzo-del-bargello-Gubbio-3.jpeg","width":1200,"height":1600,"caption":"Palazzo del Bargello"},{"@type":"WebPage","@id":"https:\/\/www.exploring-umbria.com\/de\/entdecke-gubbio\/sehenswuerdigkeiten-in-gubbio\/palazzo-del-bargello-gubbio\/#webpage","url":"https:\/\/www.exploring-umbria.com\/de\/entdecke-gubbio\/sehenswuerdigkeiten-in-gubbio\/palazzo-del-bargello-gubbio\/","name":"Palazzo del Bargello Gubbio - Exploring Umbria","isPartOf":{"@id":"https:\/\/www.exploring-umbria.com\/de\/#website"},"primaryImageOfPage":{"@id":"https:\/\/www.exploring-umbria.com\/de\/entdecke-gubbio\/sehenswuerdigkeiten-in-gubbio\/palazzo-del-bargello-gubbio\/#primaryimage"},"datePublished":"2019-03-14T19:01:17+00:00","dateModified":"2020-01-15T18:05:24+00:00","description":"Mitten im historischen Stadtzentrum, entlang der Via dei Consoli, erhebt sich einer der Palazzi von Gubbio, der als wunderbares Beispiel f\u00fcr","breadcrumb":{"@id":"https:\/\/www.exploring-umbria.com\/de\/entdecke-gubbio\/sehenswuerdigkeiten-in-gubbio\/palazzo-del-bargello-gubbio\/#breadcrumb"},"inLanguage":"de","potentialAction":[{"@type":"ReadAction","target":["https:\/\/www.exploring-umbria.com\/de\/entdecke-gubbio\/sehenswuerdigkeiten-in-gubbio\/palazzo-del-bargello-gubbio\/"]}]},{"@type":"BreadcrumbList","@id":"https:\/\/www.exploring-umbria.com\/de\/entdecke-gubbio\/sehenswuerdigkeiten-in-gubbio\/palazzo-del-bargello-gubbio\/#breadcrumb","itemListElement":[{"@type":"ListItem","position":1,"name":"Home","item":"https:\/\/www.exploring-umbria.com\/de\/"},{"@type":"ListItem","position":2,"name":"Entdecke Gubbio","item":"https:\/\/www.exploring-umbria.com\/de\/entdecke-gubbio\/"},{"@type":"ListItem","position":3,"name":"Sehensw\u00fcrdigkeiten in Gubbio","item":"https:\/\/www.exploring-umbria.com\/de\/entdecke-gubbio\/sehenswuerdigkeiten-in-gubbio\/"},{"@type":"ListItem","position":4,"name":"Palazzo del Bargello Gubbio"}]}]}},"_links":{"self":[{"href":"https:\/\/www.exploring-umbria.com\/de\/wp-json\/wp\/v2\/pages\/2768"}],"collection":[{"href":"https:\/\/www.exploring-umbria.com\/de\/wp-json\/wp\/v2\/pages"}],"about":[{"href":"https:\/\/www.exploring-umbria.com\/de\/wp-json\/wp\/v2\/types\/page"}],"author":[{"embeddable":true,"href":"https:\/\/www.exploring-umbria.com\/de\/wp-json\/wp\/v2\/users\/4"}],"replies":[{"embeddable":true,"href":"https:\/\/www.exploring-umbria.com\/de\/wp-json\/wp\/v2\/comments?post=2768"}],"version-history":[{"count":5,"href":"https:\/\/www.exploring-umbria.com\/de\/wp-json\/wp\/v2\/pages\/2768\/revisions"}],"predecessor-version":[{"id":29368,"href":"https:\/\/www.exploring-umbria.com\/de\/wp-json\/wp\/v2\/pages\/2768\/revisions\/29368"}],"up":[{"embeddable":true,"href":"https:\/\/www.exploring-umbria.com\/de\/wp-json\/wp\/v2\/pages\/2800"}],"wp:featuredmedia":[{"embeddable":true,"href":"https:\/\/www.exploring-umbria.com\/de\/wp-json\/wp\/v2\/media\/35700"}],"wp:attachment":[{"href":"https:\/\/www.exploring-umbria.com\/de\/wp-json\/wp\/v2\/media?parent=2768"}],"curies":[{"name":"wp","href":"https:\/\/api.w.org\/{rel}","templated":true}]}}