{"id":2764,"date":"2019-03-14T20:04:56","date_gmt":"2019-03-14T19:04:56","guid":{"rendered":"https:\/\/www.exploring-umbria.com\/la-storia-di-gubbio\/"},"modified":"2020-01-07T20:02:11","modified_gmt":"2020-01-07T19:02:11","slug":"geschichte-von-gubbio","status":"publish","type":"page","link":"https:\/\/www.exploring-umbria.com\/de\/entdecke-gubbio\/geschichte-von-gubbio\/","title":{"rendered":"Geschichte von Gubbio"},"content":{"rendered":"<p><strong>VON DEN URSPR\u00dcNGEN BIS INS MITTELALTER<\/strong><\/p>\n<p>Aufgrund seiner g\u00fcnstigen geografischen Lage und vor allem dank der vorhandenen Wasserl\u00e4ufe, die die gesamte Region fruchtbar machten, wurde das Gebiet, in dem die Stadt liegt, schon vor sehr langer Zeit bewohnt und frequentiert. Zahlreiche H\u00f6hlen rund um das Stadtzentrum haben Keramikreste, \u00c4xte und Steinwaffen hervorgebracht, die von der Existenz menschlicher Siedlungen seit dem Pal\u00e4olithikum und der Bronzezeit zeugen. In Umbrien, einer der Wiegen der etruskischen Zivilisation, entstand im antiken Zentrum mit dem Namen Ikuvium eine der bl\u00fchendsten vorr\u00f6mischen Zivilisationen, f\u00fcr die wir dank des prestigetr\u00e4chtigsten arch\u00e4ologischen Fundst\u00fccks Mittelitaliens, den <strong>Iguvinischen Tafeln<\/strong>, einen Beweis haben. Auf diesen sieben Bronzetafeln aus dem dritten bis ersten Jahrhundert v. Chr., die heute im Museo Civico-Palazzo dei Consoli aufbewahrt werden, sind zeremonielle Rituale, das t\u00e4gliche Leben und Vorschriften betreffend das Rechtssystem des Stadtstaates in den beiden Sprachen Umbrisch und Latein beschrieben. Die Macht und Autonomie des Stadtstaates zeigt sich in der Achtung, die ihm die R\u00f6mer selbst w\u00e4hrend der Zeit ihrer Expansion in Mittelitalien erwiesen haben. Als die Etrusker, verb\u00fcndet mit Samniten, Umbriern und Galliern, mit der aufkommenden r\u00f6mischen Macht in Konflikt gerieten, blieben die Bewohner von Ikuvium neutral und unterzeichneten 295 v. Chr. einen B\u00fcndnisvertrag mit Rom selbst. Die politische Entscheidung brachte noch etwa zwei Jahrhunderte Frieden und Wohlstand, bis die r\u00f6mische Einmischung in den Stadtstaat unhaltbar wurde und die Umbrer zum Aufstand zwang, der von den R\u00f6mern mit der Aufnahme der Stadt in den Stamm Clustumina (90 v. Chr.) und der Proklamation des <em>Municipium Eugubium<\/em> (<em>oder Iguvium<\/em>) im Jahr 80 v. Chr. am Ende des B\u00fcrgerkriegs hart zur\u00fcckgeschlagen wurde.<\/p>\n<p>Die kaiserliche Herrschaft war eine bl\u00fchende und profitable Zeit f\u00fcr die Stadt Eugubium, die \u00fcber imposante und elegante \u00f6ffentliche und private Geb\u00e4uden verf\u00fcgte. Ein Beweis daf\u00fcr ist die Gr\u00f6\u00dfe des Theaters, das Platz f\u00fcr etwa siebentausend Menschen bot und somit die Gr\u00f6\u00dfe des damaligen Theaters von Pompeji \u00fcberschritt.<\/p>\n<p>Das Schicksal der Stadt \u00e4nderte sich mit dem Zerfall des Reiches dramatisch. Gubbio folgte im sechsten Jahrhundert dem Schicksal aller anderen italienischen St\u00e4dte, die von den Goten erobert wurden: zuerst von einem General von Totila (552) zerst\u00f6rt und dann von Narsete wieder aufgebaut. Nach einigen H\u00f6hen und Tiefen fiel sie zuerst in die H\u00e4nde der Byzantiner (592), dann der Langobarden (772), bis sie im zehnten Jahrhundert von den Ungarn erneut zerst\u00f6rt wurde und eine Zeit der tiefen Krise durchlief, die schlie\u00dflich um das Jahr 1000 endete.<\/p>\n<p><strong>DAS ZEITALTER DER KOMMUNEN UND DIE RENAISSANCE<\/strong><\/p>\n<p>Ab dem elften Jahrhundert erlebte Gubbio eine kurze Zeit der Unterwerfung unter die Herrschaft des Bischofs, bevor es zu einer freien Stadt wurde. W\u00e4hrend dieser Zeit durchlief Gubbio eine Zeit intensiver milit\u00e4rischer Aktivit\u00e4ten, die 1080 dazu f\u00fchrte, dass Gubbio Florenz gegen die Belagerung von <em>Heinrich IV. <\/em>unterst\u00fctzte und sich 1138 gegen die Belagerung durch <em>Friedrich Barbarossa<\/em> verteidigen musste. 1151 gewann Gubbio einen sehr harten Kampf gegen elf feindliche St\u00e4dte, angef\u00fchrt von der rivalisierenden Stadt Perugia. Dieser Sieg brachte ihr die Ehre und Anerkennung vieler Herrscher dieser Zeit ein, darunter <em>Heinrich IV<\/em>., <em>Barbarossa<\/em> und <em>Otto IV<\/em>.<\/p>\n<p>In dieser Zeit tauchte eine Schl\u00fcsselfigur in der Geschichte von Gubbio auf, <em>Ubaldo Baldassini<\/em>, der 1128 Bischof und 1192, etwa drei\u00dfig Jahre nach seinem Tod im Jahr 1160, zum Heiligen ernannt wurde. Dank der moralischen und strategischen Unterst\u00fctzung seiner Mitb\u00fcrger wurde Ubaldo stets verehrt, so dass der Bischof auch heute noch der Schutzpatron der Stadt ist und ihm die wichtigste Zeremonie der Volkstradition gewidmet ist: die Corsa dei Ceri am 15. Mai.<\/p>\n<p>Die expansionistischen Ziele von Gubbio mussten jedoch 1217 abrupt beendet werden, als die Stadt von einer Armee aus Perugia schwer geschlagen wurde. Trotz der internen K\u00e4mpfe zwischen Welfen und Ghibellinen, die in ganz Mittelitalien w\u00fcteten, erlebte die Stadt eine prachtvolle Zeit mit einem deutlichen Bev\u00f6lkerungszuwachs und dem Bau wichtiger \u00f6ffentlicher und religi\u00f6ser Geb\u00e4ude wie des Doms und des Palazzo dei Consoli sowie des Palazzo del Podest\u00e0. 1262 gelang es den Welfen, sich zu verbessern und das Schicksal der Gemeinde bis 1350 zu leiten, als die Tyrannei des Ghibelliners <em>Giovanni Gabrielli<\/em> begann. Es war Kardinal <em>Albornoz<\/em>, der einige Jahre sp\u00e4ter, 1354, den Thronr\u00e4uber besiegte, indem er die Stadt unter die p\u00e4pstliche \u00c4gide brachte.<\/p>\n<p>Die Einwohner Gubbios mussten die kirchliche Autorit\u00e4t, gegen die sie 1376 rebellierten, ertragen und so begann eine neue Zeit der K\u00e4mpfe innerhalb der Stadt, die sie schw\u00e4chten und zur leichten Beute f\u00fcr die Grafen von <em>Montefeltro<\/em> machten. Die Herz\u00f6ge von Urbino leiteten das Schicksal der Stadt f\u00fcr etwa drei Jahrhunderte, zuerst durch die <em>Montefeltro<\/em> (von 1384 bis 1508), danach durch die <em>Della<\/em> <em>Rovere<\/em> (von 1508 bis 1631), die Gubbio zu einem bl\u00fchendes Zentrum der Renaissance verwandelten. Im Auftrag von <em>Federico di Montefeltro<\/em> und dann von seinem Sohn <em>Guidobaldo<\/em> wurde der sch\u00f6ne Palazzo Ducale mit der Schaffung des Studiolo Eugubino nach dem ber\u00fchmten Vorbild in Urbino erbaut. In dieser Zeit entstanden einige der K\u00fcnste, die noch heute als die handwerkliche Vortrefflichkeit der Stadt gelten, darunter etwa die Verarbeitung von Keramik, Holz und Schmiedeeisen, die eine Zeit des Reichtums und des Wohlstands brachten. Diese endete die im siebzehnten Jahrhundert mit der Herrschaft der Kirche.<\/p>\n<p><strong>DIE MODERNE<\/strong><\/p>\n<p>Als 1631 die Dynastie der <em>Della Rovere<\/em> ausstarb, fiel Gubbio wieder unter die Herrschaft des Papstest und durchlief eine Phase des politischen und wirtschaftlichen Niedergangs. Im achtzehnten Jahrhundert wurde die Stadt mit der Ankunft der napoleonischen Truppen zun\u00e4chst an die Cisalpine Republik (1798) und dann an die R\u00f6mische Republik (1798-99) angegliedert und schlie\u00dflich an das Italienische K\u00f6nigreich (1808-14) \u00fcbergeben. Diese Reihe von politischen und milit\u00e4rischen Ereignissen nahm der Stadt Stabilit\u00e4t und Wohlstand, die erst ab 1860 mit dem Anschluss an den entstehenden italienischen Staat eine langsame Phase der Erholung erlebte und zur sch\u00f6nen Wiege der Traditionen und des lebendigen Tourismus wurde, die heute ist.<\/p>\n","protected":false},"excerpt":{"rendered":"<p>VON DEN URSPR\u00dcNGEN BIS INS MITTELALTER Aufgrund seiner g\u00fcnstigen geografischen Lage und vor allem dank der vorhandenen Wasserl\u00e4ufe, die die gesamte Region fruchtbar machten, wurde das Gebiet, in dem die Stadt liegt, schon vor sehr langer Zeit bewohnt und frequentiert. Zahlreiche H\u00f6hlen rund um das Stadtzentrum haben Keramikreste, \u00c4xte und Steinwaffen hervorgebracht, die von der [&hellip;]<\/p>\n","protected":false},"author":4,"featured_media":1955,"parent":2804,"menu_order":0,"comment_status":"closed","ping_status":"closed","template":"","meta":{"om_disable_all_campaigns":false,"_monsterinsights_skip_tracking":false,"_monsterinsights_sitenote_active":false,"_monsterinsights_sitenote_note":"","_monsterinsights_sitenote_category":0},"acf":[],"yoast_head":"<!-- This site is optimized with the Yoast SEO plugin v18.4.1 - https:\/\/yoast.com\/wordpress\/plugins\/seo\/ -->\n<title>Geschichte von Gubbio - Exploring Umbria<\/title>\n<meta name=\"description\" content=\"VON DEN URSPR\u00dcNGEN BIS INS MITTELALTER Aufgrund seiner g\u00fcnstigen geografischen Lage und vor allem dank der vorhandenen Wasserl\u00e4ufe, die die gesamte Region\" \/>\n<meta name=\"robots\" content=\"index, follow, max-snippet:-1, max-image-preview:large, max-video-preview:-1\" \/>\n<link rel=\"canonical\" href=\"https:\/\/www.exploring-umbria.com\/de\/entdecke-gubbio\/geschichte-von-gubbio\/\" \/>\n<meta property=\"og:locale\" content=\"de_DE\" \/>\n<meta property=\"og:type\" content=\"article\" \/>\n<meta property=\"og:title\" content=\"Geschichte von Gubbio - Exploring Umbria\" \/>\n<meta property=\"og:description\" content=\"VON DEN URSPR\u00dcNGEN BIS INS MITTELALTER Aufgrund seiner g\u00fcnstigen geografischen Lage und vor allem dank der vorhandenen Wasserl\u00e4ufe, die die gesamte Region\" \/>\n<meta property=\"og:url\" content=\"https:\/\/www.exploring-umbria.com\/de\/entdecke-gubbio\/geschichte-von-gubbio\/\" \/>\n<meta property=\"og:site_name\" content=\"Exploring Umbria\" \/>\n<meta property=\"article:publisher\" content=\"https:\/\/www.facebook.com\/exploringumbria\/\" \/>\n<meta property=\"article:modified_time\" content=\"2020-01-07T19:02:11+00:00\" \/>\n<meta property=\"og:image\" content=\"https:\/\/www.exploring-umbria.com\/wp-content\/uploads\/2019\/03\/GUBBIO-SCORCIO-1600x1066.jpeg\" \/>\n\t<meta property=\"og:image:width\" content=\"1600\" \/>\n\t<meta property=\"og:image:height\" content=\"1066\" \/>\n\t<meta property=\"og:image:type\" content=\"image\/jpeg\" \/>\n<meta name=\"twitter:card\" content=\"summary_large_image\" \/>\n<meta name=\"twitter:label1\" content=\"Gesch\u00e4tzte Lesezeit\" \/>\n\t<meta name=\"twitter:data1\" content=\"5\u00a0Minuten\" \/>\n<script type=\"application\/ld+json\" class=\"yoast-schema-graph\">{\"@context\":\"https:\/\/schema.org\",\"@graph\":[{\"@type\":\"Organization\",\"@id\":\"https:\/\/www.exploring-umbria.com\/de\/#organization\",\"name\":\"Exploring Umbria\",\"url\":\"https:\/\/www.exploring-umbria.com\/de\/\",\"sameAs\":[\"https:\/\/www.facebook.com\/exploringumbria\/\",\"https:\/\/www.instagram.com\/exploringumbria\/\"],\"logo\":{\"@type\":\"ImageObject\",\"@id\":\"https:\/\/www.exploring-umbria.com\/de\/#logo\",\"inLanguage\":\"de\",\"url\":\"https:\/\/www.exploring-umbria.com\/wp-content\/uploads\/2019\/08\/solo-logo-verde.jpg\",\"contentUrl\":\"https:\/\/www.exploring-umbria.com\/wp-content\/uploads\/2019\/08\/solo-logo-verde.jpg\",\"width\":952,\"height\":532,\"caption\":\"Exploring Umbria\"},\"image\":{\"@id\":\"https:\/\/www.exploring-umbria.com\/de\/#logo\"}},{\"@type\":\"WebSite\",\"@id\":\"https:\/\/www.exploring-umbria.com\/de\/#website\",\"url\":\"https:\/\/www.exploring-umbria.com\/de\/\",\"name\":\"Exploring Umbria\",\"description\":\"your dates, your mood, your trip\",\"publisher\":{\"@id\":\"https:\/\/www.exploring-umbria.com\/de\/#organization\"},\"potentialAction\":[{\"@type\":\"SearchAction\",\"target\":{\"@type\":\"EntryPoint\",\"urlTemplate\":\"https:\/\/www.exploring-umbria.com\/de\/?s={search_term_string}\"},\"query-input\":\"required name=search_term_string\"}],\"inLanguage\":\"de\"},{\"@type\":\"ImageObject\",\"@id\":\"https:\/\/www.exploring-umbria.com\/de\/entdecke-gubbio\/geschichte-von-gubbio\/#primaryimage\",\"inLanguage\":\"de\",\"url\":\"https:\/\/www.exploring-umbria.com\/wp-content\/uploads\/2019\/03\/GUBBIO-SCORCIO-1600x1066.jpeg\",\"contentUrl\":\"https:\/\/www.exploring-umbria.com\/wp-content\/uploads\/2019\/03\/GUBBIO-SCORCIO-1600x1066.jpeg\",\"width\":1600,\"height\":1066,\"caption\":\"Old passage in Gubbio, little town in Italy\"},{\"@type\":\"WebPage\",\"@id\":\"https:\/\/www.exploring-umbria.com\/de\/entdecke-gubbio\/geschichte-von-gubbio\/#webpage\",\"url\":\"https:\/\/www.exploring-umbria.com\/de\/entdecke-gubbio\/geschichte-von-gubbio\/\",\"name\":\"Geschichte von Gubbio - Exploring Umbria\",\"isPartOf\":{\"@id\":\"https:\/\/www.exploring-umbria.com\/de\/#website\"},\"primaryImageOfPage\":{\"@id\":\"https:\/\/www.exploring-umbria.com\/de\/entdecke-gubbio\/geschichte-von-gubbio\/#primaryimage\"},\"datePublished\":\"2019-03-14T19:04:56+00:00\",\"dateModified\":\"2020-01-07T19:02:11+00:00\",\"description\":\"VON DEN URSPR\u00dcNGEN BIS INS MITTELALTER Aufgrund seiner g\u00fcnstigen geografischen Lage und vor allem dank der vorhandenen Wasserl\u00e4ufe, die die gesamte Region\",\"breadcrumb\":{\"@id\":\"https:\/\/www.exploring-umbria.com\/de\/entdecke-gubbio\/geschichte-von-gubbio\/#breadcrumb\"},\"inLanguage\":\"de\",\"potentialAction\":[{\"@type\":\"ReadAction\",\"target\":[\"https:\/\/www.exploring-umbria.com\/de\/entdecke-gubbio\/geschichte-von-gubbio\/\"]}]},{\"@type\":\"BreadcrumbList\",\"@id\":\"https:\/\/www.exploring-umbria.com\/de\/entdecke-gubbio\/geschichte-von-gubbio\/#breadcrumb\",\"itemListElement\":[{\"@type\":\"ListItem\",\"position\":1,\"name\":\"Home\",\"item\":\"https:\/\/www.exploring-umbria.com\/de\/\"},{\"@type\":\"ListItem\",\"position\":2,\"name\":\"Entdecke Gubbio\",\"item\":\"https:\/\/www.exploring-umbria.com\/de\/entdecke-gubbio\/\"},{\"@type\":\"ListItem\",\"position\":3,\"name\":\"Geschichte von Gubbio\"}]}]}<\/script>\n<!-- \/ Yoast SEO plugin. -->","yoast_head_json":{"title":"Geschichte von Gubbio - Exploring Umbria","description":"VON DEN URSPR\u00dcNGEN BIS INS MITTELALTER Aufgrund seiner g\u00fcnstigen geografischen Lage und vor allem dank der vorhandenen Wasserl\u00e4ufe, die die gesamte Region","robots":{"index":"index","follow":"follow","max-snippet":"max-snippet:-1","max-image-preview":"max-image-preview:large","max-video-preview":"max-video-preview:-1"},"canonical":"https:\/\/www.exploring-umbria.com\/de\/entdecke-gubbio\/geschichte-von-gubbio\/","og_locale":"de_DE","og_type":"article","og_title":"Geschichte von Gubbio - Exploring Umbria","og_description":"VON DEN URSPR\u00dcNGEN BIS INS MITTELALTER Aufgrund seiner g\u00fcnstigen geografischen Lage und vor allem dank der vorhandenen Wasserl\u00e4ufe, die die gesamte Region","og_url":"https:\/\/www.exploring-umbria.com\/de\/entdecke-gubbio\/geschichte-von-gubbio\/","og_site_name":"Exploring Umbria","article_publisher":"https:\/\/www.facebook.com\/exploringumbria\/","article_modified_time":"2020-01-07T19:02:11+00:00","og_image":[{"width":1600,"height":1066,"url":"https:\/\/www.exploring-umbria.com\/wp-content\/uploads\/2019\/03\/GUBBIO-SCORCIO-1600x1066.jpeg","type":"image\/jpeg"}],"twitter_card":"summary_large_image","twitter_misc":{"Gesch\u00e4tzte Lesezeit":"5\u00a0Minuten"},"schema":{"@context":"https:\/\/schema.org","@graph":[{"@type":"Organization","@id":"https:\/\/www.exploring-umbria.com\/de\/#organization","name":"Exploring Umbria","url":"https:\/\/www.exploring-umbria.com\/de\/","sameAs":["https:\/\/www.facebook.com\/exploringumbria\/","https:\/\/www.instagram.com\/exploringumbria\/"],"logo":{"@type":"ImageObject","@id":"https:\/\/www.exploring-umbria.com\/de\/#logo","inLanguage":"de","url":"https:\/\/www.exploring-umbria.com\/wp-content\/uploads\/2019\/08\/solo-logo-verde.jpg","contentUrl":"https:\/\/www.exploring-umbria.com\/wp-content\/uploads\/2019\/08\/solo-logo-verde.jpg","width":952,"height":532,"caption":"Exploring Umbria"},"image":{"@id":"https:\/\/www.exploring-umbria.com\/de\/#logo"}},{"@type":"WebSite","@id":"https:\/\/www.exploring-umbria.com\/de\/#website","url":"https:\/\/www.exploring-umbria.com\/de\/","name":"Exploring Umbria","description":"your dates, your mood, your trip","publisher":{"@id":"https:\/\/www.exploring-umbria.com\/de\/#organization"},"potentialAction":[{"@type":"SearchAction","target":{"@type":"EntryPoint","urlTemplate":"https:\/\/www.exploring-umbria.com\/de\/?s={search_term_string}"},"query-input":"required name=search_term_string"}],"inLanguage":"de"},{"@type":"ImageObject","@id":"https:\/\/www.exploring-umbria.com\/de\/entdecke-gubbio\/geschichte-von-gubbio\/#primaryimage","inLanguage":"de","url":"https:\/\/www.exploring-umbria.com\/wp-content\/uploads\/2019\/03\/GUBBIO-SCORCIO-1600x1066.jpeg","contentUrl":"https:\/\/www.exploring-umbria.com\/wp-content\/uploads\/2019\/03\/GUBBIO-SCORCIO-1600x1066.jpeg","width":1600,"height":1066,"caption":"Old passage in Gubbio, little town in Italy"},{"@type":"WebPage","@id":"https:\/\/www.exploring-umbria.com\/de\/entdecke-gubbio\/geschichte-von-gubbio\/#webpage","url":"https:\/\/www.exploring-umbria.com\/de\/entdecke-gubbio\/geschichte-von-gubbio\/","name":"Geschichte von Gubbio - Exploring Umbria","isPartOf":{"@id":"https:\/\/www.exploring-umbria.com\/de\/#website"},"primaryImageOfPage":{"@id":"https:\/\/www.exploring-umbria.com\/de\/entdecke-gubbio\/geschichte-von-gubbio\/#primaryimage"},"datePublished":"2019-03-14T19:04:56+00:00","dateModified":"2020-01-07T19:02:11+00:00","description":"VON DEN URSPR\u00dcNGEN BIS INS MITTELALTER Aufgrund seiner g\u00fcnstigen geografischen Lage und vor allem dank der vorhandenen Wasserl\u00e4ufe, die die gesamte Region","breadcrumb":{"@id":"https:\/\/www.exploring-umbria.com\/de\/entdecke-gubbio\/geschichte-von-gubbio\/#breadcrumb"},"inLanguage":"de","potentialAction":[{"@type":"ReadAction","target":["https:\/\/www.exploring-umbria.com\/de\/entdecke-gubbio\/geschichte-von-gubbio\/"]}]},{"@type":"BreadcrumbList","@id":"https:\/\/www.exploring-umbria.com\/de\/entdecke-gubbio\/geschichte-von-gubbio\/#breadcrumb","itemListElement":[{"@type":"ListItem","position":1,"name":"Home","item":"https:\/\/www.exploring-umbria.com\/de\/"},{"@type":"ListItem","position":2,"name":"Entdecke Gubbio","item":"https:\/\/www.exploring-umbria.com\/de\/entdecke-gubbio\/"},{"@type":"ListItem","position":3,"name":"Geschichte von Gubbio"}]}]}},"_links":{"self":[{"href":"https:\/\/www.exploring-umbria.com\/de\/wp-json\/wp\/v2\/pages\/2764"}],"collection":[{"href":"https:\/\/www.exploring-umbria.com\/de\/wp-json\/wp\/v2\/pages"}],"about":[{"href":"https:\/\/www.exploring-umbria.com\/de\/wp-json\/wp\/v2\/types\/page"}],"author":[{"embeddable":true,"href":"https:\/\/www.exploring-umbria.com\/de\/wp-json\/wp\/v2\/users\/4"}],"replies":[{"embeddable":true,"href":"https:\/\/www.exploring-umbria.com\/de\/wp-json\/wp\/v2\/comments?post=2764"}],"version-history":[{"count":4,"href":"https:\/\/www.exploring-umbria.com\/de\/wp-json\/wp\/v2\/pages\/2764\/revisions"}],"predecessor-version":[{"id":27377,"href":"https:\/\/www.exploring-umbria.com\/de\/wp-json\/wp\/v2\/pages\/2764\/revisions\/27377"}],"up":[{"embeddable":true,"href":"https:\/\/www.exploring-umbria.com\/de\/wp-json\/wp\/v2\/pages\/2804"}],"wp:featuredmedia":[{"embeddable":true,"href":"https:\/\/www.exploring-umbria.com\/de\/wp-json\/wp\/v2\/media\/1955"}],"wp:attachment":[{"href":"https:\/\/www.exploring-umbria.com\/de\/wp-json\/wp\/v2\/media?parent=2764"}],"curies":[{"name":"wp","href":"https:\/\/api.w.org\/{rel}","templated":true}]}}