{"id":2763,"date":"2019-03-14T20:07:36","date_gmt":"2019-03-14T19:07:36","guid":{"rendered":"https:\/\/www.exploring-umbria.com\/artigianato-di-gubbio\/"},"modified":"2019-12-24T10:27:52","modified_gmt":"2019-12-24T09:27:52","slug":"handwerk-in-gubbio","status":"publish","type":"page","link":"https:\/\/www.exploring-umbria.com\/de\/entdecke-gubbio\/handwerk-in-gubbio\/","title":{"rendered":"Handwerk in Gubbio"},"content":{"rendered":"<p>Innerhalb der alten Mauern dieser mittelalterlichen Stadt ist das Handwerk der Vergangenheit erhalten geblieben. Dies ist der Frische und der Meisterhaftigkeit der Handwerker seit der Antike zu verdanken. Viele Initiativen tragen dazu bei, dieses gro\u00dfe k\u00fcnstlerische und handwerkliche Erbe beizubehalten, das einen echten Reichtum f\u00fcr Gubbio darstellt: von der Herstellung <strong>feiner Stickereien<\/strong> bis hin zur <strong>Verarbeitung von Leder<\/strong>. Eine vordergr\u00fcndige Rolle f\u00fcr die Stadt Gubbio und f\u00fcr ganz Umbrien und Italien nehmen dabei jedoch die <strong>Verarbeitung von Keramik, Holz und Schmiedeeisen<\/strong> ein. Diese von Generation zu Generation weitergegebenen K\u00fcnste z\u00e4hlten in der Neuzeit zum Stolz der Stadt und entwickelten sich vor allem vom f\u00fcnfzehnten bis sechzehnten Jahrhundert unter der bl\u00fchenden Herrschaft der Grafen von Urbino. Die sch\u00f6nen Keramiken von Gubbio sind haupts\u00e4chlich mit dem Werk des ber\u00fchmten Kundschafters <strong>Mastro Giorgio Andreoli<\/strong> verbunden, dessen Meisterwerke im Museo cittadino della Ceramica di Porta Romano aufbewahrt werden. In j\u00fcngerer Zeit, etwa ab 1920, erlebte die T\u00e4tigkeit mit der Er\u00f6ffnung zahlreicher Gesch\u00e4fte in der Stadt neuen Aufschwung. Die Tradition der Holzverarbeitung wird in der historischen Universit\u00e0 dei Falegnami bewahrt, die immer noch in Betrieb ist. Sie steht allen Werkst\u00e4tten von Kunsthandwerkern f\u00fcr <strong>M\u00f6bel im Stil<\/strong>, insbesondere der Renaissance, und den Schulen junger Besch\u00e4ftigter, die sich mit der Herstellung von <strong>Lauten<\/strong> und der Restaurierung von Holzm\u00f6beln befassen, vor.<\/p>\n<p>Wenn Sie durch die Stra\u00dfen der Stadt gehen, empfehlen wir Ihnen, eine der vielen <strong>Schmieden<\/strong> aufzusuchen, die \u00fcber das gesamte historische Zentrum verteilt sind, denn dort k\u00f6nnen Sie auf modernisierte Weise noch immer die erstaunliche Kunstfertigkeit dieser Handwerker bewundern, mit Akzenten von Jugendstil und Art Deco, den traditionellen Formen der Gotik und der Renaissance. In Gubbio haben Vergangenheit und Gegenwart einen Weg gefunden, um sich harmonisch miteinander zu verbinden.<\/p>\n","protected":false},"excerpt":{"rendered":"<p>Innerhalb der alten Mauern dieser mittelalterlichen Stadt ist das Handwerk der Vergangenheit erhalten geblieben. Dies ist der Frische und der Meisterhaftigkeit der Handwerker seit der Antike zu verdanken. Viele Initiativen tragen dazu bei, dieses gro\u00dfe k\u00fcnstlerische und handwerkliche Erbe beizubehalten, das einen echten Reichtum f\u00fcr Gubbio darstellt: von der Herstellung feiner Stickereien bis hin zur [&hellip;]<\/p>\n","protected":false},"author":4,"featured_media":6173,"parent":2804,"menu_order":0,"comment_status":"closed","ping_status":"closed","template":"","meta":{"om_disable_all_campaigns":false,"_monsterinsights_skip_tracking":false,"_monsterinsights_sitenote_active":false,"_monsterinsights_sitenote_note":"","_monsterinsights_sitenote_category":0},"acf":[],"yoast_head":"<!-- This site is optimized with the Yoast SEO plugin v18.4.1 - https:\/\/yoast.com\/wordpress\/plugins\/seo\/ -->\n<title>Handwerk in Gubbio - Exploring Umbria<\/title>\n<meta name=\"description\" content=\"Innerhalb der alten Mauern dieser mittelalterlichen Stadt ist das Handwerk der Vergangenheit erhalten geblieben. Dies ist der Frische und der\" \/>\n<meta name=\"robots\" content=\"index, follow, max-snippet:-1, max-image-preview:large, max-video-preview:-1\" \/>\n<link rel=\"canonical\" href=\"https:\/\/www.exploring-umbria.com\/de\/entdecke-gubbio\/handwerk-in-gubbio\/\" \/>\n<meta property=\"og:locale\" content=\"de_DE\" \/>\n<meta property=\"og:type\" content=\"article\" \/>\n<meta property=\"og:title\" content=\"Handwerk in Gubbio - Exploring Umbria\" \/>\n<meta property=\"og:description\" content=\"Innerhalb der alten Mauern dieser mittelalterlichen Stadt ist das Handwerk der Vergangenheit erhalten geblieben. Dies ist der Frische und der\" \/>\n<meta property=\"og:url\" content=\"https:\/\/www.exploring-umbria.com\/de\/entdecke-gubbio\/handwerk-in-gubbio\/\" \/>\n<meta property=\"og:site_name\" content=\"Exploring Umbria\" \/>\n<meta property=\"article:publisher\" content=\"https:\/\/www.facebook.com\/exploringumbria\/\" \/>\n<meta property=\"article:modified_time\" content=\"2019-12-24T09:27:52+00:00\" \/>\n<meta property=\"og:image\" content=\"https:\/\/www.exploring-umbria.com\/wp-content\/uploads\/2019\/05\/DERUTA-COCCI-DI-CERAMICA.jpeg\" \/>\n\t<meta property=\"og:image:width\" content=\"1800\" \/>\n\t<meta property=\"og:image:height\" content=\"1200\" \/>\n\t<meta property=\"og:image:type\" content=\"image\/jpeg\" \/>\n<meta name=\"twitter:card\" content=\"summary_large_image\" \/>\n<meta name=\"twitter:label1\" content=\"Gesch\u00e4tzte Lesezeit\" \/>\n\t<meta name=\"twitter:data1\" content=\"2\u00a0Minuten\" \/>\n<script type=\"application\/ld+json\" class=\"yoast-schema-graph\">{\"@context\":\"https:\/\/schema.org\",\"@graph\":[{\"@type\":\"Organization\",\"@id\":\"https:\/\/www.exploring-umbria.com\/de\/#organization\",\"name\":\"Exploring Umbria\",\"url\":\"https:\/\/www.exploring-umbria.com\/de\/\",\"sameAs\":[\"https:\/\/www.facebook.com\/exploringumbria\/\",\"https:\/\/www.instagram.com\/exploringumbria\/\"],\"logo\":{\"@type\":\"ImageObject\",\"@id\":\"https:\/\/www.exploring-umbria.com\/de\/#logo\",\"inLanguage\":\"de\",\"url\":\"https:\/\/www.exploring-umbria.com\/wp-content\/uploads\/2019\/08\/solo-logo-verde.jpg\",\"contentUrl\":\"https:\/\/www.exploring-umbria.com\/wp-content\/uploads\/2019\/08\/solo-logo-verde.jpg\",\"width\":952,\"height\":532,\"caption\":\"Exploring Umbria\"},\"image\":{\"@id\":\"https:\/\/www.exploring-umbria.com\/de\/#logo\"}},{\"@type\":\"WebSite\",\"@id\":\"https:\/\/www.exploring-umbria.com\/de\/#website\",\"url\":\"https:\/\/www.exploring-umbria.com\/de\/\",\"name\":\"Exploring Umbria\",\"description\":\"your dates, your mood, your trip\",\"publisher\":{\"@id\":\"https:\/\/www.exploring-umbria.com\/de\/#organization\"},\"potentialAction\":[{\"@type\":\"SearchAction\",\"target\":{\"@type\":\"EntryPoint\",\"urlTemplate\":\"https:\/\/www.exploring-umbria.com\/de\/?s={search_term_string}\"},\"query-input\":\"required name=search_term_string\"}],\"inLanguage\":\"de\"},{\"@type\":\"ImageObject\",\"@id\":\"https:\/\/www.exploring-umbria.com\/de\/entdecke-gubbio\/handwerk-in-gubbio\/#primaryimage\",\"inLanguage\":\"de\",\"url\":\"https:\/\/www.exploring-umbria.com\/wp-content\/uploads\/2019\/05\/DERUTA-COCCI-DI-CERAMICA.jpeg\",\"contentUrl\":\"https:\/\/www.exploring-umbria.com\/wp-content\/uploads\/2019\/05\/DERUTA-COCCI-DI-CERAMICA.jpeg\",\"width\":1800,\"height\":1200,\"caption\":\"Tour in bici del vino\"},{\"@type\":\"WebPage\",\"@id\":\"https:\/\/www.exploring-umbria.com\/de\/entdecke-gubbio\/handwerk-in-gubbio\/#webpage\",\"url\":\"https:\/\/www.exploring-umbria.com\/de\/entdecke-gubbio\/handwerk-in-gubbio\/\",\"name\":\"Handwerk in Gubbio - Exploring Umbria\",\"isPartOf\":{\"@id\":\"https:\/\/www.exploring-umbria.com\/de\/#website\"},\"primaryImageOfPage\":{\"@id\":\"https:\/\/www.exploring-umbria.com\/de\/entdecke-gubbio\/handwerk-in-gubbio\/#primaryimage\"},\"datePublished\":\"2019-03-14T19:07:36+00:00\",\"dateModified\":\"2019-12-24T09:27:52+00:00\",\"description\":\"Innerhalb der alten Mauern dieser mittelalterlichen Stadt ist das Handwerk der Vergangenheit erhalten geblieben. Dies ist der Frische und der\",\"breadcrumb\":{\"@id\":\"https:\/\/www.exploring-umbria.com\/de\/entdecke-gubbio\/handwerk-in-gubbio\/#breadcrumb\"},\"inLanguage\":\"de\",\"potentialAction\":[{\"@type\":\"ReadAction\",\"target\":[\"https:\/\/www.exploring-umbria.com\/de\/entdecke-gubbio\/handwerk-in-gubbio\/\"]}]},{\"@type\":\"BreadcrumbList\",\"@id\":\"https:\/\/www.exploring-umbria.com\/de\/entdecke-gubbio\/handwerk-in-gubbio\/#breadcrumb\",\"itemListElement\":[{\"@type\":\"ListItem\",\"position\":1,\"name\":\"Home\",\"item\":\"https:\/\/www.exploring-umbria.com\/de\/\"},{\"@type\":\"ListItem\",\"position\":2,\"name\":\"Entdecke Gubbio\",\"item\":\"https:\/\/www.exploring-umbria.com\/de\/entdecke-gubbio\/\"},{\"@type\":\"ListItem\",\"position\":3,\"name\":\"Handwerk in Gubbio\"}]}]}<\/script>\n<!-- \/ Yoast SEO plugin. -->","yoast_head_json":{"title":"Handwerk in Gubbio - Exploring Umbria","description":"Innerhalb der alten Mauern dieser mittelalterlichen Stadt ist das Handwerk der Vergangenheit erhalten geblieben. Dies ist der Frische und der","robots":{"index":"index","follow":"follow","max-snippet":"max-snippet:-1","max-image-preview":"max-image-preview:large","max-video-preview":"max-video-preview:-1"},"canonical":"https:\/\/www.exploring-umbria.com\/de\/entdecke-gubbio\/handwerk-in-gubbio\/","og_locale":"de_DE","og_type":"article","og_title":"Handwerk in Gubbio - Exploring Umbria","og_description":"Innerhalb der alten Mauern dieser mittelalterlichen Stadt ist das Handwerk der Vergangenheit erhalten geblieben. Dies ist der Frische und der","og_url":"https:\/\/www.exploring-umbria.com\/de\/entdecke-gubbio\/handwerk-in-gubbio\/","og_site_name":"Exploring Umbria","article_publisher":"https:\/\/www.facebook.com\/exploringumbria\/","article_modified_time":"2019-12-24T09:27:52+00:00","og_image":[{"width":1800,"height":1200,"url":"https:\/\/www.exploring-umbria.com\/wp-content\/uploads\/2019\/05\/DERUTA-COCCI-DI-CERAMICA.jpeg","type":"image\/jpeg"}],"twitter_card":"summary_large_image","twitter_misc":{"Gesch\u00e4tzte Lesezeit":"2\u00a0Minuten"},"schema":{"@context":"https:\/\/schema.org","@graph":[{"@type":"Organization","@id":"https:\/\/www.exploring-umbria.com\/de\/#organization","name":"Exploring Umbria","url":"https:\/\/www.exploring-umbria.com\/de\/","sameAs":["https:\/\/www.facebook.com\/exploringumbria\/","https:\/\/www.instagram.com\/exploringumbria\/"],"logo":{"@type":"ImageObject","@id":"https:\/\/www.exploring-umbria.com\/de\/#logo","inLanguage":"de","url":"https:\/\/www.exploring-umbria.com\/wp-content\/uploads\/2019\/08\/solo-logo-verde.jpg","contentUrl":"https:\/\/www.exploring-umbria.com\/wp-content\/uploads\/2019\/08\/solo-logo-verde.jpg","width":952,"height":532,"caption":"Exploring Umbria"},"image":{"@id":"https:\/\/www.exploring-umbria.com\/de\/#logo"}},{"@type":"WebSite","@id":"https:\/\/www.exploring-umbria.com\/de\/#website","url":"https:\/\/www.exploring-umbria.com\/de\/","name":"Exploring Umbria","description":"your dates, your mood, your trip","publisher":{"@id":"https:\/\/www.exploring-umbria.com\/de\/#organization"},"potentialAction":[{"@type":"SearchAction","target":{"@type":"EntryPoint","urlTemplate":"https:\/\/www.exploring-umbria.com\/de\/?s={search_term_string}"},"query-input":"required name=search_term_string"}],"inLanguage":"de"},{"@type":"ImageObject","@id":"https:\/\/www.exploring-umbria.com\/de\/entdecke-gubbio\/handwerk-in-gubbio\/#primaryimage","inLanguage":"de","url":"https:\/\/www.exploring-umbria.com\/wp-content\/uploads\/2019\/05\/DERUTA-COCCI-DI-CERAMICA.jpeg","contentUrl":"https:\/\/www.exploring-umbria.com\/wp-content\/uploads\/2019\/05\/DERUTA-COCCI-DI-CERAMICA.jpeg","width":1800,"height":1200,"caption":"Tour in bici del vino"},{"@type":"WebPage","@id":"https:\/\/www.exploring-umbria.com\/de\/entdecke-gubbio\/handwerk-in-gubbio\/#webpage","url":"https:\/\/www.exploring-umbria.com\/de\/entdecke-gubbio\/handwerk-in-gubbio\/","name":"Handwerk in Gubbio - Exploring Umbria","isPartOf":{"@id":"https:\/\/www.exploring-umbria.com\/de\/#website"},"primaryImageOfPage":{"@id":"https:\/\/www.exploring-umbria.com\/de\/entdecke-gubbio\/handwerk-in-gubbio\/#primaryimage"},"datePublished":"2019-03-14T19:07:36+00:00","dateModified":"2019-12-24T09:27:52+00:00","description":"Innerhalb der alten Mauern dieser mittelalterlichen Stadt ist das Handwerk der Vergangenheit erhalten geblieben. Dies ist der Frische und der","breadcrumb":{"@id":"https:\/\/www.exploring-umbria.com\/de\/entdecke-gubbio\/handwerk-in-gubbio\/#breadcrumb"},"inLanguage":"de","potentialAction":[{"@type":"ReadAction","target":["https:\/\/www.exploring-umbria.com\/de\/entdecke-gubbio\/handwerk-in-gubbio\/"]}]},{"@type":"BreadcrumbList","@id":"https:\/\/www.exploring-umbria.com\/de\/entdecke-gubbio\/handwerk-in-gubbio\/#breadcrumb","itemListElement":[{"@type":"ListItem","position":1,"name":"Home","item":"https:\/\/www.exploring-umbria.com\/de\/"},{"@type":"ListItem","position":2,"name":"Entdecke Gubbio","item":"https:\/\/www.exploring-umbria.com\/de\/entdecke-gubbio\/"},{"@type":"ListItem","position":3,"name":"Handwerk in Gubbio"}]}]}},"_links":{"self":[{"href":"https:\/\/www.exploring-umbria.com\/de\/wp-json\/wp\/v2\/pages\/2763"}],"collection":[{"href":"https:\/\/www.exploring-umbria.com\/de\/wp-json\/wp\/v2\/pages"}],"about":[{"href":"https:\/\/www.exploring-umbria.com\/de\/wp-json\/wp\/v2\/types\/page"}],"author":[{"embeddable":true,"href":"https:\/\/www.exploring-umbria.com\/de\/wp-json\/wp\/v2\/users\/4"}],"replies":[{"embeddable":true,"href":"https:\/\/www.exploring-umbria.com\/de\/wp-json\/wp\/v2\/comments?post=2763"}],"version-history":[{"count":3,"href":"https:\/\/www.exploring-umbria.com\/de\/wp-json\/wp\/v2\/pages\/2763\/revisions"}],"predecessor-version":[{"id":26591,"href":"https:\/\/www.exploring-umbria.com\/de\/wp-json\/wp\/v2\/pages\/2763\/revisions\/26591"}],"up":[{"embeddable":true,"href":"https:\/\/www.exploring-umbria.com\/de\/wp-json\/wp\/v2\/pages\/2804"}],"wp:featuredmedia":[{"embeddable":true,"href":"https:\/\/www.exploring-umbria.com\/de\/wp-json\/wp\/v2\/media\/6173"}],"wp:attachment":[{"href":"https:\/\/www.exploring-umbria.com\/de\/wp-json\/wp\/v2\/media?parent=2763"}],"curies":[{"name":"wp","href":"https:\/\/api.w.org\/{rel}","templated":true}]}}