{"id":2756,"date":"2019-03-14T20:10:52","date_gmt":"2019-03-14T19:10:52","guid":{"rendered":"https:\/\/www.exploring-umbria.com\/eventi-a-gubbio\/"},"modified":"2019-12-24T10:31:41","modified_gmt":"2019-12-24T09:31:41","slug":"veranstaltungen-in-gubbio","status":"publish","type":"page","link":"https:\/\/www.exploring-umbria.com\/de\/entdecke-gubbio\/veranstaltungen-in-gubbio\/","title":{"rendered":"Veranstaltungen in Gubbio"},"content":{"rendered":"<p>Wir k\u00f6nnen nicht \u00fcber Gubbio sprechen, ohne die Ceri und das ihnen gewidmete Fest zu erw\u00e4hnen. Jedes Jahr am 15. Mai werden drei monumentale Holzstrukturen, die aus zwei hohlen achteckigen Prismen bestehen und von den Statuen der drei Schutzheiligen der Kunst der Stadt \u00fcberragt werden, auf einer Strecke von etwa 4 Kilometern durch die Stra\u00dfe der Stadt getragen, die auf den Gipfel des Monte Igino zur Basilika S. Ubaldo befindet. Anl\u00e4sslich der feierlichen Zeremonie sind die Stra\u00dfen mit den Farben der drei Heiligen geschm\u00fcckt: Gelb f\u00fcr S. Ubaldo (Schutzpatron der Stadt und Besch\u00fctzer er Maurer und Steinmetze), Blau f\u00fcr S. Giorgio (Besch\u00fctzer der Kaufleute und Handwerker) und Schwarz f\u00fcr S. Antonio (Besch\u00fctzer der Bauern und Studenten). In der Luft schwingen die Kl\u00e4nge der Glocke des Palazzo dei Consoli, wenn am Nachmittag das Rennen beginnt, das kein Wettkampf ist, denn die Heiligen kommen in der am Beginn gew\u00e4hlten Reihenfolge in der Basilika an, wobei der Heilige Ubaldo stets voranschreitet. Die k\u00f6rperliche Anstrengung der Ceraioli ist nicht unbedeutend: Mannschaften von zehn Personen tragen auf ihren Schultern, maximal siebzig Meter weit, die monumentalen, vier Meter hohen und etwa 400 Kilo schweren Kerzen, bevor sie durch ein zweites Team ersetzt werden. Das Ereignis ist der wichtigste Moment des Jahres f\u00fcr die Einwohner von Gubbio, seine Urspr\u00fcnge verlieren sich irgendwo in der Geschichte. Nach Ansicht einiger entstand das Fest in heidnischen Zeiten aus den Riten, die der G\u00f6ttin Ceres, Besch\u00fctzerin der Ernte, gewidmet waren, andere behaupten es w\u00e4re die Nachahmung der Trauerprozession, bei der der Sarg des Heiligen an seinem Todestag, am 16. Mai 1160, von Kerzenlicht begleitet wurde. Wo auch immer die Wahrheit liegt, die <strong>Festa dei Ceri<\/strong> ist sicherlich ein Ereignis, das Sie nicht verpassen sollten!<\/p>\n<p>Die mittelalterliche Tradition der Stadt ist eng mit zwei weiteren Veranstaltungen verbunden, die die Stadtviertel von Gubbio beleben: <strong>Palio della Balestra<\/strong> am letzten Sonntag im Mai, und <strong>Torneo dei Quartieri<\/strong> am 14. August, die beide dem Schie\u00dfen mit der mittelalterlichen Armbrust gewidmet sind. Bei der ersten Veranstaltung treten die Mitglieder der Armbrustgruppen von Gubbio und Sansepolcro gegeneinander an, bei der zweite die Armbrustgruppen von Gubbio in den vier Stadtteilen (Sant&#8217;Andrea, San Giuliano, San Martino, San Pietro).<\/p>\n<p>Wenn es stimmt, dass Geschichte und Tradition einzigartige Lehrmeister sind, dann ist Gubbio noch viel mehr: Musikliebhaber m\u00fcssen die Stadt in den Sommermonaten Juli und August anl\u00e4sslich des <strong>Gubbio Summer Festival<\/strong> besuchen. Dabei handelt es sich um eine Veranstaltung, auf die sich die Einwohner und Touristen freuen, und die musikalischen Darbietungen von Konzertdarstellern \u2013 Lehrern und Profis \u2013 aber auch von vielen jungen Talenten aus der ganzen Welt Raum gibt und den H\u00f6rern zeitlose Emotionen bietet.<\/p>\n<p>Wenn Sie jedoch Licht und Weihnachtsstimmung lieben, wird Gubbio Sie mit einer Besonderheit \u00fcberraschen: <strong>Der gr\u00f6\u00dfte Weihnachtsbaum der Welt<\/strong> ist das beeindruckende Schauspiel eines Baums, der aus mehr als 800 Lichtern besteht, 800 Meter hoch und 400 Meter breit ist und sich \u00fcber den gesamten Hang des Berges Igino vom Tal bis zum Gipfel erstreckt. Er wird\u00a0 jedes Jahr am 7. Dezember beleuchtet wird. Diese Emotionen k\u00f6nnen mit Worten nicht beschreiben werden!<\/p>\n","protected":false},"excerpt":{"rendered":"<p>Wir k\u00f6nnen nicht \u00fcber Gubbio sprechen, ohne die Ceri und das ihnen gewidmete Fest zu erw\u00e4hnen. Jedes Jahr am 15. Mai werden drei monumentale Holzstrukturen, die aus zwei hohlen achteckigen Prismen bestehen und von den Statuen der drei Schutzheiligen der Kunst der Stadt \u00fcberragt werden, auf einer Strecke von etwa 4 Kilometern durch die Stra\u00dfe [&hellip;]<\/p>\n","protected":false},"author":4,"featured_media":8273,"parent":2804,"menu_order":0,"comment_status":"closed","ping_status":"closed","template":"","meta":{"om_disable_all_campaigns":false,"_monsterinsights_skip_tracking":false,"_monsterinsights_sitenote_active":false,"_monsterinsights_sitenote_note":"","_monsterinsights_sitenote_category":0},"acf":[],"yoast_head":"<!-- This site is optimized with the Yoast SEO plugin v18.4.1 - https:\/\/yoast.com\/wordpress\/plugins\/seo\/ -->\n<title>Veranstaltungen in Gubbio - Exploring Umbria<\/title>\n<meta name=\"description\" content=\"Wir k\u00f6nnen nicht \u00fcber Gubbio sprechen, ohne die Ceri und das ihnen gewidmete Fest zu erw\u00e4hnen. Jedes Jahr am 15. Mai werden drei monumentale\" \/>\n<meta name=\"robots\" content=\"index, follow, max-snippet:-1, max-image-preview:large, max-video-preview:-1\" \/>\n<link rel=\"canonical\" href=\"https:\/\/www.exploring-umbria.com\/de\/entdecke-gubbio\/veranstaltungen-in-gubbio\/\" \/>\n<meta property=\"og:locale\" content=\"de_DE\" \/>\n<meta property=\"og:type\" content=\"article\" \/>\n<meta property=\"og:title\" content=\"Veranstaltungen in Gubbio - Exploring Umbria\" \/>\n<meta property=\"og:description\" content=\"Wir k\u00f6nnen nicht \u00fcber Gubbio sprechen, ohne die Ceri und das ihnen gewidmete Fest zu erw\u00e4hnen. Jedes Jahr am 15. Mai werden drei monumentale\" \/>\n<meta property=\"og:url\" content=\"https:\/\/www.exploring-umbria.com\/de\/entdecke-gubbio\/veranstaltungen-in-gubbio\/\" \/>\n<meta property=\"og:site_name\" content=\"Exploring Umbria\" \/>\n<meta property=\"article:publisher\" content=\"https:\/\/www.facebook.com\/exploringumbria\/\" \/>\n<meta property=\"article:modified_time\" content=\"2019-12-24T09:31:41+00:00\" \/>\n<meta property=\"og:image\" content=\"https:\/\/www.exploring-umbria.com\/wp-content\/uploads\/2019\/05\/CERI-GUBBIO-4.jpg\" \/>\n\t<meta property=\"og:image:width\" content=\"1229\" \/>\n\t<meta property=\"og:image:height\" content=\"818\" \/>\n\t<meta property=\"og:image:type\" content=\"image\/jpeg\" \/>\n<meta name=\"twitter:card\" content=\"summary_large_image\" \/>\n<meta name=\"twitter:label1\" content=\"Gesch\u00e4tzte Lesezeit\" \/>\n\t<meta name=\"twitter:data1\" content=\"3\u00a0Minuten\" \/>\n<script type=\"application\/ld+json\" class=\"yoast-schema-graph\">{\"@context\":\"https:\/\/schema.org\",\"@graph\":[{\"@type\":\"Organization\",\"@id\":\"https:\/\/www.exploring-umbria.com\/de\/#organization\",\"name\":\"Exploring Umbria\",\"url\":\"https:\/\/www.exploring-umbria.com\/de\/\",\"sameAs\":[\"https:\/\/www.facebook.com\/exploringumbria\/\",\"https:\/\/www.instagram.com\/exploringumbria\/\"],\"logo\":{\"@type\":\"ImageObject\",\"@id\":\"https:\/\/www.exploring-umbria.com\/de\/#logo\",\"inLanguage\":\"de\",\"url\":\"https:\/\/www.exploring-umbria.com\/wp-content\/uploads\/2019\/08\/solo-logo-verde.jpg\",\"contentUrl\":\"https:\/\/www.exploring-umbria.com\/wp-content\/uploads\/2019\/08\/solo-logo-verde.jpg\",\"width\":952,\"height\":532,\"caption\":\"Exploring Umbria\"},\"image\":{\"@id\":\"https:\/\/www.exploring-umbria.com\/de\/#logo\"}},{\"@type\":\"WebSite\",\"@id\":\"https:\/\/www.exploring-umbria.com\/de\/#website\",\"url\":\"https:\/\/www.exploring-umbria.com\/de\/\",\"name\":\"Exploring Umbria\",\"description\":\"your dates, your mood, your trip\",\"publisher\":{\"@id\":\"https:\/\/www.exploring-umbria.com\/de\/#organization\"},\"potentialAction\":[{\"@type\":\"SearchAction\",\"target\":{\"@type\":\"EntryPoint\",\"urlTemplate\":\"https:\/\/www.exploring-umbria.com\/de\/?s={search_term_string}\"},\"query-input\":\"required name=search_term_string\"}],\"inLanguage\":\"de\"},{\"@type\":\"ImageObject\",\"@id\":\"https:\/\/www.exploring-umbria.com\/de\/entdecke-gubbio\/veranstaltungen-in-gubbio\/#primaryimage\",\"inLanguage\":\"de\",\"url\":\"https:\/\/www.exploring-umbria.com\/wp-content\/uploads\/2019\/05\/CERI-GUBBIO-4.jpg\",\"contentUrl\":\"https:\/\/www.exploring-umbria.com\/wp-content\/uploads\/2019\/05\/CERI-GUBBIO-4.jpg\",\"width\":1229,\"height\":818,\"caption\":\"la fe\"},{\"@type\":\"WebPage\",\"@id\":\"https:\/\/www.exploring-umbria.com\/de\/entdecke-gubbio\/veranstaltungen-in-gubbio\/#webpage\",\"url\":\"https:\/\/www.exploring-umbria.com\/de\/entdecke-gubbio\/veranstaltungen-in-gubbio\/\",\"name\":\"Veranstaltungen in Gubbio - Exploring Umbria\",\"isPartOf\":{\"@id\":\"https:\/\/www.exploring-umbria.com\/de\/#website\"},\"primaryImageOfPage\":{\"@id\":\"https:\/\/www.exploring-umbria.com\/de\/entdecke-gubbio\/veranstaltungen-in-gubbio\/#primaryimage\"},\"datePublished\":\"2019-03-14T19:10:52+00:00\",\"dateModified\":\"2019-12-24T09:31:41+00:00\",\"description\":\"Wir k\u00f6nnen nicht \u00fcber Gubbio sprechen, ohne die Ceri und das ihnen gewidmete Fest zu erw\u00e4hnen. Jedes Jahr am 15. Mai werden drei monumentale\",\"breadcrumb\":{\"@id\":\"https:\/\/www.exploring-umbria.com\/de\/entdecke-gubbio\/veranstaltungen-in-gubbio\/#breadcrumb\"},\"inLanguage\":\"de\",\"potentialAction\":[{\"@type\":\"ReadAction\",\"target\":[\"https:\/\/www.exploring-umbria.com\/de\/entdecke-gubbio\/veranstaltungen-in-gubbio\/\"]}]},{\"@type\":\"BreadcrumbList\",\"@id\":\"https:\/\/www.exploring-umbria.com\/de\/entdecke-gubbio\/veranstaltungen-in-gubbio\/#breadcrumb\",\"itemListElement\":[{\"@type\":\"ListItem\",\"position\":1,\"name\":\"Home\",\"item\":\"https:\/\/www.exploring-umbria.com\/de\/\"},{\"@type\":\"ListItem\",\"position\":2,\"name\":\"Entdecke Gubbio\",\"item\":\"https:\/\/www.exploring-umbria.com\/de\/entdecke-gubbio\/\"},{\"@type\":\"ListItem\",\"position\":3,\"name\":\"Veranstaltungen in Gubbio\"}]}]}<\/script>\n<!-- \/ Yoast SEO plugin. -->","yoast_head_json":{"title":"Veranstaltungen in Gubbio - Exploring Umbria","description":"Wir k\u00f6nnen nicht \u00fcber Gubbio sprechen, ohne die Ceri und das ihnen gewidmete Fest zu erw\u00e4hnen. Jedes Jahr am 15. Mai werden drei monumentale","robots":{"index":"index","follow":"follow","max-snippet":"max-snippet:-1","max-image-preview":"max-image-preview:large","max-video-preview":"max-video-preview:-1"},"canonical":"https:\/\/www.exploring-umbria.com\/de\/entdecke-gubbio\/veranstaltungen-in-gubbio\/","og_locale":"de_DE","og_type":"article","og_title":"Veranstaltungen in Gubbio - Exploring Umbria","og_description":"Wir k\u00f6nnen nicht \u00fcber Gubbio sprechen, ohne die Ceri und das ihnen gewidmete Fest zu erw\u00e4hnen. Jedes Jahr am 15. Mai werden drei monumentale","og_url":"https:\/\/www.exploring-umbria.com\/de\/entdecke-gubbio\/veranstaltungen-in-gubbio\/","og_site_name":"Exploring Umbria","article_publisher":"https:\/\/www.facebook.com\/exploringumbria\/","article_modified_time":"2019-12-24T09:31:41+00:00","og_image":[{"width":1229,"height":818,"url":"https:\/\/www.exploring-umbria.com\/wp-content\/uploads\/2019\/05\/CERI-GUBBIO-4.jpg","type":"image\/jpeg"}],"twitter_card":"summary_large_image","twitter_misc":{"Gesch\u00e4tzte Lesezeit":"3\u00a0Minuten"},"schema":{"@context":"https:\/\/schema.org","@graph":[{"@type":"Organization","@id":"https:\/\/www.exploring-umbria.com\/de\/#organization","name":"Exploring Umbria","url":"https:\/\/www.exploring-umbria.com\/de\/","sameAs":["https:\/\/www.facebook.com\/exploringumbria\/","https:\/\/www.instagram.com\/exploringumbria\/"],"logo":{"@type":"ImageObject","@id":"https:\/\/www.exploring-umbria.com\/de\/#logo","inLanguage":"de","url":"https:\/\/www.exploring-umbria.com\/wp-content\/uploads\/2019\/08\/solo-logo-verde.jpg","contentUrl":"https:\/\/www.exploring-umbria.com\/wp-content\/uploads\/2019\/08\/solo-logo-verde.jpg","width":952,"height":532,"caption":"Exploring Umbria"},"image":{"@id":"https:\/\/www.exploring-umbria.com\/de\/#logo"}},{"@type":"WebSite","@id":"https:\/\/www.exploring-umbria.com\/de\/#website","url":"https:\/\/www.exploring-umbria.com\/de\/","name":"Exploring Umbria","description":"your dates, your mood, your trip","publisher":{"@id":"https:\/\/www.exploring-umbria.com\/de\/#organization"},"potentialAction":[{"@type":"SearchAction","target":{"@type":"EntryPoint","urlTemplate":"https:\/\/www.exploring-umbria.com\/de\/?s={search_term_string}"},"query-input":"required name=search_term_string"}],"inLanguage":"de"},{"@type":"ImageObject","@id":"https:\/\/www.exploring-umbria.com\/de\/entdecke-gubbio\/veranstaltungen-in-gubbio\/#primaryimage","inLanguage":"de","url":"https:\/\/www.exploring-umbria.com\/wp-content\/uploads\/2019\/05\/CERI-GUBBIO-4.jpg","contentUrl":"https:\/\/www.exploring-umbria.com\/wp-content\/uploads\/2019\/05\/CERI-GUBBIO-4.jpg","width":1229,"height":818,"caption":"la fe"},{"@type":"WebPage","@id":"https:\/\/www.exploring-umbria.com\/de\/entdecke-gubbio\/veranstaltungen-in-gubbio\/#webpage","url":"https:\/\/www.exploring-umbria.com\/de\/entdecke-gubbio\/veranstaltungen-in-gubbio\/","name":"Veranstaltungen in Gubbio - Exploring Umbria","isPartOf":{"@id":"https:\/\/www.exploring-umbria.com\/de\/#website"},"primaryImageOfPage":{"@id":"https:\/\/www.exploring-umbria.com\/de\/entdecke-gubbio\/veranstaltungen-in-gubbio\/#primaryimage"},"datePublished":"2019-03-14T19:10:52+00:00","dateModified":"2019-12-24T09:31:41+00:00","description":"Wir k\u00f6nnen nicht \u00fcber Gubbio sprechen, ohne die Ceri und das ihnen gewidmete Fest zu erw\u00e4hnen. Jedes Jahr am 15. Mai werden drei monumentale","breadcrumb":{"@id":"https:\/\/www.exploring-umbria.com\/de\/entdecke-gubbio\/veranstaltungen-in-gubbio\/#breadcrumb"},"inLanguage":"de","potentialAction":[{"@type":"ReadAction","target":["https:\/\/www.exploring-umbria.com\/de\/entdecke-gubbio\/veranstaltungen-in-gubbio\/"]}]},{"@type":"BreadcrumbList","@id":"https:\/\/www.exploring-umbria.com\/de\/entdecke-gubbio\/veranstaltungen-in-gubbio\/#breadcrumb","itemListElement":[{"@type":"ListItem","position":1,"name":"Home","item":"https:\/\/www.exploring-umbria.com\/de\/"},{"@type":"ListItem","position":2,"name":"Entdecke Gubbio","item":"https:\/\/www.exploring-umbria.com\/de\/entdecke-gubbio\/"},{"@type":"ListItem","position":3,"name":"Veranstaltungen in Gubbio"}]}]}},"_links":{"self":[{"href":"https:\/\/www.exploring-umbria.com\/de\/wp-json\/wp\/v2\/pages\/2756"}],"collection":[{"href":"https:\/\/www.exploring-umbria.com\/de\/wp-json\/wp\/v2\/pages"}],"about":[{"href":"https:\/\/www.exploring-umbria.com\/de\/wp-json\/wp\/v2\/types\/page"}],"author":[{"embeddable":true,"href":"https:\/\/www.exploring-umbria.com\/de\/wp-json\/wp\/v2\/users\/4"}],"replies":[{"embeddable":true,"href":"https:\/\/www.exploring-umbria.com\/de\/wp-json\/wp\/v2\/comments?post=2756"}],"version-history":[{"count":6,"href":"https:\/\/www.exploring-umbria.com\/de\/wp-json\/wp\/v2\/pages\/2756\/revisions"}],"predecessor-version":[{"id":26595,"href":"https:\/\/www.exploring-umbria.com\/de\/wp-json\/wp\/v2\/pages\/2756\/revisions\/26595"}],"up":[{"embeddable":true,"href":"https:\/\/www.exploring-umbria.com\/de\/wp-json\/wp\/v2\/pages\/2804"}],"wp:featuredmedia":[{"embeddable":true,"href":"https:\/\/www.exploring-umbria.com\/de\/wp-json\/wp\/v2\/media\/8273"}],"wp:attachment":[{"href":"https:\/\/www.exploring-umbria.com\/de\/wp-json\/wp\/v2\/media?parent=2756"}],"curies":[{"name":"wp","href":"https:\/\/api.w.org\/{rel}","templated":true}]}}