{"id":2752,"date":"2019-03-20T13:08:15","date_gmt":"2019-03-20T12:08:15","guid":{"rendered":"https:\/\/www.exploring-umbria.com\/terni\/"},"modified":"2019-12-23T18:51:31","modified_gmt":"2019-12-23T17:51:31","slug":"entdecke-terni","status":"publish","type":"page","link":"https:\/\/www.exploring-umbria.com\/de\/entdecke-terni\/","title":{"rendered":"Entdecke Terni"},"content":{"rendered":"<p>Dort, wo heute die angenehme Conca Ternana steht, lebte ein schreckliches Monster inmitten der dichten W\u00e4lder. Ein gefl\u00fcgelter Drache &#8211; von allen Thyrus genannt &#8211; ohne Vorderbeine und mit einem langen, hakenf\u00f6rmigen Schwanz. Aus seinem Maul kam ein t\u00f6dlicher Atem. Niemand konnte sich im Umkreis von Kilometern zu seiner H\u00f6hle n\u00e4hern, und manchmal ging das Monster aus Hunger vor die Tore der Stadt und verbreitete Schrecken unter den Bewohnern. Niemand hatte den Mut, sich ihm zu stellen, und jeder, den dies versuchte, wurde von den Klauen des Tieres zerst\u00fcckelt. Aber eines Tages beschloss ein junger Man aus Terni mit gl\u00e4nzender R\u00fcstung, der nicht mehr in Angst leben wollte, sein Gl\u00fcck zu versuchen. Er ging in den Wald in Richtung der H\u00f6hle des Monsters und je n\u00e4her er kam, desto dunkler wurde der Himmel und drohte einen Sturm an. Der unbek\u00fcmmerte junge Mann erreichte die H\u00f6hle und stellte sich Thyrus offen gegen\u00fcber, bemerkte aber, dass die Verletzungen durch seinen Speer kaum mehr als ein Kitzeln f\u00fcr die verfaulte, lederne Haut darstellten. Gerade als der junge Mann zu erliegen schien, strahlten die schwarzen Wolken einen pl\u00f6tzlichen Schimmer in den Himmel und ein Sonnenstrahl, der sich in der leuchtenden R\u00fcstung spiegelte, blendete das schmutzige Wesen f\u00fcr einen Moment. Der junge Mann nutzte diesen Augenblick, um seinen Speer direkt in das Herz des Tieres zu stecken, das mit einem grauenvollen Gebr\u00fcll zu Boden sank. Der legend\u00e4re Thyrus repr\u00e4sentiert mit seinem pestartigen Atem die faulen S\u00fcmpfe des Velino-Flussgebiets, Tr\u00e4ger von Krankheiten und Tod, die das Gebiet von Terni vor den Landgewinungsarbeiten der R\u00f6mer im dritten Jahrhundert v. Chr. befallen haben. Seine T\u00f6tung symbolisiert die Geburt und Entwicklung der Stadt, und deshalb ist das Tier zum Symbol von Terni geworden, dargestellt auf den Wappen und Bannern, auf den Architraven geschnitzt und auf Banner gemalt.<\/p>\n<p>Der andere Vertreter der Tradition von Terni hat eine gegenteilige Haltung, die sich radikal von der Bosheit von Thyrus abhebt: Er ist der Schutzpatron der Stadt und einer der ber\u00fchmtesten Heiligen der Welt, der die Liebe zu seinem Symbol macht \u2013 der Hl. Valentin. Der Bischof, der zur Zeit des R\u00f6mischen Reiches lebte, gab sein Leben f\u00fcr die Liebe von zwei jungen Menschen hin und zeigte, dass edle Gef\u00fchle uns verbinden und uns universell menschlich und Gott \u00e4hnlicher machen, auch jenseits der starren Unterschiede, die durch religi\u00f6se Gebote auferlegt werden.<\/p>\n<p>Der Kontrast zwischen der Legende von Thyrus und der Legende vom Hl. Valentin pr\u00e4sentiert Terni als die Stadt der Gegens\u00e4tze, die auch in der st\u00e4dtischen Struktur zu finden sind, die so besonders und regional einzigartig ist. Terni ist alt und modern zugleich. Dabei wechselt die Geschichte seines Zentrums mit der Dynamik und der Zeitgem\u00e4\u00dfheit der Vororte, die faszinierende K\u00fcnstlichkeit der Industriebetriebe mit der unerwarteten Sch\u00f6nheit seiner nat\u00fcrlichen Ansichten.<\/p>\n<p>Jeder kann sich selbst ein Bild von den Industrieprozessen und deren Auswirkungen auf die Stadt machen, denn sie sind bis heute ein Problem geblieben. Aber wenn Sie Terni besuchen, k\u00f6nnen Sie sehen, wie dieses Problem \u00fcberwunden wurde und wie die Stadt in der Lage war, es zu nutzen, indem sie all dem, was wir in anderen Zusammenh\u00e4ngen immer noch schwer als Teil unserer Geschichte akzeptieren, Wert und kulturelle Tiefe verlieh.<\/p>\n","protected":false},"excerpt":{"rendered":"<p>Dort, wo heute die angenehme Conca Ternana steht, lebte ein schreckliches Monster inmitten der dichten W\u00e4lder. Ein gefl\u00fcgelter Drache &#8211; von allen Thyrus genannt &#8211; ohne Vorderbeine und mit einem langen, hakenf\u00f6rmigen Schwanz. Aus seinem Maul kam ein t\u00f6dlicher Atem. Niemand konnte sich im Umkreis von Kilometern zu seiner H\u00f6hle n\u00e4hern, und manchmal ging das [&hellip;]<\/p>\n","protected":false},"author":4,"featured_media":1108,"parent":0,"menu_order":0,"comment_status":"closed","ping_status":"closed","template":"","meta":{"om_disable_all_campaigns":false,"_monsterinsights_skip_tracking":false,"_monsterinsights_sitenote_active":false,"_monsterinsights_sitenote_note":"","_monsterinsights_sitenote_category":0},"acf":[],"yoast_head":"<!-- This site is optimized with the Yoast SEO plugin v18.4.1 - https:\/\/yoast.com\/wordpress\/plugins\/seo\/ -->\n<title>Entdecke Terni - Exploring Umbria<\/title>\n<meta name=\"description\" content=\"Dort, wo heute die angenehme Conca Ternana steht, lebte ein schreckliches Monster inmitten der dichten W\u00e4lder. Ein gefl\u00fcgelter Drache - von allen Thyrus\" \/>\n<meta name=\"robots\" content=\"index, follow, max-snippet:-1, max-image-preview:large, max-video-preview:-1\" \/>\n<link rel=\"canonical\" href=\"https:\/\/www.exploring-umbria.com\/de\/entdecke-terni\/\" \/>\n<meta property=\"og:locale\" content=\"de_DE\" \/>\n<meta property=\"og:type\" content=\"article\" \/>\n<meta property=\"og:title\" content=\"Entdecke Terni - Exploring Umbria\" \/>\n<meta property=\"og:description\" content=\"Dort, wo heute die angenehme Conca Ternana steht, lebte ein schreckliches Monster inmitten der dichten W\u00e4lder. Ein gefl\u00fcgelter Drache - von allen Thyrus\" \/>\n<meta property=\"og:url\" content=\"https:\/\/www.exploring-umbria.com\/de\/entdecke-terni\/\" \/>\n<meta property=\"og:site_name\" content=\"Exploring Umbria\" \/>\n<meta property=\"article:publisher\" content=\"https:\/\/www.facebook.com\/exploringumbria\/\" \/>\n<meta property=\"article:modified_time\" content=\"2019-12-23T17:51:31+00:00\" \/>\n<meta property=\"og:image\" content=\"https:\/\/www.exploring-umbria.com\/wp-content\/uploads\/2019\/02\/vista-TERNI-1.jpg\" \/>\n\t<meta property=\"og:image:width\" content=\"768\" \/>\n\t<meta property=\"og:image:height\" content=\"960\" \/>\n\t<meta property=\"og:image:type\" content=\"image\/jpeg\" \/>\n<meta name=\"twitter:card\" content=\"summary_large_image\" \/>\n<meta name=\"twitter:label1\" content=\"Gesch\u00e4tzte Lesezeit\" \/>\n\t<meta name=\"twitter:data1\" content=\"3\u00a0Minuten\" \/>\n<script type=\"application\/ld+json\" class=\"yoast-schema-graph\">{\"@context\":\"https:\/\/schema.org\",\"@graph\":[{\"@type\":\"Organization\",\"@id\":\"https:\/\/www.exploring-umbria.com\/de\/#organization\",\"name\":\"Exploring Umbria\",\"url\":\"https:\/\/www.exploring-umbria.com\/de\/\",\"sameAs\":[\"https:\/\/www.facebook.com\/exploringumbria\/\",\"https:\/\/www.instagram.com\/exploringumbria\/\"],\"logo\":{\"@type\":\"ImageObject\",\"@id\":\"https:\/\/www.exploring-umbria.com\/de\/#logo\",\"inLanguage\":\"de\",\"url\":\"https:\/\/www.exploring-umbria.com\/wp-content\/uploads\/2019\/08\/solo-logo-verde.jpg\",\"contentUrl\":\"https:\/\/www.exploring-umbria.com\/wp-content\/uploads\/2019\/08\/solo-logo-verde.jpg\",\"width\":952,\"height\":532,\"caption\":\"Exploring Umbria\"},\"image\":{\"@id\":\"https:\/\/www.exploring-umbria.com\/de\/#logo\"}},{\"@type\":\"WebSite\",\"@id\":\"https:\/\/www.exploring-umbria.com\/de\/#website\",\"url\":\"https:\/\/www.exploring-umbria.com\/de\/\",\"name\":\"Exploring Umbria\",\"description\":\"your dates, your mood, your trip\",\"publisher\":{\"@id\":\"https:\/\/www.exploring-umbria.com\/de\/#organization\"},\"potentialAction\":[{\"@type\":\"SearchAction\",\"target\":{\"@type\":\"EntryPoint\",\"urlTemplate\":\"https:\/\/www.exploring-umbria.com\/de\/?s={search_term_string}\"},\"query-input\":\"required name=search_term_string\"}],\"inLanguage\":\"de\"},{\"@type\":\"ImageObject\",\"@id\":\"https:\/\/www.exploring-umbria.com\/de\/entdecke-terni\/#primaryimage\",\"inLanguage\":\"de\",\"url\":\"https:\/\/www.exploring-umbria.com\/wp-content\/uploads\/2019\/02\/vista-TERNI-1.jpg\",\"contentUrl\":\"https:\/\/www.exploring-umbria.com\/wp-content\/uploads\/2019\/02\/vista-TERNI-1.jpg\",\"width\":768,\"height\":960,\"caption\":\"scopri terni\"},{\"@type\":\"WebPage\",\"@id\":\"https:\/\/www.exploring-umbria.com\/de\/entdecke-terni\/#webpage\",\"url\":\"https:\/\/www.exploring-umbria.com\/de\/entdecke-terni\/\",\"name\":\"Entdecke Terni - Exploring Umbria\",\"isPartOf\":{\"@id\":\"https:\/\/www.exploring-umbria.com\/de\/#website\"},\"primaryImageOfPage\":{\"@id\":\"https:\/\/www.exploring-umbria.com\/de\/entdecke-terni\/#primaryimage\"},\"datePublished\":\"2019-03-20T12:08:15+00:00\",\"dateModified\":\"2019-12-23T17:51:31+00:00\",\"description\":\"Dort, wo heute die angenehme Conca Ternana steht, lebte ein schreckliches Monster inmitten der dichten W\u00e4lder. Ein gefl\u00fcgelter Drache - von allen Thyrus\",\"breadcrumb\":{\"@id\":\"https:\/\/www.exploring-umbria.com\/de\/entdecke-terni\/#breadcrumb\"},\"inLanguage\":\"de\",\"potentialAction\":[{\"@type\":\"ReadAction\",\"target\":[\"https:\/\/www.exploring-umbria.com\/de\/entdecke-terni\/\"]}]},{\"@type\":\"BreadcrumbList\",\"@id\":\"https:\/\/www.exploring-umbria.com\/de\/entdecke-terni\/#breadcrumb\",\"itemListElement\":[{\"@type\":\"ListItem\",\"position\":1,\"name\":\"Home\",\"item\":\"https:\/\/www.exploring-umbria.com\/de\/\"},{\"@type\":\"ListItem\",\"position\":2,\"name\":\"Entdecke Terni\"}]}]}<\/script>\n<!-- \/ Yoast SEO plugin. -->","yoast_head_json":{"title":"Entdecke Terni - Exploring Umbria","description":"Dort, wo heute die angenehme Conca Ternana steht, lebte ein schreckliches Monster inmitten der dichten W\u00e4lder. Ein gefl\u00fcgelter Drache - von allen Thyrus","robots":{"index":"index","follow":"follow","max-snippet":"max-snippet:-1","max-image-preview":"max-image-preview:large","max-video-preview":"max-video-preview:-1"},"canonical":"https:\/\/www.exploring-umbria.com\/de\/entdecke-terni\/","og_locale":"de_DE","og_type":"article","og_title":"Entdecke Terni - Exploring Umbria","og_description":"Dort, wo heute die angenehme Conca Ternana steht, lebte ein schreckliches Monster inmitten der dichten W\u00e4lder. Ein gefl\u00fcgelter Drache - von allen Thyrus","og_url":"https:\/\/www.exploring-umbria.com\/de\/entdecke-terni\/","og_site_name":"Exploring Umbria","article_publisher":"https:\/\/www.facebook.com\/exploringumbria\/","article_modified_time":"2019-12-23T17:51:31+00:00","og_image":[{"width":768,"height":960,"url":"https:\/\/www.exploring-umbria.com\/wp-content\/uploads\/2019\/02\/vista-TERNI-1.jpg","type":"image\/jpeg"}],"twitter_card":"summary_large_image","twitter_misc":{"Gesch\u00e4tzte Lesezeit":"3\u00a0Minuten"},"schema":{"@context":"https:\/\/schema.org","@graph":[{"@type":"Organization","@id":"https:\/\/www.exploring-umbria.com\/de\/#organization","name":"Exploring Umbria","url":"https:\/\/www.exploring-umbria.com\/de\/","sameAs":["https:\/\/www.facebook.com\/exploringumbria\/","https:\/\/www.instagram.com\/exploringumbria\/"],"logo":{"@type":"ImageObject","@id":"https:\/\/www.exploring-umbria.com\/de\/#logo","inLanguage":"de","url":"https:\/\/www.exploring-umbria.com\/wp-content\/uploads\/2019\/08\/solo-logo-verde.jpg","contentUrl":"https:\/\/www.exploring-umbria.com\/wp-content\/uploads\/2019\/08\/solo-logo-verde.jpg","width":952,"height":532,"caption":"Exploring Umbria"},"image":{"@id":"https:\/\/www.exploring-umbria.com\/de\/#logo"}},{"@type":"WebSite","@id":"https:\/\/www.exploring-umbria.com\/de\/#website","url":"https:\/\/www.exploring-umbria.com\/de\/","name":"Exploring Umbria","description":"your dates, your mood, your trip","publisher":{"@id":"https:\/\/www.exploring-umbria.com\/de\/#organization"},"potentialAction":[{"@type":"SearchAction","target":{"@type":"EntryPoint","urlTemplate":"https:\/\/www.exploring-umbria.com\/de\/?s={search_term_string}"},"query-input":"required name=search_term_string"}],"inLanguage":"de"},{"@type":"ImageObject","@id":"https:\/\/www.exploring-umbria.com\/de\/entdecke-terni\/#primaryimage","inLanguage":"de","url":"https:\/\/www.exploring-umbria.com\/wp-content\/uploads\/2019\/02\/vista-TERNI-1.jpg","contentUrl":"https:\/\/www.exploring-umbria.com\/wp-content\/uploads\/2019\/02\/vista-TERNI-1.jpg","width":768,"height":960,"caption":"scopri terni"},{"@type":"WebPage","@id":"https:\/\/www.exploring-umbria.com\/de\/entdecke-terni\/#webpage","url":"https:\/\/www.exploring-umbria.com\/de\/entdecke-terni\/","name":"Entdecke Terni - Exploring Umbria","isPartOf":{"@id":"https:\/\/www.exploring-umbria.com\/de\/#website"},"primaryImageOfPage":{"@id":"https:\/\/www.exploring-umbria.com\/de\/entdecke-terni\/#primaryimage"},"datePublished":"2019-03-20T12:08:15+00:00","dateModified":"2019-12-23T17:51:31+00:00","description":"Dort, wo heute die angenehme Conca Ternana steht, lebte ein schreckliches Monster inmitten der dichten W\u00e4lder. Ein gefl\u00fcgelter Drache - von allen Thyrus","breadcrumb":{"@id":"https:\/\/www.exploring-umbria.com\/de\/entdecke-terni\/#breadcrumb"},"inLanguage":"de","potentialAction":[{"@type":"ReadAction","target":["https:\/\/www.exploring-umbria.com\/de\/entdecke-terni\/"]}]},{"@type":"BreadcrumbList","@id":"https:\/\/www.exploring-umbria.com\/de\/entdecke-terni\/#breadcrumb","itemListElement":[{"@type":"ListItem","position":1,"name":"Home","item":"https:\/\/www.exploring-umbria.com\/de\/"},{"@type":"ListItem","position":2,"name":"Entdecke Terni"}]}]}},"_links":{"self":[{"href":"https:\/\/www.exploring-umbria.com\/de\/wp-json\/wp\/v2\/pages\/2752"}],"collection":[{"href":"https:\/\/www.exploring-umbria.com\/de\/wp-json\/wp\/v2\/pages"}],"about":[{"href":"https:\/\/www.exploring-umbria.com\/de\/wp-json\/wp\/v2\/types\/page"}],"author":[{"embeddable":true,"href":"https:\/\/www.exploring-umbria.com\/de\/wp-json\/wp\/v2\/users\/4"}],"replies":[{"embeddable":true,"href":"https:\/\/www.exploring-umbria.com\/de\/wp-json\/wp\/v2\/comments?post=2752"}],"version-history":[{"count":15,"href":"https:\/\/www.exploring-umbria.com\/de\/wp-json\/wp\/v2\/pages\/2752\/revisions"}],"predecessor-version":[{"id":26565,"href":"https:\/\/www.exploring-umbria.com\/de\/wp-json\/wp\/v2\/pages\/2752\/revisions\/26565"}],"wp:featuredmedia":[{"embeddable":true,"href":"https:\/\/www.exploring-umbria.com\/de\/wp-json\/wp\/v2\/media\/1108"}],"wp:attachment":[{"href":"https:\/\/www.exploring-umbria.com\/de\/wp-json\/wp\/v2\/media?parent=2752"}],"curies":[{"name":"wp","href":"https:\/\/api.w.org\/{rel}","templated":true}]}}