{"id":2749,"date":"2019-03-20T14:44:51","date_gmt":"2019-03-20T13:44:51","guid":{"rendered":"https:\/\/www.exploring-umbria.com\/cosa-vedere-a-terni\/"},"modified":"2019-12-23T18:57:13","modified_gmt":"2019-12-23T17:57:13","slug":"sehenswuerdigkeiten-in-terni","status":"publish","type":"page","link":"https:\/\/www.exploring-umbria.com\/de\/entdecke-terni\/sehenswuerdigkeiten-in-terni\/","title":{"rendered":"Sehensw\u00fcrdigkeiten in Terni"},"content":{"rendered":"<p>Die bezauberndsten Orte der antiken Geschichte der Stadt befinden sich haupts\u00e4chlich im historischen Zentrum. Aber Terni bietet auch eine Vielzahl von industriearch\u00e4ologischen St\u00e4tten und eine wundersch\u00f6ne Landschaft aus Land und Natur.<\/p>\n<p>Ein Spaziergang in der Altstadt kann nur vom <strong>Corso del Popolo<\/strong> aus beginnen, wo Sie von der futuristischen Landschaft ausgehen, die von <strong>Lancia di Luce<\/strong> geschaffen wurde, einer Installation des K\u00fcnstlers <em>Arnaldo Pomodoro<\/em> zum 100. Jahrestag des Stahlwerks von Terni, um Schritt f\u00fcr Schritt in die Vergangenheit einzutauchen. Am Ende des Corso steht der <strong>Palazzo Spada<\/strong> aus dem f\u00fcnfzehnten Jahrhundert, ein imposantes und zugleich raffiniertes Geb\u00e4ude, heute Sitz des Stadtates und der Stadtverwaltung. Ein paar Meter weiter reisen Sie weiter durch die Zeit, bis Sie die Kirche <strong>Chiesa di S. Salvatore<\/strong> erreichen, ein religi\u00f6ses Geb\u00e4ude aus dem 11. Jahrhundert, das auf einem <em>Domus<\/em> aus dem 1. Jahrhundert steht.<\/p>\n<p>Direkt hinter dem Palazzo Spada zweigen die Gassen in einem Labyrinth aus Aussichtspunkten zwischen Kirchen und Pal\u00e4sten des 18. Jahrhunderts ab und \u00f6ffnen sich dann pl\u00f6tzlich hinter den alten Mauern, die den sch\u00f6nen \u00f6ffentlichen Garten umgeben, wo die Einwohner Terni spazieren gehen, mit dem Fahrrad fahren, sich treffen und sich manchmal verlieben. Im Park befindet sich das alte <strong>Amphitheater Fausto<\/strong>, auch bekannt als das <em>Kolosseum von Terni<\/em>, das im ersten Jahrhundert erbaut wurde und sehr gut erhalten ist. Wo die D\u00e4cher der Geb\u00e4ude Platz f\u00fcr einen kleinen Ausblick lassen, sind die Glockent\u00fcrme der Kirche Chiesa di S. Francesco zu erkennen, ein romanisches Geb\u00e4ude, das dem Hl. Fransiskus gewidmet ist, und der eleganten Kathedrale <strong>Cattedrale di S. Maria Assunta<\/strong>, Dom der Stadt. Auf der R\u00fcckfahrt zur <strong>Piazza della Repubblica<\/strong> k\u00f6nnen Sie das ehemalige <strong>Rathaus<\/strong> aus dem 13. Jahrhundert besichtigen, das mit seinem 40 Meter hohen Glockenturm aus Stahl das Symbol der Begegnung zwischen Alt und Modern ist. Die Stadt sieht sich als Botschafterin dieser Begegnung. Au\u00dferhalb der Stadtmauern gelangt man in das Gebiet zwischen der Piazza Valnerina, dem Bahnhof und dem Colle di Pentina, wo in der zweiten H\u00e4lfte des 19. Jahrhunderts die <strong>wichtigsten Industriebetriebe Mittelitaliens<\/strong> entstanden sind: die Waffenfabrik (1880), wo man die umfangreiche <strong>Sammlung technischer Waffen<\/strong> besichtigen kann, die Stahlwerke (1884) und das Jutewerk Centurini (1886), von dem heute nur noch die Villa Centurini erhalten ist, umgeben von einem gr\u00fcnen Pinienwald, der den gleichen Namen tr\u00e4gt. Nicht weit entfernt befinden sich noch \u00e4ltere Fabriken wie die ehemalige Wollfabrik Gruber (1846) und der Nerino-Kanal, der die ersten Fabriken mit Antriebsenergie versorgte. Rundum liegen die Arbeiterviertel Borgo Bovio und Sant&#8217;Agnese.<\/p>\n<p>Im \u00e4u\u00dfersten Westen der Stadt, auf den \u00dcberresten eines alten christlichen Friedhofs aus dem R\u00f6mischen Zeitaltert, steht die Basilika <strong>Basilica di S. Valentino<\/strong>, ein Ziel f\u00fcr alle Verliebten der Welt, die den Reliquien des Heiligen huldigen wollen, um ihre Liebesgeschichte zu segnen.<\/p>\n<p>Das wundersch\u00f6ne Becken, in dem die Stadt liegt, ist nat\u00fcrlich bereit, Liebhaber der Natur, der Ruhe und der Berge zu empfangen und zu \u00fcberraschen. Die Stadt liegt am Fu\u00dfe des <strong>Martani-Gebirges<\/strong> mit seinen pr\u00e4historischen Siedlungen und wird vom <strong>Parco Fluviale del Nera<\/strong> (Naturschutzgebiet Nera-Fluss) begrenzt, der auf seiner gesamten L\u00e4nge zu Fu\u00df, mit dem Fahrrad oder zu Pferd durchquert werden kann. Au\u00dferdem k\u00f6nnen Sie sicherlich nicht von hier wegfahren, ohne die majest\u00e4tischen Wasserf\u00e4lle <strong>Cascate delle Marmore<\/strong> zu besuchen, die h\u00f6chsten und \u00e4ltesten Wasserf\u00e4lle, die je vom Menschen erbaut wurden, und die die Einzigartigkeit dieses Gebiets nicht besser zusammenfassen k\u00f6nnen, in dem sich Geschichte, Natur und Technologie treffen, ohne jemals miteinander zu kollidieren, und sich ber\u00fchren ohne sich jemals zu bei\u00dfen, in einem empfindlichen Gleichgewicht, das im Laufe der Jahrhunderte m\u00fchsam hergestellt wurde.<\/p>\n","protected":false},"excerpt":{"rendered":"<p>Die bezauberndsten Orte der antiken Geschichte der Stadt befinden sich haupts\u00e4chlich im historischen Zentrum. Aber Terni bietet auch eine Vielzahl von industriearch\u00e4ologischen St\u00e4tten und eine wundersch\u00f6ne Landschaft aus Land und Natur. Ein Spaziergang in der Altstadt kann nur vom Corso del Popolo aus beginnen, wo Sie von der futuristischen Landschaft ausgehen, die von Lancia di [&hellip;]<\/p>\n","protected":false},"author":4,"featured_media":6729,"parent":2752,"menu_order":0,"comment_status":"closed","ping_status":"closed","template":"","meta":{"om_disable_all_campaigns":false,"_monsterinsights_skip_tracking":false,"_monsterinsights_sitenote_active":false,"_monsterinsights_sitenote_note":"","_monsterinsights_sitenote_category":0},"acf":[],"yoast_head":"<!-- This site is optimized with the Yoast SEO plugin v18.4.1 - https:\/\/yoast.com\/wordpress\/plugins\/seo\/ -->\n<title>Sehensw\u00fcrdigkeiten in Terni - Exploring Umbria<\/title>\n<meta name=\"description\" content=\"Die bezauberndsten Orte der antiken Geschichte der Stadt befinden sich haupts\u00e4chlich im historischen Zentrum. Aber Terni bietet auch eine Vielzahl von\" \/>\n<meta name=\"robots\" content=\"index, follow, max-snippet:-1, max-image-preview:large, max-video-preview:-1\" \/>\n<link rel=\"canonical\" href=\"https:\/\/www.exploring-umbria.com\/de\/entdecke-terni\/sehenswuerdigkeiten-in-terni\/\" \/>\n<meta property=\"og:locale\" content=\"de_DE\" \/>\n<meta property=\"og:type\" content=\"article\" \/>\n<meta property=\"og:title\" content=\"Sehensw\u00fcrdigkeiten in Terni - Exploring Umbria\" \/>\n<meta property=\"og:description\" content=\"Die bezauberndsten Orte der antiken Geschichte der Stadt befinden sich haupts\u00e4chlich im historischen Zentrum. Aber Terni bietet auch eine Vielzahl von\" \/>\n<meta property=\"og:url\" content=\"https:\/\/www.exploring-umbria.com\/de\/entdecke-terni\/sehenswuerdigkeiten-in-terni\/\" \/>\n<meta property=\"og:site_name\" content=\"Exploring Umbria\" \/>\n<meta property=\"article:publisher\" content=\"https:\/\/www.facebook.com\/exploringumbria\/\" \/>\n<meta property=\"article:modified_time\" content=\"2019-12-23T17:57:13+00:00\" \/>\n<meta property=\"og:image\" content=\"https:\/\/www.exploring-umbria.com\/wp-content\/uploads\/2019\/05\/TERNI-PIAZZA.jpg\" \/>\n\t<meta property=\"og:image:width\" content=\"1800\" \/>\n\t<meta property=\"og:image:height\" content=\"1350\" \/>\n\t<meta property=\"og:image:type\" content=\"image\/jpeg\" \/>\n<meta name=\"twitter:card\" content=\"summary_large_image\" \/>\n<meta name=\"twitter:label1\" content=\"Gesch\u00e4tzte Lesezeit\" \/>\n\t<meta name=\"twitter:data1\" content=\"3\u00a0Minuten\" \/>\n<script type=\"application\/ld+json\" class=\"yoast-schema-graph\">{\"@context\":\"https:\/\/schema.org\",\"@graph\":[{\"@type\":\"Organization\",\"@id\":\"https:\/\/www.exploring-umbria.com\/de\/#organization\",\"name\":\"Exploring Umbria\",\"url\":\"https:\/\/www.exploring-umbria.com\/de\/\",\"sameAs\":[\"https:\/\/www.facebook.com\/exploringumbria\/\",\"https:\/\/www.instagram.com\/exploringumbria\/\"],\"logo\":{\"@type\":\"ImageObject\",\"@id\":\"https:\/\/www.exploring-umbria.com\/de\/#logo\",\"inLanguage\":\"de\",\"url\":\"https:\/\/www.exploring-umbria.com\/wp-content\/uploads\/2019\/08\/solo-logo-verde.jpg\",\"contentUrl\":\"https:\/\/www.exploring-umbria.com\/wp-content\/uploads\/2019\/08\/solo-logo-verde.jpg\",\"width\":952,\"height\":532,\"caption\":\"Exploring Umbria\"},\"image\":{\"@id\":\"https:\/\/www.exploring-umbria.com\/de\/#logo\"}},{\"@type\":\"WebSite\",\"@id\":\"https:\/\/www.exploring-umbria.com\/de\/#website\",\"url\":\"https:\/\/www.exploring-umbria.com\/de\/\",\"name\":\"Exploring Umbria\",\"description\":\"your dates, your mood, your trip\",\"publisher\":{\"@id\":\"https:\/\/www.exploring-umbria.com\/de\/#organization\"},\"potentialAction\":[{\"@type\":\"SearchAction\",\"target\":{\"@type\":\"EntryPoint\",\"urlTemplate\":\"https:\/\/www.exploring-umbria.com\/de\/?s={search_term_string}\"},\"query-input\":\"required name=search_term_string\"}],\"inLanguage\":\"de\"},{\"@type\":\"ImageObject\",\"@id\":\"https:\/\/www.exploring-umbria.com\/de\/entdecke-terni\/sehenswuerdigkeiten-in-terni\/#primaryimage\",\"inLanguage\":\"de\",\"url\":\"https:\/\/www.exploring-umbria.com\/wp-content\/uploads\/2019\/05\/TERNI-PIAZZA.jpg\",\"contentUrl\":\"https:\/\/www.exploring-umbria.com\/wp-content\/uploads\/2019\/05\/TERNI-PIAZZA.jpg\",\"width\":1800,\"height\":1350,\"caption\":\"cosa vedere a terni\"},{\"@type\":\"WebPage\",\"@id\":\"https:\/\/www.exploring-umbria.com\/de\/entdecke-terni\/sehenswuerdigkeiten-in-terni\/#webpage\",\"url\":\"https:\/\/www.exploring-umbria.com\/de\/entdecke-terni\/sehenswuerdigkeiten-in-terni\/\",\"name\":\"Sehensw\u00fcrdigkeiten in Terni - Exploring Umbria\",\"isPartOf\":{\"@id\":\"https:\/\/www.exploring-umbria.com\/de\/#website\"},\"primaryImageOfPage\":{\"@id\":\"https:\/\/www.exploring-umbria.com\/de\/entdecke-terni\/sehenswuerdigkeiten-in-terni\/#primaryimage\"},\"datePublished\":\"2019-03-20T13:44:51+00:00\",\"dateModified\":\"2019-12-23T17:57:13+00:00\",\"description\":\"Die bezauberndsten Orte der antiken Geschichte der Stadt befinden sich haupts\u00e4chlich im historischen Zentrum. Aber Terni bietet auch eine Vielzahl von\",\"breadcrumb\":{\"@id\":\"https:\/\/www.exploring-umbria.com\/de\/entdecke-terni\/sehenswuerdigkeiten-in-terni\/#breadcrumb\"},\"inLanguage\":\"de\",\"potentialAction\":[{\"@type\":\"ReadAction\",\"target\":[\"https:\/\/www.exploring-umbria.com\/de\/entdecke-terni\/sehenswuerdigkeiten-in-terni\/\"]}]},{\"@type\":\"BreadcrumbList\",\"@id\":\"https:\/\/www.exploring-umbria.com\/de\/entdecke-terni\/sehenswuerdigkeiten-in-terni\/#breadcrumb\",\"itemListElement\":[{\"@type\":\"ListItem\",\"position\":1,\"name\":\"Home\",\"item\":\"https:\/\/www.exploring-umbria.com\/de\/\"},{\"@type\":\"ListItem\",\"position\":2,\"name\":\"Entdecke Terni\",\"item\":\"https:\/\/www.exploring-umbria.com\/de\/entdecke-terni\/\"},{\"@type\":\"ListItem\",\"position\":3,\"name\":\"Sehensw\u00fcrdigkeiten in Terni\"}]}]}<\/script>\n<!-- \/ Yoast SEO plugin. -->","yoast_head_json":{"title":"Sehensw\u00fcrdigkeiten in Terni - Exploring Umbria","description":"Die bezauberndsten Orte der antiken Geschichte der Stadt befinden sich haupts\u00e4chlich im historischen Zentrum. Aber Terni bietet auch eine Vielzahl von","robots":{"index":"index","follow":"follow","max-snippet":"max-snippet:-1","max-image-preview":"max-image-preview:large","max-video-preview":"max-video-preview:-1"},"canonical":"https:\/\/www.exploring-umbria.com\/de\/entdecke-terni\/sehenswuerdigkeiten-in-terni\/","og_locale":"de_DE","og_type":"article","og_title":"Sehensw\u00fcrdigkeiten in Terni - Exploring Umbria","og_description":"Die bezauberndsten Orte der antiken Geschichte der Stadt befinden sich haupts\u00e4chlich im historischen Zentrum. Aber Terni bietet auch eine Vielzahl von","og_url":"https:\/\/www.exploring-umbria.com\/de\/entdecke-terni\/sehenswuerdigkeiten-in-terni\/","og_site_name":"Exploring Umbria","article_publisher":"https:\/\/www.facebook.com\/exploringumbria\/","article_modified_time":"2019-12-23T17:57:13+00:00","og_image":[{"width":1800,"height":1350,"url":"https:\/\/www.exploring-umbria.com\/wp-content\/uploads\/2019\/05\/TERNI-PIAZZA.jpg","type":"image\/jpeg"}],"twitter_card":"summary_large_image","twitter_misc":{"Gesch\u00e4tzte Lesezeit":"3\u00a0Minuten"},"schema":{"@context":"https:\/\/schema.org","@graph":[{"@type":"Organization","@id":"https:\/\/www.exploring-umbria.com\/de\/#organization","name":"Exploring Umbria","url":"https:\/\/www.exploring-umbria.com\/de\/","sameAs":["https:\/\/www.facebook.com\/exploringumbria\/","https:\/\/www.instagram.com\/exploringumbria\/"],"logo":{"@type":"ImageObject","@id":"https:\/\/www.exploring-umbria.com\/de\/#logo","inLanguage":"de","url":"https:\/\/www.exploring-umbria.com\/wp-content\/uploads\/2019\/08\/solo-logo-verde.jpg","contentUrl":"https:\/\/www.exploring-umbria.com\/wp-content\/uploads\/2019\/08\/solo-logo-verde.jpg","width":952,"height":532,"caption":"Exploring Umbria"},"image":{"@id":"https:\/\/www.exploring-umbria.com\/de\/#logo"}},{"@type":"WebSite","@id":"https:\/\/www.exploring-umbria.com\/de\/#website","url":"https:\/\/www.exploring-umbria.com\/de\/","name":"Exploring Umbria","description":"your dates, your mood, your trip","publisher":{"@id":"https:\/\/www.exploring-umbria.com\/de\/#organization"},"potentialAction":[{"@type":"SearchAction","target":{"@type":"EntryPoint","urlTemplate":"https:\/\/www.exploring-umbria.com\/de\/?s={search_term_string}"},"query-input":"required name=search_term_string"}],"inLanguage":"de"},{"@type":"ImageObject","@id":"https:\/\/www.exploring-umbria.com\/de\/entdecke-terni\/sehenswuerdigkeiten-in-terni\/#primaryimage","inLanguage":"de","url":"https:\/\/www.exploring-umbria.com\/wp-content\/uploads\/2019\/05\/TERNI-PIAZZA.jpg","contentUrl":"https:\/\/www.exploring-umbria.com\/wp-content\/uploads\/2019\/05\/TERNI-PIAZZA.jpg","width":1800,"height":1350,"caption":"cosa vedere a terni"},{"@type":"WebPage","@id":"https:\/\/www.exploring-umbria.com\/de\/entdecke-terni\/sehenswuerdigkeiten-in-terni\/#webpage","url":"https:\/\/www.exploring-umbria.com\/de\/entdecke-terni\/sehenswuerdigkeiten-in-terni\/","name":"Sehensw\u00fcrdigkeiten in Terni - Exploring Umbria","isPartOf":{"@id":"https:\/\/www.exploring-umbria.com\/de\/#website"},"primaryImageOfPage":{"@id":"https:\/\/www.exploring-umbria.com\/de\/entdecke-terni\/sehenswuerdigkeiten-in-terni\/#primaryimage"},"datePublished":"2019-03-20T13:44:51+00:00","dateModified":"2019-12-23T17:57:13+00:00","description":"Die bezauberndsten Orte der antiken Geschichte der Stadt befinden sich haupts\u00e4chlich im historischen Zentrum. Aber Terni bietet auch eine Vielzahl von","breadcrumb":{"@id":"https:\/\/www.exploring-umbria.com\/de\/entdecke-terni\/sehenswuerdigkeiten-in-terni\/#breadcrumb"},"inLanguage":"de","potentialAction":[{"@type":"ReadAction","target":["https:\/\/www.exploring-umbria.com\/de\/entdecke-terni\/sehenswuerdigkeiten-in-terni\/"]}]},{"@type":"BreadcrumbList","@id":"https:\/\/www.exploring-umbria.com\/de\/entdecke-terni\/sehenswuerdigkeiten-in-terni\/#breadcrumb","itemListElement":[{"@type":"ListItem","position":1,"name":"Home","item":"https:\/\/www.exploring-umbria.com\/de\/"},{"@type":"ListItem","position":2,"name":"Entdecke Terni","item":"https:\/\/www.exploring-umbria.com\/de\/entdecke-terni\/"},{"@type":"ListItem","position":3,"name":"Sehensw\u00fcrdigkeiten in Terni"}]}]}},"_links":{"self":[{"href":"https:\/\/www.exploring-umbria.com\/de\/wp-json\/wp\/v2\/pages\/2749"}],"collection":[{"href":"https:\/\/www.exploring-umbria.com\/de\/wp-json\/wp\/v2\/pages"}],"about":[{"href":"https:\/\/www.exploring-umbria.com\/de\/wp-json\/wp\/v2\/types\/page"}],"author":[{"embeddable":true,"href":"https:\/\/www.exploring-umbria.com\/de\/wp-json\/wp\/v2\/users\/4"}],"replies":[{"embeddable":true,"href":"https:\/\/www.exploring-umbria.com\/de\/wp-json\/wp\/v2\/comments?post=2749"}],"version-history":[{"count":6,"href":"https:\/\/www.exploring-umbria.com\/de\/wp-json\/wp\/v2\/pages\/2749\/revisions"}],"predecessor-version":[{"id":26567,"href":"https:\/\/www.exploring-umbria.com\/de\/wp-json\/wp\/v2\/pages\/2749\/revisions\/26567"}],"up":[{"embeddable":true,"href":"https:\/\/www.exploring-umbria.com\/de\/wp-json\/wp\/v2\/pages\/2752"}],"wp:featuredmedia":[{"embeddable":true,"href":"https:\/\/www.exploring-umbria.com\/de\/wp-json\/wp\/v2\/media\/6729"}],"wp:attachment":[{"href":"https:\/\/www.exploring-umbria.com\/de\/wp-json\/wp\/v2\/media?parent=2749"}],"curies":[{"name":"wp","href":"https:\/\/api.w.org\/{rel}","templated":true}]}}